{"id":1534,"date":"2024-12-23T05:51:36","date_gmt":"2024-12-23T05:51:36","guid":{"rendered":"https:\/\/fmp-components.com\/product\/china-supplier-two-way-hydraulic-piston-cylinder-welded-hydraulic-cylinder\/"},"modified":"2024-12-23T08:46:15","modified_gmt":"2024-12-23T08:46:15","slug":"italy-supplier-two-way-hydraulic-piston-cylinder-welded-hydraulic-cylinder","status":"publish","type":"product","link":"https:\/\/fmp-components.com\/lv\/product\/italy-supplier-two-way-hydraulic-piston-cylinder-welded-hydraulic-cylinder\/","title":{"rendered":"It\u0101lijas pieg\u0101d\u0101t\u0101ja divvirzienu hidraulisk\u0101 virzu\u013ccilindra metin\u0101tais hidrauliskais cilindrs"},"content":{"rendered":"<h2>It\u0101lijas pieg\u0101d\u0101t\u0101ja divvirzienu hidraulisk\u0101 virzu\u013ccilindra metin\u0101tais hidrauliskais cilindrs<\/h2>\n<p>It\u0101lijas pieg\u0101d\u0101t\u0101ja divvirzienu hidraulisk\u0101 virzu\u013ccilindra metin\u0101tais hidrauliskais cilindrs ir augstas kvalit\u0101tes hidrauliskais cilindrs, kas paredz\u0113ts lieljaudas lietojumiem. \u0160is hidrauliskais cilindrs ir \u012bpa\u0161i izstr\u0101d\u0101ts, lai iztur\u0113tu augstu spiedienu, augstu temperat\u016bru un skarbus vides apst\u0101k\u013cus.<\/p>\n<p>Virzu\u013ccilindrs ir izgatavots no augstas kvalit\u0101tes materi\u0101liem, kas nodro\u0161ina iztur\u012bbu un stipr\u012bbu. Cilindrs ir metin\u0101ts, izmantojot progres\u012bvas metodes, kas garant\u0113 precizit\u0101ti un uzticam\u012bbu. Pateicoties divvirzienu konstrukcijai, \u0161is hidrauliskais cilindrs nodro\u0161ina vienm\u0113r\u012bgu un past\u0101v\u012bgu kust\u012bbu abos virzienos.<\/p>\n<p>\u0160is hidrauliskais virzu\u013ccilindrs ir ide\u0101li piem\u0113rots izmanto\u0161anai b\u016bvniec\u012bb\u0101, ieguves r\u016bpniec\u012bb\u0101, lauksaimniec\u012bb\u0101 un cit\u0101s smag\u0101s nozar\u0113s. Tas ir \u012bpa\u0161i izstr\u0101d\u0101ts, lai iztur\u0113tu sare\u017e\u0123\u012btus apst\u0101k\u013cus, un ir rad\u012bts ilgam kalpo\u0161anas laikam.<\/p>\n<p><img decoding=\"async\" title=\"Sniega arkla hidrauliskais cilindrs\" src=\"https:\/\/hzpt.com\/wp-content\/uploads\/2023\/11\/Snow-Plow-Hydraulic-Cylinder-2.webp\" alt=\"Sniega arkla hidrauliskais cilindrs\" \/><\/p>\n<p>Rezum\u0113jot, It\u0101lijas pieg\u0101d\u0101t\u0101ja divvirzienu hidraulisk\u0101 virzu\u013ccilindra metin\u0101tais hidrauliskais cilindrs ir augst\u0101k\u0101s klases hidrauliskais cilindrs, kas pied\u0101v\u0101 izcilu veiktsp\u0113ju un uzticam\u012bbu. Neatkar\u012bgi no t\u0101, vai mekl\u0113jat hidraulisko cilindru sav\u0101m smag\u0101m ma\u0161\u012bn\u0101m vai iek\u0101rt\u0101m, \u0161is produkts ir lieliska izv\u0113le.<\/p>\n<h2>Par produktu<\/h2>\n<p>K\u0101 vado\u0161ais pieg\u0101d\u0101t\u0101js no It\u0101lijas, m\u0113s ar lepnumu iepaz\u012bstin\u0101m ar savu jauno, standarta divvirzienu hidraulisko virzu\u013ccilindru. \u0160is augstas kvalit\u0101tes metin\u0101tais hidrauliskais cilindrs ir izstr\u0101d\u0101ts, lai apmierin\u0101tu tehnikas remonta darbn\u012bcu, lauksaimniec\u012bbas, ener\u0123\u0113tikas un kalnr\u016bpniec\u012bbas uz\u0146\u0113mumu, ma\u0161\u012bnb\u016bves uz\u0146\u0113mumu un citu uz\u0146\u0113mumu vajadz\u012bbas. Ar svaru 6,4 kg tas ir gan viegls, gan iztur\u012bgs, nodro\u0161inot uzticamu veiktsp\u0113ju pat smag\u0101s slodzes apst\u0101k\u013cos.<\/p>\n<h3>Produkta funkcijas<\/h3>\n<ul>\n<li>\n<ul>\n<li><strong>Sp\u0113c\u012bga vilkme un vilce:<\/strong> M\u016bsu virzu\u013ccilindrs pied\u0101v\u0101 maksim\u0101lo vilces sp\u0113ku 3000 tonnu un maksim\u0101lo vilk\u0161anas sp\u0113ku 20 tonnu, garant\u0113jot izcilu veiktsp\u0113ju da\u017e\u0101dos pielietojumos.<\/li>\n<li><strong>Kvalitat\u012bvs materi\u0101ls:<\/strong> Cilindra korpuss ir izgatavots no t\u0113rauda, \u200b\u200bkas nodro\u0161ina ilgsto\u0161u iztur\u012bbu un iztur\u012bbu pret nodilumu.<\/li>\n<li><strong>Daudzpus\u012bgs:<\/strong> Speci\u0101li izstr\u0101d\u0101ts k\u0101 sniega arkla hidrauliskais cilindrs, tam ir G\/SAE\/NPT\/M piesl\u0113gvietas, kas padara to piem\u0113rotu pla\u0161am pielietojumu kl\u0101stam.<\/li>\n<li><strong>Garant\u0113ta kvalit\u0101te:<\/strong> Produktam ir 1 gada garantija, un tas ietver galven\u0101s sast\u0101vda\u013cas, piem\u0113ram, gult\u0146us un hidrauliskos cilindrus. Turkl\u0101t tas ir sertific\u0113ts saska\u0146\u0101 ar ISO9001:2000, kas nodro\u0161ina izcilu kvalit\u0101ti.<\/li>\n<\/ul>\n<\/li>\n<\/ul>\n<p><img decoding=\"async\" src=\"https:\/\/hzpt.com\/wp-content\/uploads\/2023\/11\/Snow-Plow-Hydraulic-Cylinder-4Factory.webp\" alt=\"R\u016bpn\u012bcas att\u0113ls\" title=\"\"><\/p>\n<h2>Regul\u0113jamu skavu tipa cilindru priek\u0161roc\u012bbas<\/h2>\n<p>Regul\u0113jami skavu tipa cilindri ir hidrauliskas ier\u012bces, ko izmanto da\u017e\u0101dos r\u016bpnieciskos pielietojumos. \u0160iem cilindriem ir vair\u0101kas priek\u0161roc\u012bbas sal\u012bdzin\u0101jum\u0101 ar cita veida hidrauliskajiem cilindriem, padarot tos par iecien\u012btu izv\u0113li daudz\u0101s nozar\u0113s. \u0160aj\u0101 rakst\u0101 m\u0113s apspried\u012bsim regul\u0113jamu skavu tipa cilindru priek\u0161roc\u012bbas un to, k\u0101p\u0113c tie ir noder\u012bgi da\u017e\u0101diem pielietojumiem.<\/p>\n<p>1. Uzlabota elast\u012bba:<br \/>\nRegul\u0113jami skavu tipa cilindri nodro\u0161ina uzlabotu elast\u012bbu g\u0101jiena garuma regul\u0113\u0161anas zi\u0146\u0101. Pateicoties regul\u0113jamajiem skavu stiprin\u0101jumiem, \u0161ie cilindri \u013cauj tos viegli piel\u0101got un piel\u0101got da\u017e\u0101d\u0101m uzst\u0101d\u012b\u0161anas pras\u012bb\u0101m. \u0160\u012b elast\u012bba padara tos piem\u0113rotus pla\u0161am pielietojumu kl\u0101stam, tostarp b\u016bvniec\u012bbas, materi\u0101lu apstr\u0101des un ra\u017eo\u0161anas nozar\u0113m.<\/p>\n<p>2. Prec\u012bza pozicion\u0113\u0161ana:<br \/>\nViena no regul\u0113jamu skavu tipa cilindru galvenaj\u0101m priek\u0161roc\u012bb\u0101m ir to sp\u0113ja nodro\u0161in\u0101t prec\u012bzu pozicion\u0113\u0161anu. Regul\u0113jamie skavu stiprin\u0101jumi \u013cauj prec\u012bzi noregul\u0113t cilindra g\u0101jiena garumu, \u013caujot prec\u012bzi kontrol\u0113t cilindra izstiep\u0161anas un ievilk\u0161anas kust\u012bbas. \u0160\u012b prec\u012bz\u0101 pozicion\u0113\u0161anas sp\u0113ja ir b\u016btiska lietojumos, kur precizit\u0101te un kontrole ir \u013coti svar\u012bga, piem\u0113ram, robotik\u0101 un automatiz\u0101cijas sist\u0113m\u0101s.<\/p>\n<p>3. Iztur\u012bba un stipr\u012bba:<br \/>\nRegul\u0113jami skavu tipa cilindri ir paredz\u0113ti, lai iztur\u0113tu lielas slodzes un skarbus ekspluat\u0101cijas apst\u0101k\u013cus. \u0160ie cilindri ir izgatavoti, izmantojot augstas kvalit\u0101tes materi\u0101lus, un tiem tiek veiktas stingras p\u0101rbaudes, lai nodro\u0161in\u0101tu iztur\u012bbu un stipr\u012bbu. Pateicoties to iztur\u012bgajai konstrukcijai, tie var iztur\u0113t augsta spiediena vidi un atk\u0101rtotu lieto\u0161anu, neapdraudot veiktsp\u0113ju, padarot tos ide\u0101li piem\u0113rotus pras\u012bgiem pielietojumiem t\u0101d\u0101s nozar\u0113s k\u0101 kalnr\u016bpniec\u012bba un lauksaimniec\u012bba.<\/p>\n<p>4. Efekt\u012bva ener\u0123ijas p\u0101rveido\u0161ana:<br \/>\nV\u0113l viena regul\u0113jamu skavu tipa cilindru priek\u0161roc\u012bba ir to efekt\u012bv\u0101 ener\u0123ijas p\u0101rveido\u0161ana. \u0160ie cilindri izmanto hidraulisko spiedienu, lai meh\u0101nisko ener\u0123iju p\u0101rveidotu line\u0101r\u0101 kust\u012bb\u0101. Izmantojot \u0161\u0137idrumu jaudu, cilindri var rad\u012bt iev\u0113rojamu sp\u0113ku ar relat\u012bvi nelielu ieejas jaudu. \u0160\u012b energoefekt\u012bv\u0101 darb\u012bba samazina ener\u0123ijas pat\u0113ri\u0146u un veicina kop\u0113jos ekspluat\u0101cijas izmaksu ietaup\u012bjumus.<\/p>\n<p>5. Vienk\u0101r\u0161a apkope:<br \/>\nRegul\u0113jami skavu tipa cilindri ir paredz\u0113ti vienk\u0101r\u0161ai apkopei un apkalpo\u0161anai. Tie bie\u017ei ir apr\u012bkoti ar t\u0101d\u0101m funkcij\u0101m k\u0101 no\u0146emamas skavu tapas un bl\u012bv\u0113jumu komplekti, kas atvieglo ikdienas apkopes darbu veik\u0161anu. Turkl\u0101t \u0161iem cilindriem ir ilg\u0101ks kalpo\u0161anas laiks sal\u012bdzin\u0101jum\u0101 ar citiem tipiem, samazinot nomai\u0146u bie\u017eumu un ar to saist\u012bto d\u012bkst\u0101ves laiku.<\/p>\n<p>Nosl\u0113gum\u0101 j\u0101secina, ka regul\u0113jamie skavu tipa cilindri pied\u0101v\u0101 vair\u0101kas priek\u0161roc\u012bbas, kas padara tos par uzticamu izv\u0113li da\u017e\u0101diem r\u016bpnieciskiem lietojumiem. To uzlabot\u0101 elast\u012bba, prec\u012bz\u0101 pozicion\u0113\u0161ana, iztur\u012bba un sp\u0113ks, efekt\u012bv\u0101 ener\u0123ijas p\u0101rveido\u0161ana un vienk\u0101r\u0161\u0101 apkope veicina uzlabotu veiktsp\u0113ju un rentabilit\u0101ti. Neatkar\u012bgi no t\u0101, vai tie ir b\u016bvniec\u012bbas, materi\u0101lu apstr\u0101des vai ra\u017eo\u0161anas nozar\u0113s, \u0161ie cilindri var nodro\u0161in\u0101t nepiecie\u0161amo jaudu un kontroli, lai apmierin\u0101tu \u012bpa\u0161as lietojumprogrammu pras\u012bbas. Apsveriet iesp\u0113ju izv\u0113l\u0113ties It\u0101lijas pieg\u0101d\u0101t\u0101ju regul\u0113jamiem skavu tipa cilindriem, piem\u0113ram, divvirzienu hidrauliskajam virzu\u013ccilindram vai metin\u0101tajam hidrauliskajam cilindram, lai nodro\u0161in\u0101tu augstas kvalit\u0101tes produktus un uzticamu veiktsp\u0113ju.<\/p>\n<h3>Par FMP<\/h3>\n<p>FMP specializ\u0113jas celtniec\u012bbas tehnikas deta\u013cu un pilnu iek\u0101rtu p\u0101rdo\u0161an\u0101 un apkalpo\u0161an\u0101. M\u016bsu produktu kl\u0101sts ir pla\u0161s, ietverot da\u017e\u0101da veida celtniec\u012bbas tehniku, piem\u0113ram, lauksaimniec\u012bbas tehnikas p\u0101rnesumk\u0101rbas, hidrauliskos cilindrus, planet\u0101r\u0101s p\u0101rnesumk\u0101rbas, r\u016bpniecisk\u0101s p\u0101rnesumk\u0101rbas, lauksaimniec\u012bbas tehnikas deta\u013cas un virkni augst\u0101k\u0101s klases piederumu, kas t\u0101m atbilst. Viens no m\u016bsu popul\u0101r\u0101kajiem produktiem ir hidrauliskais cilindrs.<\/p>\n<p>\u0160eit ir pieci iemesli, k\u0101p\u0113c FMP hidrauliskie cilindri ir lab\u0101k\u0101 izv\u0113le j\u016bsu tehnikai:<\/p>\n<p>1. Augstas kvalit\u0101tes materi\u0101li: M\u016bsu hidrauliskie cilindri ir izgatavoti no augstas kvalit\u0101tes materi\u0101liem, kas nodro\u0161ina to iztur\u012bbu un uzticam\u012bbu.<\/p>\n<p>2. Piel\u0101gojams dizains: M\u0113s pied\u0101v\u0101jam regul\u0113jamus skavu tipa cilindrus, kurus var viegli piel\u0101got j\u016bsu \u012bpa\u0161aj\u0101m vajadz\u012bb\u0101m un pras\u012bb\u0101m.<\/p>\n<p>3. Profesion\u0101la komanda: m\u016bsu pieredz\u0113ju\u0161\u0101 un prasm\u012bg\u0101 p\u0101rdo\u0161anas komanda p\u0101rzina celtniec\u012bbas tehnikas nozari un var sniegt profesion\u0101las produktu konsult\u0101cijas un p\u0101rdom\u0101tus pirk\u0161anas ieteikumus.<\/p>\n<p>4. Stingri kvalit\u0101tes standarti: Izveidojot ilgtermi\u0146a un stabilas sadarb\u012bbas attiec\u012bbas ar daudziem augstas kvalit\u0101tes pieg\u0101d\u0101t\u0101jiem gan m\u0101j\u0101s, gan \u0101rzem\u0113s, m\u0113s nodro\u0161in\u0101m, ka visas pieg\u0101d\u0101t\u0101s deta\u013cas atbilst stingriem kvalit\u0101tes standartiem.<\/p>\n<p>5. Efekt\u012bva lo\u0123istikas izplat\u012b\u0161anas sist\u0113ma: Mums ir efekt\u012bva lo\u0123istikas izplat\u012b\u0161anas sist\u0113ma, lai nodro\u0161in\u0101tu, ka klienti savlaic\u012bgi un prec\u012bzi sa\u0146em nepiecie\u0161am\u0101s deta\u013cas.<\/p>\n<p>M\u016bsu hidrauliskie cilindri ir lieliski piem\u0113roti da\u017e\u0101diem pielietojumiem, tostarp lauksaimniec\u012bbas tehnikai, celtniec\u012bbas tehnikai un r\u016bpniec\u012bbas tehnikai. Izv\u0113loties FMP, j\u016bs varat pa\u013cauties, ka sa\u0146emat vislab\u0101k\u0101s kvalit\u0101tes produktus un pakalpojumus, ko nodro\u0161ina daudzu gadu pieredze nozar\u0113 un profesion\u0101la komanda. P\u0101rliecinieties pa\u0161i, k\u0101p\u0113c FMP ir lab\u0101k\u0101 izv\u0113le celtniec\u012bbas tehnikas deta\u013cu un piln\u012bgu ma\u0161\u012bnu risin\u0101jumu ieg\u0101dei.<\/p>\n<p><img decoding=\"async\" src=\"https:\/\/fmp-components.com\/wp-content\/uploads\/2024\/12\/Adjustable-Clevis-Type-Cylinders-6.webp\" alt=\"Regul\u0113jams skavu tipa cilindrs\" width=\"845\" title=\"\"><\/p>\n<h2>Bie\u017ei uzdotie jaut\u0101jumi<\/h2>\n<ol>\n<li><strong>J: Vai j\u016bs esat tirdzniec\u012bbas uz\u0146\u0113mums vai ra\u017eot\u0101js?<\/strong><br \/>\nA: M\u0113s esam ra\u017eot\u0101js.<\/li>\n<li><strong>J: Cik ilgs ir j\u016bsu pieg\u0101des laiks?<\/strong><br \/>\nA: Parasti tas aiz\u0146em 25\u201335 dienas.<\/li>\n<li><strong>J: Vai j\u016bs sniedzat paraugus? Vai tas ir bez maksas vai papildus?<\/strong><br \/>\nA: J\u0101, m\u0113s pied\u0101v\u0101jam paraugus, ta\u010du tie nav bez maksas.<\/li>\n<\/ol>\n<p>Autors: CX<\/p>","protected":false},"excerpt":{"rendered":"<p>Italy Supplier Two Way Hydraulic Piston Cylinder Welded Hydraulic Cylinder Italy Supplier Two Way Hydraulic Piston Cylinder Welded Hydraulic Cylinder is a high-quality hydraulic cylinder designed for heavy-duty applications. This hydraulic cylinder is specifically designed to withstand high pressure, high temperature, and harsh environmental conditions. The piston cylinder is made of high-quality materials that ensure [&hellip;]<\/p>","protected":false},"featured_media":1535,"comment_status":"closed","ping_status":"closed","template":"","meta":{"_et_pb_use_builder":"","_et_pb_old_content":"","_et_gb_content_width":""},"product_brand":[],"product_cat":[42],"product_tag":[34,44],"class_list":{"0":"post-1534","1":"product","2":"type-product","3":"status-publish","4":"has-post-thumbnail","6":"product_cat-snow-plow-hydraulic-cylinder","7":"product_tag-hydraulic-cylinder","8":"product_tag-snow-plow-hydraulic-cylinder","10":"first","11":"instock","12":"product-type-simple"},"_links":{"self":[{"href":"https:\/\/fmp-components.com\/lv\/wp-json\/wp\/v2\/product\/1534","targetHints":{"allow":["GET"]}}],"collection":[{"href":"https:\/\/fmp-components.com\/lv\/wp-json\/wp\/v2\/product"}],"about":[{"href":"https:\/\/fmp-components.com\/lv\/wp-json\/wp\/v2\/types\/product"}],"replies":[{"embeddable":true,"href":"https:\/\/fmp-components.com\/lv\/wp-json\/wp\/v2\/comments?post=1534"}],"wp:featuredmedia":[{"embeddable":true,"href":"https:\/\/fmp-components.com\/lv\/wp-json\/wp\/v2\/media\/1535"}],"wp:attachment":[{"href":"https:\/\/fmp-components.com\/lv\/wp-json\/wp\/v2\/media?parent=1534"}],"wp:term":[{"taxonomy":"product_brand","embeddable":true,"href":"https:\/\/fmp-components.com\/lv\/wp-json\/wp\/v2\/product_brand?post=1534"},{"taxonomy":"product_cat","embeddable":true,"href":"https:\/\/fmp-components.com\/lv\/wp-json\/wp\/v2\/product_cat?post=1534"},{"taxonomy":"product_tag","embeddable":true,"href":"https:\/\/fmp-components.com\/lv\/wp-json\/wp\/v2\/product_tag?post=1534"}],"curies":[{"name":"wp","href":"https:\/\/api.w.org\/{rel}","templated":true}]}}