{"id":1532,"date":"2024-12-23T05:51:36","date_gmt":"2024-12-23T05:51:36","guid":{"rendered":"https:\/\/fmp-components.com\/product\/customized-two-way-double-effect-hydraulic-piston-cylinder\/"},"modified":"2024-12-23T06:02:52","modified_gmt":"2024-12-23T06:02:52","slug":"customized-two-way-double-effect-hydraulic-piston-cylinder","status":"publish","type":"product","link":"https:\/\/fmp-components.com\/lv\/product\/customized-two-way-double-effect-hydraulic-piston-cylinder\/","title":{"rendered":"Piel\u0101gots divvirzienu dubult\u0101 efekta hidrauliskais virzu\u013ccilindrs"},"content":{"rendered":"<p>Piel\u0101gots divvirzienu dubult\u0101 efekta hidrauliskais virzu\u013ccilindrsPiel\u0101gots divvirzienu dubult\u0101 efekta hidrauliskais virzu\u013ccilindrs ir augstas kvalit\u0101tes produkts, kas paredz\u0113ts da\u017e\u0101du r\u016bpniecisko pielietojumu pras\u012bb\u0101m. Pateicoties progres\u012bvajai hidrauliskajai tehnolo\u0123ijai, \u0161is virzu\u013ccilindrs pied\u0101v\u0101 izcilu veiktsp\u0113ju un uzticam\u012bbu.<\/p>\n<p>\u0160im hidrauliskajam virzu\u013ccilindram ir divvirzienu, dubultas iedarb\u012bbas konstrukcija, kas nodro\u0161ina efekt\u012bvu un prec\u012bzu hidraulisko sist\u0113mu vad\u012bbu. Tas \u013cauj gan izstiept, gan ievilkt virzuli, nodro\u0161inot vienm\u0113r\u012bgu un prec\u012bzu kust\u012bbu.<\/p>\n<p>Cilindrs ir izgatavots no iztur\u012bgiem materi\u0101liem, kas nodro\u0161ina ilgm\u016b\u017e\u012bbu un iztur\u012bbu pret nodilumu. Tas ir paredz\u0113ts, lai iztur\u0113tu augstu spiedienu un lielas slodzes, padarot to piem\u0113rotu pras\u012bg\u0101m r\u016bpniecisk\u0101m vid\u0113m.<\/p>\n<p><img loading=\"lazy\" decoding=\"async\" class=\"\" title=\"Sniega arkla hidrauliskais cilindrs\" src=\"https:\/\/hzpt.com\/wp-content\/uploads\/2023\/11\/Snow-Plow-Hydraulic-Cylinder-3.webp\" alt=\"Sniega arkla hidrauliskais cilindrs\" width=\"922\" height=\"922\" \/><\/p>\n<p>Piel\u0101gotais divvirzienu dubult\u0101 efekta hidrauliskais virzu\u013ccilindrs ir \u013coti piel\u0101gojams \u012bpa\u0161\u0101m pras\u012bb\u0101m. To var piel\u0101got da\u017e\u0101diem g\u0101jiena garumiem, urbuma izm\u0113riem un mont\u0101\u017eas iesp\u0113j\u0101m. \u0160\u012b daudzpus\u012bba \u013cauj to neman\u0101mi integr\u0113t eso\u0161aj\u0101s hidrauliskaj\u0101s sist\u0113m\u0101s vai izveidot jaunas sist\u0113mas.<\/p>\n<p>Papildus izcilajai veiktsp\u0113jai \u0161is virzu\u013ccilindrs ir izstr\u0101d\u0101ts, dom\u0101jot par dro\u0161\u012bbu. Tas ietver t\u0101das funkcijas k\u0101 bl\u012bves un buferi, lai nov\u0113rstu nopl\u016bdes un samazin\u0101tu vibr\u0101cijas, nodro\u0161inot dro\u0161u un stabilu darb\u012bbu.<\/p>\n<p>Kopum\u0101 piel\u0101gotais divvirzienu dubult\u0101 efekta hidrauliskais virzu\u013ccilindrs ir uzticams un efekt\u012bvs risin\u0101jums da\u017e\u0101diem r\u016bpnieciskiem lietojumiem. T\u0101 piel\u0101gojam\u012bba, izcil\u0101 veiktsp\u0113ja un dro\u0161\u012bbas funkcijas padara to par ide\u0101lu izv\u0113li uz\u0146\u0113mumiem, kas v\u0113las uzlabot savas hidraulisk\u0101s sist\u0113mas.<\/p>\n<div>\n<p>Uzlabojiet savu tehniku \u200b\u200bar divvirzienu dubult\u0101s iedarb\u012bbas hidraulisko virzu\u013ccilindru, lai nodro\u0161in\u0101tu maksim\u0101lu piel\u0101go\u0161anas iesp\u0113jas un efektivit\u0101ti. \u0160is hidrauliskais virzu\u013ccilindrs, kas izgatavots ar precizit\u0101ti un pieredzi, garant\u0113 augst\u0101k\u0101 l\u012bme\u0146a veiktsp\u0113ju un uzticam\u012bbu.<\/p>\n<p><img decoding=\"async\" title=\"Sniega arkla hidrauliskais cilindrs\" src=\"https:\/\/hzpt.com\/wp-content\/uploads\/2023\/11\/Snow-Plow-Hydraulic-Cylinder-2.webp\" alt=\"Sniega arkla hidrauliskais cilindrs\" \/><\/p>\n<h2>Produkta funkcijas<\/h2>\n<table style=\"width: 100%;\" border=\"1\" width=\"100%\" cellspacing=\"0\" cellpadding=\"0\">\n<tbody>\n<tr>\n<th>Produkta nosaukums<\/th>\n<td>Sniega arkla hidrauliskais cilindrs<\/td>\n<\/tr>\n<tr>\n<th>St\u0101voklis<\/th>\n<td>Jauns<\/td>\n<\/tr>\n<tr>\n<th>Garantija<\/th>\n<td>1 gads<\/td>\n<\/tr>\n<tr>\n<th>Piem\u0113rojam\u0101s nozares<\/th>\n<td>Ma\u0161\u012bnu remonta darbn\u012bcas, Lauksaimniec\u012bbas saimniec\u012bbas, Ener\u0123\u0113tika un ieguves r\u016bpniec\u012bba, Ma\u0161\u012bnu ra\u017eo\u0161ana, Ma\u0161\u012bnu r\u016bpn\u012bca<\/td>\n<\/tr>\n<tr>\n<th>Svars (kg)<\/th>\n<td>6.4<\/td>\n<\/tr>\n<tr>\n<th>M\u0101rketinga veids<\/th>\n<td>Jauns produkts 2023. gad\u0101<\/td>\n<\/tr>\n<tr>\n<th>Galven\u0101s sast\u0101vda\u013cas<\/th>\n<td>Gultnis, hidrauliskais cilindrs<\/td>\n<\/tr>\n<tr>\n<th>Strukt\u016bra<\/th>\n<td>Virzu\u013ca cilindrs<\/td>\n<\/tr>\n<tr>\n<th>Baro\u0161anas avots<\/th>\n<td>Hidraulisk\u0101<\/td>\n<\/tr>\n<\/tbody>\n<\/table>\n<h2>Apkope un kop\u0161ana<\/h2>\n<p>Ar viena gada garantiju un gult\u0146u un hidraulisko cilindru galveno komponentu, \u0161is hidrauliskais virzu\u013ccilindrs ir paredz\u0113ts ilgam kalpo\u0161anas laikam. T\u0101 t\u0113rauda korpuss palielina t\u0101 iztur\u012bbu, \u013caujot tam iztur\u0113t pat vissmag\u0101kos apst\u0101k\u013cus. Ar maksim\u0101lo vilces sp\u0113ku 3000 un maksim\u0101lo vilk\u0161anas sp\u0113ku 20 tonnas tas ir efektivit\u0101tes sp\u0113kstacija.<\/p>\n<h2>Pieteikumi<\/h2>\n<p>Ar savu kompakto izm\u0113ru un vieglo svaru (6,4 kg) \u0161is hidrauliskais virzu\u013ccilindrs ir piem\u0113rots izmanto\u0161anai tehnikas remonta darbn\u012bc\u0101s, lauksaimniec\u012bbas uz\u0146\u0113mumos, ener\u0123\u0113tikas un kalnr\u016bpniec\u012bbas nozar\u0113s, tehnikas ra\u017eo\u0161an\u0101 un ma\u0161\u012bnb\u016bves r\u016bpn\u012bc\u0101s. T\u0101 daudzpus\u012bba pielietojumos padara to par ide\u0101lu izv\u0113li da\u017e\u0101d\u0101m tehnikas konfigur\u0101cij\u0101m.<\/p>\n<p><img decoding=\"async\" src=\"https:\/\/hzpt.com\/wp-content\/uploads\/2023\/11\/Snow-Plow-Hydraulic-Cylinder-4Factory.webp\" alt=\"R\u016bpn\u012bcas att\u0113ls\" title=\"\"><\/p>\n<\/div>\n<h2>Regul\u0113jamu skavu tipa cilindru priek\u0161roc\u012bbas<\/h2>\n<ul>\n<li style=\"list-style-type: none;\">\n<ul>\n<li>Paaugstin\u0101ta daudzpus\u012bba<\/li>\n<\/ul>\n<\/li>\n<\/ul>\n<p>Regul\u0113jamais skavu tipa cilindrs pied\u0101v\u0101 pla\u0161u pielietojuma elast\u012bbu, jo to var piel\u0101got konkr\u0113tiem lieto\u0161anas gad\u012bjumiem. Tas jo \u012bpa\u0161i attiecas uz piel\u0101goto divvirzienu divk\u0101r\u0161\u0101 efekta hidraulisko virzu\u013ccilindru. Iesp\u0113ja piel\u0101got stiprin\u0101juma punktus atvieglo uzst\u0101d\u012b\u0161anu un lieto\u0161anu da\u017e\u0101dos pielietojumos.<\/p>\n<ul>\n<li style=\"list-style-type: none;\">\n<ul>\n<li>Uzlabota efektivit\u0101te<\/li>\n<\/ul>\n<\/li>\n<\/ul>\n<p>Regul\u0113jamu skavu tipa cilindru izmanto\u0161ana nodro\u0161ina, ka cilindrs ir optimiz\u0113ts paredz\u0113tajam lieto\u0161anas gad\u012bjumam. Tas noz\u012bm\u0113, ka cilindrs netiek p\u0101rslogots vai nepietiekami izmantots, t\u0101d\u0113j\u0101di uzlabojot efektivit\u0101ti. Tas ir \u012bpa\u0161i svar\u012bgi piel\u0101gotajam divvirzienu dubult\u0101 efekta hidrauliskajam virzu\u013ccilindram, jo \u200b\u200bto var optimiz\u0113t divvirzienu lieto\u0161anai, t\u0101d\u0113j\u0101di nodro\u0161inot lab\u0101ku slodzes kontroli.<\/p>\n<ul>\n<li style=\"list-style-type: none;\">\n<ul>\n<li>Pastiprin\u0101ta dro\u0161\u012bba<\/li>\n<\/ul>\n<\/li>\n<\/ul>\n<p>Regul\u0113jamie skavu tipa cilindri ir konstru\u0113ti t\u0101, lai tos b\u016btu viegli regul\u0113t, kas iev\u0113rojami samazina negad\u012bjumu iesp\u0113jam\u012bbu. Tas ir \u012bpa\u0161i svar\u012bgi piel\u0101gotajam divvirzienu divk\u0101r\u0161\u0101 efekta hidrauliskajam virzu\u013ccilindram, ko var optimiz\u0113t dro\u0161\u012bbai divvirzienu lietojumos. Turkl\u0101t augstas kvalit\u0101tes materi\u0101lu izmanto\u0161ana nodro\u0161ina \u0161o cilindru uzticam\u012bbu un dro\u0161\u012bbu lieto\u0161an\u0101.<\/p>\n<ul>\n<li style=\"list-style-type: none;\">\n<ul>\n<li>Paaugstin\u0101ta iztur\u012bba<\/li>\n<\/ul>\n<\/li>\n<\/ul>\n<p>Regul\u0113jamie skavu tipa cilindri ir rad\u012bti ilgam kalpo\u0161anas laikam. Tie ir izgatavoti no augstas kvalit\u0101tes materi\u0101liem, kas var iztur\u0113t intens\u012bvas lieto\u0161anas slodzi. Tas jo \u012bpa\u0161i attiecas uz piel\u0101goto divvirzienu divk\u0101r\u0161\u0101 efekta hidraulisko virzu\u013ccilindru, kas ir paredz\u0113ts divvirzienu pielietojumu spiedienam. Tas nodro\u0161ina, ka cilindrs kalpos ilg\u0101k un b\u016bs ret\u0101k j\u0101maina, laika gait\u0101 ietaupot izmaksas.<\/p>\n<ul>\n<li style=\"list-style-type: none;\">\n<ul>\n<li>Uzlabota veiktsp\u0113ja<\/li>\n<\/ul>\n<\/li>\n<\/ul>\n<p>Regul\u0113jamie skavu tipa cilindri ir izstr\u0101d\u0101ti, lai optimiz\u0113tu veiktsp\u0113ju. Sp\u0113ja regul\u0113t stiprin\u0101juma punktus \u013cauj lab\u0101k kontrol\u0113t slodzi, t\u0101d\u0113j\u0101di uzlabojot veiktsp\u0113ju. Tas ir \u012bpa\u0161i svar\u012bgi piel\u0101gotajam divvirzienu divk\u0101r\u0161\u0101 efekta hidrauliskajam virzu\u013ccilindram, ko var optimiz\u0113t, lai uzlabotu veiktsp\u0113ju divvirzienu lietojumos. Turkl\u0101t augstas kvalit\u0101tes materi\u0101lu izmanto\u0161ana nodro\u0161ina, ka \u0161ie cilindri darbosies vislab\u0101kaj\u0101 veid\u0101 ilg\u0101ku laiku.<\/p>\n<p>Nosl\u0113gum\u0101 j\u0101secina, ka regul\u0113jamu skavu tipa cilindru, \u012bpa\u0161i piel\u0101got\u0101 divvirzienu dubult\u0101 efekta hidraulisk\u0101 virzu\u013ccilindra, izmanto\u0161ana sniedz pla\u0161u priek\u0161roc\u012bbu kl\u0101stu. \u0160ie cilindri ir daudzpus\u012bgi, efekt\u012bvi, dro\u0161i, iztur\u012bgi un pied\u0101v\u0101 uzlabotu veiktsp\u0113ju. Pateicoties sp\u0113jai piel\u0101got tos konkr\u0113tiem lieto\u0161anas gad\u012bjumiem, \u0161ie cilindri ir lieliska izv\u0113le jebkuram lielas slodzes pielietojumam.<\/p>\n<h3>Par FMP \u2013 j\u016bsu profesion\u0101lo hidraulisko cilindru pieg\u0101d\u0101t\u0101ju<\/h3>\n<p>Uz\u0146\u0113mum\u0101 FMP m\u0113s specializ\u0113jamies celtniec\u012bbas tehnikas deta\u013cu un pilnu iek\u0101rtu p\u0101rdo\u0161an\u0101 un apkalpo\u0161an\u0101, un m\u0113s lepojamies ar to, ka esam vado\u0161ais augstas kvalit\u0101tes un uzticamu hidraulisko cilindru pieg\u0101d\u0101t\u0101js. \u0160eit ir tikai da\u017ei iemesli, k\u0101p\u0113c m\u0113s uzskat\u0101m, ka m\u016bsu hidrauliskie cilindri ir lab\u0101kie tirg\u016b:<\/p>\n<p>1. Prec\u012bza in\u017eenierija \u2013 M\u016bsu hidrauliskie cilindri ir izstr\u0101d\u0101ti, izmantojot prec\u012bzu in\u017eenieriju, nodro\u0161inot to iztur\u012bbu un uzticam\u012bbu pat vissmag\u0101kajos apst\u0101k\u013cos.<\/p>\n<p>2. Pla\u0161s pielietojumu kl\u0101sts \u2013 m\u016bsu hidrauliskos cilindrus var izmantot pla\u0161\u0101 pielietojumu kl\u0101st\u0101, tostarp lauksaimniec\u012bbas ma\u0161\u012bn\u0101s, r\u016bpniec\u012bbas iek\u0101rt\u0101s un celtniec\u012bbas ma\u0161\u012bn\u0101s.<\/p>\n<p>3. Piel\u0101gots dizains \u2014 m\u0113s varam piel\u0101got m\u016bsu hidraulisko cilindru dizainu, lai apmierin\u0101tu m\u016bsu klientu \u012bpa\u0161\u0101s vajadz\u012bbas, nodro\u0161inot, ka vi\u0146i no m\u016bsu produktiem ieg\u016bst vislab\u0101ko iesp\u0113jamo veiktsp\u0113ju.<\/p>\n<p>4. Augstas kvalit\u0101tes materi\u0101li \u2013 M\u016bsu hidraulisko cilindru ra\u017eo\u0161an\u0101 m\u0113s izmantojam tikai augst\u0101k\u0101s kvalit\u0101tes materi\u0101lus, nodro\u0161inot, ka tie laika gait\u0101 iztur\u0113s nodilumu.<\/p>\n<p>5. Lielisks klientu atbalsts \u2014 FMP m\u0113s lepojamies ar to, ka visiem m\u016bsu klientiem sniedzam izcilu klientu atbalstu. S\u0101kot ar produktu konsult\u0101cij\u0101m un beidzot ar gudriem pirk\u0161anas ieteikumiem, m\u016bsu pieredz\u0113ju\u0161\u0101 p\u0101rdo\u0161anas komanda vienm\u0113r ir gatava pal\u012bdz\u0113t.<\/p>\n<p>T\u0101tad, ja mekl\u0113jat uzticamu un iztur\u012bgu hidraulisko cilindru pieg\u0101d\u0101t\u0101ju, FMP ir \u012bst\u0101 izv\u0113le. Sazinieties ar mums jau \u0161odien, lai uzzin\u0101tu vair\u0101k par m\u016bsu produktiem un pakalpojumiem, k\u0101 ar\u012b to, k\u0101 m\u0113s varam pal\u012bdz\u0113t jums apmierin\u0101t j\u016bsu celtniec\u012bbas tehnikas vajadz\u012bbas!<\/p>\n<p><img decoding=\"async\" src=\"https:\/\/fmp-components.com\/wp-content\/uploads\/2024\/12\/Adjustable-Clevis-Type-Cylinders-6.webp\" alt=\"Regul\u0113jams skavu tipa cilindrs\" width=\"844\" title=\"\"><\/p>\n<h2>Bie\u017ei uzdotie jaut\u0101jumi<\/h2>\n<ol>\n<li><strong>J: Vai j\u016bs esat tirdzniec\u012bbas uz\u0146\u0113mums vai ra\u017eot\u0101js?<\/strong>A: M\u0113s esam r\u016bpn\u012bca.<\/li>\n<li><strong>J: Cik ilgs ir j\u016bsu pieg\u0101des laiks?<\/strong>A: Parasti tas aiz\u0146em 25\u201335 dienas.<\/li>\n<li><strong>J: Vai j\u016bs sniedzat paraugus? Vai tas ir bez maksas vai papildus?<\/strong>A: J\u0101, m\u0113s var\u0113tu pied\u0101v\u0101t paraugu, bet tas nav bez maksas.<\/li>\n<\/ol>\n<p>Autors: CX<\/p>","protected":false},"excerpt":{"rendered":"<p>Piel\u0101gots divvirzienu dubult\u0101 efekta hidrauliskais virzu\u013ccilindrsPiel\u0101gots divvirzienu dubult\u0101 efekta hidrauliskais virzu\u013ccilindrs ir augstas kvalit\u0101tes produkts, kas paredz\u0113ts da\u017e\u0101du r\u016bpniecisko pielietojumu pras\u012bb\u0101m. Pateicoties progres\u012bvajai hidrauliskajai tehnolo\u0123ijai, \u0161is virzu\u013ccilindrs pied\u0101v\u0101 izcilu veiktsp\u0113ju un uzticam\u012bbu. Pateicoties divvirzienu, dubult\u0101 efekta konstrukcijai, \u0161is hidrauliskais virzu\u013ccilindrs \u013cauj efekt\u012bvi un [\u2026]<\/p>","protected":false},"featured_media":1533,"comment_status":"closed","ping_status":"closed","template":"","meta":{"_et_pb_use_builder":"","_et_pb_old_content":"","_et_gb_content_width":""},"product_brand":[],"product_cat":[42],"product_tag":[34,44],"class_list":{"0":"post-1532","1":"product","2":"type-product","3":"status-publish","4":"has-post-thumbnail","6":"product_cat-snow-plow-hydraulic-cylinder","7":"product_tag-hydraulic-cylinder","8":"product_tag-snow-plow-hydraulic-cylinder","10":"first","11":"instock","12":"product-type-simple"},"_links":{"self":[{"href":"https:\/\/fmp-components.com\/lv\/wp-json\/wp\/v2\/product\/1532","targetHints":{"allow":["GET"]}}],"collection":[{"href":"https:\/\/fmp-components.com\/lv\/wp-json\/wp\/v2\/product"}],"about":[{"href":"https:\/\/fmp-components.com\/lv\/wp-json\/wp\/v2\/types\/product"}],"replies":[{"embeddable":true,"href":"https:\/\/fmp-components.com\/lv\/wp-json\/wp\/v2\/comments?post=1532"}],"wp:featuredmedia":[{"embeddable":true,"href":"https:\/\/fmp-components.com\/lv\/wp-json\/wp\/v2\/media\/1533"}],"wp:attachment":[{"href":"https:\/\/fmp-components.com\/lv\/wp-json\/wp\/v2\/media?parent=1532"}],"wp:term":[{"taxonomy":"product_brand","embeddable":true,"href":"https:\/\/fmp-components.com\/lv\/wp-json\/wp\/v2\/product_brand?post=1532"},{"taxonomy":"product_cat","embeddable":true,"href":"https:\/\/fmp-components.com\/lv\/wp-json\/wp\/v2\/product_cat?post=1532"},{"taxonomy":"product_tag","embeddable":true,"href":"https:\/\/fmp-components.com\/lv\/wp-json\/wp\/v2\/product_tag?post=1532"}],"curies":[{"name":"wp","href":"https:\/\/api.w.org\/{rel}","templated":true}]}}