{"id":1528,"date":"2024-12-23T05:51:36","date_gmt":"2024-12-23T05:51:36","guid":{"rendered":"https:\/\/fmp-components.com\/product\/hot-sale-stainless-steel-double-acting-hydraulic-cylinder-for-snow-plow\/"},"modified":"2024-12-23T06:00:40","modified_gmt":"2024-12-23T06:00:40","slug":"hot-sale-stainless-steel-double-acting-hydraulic-cylinder-for-snow-plow","status":"publish","type":"product","link":"https:\/\/fmp-components.com\/lv\/product\/hot-sale-stainless-steel-double-acting-hydraulic-cylinder-for-snow-plow\/","title":{"rendered":"Karst\u0101 p\u0101rdo\u0161ana ner\u016bs\u0113jo\u0161\u0101 t\u0113rauda divk\u0101r\u0161as darb\u012bbas hidrauliskais cilindrs sniega arklam"},"content":{"rendered":"<h2>Karst\u0101 p\u0101rdo\u0161ana ner\u016bs\u0113jo\u0161\u0101 t\u0113rauda divk\u0101r\u0161as darb\u012bbas hidrauliskais cilindrs sniega arklam<\/h2>\n<p>Karst\u0101s p\u0101rdo\u0161anas ner\u016bs\u0113jo\u0161\u0101 t\u0113rauda divk\u0101r\u0161\u0101s darb\u012bbas hidrauliskais cilindrs sniega arklam ir augstas kvalit\u0101tes produkts, kas izstr\u0101d\u0101ts, lai nodro\u0161in\u0101tu efekt\u012bvu ar\u0161anu visskarb\u0101kajos ziemas apst\u0101k\u013cos. Izgatavots no iztur\u012bga ner\u016bs\u0113jo\u0161\u0101 t\u0113rauda, \u200b\u200b\u0161is hidrauliskais cilindrs ir paredz\u0113ts iztur\u0113t ekstrem\u0101las temperat\u016bras un koroziju.<\/p>\n<p>Divk\u0101r\u0161\u0101s darb\u012bbas funkcija nodro\u0161ina vienm\u0113r\u012bgu un efekt\u012bvu kust\u012bbu abos virzienos, atvieglojot arkla asmens regul\u0113\u0161anu v\u0113lamaj\u0101 le\u0146\u0137\u012b. Turkl\u0101t hidraulisk\u0101 cilindra kompaktais dizains \u013cauj to viegli uzst\u0101d\u012bt uz da\u017e\u0101diem sniega arkliem.<\/p>\n<p>Ar savu izcilo veiktsp\u0113ju un iztur\u012bbu, karst\u0101 p\u0101rdo\u0161anas ner\u016bs\u0113jo\u0161\u0101 t\u0113rauda divk\u0101r\u0161\u0101s darb\u012bbas hidrauliskais cilindrs sniega arklam ir ide\u0101ls papildin\u0101jums jebkurai sniega ar\u0161anas iek\u0101rtai. Ne\u013caujiet ziemas laikapst\u0101k\u013ciem j\u016bs pal\u0113nin\u0101t \u2013 ieguldiet \u0161aj\u0101 uzticamaj\u0101 un efekt\u012bvaj\u0101 hidrauliskaj\u0101 cilindr\u0101 jau \u0161odien. Ner\u016bs\u0113jo\u0161\u0101 t\u0113rauda divk\u0101r\u0161\u0101s darb\u012bbas hidrauliskais cilindrs, kas paredz\u0113ts lieljaudas lietojumiem, pied\u0101v\u0101 izcilu veiktsp\u0113ju un iztur\u012bbu sniega arkla darbiem. Ar jaunu st\u0101vokli un 1 gada garantiju \u0161is hidrauliskais cilindrs sola uzticam\u012bbu un sirdsmieru lietot\u0101jam.<img decoding=\"async\" title=\"Sniega arkla hidrauliskais cilindrs\" src=\"https:\/\/hzpt.com\/wp-content\/uploads\/2023\/11\/Snow-Plow-Hydraulic-Cylinder-2.webp\" alt=\"Sniega arkla hidrauliskais cilindrs\" \/><\/p>\n<h2>Produkta funkcijas<\/h2>\n<h3>Izcila kvalit\u0101te un dizains<\/h3>\n<p>Hidrauliskais cilindrs ir izgatavots no iztur\u012bga t\u0113rauda korpusa, un tam ir standarta konstrukcija ar virzu\u013ccilindru. Tas darbojas ar hidraulisko sp\u0113ku un sp\u0113j sasniegt maksim\u0101lo vilces sp\u0113ku 3000 tonnu un maksim\u0101lo vilk\u0161anas sp\u0113ku 20 tonnas. Cilindrs ir eleganti meln\u0101 kr\u0101s\u0101 un tam ir G\/SAE\/NPT\/M piesl\u0113gvietas.<\/p>\n<h3>Izm\u0113ri<\/h3>\n<p>Hidraulisk\u0101 cilindra urbuma izm\u0113rs ir no 2 l\u012bdz 6 coll\u0101m, stie\u0146a izm\u0113rs ir no 1,125 l\u012bdz 4 coll\u0101m, g\u0101jiena garums ir no 4 l\u012bdz 100 coll\u0101m un tapas izm\u0113rs ir no 0,5 l\u012bdz 2 coll\u0101m. \u0160\u012b izm\u0113ru da\u017e\u0101d\u012bba nodro\u0161ina to izmanto\u0161anu pla\u0161\u0101 ma\u0161\u012bnu un darb\u012bbu kl\u0101st\u0101.<\/p>\n<h3>Kvalit\u0101tes nodro\u0161in\u0101\u0161ana<\/h3>\n<p>Sertific\u0113ts ar ISO9001:2000, hidrauliskais cilindrs garant\u0113 augst\u0101k\u0101s klases kvalit\u0101ti un veiktsp\u0113ju. Katra iek\u0101rta tiek pak\u013cauta video izejas p\u0101rbaudei un tai tiek pievienots tehnikas testa zi\u0146ojums. Galvenaj\u0101m sast\u0101vda\u013c\u0101m, gultnim un hidrauliskajam cilindram ir 1 gada garantija.<\/p>\n<h3>Pieteikumi<\/h3>\n<p>Hidrauliskais cilindrs ir ide\u0101li piem\u0113rots da\u017e\u0101d\u0101m nozar\u0113m, tostarp ma\u0161\u012bnb\u016bves remonta darbn\u012bc\u0101m, lauksaimniec\u012bbas zem\u0113m, ener\u0123\u0113tikas un ieguves r\u016bpniec\u012bbai, ma\u0161\u012bnb\u016bves ra\u017eo\u0161anai un ma\u0161\u012bnb\u016bves r\u016bpn\u012bc\u0101m.<\/p>\n<h2>Regul\u0113jamu skavu tipa cilindru priek\u0161roc\u012bbas<\/h2>\n<p>Regul\u0113jami skavu tipa cilindri ir hidraulisko cilindru veids, kas sp\u0113j rad\u012bt line\u0101ru kust\u012bbu, izmantojot hidraulisko spiedienu. Tiem ir vair\u0101kas priek\u0161roc\u012bbas, kas padara tos par lielisku izv\u0113li daudziem pielietojumiem. \u0160eit ir da\u017eas no regul\u0113jamu skavu tipa cilindru priek\u0161roc\u012bb\u0101m:<\/p>\n<ul>\n<li><strong>Regul\u0113jam\u012bba:<\/strong> Viena no regul\u0113jamu skavu tipa cilindru iev\u0113rojam\u0101kaj\u0101m priek\u0161roc\u012bb\u0101m ir to regul\u0113jam\u012bba. \u0160\u0101da veida cilindrs \u013cauj prec\u012bzi kontrol\u0113t virzu\u013ca stie\u0146a poz\u012bciju, padarot to ide\u0101li piem\u0113rotu lietojumiem, kuriem nepiecie\u0161ama prec\u012bza pozicion\u0113\u0161ana. Piem\u0113ram, karst\u0101 p\u0101rdo\u0161anas ner\u016bs\u0113jo\u0161\u0101 t\u0113rauda divk\u0101r\u0161as darb\u012bbas hidraulisko cilindru sniega arklam var regul\u0113t, lai nodro\u0161in\u0101tu, ka arkla asmens ir pareiz\u0101 le\u0146\u0137\u012b efekt\u012bvai sniega t\u012br\u012b\u0161anai.<\/li>\n<li><strong>Liels sp\u0113ks:<\/strong> Regul\u0113jami skavu tipa cilindri var rad\u012bt lielus sp\u0113kus, padarot tos ide\u0101li piem\u0113rotus lietojumiem, kuriem nepiecie\u0161ama liela jauda. Tas ir saist\u012bts ar faktu, ka hidraulisk\u0101s sist\u0113mas var rad\u012bt daudz liel\u0101kus sp\u0113kus nek\u0101 pneimatisk\u0101s sist\u0113mas. \u0160\u012b \u012bpa\u0161\u012bba padara tos ide\u0101li piem\u0113rotus lieljaudas lietojumiem, piem\u0113ram, kalnr\u016bpniec\u012bbas iek\u0101rt\u0101m vai celtniec\u012bbas ma\u0161\u012bn\u0101m.<\/li>\n<li><strong>Uzticam\u012bba:<\/strong> Regul\u0113jami skavu tipa cilindri ir \u013coti uzticami, pateicoties to vienk\u0101r\u0161ajai konstrukcijai. Tiem ir maz kust\u012bgu deta\u013cu, kas var\u0113tu sal\u016bzt vai darboties nepareizi, padarot tos par lielisku izv\u0113li lietojumiem, kuriem nepiecie\u0161ams augsts uzticam\u012bbas l\u012bmenis.<\/li>\n<li><strong>Efektivit\u0101te:<\/strong> Hidraulisk\u0101s sist\u0113mas ir paz\u012bstamas ar savu augsto efektivit\u0101ti, kas saist\u012bta ar to, ka t\u0101s izmanto \u0161\u0137idruma, nevis elektroener\u0123ijas sp\u0113ku. Tas noz\u012bm\u0113, ka regul\u0113jami skavu tipa cilindri var rad\u012bt lielu sp\u0113ku, izmantojot \u013coti maz ener\u0123ijas, padarot tos par lielisku izv\u0113li lietojumos, kur svar\u012bga ir energoefektivit\u0101te.<\/li>\n<li><strong>Piel\u0101go\u0161ana:<\/strong> Regul\u0113jamus skavu tipa cilindrus var piel\u0101got konkr\u0113t\u0101m lietojumprogrammu pras\u012bb\u0101m. Tos var konstru\u0113t t\u0101, lai tie darbotos noteikt\u0101 spiedien\u0101, temperat\u016br\u0101 un \u0101trum\u0101, padarot tos par lielisku izv\u0113li lietojumprogramm\u0101m ar unik\u0101l\u0101m pras\u012bb\u0101m.<\/li>\n<\/ul>\n<p>Karst\u0101s p\u0101rdo\u0161anas ner\u016bs\u0113jo\u0161\u0101 t\u0113rauda divk\u0101r\u0161\u0101s darb\u012bbas hidrauliskais cilindrs sniega arklam ir lielisks regul\u0113jamu skavu tipa cilindru priek\u0161roc\u012bbu piem\u0113rs. \u0160o cilindru var regul\u0113t, lai nodro\u0161in\u0101tu, ka sniega arkla asmens atrodas pareizaj\u0101 le\u0146\u0137\u012b efekt\u012bvai sniega t\u012br\u012b\u0161anai. Turkl\u0101t tas var rad\u012bt lielus sp\u0113kus, padarot to ide\u0101li piem\u0113rotu lieljaudas sniega t\u012br\u012b\u0161anas darbiem. Hidraulisko sist\u0113mu uzticam\u012bba un efektivit\u0101te padara \u0161o cilindru par lielisku izv\u0113li sniega t\u012br\u012b\u0161anas iek\u0101rt\u0101m.<\/p>\n<p>Nosl\u0113gum\u0101 j\u0101secina, ka regul\u0113jamiem skavu tipa cilindriem ir vair\u0101kas priek\u0161roc\u012bbas, kas padara tos par lielisku izv\u0113li daudziem pielietojumiem. To regul\u0113jam\u012bba, lielais sp\u0113ks, uzticam\u012bba, efektivit\u0101te un piel\u0101go\u0161anas iesp\u0113jas padara tos par lielisku izv\u0113li pla\u0161am pielietojumu kl\u0101stam, tostarp sniega t\u012br\u012b\u0161anas iek\u0101rt\u0101m, piem\u0113ram, karst\u0101 p\u0101rdo\u0161anas ner\u016bs\u0113jo\u0161\u0101 t\u0113rauda divk\u0101r\u0161\u0101s darb\u012bbas hidrauliskajam cilindram sniega arklam.<\/p>\n<h3>Par FMP<\/h3>\n<p>FMP ir uz\u0146\u0113mums, kas specializ\u0113jas hidraulisko cilindru ra\u017eo\u0161an\u0101 un p\u0101rdo\u0161an\u0101. M\u016bsu galven\u0101 m\u012btne atrodas It\u0101lij\u0101, un mums ir pla\u0161a pieredze celtniec\u012bbas tehnikas nozar\u0113, k\u0101 ar\u012b \u012bpa\u0161a profesion\u0101\u013cu komanda. M\u0113s pied\u0101v\u0101jam augstas kvalit\u0101tes un uzticamus hidrauliskos cilindrus, k\u0101 ar\u012b pla\u0161u citu celtniec\u012bbas tehnikas deta\u013cu un risin\u0101jumu kl\u0101stu.<\/p>\n<p><strong>1. Pla\u0161s produktu kl\u0101sts:<\/strong> M\u016bsu produktu kl\u0101st\u0101 ir da\u017e\u0101du veidu hidrauliskie cilindri, kas apmierina da\u017e\u0101das celtniec\u012bbas tehnikas nozares vajadz\u012bbas.<\/p>\n<p><strong>2. Augst\u0101k\u0101 kvalit\u0101te:<\/strong> Esam izveidoju\u0161i ilgtermi\u0146a un stabilas partnerattiec\u012bbas ar augstas kvalit\u0101tes pieg\u0101d\u0101t\u0101jiem gan viet\u0113j\u0101, gan starptautisk\u0101 tirg\u016b. Tas nodro\u0161ina, ka visi m\u016bsu hidrauliskie cilindri atbilst stingriem kvalit\u0101tes standartiem, nodro\u0161inot m\u016bsu klientiem uzticamus un iztur\u012bgus produktus.<\/p>\n<p><strong>3. Profesion\u0101la p\u0101rdo\u0161anas komanda:<\/strong> M\u016bsu pieredz\u0113ju\u0161\u0101 p\u0101rdo\u0161anas komanda labi p\u0101rzina jaun\u0101k\u0101s tendences un klientu pras\u012bbas b\u016bvniec\u012bbas tehnikas nozar\u0113. Vi\u0146i var sniegt profesion\u0101las konsult\u0101cijas par produktiem un pied\u0101v\u0101t p\u0101rdom\u0101tus pirk\u0161anas ieteikumus, pal\u012bdzot klientiem izv\u0113l\u0113ties vispiem\u0113rot\u0101ko hidraulisko cilindru atbilsto\u0161i vi\u0146u \u012bpa\u0161aj\u0101m vajadz\u012bb\u0101m.<\/p>\n<p><strong>4. Efekt\u012bva lo\u0123istikas izplat\u012b\u0161ana:<\/strong> Uz\u0146\u0113mum\u0101 FMP m\u0113s saprotam savlaic\u012bgas un prec\u012bzas pieg\u0101des noz\u012bmi. M\u016bsu efekt\u012bv\u0101 lo\u0123istikas izplat\u012b\u0161anas sist\u0113ma nodro\u0161ina, ka klienti savlaic\u012bgi sa\u0146em nepiecie\u0161am\u0101s deta\u013cas, samazinot d\u012bkst\u0101ves laiku un palielinot produktivit\u0101ti.<\/p>\n<p><strong>5. Ap\u0146em\u0161an\u0101s nodro\u0161in\u0101t klientu apmierin\u0101t\u012bbu:<\/strong> M\u016bsu priorit\u0101te ir klientu apmierin\u0101t\u012bba, un m\u0113s cen\u0161amies nodro\u0161in\u0101t izcilu apkalpo\u0161anu. M\u016bsu komanda ir ap\u0146\u0113musies nekav\u0113joties atbild\u0113t uz visiem jaut\u0101jumiem vai ba\u017e\u0101m, nodro\u0161inot m\u016bsu v\u0113rt\u012bgajiem klientiem netrauc\u0113tu un pat\u012bkamu pieredzi.<\/p>\n<p><img decoding=\"async\" src=\"https:\/\/fmp-components.com\/wp-content\/uploads\/2024\/12\/Adjustable-Clevis-Type-Cylinders-6.webp\" alt=\"Regul\u0113jams skavu tipa cilindrs\" width=\"842\" title=\"\"><\/p>\n<h2>Bie\u017ei uzdotie jaut\u0101jumi<\/h2>\n<h3>J: Vai j\u016bs esat tirdzniec\u012bbas uz\u0146\u0113mums vai ra\u017eot\u0101js?<\/h3>\n<p>A: M\u0113s esam r\u016bpn\u012bca, kas ra\u017eo augstas kvalit\u0101tes hidrauliskos cilindrus un citas ma\u0161\u012bnu deta\u013cas.<\/p>\n<h3>J: K\u0101ds ir j\u016bsu hidraulisk\u0101 cilindra pieg\u0101des laiks?<\/h3>\n<p>A: Parasti pieg\u0101des laiks ir 25\u201335 dienas.<\/p>\n<h3>J: Vai j\u016bs varat ra\u017eot atbilsto\u0161i paraugiem?<\/h3>\n<p>A: J\u0101, m\u0113s varam izgatavot p\u0113c j\u016bsu paraugiem vai tehniskajiem ras\u0113jumiem. M\u0113s varam izgatavot veidnes un armat\u016bru.<\/p>\n<p>Autors: CX<\/p>","protected":false},"excerpt":{"rendered":"<p>Hot Sale Stainless Steel Double Acting Hydraulic Cylinder for Snow Plow The Hot Sale Stainless Steel Double Acting Hydraulic Cylinder for Snow Plow is a high-quality product engineered to provide efficient plowing in the harshest winter conditions. Made with durable stainless steel, this hydraulic cylinder is designed to withstand extreme temperatures and resist corrosion. The [&hellip;]<\/p>","protected":false},"featured_media":1529,"comment_status":"closed","ping_status":"closed","template":"","meta":{"_et_pb_use_builder":"","_et_pb_old_content":"","_et_gb_content_width":""},"product_brand":[],"product_cat":[42],"product_tag":[34,44],"class_list":{"0":"post-1528","1":"product","2":"type-product","3":"status-publish","4":"has-post-thumbnail","6":"product_cat-snow-plow-hydraulic-cylinder","7":"product_tag-hydraulic-cylinder","8":"product_tag-snow-plow-hydraulic-cylinder","10":"first","11":"instock","12":"product-type-simple"},"_links":{"self":[{"href":"https:\/\/fmp-components.com\/lv\/wp-json\/wp\/v2\/product\/1528","targetHints":{"allow":["GET"]}}],"collection":[{"href":"https:\/\/fmp-components.com\/lv\/wp-json\/wp\/v2\/product"}],"about":[{"href":"https:\/\/fmp-components.com\/lv\/wp-json\/wp\/v2\/types\/product"}],"replies":[{"embeddable":true,"href":"https:\/\/fmp-components.com\/lv\/wp-json\/wp\/v2\/comments?post=1528"}],"wp:featuredmedia":[{"embeddable":true,"href":"https:\/\/fmp-components.com\/lv\/wp-json\/wp\/v2\/media\/1529"}],"wp:attachment":[{"href":"https:\/\/fmp-components.com\/lv\/wp-json\/wp\/v2\/media?parent=1528"}],"wp:term":[{"taxonomy":"product_brand","embeddable":true,"href":"https:\/\/fmp-components.com\/lv\/wp-json\/wp\/v2\/product_brand?post=1528"},{"taxonomy":"product_cat","embeddable":true,"href":"https:\/\/fmp-components.com\/lv\/wp-json\/wp\/v2\/product_cat?post=1528"},{"taxonomy":"product_tag","embeddable":true,"href":"https:\/\/fmp-components.com\/lv\/wp-json\/wp\/v2\/product_tag?post=1528"}],"curies":[{"name":"wp","href":"https:\/\/api.w.org\/{rel}","templated":true}]}}