{"id":1526,"date":"2024-12-23T05:51:36","date_gmt":"2024-12-23T05:51:36","guid":{"rendered":"https:\/\/fmp-components.com\/product\/competitive-price-welded-double-effect-hydraulic-piston-cylinder\/"},"modified":"2024-12-23T06:03:51","modified_gmt":"2024-12-23T06:03:51","slug":"competitive-price-welded-double-effect-hydraulic-piston-cylinder","status":"publish","type":"product","link":"https:\/\/fmp-components.com\/lv\/product\/competitive-price-welded-double-effect-hydraulic-piston-cylinder\/","title":{"rendered":"Konkur\u0113tsp\u0113j\u012bgas cenas metin\u0101ts dubultefekta hidrauliskais virzu\u013ccilindrs"},"content":{"rendered":"<p>Konkur\u0113tsp\u0113j\u012bgas cenas metin\u0101ts divk\u0101r\u0161as darb\u012bbas hidrauliskais virzu\u013ccilindrsKonkur\u0113tsp\u0113j\u012bgas cenas metin\u0101ts divk\u0101r\u0161as darb\u012bbas hidrauliskais virzu\u013ccilindrs ir augstas kvalit\u0101tes hidrauliskais cilindrs, kas paredz\u0113ts da\u017e\u0101diem r\u016bpnieciskiem pielietojumiem. \u0160im hidrauliskajam virzu\u013ccilindram ir metin\u0101ta konstrukcija un divk\u0101r\u0161as darb\u012bbas funkcija, kas nodro\u0161ina optim\u0101lu veiktsp\u0113ju un uzticam\u012bbu.<\/p>\n<p>Cilindrs ir izgatavots no augst\u0101k\u0101s kvalit\u0101tes materi\u0101liem un ir paredz\u0113ts augsta spiediena un lielu slodzi iztur\u0113\u0161anai, padarot to ide\u0101li piem\u0113rotu lieto\u0161anai sare\u017e\u0123\u012btos r\u016bpnieciskos apst\u0101k\u013cos. Virzulis ir prec\u012bzi apstr\u0101d\u0101ts un tam ir augstas iztur\u012bbas konstrukcija, kas nodro\u0161ina vienm\u0113r\u012bgu un nemain\u012bgu darb\u012bbu ilg\u0101 kalpo\u0161anas laik\u0101.<\/p>\n<p><img decoding=\"async\" title=\"Sniega arkla hidrauliskais cilindrs\" src=\"https:\/\/hzpt.com\/wp-content\/uploads\/2023\/11\/Snow-Plow-Hydraulic-Cylinder-3.webp\" alt=\"Sniega arkla hidrauliskais cilindrs\" \/><\/p>\n<p>\u0160o hidraulisko cilindru ir viegli uzst\u0101d\u012bt un uztur\u0113t, un tas ir sader\u012bgs ar pla\u0161u hidraulisko sist\u0113mu kl\u0101stu. Tas ir ar\u012b \u013coti piel\u0101gojams, ar da\u017e\u0101d\u0101m mont\u0101\u017eas iesp\u0113j\u0101m un g\u0101jiena garumiem, kas atbilst j\u016bsu \u012bpa\u0161aj\u0101m pras\u012bb\u0101m.<\/p>\n<p>Kopum\u0101 konkur\u0113tsp\u0113j\u012bg\u0101s cenas metin\u0101tais divk\u0101r\u0161\u0101s iedarb\u012bbas hidrauliskais virzu\u013ccilindrs ir augstas kvalit\u0101tes hidrauliskais cilindrs, kas pied\u0101v\u0101 izcilu veiktsp\u0113ju, uzticam\u012bbu un cenas un v\u0113rt\u012bbas attiec\u012bbu. Neatkar\u012bgi no t\u0101, vai jums ir nepiecie\u0161ams hidrauliskais cilindrs r\u016bpnieciskiem, lauksaimniec\u012bbas vai mobiliem lietojumiem, \u0161is produkts noteikti atbild\u012bs j\u016bsu vajadz\u012bb\u0101m un p\u0101rsniegs j\u016bsu cer\u012bbas.<\/p>\n<div>\n<h2>Produkta funkcijas<\/h2>\n<ul>\n<li>Izgatavots no iztur\u012bga t\u0113rauda, \u200b\u200blai nodro\u0161in\u0101tu izcilu veiktsp\u0113ju<\/li>\n<li>Standarta strukt\u016bra<\/li>\n<li>Maksim\u0101l\u0101 vilce 3000<\/li>\n<li>Maksim\u0101l\u0101 vilkme 20 tonnas<\/li>\n<li>1 gada garantija<\/li>\n<\/ul>\n<\/div>\n<div>\n<h3>Specifik\u0101cijas<\/h3>\n<ul>\n<li>Urbuma izm\u0113rs: 2\u20136 collas<\/li>\n<li>Stie\u0146a izm\u0113rs: 1,125\u20134 collas<\/li>\n<li>G\u0101jiena izm\u0113rs: 4\u2013100 collas<\/li>\n<li>Tapas izm\u0113rs: 0,5\u20132 collas<\/li>\n<li>Porti: G\/SAE\/NPT\/M<\/li>\n<\/ul>\n<\/div>\n<div style=\"text-align: center;\"><\/div>\n<div style=\"text-align: center;\"><img decoding=\"async\" title=\"Sniega arkla hidrauliskais cilindrs\" src=\"https:\/\/hzpt.com\/wp-content\/uploads\/2023\/11\/Snow-Plow-Hydraulic-Cylinder-2.webp\" alt=\"Sniega arkla hidrauliskais cilindrs\" \/><\/div>\n<div style=\"text-align: center;\"><\/div>\n<div>\n<p>&nbsp;<\/p>\n<\/div>\n<h2>Regul\u0113jamu skavu tipa cilindru priek\u0161roc\u012bbas<\/h2>\n<ul>\n<li style=\"list-style-type: none;\">\n<ul>\n<li>Paaugstin\u0101ta elast\u012bba un precizit\u0101te iek\u0101rtu darb\u012bb\u0101<\/li>\n<\/ul>\n<\/li>\n<\/ul>\n<p>Regul\u0113jami skavu tipa cilindri nodro\u0161ina augstu elast\u012bbas un precizit\u0101tes pak\u0101pi iek\u0101rtu darb\u012bb\u0101, \u013caujot prec\u012bz\u0101k pozicion\u0113t un kontrol\u0113t kust\u012bbu. Tas ir pateicoties iesp\u0113jai regul\u0113t cilindra garumu, ko var izdar\u012bt viegli un \u0101tri, neiz\u0146emot visu cilindru no iek\u0101rtas. \u0160\u012b uzlabot\u0101 elast\u012bba un precizit\u0101te var palielin\u0101t ra\u017eo\u0161anas procesu produktivit\u0101ti un efektivit\u0101ti.<\/p>\n<ul>\n<li style=\"list-style-type: none;\">\n<ul>\n<li>Uzlabota iztur\u012bba un veiktsp\u0113ja<\/li>\n<\/ul>\n<\/li>\n<\/ul>\n<p>Regul\u0113jami skavu tipa cilindri ir paredz\u0113ti, lai iztur\u0113tu lielas slodzes un skarbu darba vidi. Tie parasti ir izgatavoti no augstas kvalit\u0101tes materi\u0101liem, piem\u0113ram, t\u0113rauda vai alum\u012bnija, kas nodro\u0161ina izcilu iztur\u012bbu pret nodilumu, berzi un koroziju. Turkl\u0101t \u0161ie cilindri bie\u017ei vien ir divk\u0101r\u0161as darb\u012bbas, kas noz\u012bm\u0113, ka tie var rad\u012bt sp\u0113ku abos virzienos. \u0160\u012b funkcija \u013cauj prec\u012bz\u0101k un efekt\u012bv\u0101k p\u0101rvietot apr\u012bkojumu, k\u0101 rezult\u0101t\u0101 uzlabojas iztur\u012bba un kop\u0113j\u0101 veiktsp\u0113ja.<\/p>\n<ul>\n<li style=\"list-style-type: none;\">\n<ul>\n<li>Uzlabota dro\u0161\u012bba un stabilit\u0101te<\/li>\n<\/ul>\n<\/li>\n<\/ul>\n<p>Regul\u0113jamie skavu tipa cilindri ir izstr\u0101d\u0101ti, \u0146emot v\u0113r\u0101 dro\u0161\u012bbu un stabilit\u0101ti. Tie parasti ir apr\u012bkoti ar dro\u0161\u012bbas funkcij\u0101m, piem\u0113ram, blo\u0137\u0113\u0161anas uzgrie\u017e\u0146iem vai blo\u0137\u0113\u0161anas meh\u0101nismiem, lai nov\u0113rstu nejau\u0161u kust\u012bbu vai atvieno\u0161anos. Turkl\u0101t \u0161os cilindrus bie\u017ei izmanto lietojumos, kur stabilit\u0101te ir kritiski svar\u012bga, piem\u0113ram, smagaj\u0101s ma\u0161\u012bn\u0101s vai r\u016bpnieciskaj\u0101s iek\u0101rt\u0101s. Regul\u0113jam\u0101 funkcija \u013cauj prec\u012bzi novietot cilindrus, kas var pal\u012bdz\u0113t nov\u0113rst negad\u012bjumus un traumas darba viet\u0101.<\/p>\n<ul>\n<li style=\"list-style-type: none;\">\n<ul>\n<li>Izmaksu zi\u0146\u0101 efekt\u012bva un konkur\u0113tsp\u0113j\u012bga cenu noteik\u0161ana<\/li>\n<\/ul>\n<\/li>\n<\/ul>\n<p>Regul\u0113jami skavu tipa cilindri pied\u0101v\u0101 izmaksu zi\u0146\u0101 efekt\u012bvu risin\u0101jumu iek\u0101rtu ra\u017eot\u0101jiem un operatoriem. To cenas bie\u017ei vien ir konkur\u0113tsp\u0113j\u012bgas, sal\u012bdzinot ar cita veida cilindriem, piem\u0113ram, metin\u0101tiem dubult\u0101 efekta hidrauliskajiem virzu\u013ccilindriem. Tas padara tos par pievilc\u012bgu iesp\u0113ju tiem, kas v\u0113las samazin\u0101t izmaksas, nezaud\u0113jot veiktsp\u0113ju. Turkl\u0101t \u0161o cilindru regul\u0113jam\u0101 funkcija var pal\u012bdz\u0113t samazin\u0101t iek\u0101rtu d\u012bkst\u0101ves laiku un apkopes izmaksas, v\u0113l vair\u0101k palielinot to rentabilit\u0101ti.<\/p>\n<p>Kopum\u0101 regul\u0113jamu skavu tipa cilindru priek\u0161roc\u012bbas padara tos par popul\u0101ru izv\u0113li iek\u0101rtu ra\u017eot\u0101jiem un operatoriem. To elast\u012bba, iztur\u012bba, dro\u0161\u012bbas funkcijas un izmaksu efektivit\u0101te padara tos par lielisku izv\u0113li pla\u0161am pielietojumu kl\u0101stam. Ar iesp\u0113ju regul\u0113t cilindra garumu \u0161ie cilindri nodro\u0161ina uzlabotu precizit\u0101ti un kontroli iek\u0101rtu kust\u012bb\u0101, k\u0101 rezult\u0101t\u0101 uzlabojas produktivit\u0101te un efektivit\u0101te. Turkl\u0101t to dro\u0161\u012bbas funkcijas un stabilit\u0101te padara tos par uzticamu izv\u0113li tiem, kas str\u0101d\u0101 ar smagaj\u0101m ma\u0161\u012bn\u0101m vai r\u016bpnieciskaj\u0101m iek\u0101rt\u0101m. Un ar konkur\u0113tsp\u0113j\u012bg\u0101m cen\u0101m regul\u0113jami skavu tipa cilindri pied\u0101v\u0101 pieejamu risin\u0101jumu tiem, kas v\u0113las samazin\u0101t izmaksas, nezaud\u0113jot veiktsp\u0113ju.<\/p>\n<h3>Par FMP<\/h3>\n<p>FMP ir uz\u0146\u0113mums, kas specializ\u0113jas hidraulisko cilindru ra\u017eo\u0161an\u0101 un p\u0101rdo\u0161an\u0101. Atrodamies It\u0101lij\u0101, mums ir daudzu gadu pieredze nozar\u0113 un profesion\u0101la komanda, kas ir ap\u0146\u0113musies nodro\u0161in\u0101t m\u016bsu klientus ar augstas kvalit\u0101tes un uzticamiem hidrauliskajiem cilindriem.<\/p>\n<p><img decoding=\"async\" src=\"https:\/\/fmp-components.com\/wp-content\/uploads\/2024\/12\/Adjustable-Clevis-Type-Cylinders-6.webp\" alt=\"Regul\u0113jams skavu tipa cilindrs\" width=\"841\" title=\"\"><\/p>\n<p>\u0160eit ir pieci iemesli, k\u0101p\u0113c jums vajadz\u0113tu izv\u0113l\u0113ties m\u016bsu hidrauliskos cilindrus:<\/p>\n<ol>\n<li>Pla\u0161s iesp\u0113ju kl\u0101sts: M\u0113s pied\u0101v\u0101jam pla\u0161u hidraulisko cilindru kl\u0101stu, tostarp regul\u0113jamus skavu tipa cilindrus, kas nodro\u0161ina elast\u012bbu da\u017e\u0101dos pielietojumos.<\/li>\n<li>Izcila kvalit\u0101te: Visi m\u016bsu hidrauliskie cilindri ir ra\u017eoti atbilsto\u0161i stingriem kvalit\u0101tes standartiem, nodro\u0161inot to iztur\u012bbu un veiktsp\u0113ju.<\/li>\n<li>Ekspertu konsult\u0101cijas: M\u016bsu pieredz\u0113ju\u0161\u0101 p\u0101rdo\u0161anas komanda p\u0101rzina celtniec\u012bbas tehnikas nozari un var sniegt profesion\u0101las produktu konsult\u0101cijas, lai apmierin\u0101tu j\u016bsu \u012bpa\u0161\u0101s vajadz\u012bbas.<\/li>\n<li>Viedi pirk\u0161anas ieteikumi: M\u0113s izprotam klientu vajadz\u012bbas un sniedzam viedus pirk\u0161anas ieteikumus, lai pal\u012bdz\u0113tu jums pie\u0146emt p\u0101rdom\u0101tus l\u0113mumus.<\/li>\n<li>Efekt\u012bva lo\u0123istika: Ar m\u016bsu efekt\u012bvo lo\u0123istikas izplat\u012b\u0161anas sist\u0113mu m\u0113s nodro\u0161in\u0101m, ka j\u016bs savlaic\u012bgi un prec\u012bzi sa\u0146emsiet nepiecie\u0161amos hidrauliskos cilindrus.<\/li>\n<\/ol>\n<p>FMP m\u0113s cen\u0161amies p\u0101rsniegt klientu cer\u012bbas ar m\u016bsu augst\u0101k\u0101s kvalit\u0101tes hidrauliskajiem cilindriem un izcilu servisu. Sazinieties ar mums jau \u0161odien, lai sa\u0146emtu visu nepiecie\u0161amo inform\u0101ciju par hidrauliskajiem cilindriem!<\/p>\n<div style=\"text-align: center;\">\n<h2 style=\"text-align: left;\">Bie\u017ei uzdotie jaut\u0101jumi<\/h2>\n<\/div>\n<div>\n<h3>J: Vai j\u016bs esat tirdzniec\u012bbas uz\u0146\u0113mums vai ra\u017eot\u0101js?<\/h3>\n<p>A: M\u0113s esam r\u016bpn\u012bca.<\/p>\n<\/div>\n<div>\n<h3>J: Cik ilgs ir j\u016bsu pieg\u0101des laiks?<\/h3>\n<p>A: Parasti tas ir 25\u201335 dienas.<\/p>\n<\/div>\n<div>\n<h3>J: Vai j\u016bs sniedzat paraugus? Vai tas ir bez maksas vai papildus?<\/h3>\n<p>A: J\u0101, m\u0113s var\u0113tu pied\u0101v\u0101t paraugu, bet tas nav bez maksas.<\/p>\n<\/div>\n<p>Autors: CX<\/p>","protected":false},"excerpt":{"rendered":"<p>Competitive Price Welded Double Effect Hydraulic Piston CylinderCompetitive Price Welded Double Effect Hydraulic Piston Cylinder is a high-quality hydraulic cylinder designed for various industrial applications. This hydraulic piston cylinder features a welded design and double-acting operation, providing optimal performance and reliability. The cylinder is made from premium quality materials and is designed to withstand high [&hellip;]<\/p>","protected":false},"featured_media":1527,"comment_status":"closed","ping_status":"closed","template":"","meta":{"_et_pb_use_builder":"","_et_pb_old_content":"","_et_gb_content_width":""},"product_brand":[],"product_cat":[42],"product_tag":[34,44],"class_list":{"0":"post-1526","1":"product","2":"type-product","3":"status-publish","4":"has-post-thumbnail","6":"product_cat-snow-plow-hydraulic-cylinder","7":"product_tag-hydraulic-cylinder","8":"product_tag-snow-plow-hydraulic-cylinder","10":"first","11":"instock","12":"product-type-simple"},"_links":{"self":[{"href":"https:\/\/fmp-components.com\/lv\/wp-json\/wp\/v2\/product\/1526","targetHints":{"allow":["GET"]}}],"collection":[{"href":"https:\/\/fmp-components.com\/lv\/wp-json\/wp\/v2\/product"}],"about":[{"href":"https:\/\/fmp-components.com\/lv\/wp-json\/wp\/v2\/types\/product"}],"replies":[{"embeddable":true,"href":"https:\/\/fmp-components.com\/lv\/wp-json\/wp\/v2\/comments?post=1526"}],"wp:featuredmedia":[{"embeddable":true,"href":"https:\/\/fmp-components.com\/lv\/wp-json\/wp\/v2\/media\/1527"}],"wp:attachment":[{"href":"https:\/\/fmp-components.com\/lv\/wp-json\/wp\/v2\/media?parent=1526"}],"wp:term":[{"taxonomy":"product_brand","embeddable":true,"href":"https:\/\/fmp-components.com\/lv\/wp-json\/wp\/v2\/product_brand?post=1526"},{"taxonomy":"product_cat","embeddable":true,"href":"https:\/\/fmp-components.com\/lv\/wp-json\/wp\/v2\/product_cat?post=1526"},{"taxonomy":"product_tag","embeddable":true,"href":"https:\/\/fmp-components.com\/lv\/wp-json\/wp\/v2\/product_tag?post=1526"}],"curies":[{"name":"wp","href":"https:\/\/api.w.org\/{rel}","templated":true}]}}