{"id":1524,"date":"2024-12-23T05:51:36","date_gmt":"2024-12-23T05:51:36","guid":{"rendered":"https:\/\/fmp-components.com\/product\/high-quality-double-effect-snow-plow-hydraulic-cylinder\/"},"modified":"2024-12-23T05:54:59","modified_gmt":"2024-12-23T05:54:59","slug":"high-quality-double-effect-snow-plow-hydraulic-cylinder","status":"publish","type":"product","link":"https:\/\/fmp-components.com\/lv\/product\/high-quality-double-effect-snow-plow-hydraulic-cylinder\/","title":{"rendered":"Augstas kvalit\u0101tes dubult\u0101 efekta sniega arkla hidrauliskais cilindrs"},"content":{"rendered":"<p>Augstas kvalit\u0101tes dubult\u0101s iedarb\u012bbas sniega arkla hidrauliskais cilindrsAugstas kvalit\u0101tes dubult\u0101s iedarb\u012bbas sniega arkla hidrauliskais cilindrs ir b\u016btiska jebkura sniega arkla sast\u0101vda\u013ca. Pateicoties t\u0101 iztur\u012bgajai konstrukcijai un uzticamajam dubult\u0101s iedarb\u012bbas dizainam, \u0161is hidrauliskais cilindrs ir rad\u012bts ilgam kalpo\u0161anas laikam.<\/p>\n<p>Cilindrs ir izstr\u0101d\u0101ts, lai bez piep\u016bles p\u0101rvietotu sniegu uz sniega l\u0101pstas s\u0101nu, padarot sniega t\u012br\u012b\u0161anu par vieglu uzdevumu. Tas sp\u0113j ar\u012b pacelt un nolaist l\u0101pstu, lai piel\u0101gotos main\u012bgajam sniega l\u012bmenim.<\/p>\n<p>Izgatavots no augstas kvalit\u0101tes materi\u0101liem un prec\u012bzas in\u017eenierijas, augstas kvalit\u0101tes divk\u0101r\u0161\u0101s iedarb\u012bbas sniega arkla hidrauliskais cilindrs ir oblig\u0101ts ikvienam sniega arkla operatoram. Ar savu izcilo veiktsp\u0113ju un ilgsto\u0161u iztur\u012bbu \u0161is produkts noteikti p\u0101rsniegs j\u016bsu cer\u012bbas un padar\u012bs sniega t\u012br\u012b\u0161anu viegl\u0101ku nek\u0101 jebkad agr\u0101k.<\/p>\n<p><img decoding=\"async\" title=\"Sniega arkla hidrauliskais cilindrs\" src=\"https:\/\/hzpt.com\/wp-content\/uploads\/2023\/11\/Snow-Plow-Hydraulic-Cylinder-1.webp\" alt=\"Sniega arkla hidrauliskais cilindrs\" \/><\/p>\n<h3>Specifik\u0101cijas<\/h3>\n<ul>\n<li>Urbuma izm\u0113rs: 2\u20136 collas<\/li>\n<li>Stie\u0146a izm\u0113rs: 1,125\u20134 collas<\/li>\n<li>G\u0101jiena izm\u0113rs: 4\u2013100 collas<\/li>\n<li>Tapas izm\u0113rs: 0,5\u20132 collas<\/li>\n<li>Porti: G\/SAE\/NPT\/M<\/li>\n<\/ul>\n<h2>Kvalit\u0101tes nodro\u0161in\u0101\u0161ana<\/h2>\n<p>M\u016bsu produkts ir sertific\u0113ts saska\u0146\u0101 ar ISO9001:2000, kas nodro\u0161ina t\u0101 atbilst\u012bbu starptautiskajiem kvalit\u0101tes standartiem. M\u0113s ar\u012b nodro\u0161in\u0101m 1 gada garantiju galvenaj\u0101m sast\u0101vda\u013c\u0101m, tostarp gultnim un pa\u0161am hidrauliskajam cilindram. J\u016bsu p\u0101rliec\u012bbai tiek nodro\u0161in\u0101ts video izejo\u0161\u0101s p\u0101rbaudes un iek\u0101rtu testa zi\u0146ojums.<\/p>\n<p><img decoding=\"async\" title=\"Sniega arkla hidrauliskais cilindrs\" src=\"https:\/\/hzpt.com\/wp-content\/uploads\/2023\/11\/Snow-Plow-Hydraulic-Cylinder-3.webp\" alt=\"Sniega arkla hidrauliskais cilindrs\" \/><\/p>\n<h2>Regul\u0113jamu skavu tipa cilindru priek\u0161roc\u012bbas<\/h2>\n<p>Regul\u0113jami skavas tipa cilindri ir svar\u012bga hidraulisko sist\u0113mu sast\u0101vda\u013ca, ko izmanto da\u017e\u0101dos r\u016bpnieciskos un komerci\u0101los pielietojumos. \u0160iem cilindriem ir vair\u0101kas priek\u0161roc\u012bbas sal\u012bdzin\u0101jum\u0101 ar fiks\u0113tiem skavas tipa cilindriem. \u0160aj\u0101 rakst\u0101 m\u0113s detaliz\u0113ti apspried\u012bsim regul\u0113jamu skavas tipa cilindru priek\u0161roc\u012bbas.<\/p>\n<p>1. <b>Liel\u0101ka uzst\u0101d\u012b\u0161anas un ekspluat\u0101cijas elast\u012bba<\/b> \u2013 Regul\u0113jami skavu tipa cilindri pied\u0101v\u0101 liel\u0101ku elast\u012bbu uzst\u0101d\u012b\u0161anas un darb\u012bbas zi\u0146\u0101. At\u0161\u0137ir\u012bb\u0101 no fiks\u0113tiem skavu tipa cilindriem, regul\u0113jami skavu tipa cilindri \u013cauj lietot\u0101jam veikt nelielus cilindra garuma un le\u0146\u0137a piel\u0101gojumus, kas var pal\u012bdz\u0113t sasniegt v\u0113lamo veiktsp\u0113jas l\u012bmeni. Tas padara tos ide\u0101li piem\u0113rotus lieto\u0161anai lietojumos, kur svar\u012bga ir precizit\u0101te, piem\u0113ram, augstas kvalit\u0101tes dubult\u0101 efekta sniega t\u012br\u012bt\u0101ja hidraulisk\u0101 cilindra gad\u012bjum\u0101.<\/p>\n<p>2. <b>Uzlabota veiktsp\u0113ja un efektivit\u0101te<\/b> \u2013 Savilc\u0113jstie\u0146a cilindru regul\u0113jam\u012bba \u013cauj prec\u012bz\u0101k kontrol\u0113t hidraulisko sist\u0113mu. Tas savuk\u0101rt var uzlabot veiktsp\u0113ju un efektivit\u0101ti. Piem\u0113ram, ja cilindrs ir noregul\u0113ts pareizaj\u0101 garum\u0101 un le\u0146\u0137\u012b, tas var kust\u0113ties vienm\u0113r\u012bg\u0101k un t\u0101 darb\u012bbai nepiecie\u0161ams maz\u0101k ener\u0123ijas, kas var nodro\u0161in\u0101t ener\u0123ijas ietaup\u012bjumu un uzlabot produktivit\u0101ti.<\/p>\n<p>3. <b>Samazin\u0101ts apkopes laiks un d\u012bkst\u0101ves laiks<\/b> \u2013 Regul\u0113jami skavu tipa cilindri ir konstru\u0113ti t\u0101, lai tie b\u016btu iztur\u012bg\u0101ki un tiem b\u016btu nepiecie\u0161ama maz\u0101ka apkope sal\u012bdzin\u0101jum\u0101 ar fiks\u0113tiem skavu tipa cilindriem. Tas ir t\u0101p\u0113c, ka tie ir izgatavoti no augstas kvalit\u0101tes materi\u0101liem, piem\u0113ram, oglek\u013ca t\u0113rauda un ner\u016bs\u0113jo\u0161\u0101 t\u0113rauda, \u200b\u200bkas ir iztur\u012bgi pret nodilumu un koroziju. Turkl\u0101t \u0161o cilindru regul\u0113jam\u012bba atvieglo apkopi, samazinot d\u012bkst\u0101ves laiku un remonta izmaksas.<\/p>\n<p>4. <b>Uzlabotas dro\u0161\u012bbas funkcijas<\/b> \u2013 Regul\u0113jami skavu tipa cilindri ir apr\u012bkoti ar uzlabot\u0101m dro\u0161\u012bbas funkcij\u0101m, kas padara tos dro\u0161\u0101kus lieto\u0161anai r\u016bpnieciskos un komerci\u0101los nol\u016bkos. Piem\u0113ram, tos var apr\u012bkot ar p\u0101rslodzes aizsardz\u012bbas ier\u012bc\u0113m, kas ne\u013cauj tiem p\u0101rsniegt maksim\u0101lo kravnes\u012bbu, kas var pal\u012bdz\u0113t nov\u0113rst negad\u012bjumus un traumas darba viet\u0101.<\/p>\n<p>Nosl\u0113gum\u0101 j\u0101secina, ka regul\u0113jamie skavu tipa cilindri pied\u0101v\u0101 vair\u0101kas priek\u0161roc\u012bbas sal\u012bdzin\u0101jum\u0101 ar fiks\u0113tajiem skavu tipa cilindriem, tostarp liel\u0101ku uzst\u0101d\u012b\u0161anas un darb\u012bbas elast\u012bbu, uzlabotu veiktsp\u0113ju un efektivit\u0101ti, samazin\u0101tu apkopes un d\u012bkst\u0101ves laiku, k\u0101 ar\u012b uzlabotas dro\u0161\u012bbas funkcijas. \u0160\u012bs priek\u0161roc\u012bbas padara tos par lielisku izv\u0113li lieto\u0161anai da\u017e\u0101dos pielietojumos, tostarp augstas kvalit\u0101tes dubult\u0101 efekta sniega t\u012br\u012bt\u0101ja hidrauliskajos cilindros, kur precizit\u0101te, iztur\u012bba un dro\u0161\u012bba ir \u0101rk\u0101rt\u012bgi svar\u012bga.<\/p>\n<h3>Par FMP<\/h3>\n<p>FMP ir uz\u0146\u0113mums, kas specializ\u0113jas hidraulisko cilindru ra\u017eo\u0161an\u0101 un p\u0101rdo\u0161an\u0101. Pateicoties m\u016bsu pla\u0161ajai pieredzei nozar\u0113 un profesion\u0101lajai komandai, m\u0113s esam ap\u0146\u0113mu\u0161ies nodro\u0161in\u0101t m\u016bsu klientus ar augstas kvalit\u0101tes un uzticamiem hidrauliskajiem cilindriem.<\/p>\n<p><img decoding=\"async\" src=\"https:\/\/fmp-components.com\/wp-content\/uploads\/2024\/12\/Adjustable-Clevis-Type-Cylinders-6.webp\" alt=\"Regul\u0113jams skavu tipa cilindrs\" width=\"840\" title=\"\"><\/p>\n<p>1. Augstas kvalit\u0101tes produkti: FMP lepojas ar to, ka pied\u0101v\u0101 augst\u0101k\u0101s klases hidrauliskos cilindrus, kas ir rad\u012bti ilgam kalpo\u0161anas laikam. M\u016bsu produkti tiek pak\u013cauti stingriem kvalit\u0101tes kontroles pas\u0101kumiem, lai nodro\u0161in\u0101tu to iztur\u012bbu un veiktsp\u0113ju.<\/p>\n<p>2. Pla\u0161s iesp\u0113ju kl\u0101sts: M\u0113s pied\u0101v\u0101jam pla\u0161u hidraulisko cilindru kl\u0101stu, lai apmierin\u0101tu m\u016bsu klientu \u012bpa\u0161\u0101s vajadz\u012bbas. Neatkar\u012bgi no t\u0101, vai jums ir nepiecie\u0161ami regul\u0113jami skavu tipa cilindri, \u0161arn\u012brsavienojuma stie\u0146u cilindri vai metin\u0101ti cilindri, m\u0113s par\u016bp\u0113simies par visu.<\/p>\n<p>3. Stingri kvalit\u0101tes standarti: M\u0113s uztur\u0113jam ilgtermi\u0146a un stabilas partnerattiec\u012bbas ar cien\u012bjamiem pieg\u0101d\u0101t\u0101jiem, lai garant\u0113tu, ka visi m\u016bsu hidrauliskie cilindri atbilst stingriem kvalit\u0101tes standartiem. Katrs produkts tiek r\u016bp\u012bgi p\u0101rbaud\u012bts, pirms tas tiek pieg\u0101d\u0101ts m\u016bsu klientiem.<\/p>\n<p>4. Pieredz\u0113jusi p\u0101rdo\u0161anas komanda: m\u016bsu pieredz\u0113ju\u0161\u0101 un zino\u0161\u0101 p\u0101rdo\u0161anas komanda labi p\u0101rzina jaun\u0101k\u0101s tendences un klientu pras\u012bbas nozar\u0113. Vi\u0146i vienm\u0113r ir gatavi sniegt profesion\u0101las konsult\u0101cijas par produktiem un pied\u0101v\u0101t p\u0101rdom\u0101tus pirk\u0161anas ieteikumus, lai nodro\u0161in\u0101tu klientu apmierin\u0101t\u012bbu.<\/p>\n<p>5. Efekt\u012bva lo\u0123istikas sist\u0113ma: M\u0113s saprotam savlaic\u012bgas pieg\u0101des noz\u012bmi. Ar m\u016bsu efekt\u012bvo lo\u0123istikas izplat\u012b\u0161anas sist\u0113mu m\u0113s nodro\u0161in\u0101m, ka m\u016bsu klienti sa\u0146em nepiecie\u0161amos hidrauliskos cilindrus \u0101tri un prec\u012bzi.<\/p>\n<p>Izv\u0113lieties FMP sav\u0101m hidraulisko cilindru vajadz\u012bb\u0101m un izbaudiet kvalit\u0101ti un uzticam\u012bbu, kas m\u016bs at\u0161\u0137ir no konkurentiem. Sazinieties ar mums jau \u0161odien, lai uzs\u0101ktu augl\u012bgu partner\u012bbu.<\/p>\n<p>Autors: CX<\/p>","protected":false},"excerpt":{"rendered":"<p>High Quality Double Effect Snow Plow Hydraulic CylinderThe High Quality Double Effect Snow Plow Hydraulic Cylinder is an essential component for any snow plow. With its durable construction and reliable double-effect design, this hydraulic cylinder is built to last. The cylinder is designed to effortlessly move snow to the side of the plow, making snow [&hellip;]<\/p>","protected":false},"featured_media":1525,"comment_status":"closed","ping_status":"closed","template":"","meta":{"_et_pb_use_builder":"","_et_pb_old_content":"","_et_gb_content_width":""},"product_brand":[],"product_cat":[42],"product_tag":[34,44],"class_list":{"0":"post-1524","1":"product","2":"type-product","3":"status-publish","4":"has-post-thumbnail","6":"product_cat-snow-plow-hydraulic-cylinder","7":"product_tag-hydraulic-cylinder","8":"product_tag-snow-plow-hydraulic-cylinder","10":"first","11":"instock","12":"product-type-simple"},"_links":{"self":[{"href":"https:\/\/fmp-components.com\/lv\/wp-json\/wp\/v2\/product\/1524","targetHints":{"allow":["GET"]}}],"collection":[{"href":"https:\/\/fmp-components.com\/lv\/wp-json\/wp\/v2\/product"}],"about":[{"href":"https:\/\/fmp-components.com\/lv\/wp-json\/wp\/v2\/types\/product"}],"replies":[{"embeddable":true,"href":"https:\/\/fmp-components.com\/lv\/wp-json\/wp\/v2\/comments?post=1524"}],"wp:featuredmedia":[{"embeddable":true,"href":"https:\/\/fmp-components.com\/lv\/wp-json\/wp\/v2\/media\/1525"}],"wp:attachment":[{"href":"https:\/\/fmp-components.com\/lv\/wp-json\/wp\/v2\/media?parent=1524"}],"wp:term":[{"taxonomy":"product_brand","embeddable":true,"href":"https:\/\/fmp-components.com\/lv\/wp-json\/wp\/v2\/product_brand?post=1524"},{"taxonomy":"product_cat","embeddable":true,"href":"https:\/\/fmp-components.com\/lv\/wp-json\/wp\/v2\/product_cat?post=1524"},{"taxonomy":"product_tag","embeddable":true,"href":"https:\/\/fmp-components.com\/lv\/wp-json\/wp\/v2\/product_tag?post=1524"}],"curies":[{"name":"wp","href":"https:\/\/api.w.org\/{rel}","templated":true}]}}