{"id":1522,"date":"2024-12-23T05:50:37","date_gmt":"2024-12-23T05:50:37","guid":{"rendered":"https:\/\/fmp-components.com\/product\/durable-snow-plow-piston-hydraulic-cylinder-double-acting-hydraulic-cylinder-your-ultimate-machinery-solution\/"},"modified":"2024-12-23T06:19:06","modified_gmt":"2024-12-23T06:19:06","slug":"durable-snow-plow-piston-hydraulic-cylinder-double-acting-hydraulic-cylinder-your-ultimate-machinery-solution","status":"publish","type":"product","link":"https:\/\/fmp-components.com\/lv\/product\/durable-snow-plow-piston-hydraulic-cylinder-double-acting-hydraulic-cylinder-your-ultimate-machinery-solution\/","title":{"rendered":"Iztur\u012bgs sniega arkla virzu\u013ca hidrauliskais cilindrs Divk\u0101r\u0161as darb\u012bbas hidrauliskais cilindrs: J\u016bsu lab\u0101kais tehnikas risin\u0101jums"},"content":{"rendered":"<p>Iztur\u012bgs sniega arkla virzu\u013ca hidrauliskais cilindrs ar divk\u0101r\u0161u darb\u012bbu: j\u016bsu lab\u0101kais risin\u0101jums tehnikai. Iztur\u012bgs sniega arkla virzu\u013ca hidrauliskais cilindrs ar divk\u0101r\u0161u darb\u012bbu ir lab\u0101kais risin\u0101jums vis\u0101m j\u016bsu tehnikas vajadz\u012bb\u0101m. Neatkar\u012bgi no t\u0101, vai t\u012br\u0101t sniegu vai str\u0101d\u0101jat b\u016bvlaukum\u0101, \u0161is hidrauliskais cilindrs ir izstr\u0101d\u0101ts, lai nodro\u0161in\u0101tu izcilu veiktsp\u0113ju un iztur\u012bbu.<\/p>\n<p>\u0160is hidrauliskais cilindrs ir izgatavots no augst\u0101k\u0101s kvalit\u0101tes materi\u0101liem un ir rad\u012bts ilgam kalpo\u0161anas laikam. T\u0101 divk\u0101r\u0161\u0101s darb\u012bbas konstrukcija nodro\u0161ina vienm\u0113r\u012bgu un past\u0101v\u012bgu darb\u012bbu, savuk\u0101rt virzu\u013ca konstrukcija nodro\u0161ina maksim\u0101lu jaudu un efektivit\u0101ti. Ar maksim\u0101lo darba spiedienu 3000 psi \u0161is hidrauliskais cilindrs sp\u0113j viegli tikt gal\u0101 pat ar vissare\u017e\u0123\u012bt\u0101kajiem darbiem.<\/p>\n<p>Bet tas v\u0113l nav viss. Iztur\u012bgais sniega arkla virzu\u013ca hidrauliskais cilindrs ar divk\u0101r\u0161u darb\u012bbu ir ar\u012b neticami daudzpus\u012bgs. T\u0101 kompaktais dizains \u013cauj to viegli uzst\u0101d\u012bt da\u017e\u0101d\u0101s iek\u0101rt\u0101s, savuk\u0101rt regul\u0113jam\u0101s mont\u0101\u017eas iesp\u0113jas \u013cauj to viegli piel\u0101got j\u016bsu \u012bpa\u0161aj\u0101m vajadz\u012bb\u0101m.<\/p>\n<p>T\u0101tad, ja mekl\u0113jat uzticamu, augstas veiktsp\u0113jas hidraulisko cilindru, kas sp\u0113j tikt gal\u0101 ar visu, ko j\u016bs tam met\u012bsiet, tad iztur\u012bg\u0101 sniega arkla virzu\u013chidraulisk\u0101 cilindra divk\u0101r\u0161as darb\u012bbas hidraulisk\u0101 cilindra izv\u0113le ir \u012bst\u0101 vieta. Tas ir lab\u0101kais risin\u0101jums ikvienam, kur\u0161 v\u0113las darbu paveikt pareizi katru reizi. Ja sniega t\u012br\u012b\u0161anas darbiem nepiecie\u0161ams iztur\u012bgs, uzticams un efekt\u012bvs instruments, tad m\u016bsu... <strong>Iztur\u012bgs sniega arkla virzu\u013ca hidrauliskais cilindrs ar divk\u0101r\u0161u darb\u012bbu<\/strong>\u0160\u012b augstas kvalit\u0101tes tehnikas deta\u013ca ir izstr\u0101d\u0101ta, \u0146emot v\u0113r\u0101 iztur\u012bbu un efektivit\u0101ti, padarot to par ide\u0101lu papildin\u0101jumu j\u016bsu lieljaudas apr\u012bkojumam.<br \/>\n<img decoding=\"async\" title=\"Sniega arkla hidrauliskais cilindrs\" src=\"https:\/\/hzpt.com\/wp-content\/uploads\/2023\/11\/Snow-Plow-Hydraulic-Cylinder-2.webp\" alt=\"Sniega arkla hidrauliskais cilindrs\" \/><\/p>\n<h2>Produkta funkcijas<\/h2>\n<p>\u0160im modernajam hidrauliskajam cilindram ir virkne funkciju, kas to at\u0161\u0137ir no konkurentiem. \u0160eit ir tikai da\u017ei no galvenajiem elementiem:<\/p>\n<ul>\n<li style=\"list-style-type: none;\">\n<ul>\n<li>Jauns st\u0101voklis ar 1 gada garantiju<\/li>\n<\/ul>\n<\/li>\n<\/ul>\n<ul>\n<li style=\"list-style-type: none;\">\n<ul>\n<li>Pielietojams da\u017e\u0101d\u0101s nozar\u0113s, tostarp ma\u0161\u012bnb\u016bves remonta darbn\u012bc\u0101s, lauksaimniec\u012bbas uz\u0146\u0113mumos, ener\u0123\u0113tikas un kalnr\u016bpniec\u012bbas nozar\u0113, ma\u0161\u012bnb\u016bves ra\u017eo\u0161an\u0101 un ma\u0161\u012bnb\u016bves r\u016bpn\u012bc\u0101s<\/li>\n<\/ul>\n<\/li>\n<\/ul>\n<ul>\n<li style=\"list-style-type: none;\">\n<ul>\n<li>Standarta konstrukcija ar virzu\u013ccilindra konstrukciju<\/li>\n<\/ul>\n<\/li>\n<\/ul>\n<ul>\n<li style=\"list-style-type: none;\">\n<ul>\n<li>Jaud\u012bga hidraulisk\u0101 jauda<\/li>\n<\/ul>\n<\/li>\n<\/ul>\n<ul>\n<li style=\"list-style-type: none;\">\n<ul>\n<li>Iztur\u012bgs t\u0113rauda korpusa materi\u0101ls<\/li>\n<\/ul>\n<\/li>\n<\/ul>\n<ul>\n<li style=\"list-style-type: none;\">\n<ul>\n<li>Maksim\u0101l\u0101 vilce 3000 tonnu un maksim\u0101l\u0101 vilkme 20 tonnas<\/li>\n<\/ul>\n<\/li>\n<\/ul>\n<ul>\n<li style=\"list-style-type: none;\">\n<ul>\n<li>ISO9001:2000 sertifik\u0101cija<\/li>\n<\/ul>\n<\/li>\n<\/ul>\n<h2>Regul\u0113jamu skavu tipa cilindru priek\u0161roc\u012bbas<\/h2>\n<p>Regul\u0113jami skavu tipa cilindri ir b\u016btiska sast\u0101vda\u013ca hidraulisko ma\u0161\u012bnu nozar\u0113. Tos parasti izmanto da\u017e\u0101d\u0101s ma\u0161\u012bn\u0101s, piem\u0113ram, celtniec\u012bbas tehnik\u0101, lauksaimniec\u012bbas tehnik\u0101, kalnr\u016bpniec\u012bbas tehnik\u0101 un sniega t\u012br\u012b\u0161anas tehnik\u0101. \u0160ie cilindri ir paredz\u0113ti, lai nodro\u0161in\u0101tu nepiecie\u0161amo sp\u0113ku \u0161o ma\u0161\u012bnu kust\u012bbai.<\/p>\n<p>\u0160aj\u0101 rakst\u0101 m\u0113s apspried\u012bsim regul\u0113jamu skavu tipa cilindru priek\u0161roc\u012bbas un to, k\u0101p\u0113c tie ir lab\u0101kais risin\u0101jums ma\u0161\u012bn\u0101m.<\/p>\n<h3>Iztur\u012bgs<\/h3>\n<p>Viena no regul\u0113jamu skavu tipa cilindru galvenaj\u0101m priek\u0161roc\u012bb\u0101m ir to iztur\u012bba. Tie ir izgatavoti no augstas kvalit\u0101tes materi\u0101liem, kas var iztur\u0113t ekstrem\u0101las temperat\u016bras, spiedienu un laika apst\u0101k\u013cus. Tas padara tos ide\u0101li piem\u0113rotus lieto\u0161anai skarbos apst\u0101k\u013cos, kur cita veida cilindri var saboj\u0101ties.<\/p>\n<p>\u0160o cilindru iztur\u012bba ir saist\u012bta ar\u012b ar to divk\u0101r\u0161\u0101s darb\u012bbas konstrukciju. Tas noz\u012bm\u0113, ka tie var pielietot sp\u0113ku abos virzienos, padarot tos efekt\u012bv\u0101kus un samazinot nodilumu.<\/p>\n<h3>Efekt\u012bva darb\u012bba<\/h3>\n<p>V\u0113l viena regul\u0113jamu skavu tipa cilindru priek\u0161roc\u012bba ir to efekt\u012bv\u0101 darb\u012bba. \u0160ie cilindri ir paredz\u0113ti, lai nodro\u0161in\u0101tu vienm\u0113r\u012bgu un past\u0101v\u012bgu sp\u0113ku, kas ir b\u016btiski ma\u0161\u012bnu darb\u012bbai. Tas nodro\u0161ina ma\u0161\u012bnas vienm\u0113r\u012bgu darb\u012bbu, samazinot boj\u0101jumu vai darb\u012bbas trauc\u0113jumu risku.<\/p>\n<p>Turkl\u0101t regul\u0113jam\u0101 dak\u0161as konstrukcija \u013cauj prec\u012bzi regul\u0113t cilindra g\u0101jienu, kas atvieglo ma\u0161\u012bnas \u0101truma un sp\u0113ka kontroli. Tas var uzlabot efektivit\u0101ti un precizit\u0101ti da\u017e\u0101dos pielietojumos.<\/p>\n<h3>Elast\u012bba<\/h3>\n<p>Regul\u0113jami skavu tipa cilindri ir ar\u012b \u013coti elast\u012bgi. Tos var izmantot da\u017e\u0101dos pielietojumos, s\u0101kot no maz\u0101m ma\u0161\u012bn\u0101m l\u012bdz liel\u0101m r\u016bpniecisk\u0101m iek\u0101rt\u0101m. Tie ir ar\u012b sader\u012bgi ar da\u017e\u0101diem \u0161\u0137idrumiem, kas padara tos piem\u0113rotus lieto\u0161anai da\u017e\u0101d\u0101s vid\u0113s.<\/p>\n<p>Turkl\u0101t to regul\u0113jamais dizains \u013cauj tos viegli piel\u0101got konkr\u0113t\u0101m pras\u012bb\u0101m. Tas noz\u012bm\u0113, ka tos var piel\u0101got da\u017e\u0101du iek\u0101rtu un pielietojumu vajadz\u012bb\u0101m.<\/p>\n<h3>Izmaksu zi\u0146\u0101 efekt\u012bvs<\/h3>\n<p>Visbeidzot, regul\u0113jamie skavu tipa cilindri ir izmaksu zi\u0146\u0101 efekt\u012bvi. Tie ir konstru\u0113ti t\u0101, lai b\u016btu iztur\u012bgi un efekt\u012bvi, kas samazina nepiecie\u0161am\u012bbu p\u0113c bie\u017eas apkopes vai nomai\u0146as. Tas ilgtermi\u0146\u0101 var nodro\u0161in\u0101t iev\u0113rojamu izmaksu ietaup\u012bjumu.<\/p>\n<p>Turkl\u0101t to elast\u012bba un sader\u012bba ar da\u017e\u0101d\u0101m iek\u0101rt\u0101m un \u0161\u0137idrumiem var samazin\u0101t nepiecie\u0161am\u012bbu p\u0113c specializ\u0113ta apr\u012bkojuma, kas var ar\u012b pal\u012bdz\u0113t samazin\u0101t izmaksas.<\/p>\n<p>Nosl\u0113gum\u0101 j\u0101saka, ka regul\u0113jami skavu tipa cilindri ir b\u016btiska hidraulisko ma\u0161\u012bnu sast\u0101vda\u013ca. To iztur\u012bba, efekt\u012bv\u0101 darb\u012bba, elast\u012bba un izmaksu efektivit\u0101te padara tos par lab\u0101ko ma\u0161\u012bnu risin\u0101jumu. T\u0101tad, ja mekl\u0113jat uzticamu un efekt\u012bvu hidraulisko cilindru savai ma\u0161\u012bnai, apsveriet regul\u0113jama skavu tipa cilindra izv\u0113li. Un atcerieties atsl\u0113gv\u0101rdus: iztur\u012bgs sniega arkla virzu\u013ca hidrauliskais cilindrs, divk\u0101r\u0161as darb\u012bbas hidrauliskais cilindrs.<\/p>\n<h3>Par FMP \u2013 hidraulisko cilindru<\/h3>\n<p>FMP ir vado\u0161ais uz\u0146\u0113mums, kas specializ\u0113jas celtniec\u012bbas tehnikas deta\u013cu un pilnu iek\u0101rtu ra\u017eo\u0161an\u0101 un p\u0101rdo\u0161an\u0101. Ar daudzu gadu pieredzi nozar\u0113 un profesion\u0101lu komandu m\u0113s nodro\u0161in\u0101m klientiem augstas kvalit\u0101tes un uzticamus celtniec\u012bbas tehnikas risin\u0101jumus. FMP m\u0113s pied\u0101v\u0101jam pla\u0161u produktu kl\u0101stu, tostarp hidrauliskos cilindrus, lauksaimniec\u012bbas tehnikas p\u0101rnesumk\u0101rbas, planet\u0101r\u0101s p\u0101rnesumk\u0101rbas, r\u016bpniecisk\u0101s p\u0101rnesumk\u0101rbas, lauksaimniec\u012bbas tehnikas deta\u013cas un virkni augst\u0101k\u0101 l\u012bme\u0146a piederumu, kas tiem atbilst.<\/p>\n<p>\u0160eit ir da\u017ei iemesli, k\u0101p\u0113c jums vajadz\u0113tu izv\u0113l\u0113ties m\u016bsu pied\u0101v\u0101tos hidraulisko cilindru produktus:<\/p>\n<p>1. Augsta kvalit\u0101te: M\u0113s sadarbojamies ar augstas kvalit\u0101tes pieg\u0101d\u0101t\u0101jiem gan viet\u0113j\u0101, gan starptautisk\u0101 m\u0113rog\u0101, lai nodro\u0161in\u0101tu, ka pieg\u0101d\u0101jam tikai deta\u013cas, kas atbilst stingriem kvalit\u0101tes standartiem. M\u016bsu hidrauliskie cilindri ir iztur\u012bgi, uzticami un izstr\u0101d\u0101ti, lai nodro\u0161in\u0101tu optim\u0101lu veiktsp\u0113ju vissare\u017e\u0123\u012bt\u0101kajos apst\u0101k\u013cos.<\/p>\n<p>2. Profesion\u0101la p\u0101rdo\u0161anas komanda: M\u016bsu p\u0101rdo\u0161anas komandu veido pieredz\u0113ju\u0161i un prasm\u012bgi speci\u0101listi ar padzi\u013cin\u0101t\u0101m zin\u0101\u0161an\u0101m b\u016bvniec\u012bbas tehnikas nozar\u0113. Vi\u0146i vienm\u0113r ir gatavi sniegt klientiem profesion\u0101las konsult\u0101cijas par produktiem un p\u0101rdom\u0101tus pirk\u0161anas ieteikumus.<\/p>\n<p>3. Efekt\u012bva lo\u0123istikas izplat\u012b\u0161ana: Mums ir efekt\u012bva lo\u0123istikas izplat\u012b\u0161anas sist\u0113ma, kas nodro\u0161ina, ka klienti savlaic\u012bgi un prec\u012bzi sa\u0146em nepiecie\u0161am\u0101s deta\u013cas. Kad veiksiet pas\u016bt\u012bjumu pie mums, m\u0113s nodro\u0161in\u0101sim, ka tas tiks pieg\u0101d\u0101ts jums p\u0113c iesp\u0113jas \u0101tr\u0101k.<\/p>\n<p>4. Piel\u0101gojami: m\u016bsu hidrauliskie cilindri ir \u013coti piel\u0101gojami, un m\u0113s varam tos piel\u0101got atbilsto\u0161i m\u016bsu klientu \u012bpa\u0161aj\u0101m vajadz\u012bb\u0101m un pras\u012bb\u0101m. M\u0113s pied\u0101v\u0101jam da\u017e\u0101das iesp\u0113jas, piem\u0113ram, regul\u0113jamus cilindrus ar skavu, cilindrus ar \u0161arn\u012brsavienojumu, metin\u0101tus cilindrus un citus.<\/p>\n<p>5. Konkur\u0113tsp\u0113j\u012bgas cenas: FMP m\u0113s pied\u0101v\u0101jam savus produktus par konkur\u0113tsp\u0113j\u012bg\u0101m cen\u0101m. M\u0113s uzskat\u0101m, ka augstas kvalit\u0101tes produktiem nevajadz\u0113tu b\u016bt p\u0101rsp\u012bl\u0113ti augst\u0101m cen\u0101m. M\u016bsu m\u0113r\u0137is ir nodro\u0161in\u0101t m\u016bsu klientiem vislab\u0101ko cenas un v\u0113rt\u012bbas attiec\u012bbu.<\/p>\n<p>Nosl\u0113gum\u0101 j\u0101saka, ka, ja mekl\u0113jat uzticamus un augstas kvalit\u0101tes hidrauliskos cilindrus, FMP ir j\u016bsu lab\u0101k\u0101 izv\u0113le. M\u016bsu produkti ir iztur\u012bgi, uzticami un izstr\u0101d\u0101ti, lai nodro\u0161in\u0101tu optim\u0101lu veiktsp\u0113ju vissare\u017e\u0123\u012bt\u0101kajos apst\u0101k\u013cos. Sazinieties ar mums jau \u0161odien, lai uzzin\u0101tu vair\u0101k par m\u016bsu produktiem un pakalpojumiem.<\/p>\n<p><img decoding=\"async\" src=\"https:\/\/fmp-components.com\/wp-content\/uploads\/2024\/12\/Adjustable-Clevis-Type-Cylinders-6.webp\" alt=\"Regul\u0113jams skavu tipa cilindrs\" width=\"839\" title=\"\"><\/p>\n<h2>Bie\u017ei uzdotie jaut\u0101jumi<\/h2>\n<p><img decoding=\"async\" title=\"Sniega arkla hidrauliskais cilindrs\" src=\"https:\/\/hzpt.com\/wp-content\/uploads\/2023\/11\/Snow-Plow-Hydraulic-Cylinder-1.webp\" alt=\"Sniega arkla hidrauliskais cilindrs\" \/><\/p>\n<h3>J: K\u0101ds ir j\u016bsu hidraulisko cilindru pieg\u0101des laiks?<\/h3>\n<p>A: Visp\u0101r\u0113jais pieg\u0101des laiks ir 25\u201335 dienas.<\/p>\n<h3>J: Vai varu piepras\u012bt j\u016bsu produkta paraugu?<\/h3>\n<p>A: J\u0101, m\u0113s pied\u0101v\u0101jam produktu paraugus, ta\u010du tie nav bez maksas.<\/p>\n<h3>J: Vai j\u016bs varat ra\u017eot hidrauliskos cilindrus p\u0113c konkr\u0113tiem paraugiem vai tehniskiem ras\u0113jumiem?<\/h3>\n<p>A: J\u0101, m\u0113s varam ra\u017eot produktus p\u0113c j\u016bsu paraugiem vai tehniskajiem ras\u0113jumiem. M\u0113s varam ar\u012b izgatavot veidnes un armat\u016bru.<br \/>\nAutors: CX<\/p>","protected":false},"excerpt":{"rendered":"<p>Durable Snow Plow Piston Hydraulic Cylinder Double Acting Hydraulic Cylinder: Your Ultimate Machinery SolutionThe Durable Snow Plow Piston Hydraulic Cylinder Double Acting Hydraulic Cylinder is the ultimate solution for all your machinery needs. Whether you&#8217;re plowing snow or working on a construction site, this hydraulic cylinder is designed to deliver exceptional performance and durability. Crafted [&hellip;]<\/p>","protected":false},"featured_media":1523,"comment_status":"closed","ping_status":"closed","template":"","meta":{"_et_pb_use_builder":"","_et_pb_old_content":"","_et_gb_content_width":""},"product_brand":[],"product_cat":[42],"product_tag":[34,44],"class_list":{"0":"post-1522","1":"product","2":"type-product","3":"status-publish","4":"has-post-thumbnail","6":"product_cat-snow-plow-hydraulic-cylinder","7":"product_tag-hydraulic-cylinder","8":"product_tag-snow-plow-hydraulic-cylinder","10":"first","11":"instock","12":"product-type-simple"},"_links":{"self":[{"href":"https:\/\/fmp-components.com\/lv\/wp-json\/wp\/v2\/product\/1522","targetHints":{"allow":["GET"]}}],"collection":[{"href":"https:\/\/fmp-components.com\/lv\/wp-json\/wp\/v2\/product"}],"about":[{"href":"https:\/\/fmp-components.com\/lv\/wp-json\/wp\/v2\/types\/product"}],"replies":[{"embeddable":true,"href":"https:\/\/fmp-components.com\/lv\/wp-json\/wp\/v2\/comments?post=1522"}],"wp:featuredmedia":[{"embeddable":true,"href":"https:\/\/fmp-components.com\/lv\/wp-json\/wp\/v2\/media\/1523"}],"wp:attachment":[{"href":"https:\/\/fmp-components.com\/lv\/wp-json\/wp\/v2\/media?parent=1522"}],"wp:term":[{"taxonomy":"product_brand","embeddable":true,"href":"https:\/\/fmp-components.com\/lv\/wp-json\/wp\/v2\/product_brand?post=1522"},{"taxonomy":"product_cat","embeddable":true,"href":"https:\/\/fmp-components.com\/lv\/wp-json\/wp\/v2\/product_cat?post=1522"},{"taxonomy":"product_tag","embeddable":true,"href":"https:\/\/fmp-components.com\/lv\/wp-json\/wp\/v2\/product_tag?post=1522"}],"curies":[{"name":"wp","href":"https:\/\/api.w.org\/{rel}","templated":true}]}}