{"id":1520,"date":"2024-12-23T05:50:37","date_gmt":"2024-12-23T05:50:37","guid":{"rendered":"https:\/\/fmp-components.com\/product\/high-quality-mini-customized-hydraulic-cylinder-for-snow-plow\/"},"modified":"2025-03-18T02:10:23","modified_gmt":"2025-03-18T02:10:23","slug":"high-quality-mini-customized-hydraulic-cylinder-for-snow-plow","status":"publish","type":"product","link":"https:\/\/fmp-components.com\/lv\/product\/high-quality-mini-customized-hydraulic-cylinder-for-snow-plow\/","title":{"rendered":"Augstas kvalit\u0101tes mini piel\u0101gots hidrauliskais cilindrs sniega arklam"},"content":{"rendered":"<h2>Augstas kvalit\u0101tes mini piel\u0101gots hidrauliskais cilindrs sniega arklam<\/h2>\n<p>Iepaz\u012bstin\u0101m ar augstas kvalit\u0101tes mini piel\u0101gotu hidraulisko cilindru sniega arklam:<\/p>\n<p>Augstas kvalit\u0101tes mini piel\u0101gotais hidrauliskais cilindrs sniega arklam ir augst\u0101k\u0101s klases produkts, kas paredz\u0113ts sniega ar\u0161anas \u012bpa\u0161aj\u0101m vajadz\u012bb\u0101m. \u0160is hidrauliskais cilindrs ir izstr\u0101d\u0101ts ar precizit\u0101ti un pieredzi, lai nodro\u0161in\u0101tu optim\u0101lu veiktsp\u0113ju vissmag\u0101kajos ziemas apst\u0101k\u013cos.<\/p>\n<p>Pateicoties kompaktajam dizainam, \u0161is hidrauliskais cilindrs pied\u0101v\u0101 izcilu funkcionalit\u0101ti, vienlaikus aiz\u0146emot minim\u0101lu vietu. T\u0101 miniat\u016brais izm\u0113rs \u013cauj to viegli uzst\u0101d\u012bt un integr\u0113t eso\u0161aj\u0101s sniega t\u012br\u012b\u0161anas sist\u0113m\u0101s. Neskatoties uz mazo izm\u0113ru, tas nodro\u0161ina izcilu jaudu un efektivit\u0101ti, padarot to par ide\u0101lu izv\u0113li sniega t\u012br\u012b\u0161anas darbiem.<\/p>\n<p><img decoding=\"async\" title=\"Sniega arkla hidrauliskais cilindrs\" src=\"https:\/\/hzpt.com\/wp-content\/uploads\/2023\/11\/Snow-Plow-Hydraulic-Cylinder-3.webp\" alt=\"Sniega arkla hidrauliskais cilindrs\" \/><\/p>\n<p>\u0160is hidrauliskais cilindrs ir izgatavots no augstas kvalit\u0101tes materi\u0101liem un ir paredz\u0113ts iztur\u0113t ekstrem\u0101las temperat\u016bras un intens\u012bvu lieto\u0161anu. Tas ir konstru\u0113ts, lai nodro\u0161in\u0101tu maksim\u0101lu iztur\u012bbu un ilgm\u016b\u017e\u012bbu, garant\u0113jot uzticamu veiktsp\u0113ju sezonu p\u0113c sezonas. Pateicoties t\u0101 iztur\u012bgajai konstrukcijai, tas var viegli tikt gal\u0101 ar sare\u017e\u0123\u012btiem sniega t\u012br\u012b\u0161anas uzdevumiem, piem\u0113ram, smagu sniega kravu stum\u0161anu un cel\u0161anu.<\/p>\n<p>\u0160im hidrauliskajam cilindram pieejam\u0101s piel\u0101go\u0161anas iesp\u0113jas padara to par daudzpus\u012bgu izv\u0113li da\u017e\u0101diem sniega arklu iestat\u012bjumiem. To var piel\u0101got \u012bpa\u0161\u0101m pras\u012bb\u0101m, tostarp g\u0101jiena garumam, mont\u0101\u017eas iesp\u0113j\u0101m un spiediena v\u0113rt\u0113jumam. \u0160\u012b elast\u012bba nodro\u0161ina, ka to var neman\u0101mi integr\u0113t ar da\u017e\u0101d\u0101m sniega arklu sist\u0113m\u0101m, uzlabojot to efektivit\u0101ti un lietder\u012bbu.<\/p>\n<p>Papildus iespaid\u012bgajai funkcionalit\u0101tei \u0161is hidrauliskais cilindrs lepojas ar\u012b ar uzlabot\u0101m dro\u0161\u012bbas funkcij\u0101m. Tas ir izstr\u0101d\u0101ts ar ieb\u016bv\u0113tiem meh\u0101nismiem, lai nov\u0113rstu p\u0101rslodzi un nodro\u0161in\u0101tu vienm\u0113r\u012bgas un kontrol\u0113tas kust\u012bbas. \u0160\u012bs dro\u0161\u012bbas funkcijas ne tikai aizsarg\u0101 apr\u012bkojumu, bet ar\u012b nodro\u0161ina operatoru dro\u0161\u012bbu sniega t\u012br\u012b\u0161anas laik\u0101.<\/p>\n<p>Kopum\u0101 augstas kvalit\u0101tes mini piel\u0101gotais hidrauliskais cilindrs sniega arklam ir uzticams un augstas veiktsp\u0113jas produkts, kas ir b\u016btisks efekt\u012bvai sniega t\u012br\u012b\u0161anai. Ar savu kompakto dizainu, iztur\u012bbu, piel\u0101go\u0161anas iesp\u0113j\u0101m un uzlabotaj\u0101m dro\u0161\u012bbas funkcij\u0101m tas ir lieliska izv\u0113le jebkuram sniega arkla pielietojumam. Izbaudiet \u0161\u012b hidraulisk\u0101 cilindra jaudu un uzticam\u012bbu un padariet sniega ar\u0161anas darbus vieglus un efekt\u012bvus. Atkl\u0101jiet m\u016bsu augstas kvalit\u0101tes mini piel\u0101got\u0101 hidraulisk\u0101 cilindra sniega arklam jaudu un efektivit\u0101ti. M\u016bsu produkts ir apliecin\u0101jums jaun\u0101kaj\u0101m tehnolo\u0123ij\u0101m un stingrai kvalit\u0101tes kontrolei, ar ko m\u0113s esam slaveni. FMP Transmission m\u0113s esam ap\u0146\u0113mu\u0161ies nodro\u0161in\u0101t izcilu kvalit\u0101ti par konkur\u0113tsp\u0113j\u012bg\u0101m cen\u0101m. M\u0113s saprotam iztur\u012bbas un veiktsp\u0113jas noz\u012bmi, \u012bpa\u0161i smag\u0101s lietojumprogramm\u0101s, piem\u0113ram, sniega ar\u0161an\u0101. T\u0101p\u0113c m\u016bsu hidrauliskais cilindrs izce\u013cas tirg\u016b.<\/p>\n<h2>Produkta funkcijas<\/h2>\n<p>M\u016bsu mini piel\u0101gotais hidrauliskais cilindrs sniega t\u012br\u012bt\u0101jam nav vienk\u0101r\u0161i hidrauliskais cilindrs. Tas ir \u012bpa\u0161i izstr\u0101d\u0101ts iztur\u012bbai, uzticam\u012bbai un efektivit\u0101tei. \u0160eit ir da\u017eas no t\u0101 izcil\u0101kaj\u0101m \u012bpa\u0161\u012bb\u0101m:<\/p>\n<ul>\n<li><b>St\u0101voklis:<\/b> Garant\u0113ti jauns ar 1 gada garantiju<\/li>\n<li><b>Piem\u0113rojam\u0101s nozares:<\/b> Ide\u0101li piem\u0113rots ma\u0161\u012bnu remonta darbn\u012bc\u0101m, lauksaimniec\u012bbas zem\u0113m, ener\u0123\u0113tikas un kalnr\u016bpniec\u012bbas nozarei, ma\u0161\u012bnu ra\u017eo\u0161anai, ma\u0161\u012bnu r\u016bpn\u012bc\u0101m<\/li>\n<li><b>Galven\u0101s sast\u0101vda\u013cas:<\/b> Gultnis, hidrauliskais cilindrs<\/li>\n<li><b>Jauda un strukt\u016bra:<\/b> Darbojas ar hidraulisko jaudu, izmantojot iztur\u012bgu virzu\u013ccilindra konstrukciju<\/li>\n<li><b>Korpusa materi\u0101ls:<\/b> Izgatavots no augstas kvalit\u0101tes t\u0113rauda<\/li>\n<li><b>Maksim\u0101l\u0101 vilce un vilkme:<\/b> Nodro\u0161ina maksim\u0101lo vilci 3000 tonnu un maksim\u0101lo vilkmi 20 tonnas<\/li>\n<\/ul>\n<h2>Apkope un kop\u0161ana<\/h2>\n<p>Hidraulisk\u0101 cilindra apkope ir \u013coti svar\u012bga, lai nodro\u0161in\u0101tu t\u0101 ilgm\u016b\u017e\u012bbu. Regul\u0101ras p\u0101rbaudes, lai noteiktu nopl\u016bdes, savlaic\u012bga e\u013c\u013cas mai\u0146a un hidraulisk\u0101s sist\u0113mas t\u012br\u012bba no pies\u0101r\u0146ot\u0101jiem var iev\u0113rojami pagarin\u0101t produkta kalpo\u0161anas laiku.<\/p>\n<h2>Regul\u0113jamu skavu tipa cilindru priek\u0161roc\u012bbas<\/h2>\n<ul>\n<li style=\"list-style-type: none;\">\n<ul>\n<li>Paaugstin\u0101ta daudzpus\u012bba<\/li>\n<\/ul>\n<\/li>\n<\/ul>\n<p>Regul\u0113jamais skavu tipa cilindrs ir daudzpus\u012bgs hidrauliskais cilindrs, ko var piel\u0101got pla\u0161am pielietojumu kl\u0101stam. Tas ir konstru\u0113ts ar skavu galu, ko var piel\u0101got da\u017e\u0101diem stiprin\u0101juma punktiem. Tas padara to ide\u0101li piem\u0113rotu lieto\u0161anai da\u017e\u0101da veida tehnik\u0101, tostarp sniega arkl\u0101.<\/p>\n<ul>\n<li style=\"list-style-type: none;\">\n<ul>\n<li>Uzlabota efektivit\u0101te<\/li>\n<\/ul>\n<\/li>\n<\/ul>\n<p>Augstas kvalit\u0101tes mini piel\u0101gotais hidrauliskais cilindrs sniega arklam ir izstr\u0101d\u0101ts, lai uzlabotu efektivit\u0101ti. Tas ir izgatavots no augstas kvalit\u0101tes materi\u0101liem un ir paredz\u0113ts iztur\u0113t ekstrem\u0101las temperat\u016bras un skarbus apst\u0101k\u013cus. Tas noz\u012bm\u0113, ka tas var efekt\u012bvi darboties vissare\u017e\u0123\u012bt\u0101kajos apst\u0101k\u013cos, padarot to par ide\u0101lu izv\u0113li lieto\u0161anai sniega arkl\u0101s.<\/p>\n<ul>\n<li style=\"list-style-type: none;\">\n<ul>\n<li>Paaugstin\u0101ta iztur\u012bba<\/li>\n<\/ul>\n<\/li>\n<\/ul>\n<p>Augstas kvalit\u0101tes mini piel\u0101gotais hidrauliskais cilindrs sniega arklam ir izgatavots no augstas kvalit\u0101tes materi\u0101liem, kas ir paredz\u0113ti ilgam kalpo\u0161anas laikam. Tas ir izstr\u0101d\u0101ts, lai iztur\u0113tu skarbus apst\u0101k\u013cus un ekstrem\u0101las temperat\u016bras, nodro\u0161inot t\u0101 efekt\u012bvu darb\u012bbu vissare\u017e\u0123\u012bt\u0101kajos apst\u0101k\u013cos. Tas padara to par ide\u0101lu izv\u0113li lieto\u0161anai sniega arkl\u0101s, kur tas b\u016bs pak\u013cauts sniegam, ledum un citiem skarbiem apst\u0101k\u013ciem.<\/p>\n<ul>\n<li style=\"list-style-type: none;\">\n<ul>\n<li>Samazin\u0101tas uztur\u0113\u0161anas izmaksas<\/li>\n<\/ul>\n<\/li>\n<\/ul>\n<p>Augstas kvalit\u0101tes mini piel\u0101gotais hidrauliskais cilindrs sniega arklam ir izstr\u0101d\u0101ts t\u0101, lai tam b\u016btu nepiecie\u0161ama neliela apkope, kas var pal\u012bdz\u0113t samazin\u0101t apkopes izmaksas. Tas ir izgatavots no augstas kvalit\u0101tes materi\u0101liem, kas ir paredz\u0113ti ilgam kalpo\u0161anas laikam, kas noz\u012bm\u0113, ka tam b\u016bs nepiecie\u0161ams ret\u0101ks remonts un nomai\u0146a. Tas var pal\u012bdz\u0113t samazin\u0101t sniega arklu un citas tehnikas apkopes kop\u0113j\u0101s izmaksas.<\/p>\n<ul>\n<li style=\"list-style-type: none;\">\n<ul>\n<li>Uzlabota veiktsp\u0113ja<\/li>\n<\/ul>\n<\/li>\n<\/ul>\n<p>Augstas kvalit\u0101tes mini piel\u0101gotais hidrauliskais cilindrs sniega arklam ir izstr\u0101d\u0101ts, lai uzlabotu veiktsp\u0113ju. Tas ir izgatavots no augstas kvalit\u0101tes materi\u0101liem un ir paredz\u0113ts efekt\u012bvai darb\u012bbai vissare\u017e\u0123\u012bt\u0101kajos apst\u0101k\u013cos. Tas noz\u012bm\u0113, ka tas var pal\u012bdz\u0113t uzlabot sniega arklu veiktsp\u0113ju, padarot tos efekt\u012bv\u0101kus sniega un ledus t\u012br\u012b\u0161an\u0101 no ce\u013ciem un cit\u0101m virsm\u0101m.<\/p>\n<p>Nosl\u0113gum\u0101 j\u0101saka, ka augstas kvalit\u0101tes mini piel\u0101gotais hidrauliskais cilindrs sniega arklam ir ide\u0101la izv\u0113le izmanto\u0161anai sniega arkl\u0101. Tas ir izstr\u0101d\u0101ts ar regul\u0113jamu skavu galu, ko var piel\u0101got da\u017e\u0101diem stiprin\u0101juma punktiem, padarot to par daudzpus\u012bgu hidraulisko cilindru, ko var izmantot da\u017e\u0101da veida ma\u0161\u012bn\u0101s. Tas ir ar\u012b izgatavots no augstas kvalit\u0101tes materi\u0101liem, kas ir paredz\u0113ti, lai iztur\u0113tu skarbus apst\u0101k\u013cus un ekstrem\u0101las temperat\u016bras, padarot to iztur\u012bgu un neprasot lielu apkopi. Turkl\u0101t tas ir izstr\u0101d\u0101ts, lai uzlabotu veiktsp\u0113ju, padarot to par efekt\u012bvu instrumentu sniega un ledus t\u012br\u012b\u0161anai no ce\u013ciem un cit\u0101m virsm\u0101m.<\/p>\n<h3>Par FMP hidraulisko cilindru<\/h3>\n<p>FMP ir paz\u012bstams It\u0101lij\u0101 b\u0101z\u0113ts uz\u0146\u0113mums, kas specializ\u0113jas augstas kvalit\u0101tes celtniec\u012bbas tehnikas deta\u013cu un pilnu ma\u0161\u012bnu pieg\u0101d\u0113. M\u0113s pied\u0101v\u0101jam klientiem pla\u0161u celtniec\u012bbas tehnikas kl\u0101stu, tostarp lauksaimniec\u012bbas tehnikas p\u0101rnesumk\u0101rbas, planet\u0101r\u0101s p\u0101rnesumk\u0101rbas, r\u016bpniecisk\u0101s p\u0101rnesumk\u0101rbas un virkni augst\u0101k\u0101s klases piederumu, kas t\u0101m atbilst. M\u016bsu hidrauliskais cilindrs ir viens no m\u016bsu lab\u0101kajiem produktiem, ko m\u0113s ar lepnumu iesak\u0101m saviem klientiem. L\u016bk, da\u017ei iemesli, k\u0101p\u0113c:<\/p>\n<ol>\n<li><strong>Augstas kvalit\u0101tes materi\u0101ls:<\/strong> M\u016bsu hidrauliskie cilindri ir izgatavoti no augstas kvalit\u0101tes materi\u0101liem, kas ir iztur\u012bgi un var iztur\u0113t sare\u017e\u0123\u012btus darba apst\u0101k\u013cus. Tas nodro\u0161ina to ilg\u0101ku kalpo\u0161anas laiku un maz\u0101kas apkopes izmaksas.<\/li>\n<li><strong>Piel\u0101gojams:<\/strong> M\u0113s pied\u0101v\u0101jam pla\u0161u hidraulisko cilindru kl\u0101stu, tostarp regul\u0113jamus skavu tipa cilindrus, st\u016bres stie\u0146u cilindrus, metin\u0101tus cilindrus un daudzus citus. J\u016bs varat izv\u0113l\u0113ties sev piem\u0113rot\u0101ko tipu, un m\u0113s varam ar\u012b piel\u0101got dizainu atbilsto\u0161i j\u016bsu pras\u012bb\u0101m.<\/li>\n<li><strong>Profesion\u0101l\u0101 komanda:<\/strong> M\u016bsu profesion\u0101\u013cu komandai ir daudzu gadu pieredze celtniec\u012bbas tehnikas nozar\u0113. Vi\u0146i var sniegt jums profesion\u0101las konsult\u0101cijas par produktiem un p\u0101rdom\u0101tus pirk\u0161anas ieteikumus, lai pal\u012bdz\u0113tu jums pie\u0146emt p\u0101rdom\u0101tus l\u0113mumus.<\/li>\n<li><strong>Stingri kvalit\u0101tes standarti:<\/strong> M\u0113s veidojam ilgtermi\u0146a un stabilas sadarb\u012bbas attiec\u012bbas ar daudziem augstas kvalit\u0101tes pieg\u0101d\u0101t\u0101jiem gan m\u0101j\u0101s, gan \u0101rzem\u0113s, nodro\u0161inot, ka visas pieg\u0101d\u0101t\u0101s deta\u013cas atbilst stingriem kvalit\u0101tes standartiem.<\/li>\n<li><strong>Efekt\u012bva lo\u0123istikas izplat\u012b\u0161ana:<\/strong> Mums ir efekt\u012bva lo\u0123istikas izplat\u012b\u0161anas sist\u0113ma, lai nodro\u0161in\u0101tu, ka klienti savlaic\u012bgi un prec\u012bzi sa\u0146em nepiecie\u0161am\u0101s deta\u013cas. Tas pal\u012bdz samazin\u0101t d\u012bkst\u0101ves laiku un uzlabot kop\u0113jo produktivit\u0101ti.<\/li>\n<\/ol>\n<p>Izmantojot FMP hidraulisko cilindru, j\u016bs varat sagaid\u012bt uzticamu un iztur\u012bgu veiktsp\u0113ju, kas sp\u0113j iztur\u0113t sare\u017e\u0123\u012btus darba apst\u0101k\u013cus. M\u016bsu produkti ir izgatavoti no augstas kvalit\u0101tes materi\u0101liem un ir piel\u0101gojami j\u016bsu \u012bpa\u0161aj\u0101m pras\u012bb\u0101m. Mums ir profesion\u0101\u013cu komanda, kas var sniegt jums ekspertu padomus un stingru kvalit\u0101tes kontroles procesu, lai nodro\u0161in\u0101tu, ka sa\u0146emat tikai lab\u0101kos produktus. Izmantojot m\u016bsu efekt\u012bvo lo\u0123istikas izplat\u012b\u0161anas sist\u0113mu, j\u016bs varat b\u016bt p\u0101rliecin\u0101ti, ka sa\u0146emsiet savas deta\u013cas laik\u0101 un samazin\u0101siet d\u012bkst\u0101ves laiku. Sazinieties ar mums t\u016bl\u012bt un uzziniet, k\u0101 m\u0113s varam pal\u012bdz\u0113t uzlabot j\u016bsu celtniec\u012bbas tehnikas veiktsp\u0113ju!<\/p>\n<p><img decoding=\"async\" src=\"https:\/\/fmp-components.com\/wp-content\/uploads\/2024\/12\/Adjustable-Clevis-Type-Cylinders-6.webp\" alt=\"Regul\u0113jams skavu tipa cilindrs\" width=\"838\" title=\"\"><\/p>\n<h2>Bie\u017ei uzdotie jaut\u0101jumi<\/h2>\n<dl>\n<dt><b>J: Vai j\u016bs esat tirdzniec\u012bbas uz\u0146\u0113mums vai ra\u017eot\u0101js?<\/b><\/dt>\n<dd>A: M\u0113s esam ra\u017eot\u0101js.<\/dd>\n<dt><b>J: Cik ilgs ir j\u016bsu pieg\u0101des laiks?<\/b><\/dt>\n<dd>A: Parasti tas ir 25\u201335 dienas.<\/dd>\n<dt><b>J: Vai j\u016bs sniedzat paraugus? Vai tas ir bez maksas vai papildus?<\/b><\/dt>\n<dd>A: J\u0101, m\u0113s var\u0113tu pied\u0101v\u0101t paraugu, bet tas nav bez maksas.<\/dd>\n<\/dl>\n<p>Autors: CX<\/p>","protected":false},"excerpt":{"rendered":"<p>High Quality Mini Customized Hydraulic Cylinder for Snow Plow Introducing the High Quality Mini Customized Hydraulic Cylinder for Snow Plow: The High Quality Mini Customized Hydraulic Cylinder for Snow Plow is a top-notch product designed to meet the specific needs of snow plowing. This hydraulic cylinder is engineered with precision and expertise to ensure optimal [&hellip;]<\/p>","protected":false},"featured_media":1521,"comment_status":"closed","ping_status":"closed","template":"","meta":{"_et_pb_use_builder":"","_et_pb_old_content":"","_et_gb_content_width":""},"product_brand":[],"product_cat":[42],"product_tag":[34,44],"class_list":{"0":"post-1520","1":"product","2":"type-product","3":"status-publish","4":"has-post-thumbnail","6":"product_cat-snow-plow-hydraulic-cylinder","7":"product_tag-hydraulic-cylinder","8":"product_tag-snow-plow-hydraulic-cylinder","10":"first","11":"instock","12":"product-type-simple"},"_links":{"self":[{"href":"https:\/\/fmp-components.com\/lv\/wp-json\/wp\/v2\/product\/1520","targetHints":{"allow":["GET"]}}],"collection":[{"href":"https:\/\/fmp-components.com\/lv\/wp-json\/wp\/v2\/product"}],"about":[{"href":"https:\/\/fmp-components.com\/lv\/wp-json\/wp\/v2\/types\/product"}],"replies":[{"embeddable":true,"href":"https:\/\/fmp-components.com\/lv\/wp-json\/wp\/v2\/comments?post=1520"}],"wp:featuredmedia":[{"embeddable":true,"href":"https:\/\/fmp-components.com\/lv\/wp-json\/wp\/v2\/media\/1521"}],"wp:attachment":[{"href":"https:\/\/fmp-components.com\/lv\/wp-json\/wp\/v2\/media?parent=1520"}],"wp:term":[{"taxonomy":"product_brand","embeddable":true,"href":"https:\/\/fmp-components.com\/lv\/wp-json\/wp\/v2\/product_brand?post=1520"},{"taxonomy":"product_cat","embeddable":true,"href":"https:\/\/fmp-components.com\/lv\/wp-json\/wp\/v2\/product_cat?post=1520"},{"taxonomy":"product_tag","embeddable":true,"href":"https:\/\/fmp-components.com\/lv\/wp-json\/wp\/v2\/product_tag?post=1520"}],"curies":[{"name":"wp","href":"https:\/\/api.w.org\/{rel}","templated":true}]}}