{"id":1516,"date":"2024-12-23T05:50:37","date_gmt":"2024-12-23T05:50:37","guid":{"rendered":"https:\/\/fmp-components.com\/product\/professional-small-double-acting-snow-plow-hydraulic-cylinder\/"},"modified":"2024-12-23T06:10:51","modified_gmt":"2024-12-23T06:10:51","slug":"professional-small-double-acting-snow-plow-hydraulic-cylinder","status":"publish","type":"product","link":"https:\/\/fmp-components.com\/lv\/product\/professional-small-double-acting-snow-plow-hydraulic-cylinder\/","title":{"rendered":"Profesion\u0101ls mazs divk\u0101r\u0161as darb\u012bbas sniega arkla hidrauliskais cilindrs"},"content":{"rendered":"<h2>Profesion\u0101ls mazs divk\u0101r\u0161as darb\u012bbas sniega arkla hidrauliskais cilindrs<\/h2>\n<p>Iepaz\u012bstin\u0101m ar profesion\u0101lo mazo divk\u0101r\u0161\u0101s darb\u012bbas sniega t\u012br\u012bt\u0101ja hidraulisko cilindru:<\/p>\n<p>Profesion\u0101lais mazais divk\u0101r\u0161\u0101s darb\u012bbas sniega arkla hidrauliskais cilindrs ir augstas kvalit\u0101tes hidrauliskais cilindrs, kas \u012bpa\u0161i paredz\u0113ts sniega arkla lietojumiem. \u0160is cilindrs ir izgatavots, dom\u0101jot par precizit\u0101ti un iztur\u012bbu, padarot to par ide\u0101lu izv\u0113li sniega t\u012br\u012b\u0161anas nozares profesion\u0101\u013ciem.<\/p>\n<p>Pateicoties divk\u0101r\u0161as darb\u012bbas konstrukcijai, \u0161is hidrauliskais cilindrs \u013cauj gan izvilkt, gan ievilkt arkla l\u0101pstu, nodro\u0161inot efekt\u012bvu un lietder\u012bgu sniega t\u012br\u012b\u0161anu. Cilindrs ir apr\u012bkots ar modernu hidraulisko tehnolo\u0123iju, kas nodro\u0161ina vienm\u0113r\u012bgu un uzticamu darb\u012bbu pat vissmag\u0101kajos ziemas apst\u0101k\u013cos.<\/p>\n<p>Profesion\u0101lais mazais divk\u0101r\u0161\u0101s darb\u012bbas sniega t\u012br\u012bt\u0101ja hidrauliskais cilindrs ir izgatavots no augst\u0101k\u0101s kvalit\u0101tes materi\u0101liem, tostarp augstas stipr\u012bbas t\u0113rauda un korozijiztur\u012bgiem p\u0101rkl\u0101jumiem. Tas nodro\u0161ina t\u0101 ilgm\u016b\u017e\u012bbu un sp\u0113ju iztur\u0113t intens\u012bvu lieto\u0161anu, galu gal\u0101 ietaupot j\u016bsu laiku un naudu apkopei un nomai\u0146ai.<\/p>\n<p>\u0160im hidrauliskajam cilindram ir kompakts un moderniz\u0113ts dizains, un to ir viegli uzst\u0101d\u012bt, un tas neman\u0101mi iederas da\u017e\u0101d\u0101s sniega arklu sist\u0113m\u0101s. T\u0101 daudzpus\u012bg\u0101s mont\u0101\u017eas iesp\u0113jas nodro\u0161ina \u0113rtu piel\u0101go\u0161anu, piel\u0101gojoties da\u017e\u0101d\u0101m sniega arklu konfigur\u0101cij\u0101m un pras\u012bb\u0101m.<\/p>\n<p>Dro\u0161\u012bba ir galven\u0101 priorit\u0101te, lietojot profesion\u0101lo mazo divk\u0101r\u0161as darb\u012bbas sniega t\u012br\u012bt\u0101ja hidraulisko cilindru. Tas ir apr\u012bkots ar ieb\u016bv\u0113t\u0101m dro\u0161\u012bbas funkcij\u0101m, piem\u0113ram, spiediena samazin\u0101\u0161anas v\u0101rstiem un bl\u012bv\u0113m, lai nov\u0113rstu nopl\u016bdes un uztur\u0113tu optim\u0101lu veiktsp\u0113ju. Tas garant\u0113 gan operatora, gan apr\u012bkojuma dro\u0161\u012bbu.<\/p>\n<p>Nosl\u0113gum\u0101 j\u0101saka, ka profesion\u0101lais mazais divk\u0101r\u0161\u0101s darb\u012bbas sniega arkla hidrauliskais cilindrs ir izcils produkts, kas nodro\u0161ina izcilus rezult\u0101tus. T\u0101 iztur\u012bg\u0101 konstrukcija, efekt\u012bv\u0101 darb\u012bba un lietot\u0101jam draudz\u012bgais dizains padara to par lab\u0101ko izv\u0113li profesion\u0101\u013ciem, kas mekl\u0113 uzticamu un augstas veiktsp\u0113jas hidraulisko cilindru sniega arkla pielietojumam. Profesion\u0101lais mazais divk\u0101r\u0161\u0101s darb\u012bbas sniega arkla hidrauliskais cilindrs ir moderns instruments, kas izstr\u0101d\u0101ts veiktsp\u0113jai un iztur\u012bbai. \u0160is daudzpus\u012bgais instruments ir paredz\u0113ts pla\u0161am pielietojumu kl\u0101stam, tostarp tehnikas remonta darbn\u012bc\u0101m, saimniec\u012bb\u0101m, ener\u0123\u0113tikas un kalnr\u016bpniec\u012bbas nozar\u0113m, tehnikas ra\u017eo\u0161anai un tehnikas r\u016bpn\u012bc\u0101m.<img decoding=\"async\" title=\"Sniega arkla hidrauliskais cilindrs\" src=\"https:\/\/hzpt.com\/wp-content\/uploads\/2023\/11\/Snow-Plow-Hydraulic-Cylinder-1.webp\" alt=\"Sniega arkla hidrauliskais cilindrs\" \/><\/p>\n<h2>Izcilas produkta \u012bpa\u0161\u012bbas<\/h2>\n<p>\u0160is hidrauliskais cilindrs ir izgatavots no t\u0113rauda un paredz\u0113ts intens\u012bvai lieto\u0161anai. Tam ir standarta izm\u0113rs, virzu\u013ccilindra strukt\u016bra, un tas darbojas ar hidraulisko jaudu. Hidrauliskais cilindrs pied\u0101v\u0101 maksim\u0101lo vilces sp\u0113ku 3000 tonnu un maksim\u0101lo vilk\u0161anas sp\u0113ku 20 tonnas. \u0160is cilindrs, kas sver tikai 10 kg, ir ide\u0101li piem\u0113rots intens\u012bvai lieto\u0161anai, neapdraudot t\u0101 veiktsp\u0113ju.<\/p>\n<h3>Specifik\u0101cijas<\/h3>\n<ul>\n<li>Urbuma izm\u0113rs: 2\u20136 collas<\/li>\n<li>Stie\u0146a izm\u0113rs: 1,125\u20134 collas<\/li>\n<li>G\u0101jiena izm\u0113rs: 4\u2013100 collas<\/li>\n<li>Tapas izm\u0113rs: 0,5\u20132 collas<\/li>\n<li>Kr\u0101sa: melna<\/li>\n<\/ul>\n<h2>Uzticams un ticams<\/h2>\n<p>M\u016bsu profesion\u0101lajam mazajam divk\u0101r\u0161as darb\u012bbas sniega t\u012br\u012bt\u0101ja hidrauliskajam cilindram ir ISO9001:2000 sertifik\u0101ts. Tas ir jauns 2023. gada produkts, kas nodro\u0161ina p\u0101rliec\u012bbu par t\u0101 moderno dizainu un tehnolo\u0123iju. Tam ir viena gada garantija, kas nodro\u0161ina, ka t\u0101das galven\u0101s sast\u0101vda\u013cas k\u0101 gultnis un hidrauliskais cilindrs ir apdro\u0161in\u0101tas.<\/p>\n<h2>Regul\u0113jamu skavu tipa cilindru priek\u0161roc\u012bbas<\/h2>\n<p>Regul\u0113jami skavu tipa cilindri, kas paz\u012bstami ar\u012b k\u0101 regul\u0113jami skavu stiprin\u0101juma cilindri, ir hidrauliskie cilindri, kas pied\u0101v\u0101 da\u017e\u0101das priek\u0161roc\u012bbas un var b\u016bt v\u0113rt\u012bga sast\u0101vda\u013ca daudzos pielietojumos. \u0160aj\u0101 rakst\u0101 m\u0113s izp\u0113t\u012bsim \u0161o cilindru priek\u0161roc\u012bbas un to, k\u0101p\u0113c tie ir popul\u0101ra izv\u0113le nozar\u0113.<\/p>\n<h3>1. Uzlabota elast\u012bba un piel\u0101go\u0161an\u0101s sp\u0113ja<\/h3>\n<p>Viena no regul\u0113jamu skavu tipa cilindru galvenaj\u0101m priek\u0161roc\u012bb\u0101m ir to uzlabot\u0101 elast\u012bba un piel\u0101gojam\u012bba. \u0160ie cilindri ir apr\u012bkoti ar skavu stiprin\u0101jumu, kas \u013cauj viegli regul\u0113t un prec\u012bzi noregul\u0113t mont\u0101\u017eas poz\u012bciju. \u0160\u012b regul\u0113jam\u012bba \u013cauj piel\u0101got cilindru da\u017e\u0101diem pielietojumiem un mont\u0101\u017eas konfigur\u0101cij\u0101m, pied\u0101v\u0101jot liel\u0101ku uzst\u0101d\u012b\u0161anas elast\u012bbu.<\/p>\n<p>Profesion\u0101ls mazs divk\u0101r\u0161as darb\u012bbas sniega arkla hidrauliskais cilindrs<\/p>\n<h3>2. Uzlabota veiktsp\u0113ja un efektivit\u0101te<\/h3>\n<p>V\u0113l viena regul\u0113jamu skavu tipa cilindru priek\u0161roc\u012bba ir to sp\u0113ja uzlabot veiktsp\u0113ju un efektivit\u0101ti. \u0160ie cilindri ir paredz\u0113ti, lai nodro\u0161in\u0101tu prec\u012bzu hidraulisk\u0101s sist\u0113mas sp\u0113ka un \u0101truma kontroli. Piel\u0101gojot mont\u0101\u017eas poz\u012bciju un prec\u012bzi noregul\u0113jot cilindra g\u0101jiena garumu, operatori var optimiz\u0113t sist\u0113mas veiktsp\u0113ju un sasniegt augst\u0101ku efektivit\u0101ti da\u017e\u0101dos pielietojumos.<\/p>\n<h3>3. Optim\u0101la izl\u012bdzin\u0101\u0161ana un slodzes sadal\u012bjums<\/h3>\n<p>Regul\u0113jami skavu tipa cilindri ir \u012bpa\u0161i noder\u012bgi, lai pan\u0101ktu optim\u0101lu izl\u012bdzin\u0101\u0161anu un slodzes sadal\u012bjumu. Sak\u0146u stiprin\u0101jums \u013cauj viegli regul\u0113t izl\u012bdzin\u0101\u0161anu, nodro\u0161inot, ka cilindrs ir pareizi izl\u012bdzin\u0101ts ar slodzi un citiem sist\u0113mas komponentiem. \u0160is izl\u012bdzin\u0101jums pal\u012bdz vienm\u0113r\u012bgi sadal\u012bt slodzi, samazinot priek\u0161laic\u012bgas nodiluma risku un palielinot cilindra kop\u0113jo kalpo\u0161anas laiku.<\/p>\n<h3>4. Uzlabota dro\u0161\u012bba un uzticam\u012bba<\/h3>\n<p>Run\u0101jot par dro\u0161\u012bbu un uzticam\u012bbu, regul\u0113jamiem skavu tipa cilindriem ir vair\u0101kas priek\u0161roc\u012bbas. Sp\u0113ja regul\u0113t mont\u0101\u017eas poz\u012bciju nodro\u0161ina cilindra dro\u0161u piestiprin\u0101\u0161anu, samazinot negaid\u012btas kust\u012bbas vai atdal\u012b\u0161an\u0101s risku darb\u012bbas laik\u0101. Turkl\u0101t \u0161o cilindru prec\u012bz\u0101s regul\u0113\u0161anas iesp\u0113jas \u013cauj prec\u012bzi kontrol\u0113t sist\u0113mu, samazinot p\u0101rslodzes vai p\u0101rm\u0113r\u012bgas slodzes uz komponentiem iesp\u0113jam\u012bbu, t\u0101d\u0113j\u0101di uzlabojot visp\u0101r\u0113jo dro\u0161\u012bbu un uzticam\u012bbu.<\/p>\n<h3>5. Pla\u0161s pielietojumu kl\u0101sts<\/h3>\n<p>Regul\u0113jami skavu tipa cilindri tiek izmantoti da\u017e\u0101d\u0101s nozar\u0113s un sektoros. To elast\u012bba, piel\u0101gojam\u012bba un veiktsp\u0113ja padara tos piem\u0113rotus pla\u0161am uzdevumu kl\u0101stam, tostarp, bet ne tikai, lauksaimniec\u012bbas tehnikai, celtniec\u012bbas apr\u012bkojumam, materi\u0101lu apstr\u0101des sist\u0113m\u0101m un r\u016bpnieciskajai automatiz\u0101cijai. Neatkar\u012bgi no t\u0101, vai t\u0101 ir stum\u0161ana, vilk\u0161ana, cel\u0161ana vai tur\u0113\u0161ana, \u0161os cilindrus var piel\u0101got, lai tie atbilstu da\u017e\u0101du pielietojumu \u012bpa\u0161aj\u0101m pras\u012bb\u0101m.<\/p>\n<p>Nosl\u0113gum\u0101 j\u0101secina, ka regul\u0113jamie skavu tipa cilindri pied\u0101v\u0101 vair\u0101kas priek\u0161roc\u012bbas, kas padara tos par iecien\u012btu izv\u0113li daudz\u0101s nozar\u0113s. To elast\u012bba, veiktsp\u0113ja un piel\u0101gojam\u012bba, k\u0101 ar\u012b sp\u0113ja sasniegt optim\u0101lu izl\u012bdzin\u0101\u0161anu un slodzes sadal\u012bjumu veicina uzlabotu dro\u0161\u012bbu, uzticam\u012bbu un efektivit\u0101ti. Pateicoties pla\u0161ajam pielietojuma kl\u0101stam un iesp\u0113jai prec\u012bzi noregul\u0113t mont\u0101\u017eas poz\u012bciju, \u0161ie cilindri nodro\u0161ina uzticamu un efekt\u012bvu risin\u0101jumu da\u017e\u0101d\u0101m hidraulisko sist\u0113mu pras\u012bb\u0101m.<\/p>\n<h3>Par FMP<\/h3>\n<p>FMP ir vado\u0161ais uz\u0146\u0113mums, kas specializ\u0113jas hidraulisko cilindru ra\u017eo\u0161an\u0101 un p\u0101rdo\u0161an\u0101. Ar m\u016bsu galveno m\u012btni It\u0101lij\u0101, m\u0113s esam ieguvu\u0161i pla\u0161u pieredzi nozar\u0113 un izveidoju\u0161i profesion\u0101lu komandu, kas velt\u012bta tam, lai nodro\u0161in\u0101tu klientus ar augstas kvalit\u0101tes un uzticam\u0101m celtniec\u012bbas tehnikas deta\u013c\u0101m un pilniem ma\u0161\u012bnu risin\u0101jumiem.<\/p>\n<p><img decoding=\"async\" src=\"https:\/\/fmp-components.com\/wp-content\/uploads\/2024\/12\/Adjustable-Clevis-Type-Cylinders-6.webp\" alt=\"Regul\u0113jams skavu tipa cilindrs\" width=\"836\" title=\"\"><\/p>\n<p>\u0160eit ir piecas galven\u0101s m\u016bsu produktu un uz\u0146\u0113muma priek\u0161roc\u012bbas:<\/p>\n<ol>\n<li>Pla\u0161s produktu kl\u0101sts: M\u0113s pied\u0101v\u0101jam pla\u0161u hidraulisko cilindru kl\u0101stu, tostarp regul\u0113jamus skavu tipa cilindrus, kas ir piem\u0113roti da\u017e\u0101diem celtniec\u012bbas tehnikas pielietojumiem.<\/li>\n<li>Stingri kvalit\u0101tes standarti: Izveidojot ilgtermi\u0146a un stabilas sadarb\u012bbas attiec\u012bbas ar augstas kvalit\u0101tes pieg\u0101d\u0101t\u0101jiem gan viet\u0113j\u0101, gan starptautisk\u0101 m\u0113rog\u0101, m\u0113s nodro\u0161in\u0101m, ka visas pieg\u0101d\u0101t\u0101s deta\u013cas atbilst stingriem kvalit\u0101tes standartiem.<\/li>\n<li>Pieredz\u0113jusi p\u0101rdo\u0161anas komanda: M\u016bsu p\u0101rdo\u0161anas komandai ir padzi\u013cin\u0101tas zin\u0101\u0161anas par celtniec\u012bbas tehnikas nozares att\u012bst\u012bbas tendenc\u0113m un klientu vajadz\u012bb\u0101m. Vi\u0146i var sniegt profesion\u0101las produktu konsult\u0101cijas un pied\u0101v\u0101t p\u0101rdom\u0101tus pirk\u0161anas ieteikumus.<\/li>\n<li>Efekt\u012bva lo\u0123istikas izplat\u012b\u0161ana: Esam ieviesu\u0161i efekt\u012bvu lo\u0123istikas izplat\u012b\u0161anas sist\u0113mu, lai garant\u0113tu, ka klienti savlaic\u012bgi un prec\u012bzi sa\u0146em nepiecie\u0161am\u0101s deta\u013cas.<\/li>\n<li>Augst\u0101k\u0101 l\u012bme\u0146a piederumi: Papildus hidrauliskajiem cilindriem m\u0113s pied\u0101v\u0101jam ar\u012b virkni augst\u0101k\u0101 l\u012bme\u0146a piederumu, kas ir izstr\u0101d\u0101ti, lai perfekti papildin\u0101tu m\u016bsu produktus. \u0160ie piederumi v\u0113l vair\u0101k uzlabo celtniec\u012bbas tehnikas veiktsp\u0113ju un efektivit\u0101ti.<\/li>\n<\/ol>\n<p>Izv\u0113lieties FMP k\u0101 savu uzticamo partneri b\u016bvniec\u012bbas tehnikas nozar\u0113. Sazinieties ar mums jau \u0161odien, lai uzzin\u0101tu, k\u0101 m\u016bsu augstas kvalit\u0101tes hidrauliskie cilindri var atbilst j\u016bsu \u012bpa\u0161aj\u0101m pras\u012bb\u0101m un veicin\u0101t j\u016bsu projektu pan\u0101kumus.<\/p>\n<h2>Bie\u017ei uzdotie jaut\u0101jumi<\/h2>\n<h3>J: Vai j\u016bs esat tirdzniec\u012bbas uz\u0146\u0113mums vai ra\u017eot\u0101js?<\/h3>\n<p>A: M\u0113s esam ra\u017eot\u0101js.<\/p>\n<h3>J: Cik ilgs ir j\u016bsu pieg\u0101des laiks?<\/h3>\n<p>A: Parasti tas ir 25\u201335 dienas.<\/p>\n<h3>J: Vai j\u016bs sniedzat paraugus? Vai tas ir bez maksas vai papildus?<\/h3>\n<p>A: J\u0101, m\u0113s var\u0113tu pied\u0101v\u0101t paraugu, bet tas nav bez maksas.<\/p>\n<p>&nbsp;<\/p>\n<p>Autors: CX<\/p>","protected":false},"excerpt":{"rendered":"<p>Professional Small Double Acting Snow Plow Hydraulic Cylinder Introducing the Professional Small Double Acting Snow Plow Hydraulic Cylinder: The Professional Small Double Acting Snow Plow Hydraulic Cylinder is a high-quality hydraulic cylinder designed specifically for snow plow applications. This cylinder is built with precision and durability in mind, making it the perfect choice for professionals [&hellip;]<\/p>","protected":false},"featured_media":1517,"comment_status":"closed","ping_status":"closed","template":"","meta":{"_et_pb_use_builder":"","_et_pb_old_content":"","_et_gb_content_width":""},"product_brand":[],"product_cat":[42],"product_tag":[34,44],"class_list":{"0":"post-1516","1":"product","2":"type-product","3":"status-publish","4":"has-post-thumbnail","6":"product_cat-snow-plow-hydraulic-cylinder","7":"product_tag-hydraulic-cylinder","8":"product_tag-snow-plow-hydraulic-cylinder","10":"first","11":"instock","12":"product-type-simple"},"_links":{"self":[{"href":"https:\/\/fmp-components.com\/lv\/wp-json\/wp\/v2\/product\/1516","targetHints":{"allow":["GET"]}}],"collection":[{"href":"https:\/\/fmp-components.com\/lv\/wp-json\/wp\/v2\/product"}],"about":[{"href":"https:\/\/fmp-components.com\/lv\/wp-json\/wp\/v2\/types\/product"}],"replies":[{"embeddable":true,"href":"https:\/\/fmp-components.com\/lv\/wp-json\/wp\/v2\/comments?post=1516"}],"wp:featuredmedia":[{"embeddable":true,"href":"https:\/\/fmp-components.com\/lv\/wp-json\/wp\/v2\/media\/1517"}],"wp:attachment":[{"href":"https:\/\/fmp-components.com\/lv\/wp-json\/wp\/v2\/media?parent=1516"}],"wp:term":[{"taxonomy":"product_brand","embeddable":true,"href":"https:\/\/fmp-components.com\/lv\/wp-json\/wp\/v2\/product_brand?post=1516"},{"taxonomy":"product_cat","embeddable":true,"href":"https:\/\/fmp-components.com\/lv\/wp-json\/wp\/v2\/product_cat?post=1516"},{"taxonomy":"product_tag","embeddable":true,"href":"https:\/\/fmp-components.com\/lv\/wp-json\/wp\/v2\/product_tag?post=1516"}],"curies":[{"name":"wp","href":"https:\/\/api.w.org\/{rel}","templated":true}]}}