{"id":1514,"date":"2024-12-23T05:50:37","date_gmt":"2024-12-23T05:50:37","guid":{"rendered":"https:\/\/fmp-components.com\/product\/factory-direct-sale-2-ton-double-effect-small-snow-plow-hydraulic-cylinder\/"},"modified":"2025-05-10T13:02:11","modified_gmt":"2025-05-10T13:02:11","slug":"factory-direct-sale-2-ton-double-effect-small-snow-plow-hydraulic-cylinder","status":"publish","type":"product","link":"https:\/\/fmp-components.com\/lv\/product\/factory-direct-sale-2-ton-double-effect-small-snow-plow-hydraulic-cylinder\/","title":{"rendered":"R\u016bpn\u012bcas tie\u0161\u0101 p\u0101rdo\u0161ana 2 tonnu dubult\u0101 efekta maza sniega arkla hidrauliskais cilindrs"},"content":{"rendered":"<h2>Iepaz\u012bstin\u0101m ar r\u016bpn\u012bcas tie\u0161\u0101s p\u0101rdo\u0161anas 2 tonnu dubult\u0101s iedarb\u012bbas mazo sniega arklu hidraulisko cilindru<\/h2>\n<p>Ja jums ir nepiecie\u0161ams uzticams un efekt\u012bvs sniega t\u012br\u012b\u0161anas instruments, m\u016bsu sniega t\u012br\u012b\u0161anas hidrauliskais cilindrs ir \u012bst\u0101 izv\u0113le. Pateicoties t\u0101 izcilajai konstrukcijai un lielajai jaudai, t\u0101 ir ide\u0101la izv\u0113le tiem, kam nepiecie\u0161ams augst\u0101k\u0101s klases risin\u0101jums sniega t\u012br\u012b\u0161anas vajadz\u012bb\u0101m.<\/p>\n<h3>Produkta funkcijas<\/h3>\n<p>M\u016bsu sniega t\u012br\u012bt\u0101ja hidrauliskais cilindrs ir pavisam jauns produkts, kas apr\u012bkots ar virkni iespaid\u012bgu funkciju, kas to at\u0161\u0137ir no konkurentiem. Tam ir viena gada garantija un maksim\u0101l\u0101 vilces jauda 3000. \u0160is standarta virzu\u013ccilindrs tiek darbin\u0101ts hidrauliski un ir izgatavots no iztur\u012bga t\u0113rauda, \u200b\u200blai nodro\u0161in\u0101tu ilgm\u016b\u017e\u012bbu.<\/p>\n<h3>Produkta specifik\u0101cijas<\/h3>\n<p>Hidraulisk\u0101 cilindra urbuma diametrs ir no 2 l\u012bdz 6 coll\u0101m, stie\u0146a izm\u0113rs ir no 1,125 l\u012bdz 4 coll\u0101m un g\u0101jiena garums ir no 4 l\u012bdz 100 coll\u0101m. Tapas izm\u0113rs ir no 0,5 l\u012bdz 2 coll\u0101m, un maksim\u0101l\u0101 vilk\u0161anas jauda ir 20 tonnas. Tas ir sertific\u0113ts saska\u0146\u0101 ar ISO9001:2000, kas nodro\u0161ina t\u0101 augstu kvalit\u0101ti un uzticamu veiktsp\u0113ju.<\/p>\n<h3>Produkta apkope<\/h3>\n<p>M\u016bsu sniega t\u012br\u012bt\u0101ja hidraulisko cilindru ir ne tikai viegli uzst\u0101d\u012bt, bet ar\u012b viegli uztur\u0113t. T\u0101 k\u0101 t\u0101 svars ir tikai 10 kg, garantija attiecas uz galvenaj\u0101m sast\u0101vda\u013c\u0101m, tostarp gultni un pa\u0161u hidraulisko cilindru. J\u016bsu \u0113rt\u012bb\u0101m tiek nodro\u0161in\u0101ta video izejo\u0161\u0101 p\u0101rbaude un tehnikas testa zi\u0146ojums.<\/p>\n<h3>Piem\u0113rojam\u0101s nozares<\/h3>\n<p>M\u016bsu sniega t\u012br\u012bt\u0101ja hidrauliskais cilindrs ir daudzpus\u012bgs un kalpo da\u017e\u0101d\u0101m nozar\u0113m, tostarp tehnikas remonta darbn\u012bc\u0101m, ferm\u0101m, ener\u0123\u0113tikas un kalnr\u016bpniec\u012bbas nozarei, tehnikas ra\u017eo\u0161anai un ma\u0161\u012bnb\u016bves r\u016bpn\u012bc\u0101m. T\u0101 augst\u0101 veiktsp\u0113ja un iztur\u012bba padara to par v\u0113rt\u012bgu papildin\u0101jumu jebkuram lieljaudas tehnikas arsen\u0101lam.<\/p>\n<h2>Regul\u0113jamu skavu tipa cilindru priek\u0161roc\u012bbas<\/h2>\n<p><strong>R\u016bpn\u012bcas tie\u0161\u0101 p\u0101rdo\u0161ana 2 tonnu dubult\u0101 efekta maza sniega arkla hidrauliskais cilindrs<\/strong><\/p>\n<p>Regul\u0113jami skavu tipa cilindri ir \u013coti efekt\u012bva un daudzpus\u012bga hidraulisk\u0101 sast\u0101vda\u013ca, kas pied\u0101v\u0101 vair\u0101kas priek\u0161roc\u012bbas da\u017e\u0101dos r\u016bpnieciskos pielietojumos. \u0160aj\u0101 rakst\u0101 m\u0113s izp\u0113t\u012bsim galven\u0101s regul\u0113jamu skavu tipa cilindru izmanto\u0161anas priek\u0161roc\u012bbas un to, k\u0101p\u0113c tie ir v\u0113lam\u0101ki da\u017e\u0101d\u0101s hidrauliskaj\u0101s sist\u0113m\u0101s.<\/p>\n<p><strong>1. Uzlabota daudzpus\u012bba<\/strong><\/p>\n<p>Viena no regul\u0113jamu skavu tipa cilindru galvenaj\u0101m priek\u0161roc\u012bb\u0101m ir to daudzpus\u012bba. \u0160ie cilindri ir konstru\u0113ti t\u0101, lai b\u016btu regul\u0113jami, \u013caujot tos viegli piel\u0101got un piel\u0101got da\u017e\u0101d\u0101m ekspluat\u0101cijas pras\u012bb\u0101m. Vienk\u0101r\u0161i piel\u0101gojot skavu poz\u012bciju, var main\u012bt cilindra g\u0101jiena garumu, nodro\u0161inot prec\u012bzu hidraulisk\u0101s sist\u0113mas veiktsp\u0113jas kontroli. \u0160\u012b daudzpus\u012bba padara regul\u0113jamus skavu tipa cilindrus piem\u0113rotus pla\u0161am pielietojumu kl\u0101stam, s\u0101kot no sniega arklu sist\u0113m\u0101m l\u012bdz materi\u0101lu apstr\u0101des iek\u0101rt\u0101m.<\/p>\n<p><strong>2. Optim\u0101la veiktsp\u0113ja<\/strong><\/p>\n<p>Regul\u0113jamie skavas tipa cilindri ir izstr\u0101d\u0101ti, lai nodro\u0161in\u0101tu optim\u0101lu veiktsp\u0113ju hidrauliskaj\u0101s sist\u0113m\u0101s. Ar prec\u012bzu regul\u0113\u0161anu \u0161ie cilindri \u013cauj operatoriem prec\u012bzi noregul\u0113t hidraulisko sp\u0113ku, \u0101trumu un g\u0101jiena garumu, t\u0101d\u0113j\u0101di maksim\u0101li palielinot efektivit\u0101ti un produktivit\u0101ti. Neatkar\u012bgi no t\u0101, vai tiek celtas smagas kravas vai veiktas stum\u0161anas\/vilk\u0161anas darb\u012bbas, regul\u0113jamie skavas tipa cilindri nodro\u0161ina izcilu veiktsp\u0113ju, garant\u0113jot vienm\u0113r\u012bgu un uzticamu hidraulisk\u0101s jaudas p\u0101rvadi.<\/p>\n<p><strong>3. Paaugstin\u0101ta iztur\u012bba<\/strong><\/p>\n<p>V\u0113l viena iev\u0113rojama regul\u0113jamu skavu tipa cilindru priek\u0161roc\u012bba ir to iztur\u012bg\u0101 konstrukcija un iztur\u012bba. \u0160ie cilindri ir izgatavoti, lai iztur\u0113tu augstspiediena vidi un lielas slodzes pielietojumu. Augstas kvalit\u0101tes materi\u0101lu izmanto\u0161ana, progres\u012bvas ra\u017eo\u0161anas metodes un stingri kvalit\u0101tes kontroles procesi nodro\u0161ina, ka cilindri var iztur\u0113t ekstrem\u0101lus apst\u0101k\u013cus, ir iztur\u012bgi pret nodilumu un tiem ir ilg\u0101ks kalpo\u0161anas laiks. \u0160\u012b iztur\u012bba padara regul\u0113jamus skavu tipa cilindrus par rentablu risin\u0101jumu, samazinot nepiecie\u0161am\u012bbu p\u0113c bie\u017eas nomai\u0146as un samazinot d\u012bkst\u0101ves laiku.<\/p>\n<p><strong>4. Prec\u012bza kontrole<\/strong><\/p>\n<p>Regul\u0113jami skavu tipa cilindri nodro\u0161ina prec\u012bzu hidraulisko sist\u0113mu vad\u012bbu, padarot tos ide\u0101li piem\u0113rotus lietojumiem, kuriem nepiecie\u0161ama prec\u012bza pozicion\u0113\u0161ana un vad\u012bba. Iesp\u0113ja regul\u0113t g\u0101jiena garumu \u013cauj prec\u012bzi noregul\u0113t cilindra kust\u012bbu, nodro\u0161inot prec\u012bzas un atk\u0101rtojamas darb\u012bbas. \u0160\u0101ds kontroles l\u012bmenis ir \u013coti svar\u012bgs t\u0101d\u0101s nozar\u0113s k\u0101 b\u016bvniec\u012bba, lauksaimniec\u012bba un ra\u017eo\u0161ana, kur optim\u0101lu rezult\u0101tu sasnieg\u0161anai ir nepiecie\u0161amas prec\u012bzas kust\u012bbas.<\/p>\n<p><strong>5. Vienk\u0101r\u0161a uzst\u0101d\u012b\u0161ana un apkope<\/strong><\/p>\n<p>Regul\u0113jamu skavu tipa cilindru uzst\u0101d\u012b\u0161ana un apkope ir sam\u0113r\u0101 vienk\u0101r\u0161a. \u0160ie cilindri ir paredz\u0113ti vienk\u0101r\u0161ai integr\u0101cijai hidrauliskaj\u0101s sist\u0113m\u0101s, ar standartiz\u0113tiem izm\u0113riem un mont\u0101\u017eas iesp\u0113j\u0101m. Turkl\u0101t tiem nepiecie\u0161ama minim\u0101la apkope, pateicoties to iztur\u012bgajai konstrukcijai un augstas kvalit\u0101tes komponentiem. Regul\u0101ras p\u0101rbaudes un e\u013c\u013co\u0161ana parasti ir pietiekamas, lai uztur\u0113tu \u0161os cilindrus optim\u0101l\u0101 darba st\u0101vokl\u012b, samazinot apkopes izmaksas un d\u012bkst\u0101ves laiku.<\/p>\n<p>Kopum\u0101 regul\u0113jamie skavu tipa cilindri pied\u0101v\u0101 daudzas priek\u0161roc\u012bbas daudzpus\u012bbas, veiktsp\u0113jas, iztur\u012bbas, prec\u012bzas vad\u012bbas, k\u0101 ar\u012b vienk\u0101r\u0161as uzst\u0101d\u012b\u0161anas un apkopes zi\u0146\u0101. To regul\u0113jam\u0101 daba un sp\u0113ja piel\u0101goties da\u017e\u0101d\u0101m ekspluat\u0101cijas pras\u012bb\u0101m padara tos par popul\u0101ru izv\u0113li pla\u0161\u0101 hidraulisko pielietojumu kl\u0101st\u0101. Neatkar\u012bgi no t\u0101, vai tas ir mazs sniega arkls vai lieljaudas materi\u0101lu apstr\u0101des sist\u0113ma, regul\u0113jamie skavu tipa cilindri nodro\u0161ina optim\u0101lai veiktsp\u0113jai nepiecie\u0161amo uzticam\u012bbu un efektivit\u0101ti.<\/p>\n<h3>Par FMP<\/h3>\n<p>FMP ir vado\u0161ais uz\u0146\u0113mums, kas specializ\u0113jas hidraulisko cilindru ra\u017eo\u0161an\u0101 un p\u0101rdo\u0161an\u0101. Pateicoties m\u016bsu pla\u0161ajai pieredzei nozar\u0113 un profesion\u0101lajai komandai, m\u0113s esam ap\u0146\u0113mu\u0161ies nodro\u0161in\u0101t klientus ar augstas kvalit\u0101tes un uzticamiem hidrauliskajiem cilindriem da\u017e\u0101diem celtniec\u012bbas tehnikas pielietojumiem.<\/p>\n<p><img decoding=\"async\" class=\"aligncenter\" src=\"https:\/\/fmp-components.com\/wp-content\/uploads\/2024\/12\/Adjustable-Clevis-Type-Cylinders-6.webp\" alt=\"Regul\u0113jams skavu tipa cilindrs\" width=\"835\" title=\"\"><\/p>\n<p>\u0160eit ir pieci iemesli, k\u0101p\u0113c FMP izv\u0113le j\u016bsu hidraulisko cilindru vajadz\u012bb\u0101m ir pareizais l\u0113mums:<\/p>\n<ol>\n<li><strong>Pla\u0161s produktu kl\u0101sts:<\/strong> M\u0113s pied\u0101v\u0101jam pla\u0161u hidraulisko cilindru kl\u0101stu, kas piem\u0113rots da\u017e\u0101diem pielietojumiem b\u016bvniec\u012bbas tehnikas nozar\u0113. Neatkar\u012bgi no t\u0101, vai jums nepiecie\u0161ami cilindri lauksaimniec\u012bbas tehnikai, r\u016bpnieciskaj\u0101m p\u0101rnesumk\u0101rb\u0101m vai planet\u0101raj\u0101m p\u0101rnesumk\u0101rb\u0101m, m\u0113s par\u016bp\u0113simies par visu.<\/li>\n<li><strong>Stingri kvalit\u0101tes standarti:<\/strong> FMP m\u0113s pie\u0161\u0137iram priorit\u0101ti kvalit\u0101tei un nodro\u0161in\u0101m, lai visi m\u016bsu pieg\u0101d\u0101tie hidrauliskie cilindri atbilstu stingriem kvalit\u0101tes standartiem. Pateicoties ilgtermi\u0146a un stabil\u0101m partnerattiec\u012bb\u0101m ar augstas kvalit\u0101tes pieg\u0101d\u0101t\u0101jiem, m\u0113s garant\u0113jam m\u016bsu produktu uzticam\u012bbu un iztur\u012bbu.<\/li>\n<li><strong>Pieredz\u0113jusi p\u0101rdo\u0161anas komanda:<\/strong> M\u016bsu zino\u0161\u0101 p\u0101rdo\u0161anas komanda labi p\u0101rzina jaun\u0101k\u0101s tendences un klientu piepras\u012bjumu b\u016bvniec\u012bbas tehnikas nozar\u0113. Vi\u0146i var sniegt jums profesion\u0101las konsult\u0101cijas par produktiem, pal\u012bdzot pie\u0146emt p\u0101rdom\u0101tus l\u0113mumus un atrast j\u016bsu \u012bpa\u0161aj\u0101m pras\u012bb\u0101m piem\u0113rot\u0101ko hidraulisko cilindru.<\/li>\n<li><strong>Efekt\u012bva lo\u0123istikas izplat\u012b\u0161ana:<\/strong> M\u0113s saprotam savlaic\u012bgas pieg\u0101des noz\u012bmi. M\u016bsu efekt\u012bv\u0101 lo\u0123istikas izplat\u012b\u0161anas sist\u0113ma nodro\u0161ina, ka j\u016bs \u0101tri un prec\u012bzi sa\u0146emsiet nepiecie\u0161amos hidrauliskos cilindrus, samazinot d\u012bkst\u0101ves laiku un nodro\u0161inot j\u016bsu darb\u012bbas netrauc\u0113tu norisi.<\/li>\n<li><strong>Visaptvero\u0161s p\u0113cp\u0101rdo\u0161anas atbalsts:<\/strong> FMP m\u0113s augstu v\u0113rt\u0113jam klientu apmierin\u0101t\u012bbu. M\u016bsu \u012bpa\u0161i atlas\u012bt\u0101 atbalsta komanda vienm\u0113r ir gatava pal\u012bdz\u0113t ar visiem j\u016bsu jaut\u0101jumiem vai ba\u017e\u0101m, sniedzot visaptvero\u0161u p\u0113cp\u0101rdo\u0161anas atbalstu, lai nodro\u0161in\u0101tu j\u016bsu maksim\u0101lu apmierin\u0101t\u012bbu ar m\u016bsu hidrauliskajiem cilindriem.<\/li>\n<\/ol>\n<p>Sadarbojieties ar FMP jau \u0161odien un izbaudiet m\u016bsu hidraulisko cilindru kvalit\u0101ti, uzticam\u012bbu un izcilo veiktsp\u0113ju. Sazinieties ar mums t\u016bl\u012bt, lai apspriestu savas \u012bpa\u0161\u0101s vajadz\u012bbas un uzs\u0101ktu augl\u012bgu sadarb\u012bbu.<\/p>\n<h2>Bie\u017ei uzdotie jaut\u0101jumi<\/h2>\n<p><img decoding=\"async\" class=\"aligncenter\" title=\"Sniega arkla hidrauliskais cilindrs\" src=\"https:\/\/hzpt.com\/wp-content\/uploads\/2023\/11\/Snow-Plow-Hydraulic-Cylinder-1.webp\" alt=\"Sniega arkla hidrauliskais cilindrs\" \/><\/p>\n<h3>J: K\u0101ds ir j\u016bsu hidraulisko cilindru pieg\u0101des laiks?<\/h3>\n<p>A: Visp\u0101r\u0113jais pieg\u0101des laiks ir 25\u201335 dienas.<\/p>\n<h3>J: Vai varu piepras\u012bt j\u016bsu produkta paraugu?<\/h3>\n<p>A: J\u0101, m\u0113s pied\u0101v\u0101jam produktu paraugus, ta\u010du tie nav bez maksas.<\/p>\n<h3>J: Vai j\u016bs varat ra\u017eot hidrauliskos cilindrus p\u0113c konkr\u0113tiem paraugiem vai tehniskiem ras\u0113jumiem?<\/h3>\n<p>A: J\u0101, m\u0113s varam ra\u017eot produktus p\u0113c j\u016bsu paraugiem vai tehniskajiem ras\u0113jumiem. M\u0113s varam ar\u012b izgatavot veidnes un armat\u016bru.<\/p>\n<p>Autors: CX<\/p>","protected":false},"excerpt":{"rendered":"<p>Introducing the Factory Direct Sale 2 Ton Double Effect Small Snow Plow Hydraulic Cylinder If you are in need of a reliable and efficient snow plowing tool, look no further than our Snow Plow Hydraulic Cylinder. With its excellent construction and high capacity, it is an ideal choice for those in need of a top-notch [&hellip;]<\/p>","protected":false},"featured_media":1515,"comment_status":"closed","ping_status":"closed","template":"","meta":{"_et_pb_use_builder":"","_et_pb_old_content":"","_et_gb_content_width":""},"product_brand":[],"product_cat":[42],"product_tag":[34,44],"class_list":{"0":"post-1514","1":"product","2":"type-product","3":"status-publish","4":"has-post-thumbnail","6":"product_cat-snow-plow-hydraulic-cylinder","7":"product_tag-hydraulic-cylinder","8":"product_tag-snow-plow-hydraulic-cylinder","10":"first","11":"instock","12":"product-type-simple"},"_links":{"self":[{"href":"https:\/\/fmp-components.com\/lv\/wp-json\/wp\/v2\/product\/1514","targetHints":{"allow":["GET"]}}],"collection":[{"href":"https:\/\/fmp-components.com\/lv\/wp-json\/wp\/v2\/product"}],"about":[{"href":"https:\/\/fmp-components.com\/lv\/wp-json\/wp\/v2\/types\/product"}],"replies":[{"embeddable":true,"href":"https:\/\/fmp-components.com\/lv\/wp-json\/wp\/v2\/comments?post=1514"}],"wp:featuredmedia":[{"embeddable":true,"href":"https:\/\/fmp-components.com\/lv\/wp-json\/wp\/v2\/media\/1515"}],"wp:attachment":[{"href":"https:\/\/fmp-components.com\/lv\/wp-json\/wp\/v2\/media?parent=1514"}],"wp:term":[{"taxonomy":"product_brand","embeddable":true,"href":"https:\/\/fmp-components.com\/lv\/wp-json\/wp\/v2\/product_brand?post=1514"},{"taxonomy":"product_cat","embeddable":true,"href":"https:\/\/fmp-components.com\/lv\/wp-json\/wp\/v2\/product_cat?post=1514"},{"taxonomy":"product_tag","embeddable":true,"href":"https:\/\/fmp-components.com\/lv\/wp-json\/wp\/v2\/product_tag?post=1514"}],"curies":[{"name":"wp","href":"https:\/\/api.w.org\/{rel}","templated":true}]}}