{"id":1512,"date":"2024-12-23T05:50:37","date_gmt":"2024-12-23T05:50:37","guid":{"rendered":"https:\/\/fmp-components.com\/product\/guaranteed-quality-small-hydraulic-cylinder-double-effect-hydraulic-cylinder-for-snow-plow\/"},"modified":"2024-12-23T06:24:04","modified_gmt":"2024-12-23T06:24:04","slug":"guaranteed-quality-small-hydraulic-cylinder-double-effect-hydraulic-cylinder-for-snow-plow","status":"publish","type":"product","link":"https:\/\/fmp-components.com\/lv\/product\/guaranteed-quality-small-hydraulic-cylinder-double-effect-hydraulic-cylinder-for-snow-plow\/","title":{"rendered":"Garant\u0113tas kvalit\u0101tes mazs hidrauliskais cilindrs ar dubultu efektu hidrauliskais cilindrs sniega arklam"},"content":{"rendered":"<p>Garant\u0113tas kvalit\u0101tes maza izm\u0113ra hidrauliskais cilindrs ar dubultu efektu sniega arklamIepaz\u012bstin\u0101m ar garant\u0113tas kvalit\u0101tes maza izm\u0113ra hidraulisko cilindru ar dubultu efektu hidraulisko cilindru sniega arklam!<\/p>\n<p>\u0160is hidrauliskais cilindrs, kas izstr\u0101d\u0101ts, dom\u0101jot par precizit\u0101ti un kvalit\u0101ti, ir ide\u0101ls papildin\u0101jums jebkuram sniega arklam. T\u0101 divk\u0101r\u0161\u0101s iedarb\u012bbas sp\u0113ja noz\u012bm\u0113 liel\u0101ku efektivit\u0101ti un jaudu, atvieglojot pat vissp\u0113c\u012bg\u0101k\u0101s sniega k\u0101rti\u0146as t\u012br\u012b\u0161anu nek\u0101 jebkad agr\u0101k.<\/p>\n<p>\u0160is hidrauliskais cilindrs ir izgatavots tikai no augst\u0101k\u0101s kvalit\u0101tes materi\u0101liem, lai iztur\u0113tu pat vissmag\u0101kos apst\u0101k\u013cus. T\u0101 kompaktais izm\u0113rs \u013cauj to viegli uzst\u0101d\u012bt, padarot to par ide\u0101lu izv\u0113li jebkuram sniega t\u012br\u012bt\u0101ja operatoram, kur\u0161 v\u0113las maksim\u0101li palielin\u0101t savas sniega t\u012br\u012b\u0161anas iesp\u0113jas.<\/p>\n<p><img decoding=\"async\" title=\"Sniega arkla hidrauliskais cilindrs\" src=\"https:\/\/hzpt.com\/wp-content\/uploads\/2023\/11\/Snow-Plow-Hydraulic-Cylinder-3.webp\" alt=\"Sniega arkla hidrauliskais cilindrs\" \/><\/p>\n<p>Ar garant\u0113tu kvalit\u0101ti un uzticam\u012bbu \u0161is mazais hidrauliskais cilindrs ir ide\u0101ls ieguld\u012bjums jebkuram sniega t\u012br\u012b\u0161anas speci\u0101listam. Ne\u013caujiet ziemas laikapst\u0101k\u013ciem j\u016bs pal\u0113nin\u0101t \u2013 izv\u0113lieties garant\u0113tas kvalit\u0101tes mazo hidraulisko cilindru ar dubulto efektu sniega t\u012br\u012bt\u0101jam un paveiciet darbu pareizi katru reizi.<\/p>\n<h2>Regul\u0113jamu skavu tipa cilindru priek\u0161roc\u012bbas<\/h2>\n<p>Regul\u0113jami skavu tipa cilindri, piem\u0113ram, garant\u0113tas kvalit\u0101tes mazais hidrauliskais cilindrs un divk\u0101r\u0161\u0101s iedarb\u012bbas hidrauliskais cilindrs sniega arklam, pied\u0101v\u0101 virkni priek\u0161roc\u012bbu, kas padara tos par iecien\u012btu izv\u0113li da\u017e\u0101dos pielietojumos. \u0160aj\u0101 rakst\u0101 m\u0113s detaliz\u0113ti izp\u0113t\u012bsim \u0161\u012bs priek\u0161roc\u012bbas.<\/p>\n<p>1. Uzlabota elast\u012bba:<br \/>\nRegul\u0113jami skavu tipa cilindri nodro\u0161ina izcilu elast\u012bbu, pateicoties to regul\u0113jamajiem skavu stiprin\u0101jumiem. \u0160\u012b funkcija \u013cauj tos viegli uzst\u0101d\u012bt un regul\u0113t da\u017e\u0101d\u0101s poz\u012bcij\u0101s, padarot tos piem\u0113rotus pla\u0161am pielietojumu kl\u0101stam. Neatkar\u012bgi no t\u0101, vai tas ir sniega arkls vai jebkur\u0161 cits apr\u012bkojums, cilindra poz\u012bcijas regul\u0113\u0161anas iesp\u0113ja nodro\u0161ina optim\u0101lu veiktsp\u0113ju.<\/p>\n<p>2. Prec\u012bza kontrole:<br \/>\n\u0160ie cilindri nodro\u0161ina prec\u012bzu da\u017e\u0101du iek\u0101rtu kust\u012bbas un pozicion\u0113\u0161anas kontroli. Ar regul\u0113jamu g\u0101jiena garumu un prec\u012bz\u0101m pozicion\u0113\u0161anas iesp\u0113j\u0101m tie \u013cauj prec\u012bzi noregul\u0113t darb\u012bbu atbilsto\u0161i \u012bpa\u0161\u0101m pras\u012bb\u0101m. \u0160\u0101ds kontroles l\u012bmenis ir \u013coti svar\u012bgs lietojumos, kur precizit\u0101te ir \u0101rk\u0101rt\u012bgi svar\u012bga, piem\u0113ram, b\u016bvniec\u012bb\u0101 vai r\u016bpnieciskaj\u0101s iek\u0101rt\u0101s.<\/p>\n<p>3. Iztur\u012bba un uzticam\u012bba:<br \/>\nGarant\u0113tas kvalit\u0101tes mazie hidrauliskie cilindri un divk\u0101r\u0161\u0101s iedarb\u012bbas hidrauliskie cilindri sniega arkliem ir rad\u012bti, lai iztur\u0113tu sare\u017e\u0123\u012btus apst\u0101k\u013cus. Izgatavoti no augstas kvalit\u0101tes materi\u0101liem un konstru\u0113ti, lai iztur\u0113tu lielas slodzes, \u0161ie cilindri nodro\u0161ina izcilu iztur\u012bbu un uzticam\u012bbu. Tas nodro\u0161ina, ka tie var tikt gal\u0101 ar vissare\u017e\u0123\u012bt\u0101kajiem uzdevumiem, neapdraudot veiktsp\u0113ju.<\/p>\n<p>4. Efekt\u012bva jaudas p\u0101rvade:<br \/>\nRegul\u0113jamu skavu tipa cilindru konstrukcija optimiz\u0113 jaudas p\u0101rvadi, t\u0101d\u0113j\u0101di nodro\u0161inot efekt\u012bvu darb\u012bbu. Uzlabotas hidraulisk\u0101s tehnolo\u0123ijas izmanto\u0161ana nodro\u0161ina vienm\u0113r\u012bgu un vienm\u0113r\u012bgu kust\u012bbu, samazinot ener\u0123ijas zudumus. \u0160\u012b efektivit\u0101te ne tikai uzlabo kop\u0113jo veiktsp\u0113ju, bet ar\u012b ilgtermi\u0146\u0101 veicina izmaksu ietaup\u012bjumu.<\/p>\n<p>5. Daudzpus\u012bgas lietojumprogrammas:<br \/>\nPateicoties to daudzpus\u012bgajam dizainam, regul\u0113jamie skavu tipa cilindri ir izmantojami pla\u0161\u0101 nozaru kl\u0101st\u0101. S\u0101kot no lauksaimniec\u012bbas l\u012bdz b\u016bvniec\u012bbai, materi\u0101lu apstr\u0101dei un transportam, \u0161os cilindrus var integr\u0113t da\u017e\u0101d\u0101s iek\u0101rt\u0101s un ma\u0161\u012bn\u0101s. To piel\u0101gojam\u012bba padara tos par rentablu risin\u0101jumu da\u017e\u0101d\u0101m ekspluat\u0101cijas vajadz\u012bb\u0101m.<\/p>\n<p>Nosl\u0113gum\u0101 j\u0101secina, ka regul\u0113jamie skavu tipa cilindri, tostarp garant\u0113tas kvalit\u0101tes mazais hidrauliskais cilindrs un divk\u0101r\u0161\u0101s iedarb\u012bbas hidrauliskais cilindrs sniega arklam, pied\u0101v\u0101 daudzas priek\u0161roc\u012bbas. To elast\u012bba, prec\u012bz\u0101 vad\u012bba, iztur\u012bba, efekt\u012bv\u0101 jaudas p\u0101rvade un daudzpus\u012bba padara tos par lielisku izv\u0113li da\u017e\u0101diem pielietojumiem. Iek\u013caujot \u0161os cilindrus iek\u0101rt\u0101s vai ma\u0161\u012bn\u0101s, uz\u0146\u0113mumi var optimiz\u0113t veiktsp\u0113ju, palielin\u0101t produktivit\u0101ti un efekt\u012bvi sasniegt savus darb\u012bbas m\u0113r\u0137us.<\/p>\n<h3>Par FMP<\/h3>\n<p>FMP ir vado\u0161ais uz\u0146\u0113mums It\u0101lij\u0101, kas specializ\u0113jas celtniec\u012bbas tehnikas deta\u013cu un pilnu iek\u0101rtu p\u0101rdo\u0161an\u0101 un apkalpo\u0161an\u0101. Ar daudzu gadu pieredzi nozar\u0113 un profesion\u0101\u013cu komandu m\u0113s pied\u0101v\u0101jam saviem klientiem augstas kvalit\u0101tes un uzticamus risin\u0101jumus.<\/p>\n<h3>Hidrauliskais cilindrs<\/h3>\n<p>Viens no m\u016bsu galvenajiem produktiem ir hidrauliskais cilindrs. M\u016bsu cilindri ir izgatavoti no augstas kvalit\u0101tes materi\u0101liem un ir paredz\u0113ti, lai iztur\u0113tu \u0101rk\u0101rt\u0113ju spiedienu un lielas slodzes. \u0160eit ir pieci iemesli, k\u0101p\u0113c jums vajadz\u0113tu izv\u0113l\u0113ties FMP hidraulisko cilindru:<\/p>\n<ol>\n<li><strong>Augstas kvalit\u0101tes materi\u0101li:<\/strong> M\u016bsu hidrauliskie cilindri ir izgatavoti no augstas kvalit\u0101tes materi\u0101liem, kas nodro\u0161ina iztur\u012bbu un ilgsto\u0161u veiktsp\u0113ju. M\u0113s izmantojam tikai lab\u0101kos materi\u0101lus, lai nodro\u0161in\u0101tu, ka m\u016bsu cilindri var iztur\u0113t vissmag\u0101kos apst\u0101k\u013cus.<\/li>\n<li><strong>Piel\u0101gojams:<\/strong> M\u0113s pied\u0101v\u0101jam pla\u0161u hidraulisko cilindru kl\u0101stu, ko var piel\u0101got j\u016bsu \u012bpa\u0161aj\u0101m vajadz\u012bb\u0101m. M\u016bsu cilindri ir pieejami da\u017e\u0101dos izm\u0113ros, form\u0101s un dizainos, un m\u0113s varam pal\u012bdz\u0113t jums izv\u0113l\u0113ties j\u016bsu vajadz\u012bb\u0101m vispiem\u0113rot\u0101ko.<\/li>\n<li><strong>Uzticam\u012bba:<\/strong> M\u016bsu hidrauliskie cilindri ir izstr\u0101d\u0101ti, lai nodro\u0161in\u0101tu uzticamu darb\u012bbu pat vissmag\u0101kajos apst\u0101k\u013cos. M\u0113s saprotam uzticam\u012bbas noz\u012bmi un veicam visus nepiecie\u0161amos pas\u0101kumus, lai nodro\u0161in\u0101tu, ka m\u016bsu cilindri atbilst uzdevumam.<\/li>\n<li><strong>Eksperta konsult\u0101cija:<\/strong> M\u016bsu p\u0101rdo\u0161anas komandu veido celtniec\u012bbas tehnikas nozares eksperti. Vi\u0146i p\u0101rzina jaun\u0101k\u0101s tendences un var sniegt profesion\u0101lus padomus par to, kur\u0161 hidrauliskais cilindrs ir piem\u0113rots tie\u0161i Jums.<\/li>\n<li><strong>Efekt\u012bva lo\u0123istika:<\/strong> Mums ir efekt\u012bva lo\u0123istikas izplat\u012b\u0161anas sist\u0113ma, kas nodro\u0161ina, ka j\u016bs savu hidraulisko cilindru sa\u0146emat savlaic\u012bgi un prec\u012bzi. M\u0113s saprotam savlaic\u012bgas pieg\u0101des noz\u012bmi un veicam visus nepiecie\u0161amos pas\u0101kumus, lai nodro\u0161in\u0101tu, ka j\u016bsu pas\u016bt\u012bjums tiek pieg\u0101d\u0101ts laik\u0101.<\/li>\n<\/ol>\n<p>Ja mekl\u0113jat uzticamu un augstas kvalit\u0101tes hidraulisko cilindru, FMP ir \u012bst\u0101 izv\u0113le. Mums ir pieredze un zin\u0101\u0161anas, lai sniegtu jums perfektu risin\u0101jumu j\u016bsu vajadz\u012bb\u0101m.<\/p>\n<p><img decoding=\"async\" src=\"https:\/\/fmp-components.com\/wp-content\/uploads\/2024\/12\/Adjustable-Clevis-Type-Cylinders-6.webp\" alt=\"Regul\u0113jams skavu tipa cilindrs\" width=\"834\" title=\"\"><\/p>\n<h2>Bie\u017ei uzdotie jaut\u0101jumi<\/h2>\n<h3>Vai esat tirdzniec\u012bbas uz\u0146\u0113mums vai ra\u017eot\u0101js?<\/h3>\n<p>M\u0113s esam ra\u017eot\u0101js ar savu r\u016bpn\u012bcu.<\/p>\n<h3>Cik ilgs ir j\u016bsu pieg\u0101des laiks?<\/h3>\n<p>M\u016bsu pieg\u0101des laiks parasti ir 25\u201335 dienas.<\/p>\n<h3>Vai j\u016bs sniedzat paraugus? Vai tas ir bez maksas vai papildus?<\/h3>\n<p>Lai gan m\u0113s pied\u0101v\u0101jam paraugus, tie nav bez maksas.<\/p>\n<p><img decoding=\"async\" title=\"Sniega arkla hidrauliskais cilindrs\" src=\"https:\/\/hzpt.com\/wp-content\/uploads\/2023\/11\/Snow-Plow-Hydraulic-Cylinder-1.webp\" alt=\"Sniega arkla hidrauliskais cilindrs\" \/><\/p>\n<p>Autors: CX<\/p>","protected":false},"excerpt":{"rendered":"<p>Guaranteed Quality Small Hydraulic Cylinder Double Effect Hydraulic Cylinder For Snow PlowIntroducing the Guaranteed Quality Small Hydraulic Cylinder Double Effect Hydraulic Cylinder for Snow Plow! Designed with precision and quality in mind, this hydraulic cylinder is the perfect addition to any snow plow. Its double effect capability means increased efficiency and power, making it easier [&hellip;]<\/p>","protected":false},"featured_media":1513,"comment_status":"closed","ping_status":"closed","template":"","meta":{"_et_pb_use_builder":"","_et_pb_old_content":"","_et_gb_content_width":""},"product_brand":[],"product_cat":[42],"product_tag":[34,44],"class_list":{"0":"post-1512","1":"product","2":"type-product","3":"status-publish","4":"has-post-thumbnail","6":"product_cat-snow-plow-hydraulic-cylinder","7":"product_tag-hydraulic-cylinder","8":"product_tag-snow-plow-hydraulic-cylinder","10":"first","11":"instock","12":"product-type-simple"},"_links":{"self":[{"href":"https:\/\/fmp-components.com\/lv\/wp-json\/wp\/v2\/product\/1512","targetHints":{"allow":["GET"]}}],"collection":[{"href":"https:\/\/fmp-components.com\/lv\/wp-json\/wp\/v2\/product"}],"about":[{"href":"https:\/\/fmp-components.com\/lv\/wp-json\/wp\/v2\/types\/product"}],"replies":[{"embeddable":true,"href":"https:\/\/fmp-components.com\/lv\/wp-json\/wp\/v2\/comments?post=1512"}],"wp:featuredmedia":[{"embeddable":true,"href":"https:\/\/fmp-components.com\/lv\/wp-json\/wp\/v2\/media\/1513"}],"wp:attachment":[{"href":"https:\/\/fmp-components.com\/lv\/wp-json\/wp\/v2\/media?parent=1512"}],"wp:term":[{"taxonomy":"product_brand","embeddable":true,"href":"https:\/\/fmp-components.com\/lv\/wp-json\/wp\/v2\/product_brand?post=1512"},{"taxonomy":"product_cat","embeddable":true,"href":"https:\/\/fmp-components.com\/lv\/wp-json\/wp\/v2\/product_cat?post=1512"},{"taxonomy":"product_tag","embeddable":true,"href":"https:\/\/fmp-components.com\/lv\/wp-json\/wp\/v2\/product_tag?post=1512"}],"curies":[{"name":"wp","href":"https:\/\/api.w.org\/{rel}","templated":true}]}}