{"id":1508,"date":"2024-12-23T05:50:37","date_gmt":"2024-12-23T05:50:37","guid":{"rendered":"https:\/\/fmp-components.com\/product\/cost-effective-customized-stainless-steel-hydraulic-cylinder-double-acting-hydraulic-cylinder\/"},"modified":"2024-12-23T06:24:34","modified_gmt":"2024-12-23T06:24:34","slug":"cost-effective-customized-stainless-steel-hydraulic-cylinder-double-acting-hydraulic-cylinder","status":"publish","type":"product","link":"https:\/\/fmp-components.com\/lv\/product\/cost-effective-customized-stainless-steel-hydraulic-cylinder-double-acting-hydraulic-cylinder\/","title":{"rendered":"Izmaksu zi\u0146\u0101 efekt\u012bvs piel\u0101gots ner\u016bs\u0113jo\u0161\u0101 t\u0113rauda hidrauliskais cilindrs ar divk\u0101r\u0161u darb\u012bbu"},"content":{"rendered":"<p>Izmaksu zi\u0146\u0101 efekt\u012bvs piel\u0101gots ner\u016bs\u0113jo\u0161\u0101 t\u0113rauda hidrauliskais cilindrs ar divk\u0101r\u0161u darb\u012bbu Izmaksu zi\u0146\u0101 efekt\u012bvs piel\u0101gots ner\u016bs\u0113jo\u0161\u0101 t\u0113rauda hidrauliskais cilindrs ar divk\u0101r\u0161u darb\u012bbu ir augstas kvalit\u0101tes hidrauliskais cilindrs, kas paredz\u0113ts da\u017e\u0101d\u0101m r\u016bpniecisk\u0101m vajadz\u012bb\u0101m. \u0160is produkts ir izgatavots no ner\u016bs\u0113jo\u0161\u0101 t\u0113rauda, \u200b\u200bkas nodro\u0161ina iztur\u012bbu un iztur\u012bbu pret koroziju. Tas ir ar\u012b piel\u0101gots klienta \u012bpa\u0161aj\u0101m pras\u012bb\u0101m.<\/p>\n<p>Viena no \u0161\u012b hidraulisk\u0101 cilindra iev\u0113rojam\u0101kaj\u0101m \u012bpa\u0161\u012bb\u0101m ir t\u0101 divk\u0101r\u0161\u0101 darb\u012bba. Tas noz\u012bm\u0113, ka tas var rad\u012bt sp\u0113ku abos virzienos, padarot to efekt\u012bv\u0101ku un daudzpus\u012bg\u0101ku sal\u012bdzin\u0101jum\u0101 ar vienk\u0101r\u0161\u0101s darb\u012bbas cilindriem. Tas ir piem\u0113rots pla\u0161am r\u016bpniecisko pielietojumu kl\u0101stam, piem\u0113ram, celtniec\u012bb\u0101, ieguves r\u016bpniec\u012bb\u0101 un ra\u017eo\u0161an\u0101.<\/p>\n<p>Izmaksu zi\u0146\u0101 efekt\u012bvs, piel\u0101gots ner\u016bs\u0113jo\u0161\u0101 t\u0113rauda divk\u0101r\u0161as darb\u012bbas hidrauliskais cilindrs ir izstr\u0101d\u0101ts, lai b\u016btu izmaksu zi\u0146\u0101 efekt\u012bvs, kas noz\u012bm\u0113, ka tas nodro\u0161ina izcilu cenas un v\u0113rt\u012bbas attiec\u012bbu. Tas ir rad\u012bts ilgam kalpo\u0161anas laikam un tam nepiecie\u0161ama minim\u0101la apkope, kas laika gait\u0101 pal\u012bdz samazin\u0101t izmaksas. Turkl\u0101t t\u0101 piel\u0101gotais dizains noz\u012bm\u0113, ka tas ir piel\u0101gots klienta \u012bpa\u0161aj\u0101m vajadz\u012bb\u0101m, kas pal\u012bdz samazin\u0101t atkritumus un optimiz\u0113t efektivit\u0101ti.<\/p>\n<p>Rezum\u0113jot, izmaksu zi\u0146\u0101 efekt\u012bvais piel\u0101gotais ner\u016bs\u0113jo\u0161\u0101 t\u0113rauda hidrauliskais cilindrs ar divk\u0101r\u0161u darb\u012bbu ir uzticams un daudzpus\u012bgs hidrauliskais cilindrs, kas ir paredz\u0113ts da\u017e\u0101d\u0101m r\u016bpniec\u012bbas vajadz\u012bb\u0101m. T\u0101 ner\u016bs\u0113jo\u0161\u0101 t\u0113rauda konstrukcija, divk\u0101r\u0161\u0101s darb\u012bbas funkcija un piel\u0101gojamais dizains padara to par rentablu risin\u0101jumu nozar\u0113m, kur\u0101m nepiecie\u0161ami augstas kvalit\u0101tes hidrauliskie cilindri.<\/p>\n<div>\n<h2>Izmaksu zi\u0146\u0101 efekt\u012bvs, piel\u0101gots ner\u016bs\u0113jo\u0161\u0101 t\u0113rauda hidrauliskais cilindrs j\u016bsu hidrauliskaj\u0101m vajadz\u012bb\u0101m<\/h2>\n<p>Iepaz\u012bstin\u0101m ar m\u016bsu piel\u0101goto ner\u016bs\u0113jo\u0161\u0101 t\u0113rauda hidraulisko cilindru \u2014 divk\u0101r\u0161as darb\u012bbas hidraulisko cilindru \u2014 perfektu risin\u0101jumu j\u016bsu hidrauliskaj\u0101m vajadz\u012bb\u0101m. M\u016bsu produkts ir izstr\u0101d\u0101ts, dom\u0101jot par precizit\u0101ti, iztur\u012bbu un kvalit\u0101ti, padarot to ide\u0101li piem\u0113rotu da\u017e\u0101d\u0101m nozar\u0113m, piem\u0113ram, ma\u0161\u012bnb\u016bves remonta darbn\u012bc\u0101m, saimniec\u012bb\u0101m, ener\u0123\u0113tikas un ieguves r\u016bpniec\u012bbai, ma\u0161\u012bnb\u016bves ra\u017eo\u0161anai un ma\u0161\u012bnb\u016bves r\u016bpn\u012bc\u0101m.<\/p>\n<p><img decoding=\"async\" title=\"Sniega arkla hidrauliskais cilindrs\" src=\"https:\/\/hzpt.com\/wp-content\/uploads\/2023\/11\/Snow-Plow-Hydraulic-Cylinder-3.webp\" alt=\"Sniega arkla hidrauliskais cilindrs\" \/><\/p>\n<h2>Produkta funkcijas<\/h2>\n<p>M\u016bsu hidrauliskais cilindrs lepojas ar virkni funkciju, kas to at\u0161\u0137ir no konkurentiem. Tas ir izgatavots no iztur\u012bga ner\u016bs\u0113jo\u0161\u0101 t\u0113rauda, \u200b\u200bnodro\u0161inot ilgsto\u0161u veiktsp\u0113ju un minim\u0101lu apkopi. Tas ir ar\u012b piel\u0101gojams, \u013caujot to piel\u0101got j\u016bsu \u012bpa\u0161aj\u0101m vajadz\u012bb\u0101m.<\/p>\n<ul>\n<li><b>St\u0101voklis:<\/b> Jauns<\/li>\n<li><b>Garantija:<\/b> 1 gads<\/li>\n<li><b>Maksim\u0101l\u0101 vilce:<\/b> 3000<\/li>\n<li><b>Maksim\u0101l\u0101 vilkme:<\/b> 20 tonnas<\/li>\n<li><b>Sertifik\u0101cija:<\/b> ISO9001:2000<\/li>\n<li><b>Urbuma izm\u0113rs:<\/b> 2\u20136 collas<\/li>\n<li><b>Stie\u0146a izm\u0113rs:<\/b> 1,125\u20134 collas<\/li>\n<li><b>Trieciena izm\u0113rs:<\/b> 4\u2013100 collas<\/li>\n<li><b>Tapas izm\u0113rs:<\/b> 0,5\u20132 collas<\/li>\n<\/ul>\n<\/div>\n<h2>Regul\u0113jamu skavu tipa cilindru priek\u0161roc\u012bbas<\/h2>\n<p>Regul\u0113jami skavas tipa cilindri ir b\u016btiska hidraulisko sist\u0113mu sast\u0101vda\u013ca. \u0160ie cilindri tiek izmantoti, lai p\u0101rveidotu hidraulisko ener\u0123iju meh\u0101nisk\u0101 sp\u0113k\u0101. Tie parasti tiek izmantoti da\u017e\u0101dos pielietojumos, tostarp b\u016bvniec\u012bb\u0101, ra\u017eo\u0161an\u0101 un transport\u0101. \u0160aj\u0101 rakst\u0101 m\u0113s apspried\u012bsim regul\u0113jamu skavas tipa cilindru priek\u0161roc\u012bbas.<\/p>\n<p>1. <b>Izmaksu zi\u0146\u0101 efekt\u012bvs<\/b><\/p>\n<p>Viena no regul\u0113jamu skavu tipa cilindru galvenaj\u0101m priek\u0161roc\u012bb\u0101m ir to izmaksu efektivit\u0101te. Tie ir izstr\u0101d\u0101ti t\u0101, lai b\u016btu iztur\u012bgi un ilgm\u016b\u017e\u012bgi, kas noz\u012bm\u0113, ka tiem nepiecie\u0161ama maz\u0101ka apkope un remonts laika gait\u0101. Turkl\u0101t tie ir izgatavoti, izmantojot augstas kvalit\u0101tes materi\u0101lus, piem\u0113ram, ner\u016bs\u0113jo\u0161o t\u0113raudu, kas veicina to ilgm\u016b\u017e\u012bbu un uzticam\u012bbu.<\/p>\n<p>2. <b>Piel\u0101gojams<\/b><\/p>\n<p>V\u0113l viena regul\u0113jamu skavu tipa cilindru priek\u0161roc\u012bba ir t\u0101, ka tos var piel\u0101got konkr\u0113t\u0101m r\u016bpniecisk\u0101m vai komerci\u0101l\u0101m pras\u012bb\u0101m. Ra\u017eot\u0101ji var main\u012bt \u0161o cilindru izm\u0113ru, formu un \u012bpa\u0161\u012bbas, piem\u0113ram, pievienot piesl\u0113gvietas un mont\u0101\u017eas iesp\u0113jas, lai t\u0101s atbilstu klientu vajadz\u012bb\u0101m. \u0160\u012b piel\u0101go\u0161ana nodro\u0161ina, ka cilindri ir optimiz\u0113ti paredz\u0113tajam pielietojumam, kas palielina to efektivit\u0101ti un lietder\u012bbu.<\/p>\n<p>3. <b>Ner\u016bs\u0113jo\u0161\u0101 t\u0113rauda konstrukcija<\/b><\/p>\n<p>Regul\u0113jami skavu tipa cilindri bie\u017ei tiek izgatavoti no ner\u016bs\u0113jo\u0161\u0101 t\u0113rauda, \u200b\u200bkas ir materi\u0101ls, kam ir izcila iztur\u012bba, iztur\u012bba pret koroziju un stipr\u012bba. Izmantojot ner\u016bs\u0113jo\u0161o t\u0113raudu, \u0161ie cilindri var iztur\u0113t skarbus vides apst\u0101k\u013cus, piem\u0113ram, augstu temperat\u016bru un \u0137\u012bmisku vielu iedarb\u012bbu. Turkl\u0101t ner\u016bs\u0113jo\u0161\u0101 t\u0113rauda cilindrus ir viegli t\u012br\u012bt un uztur\u0113t, kas var pal\u012bdz\u0113t pagarin\u0101t to kalpo\u0161anas laiku.<\/p>\n<p>4. <b>Divk\u0101r\u0161as darb\u012bbas<\/b><\/p>\n<p>Regul\u0113jamus dak\u0161u tipa cilindrus var konstru\u0113t k\u0101 divk\u0101r\u0161as darb\u012bbas cilindrus, kas noz\u012bm\u0113, ka tie var rad\u012bt sp\u0113ku abos virzienos. \u0160\u012b funkcija ir noder\u012bga lietojumos, kuros nepiecie\u0161ama prec\u012bza vad\u012bba un kust\u012bba, piem\u0113ram, ra\u017eo\u0161an\u0101 un b\u016bvniec\u012bb\u0101. Divk\u0101r\u0161as darb\u012bbas cilindri ir ar\u012b efekt\u012bv\u0101ki nek\u0101 vienk\u0101r\u0161\u0101s darb\u012bbas cilindri, kas var veicin\u0101t kop\u0113jo izmaksu ietaup\u012bjumu.<\/p>\n<p>Nosl\u0113gum\u0101 j\u0101secina, ka regul\u0113jamiem skavu tipa cilindriem ir vair\u0101kas priek\u0161roc\u012bbas sal\u012bdzin\u0101jum\u0101 ar citiem hidraulisko cilindru veidiem. Tie ir rentabli, piel\u0101gojami, izgatavoti no ner\u016bs\u0113jo\u0161\u0101 t\u0113rauda un tos var konstru\u0113t k\u0101 divk\u0101r\u0161as darb\u012bbas cilindrus. \u0160\u012bs \u012bpa\u0161\u012bbas padara tos par lielisku izv\u0113li r\u016bpnieciskiem un komerci\u0101liem lietojumiem, kuriem nepiecie\u0161ami uzticami, efekt\u012bvi un ilgsto\u0161i kalpojo\u0161i hidrauliskie cilindri.<\/p>\n<h3>Par FMP<\/h3>\n<p>FMP ir vado\u0161ais uz\u0146\u0113mums, kas specializ\u0113jas hidraulisko cilindru ra\u017eo\u0161an\u0101 un p\u0101rdo\u0161an\u0101. Pateicoties m\u016bsu pla\u0161ajai pieredzei nozar\u0113 un profesion\u0101lajai komandai, m\u0113s esam ap\u0146\u0113mu\u0161ies nodro\u0161in\u0101t m\u016bsu klientus ar augstas kvalit\u0101tes un uzticamiem hidraulisko cilindru risin\u0101jumiem.<\/p>\n<p>\u0160eit ir 5 galven\u0101s m\u016bsu produktu un uz\u0146\u0113muma priek\u0161roc\u012bbas:<\/p>\n<p>1. Pla\u0161s produktu kl\u0101sts: M\u0113s pied\u0101v\u0101jam pla\u0161u hidraulisko cilindru kl\u0101stu, tostarp regul\u0113jamus skavu tipa cilindrus, k\u0101 par\u0101d\u012bts zem\u0101k:<\/p>\n<p><img decoding=\"async\" src=\"https:\/\/fmp-components.com\/wp-content\/uploads\/2024\/12\/Adjustable-Clevis-Type-Cylinders-6.webp\" alt=\"Regul\u0113jams skavu tipa cilindrs\" width=\"832\" title=\"\"><\/p>\n<p>2. Izcila kvalit\u0101te: M\u0113s esam izveidoju\u0161i ilgtermi\u0146a un stabilas sadarb\u012bbas attiec\u012bbas ar augstas kvalit\u0101tes pieg\u0101d\u0101t\u0101jiem, nodro\u0161inot, ka visi m\u016bsu hidrauliskie cilindri atbilst stingriem kvalit\u0101tes standartiem. M\u016bsu ap\u0146em\u0161an\u0101s nodro\u0161in\u0101t kvalit\u0101ti at\u0161\u0137ir m\u016bs no konkurentiem.<\/p>\n<p>3. Profesion\u0101la p\u0101rdo\u0161anas komanda: M\u016bsu pieredz\u0113ju\u0161\u0101 un prasm\u012bg\u0101 p\u0101rdo\u0161anas komanda labi p\u0101rzina hidraulisko cilindru nozares att\u012bst\u012bbas tendences un klientu vajadz\u012bbas. Vi\u0146i ir ap\u0146\u0113mu\u0161ies sniegt profesion\u0101las produktu konsult\u0101cijas un p\u0101rdom\u0101tus pirk\u0161anas ieteikumus.<\/p>\n<p>4. Efekt\u012bva lo\u0123istikas izplat\u012b\u0161ana: M\u0113s saprotam savlaic\u012bgu un prec\u012bzu pieg\u0101\u017eu noz\u012bmi. Ar m\u016bsu efekt\u012bvo lo\u0123istikas izplat\u012b\u0161anas sist\u0113mu m\u0113s nodro\u0161in\u0101m, ka klienti savlaic\u012bgi sa\u0146em nepiecie\u0161amos hidrauliskos cilindrus.<\/p>\n<p>5. Visaptvero\u0161i risin\u0101jumi: Papildus hidrauliskajiem cilindriem m\u0113s pied\u0101v\u0101jam pla\u0161u celtniec\u012bbas tehnikas deta\u013cu un piln\u012bgu ma\u0161\u012bnu risin\u0101jumu kl\u0101stu. Tas \u013cauj m\u016bsu klientiem atrast visas nepiecie\u0161am\u0101s sast\u0101vda\u013cas un piederumus vienuviet, ietaupot laiku un p\u016bles.<\/p>\n<p>Aicin\u0101m j\u016bs sadarboties ar mums un izbaud\u012bt FMP hidraulisko cilindru izcil\u012bbu. Sazinieties ar mums jau \u0161odien, lai p\u0101rrun\u0101tu savas \u012bpa\u0161\u0101s pras\u012bbas, un \u013caujiet m\u016bsu komandai pal\u012bdz\u0113t jums atrast ide\u0101lu hidraulisko cilindru risin\u0101jumu atbilsto\u0161i j\u016bsu vajadz\u012bb\u0101m.<\/p>\n<h2>Bie\u017ei uzdotie jaut\u0101jumi<\/h2>\n<h3>J: Vai j\u016bs esat tirdzniec\u012bbas uz\u0146\u0113mums vai ra\u017eot\u0101js?<\/h3>\n<p>A: M\u0113s esam r\u016bpn\u012bca, kas ra\u017eo hidrauliskos cilindrus un citas lauksaimniec\u012bbas tehnikas deta\u013cas.<\/p>\n<h3>J: Cik ilgs ir j\u016bsu pieg\u0101des laiks?<\/h3>\n<p>A: M\u016bsu standarta pieg\u0101des laiks ir 25\u201335 dienas.<\/p>\n<h3>J: Vai j\u016bs sniedzat paraugus? Vai tie ir bez maksas vai papildus?<\/h3>\n<p>A: J\u0101, m\u0113s pied\u0101v\u0101jam paraugus, bet tie nav bez maksas.<\/p>\n<p>Autors: CX<\/p>","protected":false},"excerpt":{"rendered":"<p>Izmaksu zi\u0146\u0101 efekt\u012bvs piel\u0101gots ner\u016bs\u0113jo\u0161\u0101 t\u0113rauda hidrauliskais cilindrs ar divk\u0101r\u0161u darb\u012bbu Izmaksu zi\u0146\u0101 efekt\u012bvs piel\u0101gots ner\u016bs\u0113jo\u0161\u0101 t\u0113rauda hidrauliskais cilindrs ar divk\u0101r\u0161u darb\u012bbu ir augstas kvalit\u0101tes hidrauliskais cilindrs, kas paredz\u0113ts da\u017e\u0101d\u0101m r\u016bpniecisk\u0101m vajadz\u012bb\u0101m. \u0160is produkts ir izgatavots no ner\u016bs\u0113jo\u0161\u0101 t\u0113rauda, \u200b\u200bkas nodro\u0161ina iztur\u012bbu un iztur\u012bbu pret koroziju. Tas ir ar\u012b piel\u0101gots, lai atbilstu \u012bpa\u0161aj\u0101m pras\u012bb\u0101m [\u2026]<\/p>","protected":false},"featured_media":1509,"comment_status":"closed","ping_status":"closed","template":"","meta":{"_et_pb_use_builder":"","_et_pb_old_content":"","_et_gb_content_width":""},"product_brand":[],"product_cat":[42],"product_tag":[34,44],"class_list":{"0":"post-1508","1":"product","2":"type-product","3":"status-publish","4":"has-post-thumbnail","6":"product_cat-snow-plow-hydraulic-cylinder","7":"product_tag-hydraulic-cylinder","8":"product_tag-snow-plow-hydraulic-cylinder","10":"first","11":"instock","12":"product-type-simple"},"_links":{"self":[{"href":"https:\/\/fmp-components.com\/lv\/wp-json\/wp\/v2\/product\/1508","targetHints":{"allow":["GET"]}}],"collection":[{"href":"https:\/\/fmp-components.com\/lv\/wp-json\/wp\/v2\/product"}],"about":[{"href":"https:\/\/fmp-components.com\/lv\/wp-json\/wp\/v2\/types\/product"}],"replies":[{"embeddable":true,"href":"https:\/\/fmp-components.com\/lv\/wp-json\/wp\/v2\/comments?post=1508"}],"wp:featuredmedia":[{"embeddable":true,"href":"https:\/\/fmp-components.com\/lv\/wp-json\/wp\/v2\/media\/1509"}],"wp:attachment":[{"href":"https:\/\/fmp-components.com\/lv\/wp-json\/wp\/v2\/media?parent=1508"}],"wp:term":[{"taxonomy":"product_brand","embeddable":true,"href":"https:\/\/fmp-components.com\/lv\/wp-json\/wp\/v2\/product_brand?post=1508"},{"taxonomy":"product_cat","embeddable":true,"href":"https:\/\/fmp-components.com\/lv\/wp-json\/wp\/v2\/product_cat?post=1508"},{"taxonomy":"product_tag","embeddable":true,"href":"https:\/\/fmp-components.com\/lv\/wp-json\/wp\/v2\/product_tag?post=1508"}],"curies":[{"name":"wp","href":"https:\/\/api.w.org\/{rel}","templated":true}]}}