{"id":1506,"date":"2024-12-23T05:50:37","date_gmt":"2024-12-23T05:50:37","guid":{"rendered":"https:\/\/fmp-components.com\/product\/premium-quality-snow-plow-2-ton-hydraulic-cylinder-small-hydraulic-cylinder\/"},"modified":"2024-12-23T06:28:21","modified_gmt":"2024-12-23T06:28:21","slug":"premium-quality-snow-plow-2-ton-hydraulic-cylinder-small-hydraulic-cylinder","status":"publish","type":"product","link":"https:\/\/fmp-components.com\/lv\/product\/premium-quality-snow-plow-2-ton-hydraulic-cylinder-small-hydraulic-cylinder\/","title":{"rendered":"Augstas kvalit\u0101tes sniega arkls 2 tonnu hidrauliskais cilindrs mazs hidrauliskais cilindrs"},"content":{"rendered":"<p>Augst\u0101k\u0101s kvalit\u0101tes sniega arkls 2 tonnu hidrauliskais cilindrs Mazais hidrauliskais cilindrs Iepaz\u012bstin\u0101m ar augst\u0101k\u0101s kvalit\u0101tes sniega arklu 2 tonnu hidraulisko cilindru un mazo hidraulisko cilindru:<\/p>\n<p>Augst\u0101k\u0101s kvalit\u0101tes sniega t\u012br\u012bt\u0101ja 2 tonnu hidrauliskais cilindrs un mazais hidrauliskais cilindrs ir augst\u0101k\u0101s klases produkti, kas izstr\u0101d\u0101ti, lai apmierin\u0101tu visas j\u016bsu hidraulisk\u0101s vajadz\u012bbas. Pateicoties izcilajai veiktsp\u0113jai un iztur\u012bbai, \u0161ie cilindri ir lieliski piem\u0113roti pla\u0161am pielietojumu kl\u0101stam.<\/p>\n<p>Sniega t\u012br\u012bt\u0101ja 2 tonnu hidrauliskais cilindrs ir \u012bpa\u0161i izstr\u0101d\u0101ts lieljaudas sniega t\u012br\u012b\u0161anas darbiem. T\u0101 augstas kvalit\u0101tes konstrukcija nodro\u0161ina uzticamu veiktsp\u0113ju pat skarbos laika apst\u0101k\u013cos. \u0160is cilindrs pied\u0101v\u0101 jaud\u012bgu hidraulisko sp\u0113ku, kas \u013cauj bez piep\u016bles not\u012br\u012bt sniegu un ledu no piebraucam\u0101 ce\u013ca, autost\u0101vvietas vai jebkuras citas vietas, kas j\u0101atbr\u012bvo no sniega uzkr\u0101\u0161an\u0101s.<\/p>\n<p>No otras puses, mazais hidrauliskais cilindrs ir daudzpus\u012bgs un kompakts risin\u0101jums da\u017e\u0101diem pielietojumiem. T\u0101 kompaktais izm\u0113rs padara to ide\u0101li piem\u0113rotu \u0161aur\u0101m viet\u0101m, kur nevar ietilpt liel\u0101ki cilindri. Neskatoties uz mazo izm\u0113ru, \u0161is hidrauliskais cilindrs nodro\u0161ina iespaid\u012bgu veiktsp\u0113ju, padarot to piem\u0113rotu t\u0101diem uzdevumiem k\u0101 iek\u0101rtu cel\u0161ana un pozicion\u0113\u0161ana, ma\u0161\u012bnu darbin\u0101\u0161ana vai pat automobi\u013cu lietojumprogramm\u0101s.<\/p>\n<p>Abi cilindri ir prec\u012bzi konstru\u0113ti un rad\u012bti ilgam kalpo\u0161anas laikam. Tie ir izgatavoti no augst\u0101k\u0101s kvalit\u0101tes materi\u0101liem, kas nodro\u0161ina ilgsto\u0161u iztur\u012bbu un uzticamu veiktsp\u0113ju. \u0160ie cilindri ir izstr\u0101d\u0101ti, lai iztur\u0113tu lielas slodzes un ekstrem\u0101lus ekspluat\u0101cijas apst\u0101k\u013cus, padarot tos par uzticamu izv\u0113li gan profesion\u0101\u013ciem, gan entuziastiem.<\/p>\n<p>Nosl\u0113gum\u0101 j\u0101saka, ka augst\u0101k\u0101s kvalit\u0101tes sniega t\u012br\u012bt\u0101ja 2 tonnu hidrauliskais cilindrs un mazais hidrauliskais cilindrs ir svar\u012bgi instrumenti, kas pied\u0101v\u0101 izcilu veiktsp\u0113ju un uzticam\u012bbu. Neatkar\u012bgi no t\u0101, vai jums ir nepiecie\u0161ams t\u012br\u012bt sniegu vai kompakts hidrauliskais risin\u0101jums, \u0161ie cilindri ir lieliska izv\u0113le. Ieguldiet \u0161ajos augstas kvalit\u0101tes produktos un izbaudiet to sniegto jaudu un uzticam\u012bbu.<\/p>\n<h2>Iepaz\u012bstieties ar sniega t\u012br\u012bt\u0101ju 2 tonnu hidraulisko cilindru<\/h2>\n<p>Sniega t\u012br\u012bt\u0101ja 2 tonnu hidrauliskais cilindrs ir izcils produkts, kas ir iztur\u012bgs un uzticams, padarot to ide\u0101li piem\u0113rotu lieljaudas darbiem. Pateicoties augst\u0101k\u0101s kvalit\u0101tes konstrukcijai, tam tiek nodro\u0161in\u0101ta 1 gada garantija, kas nodro\u0161ina t\u0101 ilgsto\u0161u veiktsp\u0113ju un kvalit\u0101ti.<\/p>\n<h2>Produkta funkcijas<\/h2>\n<p>\u0160is hidrauliskais cilindrs ir paredz\u0113ts sare\u017e\u0123\u012btiem lietojumiem, nodro\u0161inot maksim\u0101lo vilces sp\u0113ku 3000 tonnu un maksim\u0101lo vilk\u0161anas sp\u0113ku 20 tonnu. T\u0101 korpusa konstrukcija ir izgatavota no iztur\u012bga t\u0113rauda, \u200b\u200bkas nodro\u0161ina, ka tas var iztur\u0113t intens\u012bvu lieto\u0161anu. Iev\u0113r\u012bbas cien\u012bgas \u012bpa\u0161\u012bbas:<\/p>\n<ul>\n<li>Standarta virzu\u013ccilindra konstrukcija<\/li>\n<li>Hidraulisk\u0101 baro\u0161anas sist\u0113ma<\/li>\n<li>Piem\u0113rojams da\u017e\u0101d\u0101m nozar\u0113m, piem\u0113ram, ma\u0161\u012bnb\u016bves remonta darbn\u012bc\u0101m, lauksaimniec\u012bbas uz\u0146\u0113mumiem, ener\u0123\u0113tikas un ieguves r\u016bpniec\u012bbai, ma\u0161\u012bnb\u016bves ra\u017eo\u0161anai un ma\u0161\u012bnb\u016bves r\u016bpn\u012bc\u0101m<\/li>\n<li>ISO9001:2000 sertific\u0113ts<\/li>\n<li>Urbuma izm\u0113rs: 2\u20136 collas<\/li>\n<li>Stie\u0146a izm\u0113rs: 1,125\u20134 collas<\/li>\n<li>G\u0101jiena izm\u0113rs: 4\u2013100 collas<\/li>\n<li>Tapas izm\u0113rs: 0,5\u20132 collas<\/li>\n<li>Pieejams meln\u0101 kr\u0101s\u0101<\/li>\n<\/ul>\n<p><img decoding=\"async\" title=\"Sniega arkla hidrauliskais cilindrs\" src=\"https:\/\/hzpt.com\/wp-content\/uploads\/2023\/11\/Snow-Plow-Hydraulic-Cylinder-1.webp\" alt=\"Sniega arkla hidrauliskais cilindrs\" \/><\/p>\n<h2>Produkta apkope<\/h2>\n<p>Lai nodro\u0161in\u0101tu sniega t\u012br\u012bt\u0101ja hidraulisk\u0101 cilindra ilgsto\u0161u efektivit\u0101ti, ir nepiecie\u0161ama regul\u0101ra apkope. Galvenaj\u0101m sast\u0101vda\u013c\u0101m, proti, gultnim un hidrauliskajam cilindram, ir 1 gada garantija, kas atspogu\u013co p\u0101rliec\u012bbu par konstrukcijas kvalit\u0101ti un iztur\u012bbu.<\/p>\n<h2>Pieteikumi<\/h2>\n<p>Sniega arkla hidrauliskais cilindrs ir \u012bpa\u0161i piem\u0113rots tehnikas remonta darbn\u012bc\u0101m, lauksaimniec\u012bbas tehnikai, ener\u0123\u0113tikas un kalnr\u016bpniec\u012bbas nozarei, ma\u0161\u012bnb\u016bves nozarei un ma\u0161\u012bnb\u016bves r\u016bpn\u012bc\u0101m. T\u0101 kompaktais izm\u0113rs un 2 tonnu celtsp\u0113ja padara to par ide\u0101lu izv\u0113li maziem un vid\u0113jiem lietojumiem.<\/p>\n<h2>Regul\u0113jamu skavu tipa cilindru priek\u0161roc\u012bbas<\/h2>\n<p>Regul\u0113jami skavas tipa cilindri, piem\u0113ram, augst\u0101k\u0101s kvalit\u0101tes sniega arkla 2 tonnu hidrauliskais cilindrs un mazais hidrauliskais cilindrs, pied\u0101v\u0101 virkni priek\u0161roc\u012bbu, kas padara tos par popul\u0101ru izv\u0113li da\u017e\u0101d\u0101s nozar\u0113s. \u0160ie cilindri ir izstr\u0101d\u0101ti, dom\u0101jot par precizit\u0101ti un efektivit\u0101ti, nodro\u0161inot lietot\u0101jiem uzlabotu veiktsp\u0113ju un uzticam\u012bbu. \u0160aj\u0101 rakst\u0101 m\u0113s izp\u0113t\u012bsim regul\u0113jamu skavas tipa cilindru priek\u0161roc\u012bbas un uzsv\u0113rsim, k\u0101p\u0113c tie ir v\u0113lama izv\u0113le daudziem lietojumiem.<\/p>\n<h3>1. Uzlabota elast\u012bba<\/h3>\n<p>Viena no regul\u0113jamu skavu tipa cilindru galvenaj\u0101m priek\u0161roc\u012bb\u0101m ir to sp\u0113ja pied\u0101v\u0101t uzlabotu elast\u012bbu. \u0160iem cilindriem ir skavu stiprin\u0101jums stie\u0146a gal\u0101, kas \u013cauj viegli regul\u0113t un novietot. \u0160\u012b elast\u012bba \u013cauj lietot\u0101jiem piel\u0101got cilindra g\u0101jiena garumu atbilsto\u0161i sav\u0101m \u012bpa\u0161aj\u0101m pras\u012bb\u0101m, padarot to piel\u0101gojamu pla\u0161am pielietojumu kl\u0101stam. Neatkar\u012bgi no t\u0101, vai tas ir b\u016bvniec\u012bb\u0101, lauksaimniec\u012bb\u0101 vai materi\u0101lu apstr\u0101d\u0113, regul\u0113jamais skavu tipa cilindrs nodro\u0161ina daudzpus\u012bbu, kas nepiecie\u0161ama, lai efekt\u012bvi veiktu da\u017e\u0101dus uzdevumus.<\/p>\n<h3>2. Prec\u012bza vad\u012bba<\/h3>\n<p>V\u0113l viena iev\u0113rojama regul\u0113jamu skavu tipa cilindru priek\u0161roc\u012bba ir to sp\u0113ja nodro\u0161in\u0101t prec\u012bzu vad\u012bbu. \u0160ie cilindri ir paredz\u0113ti prec\u012bzas un kontrol\u0113tas kust\u012bbas nodro\u0161in\u0101\u0161anai, garant\u0113jot vienm\u0113r\u012bgu un efekt\u012bvu darb\u012bbu. Pateicoties regul\u0113jamam g\u0101jiena garumam, lietot\u0101ji var prec\u012bzi noregul\u0113t cilindra kust\u012bbas, lai sasniegtu v\u0113lamo precizit\u0101tes l\u012bmeni. \u0160is vad\u012bbas l\u012bmenis ir \u012bpa\u0161i svar\u012bgs lietojumos, kur precizit\u0101te ir \u0101rk\u0101rt\u012bgi svar\u012bga, piem\u0113ram, robotik\u0101, automatiz\u0101cij\u0101 un ra\u017eo\u0161anas procesos.<\/p>\n<h3>3. Iztur\u012bba un uzticam\u012bba<\/h3>\n<p>Augst\u0101k\u0101s kvalit\u0101tes sniega arkla 2 tonnu hidrauliskais cilindrs un mazais hidrauliskais cilindrs, abi regul\u0113jami skavu tipa cilindri, ir rad\u012bti, lai iztur\u0113tu sare\u017e\u0123\u012btus vides apst\u0101k\u013cus un intens\u012bvu lieto\u0161anu. \u0160ie cilindri ir izgatavoti, izmantojot augstas kvalit\u0101tes materi\u0101lus, kas nodro\u0161ina iztur\u012bbu un uzticam\u012bbu pat ekstrem\u0101los apst\u0101k\u013cos. Tie ir konstru\u0113ti t\u0101, lai b\u016btu iztur\u012bgi pret koroziju, nodilumu un nodilumu, padarot tos piem\u0113rotus ilgsto\u0161ai lieto\u0161anai skarbos apst\u0101k\u013cos. Regul\u0113jamie skavu tipa cilindri ir izstr\u0101d\u0101ti, lai nodro\u0161in\u0101tu nemain\u012bgu veiktsp\u0113ju, samazin\u0101tu d\u012bkst\u0101ves laiku un palielin\u0101tu kop\u0113jo produktivit\u0101ti.<\/p>\n<h3>4. Vienk\u0101r\u0161a apkope<\/h3>\n<p>Regul\u0113jamie skavu tipa cilindri ir izstr\u0101d\u0101ti, \u0146emot v\u0113r\u0101 vienk\u0101r\u0161u apkopi. \u0160iem cilindriem ir pieejamas deta\u013cas, kas \u013cauj \u0113rti veikt p\u0101rbaudi un apkopi. Ar pien\u0101c\u012bgu apkopi cilindri var darboties optim\u0101li efekt\u012bvi ilgsto\u0161i, samazinot nepiecie\u0161am\u012bbu p\u0113c bie\u017eas remonta vai nomai\u0146as. Regul\u0113jamo skavu tipa cilindru vienk\u0101r\u0161\u0101 apkope padara tos par rentablu izv\u0113li uz\u0146\u0113mumiem, jo \u200b\u200btie var sasniegt ilg\u0101ku kalpo\u0161anas laiku ar minim\u0101lu d\u012bkst\u0101vi.<\/p>\n<h3>5. Pla\u0161s iesp\u0113ju kl\u0101sts<\/h3>\n<p>Regul\u0113jami skavas tipa cilindri ir pieejami pla\u0161\u0101 izm\u0113ru, konfigur\u0101ciju un specifik\u0101ciju kl\u0101st\u0101, nodro\u0161inot lietot\u0101jiem pla\u0161as izv\u0113les iesp\u0113jas. Neatkar\u012bgi no t\u0101, vai tas ir mazs hidrauliskais cilindrs kompaktai tehnikai vai liel\u0101ks smagajai tehnikai, ir pieejams piem\u0113rots regul\u0113jams skavas tipa cilindrs. \u0160\u012b pla\u0161\u0101 iesp\u0113ju daudzveid\u012bba \u013cauj lietot\u0101jiem izv\u0113l\u0113ties cilindrus, kas vislab\u0101k atbilst vi\u0146u \u012bpa\u0161aj\u0101m pras\u012bb\u0101m, nodro\u0161inot optim\u0101lu veiktsp\u0113ju un efektivit\u0101ti vi\u0146u lietojumos.<\/p>\n<p>Nosl\u0113gum\u0101 j\u0101secina, ka regul\u0113jami skavas tipa cilindri, piem\u0113ram, augst\u0101k\u0101s kvalit\u0101tes sniega arkla 2 tonnu hidrauliskais cilindrs un mazais hidrauliskais cilindrs, pied\u0101v\u0101 vair\u0101kas priek\u0161roc\u012bbas, kas padara tos par iecien\u012btu izv\u0113li da\u017e\u0101d\u0101s nozar\u0113s. Ar uzlabotu elast\u012bbu, prec\u012bzu vad\u012bbu, iztur\u012bbu, vieglu apkopi un pla\u0161u iesp\u0113ju kl\u0101stu \u0161ie cilindri nodro\u0161ina lietot\u0101jiem nepiecie\u0161amo veiktsp\u0113ju un uzticam\u012bbu. Neatkar\u012bgi no t\u0101, vai t\u0101 ir b\u016bvniec\u012bba, lauksaimniec\u012bba vai materi\u0101lu apstr\u0101de, regul\u0113jami skavas tipa cilindri ir neaizst\u0101jami instrumenti uzdevumu efekt\u012bvai un lietder\u012bgai veik\u0161anai.<\/p>\n<h3>Par FMP hidraulisko cilindru<\/h3>\n<p>FMP ir ap\u0146\u0113mies nodro\u0161in\u0101t augstas kvalit\u0101tes un uzticamas celtniec\u012bbas tehnikas deta\u013cas un piln\u012bgus ma\u0161\u012bnu risin\u0101jumus. M\u016bsu hidrauliskais cilindrs ir viens no popul\u0101r\u0101kajiem produktiem m\u016bsu kl\u0101st\u0101. \u0160eit ir pieci iemesli, k\u0101p\u0113c jums vajadz\u0113tu izv\u0113l\u0113ties FMP hidraulisko cilindru:<\/p>\n<ol>\n<li><strong>Augst\u0101k\u0101 kvalit\u0101te:<\/strong> M\u016bsu hidrauliskais cilindrs ir izgatavots no augstas kvalit\u0101tes materi\u0101liem, kas nodro\u0161ina t\u0101 iztur\u012bbu un ilgu kalpo\u0161anas laiku. Tas ir prec\u012bzi projekt\u0113ts un izgatavots, lai atbilstu stingriem kvalit\u0101tes standartiem, nodro\u0161inot, ka tas var iztur\u0113t skarbus darba apst\u0101k\u013cus.<\/li>\n<li><strong>Piel\u0101gojams:<\/strong> M\u016bsu hidraulisko cilindru var piel\u0101got j\u016bsu \u012bpa\u0161aj\u0101m pras\u012bb\u0101m. M\u0113s pied\u0101v\u0101jam pla\u0161u iesp\u0113ju kl\u0101stu, tostarp urbuma izm\u0113rus, g\u0101jiena garumus un mont\u0101\u017eas stilus. M\u016bsu ekspertu komanda var sniegt profesion\u0101las konsult\u0101cijas par produktiem un p\u0101rdom\u0101tus pirk\u0161anas ieteikumus, lai pal\u012bdz\u0113tu jums izv\u0113l\u0113ties pareizo hidraulisko cilindru atbilsto\u0161i j\u016bsu vajadz\u012bb\u0101m.<\/li>\n<li><strong>Vienk\u0101r\u0161a uzst\u0101d\u012b\u0161ana:<\/strong> M\u016bsu hidrauliskais cilindrs ir izstr\u0101d\u0101ts t\u0101, lai to b\u016btu viegli uzst\u0101d\u012bt, samazinot d\u012bkst\u0101ves laiku un palielinot produktivit\u0101ti. Tas ir apr\u012bkots ar pla\u0161u mont\u0101\u017eas iesp\u0113ju kl\u0101stu, ko var viegli uzst\u0101d\u012bt uz j\u016bsu apr\u012bkojuma.<\/li>\n<li><strong>Konkur\u0113tsp\u0113j\u012bga cena:<\/strong> M\u0113s pied\u0101v\u0101jam konkur\u0113tsp\u0113j\u012bgas cenas, neupur\u0113jot kvalit\u0101ti. Izveidojot ilgtermi\u0146a un stabilas sadarb\u012bbas attiec\u012bbas ar daudziem augstas kvalit\u0101tes pieg\u0101d\u0101t\u0101jiem gan m\u0101j\u0101s, gan \u0101rzem\u0113s, m\u0113s nodro\u0161in\u0101m, ka visas pieg\u0101d\u0101t\u0101s deta\u013cas atbilst stingriem kvalit\u0101tes standartiem.<\/li>\n<li><strong>Efekt\u012bva lo\u0123istikas izplat\u012b\u0161anas sist\u0113ma:<\/strong> Mums ir efekt\u012bva lo\u0123istikas izplat\u012b\u0161anas sist\u0113ma, lai nodro\u0161in\u0101tu, ka klienti savlaic\u012bgi un prec\u012bzi sa\u0146em nepiecie\u0161am\u0101s deta\u013cas. M\u0113s cie\u0161i sadarbojamies ar saviem lo\u0123istikas partneriem, lai nodro\u0161in\u0101tu \u0101trus un uzticamus pieg\u0101des pakalpojumus klientiem vis\u0101 pasaul\u0113.<\/li>\n<\/ol>\n<p><img decoding=\"async\" src=\"https:\/\/fmp-components.com\/wp-content\/uploads\/2024\/12\/Adjustable-Clevis-Type-Cylinders-6.webp\" alt=\"Regul\u0113jams skavu tipa cilindrs\" width=\"831\" title=\"\"><\/p>\n<p>Izmantojot FMP hidraulisko cilindru, j\u016bs varat b\u016bt p\u0101rliecin\u0101ti par augst\u0101ko kvalit\u0101ti, piel\u0101go\u0161anas iesp\u0113j\u0101m, vienk\u0101r\u0161u uzst\u0101d\u012b\u0161anu, konkur\u0113tsp\u0113j\u012bg\u0101m cen\u0101m un efekt\u012bvu lo\u0123istikas izplat\u012b\u0161anu. Sazinieties ar mums jau \u0161odien, lai uzzin\u0101tu vair\u0101k par m\u016bsu produktiem un pakalpojumiem, un \u013caujiet mums pal\u012bdz\u0113t jums atrast pareizo hidraulisko cilindru atbilsto\u0161i j\u016bsu vajadz\u012bb\u0101m.<\/p>\n<h2>Bie\u017ei uzdotie jaut\u0101jumi<\/h2>\n<h3>J: Vai j\u016bs esat tirdzniec\u012bbas uz\u0146\u0113mums vai ra\u017eot\u0101js?<\/h3>\n<p>A: M\u0113s esam r\u016bpn\u012bca.<\/p>\n<h3>J: Cik ilgs ir j\u016bsu pieg\u0101des laiks?<\/h3>\n<p>A: Parasti tas ir 25\u201335 dienas.<\/p>\n<h3>J: Vai j\u016bs sniedzat paraugus? Vai tas ir bez maksas vai papildus?<\/h3>\n<p>A: J\u0101, m\u0113s var\u0113tu pied\u0101v\u0101t paraugu, bet tas nav bez maksas.<\/p>\n<p><img decoding=\"async\" title=\"Sniega arkla hidrauliskais cilindrs\" src=\"https:\/\/hzpt.com\/wp-content\/uploads\/2023\/11\/Snow-Plow-Hydraulic-Cylinder-3.webp\" alt=\"Sniega arkla hidrauliskais cilindrs\" \/><\/p>\n<p>Autors: CX<\/p>","protected":false},"excerpt":{"rendered":"<p>Premium Quality Snow Plow 2 Ton Hydraulic Cylinder Small Hydraulic CylinderIntroducing the Premium Quality Snow Plow 2 Ton Hydraulic Cylinder and Small Hydraulic Cylinder: The Premium Quality Snow Plow 2 Ton Hydraulic Cylinder and Small Hydraulic Cylinder are top-of-the-line products designed to meet all your hydraulic needs. With their exceptional performance and durability, these cylinders [&hellip;]<\/p>","protected":false},"featured_media":1507,"comment_status":"closed","ping_status":"closed","template":"","meta":{"_et_pb_use_builder":"","_et_pb_old_content":"","_et_gb_content_width":""},"product_brand":[],"product_cat":[42],"product_tag":[34,44],"class_list":{"0":"post-1506","1":"product","2":"type-product","3":"status-publish","4":"has-post-thumbnail","6":"product_cat-snow-plow-hydraulic-cylinder","7":"product_tag-hydraulic-cylinder","8":"product_tag-snow-plow-hydraulic-cylinder","10":"first","11":"instock","12":"product-type-simple"},"_links":{"self":[{"href":"https:\/\/fmp-components.com\/lv\/wp-json\/wp\/v2\/product\/1506","targetHints":{"allow":["GET"]}}],"collection":[{"href":"https:\/\/fmp-components.com\/lv\/wp-json\/wp\/v2\/product"}],"about":[{"href":"https:\/\/fmp-components.com\/lv\/wp-json\/wp\/v2\/types\/product"}],"replies":[{"embeddable":true,"href":"https:\/\/fmp-components.com\/lv\/wp-json\/wp\/v2\/comments?post=1506"}],"wp:featuredmedia":[{"embeddable":true,"href":"https:\/\/fmp-components.com\/lv\/wp-json\/wp\/v2\/media\/1507"}],"wp:attachment":[{"href":"https:\/\/fmp-components.com\/lv\/wp-json\/wp\/v2\/media?parent=1506"}],"wp:term":[{"taxonomy":"product_brand","embeddable":true,"href":"https:\/\/fmp-components.com\/lv\/wp-json\/wp\/v2\/product_brand?post=1506"},{"taxonomy":"product_cat","embeddable":true,"href":"https:\/\/fmp-components.com\/lv\/wp-json\/wp\/v2\/product_cat?post=1506"},{"taxonomy":"product_tag","embeddable":true,"href":"https:\/\/fmp-components.com\/lv\/wp-json\/wp\/v2\/product_tag?post=1506"}],"curies":[{"name":"wp","href":"https:\/\/api.w.org\/{rel}","templated":true}]}}