{"id":1504,"date":"2024-12-23T05:50:37","date_gmt":"2024-12-23T05:50:37","guid":{"rendered":"https:\/\/fmp-components.com\/product\/professional-craftsmanship-small-2-ton-double-acting-snow-plow-hydraulic-cylinder\/"},"modified":"2024-12-23T06:13:08","modified_gmt":"2024-12-23T06:13:08","slug":"professional-craftsmanship-small-2-ton-double-acting-snow-plow-hydraulic-cylinder","status":"publish","type":"product","link":"https:\/\/fmp-components.com\/lv\/product\/professional-craftsmanship-small-2-ton-double-acting-snow-plow-hydraulic-cylinder\/","title":{"rendered":"Profesion\u0101la meistar\u012bba Mazs 2 tonnu divk\u0101r\u0161as darb\u012bbas sniega arkla hidrauliskais cilindrs"},"content":{"rendered":"<h2>Profesion\u0101la meistar\u012bba Mazs 2 tonnu divk\u0101r\u0161as darb\u012bbas sniega arkla hidrauliskais cilindrs<\/h2>\n<p>Iepaz\u012bstin\u0101m ar Professional Craftsmanship mazo 2 tonnu divk\u0101r\u0161as darb\u012bbas sniega arkla hidraulisko cilindru \u2014 ide\u0101ls papildin\u0101jums j\u016bsu sniega arkla apr\u012bkojumam. Izgatavots no augst\u0101k\u0101s kvalit\u0101tes materi\u0101liem un meistar\u012bbas, \u0161is hidrauliskais cilindrs ir paredz\u0113ts pat vissmag\u0101kajiem ziemas apst\u0101k\u013ciem.<\/p>\n<p>Ar 2 tonnu celtsp\u0113ju un divk\u0101r\u0161as darb\u012bbas funkcionalit\u0101ti \u0161is cilindrs nodro\u0161ina jaud\u012bgu un efekt\u012bvu veiktsp\u0113ju, \u013caujot viegli t\u012br\u012bt sniegu. Cilindrs ir ar\u012b \u013coti iztur\u012bgs, tam ir korozijiztur\u012bgs p\u0101rkl\u0101jums un stabila konstrukcija, kas nodro\u0161ina t\u0101 kalpo\u0161anu gadiem ilgi.<\/p>\n<p>Ta\u010du \u0161o hidraulisko cilindru patiesi at\u0161\u0137ir t\u0101 profesion\u0101l\u0101 meistar\u012bba. Katra deta\u013ca ir r\u016bp\u012bgi p\u0101rdom\u0101ta un izstr\u0101d\u0101ta, lai nodro\u0161in\u0101tu visaugst\u0101ko iesp\u0113jamo kvalit\u0101tes l\u012bmeni. S\u0101kot ar prec\u012bzu in\u017eenieriju un beidzot ar nevainojamu apdari, \u0161is cilindrs ir apliecin\u0101jums t\u0101 ra\u017eot\u0101ju zin\u0101\u0161an\u0101m un cent\u012bbai.<\/p>\n<p><img decoding=\"async\" title=\"Sniega arkla hidrauliskais cilindrs\" src=\"https:\/\/hzpt.com\/wp-content\/uploads\/2023\/11\/Snow-Plow-Hydraulic-Cylinder-3.webp\" alt=\"Sniega arkla hidrauliskais cilindrs\" \/><\/p>\n<p>T\u0101tad, ja mekl\u0113jat uzticamu un augstas veiktsp\u0113jas hidraulisko cilindru savam sniega arklam, tad Professional Craftsmanship mazais 2 tonnu divk\u0101r\u0161as darb\u012bbas sniega arkla hidrauliskais cilindrs ir \u012bst\u0101 izv\u0113le. Pateicoties t\u0101 izcilajai konstrukcijai un nep\u0101rsp\u0113jamajai veiktsp\u0113jai, tas noteikti k\u013c\u016bs par neaizst\u0101jamu instrumentu j\u016bsu ziemas arsen\u0101l\u0101. Iepaz\u012bstin\u0101m ar Professional Craftsmanship mazo 2 tonnu divk\u0101r\u0161as darb\u012bbas sniega arkla hidraulisko cilindru \u2014 profesion\u0101las meistar\u012bbas iemiesojumu hidraulisko cilindru pasaul\u0113. \u0160is jaunais un inovat\u012bvais produkts ir izstr\u0101d\u0101ts, lai apmierin\u0101tu da\u017e\u0101du nozaru, piem\u0113ram, ma\u0161\u012bnb\u016bves remonta darbn\u012bcu, lauksaimniec\u012bbas, ener\u0123\u0113tikas un kalnr\u016bpniec\u012bbas, ma\u0161\u012bnb\u016bves un ma\u0161\u012bnb\u016bves r\u016bpn\u012bcu, vajadz\u012bbas.<\/p>\n<h2>Funkcijas un specifik\u0101cijas<\/h2>\n<table style=\"width: 100%;\" border=\"1\" width=\"100%\" cellspacing=\"0\" cellpadding=\"0\">\n<tbody>\n<tr>\n<th>Produkta nosaukums<\/th>\n<td>Sniega arkla hidrauliskais cilindrs<\/td>\n<\/tr>\n<tr>\n<th>Tips<\/th>\n<td>Standarta virzu\u013ccilindrs<\/td>\n<\/tr>\n<tr>\n<th>Baro\u0161anas avots<\/th>\n<td>Hidraulisk\u0101 ener\u0123ija<\/td>\n<\/tr>\n<tr>\n<th>Korpusa materi\u0101ls<\/th>\n<td>Iztur\u012bgs t\u0113rauds<\/td>\n<\/tr>\n<tr>\n<th>Maksim\u0101l\u0101 vilce<\/th>\n<td>3000<\/td>\n<\/tr>\n<tr>\n<th>Maksim\u0101lais vilk\u0161anas sp\u0113ks<\/th>\n<td>20 tonnas<\/td>\n<\/tr>\n<tr>\n<th>Urbuma izm\u0113rs<\/th>\n<td>2\u20136 collas<\/td>\n<\/tr>\n<tr>\n<th>Stie\u0146a izm\u0113rs<\/th>\n<td>1,125\u20134 collas<\/td>\n<\/tr>\n<tr>\n<th>Trieciena izm\u0113rs<\/th>\n<td>4\u2013100 collas<\/td>\n<\/tr>\n<tr>\n<th>Tapas izm\u0113rs<\/th>\n<td>0,5\u20132 collas<\/td>\n<\/tr>\n<tr>\n<th>Sertifik\u0101cija<\/th>\n<td>ISO 9001:2000<\/td>\n<\/tr>\n<tr>\n<th>Kvalit\u0101tes nodro\u0161in\u0101\u0161ana<\/th>\n<td>Uzticams un augstas kvalit\u0101tes<\/td>\n<\/tr>\n<\/tbody>\n<\/table>\n<h2>Regul\u0113jamu skavu tipa cilindru priek\u0161roc\u012bbas<\/h2>\n<p>Regul\u0113jami skavu tipa cilindri, kas paz\u012bstami ar\u012b k\u0101 sniega arkla hidrauliskie cilindri, ir b\u016btiska sast\u0101vda\u013ca da\u017e\u0101d\u0101s lieljaudas ma\u0161\u012bn\u0101s un iek\u0101rt\u0101s. Tie pied\u0101v\u0101 vair\u0101kas priek\u0161roc\u012bbas, kas padara tos \u013coti piepras\u012btus nozar\u0113. \u0160aj\u0101 rakst\u0101 m\u0113s detaliz\u0113ti izp\u0113t\u012bsim \u0161o cilindru priek\u0161roc\u012bbas, izce\u013cot to profesion\u0101lo meistar\u012bbu, izcilo veiktsp\u0113ju un maz\u0101s 2 tonnu divk\u0101r\u0161\u0101s darb\u012bbas iesp\u0113jas.<\/p>\n<p>1. Profesion\u0101la meistar\u012bba:<br \/>\nRegul\u0113jamie skavu tipa cilindri ir r\u016bp\u012bgi izgatavoti, izmantojot augstas kvalit\u0101tes materi\u0101lus un progres\u012bvas ra\u017eo\u0161anas metodes. \u0160ie cilindri ir izstr\u0101d\u0101ti, lai iztur\u0113tu ekstrem\u0101lus apst\u0101k\u013cus un lielas slodzes, nodro\u0161inot optim\u0101lu veiktsp\u0113ju un iztur\u012bbu. Deta\u013c\u0101m velt\u012bt\u0101 uzman\u012bba to konstrukcij\u0101 garant\u0113 uzticamu un ilgsto\u0161u darb\u012bbu, padarot tos par iecien\u012btu izv\u0113li profesion\u0101\u013ciem \u0161aj\u0101 jom\u0101.<\/p>\n<p>2. Maza 2 tonnu divk\u0101r\u0161as darb\u012bbas sp\u0113ja:<br \/>\nViena no regul\u0113jamu skavu tipa cilindru galvenaj\u0101m priek\u0161roc\u012bb\u0101m ir to mazais izm\u0113rs apvienojum\u0101 ar 2 tonnu dubult\u0101s darb\u012bbas sp\u0113ju. \u0160is kompaktais dizains \u013cauj tos viegli uzst\u0101d\u012bt un integr\u0113t da\u017e\u0101d\u0101s hidrauliskaj\u0101s sist\u0113m\u0101s, kur ir ierobe\u017eota vieta. Neskatoties uz mazo izm\u0113ru, \u0161iem cilindriem ir izcila iztur\u012bba un jauda, \u200b\u200bkas \u013cauj tiem efekt\u012bvi tikt gal\u0101 ar smag\u0101m krav\u0101m. Pateicoties dubult\u0101s darb\u012bbas funkcijai, tie nodro\u0161ina gan stum\u0161anas, gan vilk\u0161anas sp\u0113ku, palielinot daudzpus\u012bbu un produktivit\u0101ti pla\u0161\u0101 pielietojumu kl\u0101st\u0101.<\/p>\n<p>3. Uzlabota veiktsp\u0113ja:<br \/>\nRegul\u0113jami dak\u0161as tipa cilindri nodro\u0161ina izcilu veiktsp\u0113ju, pateicoties to prec\u012bzajai in\u017eenierijai un inovat\u012bvajam dizainam. \u0160ie cilindri ir konstru\u0113ti, lai nodro\u0161in\u0101tu vienm\u0113r\u012bgas un kontrol\u0113tas kust\u012bbas, garant\u0113jot prec\u012bzu agreg\u0101tu vai instrumentu pozicion\u0113\u0161anu. Sp\u0113ja regul\u0113t dak\u0161as stiprin\u0101jumu \u013cauj veikt prec\u012bzu regul\u0113\u0161anu un piel\u0101go\u0161anu atbilsto\u0161i \u012bpa\u0161\u0101m pras\u012bb\u0101m, uzlabojot kop\u0113jo efektivit\u0101ti un lietder\u012bbu. Neatkar\u012bgi no t\u0101, vai t\u0101 ir cel\u0161ana, stum\u0161ana vai vilk\u0161ana, \u0161ie cilindri nodro\u0161ina optim\u0101lu sp\u0113ka p\u0101rnesi un nemain\u012bgu veiktsp\u0113ju.<\/p>\n<p>4. Paaugstin\u0101ta daudzpus\u012bba:<br \/>\nRegul\u0113jamais skavu stiprin\u0101jums uz \u0161iem cilindriem \u013cauj viegli piestiprin\u0101t un atvienot da\u017e\u0101dus instrumentus, padarot tos \u013coti daudzpus\u012bgus. Tos var izmantot t\u0101d\u0101s lietojumprogramm\u0101s k\u0101 sniega arkli, front\u0101lie iekr\u0101v\u0113ji, lauksaimniec\u012bbas tehnika un citur. \u0160o cilindru pied\u0101v\u0101t\u0101 elast\u012bba \u013cauj operatoriem piel\u0101goties da\u017e\u0101diem uzdevumiem un apst\u0101k\u013ciem, uzlabojot kop\u0113jo produktivit\u0101ti un samazinot d\u012bkst\u0101ves laiku. Ar sp\u0113ju apstr\u0101d\u0101t da\u017e\u0101das slodzes un str\u0101d\u0101t da\u017e\u0101d\u0101s vid\u0113s, regul\u0113jamie skavu tipa cilindri ir nenov\u0113rt\u0113jams ieguvums profesion\u0101\u013ciem da\u017e\u0101d\u0101s nozar\u0113s.<\/p>\n<p>Nosl\u0113gum\u0101 j\u0101secina, ka regul\u0113jamie skavu tipa cilindri sniedz daudzas priek\u0161roc\u012bbas, padarot tos par iecien\u012btu izv\u0113li profesion\u0101\u013cu vid\u016b. To profesion\u0101l\u0101 meistar\u012bba, maz\u0101 2 tonnu divk\u0101r\u0161\u0101s darb\u012bbas jauda, \u200b\u200buzlabot\u0101 veiktsp\u0113ja un palielin\u0101t\u0101 daudzpus\u012bba padara tos par uzticamu un efekt\u012bvu risin\u0101jumu lieljaudas lietojumiem. Neatkar\u012bgi no t\u0101, vai runa ir par prec\u012bz\u0101m kust\u012bb\u0101m, sp\u0113ju iztur\u0113t skarbus apst\u0101k\u013cus vai vieglu integr\u0101ciju hidrauliskaj\u0101s sist\u0113m\u0101s, \u0161ie cilindri izce\u013cas ar optim\u0101las veiktsp\u0113jas nodro\u0161in\u0101\u0161anu.<\/p>\n<h3>Par FMP hidraulisko cilindru<\/h3>\n<p>FMP ir uz\u0146\u0113mums, kas specializ\u0113jas augstas kvalit\u0101tes celtniec\u012bbas tehnikas deta\u013cu un pilnu iek\u0101rtu pieg\u0101d\u0113. M\u0113s lepojamies ar to, ka pied\u0101v\u0101jam pla\u0161u produktu kl\u0101stu, tostarp hidrauliskos cilindrus, kas ir izstr\u0101d\u0101ti, lai apmierin\u0101tu m\u016bsu klientu vajadz\u012bbas. Ar daudzu gadu pieredzi nozar\u0113 un profesion\u0101lu komandu m\u0113s esam p\u0101rliecin\u0101ti, ka varam nodro\u0161in\u0101t j\u016bs ar lab\u0101kajiem produktiem un pakalpojumiem.<\/p>\n<p>\u0160eit ir da\u017ei iemesli, k\u0101p\u0113c jums vajadz\u0113tu izv\u0113l\u0113ties FMP hidraulisko cilindru:<\/p>\n<ol>\n<li><strong>Augstas kvalit\u0101tes materi\u0101li:<\/strong> Hidraulisko cilindru ra\u017eo\u0161an\u0101 m\u0113s izmantojam augstas kvalit\u0101tes materi\u0101lus, kas nodro\u0161ina to iztur\u012bbu un ilgm\u016b\u017e\u012bbu.<\/li>\n<li><strong>Piel\u0101gojami risin\u0101jumi:<\/strong> M\u0113s pied\u0101v\u0101jam piel\u0101gojamus risin\u0101jumus, lai apmierin\u0101tu m\u016bsu klientu unik\u0101l\u0101s vajadz\u012bbas. M\u016bsu hidrauliskie cilindri ir pieejami da\u017e\u0101dos izm\u0113ros un konfigur\u0101cij\u0101s.<\/li>\n<li><strong>Eksperta konsult\u0101cija:<\/strong> M\u016bsu pieredz\u0113ju\u0161\u0101 p\u0101rdo\u0161anas komanda vienm\u0113r ir gatava sniegt Jums profesion\u0101las konsult\u0101cijas un p\u0101rdom\u0101tus pirk\u0161anas ieteikumus. M\u0113s izprotam b\u016bvniec\u012bbas tehnikas nozares att\u012bst\u012bbas tendences un klientu vajadz\u012bbas, un varam pal\u012bdz\u0113t Jums pie\u0146emt p\u0101rdom\u0101tus l\u0113mumus.<\/li>\n<li><strong>Efekt\u012bva lo\u0123istika:<\/strong> Mums ir efekt\u012bva lo\u0123istikas izplat\u012b\u0161anas sist\u0113ma, kas nodro\u0161ina nepiecie\u0161amo deta\u013cu savlaic\u012bgu un prec\u012bzu pieg\u0101di.<\/li>\n<li><strong>Pla\u0161s produktu kl\u0101sts:<\/strong> Papildus hidrauliskajiem cilindriem m\u0113s pied\u0101v\u0101jam ar\u012b da\u017e\u0101das celtniec\u012bbas tehnikas deta\u013cas, piem\u0113ram, lauksaimniec\u012bbas tehnikas p\u0101rnesumk\u0101rbas, planet\u0101r\u0101s p\u0101rnesumk\u0101rbas un r\u016bpniecisk\u0101s p\u0101rnesumk\u0101rbas, k\u0101 ar\u012b t\u0101m atbilsto\u0161us augst\u0101k\u0101s klases piederumus.<\/li>\n<\/ol>\n<p>Uz\u0146\u0113mum\u0101 FMP m\u0113s esam ap\u0146\u0113mu\u0161ies nodro\u0161in\u0101t saviem klientiem lab\u0101kos produktus un pakalpojumus. M\u016bsu hidrauliskie cilindri ir izstr\u0101d\u0101ti atbilsto\u0161i augst\u0101kajiem kvalit\u0101tes standartiem, un m\u0113s lepojamies ar to, ka visas m\u016bsu pieg\u0101d\u0101t\u0101s deta\u013cas atbilst stingriem kvalit\u0101tes standartiem. M\u0113s ticam, ka m\u016bsu zin\u0101\u0161anas un ap\u0146em\u0161an\u0101s nodro\u0161in\u0101t kvalit\u0101ti padara m\u016bs par ide\u0101lu partneri j\u016bsu celtniec\u012bbas tehnikas vajadz\u012bb\u0101m.<\/p>\n<p><img decoding=\"async\" src=\"https:\/\/fmp-components.com\/wp-content\/uploads\/2024\/12\/Adjustable-Clevis-Type-Cylinders-6.webp\" alt=\"Regul\u0113jams skavu tipa cilindrs\" width=\"830\" title=\"\"><\/p>\n<h2>Bie\u017ei uzdotie jaut\u0101jumi<\/h2>\n<p><strong>J: Vai j\u016bs esat tirdzniec\u012bbas uz\u0146\u0113mums vai ra\u017eot\u0101js?<\/strong><\/p>\n<p>A: M\u0113s esam r\u016bpn\u012bca, kas ra\u017eo augst\u0101k\u0101s klases hidrauliskos cilindrus un citas lauksaimniec\u012bbas tehnikas deta\u013cas.<\/p>\n<p><strong>J: K\u0101ds ir sniega arkla hidraulisk\u0101 cilindra pieg\u0101des laiks?<\/strong><\/p>\n<p>A: Parasti pieg\u0101de aiz\u0146em apm\u0113ram 25\u201335 dienas.<\/p>\n<p><strong>J: Vai j\u016bs varat ra\u017eot atbilsto\u0161i paraugiem?<\/strong><\/p>\n<p>A: J\u0101, m\u0113s varam izgatavot p\u0113c j\u016bsu paraugiem vai tehniskajiem ras\u0113jumiem. M\u0113s varam izgatavot veidnes un armat\u016bru.<\/p>\n<p><img decoding=\"async\" src=\"https:\/\/hzpt.com\/wp-content\/uploads\/2023\/11\/Snow-Plow-Hydraulic-Cylinder-4Factory.webp\" alt=\"Sniega arkla hidraulisko cilindru r\u016bpn\u012bca\" title=\"\"><\/p>\n<p>Autors: CX<\/p>","protected":false},"excerpt":{"rendered":"<p>Professional Craftsmanship Small 2 Ton Double Acting Snow Plow Hydraulic Cylinder Introducing the Professional Craftsmanship Small 2 Ton Double Acting Snow Plow Hydraulic Cylinder &#8211; the perfect addition to your snow plow equipment. Built with superior materials and expert craftsmanship, this hydraulic cylinder is designed to withstand even the toughest winter conditions. With a 2 [&hellip;]<\/p>","protected":false},"featured_media":1505,"comment_status":"closed","ping_status":"closed","template":"","meta":{"_et_pb_use_builder":"","_et_pb_old_content":"","_et_gb_content_width":""},"product_brand":[],"product_cat":[42],"product_tag":[34,44],"class_list":{"0":"post-1504","1":"product","2":"type-product","3":"status-publish","4":"has-post-thumbnail","6":"product_cat-snow-plow-hydraulic-cylinder","7":"product_tag-hydraulic-cylinder","8":"product_tag-snow-plow-hydraulic-cylinder","10":"first","11":"instock","12":"product-type-simple"},"_links":{"self":[{"href":"https:\/\/fmp-components.com\/lv\/wp-json\/wp\/v2\/product\/1504","targetHints":{"allow":["GET"]}}],"collection":[{"href":"https:\/\/fmp-components.com\/lv\/wp-json\/wp\/v2\/product"}],"about":[{"href":"https:\/\/fmp-components.com\/lv\/wp-json\/wp\/v2\/types\/product"}],"replies":[{"embeddable":true,"href":"https:\/\/fmp-components.com\/lv\/wp-json\/wp\/v2\/comments?post=1504"}],"wp:featuredmedia":[{"embeddable":true,"href":"https:\/\/fmp-components.com\/lv\/wp-json\/wp\/v2\/media\/1505"}],"wp:attachment":[{"href":"https:\/\/fmp-components.com\/lv\/wp-json\/wp\/v2\/media?parent=1504"}],"wp:term":[{"taxonomy":"product_brand","embeddable":true,"href":"https:\/\/fmp-components.com\/lv\/wp-json\/wp\/v2\/product_brand?post=1504"},{"taxonomy":"product_cat","embeddable":true,"href":"https:\/\/fmp-components.com\/lv\/wp-json\/wp\/v2\/product_cat?post=1504"},{"taxonomy":"product_tag","embeddable":true,"href":"https:\/\/fmp-components.com\/lv\/wp-json\/wp\/v2\/product_tag?post=1504"}],"curies":[{"name":"wp","href":"https:\/\/api.w.org\/{rel}","templated":true}]}}