{"id":1502,"date":"2024-12-23T05:50:37","date_gmt":"2024-12-23T05:50:37","guid":{"rendered":"https:\/\/fmp-components.com\/product\/high-quality-customized-snow-plow-hydraulic-piston-cylinder\/"},"modified":"2024-12-23T06:26:31","modified_gmt":"2024-12-23T06:26:31","slug":"high-quality-customized-snow-plow-hydraulic-piston-cylinder","status":"publish","type":"product","link":"https:\/\/fmp-components.com\/lv\/product\/high-quality-customized-snow-plow-hydraulic-piston-cylinder\/","title":{"rendered":"Augstas kvalit\u0101tes piel\u0101gots sniega arkla hidrauliskais virzu\u013ccilindrs"},"content":{"rendered":"<p>Augstas kvalit\u0101tes piel\u0101gots sniega arkla hidrauliskais virzu\u013ccilindrsAugstas kvalit\u0101tes piel\u0101gots sniega arkla hidrauliskais virzu\u013ccilindrs ir oblig\u0101ts produkts ikvienam, kur\u0161 v\u0113las nodro\u0161in\u0101t vienm\u0113r\u012bgu un efekt\u012bvu sniega ar\u0161anas pieredzi. \u0160is produkts ir izstr\u0101d\u0101ts, lai nodro\u0161in\u0101tu visaugst\u0101ko veiktsp\u0113jas un uzticam\u012bbas l\u012bmeni pat vissmag\u0101kajos apst\u0101k\u013cos.<\/p>\n<p>Izgatavots no lab\u0101kajiem materi\u0101liem un rad\u012bts ilgam kalpo\u0161anas laikam, \u0161is hidrauliskais virzu\u013ccilindrs ir gan iztur\u012bgs, gan uzticams. Tas sp\u0113j iztur\u0113t lielas slodzes un viegli iztur\u0113t ekstrem\u0101las temperat\u016bras, padarot to par ide\u0101lu izv\u0113li ikvienam, kam nepiecie\u0161ams augstas kvalit\u0101tes, ilgi kalpojo\u0161s sniega arkla hidrauliskais virzu\u013ccilindrs.<\/p>\n<p>Turkl\u0101t \u0161o produktu var piel\u0101got katra klienta unik\u0101laj\u0101m vajadz\u012bb\u0101m, nodro\u0161inot, ka tas ir piln\u012bb\u0101 piel\u0101gots vi\u0146u \u012bpa\u0161aj\u0101m pras\u012bb\u0101m. Neatkar\u012bgi no t\u0101, vai jums ir nepiecie\u0161ams liel\u0101ks vai maz\u0101ks virzu\u013ccilindrs, vai ar\u012b t\u0101ds, kas paredz\u0113ts konkr\u0113ta veida sniega arklam, \u0161o produktu var piel\u0101got j\u016bsu vajadz\u012bb\u0101m.<\/p>\n<p>Kopum\u0101, ja jums ir nepiecie\u0161ams augstas kvalit\u0101tes, iztur\u012bgs un uzticams sniega arkla hidrauliskais virzu\u013ccilindrs, tad augstas kvalit\u0101tes piel\u0101gots sniega arkla hidrauliskais virzu\u013ccilindrs ir \u012bst\u0101 izv\u0113le. Ar savu izcilo veiktsp\u0113ju un piel\u0101gojamo dizainu \u0161is produkts noteikti sniegs jums nepiecie\u0161amos rezult\u0101tus. Iepaz\u012bstin\u0101m ar m\u016bsu augstas kvalit\u0101tes piel\u0101goto sniega arkla hidraulisko virzu\u013ccilindru \u2014 jaunu, modernu produktu, kas paredz\u0113ts, lai revolucioniz\u0113tu j\u016bsu tehnikas remonta darbn\u012bcas, saimniec\u012bbas, ener\u0123\u0113tikas un kalnr\u016bpniec\u012bbas darb\u012bbas, tehnikas ra\u017eo\u0161anu un citas piem\u0113rojam\u0101s nozares. Prec\u012bzi izstr\u0101d\u0101tais sniega arkla hidrauliskais virzu\u013ccilindrs garant\u0113 iztur\u012bbu, uzticam\u012bbu un iev\u0113rojamu veiktsp\u0113ju.<\/p>\n<p><img decoding=\"async\" title=\"Sniega arkla hidrauliskais cilindrs\" src=\"https:\/\/hzpt.com\/wp-content\/uploads\/2023\/11\/Snow-Plow-Hydraulic-Cylinder-1.webp\" alt=\"Sniega arkla hidrauliskais cilindrs\" \/><\/p>\n<h2>Hidraulisk\u0101 virzu\u013ccilindra \u012bpa\u0161\u012bbas<\/h2>\n<p>M\u016bsu sniega t\u012br\u012bt\u0101ja hidraulisk\u0101 virzu\u013ccilindra raksturojums ir izcils, tostarp:<\/p>\n<ul>\n<li>Vienu gadu garantija, kas apliecina t\u0101 kvalit\u0101ti un iztur\u012bbu.<\/li>\n<li>ISO 9001:2000 sertifik\u0101ts, kas apliecina t\u0101 ra\u017eo\u0161anas augstos standartus.<\/li>\n<li>Standarta konstrukcija un virzu\u013ccilindra strukt\u016bra, kas nodro\u0161ina sader\u012bbu ar liel\u0101ko da\u013cu ma\u0161\u012bnu.<\/li>\n<li>Izgatavots no t\u0113rauda, \u200b\u200bsolot iztur\u012bbu un ilgm\u016b\u017e\u012bbu.<\/li>\n<li>Maksim\u0101l\u0101 vilces jauda 3000 tonnu un maksim\u0101l\u0101 vilk\u0161anas jauda 20 tonnas garant\u0113 jaud\u012bgu veiktsp\u0113ju.<\/li>\n<li>Da\u017e\u0101di urbuma, stie\u0146a, g\u0101jiena un tapas izm\u0113ru varianti atbilsto\u0161i j\u016bsu \u012bpa\u0161aj\u0101m vajadz\u012bb\u0101m.<\/li>\n<li>Pieejams ar G\/SAE\/NPT\/M piesl\u0113gviet\u0101m.<\/li>\n<li>T\u0101 elegant\u0101 meln\u0101 kr\u0101sa izce\u013c t\u0101 profesion\u0101lo izskatu.<\/li>\n<\/ul>\n<h2>Hidraulisk\u0101 virzu\u013ccilindra apkope un pielietojums<\/h2>\n<p>M\u016bsu sniega t\u012br\u012bt\u0101ja hidraulisk\u0101 virzu\u013ccilindra apkope ir vienk\u0101r\u0161a un \u0113rta, nodro\u0161inot produkta ilgm\u016b\u017e\u012bbu un optim\u0101lu veiktsp\u0113ju. Ar viena gada garantiju galvenaj\u0101m sast\u0101vda\u013c\u0101m, tostarp gultnim un hidrauliskajam cilindram, m\u016bsu produkts sola uzticam\u012bbu un iztur\u012bbu. T\u0101 pielietojums ir pla\u0161s un daudzveid\u012bgs, s\u0101kot no ma\u0161\u012bnu remonta darbn\u012bc\u0101m, saimniec\u012bb\u0101m, ener\u0123\u0113tikas un ieguves r\u016bpniec\u012bbas, ma\u0161\u012bnu ra\u017eo\u0161anas un cit\u0101m nozar\u0113m, padarot to par daudzpus\u012bgu un neaizst\u0101jamu instrumentu daudz\u0101s nozar\u0113s.<img decoding=\"async\" title=\"Sniega arkla hidrauliskais cilindrs\" src=\"https:\/\/hzpt.com\/wp-content\/uploads\/2023\/11\/Snow-Plow-Hydraulic-Cylinder-3.webp\" alt=\"Sniega arkla hidrauliskais cilindrs\" \/><\/p>\n<h2>Regul\u0113jamu skavu tipa cilindru priek\u0161roc\u012bbas<\/h2>\n<p>Regul\u0113jami skavu tipa cilindri, piem\u0113ram, augstas kvalit\u0101tes piel\u0101gotais sniega arkla hidrauliskais virzu\u013ccilindrs, pied\u0101v\u0101 vair\u0101kas at\u0161\u0137ir\u012bgas priek\u0161roc\u012bbas da\u017e\u0101dos pielietojumos. \u0160ie cilindri ir izstr\u0101d\u0101ti ar \u012bpa\u0161\u0101m funkcij\u0101m, kas uzlabo to funkcionalit\u0101ti un veiktsp\u0113ju, padarot tos par popul\u0101ru izv\u0113li daudz\u0101s nozar\u0113s. T\u0101l\u0101k ir nor\u0101d\u012btas da\u017eas regul\u0113jamu skavu tipa cilindru galven\u0101s priek\u0161roc\u012bbas:<\/p>\n<p>1. Paaugstin\u0101ta elast\u012bba: regul\u0113jami skavu tipa cilindri nodro\u0161ina augstu elast\u012bbas pak\u0101pi mont\u0101\u017eas iesp\u0113ju zi\u0146\u0101. Regul\u0113jam\u0101 skavu konstrukcija \u013cauj viegli piestiprin\u0101t pie da\u017e\u0101d\u0101m iek\u0101rt\u0101m vai ma\u0161\u012bn\u0101m, nodro\u0161inot daudzpus\u012bgu risin\u0101jumu da\u017e\u0101diem pielietojumiem. \u0160\u012b elast\u012bba nov\u0113r\u0161 nepiecie\u0161am\u012bbu p\u0113c piel\u0101gotiem mont\u0101\u017eas kron\u0161teiniem, ietaupot laiku un izmaksas uzst\u0101d\u012b\u0161anas laik\u0101.<\/p>\n<p>2. Prec\u012bza garuma regul\u0113\u0161ana: Viena no iev\u0113rojam\u0101m regul\u0113jamu skavu tipa cilindru priek\u0161roc\u012bb\u0101m ir sp\u0113ja piel\u0101got cilindra garumu atbilsto\u0161i konkr\u0113t\u0101m pras\u012bb\u0101m. \u0160\u012b funkcija \u013cauj prec\u012bzi novietot cilindru, nodro\u0161inot optim\u0101lu veiktsp\u0113ju un funkcionalit\u0101ti. Viegli regul\u0113jot garumu, cilindrs var piel\u0101goties da\u017e\u0101diem g\u0101jiena garumiem, padarot to piem\u0113rotu pla\u0161am uzdevumu kl\u0101stam.<\/p>\n<p>3. Optimiz\u0113ta veiktsp\u0113ja: regul\u0113jamie skavu tipa cilindri ir izstr\u0101d\u0101ti, lai nodro\u0161in\u0101tu augstas kvalit\u0101tes veiktsp\u0113ju sare\u017e\u0123\u012btos apst\u0101k\u013cos. \u0160ie cilindri ir konstru\u0113ti, izmantojot modernu bl\u012bv\u0113\u0161anas tehnolo\u0123iju, kas nodro\u0161ina uzticamu un efekt\u012bvu darb\u012bbu pat skarbos apst\u0101k\u013cos. Prec\u012bza izgatavo\u0161ana un augstas kvalit\u0101tes materi\u0101lu izmanto\u0161ana veicina \u0161o cilindru iztur\u012bbu un ilgm\u016b\u017e\u012bbu.<\/p>\n<p>4. Palielin\u0101ta kravnes\u012bba: V\u0113l viena regul\u0113jamu skavu tipa cilindru priek\u0161roc\u012bba ir to sp\u0113ja iztur\u0113t smagas slodzes. \u0160ie cilindri ir izstr\u0101d\u0101ti, lai nodro\u0161in\u0101tu stabilas cel\u0161anas un stum\u0161anas iesp\u0113jas, padarot tos piem\u0113rotus lietojumiem, kuriem nepiecie\u0161ams iev\u0113rojams sp\u0113ks. Iztur\u012bg\u0101 konstrukcija un prec\u012bz\u0101 in\u017eenierija \u013cauj cilindriem iztur\u0113t smagas slodzes, neapdraudot veiktsp\u0113ju vai dro\u0161\u012bbu.<\/p>\n<p>5. Uzlabotas dro\u0161\u012bbas funkcijas: regul\u0113jami skavu tipa cilindri pie\u0161\u0137ir priorit\u0101ti dro\u0161\u012bbai, iek\u013caujot da\u017e\u0101das funkcijas, lai nov\u0113rstu negad\u012bjumus vai boj\u0101jumus. \u0160iem cilindriem bie\u017ei ir ieb\u016bv\u0113ti dro\u0161\u012bbas sl\u0113dzenes vai meh\u0101nismi, lai nodro\u0161in\u0101tu dro\u0161u stiprin\u0101jumu un nov\u0113rstu nejau\u0161u kust\u012bbu. Turkl\u0101t da\u017eiem mode\u013ciem var b\u016bt p\u0101rslodzes aizsardz\u012bbas sist\u0113mas vai spiediena samazin\u0101\u0161anas v\u0101rsti, lai pasarg\u0101tu no p\u0101rm\u0113r\u012bga sp\u0113ka vai spiediena.<\/p>\n<p>Nosl\u0113gum\u0101 j\u0101secina, ka regul\u0113jami skavu tipa cilindri, piem\u0113ram, augstas kvalit\u0101tes piel\u0101gotais sniega arkla hidrauliskais virzu\u013ccilindrs, pied\u0101v\u0101 vair\u0101kas priek\u0161roc\u012bbas, kas padara tos par iecien\u012btu izv\u0113li daudzos pielietojumos. To popularit\u0101ti veicina to elast\u012bba mont\u0101\u017eas iesp\u0113j\u0101s, prec\u012bza garuma regul\u0113\u0161ana, optimiz\u0113ta veiktsp\u0113ja, palielin\u0101ta kravnes\u012bba un uzlabotas dro\u0161\u012bbas funkcijas. Neatkar\u012bgi no t\u0101, vai tos izmanto sniega arkl\u0101s, celtniec\u012bbas iek\u0101rt\u0101s vai cit\u0101s r\u016bpniecisk\u0101s iek\u0101rt\u0101s, \u0161ie cilindri nodro\u0161ina uzticamu un efekt\u012bvu hidraulisko jaudu da\u017e\u0101diem uzdevumiem.<\/p>\n<h3>Par FMP hidraulisko cilindru<\/h3>\n<p>FMP ir uz\u0146\u0113mums, kas klientiem nodro\u0161ina augstas kvalit\u0101tes un uzticamus hidrauliskos cilindrus un piln\u012bgus ma\u0161\u012bnu risin\u0101jumus. M\u016bsu hidrauliskos cilindrus pla\u0161i izmanto da\u017e\u0101da veida celtniec\u012bbas ma\u0161\u012bn\u0101s, tostarp lauksaimniec\u012bbas tehnikas p\u0101rnesumk\u0101rb\u0101s, planet\u0101raj\u0101s p\u0101rnesumk\u0101rb\u0101s, r\u016bpnieciskaj\u0101s p\u0101rnesumk\u0101rb\u0101s un lauksaimniec\u012bbas tehnikas deta\u013c\u0101s. \u0160eit ir 5 iemesli, k\u0101p\u0113c jums vajadz\u0113tu izv\u0113l\u0113ties FMP:<\/p>\n<p>1. Augsti kvalit\u0101tes standarti: FMP m\u0113s veidojam ilgtermi\u0146a un stabilas sadarb\u012bbas attiec\u012bbas ar daudziem augstas kvalit\u0101tes pieg\u0101d\u0101t\u0101jiem gan m\u0101j\u0101s, gan \u0101rzem\u0113s, nodro\u0161inot, ka visi pieg\u0101d\u0101tie hidrauliskie cilindri atbilst stingriem kvalit\u0101tes standartiem. M\u016bsu hidrauliskie cilindri ir iztur\u012bgi, efekt\u012bvi un tiem ir ilgs kalpo\u0161anas laiks, kas var ietaup\u012bt klientu apkopes un remonta izmaksas.<\/p>\n<p>2. Profesion\u0101la komanda: FMP ir pieredz\u0113jusi un prasm\u012bga p\u0101rdo\u0161anas komanda, kas p\u0101rzina celtniec\u012bbas tehnikas nozares att\u012bst\u012bbas tendences un klientu vajadz\u012bbas. Vi\u0146i var sniegt profesion\u0101las produktu konsult\u0101cijas un p\u0101rdom\u0101tus pirk\u0161anas ieteikumus, pal\u012bdzot klientiem izv\u0113l\u0113ties sav\u0101m ma\u0161\u012bn\u0101m vispiem\u0113rot\u0101kos hidrauliskos cilindrus.<\/p>\n<p>3. Pla\u0161s produktu kl\u0101sts: FMP produktu kl\u0101sts ir pla\u0161s, ietverot da\u017e\u0101du veidu hidrauliskos cilindrus, piem\u0113ram, regul\u0113jamus cilindrus ar skavu, teleskopiskos cilindrus un metin\u0101tus hidrauliskos cilindrus. M\u0113s pied\u0101v\u0101jam ar\u012b virkni augst\u0101k\u0101 l\u012bme\u0146a piederumu, kas tiem atbilst, piem\u0113ram, hidrauliskos s\u016bk\u0146us, v\u0101rstus un filtrus, lai apmierin\u0101tu klientu da\u017e\u0101d\u0101s vajadz\u012bbas.<\/p>\n<p>4. Efekt\u012bva lo\u0123istikas sadale: FMP ir efekt\u012bva lo\u0123istikas sadales sist\u0113ma, kas nodro\u0161ina, ka klienti savlaic\u012bgi un prec\u012bzi sa\u0146em nepiecie\u0161amos hidrauliskos cilindrus. M\u0113s nodro\u0161in\u0101m \u0101trus un uzticamus transporta pakalpojumus, lai ietaup\u012btu klientu laiku un izvair\u012btos no zaud\u0113jumiem, ko rada kav\u0113\u0161an\u0101s.<\/p>\n<p>5. Profesion\u0101ls p\u0113cp\u0101rdo\u0161anas serviss: FMP ir ap\u0146\u0113mies nodro\u0161in\u0101t klientiem profesion\u0101lu p\u0113cp\u0101rdo\u0161anas servisu. Ja klientiem rodas k\u0101di jaut\u0101jumi vai probl\u0113mas m\u016bsu hidraulisko cilindru lieto\u0161anas laik\u0101, m\u016bsu p\u0113cp\u0101rdo\u0161anas komanda sniegs savlaic\u012bgus un efekt\u012bvus risin\u0101jumus, lai nodro\u0161in\u0101tu klientu iek\u0101rtu nevainojamu darb\u012bbu.<\/p>\n<p><img decoding=\"async\" src=\"https:\/\/fmp-components.com\/wp-content\/uploads\/2024\/12\/Adjustable-Clevis-Type-Cylinders-6.webp\" alt=\"Regul\u0113jams skavu tipa cilindrs\" width=\"829\" title=\"\"><\/p>\n<p>Izv\u0113lieties FMP, izv\u0113lieties augstas kvalit\u0101tes un uzticamus hidrauliskos cilindrus sav\u0101m celtniec\u012bbas ma\u0161\u012bn\u0101m.<\/p>\n<h2>Bie\u017ei uzdotie jaut\u0101jumi<\/h2>\n<h3>J: Vai j\u016bs esat tirdzniec\u012bbas uz\u0146\u0113mums vai ra\u017eot\u0101js?<\/h3>\n<p>A: M\u0113s esam ra\u017eot\u0101js.<\/p>\n<h3>J: Cik ilgs ir j\u016bsu pieg\u0101des laiks?<\/h3>\n<p>A: Parasti m\u016bsu pieg\u0101des laiks ir 25\u201335 dienas.<\/p>\n<h3>J: Vai j\u016bs sniedzat paraugus? Vai tas ir bez maksas vai papildus?<\/h3>\n<p>A: J\u0101, m\u0113s pied\u0101v\u0101jam paraugus, bet tie nav bez maksas.<\/p>\n<p>Autors: CX<\/p>","protected":false},"excerpt":{"rendered":"<p>High Quality Customized Snow Plow Hydraulic Piston CylinderHigh Quality Customized Snow Plow Hydraulic Piston Cylinder is a must-have for anyone who wants to ensure a smooth and efficient snow plowing experience. This product is designed to provide the highest level of performance and reliability in even the harshest conditions. Crafted from the finest materials and [&hellip;]<\/p>","protected":false},"featured_media":1503,"comment_status":"closed","ping_status":"closed","template":"","meta":{"_et_pb_use_builder":"","_et_pb_old_content":"","_et_gb_content_width":""},"product_brand":[],"product_cat":[42],"product_tag":[34,44],"class_list":{"0":"post-1502","1":"product","2":"type-product","3":"status-publish","4":"has-post-thumbnail","6":"product_cat-snow-plow-hydraulic-cylinder","7":"product_tag-hydraulic-cylinder","8":"product_tag-snow-plow-hydraulic-cylinder","10":"first","11":"instock","12":"product-type-simple"},"_links":{"self":[{"href":"https:\/\/fmp-components.com\/lv\/wp-json\/wp\/v2\/product\/1502","targetHints":{"allow":["GET"]}}],"collection":[{"href":"https:\/\/fmp-components.com\/lv\/wp-json\/wp\/v2\/product"}],"about":[{"href":"https:\/\/fmp-components.com\/lv\/wp-json\/wp\/v2\/types\/product"}],"replies":[{"embeddable":true,"href":"https:\/\/fmp-components.com\/lv\/wp-json\/wp\/v2\/comments?post=1502"}],"wp:featuredmedia":[{"embeddable":true,"href":"https:\/\/fmp-components.com\/lv\/wp-json\/wp\/v2\/media\/1503"}],"wp:attachment":[{"href":"https:\/\/fmp-components.com\/lv\/wp-json\/wp\/v2\/media?parent=1502"}],"wp:term":[{"taxonomy":"product_brand","embeddable":true,"href":"https:\/\/fmp-components.com\/lv\/wp-json\/wp\/v2\/product_brand?post=1502"},{"taxonomy":"product_cat","embeddable":true,"href":"https:\/\/fmp-components.com\/lv\/wp-json\/wp\/v2\/product_cat?post=1502"},{"taxonomy":"product_tag","embeddable":true,"href":"https:\/\/fmp-components.com\/lv\/wp-json\/wp\/v2\/product_tag?post=1502"}],"curies":[{"name":"wp","href":"https:\/\/api.w.org\/{rel}","templated":true}]}}