{"id":1500,"date":"2024-12-23T05:50:37","date_gmt":"2024-12-23T05:50:37","guid":{"rendered":"https:\/\/fmp-components.com\/product\/new-model-snow-plow-stainless-steel-hydraulic-cylinder-double-acting\/"},"modified":"2024-12-23T06:22:27","modified_gmt":"2024-12-23T06:22:27","slug":"new-model-snow-plow-stainless-steel-hydraulic-cylinder-double-acting","status":"publish","type":"product","link":"https:\/\/fmp-components.com\/lv\/product\/new-model-snow-plow-stainless-steel-hydraulic-cylinder-double-acting\/","title":{"rendered":"Jauna mode\u013ca sniega arkla ner\u016bs\u0113jo\u0161\u0101 t\u0113rauda hidrauliskais cilindrs ar divk\u0101r\u0161u darb\u012bbu"},"content":{"rendered":"<h2>Jauna mode\u013ca sniega arkla ner\u016bs\u0113jo\u0161\u0101 t\u0113rauda hidrauliskais cilindrs ar divk\u0101r\u0161u darb\u012bbu<\/h2>\n<p>Iepaz\u012bstin\u0101m ar jaun\u0101 mode\u013ca sniega arklu \u2014 ner\u016bs\u0113jo\u0161\u0101 t\u0113rauda hidraulisko cilindru ar divk\u0101r\u0161u darb\u012bbu:<\/p>\n<p>Jaun\u0101 mode\u013ca sniega arkla ner\u016bs\u0113jo\u0161\u0101 t\u0113rauda hidrauliskais cilindrs ar divk\u0101r\u0161u darb\u012bbu ir augstas kvalit\u0101tes produkts, kas \u012bpa\u0161i paredz\u0113ts sniega arklu lietojumprogramm\u0101m. \u0160is cilindrs ir izgatavots no ner\u016bs\u0113jo\u0161\u0101 t\u0113rauda, \u200b\u200bnodro\u0161inot iztur\u012bbu un korozijas iztur\u012bbu pat skarbos laika apst\u0101k\u013cos.<\/p>\n<p>Ar savu divk\u0101r\u0161\u0101s darb\u012bbas konstrukciju \u0161is hidrauliskais cilindrs pied\u0101v\u0101 uzlabotu efektivit\u0101ti un veiktsp\u0113ju. Tas sp\u0113j gan stumt, gan vilkt, nodro\u0161inot nepiecie\u0161amo sp\u0113ku, lai efekt\u012bvi p\u0101rvietotu sniegu un citus gru\u017eus. Divk\u0101r\u0161\u0101s darb\u012bbas funkcija \u013cauj veikt \u0101tr\u0101kas un prec\u012bz\u0101kas regul\u0113\u0161anas, padarot to ide\u0101li piem\u0113rotu sniega t\u012br\u012bt\u0101ju operatoriem, kuriem nepiecie\u0161ams efekt\u012bvi str\u0101d\u0101t sare\u017e\u0123\u012bt\u0101 vid\u0113.<\/p>\n<p>\u0160is hidrauliskais cilindrs ir izstr\u0101d\u0101ts, lai nodro\u0161in\u0101tu izcilu veiktsp\u0113ju un uzticam\u012bbu. Tas ir apr\u012bkots ar modernu bl\u012bv\u0113\u0161anas tehnolo\u0123iju, kas nodro\u0161ina darb\u012bbu bez nopl\u016bd\u0113m un pagarina cilindra kalpo\u0161anas laiku. Ner\u016bs\u0113jo\u0161\u0101 t\u0113rauda konstrukcija uzlabo t\u0101 iztur\u012bbu, padarot to sp\u0113j\u012bgu iztur\u0113t intens\u012bvu lieto\u0161anu ilgsto\u0161\u0101 laika period\u0101.<\/p>\n<p>Jaun\u0101 mode\u013ca sniega arkla ner\u016bs\u0113jo\u0161\u0101 t\u0113rauda hidrauliskais cilindrs ar divk\u0101r\u0161u darb\u012bbu ir viegli uzst\u0101d\u0101ms un sader\u012bgs ar da\u017e\u0101d\u0101m sniega arklu sist\u0113m\u0101m. T\u0101 kompaktais dizains nodro\u0161ina neman\u0101mu integr\u0101ciju, nodro\u0161inot vienm\u0113r\u012bgu darb\u012bbu un minim\u0101lu d\u012bkst\u0101vi. Neatkar\u012bgi no t\u0101, vai esat profesion\u0101ls sniega arkla operators vai m\u0101jas \u012bpa\u0161nieks, kas t\u012bra savu piebraucamo ce\u013cu, \u0161is hidrauliskais cilindrs ir uzticama izv\u0113le.<\/p>\n<p><img decoding=\"async\" title=\"Sniega arkla hidrauliskais cilindrs\" src=\"https:\/\/hzpt.com\/wp-content\/uploads\/2023\/11\/Snow-Plow-Hydraulic-Cylinder-2.webp\" alt=\"Sniega arkla hidrauliskais cilindrs\" \/><\/p>\n<p>Galven\u0101s iez\u012bmes:<br \/>\n\u2013 Izgatavots no ner\u016bs\u0113jo\u0161\u0101 t\u0113rauda, \u200b\u200blai nodro\u0161in\u0101tu iztur\u012bbu un iztur\u012bbu pret koroziju<br \/>\n\u2013 Divk\u0101r\u0161as darb\u012bbas konstrukcija uzlabotai efektivit\u0101tei un veiktsp\u0113jai<br \/>\n\u2013 Uzlabota bl\u012bv\u0113\u0161anas tehnolo\u0123ija darb\u012bbai bez nopl\u016bd\u0113m<br \/>\n\u2013 Vienk\u0101r\u0161a uzst\u0101d\u012b\u0161ana un sader\u012bba ar da\u017e\u0101d\u0101m sniega t\u012br\u012b\u0161anas sist\u0113m\u0101m<br \/>\n\u2013 Kompakts dizains neman\u0101mai integr\u0101cijai un vienm\u0113r\u012bgai darb\u012bbai<\/p>\n<p>Nosl\u0113gum\u0101 j\u0101saka, ka jaun\u0101 mode\u013ca sniega arkla ner\u016bs\u0113jo\u0161\u0101 t\u0113rauda hidrauliskais cilindrs ar divk\u0101r\u0161u darb\u012bbu ir augst\u0101k\u0101s klases produkts, kas pied\u0101v\u0101 izcilu veiktsp\u0113ju un uzticam\u012bbu. T\u0101 ner\u016bs\u0113jo\u0161\u0101 t\u0113rauda konstrukcija, divk\u0101r\u0161\u0101s darb\u012bbas dizains un uzlabot\u0101 bl\u012bv\u0113\u0161anas tehnolo\u0123ija padara to par uzticamu izv\u0113li sniega arklu pielietojumiem. Ieguldiet \u0161aj\u0101 hidrauliskaj\u0101 cilindr\u0101, lai uzlabotu sniega ar\u0161anas efektivit\u0101ti un viegli tiktu gal\u0101 ar sare\u017e\u0123\u012btiem ziemas apst\u0101k\u013ciem. Iepaz\u012bstin\u0101m ar m\u016bsu jaun\u0101ko pied\u0101v\u0101jumu hidrauliskaj\u0101 tehnolo\u0123ij\u0101 \u2013 jaun\u0101 mode\u013ca sniega arkla ner\u016bs\u0113jo\u0161\u0101 t\u0113rauda hidraulisko cilindru ar divk\u0101r\u0161u darb\u012bbu. \u0160is pavisam jaunais, modern\u0101kais hidrauliskais cilindrs ir ne tikai iztur\u012bgs un ilgm\u016b\u017e\u012bgs, bet ar\u012b apr\u012bkots ar divk\u0101r\u0161as darb\u012bbas meh\u0101nismu, kas uzlabo t\u0101 daudzpus\u012bbu un veiktsp\u0113ju da\u017e\u0101dos r\u016bpnieciskos pielietojumos.<\/p>\n<h2>Produkta funkcijas<\/h2>\n<p>\u0160is jaun\u0101 mode\u013ca hidrauliskais cilindrs ir paredz\u0113ts, lai nodro\u0161in\u0101tu maksim\u0101lo vilces sp\u0113ku 3000 tonnu un maksim\u0101lo vilk\u0161anas sp\u0113ku 20 tonnu. Tam ir standarta virzu\u013ccilindra strukt\u016bra un tas darbojas ar hidraulisko jaudu. Ar t\u0113rauda korpusu \u0161is cilindrs garant\u0113 ilgm\u016b\u017e\u012bbu un iztur\u012bbu pret nodilumu.<\/p>\n<h3>Specifik\u0101cijas<\/h3>\n<ol>\n<li>Urbuma izm\u0113rs: 2\u20136 collas<\/li>\n<li>Stie\u0146a izm\u0113rs: 1,125\u20134 collas<\/li>\n<li>G\u0101jiena izm\u0113rs: 4\u2013100 collas<\/li>\n<li>Tapas izm\u0113rs: 0,5\u20132 collas<\/li>\n<li>Porti: G\/SAE\/NPT\/M<\/li>\n<\/ol>\n<h2>Apkope un kop\u0161ana<\/h2>\n<p>\u0160is hidrauliskais cilindrs ir izstr\u0101d\u0101ts, lai iztur\u0113tu sare\u017e\u0123\u012btus apst\u0101k\u013cus, tom\u0113r regul\u0101ra apkope ir \u013coti svar\u012bga, lai nodro\u0161in\u0101tu t\u0101 optim\u0101lu darb\u012bbu. M\u0113s iesak\u0101m regul\u0101ras p\u0101rbaudes un t\u012br\u012b\u0161anu, lai nov\u0113rstu iesp\u0113jamus boj\u0101jumus vai veiktsp\u0113jas probl\u0113mas. Turkl\u0101t, pateicoties 1 gada garantijai galvenaj\u0101m sast\u0101vda\u013c\u0101m, j\u016bs varat b\u016bt dro\u0161i par m\u016bsu ap\u0146em\u0161anos nodro\u0161in\u0101t kvalit\u0101ti un klientu apmierin\u0101t\u012bbu.<\/p>\n<h2>Regul\u0113jamu skavu tipa cilindru priek\u0161roc\u012bbas<\/h2>\n<p>Regul\u0113jami skavu tipa cilindri ir hidraulisko cilindru veids, kas pied\u0101v\u0101 daudzas priek\u0161roc\u012bbas da\u017e\u0101dos pielietojumos. \u0160ie cilindri ir konstru\u0113ti ar unik\u0101lu skavu stiprin\u0101jumu, kas nodro\u0161ina \u0113rtu regul\u0113\u0161anu un daudzpus\u012bbu. \u0160aj\u0101 rakst\u0101 m\u0113s detaliz\u0113ti izp\u0113t\u012bsim regul\u0113jamu skavu tipa cilindru priek\u0161roc\u012bbas.<\/p>\n<h3>1. Uzlabota piel\u0101go\u0161ana<\/h3>\n<p>Viena no regul\u0113jamu skavu tipa cilindru b\u016btiskaj\u0101m priek\u0161roc\u012bb\u0101m ir to piel\u0101go\u0161anas iesp\u0113ja atbilsto\u0161i \u012bpa\u0161\u0101m pras\u012bb\u0101m. Regul\u0113jamais skavu stiprin\u0101jums \u013cauj viegli regul\u0113t cilindra g\u0101jiena garumu, nodro\u0161inot prec\u012bzu hidraulisk\u0101s sist\u0113mas kust\u012bbas kontroli. \u0160\u012bs uzlabot\u0101s piel\u0101go\u0161anas iesp\u0113jas nodro\u0161ina optim\u0101lu veiktsp\u0113ju un efektivit\u0101ti da\u017e\u0101dos pielietojumos.<\/p>\n<h3>2. Uzlabota iztur\u012bba<\/h3>\n<p>Regul\u0113jami skavu tipa cilindri ir izgatavoti, lai iztur\u0113tu skarbus apst\u0101k\u013cus un lielas slodzes pielietojumu. \u0160ie cilindri ir izgatavoti, izmantojot augstas kvalit\u0101tes materi\u0101lus, piem\u0113ram, ner\u016bs\u0113jo\u0161o t\u0113raudu, kas nodro\u0161ina izcilu iztur\u012bbu pret koroziju un nodilumu. Ner\u016bs\u0113jo\u0161\u0101 t\u0113rauda izmanto\u0161ana \u0161o cilindru konstrukcij\u0101 nodro\u0161ina to ilgm\u016b\u017e\u012bbu un iztur\u012bbu, padarot tos ide\u0101li piem\u0113rotus sare\u017e\u0123\u012bt\u0101m vid\u0113m.<\/p>\n<h3>3. Paaugstin\u0101ta efektivit\u0101te<\/h3>\n<p>V\u0113l viena regul\u0113jamu skavu tipa cilindru priek\u0161roc\u012bba ir to sp\u0113ja uzlabot hidraulisko sist\u0113mu kop\u0113jo efektivit\u0101ti. Regul\u0113jamais skavu stiprin\u0101jums \u013cauj prec\u012bzi pozicion\u0113t cilindru, nodro\u0161inot optim\u0101lu sp\u0113ka p\u0101rnesi un uzlabotas slodzes apstr\u0101des iesp\u0113jas. \u0160\u012b paaugstin\u0101t\u0101 efektivit\u0101te samazina ener\u0123ijas pat\u0113ri\u0146u un uzlabo produktivit\u0101ti da\u017e\u0101dos r\u016bpnieciskajos procesos.<\/p>\n<h3>4. Daudzpus\u012bgs pielietojums<\/h3>\n<p>Regul\u0113jami skavu tipa cilindri tiek izmantoti pla\u0161\u0101 nozaru un sektoru kl\u0101st\u0101. To daudzpus\u012bba padara tos piem\u0113rotus da\u017e\u0101diem uzdevumiem, tostarp materi\u0101lu apstr\u0101dei, celtniec\u012bbas apr\u012bkojumam, sniega t\u012br\u012b\u0161anas sist\u0113m\u0101m un citiem. \u0160os cilindrus var viegli integr\u0113t eso\u0161aj\u0101s hidrauliskaj\u0101s sist\u0113m\u0101s, nodro\u0161inot netrauc\u0113tu darb\u012bbu un sader\u012bbu.<\/p>\n<h3>5. Divk\u0101r\u0161as darb\u012bbas sp\u0113ja<\/h3>\n<p>Viena no regul\u0113jamu dak\u0161u tipa cilindru galvenaj\u0101m iez\u012bm\u0113m ir to divk\u0101r\u0161\u0101s darb\u012bbas sp\u0113ja. Tas noz\u012bm\u0113, ka \u0161ie cilindri var rad\u012bt sp\u0113ku abos virzienos, nodro\u0161inot liel\u0101ku elast\u012bbu hidraulisk\u0101s sist\u0113mas konstrukcij\u0101. \u0160o cilindru divk\u0101r\u0161\u0101s darb\u012bbas sp\u0113ja \u013cauj prec\u012bzi kontrol\u0113t hidraulisko komponentu kust\u012bbu un pozicion\u0113\u0161anu, nodro\u0161inot optim\u0101lu veiktsp\u0113ju un precizit\u0101ti.<\/p>\n<p>Regul\u0113jami skavas tipa cilindri pied\u0101v\u0101 daudzas priek\u0161roc\u012bbas piel\u0101go\u0161anas, iztur\u012bbas, efektivit\u0101tes, daudzpus\u012bbas un divk\u0101r\u0161as darb\u012bbas iesp\u0113ju zi\u0146\u0101. \u0160ie cilindri ir v\u0113rt\u012bgs papildin\u0101jums hidrauliskaj\u0101m sist\u0113m\u0101m da\u017e\u0101d\u0101s nozar\u0113s, nodro\u0161inot uzlabotu veiktsp\u0113ju un uzticam\u012bbu. Pateicoties sav\u0101m unik\u0101laj\u0101m \u012bpa\u0161\u012bb\u0101m un priek\u0161roc\u012bb\u0101m, regul\u0113jami skavas tipa cilindri joproj\u0101m ir iecien\u012bta izv\u0113le lietojumos, kuros nepiecie\u0161ama prec\u012bza vad\u012bba un daudzpus\u012bba.<\/p>\n<h3>Par FMP \u2013 hidraulisko cilindru profesion\u0101la p\u0101rdo\u0161ana un apkope<\/h3>\n<p>FMP ir labi paz\u012bstams uz\u0146\u0113mums, kas atrodas It\u0101lij\u0101 un specializ\u0113jas celtniec\u012bbas tehnikas deta\u013cu un pilnu iek\u0101rtu p\u0101rdo\u0161an\u0101 un apkalpo\u0161an\u0101. Ar daudzu gadu pieredzi nozar\u0113 un kvalific\u0113tu speci\u0101listu komandu m\u0113s saviem klientiem pied\u0101v\u0101jam augstas kvalit\u0101tes un uzticamus hidrauliskos cilindrus un pilnus iek\u0101rtu risin\u0101jumus.<\/p>\n<p>\u0160eit ir pieci iemesli, k\u0101p\u0113c jums vajadz\u0113tu izv\u0113l\u0113ties FMP hidraulisko cilindru vajadz\u012bb\u0101m:<\/p>\n<p>1. Pla\u0161s produktu kl\u0101sts: FMP pied\u0101v\u0101 pla\u0161u hidraulisko cilindru kl\u0101stu, tostarp regul\u0113jamus skavu tipa cilindrus, piem\u0113ram, <img decoding=\"async\" src=\"https:\/\/fmp-components.com\/wp-content\/uploads\/2024\/12\/Adjustable-Clevis-Type-Cylinders-6.webp\" alt=\"Regul\u0113jams skavu tipa cilindrs\" width=\"828\" title=\"\">, k\u0101 ar\u012b \u0161\u0137\u0113rsstie\u0146us un metin\u0101tus cilindrus. M\u0113s pied\u0101v\u0101jam ar\u012b piel\u0101go\u0161anas pakalpojumus, lai apmierin\u0101tu \u012bpa\u0161as klientu vajadz\u012bbas.<\/p>\n<p>2. Augst\u0101k\u0101s kvalit\u0101tes deta\u013cas: M\u0113s esam izveidoju\u0161i ilgtermi\u0146a un stabilas sadarb\u012bbas attiec\u012bbas ar daudziem augstas kvalit\u0101tes pieg\u0101d\u0101t\u0101jiem gan viet\u0113j\u0101, gan starptautisk\u0101 m\u0113rog\u0101, nodro\u0161inot, ka visas pieg\u0101d\u0101t\u0101s deta\u013cas atbilst stingriem kvalit\u0101tes standartiem.<\/p>\n<p>3. Pieredz\u0113jusi p\u0101rdo\u0161anas komanda: M\u016bsu p\u0101rdo\u0161anas komanda p\u0101rzina b\u016bvniec\u012bbas tehnikas nozares att\u012bst\u012bbas tendences un klientu vajadz\u012bbas. Vi\u0146i var sniegt profesion\u0101las produktu konsult\u0101cijas un p\u0101rdom\u0101tus pirk\u0161anas ieteikumus, lai pal\u012bdz\u0113tu jums izdar\u012bt lab\u0101ko izv\u0113li.<\/p>\n<p>4. Efekt\u012bva lo\u0123istikas izplat\u012b\u0161ana: Mums ir efekt\u012bva lo\u0123istikas izplat\u012b\u0161anas sist\u0113ma, kas nodro\u0161ina, ka klienti savlaic\u012bgi un prec\u012bzi sa\u0146em nepiecie\u0161am\u0101s deta\u013cas.<\/p>\n<p>5. Profesion\u0101ls p\u0113cp\u0101rdo\u0161anas serviss: FMP nodro\u0161ina profesion\u0101lu p\u0113cp\u0101rdo\u0161anas servisu, lai nodro\u0161in\u0101tu, ka m\u016bsu klientiem ir bezr\u016bp\u012bga pieredze ar m\u016bsu produktiem.<\/p>\n<p>Izv\u0113loties FMP par savu hidraulisko cilindru pieg\u0101d\u0101t\u0101ju, j\u016bs varat b\u016bt p\u0101rliecin\u0101ti par kvalitat\u012bviem produktiem, profesion\u0101lu apkalpo\u0161anu un uzticamu partneri j\u016bsu pan\u0101kumos. Sazinieties ar mums jau \u0161odien, lai uzzin\u0101tu vair\u0101k par to, k\u0101 m\u0113s varam pal\u012bdz\u0113t apmierin\u0101t j\u016bsu hidraulisko cilindru vajadz\u012bbas.<\/p>\n<h2>Bie\u017ei uzdotie jaut\u0101jumi<\/h2>\n<ol>\n<li>J: Vai j\u016bs esat tirdzniec\u012bbas uz\u0146\u0113mums vai ra\u017eot\u0101js?<br \/>\nA: M\u0113s esam r\u016bpn\u012bca.<\/li>\n<li>J: Cik ilgs ir j\u016bsu pieg\u0101des laiks?<br \/>\nA: Parasti tas ir 25\u201335 dienas.<\/li>\n<li>J: Vai j\u016bs sniedzat paraugus? Vai tas ir bez maksas vai papildus?<br \/>\nA: J\u0101, m\u0113s var\u0113tu pied\u0101v\u0101t paraugu, bet tas nav bez maksas.<\/li>\n<\/ol>\n<p>Autors: CX<\/p>","protected":false},"excerpt":{"rendered":"<p>New Model Snow Plow Stainless Steel Hydraulic Cylinder Double Acting Introducing the New Model Snow Plow Stainless Steel Hydraulic Cylinder Double Acting: The New Model Snow Plow Stainless Steel Hydraulic Cylinder Double Acting is a high-quality product designed specifically for snow plow applications. This cylinder is made from stainless steel, ensuring durability and resistance to [&hellip;]<\/p>","protected":false},"featured_media":1501,"comment_status":"closed","ping_status":"closed","template":"","meta":{"_et_pb_use_builder":"","_et_pb_old_content":"","_et_gb_content_width":""},"product_brand":[],"product_cat":[42],"product_tag":[34,44],"class_list":{"0":"post-1500","1":"product","2":"type-product","3":"status-publish","4":"has-post-thumbnail","6":"product_cat-snow-plow-hydraulic-cylinder","7":"product_tag-hydraulic-cylinder","8":"product_tag-snow-plow-hydraulic-cylinder","10":"first","11":"instock","12":"product-type-simple"},"_links":{"self":[{"href":"https:\/\/fmp-components.com\/lv\/wp-json\/wp\/v2\/product\/1500","targetHints":{"allow":["GET"]}}],"collection":[{"href":"https:\/\/fmp-components.com\/lv\/wp-json\/wp\/v2\/product"}],"about":[{"href":"https:\/\/fmp-components.com\/lv\/wp-json\/wp\/v2\/types\/product"}],"replies":[{"embeddable":true,"href":"https:\/\/fmp-components.com\/lv\/wp-json\/wp\/v2\/comments?post=1500"}],"wp:featuredmedia":[{"embeddable":true,"href":"https:\/\/fmp-components.com\/lv\/wp-json\/wp\/v2\/media\/1501"}],"wp:attachment":[{"href":"https:\/\/fmp-components.com\/lv\/wp-json\/wp\/v2\/media?parent=1500"}],"wp:term":[{"taxonomy":"product_brand","embeddable":true,"href":"https:\/\/fmp-components.com\/lv\/wp-json\/wp\/v2\/product_brand?post=1500"},{"taxonomy":"product_cat","embeddable":true,"href":"https:\/\/fmp-components.com\/lv\/wp-json\/wp\/v2\/product_cat?post=1500"},{"taxonomy":"product_tag","embeddable":true,"href":"https:\/\/fmp-components.com\/lv\/wp-json\/wp\/v2\/product_tag?post=1500"}],"curies":[{"name":"wp","href":"https:\/\/api.w.org\/{rel}","templated":true}]}}