{"id":1498,"date":"2024-12-23T05:50:37","date_gmt":"2024-12-23T05:50:37","guid":{"rendered":"https:\/\/fmp-components.com\/product\/factory-provide-customized-hydraulic-ram-cylinder-for-snow-plow\/"},"modified":"2025-03-18T02:09:18","modified_gmt":"2025-03-18T02:09:18","slug":"factory-provide-customized-hydraulic-ram-cylinder-for-snow-plow","status":"publish","type":"product","link":"https:\/\/fmp-components.com\/lv\/product\/factory-provide-customized-hydraulic-ram-cylinder-for-snow-plow\/","title":{"rendered":"R\u016bpn\u012bca nodro\u0161ina piel\u0101gotu hidraulisko cilindru sniega arklam"},"content":{"rendered":"<h2>R\u016bpn\u012bca nodro\u0161ina piel\u0101gotu hidraulisko cilindru sniega arklam<\/h2>\n<p>R\u016bpn\u012bcas pieg\u0101d\u0101tais piel\u0101gotais hidrauliskais cilindrs sniega arklam ir \u013coti daudzpus\u012bgs un efekt\u012bvs produkts, kas paredz\u0113ts sniega arklu veiktsp\u0113jas uzlabo\u0161anai. \u0160is hidrauliskais cilindrs pied\u0101v\u0101 izcilu iztur\u012bbu un ilgm\u016b\u017e\u012bbu, padarot to par ide\u0101lu izv\u0113li lieljaudas lietojumiem ziemas uztur\u0113\u0161anas nozar\u0113.<\/p>\n<p>Ar savu piel\u0101goto dizainu \u0161is hidraulisk\u0101 cilindra cilindrs ir \u012bpa\u0161i piel\u0101gots sniega arklu unik\u0101laj\u0101m pras\u012bb\u0101m. Tas ir izstr\u0101d\u0101ts, lai nodro\u0161in\u0101tu izcilu veiktsp\u0113ju skarbos laika apst\u0101k\u013cos, \u013caujot efekt\u012bvi veikt sniega t\u012br\u012b\u0161anu. Cilindra sp\u0113ja iztur\u0113t ekstrem\u0101las temperat\u016bras nodro\u0161ina uzticamu darb\u012bbu pat visaukst\u0101kaj\u0101 vid\u0113.<\/p>\n<p>R\u016bpn\u012bcas pieg\u0101d\u0101tais piel\u0101gotais hidrauliskais cilindrs sniega arklam ir apr\u012bkots ar uzlabotu hidraulisko tehnolo\u0123iju, kas nodro\u0161ina jaud\u012bgu un prec\u012bzu sniega arkla kust\u012bbu kontroli. T\u0101 augstas kvalit\u0101tes konstrukcija un uzticamie bl\u012bv\u0113\u0161anas meh\u0101nismi samazina nopl\u016b\u017eu vai boj\u0101jumu risku, nodro\u0161inot nemain\u012bgu veiktsp\u0113ju vis\u0101 t\u0101 kalpo\u0161anas laik\u0101.<\/p>\n<p>Viena no \u0161\u012b hidraulisk\u0101 cilindra galvenaj\u0101m priek\u0161roc\u012bb\u0101m ir t\u0101 piel\u0101gojam\u012bba. To var viegli integr\u0113t da\u017e\u0101d\u0101s sniega arklu sist\u0113m\u0101s, nodro\u0161inot neman\u0101mu atbilst\u012bbu un sader\u012bbu. \u0160\u012b produkta piel\u0101gojam\u012bba nodro\u0161ina elast\u012bbu, izpildot \u012bpa\u0161as pras\u012bbas, padarot to par \u013coti piepras\u012btu iesp\u0113ju sniega arklu ra\u017eot\u0101jiem un operatoriem.<\/p>\n<p>Turkl\u0101t \u0161is hidrauliskais cilindrs ir izstr\u0101d\u0101ts, \u0146emot v\u0113r\u0101 vieglu apkopi. T\u0101 iztur\u012bg\u0101 konstrukcija samazina nepiecie\u0161am\u012bbu p\u0113c bie\u017ea remonta vai nomai\u0146as, t\u0101d\u0113j\u0101di samazinot d\u012bkst\u0101ves laiku un palielinot produktivit\u0101ti. Regul\u0101ras p\u0101rbaudes un apkope nodro\u0161ina optim\u0101lu veiktsp\u0113ju, pagarinot cilindra kalpo\u0161anas laiku un kop\u0113jo efektivit\u0101ti.<\/p>\n<p>Rezum\u0113jot, r\u016bpn\u012bc\u0101 nodro\u0161in\u0101tais piel\u0101gotais hidrauliskais hidrauliskais cilindrs sniega arklam ir uzticams un efekt\u012bvs risin\u0101jums sniega arklu pielietojumiem. T\u0101 izcil\u0101 iztur\u012bba, piel\u0101gojam\u012bba un vienk\u0101r\u0161\u0101 apkope padara to par b\u016btisku sast\u0101vda\u013cu sniega arklu veiktsp\u0113jas un uzticam\u012bbas uzlabo\u0161anai ziemas uztur\u0113\u0161anas darbos. Iepaz\u012bstin\u0101m ar m\u016bsu jauno un inovat\u012bvo hidraulisko hidraulisko cilindru sniega arklam, ko \u012bpa\u0161i izstr\u0101d\u0101jusi un ra\u017eojusi FMP Transmission. \u0160is produkts ir iztur\u012bgs un paredz\u0113ts r\u016bpnieciskiem lietojumiem, nodro\u0161inot uzticamu, efekt\u012bvu un augstas kvalit\u0101tes veiktsp\u0113ju. Tam ir 1 gada garantija, kas garant\u0113 t\u0101 galven\u0101s sast\u0101vda\u013cas, tostarp gult\u0146us un pa\u0161u hidraulisko cilindru.<\/p>\n<p><img decoding=\"async\" title=\"Sniega arkla hidrauliskais cilindrs\" src=\"https:\/\/hzpt.com\/wp-content\/uploads\/2023\/11\/Snow-Plow-Hydraulic-Cylinder-2.webp\" alt=\"Sniega arkla hidrauliskais cilindrs\" \/><\/p>\n<h2>Produkta specifik\u0101cijas<\/h2>\n<p>Sniega arkla hidrauliskais cilindrs ir izgatavots ar standarta virzu\u013ccilindra konstrukciju, ko darbina hidrauliskais sp\u0113ks. Korpusa materi\u0101ls ir izgatavots no t\u0113rauda, \u200b\u200bkas padara to iztur\u012bgu un ilgm\u016b\u017e\u012bgu. T\u0101 maksim\u0101l\u0101 vilce ir 3000 un maksim\u0101l\u0101 vilkme - 20 tonnas. \u0160is produkts atbilst ISO9001:2000 sertifik\u0101cijai, kas nodro\u0161ina t\u0101 kvalit\u0101ti un dro\u0161\u012bbu.<\/p>\n<h3>Izm\u0113ri un funkcijas<\/h3>\n<p><img decoding=\"async\" title=\"Sniega arkla hidrauliskais cilindrs\" src=\"https:\/\/hzpt.com\/wp-content\/uploads\/2023\/11\/Snow-Plow-Hydraulic-Cylinder-3.webp\" alt=\"Sniega arkla hidrauliskais cilindrs\" \/><\/p>\n<ul>\n<li>Urbuma izm\u0113rs: 2\u20136 collas<\/li>\n<li>Stie\u0146a izm\u0113rs: 1,125\u20134 collas<\/li>\n<li>G\u0101jiena izm\u0113rs: 4\u2013100 collas<\/li>\n<li>Tapas izm\u0113rs: 0,5\u20132 collas<\/li>\n<li>Porti: G\/SAE\/NPT\/M<\/li>\n<\/ul>\n<h2>Regul\u0113jamu skavu tipa cilindru priek\u0161roc\u012bbas<\/h2>\n<ul>\n<li style=\"list-style-type: none;\">\n<ul>\n<li>Uzlabota elast\u012bba un piel\u0101go\u0161anas iesp\u0113jas<\/li>\n<\/ul>\n<\/li>\n<\/ul>\n<p>Regul\u0113jamais skavu tipa cilindrs ir hidrauliskais hidrauliskais cilindrs, kas nodro\u0161ina uzlabotu elast\u012bbu un piel\u0101go\u0161anas iesp\u0113jas sal\u012bdzin\u0101jum\u0101 ar cita veida cilindriem. Cilindrs ir \u013coti regul\u0113jams un to var piel\u0101got, lai tas atbilstu da\u017e\u0101du pielietojumu \u012bpa\u0161aj\u0101m pras\u012bb\u0101m. \u0160\u012b cilindra regul\u0113jam\u012bba nodro\u0161ina, ka to var izmantot pla\u0161\u0101 pielietojumu kl\u0101st\u0101, tostarp sniega arkliem, kuriem nepiecie\u0161ami cilindri, kurus var viegli piel\u0101got main\u012bgajam reljefam un apst\u0101k\u013ciem.<\/p>\n<ul>\n<li style=\"list-style-type: none;\">\n<ul>\n<li>Uzlabota efektivit\u0101te un veiktsp\u0113ja<\/li>\n<\/ul>\n<\/li>\n<\/ul>\n<p>Regul\u0113jamais skavu tipa cilindrs ir izstr\u0101d\u0101ts, lai nodro\u0161in\u0101tu uzlabotu efektivit\u0101ti un veiktsp\u0113ju sal\u012bdzin\u0101jum\u0101 ar cita veida cilindriem. Cilindrs ir izgatavots, izmantojot augstas kvalit\u0101tes materi\u0101lus, un tas ir paredz\u0113ts maksim\u0101lai iztur\u012bbai un ilgm\u016b\u017e\u012bbai. Tas nodro\u0161ina, ka cilindrs var iztur\u0113t lielas slodzes pielietojumu un nodro\u0161in\u0101t ilgsto\u0161u veiktsp\u0113ju. Regul\u0113jam\u0101 skavu tipa cilindra paaugstin\u0101t\u0101 efektivit\u0101te un veiktsp\u0113ja padara to par ide\u0101lu izv\u0113li sniega arkliem, kuriem nepiecie\u0161ami cilindri, kas sp\u0113j iztur\u0113t skarbos ziemas apst\u0101k\u013cus un nodro\u0161in\u0101t uzticamu veiktsp\u0113ju.<\/p>\n<ul>\n<li style=\"list-style-type: none;\">\n<ul>\n<li>Augst\u0101ks dro\u0161\u012bbas un uzticam\u012bbas l\u012bmenis<\/li>\n<\/ul>\n<\/li>\n<\/ul>\n<p>Regul\u0113jamais skavu tipa cilindrs ir izstr\u0101d\u0101ts, \u0146emot v\u0113r\u0101 dro\u0161\u012bbu un uzticam\u012bbu. Cilindrs ir apr\u012bkots ar uzlabot\u0101m dro\u0161\u012bbas funkcij\u0101m un ir izstr\u0101d\u0101ts, lai nodro\u0161in\u0101tu augst\u0101ku uzticam\u012bbas l\u012bmeni sal\u012bdzin\u0101jum\u0101 ar cita veida cilindriem. Cilindrs tiek stingri p\u0101rbaud\u012bts, lai nodro\u0161in\u0101tu t\u0101 atbilst\u012bbu augst\u0101kajiem dro\u0161\u012bbas un uzticam\u012bbas standartiem. Tas padara regul\u0113jamo skavu tipa cilindru par ide\u0101lu izv\u0113li sniega arkliem, kuriem nepiecie\u0161ami cilindri, kas sp\u0113j nodro\u0161in\u0101t augstu dro\u0161\u012bbas un uzticam\u012bbas l\u012bmeni ekstrem\u0101los apst\u0101k\u013cos.<\/p>\n<ul>\n<li style=\"list-style-type: none;\">\n<ul>\n<li>Palielin\u0101ti izmaksu ietaup\u012bjumi un samazin\u0101ta apkope<\/li>\n<\/ul>\n<\/li>\n<\/ul>\n<p>Regul\u0113jamais skavu tipa cilindrs ir izstr\u0101d\u0101ts, lai nodro\u0161in\u0101tu liel\u0101kus izmaksu ietaup\u012bjumus un samazin\u0101tu apkopi, sal\u012bdzinot ar cita veida cilindriem. Cilindrs ir \u013coti iztur\u012bgs un tam nepiecie\u0161ama minim\u0101la apkope vis\u0101 t\u0101 kalpo\u0161anas laik\u0101. Tas samazina kop\u0113j\u0101s ekspluat\u0101cijas izmaksas un padara cilindru par ekonomisku izv\u0113li sniega arkliem, kuriem nepiecie\u0161ami cilindri, kas var nodro\u0161in\u0101t uzticamu veiktsp\u0113ju, neradot augstas apkopes izmaksas.<\/p>\n<ul>\n<li style=\"list-style-type: none;\">\n<ul>\n<li>R\u016bpn\u012bca nodro\u0161ina piel\u0101gotu hidraulisko cilindru sniega arklam<\/li>\n<\/ul>\n<\/li>\n<\/ul>\n<p>Regul\u0113jamais skavu tipa cilindrs ir viens no daudzajiem hidrauliskajiem cilindriem, kas pieejami no t\u0101diem ra\u017eot\u0101jiem k\u0101 Factory Provide. \u0160ie ra\u017eot\u0101ji specializ\u0113jas piel\u0101gotu hidraulisko cilindru nodro\u0161in\u0101\u0161an\u0101 sniega arkliem un citiem smagiem darbiem. Cilindri ir izstr\u0101d\u0101ti, lai nodro\u0161in\u0101tu visaugst\u0101ko veiktsp\u0113jas un uzticam\u012bbas l\u012bmeni, un tos var piel\u0101got da\u017e\u0101du pielietojumu \u012bpa\u0161aj\u0101m pras\u012bb\u0101m. Tas nodro\u0161ina, ka sniega arkli un cits smagiem darbiem paredz\u0113ts apr\u012bkojums var darboties optim\u0101l\u0101 l\u012bmen\u012b un nodro\u0161in\u0101t uzticamu veiktsp\u0113ju ekstrem\u0101los apst\u0101k\u013cos.<\/p>\n<h3>Par FMP<\/h3>\n<p>FMP ir uz\u0146\u0113mums, kas specializ\u0113jas hidraulisko cilindru ra\u017eo\u0161an\u0101 un p\u0101rdo\u0161an\u0101. Atrodamies It\u0101lij\u0101, mums ir daudzu gadu pieredze nozar\u0113 un profesion\u0101la komanda, kas velt\u012bta tam, lai klientiem nodro\u0161in\u0101tu augstas kvalit\u0101tes un uzticamus hidraulisko cilindru risin\u0101jumus.<\/p>\n<p><img decoding=\"async\" src=\"https:\/\/fmp-components.com\/wp-content\/uploads\/2024\/12\/Adjustable-Clevis-Type-Cylinders-6.webp\" alt=\"Regul\u0113jams skavu tipa cilindrs\" width=\"827\" title=\"\"><\/p>\n<h4>M\u016bsu produkti un uz\u0146\u0113muma priek\u0161roc\u012bbas:<\/h4>\n<ol>\n<li>Pla\u0161s hidraulisko cilindru kl\u0101sts: M\u0113s pied\u0101v\u0101jam pla\u0161u hidraulisko cilindru kl\u0101stu, tostarp regul\u0113jamus skavu tipa cilindrus, teleskopiskos cilindrus, st\u016bres stie\u0146u cilindrus un citus. M\u016bsu pla\u0161ais kl\u0101sts nodro\u0161ina, ka mums ir piem\u0113rots cilindrs da\u017e\u0101diem pielietojumiem.<\/li>\n<li>Augstas kvalit\u0101tes konstrukcija: M\u016bsu hidrauliskie cilindri ir izgatavoti, izmantojot augst\u0101k\u0101s kvalit\u0101tes materi\u0101lus un progres\u012bvas ra\u017eo\u0161anas metodes. Tas nodro\u0161ina to iztur\u012bbu, uzticam\u012bbu un ilgu kalpo\u0161anas laiku pat sare\u017e\u0123\u012btos darba apst\u0101k\u013cos.<\/li>\n<li>Stingra kvalit\u0101tes kontrole: FMP ir izveidoju\u0161i ilgtermi\u0146a un stabilas attiec\u012bbas ar augstas kvalit\u0101tes pieg\u0101d\u0101t\u0101jiem. M\u0113s r\u016bp\u012bgi p\u0101rbaud\u0101m un test\u0113jam visas pieg\u0101d\u0101t\u0101s deta\u013cas, lai nodro\u0161in\u0101tu, ka t\u0101s atbilst m\u016bsu stingrajiem kvalit\u0101tes standartiem. Tas garant\u0113, ka m\u016bsu hidrauliskie cilindri past\u0101v\u012bgi nodro\u0161ina izcilu veiktsp\u0113ju.<\/li>\n<li>P\u0101rdo\u0161anas ekspertu komanda: M\u016bsu pieredz\u0113ju\u0161\u0101 un prasm\u012bg\u0101 p\u0101rdo\u0161anas komanda labi p\u0101rzina b\u016bvniec\u012bbas tehnikas nozares att\u012bst\u012bbas tendences un klientu vajadz\u012bbas. Vi\u0146i sniedz profesion\u0101las produktu konsult\u0101cijas un p\u0101rdom\u0101tus pirk\u0161anas ieteikumus, nodro\u0161inot, ka m\u016bsu klienti pie\u0146em p\u0101rdom\u0101tus l\u0113mumus.<\/li>\n<li>Efekt\u012bva lo\u0123istikas izplat\u012b\u0161ana: Mums ir efekt\u012bva lo\u0123istikas izplat\u012b\u0161anas sist\u0113ma, lai nodro\u0161in\u0101tu savlaic\u012bgu un prec\u012bzu m\u016bsu hidraulisko cilindru pieg\u0101di. Klienti var pa\u013cauties uz mums, ka nodro\u0161in\u0101sim \u0101tru un bezr\u016bp\u012bgu apkalpo\u0161anu, \u013caujot vi\u0146iem samazin\u0101t d\u012bkst\u0101ves laiku un palielin\u0101t produktivit\u0101ti.<\/li>\n<\/ol>\n<p>Izv\u0113lieties FMP k\u0101 savu uzticamo partneri vis\u0101m j\u016bsu hidraulisko cilindru vajadz\u012bb\u0101m. Ar m\u016bsu pla\u0161o augstas kvalit\u0101tes produktu kl\u0101stu, stingru kvalit\u0101tes kontroli, zino\u0161u p\u0101rdo\u0161anas komandu un efekt\u012bvu lo\u0123istiku m\u0113s esam ap\u0146\u0113mu\u0161ies pal\u012bdz\u0113t jums g\u016bt pan\u0101kumus j\u016bsu celtniec\u012bbas tehnikas projektos.<\/p>\n<h2>Bie\u017ei uzdotie jaut\u0101jumi<\/h2>\n<h3>Vai esat tirdzniec\u012bbas uz\u0146\u0113mums vai ra\u017eot\u0101js?<\/h3>\n<p>M\u0113s esam ra\u017eot\u0101js, un m\u016bsu r\u016bpn\u012bca atrodas Lin Yi pils\u0113t\u0101.<\/p>\n<h3>Cik ilgs ir j\u016bsu pieg\u0101des laiks?<\/h3>\n<p>Parasti pieg\u0101de aiz\u0146em 25\u201335 dienas.<\/p>\n<h3>Vai j\u016bs varat ra\u017eot atbilsto\u0161i paraugiem?<\/h3>\n<p>J\u0101, m\u0113s varam ra\u017eot p\u0113c j\u016bsu paraugiem vai tehniskajiem ras\u0113jumiem. M\u0113s varam izgatavot veidnes un armat\u016bru.<\/p>\n<p>Autors: CX<\/p>","protected":false},"excerpt":{"rendered":"<p>Factory Provide Customized Hydraulic Ram Cylinder for Snow Plow The Factory Provide Customized Hydraulic Ram Cylinder for Snow Plow is a highly versatile and efficient product designed to enhance the performance of snow plows. This hydraulic cylinder offers exceptional strength and durability, making it an ideal choice for heavy-duty applications in the winter maintenance industry. [&hellip;]<\/p>","protected":false},"featured_media":1499,"comment_status":"closed","ping_status":"closed","template":"","meta":{"_et_pb_use_builder":"","_et_pb_old_content":"","_et_gb_content_width":""},"product_brand":[],"product_cat":[42],"product_tag":[34,44],"class_list":{"0":"post-1498","1":"product","2":"type-product","3":"status-publish","4":"has-post-thumbnail","6":"product_cat-snow-plow-hydraulic-cylinder","7":"product_tag-hydraulic-cylinder","8":"product_tag-snow-plow-hydraulic-cylinder","10":"first","11":"instock","12":"product-type-simple"},"_links":{"self":[{"href":"https:\/\/fmp-components.com\/lv\/wp-json\/wp\/v2\/product\/1498","targetHints":{"allow":["GET"]}}],"collection":[{"href":"https:\/\/fmp-components.com\/lv\/wp-json\/wp\/v2\/product"}],"about":[{"href":"https:\/\/fmp-components.com\/lv\/wp-json\/wp\/v2\/types\/product"}],"replies":[{"embeddable":true,"href":"https:\/\/fmp-components.com\/lv\/wp-json\/wp\/v2\/comments?post=1498"}],"wp:featuredmedia":[{"embeddable":true,"href":"https:\/\/fmp-components.com\/lv\/wp-json\/wp\/v2\/media\/1499"}],"wp:attachment":[{"href":"https:\/\/fmp-components.com\/lv\/wp-json\/wp\/v2\/media?parent=1498"}],"wp:term":[{"taxonomy":"product_brand","embeddable":true,"href":"https:\/\/fmp-components.com\/lv\/wp-json\/wp\/v2\/product_brand?post=1498"},{"taxonomy":"product_cat","embeddable":true,"href":"https:\/\/fmp-components.com\/lv\/wp-json\/wp\/v2\/product_cat?post=1498"},{"taxonomy":"product_tag","embeddable":true,"href":"https:\/\/fmp-components.com\/lv\/wp-json\/wp\/v2\/product_tag?post=1498"}],"curies":[{"name":"wp","href":"https:\/\/api.w.org\/{rel}","templated":true}]}}