{"id":1492,"date":"2024-12-23T05:50:37","date_gmt":"2024-12-23T05:50:37","guid":{"rendered":"https:\/\/fmp-components.com\/product\/new-arrival-snow-plow-stainless-steel-hydraulic-oil-cylinder\/"},"modified":"2024-12-23T06:27:49","modified_gmt":"2024-12-23T06:27:49","slug":"new-arrival-snow-plow-stainless-steel-hydraulic-oil-cylinder","status":"publish","type":"product","link":"https:\/\/fmp-components.com\/lv\/product\/new-arrival-snow-plow-stainless-steel-hydraulic-oil-cylinder\/","title":{"rendered":"Jaunpien\u0101c\u0113js sniega arkla ner\u016bs\u0113jo\u0161\u0101 t\u0113rauda hidraulisk\u0101s e\u013c\u013cas cilindrs"},"content":{"rendered":"<h2>Jaunpien\u0101c\u0113js sniega arkla ner\u016bs\u0113jo\u0161\u0101 t\u0113rauda hidraulisk\u0101s e\u013c\u013cas cilindrs<\/h2>\n<p>Jaunpien\u0101c\u0113js sniega arkla ner\u016bs\u0113jo\u0161\u0101 t\u0113rauda hidrauliskais e\u013c\u013cas cilindrs ir moderns produkts, kas \u012bpa\u0161i izstr\u0101d\u0101ts sniega arkliem. Izgatavots no augstas kvalit\u0101tes ner\u016bs\u0113jo\u0161\u0101 t\u0113rauda, \u200b\u200b\u0161is hidrauliskais e\u013c\u013cas cilindrs pied\u0101v\u0101 izcilu iztur\u012bbu un ilgm\u016b\u017e\u012bbu, nodro\u0161inot, ka tas var iztur\u0113t pat visskarb\u0101kos ziemas apst\u0101k\u013cus.<\/p>\n<p>Apr\u012bkots ar modernu hidraulisko tehnolo\u0123iju, \u0161is e\u013c\u013cas cilindrs nodro\u0161ina jaud\u012bgu un uzticamu veiktsp\u0113ju, \u013caujot efekt\u012bvi un lietder\u012bgi t\u012br\u012bt sniegu. T\u0101 hidraulisk\u0101 sist\u0113ma nodro\u0161ina vienm\u0113r\u012bgu un prec\u012bzu darb\u012bbu, \u013caujot lietot\u0101jiem viegli un prec\u012bzi vad\u012bt sniega t\u012br\u012bt\u0101ju.<\/p>\n<p>\u0160\u012b e\u013c\u013cas cilindra ner\u016bs\u0113jo\u0161\u0101 t\u0113rauda konstrukcija nodro\u0161ina izcilu iztur\u012bbu pret koroziju, r\u016bsu un nodilumu, padarot to ide\u0101li piem\u0113rotu lieto\u0161anai sniegot\u0101 un apledoju\u0161\u0101 vid\u0113. Tas nodro\u0161ina, ka cilindrs saglab\u0101jas optim\u0101l\u0101 st\u0101vokl\u012b vis\u0101 t\u0101 kalpo\u0161anas laik\u0101, nodro\u0161inot nemain\u012bgu un uzticamu darb\u012bbu gadu no gada.<\/p>\n<p>Jaun\u0101 sniega t\u012br\u012bt\u0101ja ner\u016bs\u0113jo\u0161\u0101 t\u0113rauda hidraulisk\u0101 e\u013c\u013cas cilindra konstrukcija, kas izstr\u0101d\u0101ta, dom\u0101jot par lietot\u0101ju, ir viegli uzst\u0101d\u0101ma un lietojama. T\u0101 kompaktais un vieglais dizains nodro\u0161ina \u0113rtu uzst\u0101d\u012b\u0161anu, un lietot\u0101jam draudz\u012bg\u0101s vad\u012bbas ier\u012bces padara darb\u012bbu vienk\u0101r\u0161u un \u0113rtu.<\/p>\n<p>Pateicoties izcilajai kvalit\u0101tei un veiktsp\u0113jai, jaunais sniega t\u012br\u012bt\u0101ja ner\u016bs\u0113jo\u0161\u0101 t\u0113rauda hidraulisk\u0101s e\u013c\u013cas cilindrs ir oblig\u0101ts ikvienam sniega t\u012br\u012bt\u0101ja operatoram. Neatkar\u012bgi no t\u0101, vai esat profesion\u0101lis vai m\u0101jas \u012bpa\u0161nieks, kas v\u0113las not\u012br\u012bt sniegu no savas piebraucam\u0101 ce\u013ca, \u0161is produkts p\u0101rsniegs j\u016bsu cer\u012bbas un padar\u012bs sniega t\u012br\u012b\u0161anu par vieglu uzdevumu.<\/p>\n<p>Ieg\u0101d\u0101jieties jaunaj\u0101 sniega t\u012br\u012bt\u0101ja ner\u016bs\u0113jo\u0161\u0101 t\u0113rauda hidraulisk\u0101s e\u013c\u013cas cilindr\u0101 jau \u0161odien un izbaudiet at\u0161\u0137ir\u012bbu, ko tas var sniegt j\u016bsu sniega t\u012br\u012b\u0161anas darbos. Esiet soli priek\u0161\u0101 ziemas laikapst\u0101k\u013ciem un saglab\u0101jiet apk\u0101rtni t\u012bru un dro\u0161u ar \u0161o augst\u0101k\u0101s klases hidraulisk\u0101s e\u013c\u013cas cilindru.<\/p>\n<div>\n<h2>Iepaz\u012bstin\u0101m ar sniega t\u012br\u012bt\u0101ju no ner\u016bs\u0113jo\u0161\u0101 t\u0113rauda ar hidraulisko e\u013c\u013cas cilindru<\/h2>\n<p>Sniega t\u012br\u012bt\u0101ja ner\u016bs\u0113jo\u0161\u0101 t\u0113rauda hidrauliskais e\u013c\u013cas cilindrs ir inovat\u012bva ier\u012bce, kas p\u0101rveidos j\u016bsu sniega t\u012br\u012b\u0161anas darbu vad\u012b\u0161anas veidu. Tas ir augst\u0101k\u0101s klases hidrauliskais e\u013c\u013cas cilindrs, kas paredz\u0113ts efektivit\u0101tes, iztur\u012bbas un augst\u0101k\u0101s klases veiktsp\u0113jas nodro\u0161in\u0101\u0161anai. \u0160\u012b ier\u012bce nav tikai v\u0113l viens apr\u012bkojums, bet gan ieguld\u012bjums, kas padar\u012bs j\u016bsu sniega t\u012br\u012b\u0161anas darbus vienk\u0101r\u0161us un efekt\u012bvus.<\/p>\n<h2>Produkta funkcijas<\/h2>\n<ul>\n<li>Augstas klases, standarta izm\u0113ra virzu\u013ccilindrs, kas darbojas ar hidraulisko jaudu<\/li>\n<li>T\u0113rauda korpusa materi\u0101ls iztur\u012bbai un ilgsto\u0161ai darb\u012bbai<\/li>\n<li>Maksim\u0101l\u0101 vilces jauda 3000 un maksim\u0101l\u0101 vilkmes jauda 20 tonnas, lai tiktu gal\u0101 ar vissare\u017e\u0123\u012bt\u0101kajiem sniega t\u012br\u012b\u0161anas darbiem.<\/li>\n<li>Urbuma izm\u0113rs ir no 2 l\u012bdz 6 coll\u0101m, stie\u0146a izm\u0113rs no 1,125 l\u012bdz 4 coll\u0101m un g\u0101jiena izm\u0113rs no 4 l\u012bdz 100 coll\u0101m<\/li>\n<li>Tapu izm\u0113rs no 0,5 l\u012bdz 2 coll\u0101m, lai nodro\u0161in\u0101tu \u0113rtu uzst\u0101d\u012b\u0161anu, lieto\u0161anu un apkopi<\/li>\n<li>Serdei ir gultnis un hidrauliskais cilindrs, kuriem abiem ir 1 gada garantija<\/li>\n<\/ul>\n<\/div>\n<h2>Regul\u0113jamu skavu tipa cilindru priek\u0161roc\u012bbas<\/h2>\n<ul>\n<li style=\"list-style-type: none;\">\n<ul>\n<li><strong>Piel\u0101go\u0161ana:<\/strong> Viena no regul\u0113jamu skavu tipa cilindru galvenaj\u0101m priek\u0161roc\u012bb\u0101m ir to sp\u0113ja piel\u0101got konkr\u0113tiem hidrauliskiem pielietojumiem. Pateicoties regul\u0113jam\u0101s skavu konstrukcijai, tos var viegli piel\u0101got da\u017e\u0101d\u0101m mont\u0101\u017eas konfigur\u0101cij\u0101m, padarot tos daudzpus\u012bgus un piem\u0113rotus pla\u0161am pielietojumu kl\u0101stam.<\/li>\n<\/ul>\n<\/li>\n<\/ul>\n<p>Piem\u0113ram, jaun\u0101 sniega arkla ner\u016bs\u0113jo\u0161\u0101 t\u0113rauda hidraulisk\u0101 e\u013c\u013cas cilindra modelis ir lielisks regul\u0113jama skavu tipa cilindra piem\u0113rs, kas ir piel\u0101gots lieto\u0161anai sniega arklos. Pateicoties ner\u016bs\u0113jo\u0161\u0101 t\u0113rauda konstrukcijai, tas ir \u013coti iztur\u012bgs pret koroziju un ir paredz\u0113ts skarbajiem ziemas apst\u0101k\u013ciem. Regul\u0113jam\u0101 skavu konstrukcija \u013cauj to viegli uzst\u0101d\u012bt uz da\u017e\u0101du veidu sniega arkliem, padarot to par daudzpus\u012bgu risin\u0101jumu sniega t\u012br\u012b\u0161anai.<\/p>\n<ul>\n<li style=\"list-style-type: none;\">\n<ul>\n<li><strong>Augsta efektivit\u0101te:<\/strong> V\u0113l viena regul\u0113jamu skavu tipa cilindru priek\u0161roc\u012bba ir to augst\u0101 efektivit\u0101te. Pateicoties prec\u012bzajai in\u017eenierijai un augstas kvalit\u0101tes materi\u0101liem, tie sp\u0113j nodro\u0161in\u0101t past\u0101v\u012bgu un uzticamu veiktsp\u0113ju pat sare\u017e\u0123\u012btos apst\u0101k\u013cos.<\/li>\n<\/ul>\n<\/li>\n<\/ul>\n<p>Piem\u0113ram, jaunpien\u0101c\u0113js sniega arkla ner\u016bs\u0113jo\u0161\u0101 t\u0113rauda hidraulisk\u0101s e\u013c\u013cas cilindrs ir izstr\u0101d\u0101ts, lai nodro\u0161in\u0101tu maksim\u0101lu celtsp\u0113ju ar minim\u0101lu piep\u016bli. T\u0101 augstspiediena hidraulisk\u0101 sist\u0113ma nodro\u0161ina, ka tas var viegli pacelt smagus sniega arklus, savuk\u0101rt regul\u0113jam\u0101 skavu konstrukcija \u013cauj prec\u012bzi kontrol\u0113t arkla asmens le\u0146\u0137i un poz\u012bciju, nodro\u0161inot optim\u0101lu sniega t\u012br\u012b\u0161anas veiktsp\u0113ju.<\/p>\n<ul>\n<li style=\"list-style-type: none;\">\n<ul>\n<li><strong>Iztur\u012bgs:<\/strong> Regul\u0113jami skavu tipa cilindri ir paz\u012bstami ar\u012b ar savu iztur\u012bbu un ilgm\u016b\u017e\u012bbu. Tie ir izgatavoti, lai iztur\u0113tu skarbus vides apst\u0101k\u013cus, ekstrem\u0101las temperat\u016bras un lielas slodzes, padarot tos ide\u0101li piem\u0113rotus lieto\u0161anai da\u017e\u0101dos r\u016bpnieciskos pielietojumos.<\/li>\n<\/ul>\n<\/li>\n<\/ul>\n<p>Jaunpien\u0101c\u0113js sniega t\u012br\u012bt\u0101ja ner\u016bs\u0113jo\u0161\u0101 t\u0113rauda hidrauliskais e\u013c\u013cas cilindrs ir izgatavots no augstas kvalit\u0101tes ner\u016bs\u0113jo\u0161\u0101 t\u0113rauda, \u200b\u200bkas ir ne tikai \u013coti iztur\u012bgs pret koroziju, bet ar\u012b nodro\u0161ina izcilu iztur\u012bbu un ilgm\u016b\u017e\u012bbu. Turkl\u0101t t\u0101 prec\u012bz\u0101 in\u017eenierija un augstas kvalit\u0101tes materi\u0101li nodro\u0161ina, ka tas var iztur\u0113t ekstrem\u0101las temperat\u016bras un lielas slodzes, padarot to par uzticamu un iztur\u012bgu risin\u0101jumu sniega t\u012br\u012b\u0161anai.<\/p>\n<ul>\n<li style=\"list-style-type: none;\">\n<ul>\n<li><strong>Apkopes vienk\u0101r\u0161\u012bba:<\/strong> Visbeidzot, regul\u0113jamie skavu tipa cilindri ir paredz\u0113ti vienk\u0101r\u0161ai apkopei. Pateicoties to vienk\u0101r\u0161ajai, bet iztur\u012bgajai konstrukcijai, tos var viegli izjaukt un apkalpot, nodro\u0161inot \u0101tru un efekt\u012bvu remontu un apkopi.<\/li>\n<\/ul>\n<\/li>\n<\/ul>\n<p>Piem\u0113ram, jaunpien\u0101c\u0113js sniega t\u012br\u012bt\u0101js no ner\u016bs\u0113jo\u0161\u0101 t\u0113rauda hidraulisk\u0101s e\u013c\u013cas cilindra ir izstr\u0101d\u0101ts ar modul\u0101ru konstrukciju, kas atvieglo atsevi\u0161\u0137u komponentu demont\u0101\u017eu un nomai\u0146u. T\u0101 augstas kvalit\u0101tes materi\u0101li nodro\u0161ina ar\u012b minim\u0101lu apkopi, padarot to par rentablu sniega t\u012br\u012b\u0161anas risin\u0101jumu.<\/p>\n<p>Nosl\u0113gum\u0101 j\u0101secina, ka regul\u0113jamie skavu tipa cilindri pied\u0101v\u0101 virkni priek\u0161roc\u012bbu, tostarp piel\u0101go\u0161anas iesp\u0113jas, efektivit\u0101ti, iztur\u012bbu un \u0113rtu apkopi. Jaunais sniega arkla ner\u016bs\u0113jo\u0161\u0101 t\u0113rauda hidraulisk\u0101s e\u013c\u013cas cilindrs ir lielisks regul\u0113jamu skavu tipa cilindru piem\u0113rs, kas ir piel\u0101goti lieto\u0161anai sniega arkl\u0101s, un pied\u0101v\u0101 izcilu veiktsp\u0113ju un uzticam\u012bbu skarbos ziemas apst\u0101k\u013cos.<\/p>\n<h3>Par FMP \u2013 profesion\u0101lu hidraulisko cilindru ra\u017eot\u0101ju un pieg\u0101d\u0101t\u0101ju<\/h3>\n<p>FMP ir uz\u0146\u0113mums, kas specializ\u0113jas augstas kvalit\u0101tes un uzticamu celtniec\u012bbas tehnikas deta\u013cu un komplekt\u0113tu iek\u0101rtu ra\u017eo\u0161an\u0101 un p\u0101rdo\u0161an\u0101. Mums ir daudzu gadu pieredze nozar\u0113 un profesion\u0101la komanda, kas nodro\u0161ina m\u016bsu klientiem lab\u0101kos produktus un pakalpojumus.<\/p>\n<p>M\u016bsu hidrauliskais cilindrs ir viens no m\u016bsu popul\u0101r\u0101kajiem produktiem, un tam ir labs iemesls. \u0160eit ir tikai da\u017ei iemesli, k\u0101p\u0113c jums vajadz\u0113tu izv\u0113l\u0113ties FMP k\u0101 savu hidraulisko cilindru pieg\u0101d\u0101t\u0101ju:<\/p>\n<p>1. Augstas kvalit\u0101tes materi\u0101li \u2013 M\u016bsu hidraulisko cilindru ra\u017eo\u0161an\u0101 m\u0113s izmantojam tikai augst\u0101k\u0101s kvalit\u0101tes materi\u0101lus. Tas nodro\u0161ina to iztur\u012bbu, uzticam\u012bbu un ilgm\u016b\u017e\u012bbu.<\/p>\n<p>2. Pla\u0161s iesp\u0113ju kl\u0101sts \u2014 m\u0113s pied\u0101v\u0101jam pla\u0161u hidraulisko cilindru kl\u0101stu, tostarp regul\u0113jamus skavu tipa cilindrus, divk\u0101r\u0161as darb\u012bbas hidrauliskos cilindrus un metin\u0101tus hidrauliskos cilindrus. Tas \u013cauj klientiem izv\u0113l\u0113ties cilindru, kas vislab\u0101k atbilst vi\u0146u vajadz\u012bb\u0101m.<\/p>\n<p>3. Piel\u0101go\u0161ana \u2014 m\u0113s saprotam, ka katram klientam ir unik\u0101las pras\u012bbas, t\u0101p\u0113c m\u0113s pied\u0101v\u0101jam piel\u0101gotus hidrauliskos cilindrus, lai apmierin\u0101tu \u012bpa\u0161as vajadz\u012bbas.<\/p>\n<p>4. Profesion\u0101la p\u0101rdo\u0161anas komanda \u2013 m\u016bsu pieredz\u0113ju\u0161\u0101 un prasm\u012bg\u0101 p\u0101rdo\u0161anas komanda vienm\u0113r ir gatava sniegt profesion\u0101las konsult\u0101cijas par produktiem un pied\u0101v\u0101t klientiem gudrus pirk\u0161anas ieteikumus.<\/p>\n<p>5. Efekt\u012bva lo\u0123istikas sadales sist\u0113ma \u2014 mums ir efekt\u012bva lo\u0123istikas sadales sist\u0113ma, kas nodro\u0161ina, ka klienti savlaic\u012bgi un prec\u012bzi sa\u0146em nepiecie\u0161amos hidrauliskos cilindrus.<\/p>\n<p><img decoding=\"async\" src=\"https:\/\/fmp-components.com\/wp-content\/uploads\/2024\/12\/Adjustable-Clevis-Type-Cylinders-6.webp\" alt=\"Regul\u0113jams skavu tipa cilindrs\" width=\"824\" title=\"\"><\/p>\n<p>Papildus \u0161\u012bm priek\u0161roc\u012bb\u0101m FMP ir ap\u0146\u0113mies veidot ilgtermi\u0146a un stabilas sadarb\u012bbas attiec\u012bbas ar augstas kvalit\u0101tes pieg\u0101d\u0101t\u0101jiem gan m\u0101j\u0101s, gan \u0101rzem\u0113s, lai nodro\u0161in\u0101tu, ka visas pieg\u0101d\u0101t\u0101s deta\u013cas atbilst stingriem kvalit\u0101tes standartiem. T\u0101p\u0113c m\u0113s garant\u0113jam, ka m\u016bsu hidrauliskie cilindri ir visaugst\u0101k\u0101s kvalit\u0101tes un atbild\u012bs j\u016bsu vajadz\u012bb\u0101m.<\/p>\n<p>Izv\u0113lieties FMP k\u0101 savu hidraulisko cilindru ra\u017eot\u0101ju un pieg\u0101d\u0101t\u0101ju. Sazinieties ar mums jau \u0161odien, lai uzzin\u0101tu vair\u0101k par m\u016bsu produktiem un pakalpojumiem.<\/p>\n<h2>Bie\u017ei uzdotie jaut\u0101jumi<\/h2>\n<h3>J: Vai j\u016bs esat tirdzniec\u012bbas uz\u0146\u0113mums vai ra\u017eot\u0101js?<\/h3>\n<p>A: M\u0113s esam r\u016bpn\u012bca, kas ra\u017eo m\u016bsu produktus.<\/p>\n<h3>J: Cik ilgs ir j\u016bsu pieg\u0101des laiks?<\/h3>\n<p>A: Parasti m\u016bsu pieg\u0101des laiks ir 25\u201335 dienas.<\/p>\n<h3>J: Vai j\u016bs sniedzat paraugus?<\/h3>\n<p>A: J\u0101, m\u0113s pied\u0101v\u0101jam paraugus, ta\u010du tie nav bez maksas.<\/p>\n<p><img decoding=\"async\" title=\"Sniega arkla hidrauliskais cilindrs\" src=\"https:\/\/hzpt.com\/wp-content\/uploads\/2023\/11\/Snow-Plow-Hydraulic-Cylinder-3.webp\" alt=\"Sniega arkla hidrauliskais cilindrs\" \/><\/p>\n<p>Autors: CX<\/p>","protected":false},"excerpt":{"rendered":"<p>New Arrival Snow Plow Stainless Steel Hydraulic Oil Cylinder The New Arrival Snow Plow Stainless Steel Hydraulic Oil Cylinder is a cutting-edge product designed specifically for snow plows. Made from high-quality stainless steel, this hydraulic oil cylinder offers exceptional durability and longevity, ensuring it can withstand even the harshest winter conditions. Equipped with advanced hydraulic [&hellip;]<\/p>","protected":false},"featured_media":1493,"comment_status":"closed","ping_status":"closed","template":"","meta":{"_et_pb_use_builder":"","_et_pb_old_content":"","_et_gb_content_width":""},"product_brand":[],"product_cat":[42],"product_tag":[34,44],"class_list":{"0":"post-1492","1":"product","2":"type-product","3":"status-publish","4":"has-post-thumbnail","6":"product_cat-snow-plow-hydraulic-cylinder","7":"product_tag-hydraulic-cylinder","8":"product_tag-snow-plow-hydraulic-cylinder","10":"first","11":"instock","12":"product-type-simple"},"_links":{"self":[{"href":"https:\/\/fmp-components.com\/lv\/wp-json\/wp\/v2\/product\/1492","targetHints":{"allow":["GET"]}}],"collection":[{"href":"https:\/\/fmp-components.com\/lv\/wp-json\/wp\/v2\/product"}],"about":[{"href":"https:\/\/fmp-components.com\/lv\/wp-json\/wp\/v2\/types\/product"}],"replies":[{"embeddable":true,"href":"https:\/\/fmp-components.com\/lv\/wp-json\/wp\/v2\/comments?post=1492"}],"wp:featuredmedia":[{"embeddable":true,"href":"https:\/\/fmp-components.com\/lv\/wp-json\/wp\/v2\/media\/1493"}],"wp:attachment":[{"href":"https:\/\/fmp-components.com\/lv\/wp-json\/wp\/v2\/media?parent=1492"}],"wp:term":[{"taxonomy":"product_brand","embeddable":true,"href":"https:\/\/fmp-components.com\/lv\/wp-json\/wp\/v2\/product_brand?post=1492"},{"taxonomy":"product_cat","embeddable":true,"href":"https:\/\/fmp-components.com\/lv\/wp-json\/wp\/v2\/product_cat?post=1492"},{"taxonomy":"product_tag","embeddable":true,"href":"https:\/\/fmp-components.com\/lv\/wp-json\/wp\/v2\/product_tag?post=1492"}],"curies":[{"name":"wp","href":"https:\/\/api.w.org\/{rel}","templated":true}]}}