{"id":1490,"date":"2024-12-23T05:50:37","date_gmt":"2024-12-23T05:50:37","guid":{"rendered":"https:\/\/fmp-components.com\/product\/competitive-price-piston-hydraulic-cylinder-double-acting\/"},"modified":"2024-12-23T06:14:10","modified_gmt":"2024-12-23T06:14:10","slug":"competitive-price-piston-hydraulic-cylinder-double-acting","status":"publish","type":"product","link":"https:\/\/fmp-components.com\/lv\/product\/competitive-price-piston-hydraulic-cylinder-double-acting\/","title":{"rendered":"Konkur\u0113tsp\u0113j\u012bgas cenas virzu\u013ca hidrauliskais cilindrs ar dubultu darb\u012bbu"},"content":{"rendered":"<h2>Iepaz\u012bstin\u0101m ar konkur\u0113tsp\u0113j\u012bgu cenu virzu\u013ca hidraulisko cilindru ar divk\u0101r\u0161u darb\u012bbu:<\/h2>\n<p>Konkur\u0113tsp\u0113j\u012bgas cenas divk\u0101r\u0161as darb\u012bbas virzu\u013chidrauliskais cilindrs ir augstas kvalit\u0101tes produkts, kas paredz\u0113ts da\u017e\u0101diem r\u016bpnieciskiem pielietojumiem. \u0160is hidrauliskais cilindrs ir ra\u017eots, izmantojot progres\u012bvas tehnolo\u0123ijas un augst\u0101k\u0101s kvalit\u0101tes materi\u0101lus, nodro\u0161inot iztur\u012bbu un uzticam\u012bbu.<\/p>\n<p>Ar virzu\u013ca konstrukciju \u0161is hidrauliskais cilindrs nodro\u0161ina vienm\u0113r\u012bgu un prec\u012bzu kust\u012bbu, nodro\u0161inot efekt\u012bvu un lietder\u012bgu darb\u012bbu. Tas ir paredz\u0113ts divk\u0101r\u0161as darb\u012bbas funkcionalit\u0101tei, \u013caujot tam rad\u012bt sp\u0113ku abos virzienos, palielinot produktivit\u0101ti un daudzpus\u012bbu.<\/p>\n<p>Ar savu konkur\u0113tsp\u0113j\u012bgo cenu \u0161is hidrauliskais cilindrs nodro\u0161ina izcilu cenas un v\u0113rt\u012bbas attiec\u012bbu. Tas pied\u0101v\u0101 izcilu veiktsp\u0113ju un iztur\u012bbu, padarot to par rentablu izv\u0113li jebkura lieluma uz\u0146\u0113mumiem. Neatkar\u012bgi no t\u0101, vai to izmanto b\u016bvniec\u012bb\u0101, lauksaimniec\u012bb\u0101 vai ra\u017eo\u0161an\u0101, \u0161is hidrauliskais cilindrs ir izstr\u0101d\u0101ts, lai iztur\u0113tu sare\u017e\u0123\u012btus apst\u0101k\u013cus un nodro\u0161in\u0101tu izcilus rezult\u0101tus.<\/p>\n<p><img decoding=\"async\" title=\"Sniega arkla hidrauliskais cilindrs\" src=\"https:\/\/hzpt.com\/wp-content\/uploads\/2023\/11\/Snow-Plow-Hydraulic-Cylinder-2.webp\" alt=\"Sniega arkla hidrauliskais cilindrs\" \/><\/p>\n<p>Konkur\u0113tsp\u0113j\u012bgas cenas divk\u0101r\u0161\u0101s darb\u012bbas virzu\u013chidrauliskais cilindrs ir viegli uzst\u0101d\u0101ms un kopjams, samazinot d\u012bkst\u0101ves laiku un palielinot produktivit\u0101ti. Tas ir sader\u012bgs ar da\u017e\u0101d\u0101m hidrauliskaj\u0101m sist\u0113m\u0101m un to var neman\u0101mi integr\u0113t eso\u0161aj\u0101s iek\u0101rt\u0101s.<\/p>\n<p>Nosl\u0113gum\u0101 j\u0101saka, ka konkur\u0113tsp\u0113j\u012bgas cenas virzu\u013chidrauliskais divk\u0101r\u0161\u0101s darb\u012bbas cilindrs ir uzticams un efekt\u012bvs risin\u0101jums j\u016bsu hidrauliskaj\u0101m vajadz\u012bb\u0101m. T\u0101 konkur\u0113tsp\u0113j\u012bg\u0101 cena apvienojum\u0101 ar augstas kvalit\u0101tes konstrukciju un veiktsp\u0113ju padara to par lielisku izv\u0113li uz\u0146\u0113mumiem, kas v\u0113las uzlabot savu darb\u012bbu. Invest\u0113jiet \u0161aj\u0101 hidrauliskaj\u0101 cilindr\u0101 jau \u0161odien un izbaudiet uzlabotu produktivit\u0101ti un izmaksu efektivit\u0101ti. Ja mekl\u0113jat iztur\u012bgu un efekt\u012bvu virzu\u013chidraulisko cilindru, esat \u012bstaj\u0101 viet\u0101. \u0160is divk\u0101r\u0161\u0101s darb\u012bbas cilindrs tiek pied\u0101v\u0101ts par konkur\u0113tsp\u0113j\u012bgu cenu, nodro\u0161inot vislab\u0101ko cenas un v\u0113rt\u012bbas attiec\u012bbu. T\u0101 unik\u0101lais dizains un konstrukcija padara to piem\u0113rotu da\u017e\u0101d\u0101m jom\u0101m, tostarp ma\u0161\u012bnb\u016bves remonta darbn\u012bc\u0101m, saimniec\u012bb\u0101m, ener\u0123\u0113tikas un kalnr\u016bpniec\u012bbas nozarei, k\u0101 ar\u012b ma\u0161\u012bnb\u016bves ra\u017eo\u0161anai un r\u016bpn\u012bc\u0101m.<\/p>\n<h2>Produkta specifik\u0101cijas<\/h2>\n<p>\u0160im jaunajam virzu\u013chidrauliskajam cilindram ir viena gada garantija, kas sola uzticamu veiktsp\u0113ju un iztur\u012bbu. Cilindram ir standarta konstrukcija, tas tiek darbin\u0101ts hidrauliski un izgatavots no iztur\u012bga t\u0113rauda korpusa. Tas nodro\u0161ina, ka tas var iztur\u0113t intens\u012bvu lieto\u0161anu, neapdraudot t\u0101 efektivit\u0101ti un ilgm\u016b\u017e\u012bbu.<\/p>\n<h3>Galven\u0101s sast\u0101vda\u013cas<\/h3>\n<p>\u0160\u012b hidraulisk\u0101 cilindra galven\u0101s sast\u0101vda\u013cas ir gultnis un pats hidrauliskais cilindrs. T\u0101s ir svar\u012bgas deta\u013cas, kur\u0101m ir b\u016btiska loma iek\u0101rtas visp\u0101r\u0113j\u0101 funkcionalit\u0101t\u0113 un efektivit\u0101t\u0113.<\/p>\n<h3>Jauda un ietilp\u012bba<\/h3>\n<p>Hidraulisk\u0101 cilindra maksim\u0101l\u0101 vilces jauda ir 3000 tonnu un maksim\u0101l\u0101 vilk\u0161anas jauda ir 20 tonnas, nodro\u0161inot, ka tas var viegli tikt gal\u0101 ar smag\u0101m krav\u0101m. Tas ir piem\u0113rots lieto\u0161anai k\u0101 sniega t\u012br\u012bt\u0101ja hidrauliskais cilindrs, padarot to par daudzpus\u012bgu instrumentu da\u017e\u0101diem pielietojumiem.<\/p>\n<h3>Izm\u0113rs un dizains<\/h3>\n<p>Cilindram ir urbuma diametrs no 2 l\u012bdz 6 coll\u0101m, stie\u0146a izm\u0113rs no 1,125 l\u012bdz 4 coll\u0101m, g\u0101jiena garums no 4 l\u012bdz 100 coll\u0101m un tapas izm\u0113rs no 0,5 l\u012bdz 2 coll\u0101m. Tas ir apr\u012bkots ar G\/SAE\/NPT\/M piesl\u0113gviet\u0101m un ir pieejams elegant\u0101 meln\u0101 kr\u0101s\u0101.<\/p>\n<h2>Regul\u0113jamu skavu tipa cilindru priek\u0161roc\u012bbas<\/h2>\n<p>Regul\u0113jami skavas tipa cilindri, piem\u0113ram, konkur\u0113tsp\u0113j\u012bgas cenas virzu\u013chidrauliskais divk\u0101r\u0161as darb\u012bbas cilindrs, pied\u0101v\u0101 vair\u0101kas at\u0161\u0137ir\u012bgas priek\u0161roc\u012bbas da\u017e\u0101dos pielietojumos. \u0160ie cilindri ir izstr\u0101d\u0101ti, \u0146emot v\u0113r\u0101 precizit\u0101ti un efektivit\u0101ti, nodro\u0161inot optim\u0101lu veiktsp\u0113ju un daudzpus\u012bbu. T\u0101l\u0101k ir nor\u0101d\u012btas da\u017eas galven\u0101s regul\u0113jamu skavas tipa cilindru izmanto\u0161anas priek\u0161roc\u012bbas:<\/p>\n<h3>1. Uzlabota elast\u012bba<\/h3>\n<p>Viena no regul\u0113jamu skavu tipa cilindru galvenaj\u0101m priek\u0161roc\u012bb\u0101m ir to sp\u0113ja nodro\u0161in\u0101t uzlabotu elast\u012bbu da\u017e\u0101dos ekspluat\u0101cijas apst\u0101k\u013cos. Regul\u0113jam\u0101s skavu konstrukcija \u013cauj viegli piel\u0101got un regul\u0113t g\u0101jiena garumu, \u013caujot cilindram piel\u0101goties \u012bpa\u0161\u0101m pras\u012bb\u0101m. \u0160\u012b elast\u012bba nodro\u0161ina, ka cilindru var izmantot pla\u0161\u0101 pielietojumu kl\u0101st\u0101, padarot to par daudzpus\u012bgu izv\u0113li da\u017e\u0101d\u0101m nozar\u0113m.<\/p>\n<h3>2. Izcila nestsp\u0113ja<\/h3>\n<p>V\u0113l viena iev\u0113rojama regul\u0113jamu skavu tipa cilindru priek\u0161roc\u012bba ir to lielisk\u0101 nestsp\u0113ja. \u0160ie cilindri ir paredz\u0113ti lielu kravu iztur\u0113\u0161anai un izcila sp\u0113ka izvadei. Konkur\u0113tsp\u0113j\u012bg\u0101s cenas virzu\u013chidrauliskais cilindrs ar divk\u0101r\u0161u darb\u012bbu sp\u0113j rad\u012bt lielus sp\u0113kus gan pagarin\u0101\u0161anas, gan ievilk\u0161anas g\u0101jien\u0101, padarot to ide\u0101li piem\u0113rotu lietojumiem, kuriem nepiecie\u0161ama iev\u0113rojama jauda un efektivit\u0101te.<\/p>\n<h3>3. Prec\u012bza pozicion\u0113\u0161ana<\/h3>\n<p>Regul\u0113jami skavu tipa cilindri ir paz\u012bstami ar sav\u0101m prec\u012bzaj\u0101m pozicion\u0113\u0161anas iesp\u0113j\u0101m. Uzlabotas hidraulisk\u0101s tehnolo\u0123ijas izmanto\u0161ana \u013cauj veikt prec\u012bzas un kontrol\u0113tas kust\u012bbas, nodro\u0161inot, ka cilindrs var sasniegt prec\u012bzu line\u0101ru kust\u012bbu. \u0160is precizit\u0101tes l\u012bmenis ir \u013coti svar\u012bgs lietojumos, kur nepiecie\u0161ama prec\u012bza pozicion\u0113\u0161ana, piem\u0113ram, robotik\u0101, automatiz\u0101cij\u0101 un materi\u0101lu apstr\u0101des sist\u0113m\u0101s.<\/p>\n<h3>4. Iztur\u012bba un ilgm\u016b\u017e\u012bba<\/h3>\n<p>Regul\u0113jamie skavu tipa cilindri ir izgatavoti no augstas kvalit\u0101tes materi\u0101liem un tiek r\u016bp\u012bgi p\u0101rbaud\u012bti, lai nodro\u0161in\u0101tu iztur\u012bbu un ilgm\u016b\u017e\u012bbu. Konkur\u0113tsp\u0113j\u012bg\u0101s cenas divk\u0101r\u0161\u0101s darb\u012bbas virzu\u013chidrauliskais cilindrs ir paredz\u0113ts skarbiem ekspluat\u0101cijas apst\u0101k\u013ciem un lieljaudas pielietojumiem. Cilindra iztur\u012bg\u0101 konstrukcija un uzticam\u0101 bl\u012bv\u0113\u0161anas sist\u0113ma veicina t\u0101 pagarin\u0101to kalpo\u0161anas laiku, samazinot apkopes pras\u012bbas un kop\u0113j\u0101s izmaksas.<\/p>\n<h3>5. Efekt\u012bvs ener\u0123ijas pat\u0113ri\u0146\u0161<\/h3>\n<p>Efekt\u012bvs ener\u0123ijas pat\u0113ri\u0146\u0161 ir regul\u0113jamu skavu tipa cilindru galven\u0101 priek\u0161roc\u012bba. \u0160ie cilindri ir izstr\u0101d\u0101ti, lai samazin\u0101tu ener\u0123ijas zudumus un optimiz\u0113tu ener\u0123ijas pat\u0113ri\u0146u, t\u0101d\u0113j\u0101di uzlabojot kop\u0113jo efektivit\u0101ti. Konkur\u0113tsp\u0113j\u012bgas cenas virzu\u013chidraulisk\u0101 cilindra ar dubultu darb\u012bbu uzlabot\u0101 hidraulisk\u0101 konstrukcija un prec\u012bzie vad\u012bbas meh\u0101nismi veicina t\u0101 ener\u0123ijas taup\u012b\u0161anas iesp\u0113jas, padarot to par rentablu izv\u0113li ilgsto\u0161ai lieto\u0161anai.<\/p>\n<h3>6. Vienk\u0101r\u0161a uzst\u0101d\u012b\u0161ana un apkope<\/h3>\n<p>Regul\u0113jami skavu tipa cilindri ir paredz\u0113ti vienk\u0101r\u0161ai uzst\u0101d\u012b\u0161anai un apkopei. To kompaktais dizains un standartiz\u0113t\u0101s mont\u0101\u017eas iesp\u0113jas vienk\u0101r\u0161o uzst\u0101d\u012b\u0161anas procesu un samazina d\u012bkst\u0101ves laiku. Turkl\u0101t cilindra modul\u0101r\u0101 konstrukcija nodro\u0161ina \u0113rtu piek\u013cuvi iek\u0161\u0113j\u0101m sast\u0101vda\u013c\u0101m, t\u0101d\u0113j\u0101di veicinot \u0101tru un \u0113rtu apkopi.<\/p>\n<p>Nosl\u0113gum\u0101 j\u0101secina, ka regul\u0113jami skavu tipa cilindri, piem\u0113ram, konkur\u0113tsp\u0113j\u012bgas cenas virzu\u013chidrauliskais divk\u0101r\u0161as darb\u012bbas cilindrs, pied\u0101v\u0101 daudzas priek\u0161roc\u012bbas pla\u0161\u0101 pielietojumu kl\u0101st\u0101. To uzlabot\u0101 elast\u012bba, lielisk\u0101 nestsp\u0113ja, prec\u012bz\u0101s pozicion\u0113\u0161anas iesp\u0113jas, iztur\u012bba, efekt\u012bvs ener\u0123ijas pat\u0113ri\u0146\u0161 un vienk\u0101r\u0161a uzst\u0101d\u012b\u0161ana un apkope padara tos par v\u0113lamu izv\u0113li nozar\u0113m, kas mekl\u0113 uzticamus un augstas veiktsp\u0113jas hidrauliskos risin\u0101jumus.<\/p>\n<h3>Par FMP hidraulisko cilindru<\/h3>\n<p>FMP ir vado\u0161ais uz\u0146\u0113mums It\u0101lij\u0101, kas specializ\u0113jas celtniec\u012bbas tehnikas deta\u013cu un pilnu iek\u0101rtu p\u0101rdo\u0161an\u0101 un apkalpo\u0161an\u0101. M\u016bsu hidrauliskais cilindrs ir viens no m\u016bsu vislab\u0101k p\u0101rdotajiem produktiem, un m\u0113s lepojamies ar t\u0101 izcilo kvalit\u0101ti un funkcionalit\u0101ti. \u0160eit ir pieci iemesli, k\u0101p\u0113c jums vajadz\u0113tu izv\u0113l\u0113ties FMP hidraulisko cilindru:<\/p>\n<ol>\n<li><strong>Augst\u0101k\u0101s kvalit\u0101tes:<\/strong> FMP hidrauliskais cilindrs ir izgatavots no augstas kvalit\u0101tes materi\u0101liem, kas garant\u0113 iztur\u012bbu un uzticam\u012bbu. M\u0113s ieg\u016bstam materi\u0101lus no uzticamiem pieg\u0101d\u0101t\u0101jiem, kas atbilst m\u016bsu stingrajiem kvalit\u0101tes standartiem, nodro\u0161inot m\u016bsu produktu visaugst\u0101ko kvalit\u0101ti.<\/li>\n<li><strong>Da\u017e\u0101das specifik\u0101cijas:<\/strong> M\u016bsu hidrauliskie cilindri ir pieejami da\u017e\u0101dos izm\u0113ros un specifik\u0101cij\u0101s, lai atbilstu j\u016bsu \u012bpa\u0161aj\u0101m vajadz\u012bb\u0101m. M\u0113s pied\u0101v\u0101jam pla\u0161u produktu kl\u0101stu, tostarp regul\u0113jamus skavu tipa cilindrus, \u0161\u0137\u0113rsstie\u0146us un metin\u0101tus hidrauliskos cilindrus.<\/li>\n<li><strong>Profesion\u0101la konsult\u0101cija:<\/strong> M\u016bsu pieredz\u0113ju\u0161\u0101 p\u0101rdo\u0161anas komanda p\u0101rzina celtniec\u012bbas tehnikas nozari un var sniegt jums profesion\u0101las konsult\u0101cijas par produktiem. M\u0113s varam pal\u012bdz\u0113t jums noteikt, kur\u0161 hidrauliskais cilindrs ir piem\u0113rots j\u016bsu projektam, nodro\u0161inot, ka j\u016bs pie\u0146emat p\u0101rdom\u0101tu l\u0113mumu.<\/li>\n<li><strong>Efekt\u012bva lo\u0123istika:<\/strong> M\u0113s saprotam, ka laiks ir \u013coti svar\u012bgs, t\u0101p\u0113c mums ir efekt\u012bva lo\u0123istikas izplat\u012b\u0161anas sist\u0113ma. M\u0113s nodro\u0161in\u0101m, ka j\u016bsu hidrauliskais cilindrs tiek pieg\u0101d\u0101ts jums savlaic\u012bgi un prec\u012bzi.<\/li>\n<li><strong>Lielisks klientu apkalpo\u0161anas serviss:<\/strong> FMP m\u0113s augstu v\u0113rt\u0113jam savus klientus un cen\u0161amies nodro\u0161in\u0101t izcilu klientu apkalpo\u0161anu. M\u0113s esam ap\u0146\u0113mu\u0161ies izpild\u012bt un p\u0101rsniegt j\u016bsu cer\u012bbas, un vienm\u0113r esam gatavi pal\u012bdz\u0113t ar visiem j\u016bsu jaut\u0101jumiem vai ba\u017e\u0101m.<\/li>\n<\/ol>\n<p>\u0160eit, FMP, m\u0113s lepojamies ar to, ka saviem klientiem pied\u0101v\u0101jam augstas kvalit\u0101tes un uzticamus hidraulisko cilindru risin\u0101jumus. M\u016bsu produktus un pakalpojumus nodro\u0161ina daudzu gadu pieredze nozar\u0113 un profesion\u0101la komanda. Izv\u0113lieties FMP hidraulisko cilindru savam n\u0101kamajam projektam un izbaudiet at\u0161\u0137ir\u012bbu.<\/p>\n<p><img decoding=\"async\" src=\"https:\/\/fmp-components.com\/wp-content\/uploads\/2024\/12\/Adjustable-Clevis-Type-Cylinders-6.webp\" alt=\"Regul\u0113jams skavu tipa cilindrs\" width=\"823\" title=\"\"><\/p>\n<h2>K\u0101p\u0113c izv\u0113l\u0113ties m\u016bsu virzu\u013chidraulisko cilindru?<\/h2>\n<p>M\u016bsu divk\u0101r\u0161\u0101s darb\u012bbas virzu\u013chidrauliskais cilindrs pied\u0101v\u0101 konkur\u0113tsp\u0113j\u012bgu cenu, neapdraudot produkta kvalit\u0101ti un uzticam\u012bbu. M\u0113s esam ap\u0146\u0113mu\u0161ies apmierin\u0101t klientu vajadz\u012bbas, nodro\u0161inot vi\u0146iem iztur\u012bgus, efekt\u012bvus un uzticamus produktus.<\/p>\n<p>M\u0113s aicin\u0101m j\u016bs izp\u0113t\u012bt m\u016bsu produktu un pa\u0161iem p\u0101rliecin\u0101ties, k\u0101 tas var ietekm\u0113t j\u016bsu darb\u012bbu. Ar m\u016bsu konkur\u0113tsp\u0113j\u012bgaj\u0101m cen\u0101m un augstas kvalit\u0101tes produktiem esam p\u0101rliecin\u0101ti, ka j\u016bs atrad\u012bsiet sev nepiecie\u0161amo v\u0113rt\u012bbu un veiktsp\u0113ju.<\/p>\n<h2>Bie\u017ei uzdotie jaut\u0101jumi<\/h2>\n<h3>J: Cik ilgs ir pieg\u0101des laiks?<\/h3>\n<p>A: Tipiskais pieg\u0101des laiks ir 25\u201335 dienas.<\/p>\n<h3>J: Vai j\u016bs sniedzat paraugus? Vai tas ir bez maksas vai papildus?<\/h3>\n<p>A: J\u0101, m\u0113s pied\u0101v\u0101jam paraugus, bet tie nav bez maksas.<\/p>\n<h3>J: Vai j\u016bs varat ra\u017eot atbilsto\u0161i paraugiem?<\/h3>\n<p>A: J\u0101, m\u0113s varam ra\u017eot, pamatojoties uz j\u016bsu paraugiem vai tehniskajiem ras\u0113jumiem. Mums ir ar\u012b iesp\u0113ja izgatavot veidnes un armat\u016bru.<\/p>\n<p><img decoding=\"async\" title=\"Sniega arkla hidrauliskais cilindrs\" src=\"https:\/\/hzpt.com\/wp-content\/uploads\/2023\/11\/Snow-Plow-Hydraulic-Cylinder-3.webp\" alt=\"Sniega arkla hidrauliskais cilindrs\" \/><\/p>\n<p>Autors: CX<\/p>","protected":false},"excerpt":{"rendered":"<p>Introducing Competitive Price Piston Hydraulic Cylinder Double Acting: The Competitive Price Piston Hydraulic Cylinder Double Acting is a high-quality product designed for various industrial applications. This hydraulic cylinder is manufactured using advanced technology and premium materials, ensuring durability and reliability. Featuring a piston design, this hydraulic cylinder offers smooth and precise movement, allowing for efficient [&hellip;]<\/p>","protected":false},"featured_media":1491,"comment_status":"closed","ping_status":"closed","template":"","meta":{"_et_pb_use_builder":"","_et_pb_old_content":"","_et_gb_content_width":""},"product_brand":[],"product_cat":[42],"product_tag":[34,44],"class_list":{"0":"post-1490","1":"product","2":"type-product","3":"status-publish","4":"has-post-thumbnail","6":"product_cat-snow-plow-hydraulic-cylinder","7":"product_tag-hydraulic-cylinder","8":"product_tag-snow-plow-hydraulic-cylinder","10":"first","11":"instock","12":"product-type-simple"},"_links":{"self":[{"href":"https:\/\/fmp-components.com\/lv\/wp-json\/wp\/v2\/product\/1490","targetHints":{"allow":["GET"]}}],"collection":[{"href":"https:\/\/fmp-components.com\/lv\/wp-json\/wp\/v2\/product"}],"about":[{"href":"https:\/\/fmp-components.com\/lv\/wp-json\/wp\/v2\/types\/product"}],"replies":[{"embeddable":true,"href":"https:\/\/fmp-components.com\/lv\/wp-json\/wp\/v2\/comments?post=1490"}],"wp:featuredmedia":[{"embeddable":true,"href":"https:\/\/fmp-components.com\/lv\/wp-json\/wp\/v2\/media\/1491"}],"wp:attachment":[{"href":"https:\/\/fmp-components.com\/lv\/wp-json\/wp\/v2\/media?parent=1490"}],"wp:term":[{"taxonomy":"product_brand","embeddable":true,"href":"https:\/\/fmp-components.com\/lv\/wp-json\/wp\/v2\/product_brand?post=1490"},{"taxonomy":"product_cat","embeddable":true,"href":"https:\/\/fmp-components.com\/lv\/wp-json\/wp\/v2\/product_cat?post=1490"},{"taxonomy":"product_tag","embeddable":true,"href":"https:\/\/fmp-components.com\/lv\/wp-json\/wp\/v2\/product_tag?post=1490"}],"curies":[{"name":"wp","href":"https:\/\/api.w.org\/{rel}","templated":true}]}}