{"id":1488,"date":"2024-12-23T05:50:37","date_gmt":"2024-12-23T05:50:37","guid":{"rendered":"https:\/\/fmp-components.com\/product\/customized-double-effect-stainless-steel-hydraulic-ram-cylinder\/"},"modified":"2025-05-10T12:28:50","modified_gmt":"2025-05-10T12:28:50","slug":"customized-double-effect-stainless-steel-hydraulic-ram-cylinder","status":"publish","type":"product","link":"https:\/\/fmp-components.com\/lv\/product\/customized-double-effect-stainless-steel-hydraulic-ram-cylinder\/","title":{"rendered":"Piel\u0101gots dubult\u0101 efekta ner\u016bs\u0113jo\u0161\u0101 t\u0113rauda hidrauliskais cilindrs"},"content":{"rendered":"<h2>Piel\u0101gots dubult\u0101 efekta ner\u016bs\u0113jo\u0161\u0101 t\u0113rauda hidrauliskais cilindrs<\/h2>\n<p>Iepaz\u012bstin\u0101m ar piel\u0101gotu dubult\u0101 efekta ner\u016bs\u0113jo\u0161\u0101 t\u0113rauda hidraulisko cilindru:<\/p>\n<p>Piel\u0101gots divk\u0101r\u0161\u0101 efekta ner\u016bs\u0113jo\u0161\u0101 t\u0113rauda hidrauliskais cilindrs ir augstas kvalit\u0101tes produkts, kas paredz\u0113ts optim\u0101lai veiktsp\u0113jai da\u017e\u0101dos r\u016bpnieciskos pielietojumos. \u0160is hidrauliskais cilindrs ir izgatavots no iztur\u012bga ner\u016bs\u0113jo\u0161\u0101 t\u0113rauda, \u200b\u200bnodro\u0161inot t\u0101 ilgm\u016b\u017e\u012bbu un iztur\u012bbu pret koroziju.<\/p>\n<p>Ar savu divk\u0101r\u0161\u0101s darb\u012bbas konstrukciju \u0161is cilindrs nodro\u0161ina efekt\u012bvu un uzticamu darb\u012bbu. Divk\u0101r\u0161\u0101s darb\u012bbas funkcija \u013cauj gan izstiept, gan ievilkt virzuli, t\u0101d\u0113j\u0101di palielinot produktivit\u0101ti un samazinot d\u012bkst\u0101ves laiku. Tas padara to par ide\u0101lu izv\u0113li sare\u017e\u0123\u012btiem uzdevumiem, kuriem nepiecie\u0161ama prec\u012bza vad\u012bba un vienm\u0113r\u012bga darb\u012bba.<\/p>\n<p>Piel\u0101gotais divk\u0101r\u0161\u0101 efekta ner\u016bs\u0113jo\u0161\u0101 t\u0113rauda hidrauliskais cilindrs ir izstr\u0101d\u0101ts, lai nodro\u0161in\u0101tu izcilu veiktsp\u0113ju augsta spiediena apst\u0101k\u013cos. T\u0101 iztur\u012bg\u0101 konstrukcija un uzlabot\u0101 bl\u012bv\u0113\u0161anas tehnolo\u0123ija nodro\u0161ina minim\u0101lu nopl\u016bdi un uzlabotu dro\u0161\u012bbu darb\u012bbas laik\u0101.<\/p>\n<p>\u0160is hidraulisk\u0101 cilindra ass ir \u013coti piel\u0101gojams \u012bpa\u0161\u0101m pras\u012bb\u0101m. Tas ir pieejams da\u017e\u0101dos izm\u0113ros un g\u0101jiena garumos, kas \u013cauj to viegli integr\u0113t da\u017e\u0101d\u0101s hidrauliskaj\u0101s sist\u0113m\u0101s. Turkl\u0101t to var piel\u0101got noteiktiem spiediena un temperat\u016bras diapazoniem, padarot to piem\u0113rotu pla\u0161am pielietojumu kl\u0101stam da\u017e\u0101d\u0101s nozar\u0113s.<\/p>\n<p>Rezum\u0113jot, piel\u0101gotais dubult\u0101s iedarb\u012bbas ner\u016bs\u0113jo\u0161\u0101 t\u0113rauda hidrauliskais cilindrs pied\u0101v\u0101 iztur\u012bbu, efektivit\u0101ti un daudzpus\u012bbu. T\u0101 izcil\u0101 veiktsp\u0113ja un piel\u0101gojam\u0101s funkcijas padara to par ide\u0101lu izv\u0113li r\u016bpnieciskiem lietojumiem, kur uzticam\u012bba un precizit\u0101te ir \u0101rk\u0101rt\u012bgi svar\u012bga.<\/p>\n<h2>Piel\u0101gots divk\u0101r\u0161a efekta ner\u016bs\u0113jo\u0161\u0101 t\u0113rauda hidrauliskais cilindrs lieljaudas ma\u0161\u012bn\u0101m<\/h2>\n<p>Iepaz\u012bstin\u0101m ar jauno un moderno, piel\u0101goto divk\u0101r\u0161\u0101 efekta ner\u016bs\u0113jo\u0161\u0101 t\u0113rauda hidraulisko hidraulisko cilindru \u2014 lab\u0101ko risin\u0101jumu j\u016bsu lieljaudas tehnikas pras\u012bb\u0101m. \u0160is modern\u0101kais hidrauliskais cilindrs ir izgatavots no augst\u0101k\u0101s kvalit\u0101tes t\u0113rauda, \u200b\u200bnodro\u0161inot maksim\u0101lu iztur\u012bbu un efektivit\u0101ti. T\u0101 divk\u0101r\u0161\u0101 efekta funkcionalit\u0101te nodro\u0161ina vienm\u0113r\u012bgu darb\u012bbu tehnikas remonta darbn\u012bc\u0101s, saimniec\u012bb\u0101s, ener\u0123\u0113tikas un kalnr\u016bpniec\u012bbas nozar\u0113s, tehnikas ra\u017eo\u0161an\u0101 un r\u016bpn\u012bc\u0101s.<\/p>\n<h2>Produkta svar\u012bg\u0101kie elementi<\/h2>\n<ul>\n<li>St\u0101voklis: Piln\u012bgi jauns<\/li>\n<li>Garantija: 1 gads<\/li>\n<li>Svars: 11 kg<\/li>\n<li>Maksim\u0101l\u0101 vilce: 3000<\/li>\n<li>Tips: Sniega arkla hidrauliskie cilindri<\/li>\n<li>Maksim\u0101l\u0101 vilkme: 20 tonnas<\/li>\n<li>Sertifik\u0101cija: ISO9001:2000<\/li>\n<li>Kr\u0101sa: melna<\/li>\n<\/ul>\n<h2>Nep\u0101rsp\u0113jama kvalit\u0101te un efektivit\u0101te<\/h2>\n<p>M\u016bsu piel\u0101gotajam divk\u0101r\u0161\u0101 efekta ner\u016bs\u0113jo\u0161\u0101 t\u0113rauda hidrauliskajam cilindram ir iespaid\u012bga 1 gada garantija, kas nodro\u0161ina vislab\u0101ko cenas un v\u0113rt\u012bbas attiec\u012bbu. T\u0101 galven\u0101s sast\u0101vda\u013cas ir gultnis un hidrauliskais cilindrs, padarot to par standarta virzu\u013ccilindra strukt\u016bru. \u0160is produkts pied\u0101v\u0101 ar\u012b maksim\u0101lo vilces sp\u0113ku 3000, padarot to par uzticamu izv\u0113li lieljaudas oper\u0101cij\u0101m.<\/p>\n<h2>Regul\u0113jamu skavu tipa cilindru priek\u0161roc\u012bbas<\/h2>\n<p>Regul\u0113jami skavu tipa cilindri, kas paz\u012bstami ar\u012b k\u0101 hidrauliskie cilindri, ir b\u016btiska sast\u0101vda\u013ca da\u017e\u0101d\u0101s nozar\u0113s, kas izmanto smag\u0101s ma\u0161\u012bnas un apr\u012bkojumu. \u0160iem cilindriem ir vair\u0101kas priek\u0161roc\u012bbas sal\u012bdzin\u0101jum\u0101 ar cita veida cilindriem, padarot tos par popul\u0101ru izv\u0113li daudziem lietojumiem. \u0160aj\u0101 emu\u0101ra ierakst\u0101 m\u0113s detaliz\u0113ti izp\u0113t\u012bsim regul\u0113jamu skavu tipa cilindru priek\u0161roc\u012bbas.<\/p>\n<h3>1. Uzlabota elast\u012bba un piel\u0101go\u0161anas iesp\u0113jas<\/h3>\n<p>Viena no regul\u0113jamu skavu tipa cilindru galvenaj\u0101m priek\u0161roc\u012bb\u0101m ir to uzlabot\u0101 elast\u012bba un piel\u0101go\u0161anas iesp\u0113jas. \u0160ie cilindri ir izstr\u0101d\u0101ti t\u0101, lai tos var\u0113tu regul\u0113t, nodro\u0161inot prec\u012bzu pozicion\u0113\u0161anu un izl\u012bdzin\u0101\u0161anu da\u017e\u0101dos pielietojumos. \u0160\u012b regul\u0113\u0161anas funkcija \u013cauj operatoriem optimiz\u0113t izmantojamo iek\u0101rtu veiktsp\u0113ju un efektivit\u0101ti, k\u0101 rezult\u0101t\u0101 uzlabojas produktivit\u0101te un samazin\u0101s d\u012bkst\u0101ves laiks.<\/p>\n<p>Piel\u0101go\u0161anas iesp\u0113jas ir v\u0113l viena b\u016btiska regul\u0113jamu skavu tipa cilindru priek\u0161roc\u012bba. \u0160os cilindrus var piel\u0101got \u012bpa\u0161\u0101m pras\u012bb\u0101m, piem\u0113ram, izm\u0113ram, g\u0101jiena garumam un mont\u0101\u017eas iesp\u0113j\u0101m. Cilindra piel\u0101go\u0161anas iesp\u0113ja nodro\u0161ina sader\u012bbu ar da\u017e\u0101d\u0101m iek\u0101rt\u0101m un sist\u0113m\u0101m, padarot to par daudzpus\u012bgu izv\u0113li da\u017e\u0101d\u0101m nozar\u0113m.<\/p>\n<h3>2. Divk\u0101r\u0161a efekta dizains efekt\u012bvai darb\u012bbai<\/h3>\n<p>Regul\u0113jami skavu tipa cilindri parasti ir konstru\u0113ti ar dubultas iedarb\u012bbas meh\u0101nismu, kas nodro\u0161ina efekt\u012bvu darb\u012bbu un uzlabotu veiktsp\u0113ju. \u0160\u012b konstrukcija \u013cauj gan cilindru izstiept, gan ievilkt, nodro\u0161inot l\u012bdzsvarotu un kontrol\u0113tu kust\u012bbu. Dubult\u0101s iedarb\u012bbas konstrukcija nov\u0113r\u0161 nepiecie\u0161am\u012bbu p\u0113c \u0101r\u0113jiem sp\u0113kiem vai manu\u0101las regul\u0113\u0161anas, padarot cilindru uzticam\u0101ku un viegl\u0101k lietojamu.<\/p>\n<p>Turkl\u0101t \u0161o cilindru divk\u0101r\u0161\u0101s iedarb\u012bbas konstrukcija nodro\u0161ina liel\u0101ku sp\u0113ka izvadi sal\u012bdzin\u0101jum\u0101 ar vienk\u0101r\u0161\u0101s iedarb\u012bbas cilindriem. \u0160is palielin\u0101tais sp\u0113ks padara regul\u0113jamus skavu tipa cilindrus piem\u0113rotus lieljaudas lietojumiem, kuriem nepiecie\u0161ama iev\u0113rojamu kravu cel\u0161ana vai stum\u0161ana. \u0160o cilindru efekt\u012bv\u0101 darb\u012bba uzlabo kop\u0113jo produktivit\u0101ti un nodro\u0161ina sare\u017e\u0123\u012btu uzdevumu veiksm\u012bgu paveik\u0161anu.<\/p>\n<h3>3. Augstas kvalit\u0101tes ner\u016bs\u0113jo\u0161\u0101 t\u0113rauda konstrukcija<\/h3>\n<p>Regul\u0113jami skavu tipa cilindri ir izgatavoti no augstas kvalit\u0101tes ner\u016bs\u0113jo\u0161\u0101 t\u0113rauda materi\u0101liem, kas pied\u0101v\u0101 daudzas priek\u0161roc\u012bbas iztur\u012bbas un korozijas iztur\u012bbas zi\u0146\u0101. Ner\u016bs\u0113jo\u0161ais t\u0113rauds ir paz\u012bstams ar savu izcilo iztur\u012bbu un nodilumiztur\u012bbu, padarot to ide\u0101li piem\u0113rotu sare\u017e\u0123\u012bt\u0101m darba vid\u0113m.<\/p>\n<p>Izmantojot ner\u016bs\u0113jo\u0161o t\u0113raudu regul\u0113jamu skavu tipa cilindru konstrukcij\u0101, ra\u017eot\u0101ji nodro\u0161ina, ka \u0161ie cilindri var iztur\u0113t skarbus apst\u0101k\u013cus, piem\u0113ram, ekstrem\u0101las temperat\u016bras, \u0137\u012bmisku vielu iedarb\u012bbu un sp\u0113c\u012bgas vibr\u0101cijas. \u0160\u012b iztur\u012bba pagarina cilindru kalpo\u0161anas laiku un samazina apkopes pras\u012bbas, t\u0101d\u0113j\u0101di ietaupot operatoriem izmaksas.<\/p>\n<h3>4. Uzlabota dro\u0161\u012bba un uzticam\u012bba<\/h3>\n<p>Regul\u0113jami skavu tipa cilindri priorit\u0101ri izvirza dro\u0161\u012bbu un uzticam\u012bbu, padarot tos par priek\u0161roku kritiskos pielietojumos. \u0160ie cilindri ir konstru\u0113ti ar uzlabot\u0101m dro\u0161\u012bbas funkcij\u0101m, piem\u0113ram, p\u0101rslodzes aizsardz\u012bbu un av\u0101rijas aptur\u0113\u0161anas meh\u0101nismiem, lai nov\u0113rstu negad\u012bjumus un iek\u0101rtu boj\u0101jumus.<\/p>\n<p>Turkl\u0101t prec\u012bz\u0101 vad\u012bba un pozicion\u0113\u0161ana, ko pied\u0101v\u0101 regul\u0113jamie skavu tipa cilindri, veicina tehnikas visp\u0101r\u0113jo dro\u0161\u012bbu. Operatori var prec\u012bzi piel\u0101got cilindra g\u0101jiena garumu un \u0101trumu, nodro\u0161inot vienm\u0113r\u012bgas un kontrol\u0113tas kust\u012bbas. \u0160is kontroles l\u012bmenis samazina p\u0113k\u0161\u0146u raust\u012bjumu vai negaid\u012btu kust\u012bbu risku, kas var\u0113tu apdraud\u0113t operatoru un apk\u0101rt\u0113j\u0101 person\u0101la dro\u0161\u012bbu.<\/p>\n<p>Nosl\u0113gum\u0101 j\u0101secina, ka regul\u0113jamo skavu tipa cilindru priek\u0161roc\u012bbas padara tos par lielisku izv\u0113li da\u017e\u0101d\u0101m nozar\u0113m. To pied\u0101v\u0101t\u0101 elast\u012bba, piel\u0101go\u0161anas iesp\u0113jas, efekt\u012bv\u0101 darb\u012bba, augstas kvalit\u0101tes konstrukcija un uzlabot\u0101 dro\u0161\u012bba veicina uzlabotu iek\u0101rtu veiktsp\u0113ju, produktivit\u0101ti un kop\u0113jo darb\u012bbas efektivit\u0101ti. Ar sav\u0101m unik\u0101laj\u0101m \u012bpa\u0161\u012bb\u0101m un iesp\u0113j\u0101m regul\u0113jamie skavu tipa cilindri ir v\u0113rt\u012bga sast\u0101vda\u013ca m\u016bsdienu r\u016bpniec\u012bbas ainav\u0101.<\/p>\n<h3>Par FMP hidraulisko cilindru<\/h3>\n<p>FMP ir vado\u0161ais augstas kvalit\u0101tes hidraulisko cilindru pieg\u0101d\u0101t\u0101js celtniec\u012bbas tehnikai. M\u016bsu produkti ir paz\u012bstami ar savu iztur\u012bbu, uzticam\u012bbu un izcilo veiktsp\u0113ju. \u0160eit ir da\u017ei iemesli, k\u0101p\u0113c jums vajadz\u0113tu izv\u0113l\u0113ties FMP hidraulisko cilindru sav\u0101m celtniec\u012bbas tehnikas vajadz\u012bb\u0101m:<\/p>\n<p>1. Kvalit\u0101te: M\u016bsu hidrauliskie cilindri ir izgatavoti no augstas kvalit\u0101tes materi\u0101liem, kas nodro\u0161ina to ilgsto\u0161u iztur\u012bbu un izcilu veiktsp\u0113ju.<\/p>\n<p>2. Pla\u0161s produktu kl\u0101sts: FMP pied\u0101v\u0101 da\u017e\u0101dus hidrauliskos cilindrus da\u017e\u0101du veidu celtniec\u012bbas ma\u0161\u012bn\u0101m, tostarp regul\u0113jamus skavu tipa cilindrus (skatiet att\u0113lu zem\u0101k), st\u016bres stie\u0146a tipa cilindrus, metin\u0101ta tipa cilindrus un daudzus citus.<\/p>\n<p><img decoding=\"async\" src=\"https:\/\/fmp-components.com\/wp-content\/uploads\/2024\/12\/Adjustable-Clevis-Type-Cylinders-6.webp\" alt=\"Regul\u0113jams skavu tipa cilindrs\" width=\"822\" title=\"\"><\/p>\n<p>3. Konkur\u0113tsp\u0113j\u012bgas cenas: FMP pied\u0101v\u0101 savus produktus par \u013coti konkur\u0113tsp\u0113j\u012bg\u0101m cen\u0101m, padarot tos pieejamus pla\u0161am klientu lokam.<\/p>\n<p>4. Profesion\u0101la komanda: m\u016bsu pieredz\u0113ju\u0161\u0101 p\u0101rdo\u0161anas komanda p\u0101rzina celtniec\u012bbas tehnikas nozari un var sniegt klientiem ekspertu padomus un atbalstu.<\/p>\n<p>5. Efekt\u012bva lo\u0123istika: Mums ir labi izveidota lo\u0123istikas izplat\u012b\u0161anas sist\u0113ma, kas nodro\u0161ina savlaic\u012bgu un prec\u012bzu produktu pieg\u0101di klientiem.<\/p>\n<p>Rezum\u0113jot, FMP hidrauliskais cilindrs ir uzticama un cien\u012bjama izv\u0113le vis\u0101m j\u016bsu celtniec\u012bbas tehnikas vajadz\u012bb\u0101m. Sazinieties ar mums jau \u0161odien, lai uzzin\u0101tu vair\u0101k par m\u016bsu produktiem un pakalpojumiem.<\/p>\n<h2>Bie\u017ei uzdotie jaut\u0101jumi<\/h2>\n<h3>J: Vai j\u016bs esat tirdzniec\u012bbas uz\u0146\u0113mums vai ra\u017eot\u0101js?<\/h3>\n<p>A: M\u0113s esam r\u016bpn\u012bca, kas specializ\u0113jas hidraulisko cilindru un lauksaimniec\u012bbas tehnikas deta\u013cu ra\u017eo\u0161an\u0101.<\/p>\n<h3>J: Cik ilgs ir j\u016bsu pieg\u0101des laiks?<\/h3>\n<p>A: Parasti m\u016bsu pieg\u0101des laiks ir no 25 l\u012bdz 35 dien\u0101m.<\/p>\n<h3>J: Vai j\u016bs sniedzat paraugus?<\/h3>\n<p>A: J\u0101, m\u0113s pied\u0101v\u0101jam paraugus, ta\u010du tie nav bez maksas.<\/p>\n<p>Autors: CX<\/p>","protected":false},"excerpt":{"rendered":"<p>Customized Double Effect Stainless Steel Hydraulic Ram Cylinder Introducing the Customized Double Effect Stainless Steel Hydraulic Ram Cylinder: The Customized Double Effect Stainless Steel Hydraulic Ram Cylinder is a high-quality product designed for optimal performance in various industrial applications. This hydraulic ram cylinder is manufactured using durable stainless steel, ensuring its longevity and resistance to [&hellip;]<\/p>","protected":false},"featured_media":1489,"comment_status":"closed","ping_status":"closed","template":"","meta":{"_et_pb_use_builder":"","_et_pb_old_content":"","_et_gb_content_width":""},"product_brand":[],"product_cat":[42],"product_tag":[34,44],"class_list":{"0":"post-1488","1":"product","2":"type-product","3":"status-publish","4":"has-post-thumbnail","6":"product_cat-snow-plow-hydraulic-cylinder","7":"product_tag-hydraulic-cylinder","8":"product_tag-snow-plow-hydraulic-cylinder","10":"first","11":"instock","12":"product-type-simple"},"_links":{"self":[{"href":"https:\/\/fmp-components.com\/lv\/wp-json\/wp\/v2\/product\/1488","targetHints":{"allow":["GET"]}}],"collection":[{"href":"https:\/\/fmp-components.com\/lv\/wp-json\/wp\/v2\/product"}],"about":[{"href":"https:\/\/fmp-components.com\/lv\/wp-json\/wp\/v2\/types\/product"}],"replies":[{"embeddable":true,"href":"https:\/\/fmp-components.com\/lv\/wp-json\/wp\/v2\/comments?post=1488"}],"wp:featuredmedia":[{"embeddable":true,"href":"https:\/\/fmp-components.com\/lv\/wp-json\/wp\/v2\/media\/1489"}],"wp:attachment":[{"href":"https:\/\/fmp-components.com\/lv\/wp-json\/wp\/v2\/media?parent=1488"}],"wp:term":[{"taxonomy":"product_brand","embeddable":true,"href":"https:\/\/fmp-components.com\/lv\/wp-json\/wp\/v2\/product_brand?post=1488"},{"taxonomy":"product_cat","embeddable":true,"href":"https:\/\/fmp-components.com\/lv\/wp-json\/wp\/v2\/product_cat?post=1488"},{"taxonomy":"product_tag","embeddable":true,"href":"https:\/\/fmp-components.com\/lv\/wp-json\/wp\/v2\/product_tag?post=1488"}],"curies":[{"name":"wp","href":"https:\/\/api.w.org\/{rel}","templated":true}]}}