{"id":1486,"date":"2024-12-23T05:50:37","date_gmt":"2024-12-23T05:50:37","guid":{"rendered":"https:\/\/fmp-components.com\/product\/good-quality-snow-plow-customized-double-acting-hydraulic-cylinder\/"},"modified":"2024-12-23T06:15:03","modified_gmt":"2024-12-23T06:15:03","slug":"good-quality-snow-plow-customized-double-acting-hydraulic-cylinder","status":"publish","type":"product","link":"https:\/\/fmp-components.com\/lv\/product\/good-quality-snow-plow-customized-double-acting-hydraulic-cylinder\/","title":{"rendered":"Labas kvalit\u0101tes sniega arkla piel\u0101gots divk\u0101r\u0161as darb\u012bbas hidrauliskais cilindrs"},"content":{"rendered":"<p>Labas kvalit\u0101tes sniega arkla piel\u0101gots divk\u0101r\u0161as darb\u012bbas hidrauliskais cilindrsLabas kvalit\u0101tes sniega arkla piel\u0101gots divk\u0101r\u0161as darb\u012bbas hidrauliskais cilindrs<\/p>\n<p>Ja mekl\u0113jat uzticamu un efekt\u012bvu hidraulisko cilindru savam sniega arklam, tad m\u016bsu kvalitat\u012bvais sniega arkla piel\u0101gotais divk\u0101r\u0161\u0101s darb\u012bbas hidrauliskais cilindrs ir tie\u0161i tas, kas jums nepiecie\u0161ams. \u0160is augstas kvalit\u0101tes cilindrs ir \u012bpa\u0161i izstr\u0101d\u0101ts un piel\u0101gots j\u016bsu sniega arkla unik\u0101laj\u0101m vajadz\u012bb\u0101m un specifik\u0101cij\u0101m, nodro\u0161inot optim\u0101lu veiktsp\u0113ju un ilgm\u016b\u017e\u012bbu.<\/p>\n<p>Pateicoties divk\u0101r\u0161\u0101s darb\u012bbas konstrukcijai, m\u016bsu hidrauliskais cilindrs nodro\u0161ina vienm\u0113r\u012bgu un past\u0101v\u012bgu darb\u012bbu, \u013caujot viegli izt\u012br\u012bt pat visciet\u0101ko sniegu. M\u016bsu cilindrs ir izgatavots no iztur\u012bgiem un augstas kvalit\u0101tes materi\u0101liem, lai iztur\u0113tu skarbus laikapst\u0101k\u013cus un intens\u012bvu lieto\u0161anu, nodro\u0161inot uzticamu veiktsp\u0113ju sezon\u0101 p\u0113c sezonas.<\/p>\n<p><img decoding=\"async\" title=\"Sniega arkla hidrauliskais cilindrs\" src=\"https:\/\/hzpt.com\/wp-content\/uploads\/2023\/11\/Snow-Plow-Hydraulic-Cylinder-3.webp\" alt=\"Sniega arkla hidrauliskais cilindrs\" \/><\/p>\n<p>Turkl\u0101t m\u016bsu kvalitat\u012bvo sniega arklu piel\u0101goto divk\u0101r\u0161\u0101s darb\u012bbas hidraulisko cilindru ir viegli uzst\u0101d\u012bt un uztur\u0113t, padarot to par lielisku izv\u0113li gan sniega arklu operatoriem, gan apkopes speci\u0101listiem. T\u0101tad, ja jums ir nepiecie\u0161ams augstas kvalit\u0101tes hidrauliskais cilindrs j\u016bsu sniega arklam, uzticieties m\u016bsu komandai, kas nodro\u0161in\u0101s nepiecie\u0161amo veiktsp\u0113ju un uzticam\u012bbu, lai darbu paveiktu pareizi. Iepaz\u012bstin\u0101m ar augst\u0101k\u0101s klases, piel\u0101gotu divk\u0101r\u0161\u0101s darb\u012bbas hidraulisko cilindru, kas \u012bpa\u0161i izstr\u0101d\u0101ts sniega arkliem. \u0160is produkts garant\u0113 izcilu veiktsp\u0113ju, iztur\u012bbu un rezult\u0101tus pat vissmag\u0101kajos laika apst\u0101k\u013cos. Tas nav tikai produkts, tas ir ieguld\u012bjums kvalit\u0101t\u0113 un efektivit\u0101t\u0113.<\/p>\n<h2>Produkta p\u0101rskats<\/h2>\n<p>M\u016bsu sniega t\u012br\u012bt\u0101ja hidrauliskais cilindrs ir jauns un uzlabots 2023.\u00a0gada modelis, kas pied\u0101v\u0101 t\u0113rauda korpusa iztur\u012bbu un hidraulisk\u0101s funkcijas jaudu. Tas ir standarta virzu\u013ccilindra konstrukcijas modelis ar maksim\u0101lo vilci 3000\u00a0tonnu un maksim\u0101lo vilkmi 20\u00a0tonnu. Urbuma diametrs ir no 2 l\u012bdz 6 coll\u0101m, stie\u0146a izm\u0113rs ir no 1,125 l\u012bdz 4 coll\u0101m un g\u0101jiena garums ir no 4 l\u012bdz 100 coll\u0101m. Tapas izm\u0113rs ir no 0,5 l\u012bdz 2 coll\u0101m, un tas ir pieejams elegant\u0101 meln\u0101 kr\u0101s\u0101.<\/p>\n<h3>Piel\u0101go\u0161ana un daudzpus\u012bba<\/h3>\n<p>Cilindru var piel\u0101got ar G\/SAE\/NPT\/M piesl\u0113gviet\u0101m, padarot to daudzpus\u012bgu un piel\u0101gojamu da\u017e\u0101diem sniega arklu mode\u013ciem un z\u012bmoliem. Tas nav tikai cilindrs, tas ir risin\u0101jums, kas piel\u0101gots j\u016bsu \u012bpa\u0161aj\u0101m vajadz\u012bb\u0101m.<\/p>\n<h3>Apkope un garantija<\/h3>\n<p>M\u0113s garant\u0113jam savu produktu kvalit\u0101ti. T\u0101p\u0113c m\u0113s pied\u0101v\u0101jam viena gada garantiju ne tikai produktam, bet ar\u012b t\u0101 galvenaj\u0101m sast\u0101vda\u013c\u0101m \u2013 gultnim un hidrauliskajam cilindram. J\u016bsu sirdsmieram m\u0113s nodro\u0161in\u0101m ar\u012b video izejo\u0161\u0101s p\u0101rbaudes un tehnikas test\u0113\u0161anas p\u0101rskatus.<\/p>\n<h2>Regul\u0113jamu skavu tipa cilindru priek\u0161roc\u012bbas<\/h2>\n<p>Regul\u0113jamiem skavu tipa cilindriem ir vair\u0101kas priek\u0161roc\u012bbas sal\u012bdzin\u0101jum\u0101 ar citiem hidraulisko cilindru dizainiem. \u0160ie cilindri tiek pla\u0161i izmantoti da\u017e\u0101d\u0101s nozar\u0113s, pateicoties to daudzpus\u012bbai un veiktsp\u0113jai. \u0160aj\u0101 rakst\u0101 m\u0113s detaliz\u0113ti apspried\u012bsim regul\u0113jamo skavu tipa cilindru galven\u0101s priek\u0161roc\u012bbas.<\/p>\n<p>1. Uzlabota elast\u012bba: regul\u0113jami skavu tipa cilindri nodro\u0161ina uzlabotu elast\u012bbu mont\u0101\u017eas iesp\u0113ju zi\u0146\u0101. Sakabes stiprin\u0101jums \u013cauj viegli un regul\u0113jami savienoties ar da\u017e\u0101da veida iek\u0101rt\u0101m vai ma\u0161\u012bn\u0101m. \u0160\u012b elast\u012bba \u013cauj cilindrus viegli integr\u0113t da\u017e\u0101d\u0101s lietojumprogramm\u0101s, padarot tos \u013coti daudzpus\u012bgus.<\/p>\n<p>2. Izcila iztur\u012bba un stingr\u012bba: \u0160ie cilindri ir izstr\u0101d\u0101ti, lai nodro\u0161in\u0101tu izcilu iztur\u012bbu un stingr\u012bbu. Tas \u013cauj tiem iztur\u0113t lielas slodzes un efekt\u012bvi darboties sare\u017e\u0123\u012btos apst\u0101k\u013cos. Regul\u0113jamais skavu stiprin\u0101jums palielina cilindra kop\u0113jo iztur\u012bbu un stabilit\u0101ti, nodro\u0161inot uzticamu darb\u012bbu pat sare\u017e\u0123\u012btos apst\u0101k\u013cos.<\/p>\n<p>3. Prec\u012bza pozicion\u0113\u0161ana: regul\u0113jami skavu tipa cilindri pied\u0101v\u0101 prec\u012bzas pozicion\u0113\u0161anas iesp\u0113jas. Regul\u0113jamais skavu stiprin\u0101jums \u013cauj prec\u012bzi izl\u012bdzin\u0101t un pozicion\u0113t cilindru, nodro\u0161inot optim\u0101lu veiktsp\u0113ju un efektivit\u0101ti. \u0160\u012b funkcija ir \u012bpa\u0161i noder\u012bga lietojumprogramm\u0101s, kur\u0101s prec\u012bza vad\u012bba un pozicion\u0113\u0161ana ir \u013coti svar\u012bga, piem\u0113ram, materi\u0101lu apstr\u0101d\u0113 vai celtniec\u012bbas iek\u0101rt\u0101s.<\/p>\n<p>4. Piel\u0101go\u0161anas iesp\u0113jas: regul\u0113jamus skavu tipa cilindrus var piel\u0101got \u012bpa\u0161\u0101m pras\u012bb\u0101m. \u0160\u012b piel\u0101go\u0161ana ietver g\u0101jiena garuma, urbuma izm\u0113ra un mont\u0101\u017eas stila opcijas. Piel\u0101gojot cilindru lietojumprogrammas vajadz\u012bb\u0101m, var pan\u0101kt optim\u0101lu veiktsp\u0113ju, k\u0101 rezult\u0101t\u0101 uzlabojas produktivit\u0101te un efektivit\u0101te.<\/p>\n<p>5. Divk\u0101r\u0161as darb\u012bbas funkcionalit\u0101te: \u0160ie cilindri darbojas p\u0113c divk\u0101r\u0161as darb\u012bbas principa, kas noz\u012bm\u0113, ka tie nodro\u0161ina sp\u0113ku abos kust\u012bbas virzienos. Tas nodro\u0161ina efekt\u012bvu apr\u012bkojuma darb\u012bbu un kontroli, jo cilindrs var vienm\u0113r\u012bgi un prec\u012bzi izstiepties un ievilkties. Divk\u0101r\u0161as darb\u012bbas funkcionalit\u0101te padara regul\u0113jamus skavu tipa cilindrus piem\u0113rotus pla\u0161am pielietojumu kl\u0101stam, tostarp sniega arkliem.<\/p>\n<p>6. Kvalitat\u012bvs sniega arkls: Sniega arklos parasti tiek izmantoti regul\u0113jami cilindri ar skavu, jo tie sp\u0113j iztur\u0113t skarbus un sare\u017e\u0123\u012btus apst\u0101k\u013cus. Cilindri nodro\u0161ina nepiecie\u0161amo sp\u0113ku un kontroli efekt\u012bv\u0101m sniega ar\u0161anas darb\u012bb\u0101m. To iztur\u012bba un uzticam\u012bba padara tos par lab\u0101ko izv\u0113li sniega arklu pielietojumos.<\/p>\n<p>Nosl\u0113gum\u0101 j\u0101secina, ka regul\u0113jami skavas tipa cilindri pied\u0101v\u0101 daudzas priek\u0161roc\u012bbas, padarot tos par popul\u0101ru izv\u0113li da\u017e\u0101d\u0101s nozar\u0113s. To elast\u012bba, iztur\u012bba, prec\u012bz\u0101 pozicion\u0113\u0161ana, piel\u0101go\u0161anas iesp\u0113jas, divk\u0101r\u0161\u0101s darb\u012bbas funkcionalit\u0101te un piem\u0113rot\u012bba sniega arklu pielietojumiem padara tos par ide\u0101lu hidraulisko cilindru risin\u0101jumu. Izv\u0113loties cilindru savam n\u0101kamajam projektam, apsveriet priek\u0161roc\u012bbas un ieguvumus, ko sniedz regul\u0113jami skavas tipa cilindri.<\/p>\n<p>Piez\u012bme: Labas kvalit\u0101tes sniega arkla piel\u0101gots divk\u0101r\u0161as darb\u012bbas hidrauliskais cilindrs<\/p>\n<h3>Par FMP<\/h3>\n<p>FMP ir j\u016bsu uzticamais augstas kvalit\u0101tes hidraulisko cilindru avots celtniec\u012bbas tehnikas nozar\u0113. Ar daudzu gadu pieredzi nozar\u0113 un profesion\u0101lu komandu m\u0113s esam ap\u0146\u0113mu\u0161ies nodro\u0161in\u0101t augst\u0101k\u0101s klases celtniec\u012bbas tehnikas deta\u013cas un piln\u012bgus ma\u0161\u012bnu risin\u0101jumus m\u016bsu v\u0113rt\u012bgajiem klientiem.<\/p>\n<p>\u0160eit ir pieci iemesli, k\u0101p\u0113c jums vajadz\u0113tu izv\u0113l\u0113ties FMP hidraulisko cilindru vajadz\u012bb\u0101m:<\/p>\n<ol>\n<li><strong>Pla\u0161s iesp\u0113ju kl\u0101sts:<\/strong> M\u016bsu produktu kl\u0101st\u0101 ir da\u017e\u0101di hidrauliskie cilindri, kas piem\u0113roti da\u017e\u0101du veidu celtniec\u012bbas tehnikai. Neatkar\u012bgi no t\u0101, vai jums nepiecie\u0161ami vienk\u0101r\u0161\u0101s vai divk\u0101r\u0161\u0101s darb\u012bbas cilindri, teleskopiskie vai \u0161arn\u012brsavienojuma stie\u0146u cilindri, mums ir piem\u0113rots risin\u0101jums j\u016bsu pras\u012bb\u0101m.<\/li>\n<li><strong>Augst\u0101k\u0101 kvalit\u0101te:<\/strong> Mums ir izveidoju\u0161\u0101s ilgtermi\u0146a un stabilas attiec\u012bbas ar augstas kvalit\u0101tes pieg\u0101d\u0101t\u0101jiem gan viet\u0113j\u0101, gan starptautisk\u0101 m\u0113rog\u0101. Tas nodro\u0161ina, ka visi m\u016bsu hidrauliskie cilindri atbilst stingriem kvalit\u0101tes standartiem, nodro\u0161inot j\u016bs ar uzticam\u0101m un iztur\u012bg\u0101m deta\u013c\u0101m, kas iztur\u0113s j\u016bsu projektu pras\u012bbas.<\/li>\n<li><strong>P\u0101rdo\u0161anas ekspertu komanda:<\/strong> M\u016bsu pieredz\u0113ju\u0161\u0101 un zino\u0161\u0101 p\u0101rdo\u0161anas komanda labi p\u0101rzina jaun\u0101k\u0101s tendences un klientu vajadz\u012bbas b\u016bvniec\u012bbas tehnikas nozar\u0113. Vi\u0146i ir gatavi sniegt jums profesion\u0101las konsult\u0101cijas par produktiem un p\u0101rdom\u0101tus pirk\u0161anas ieteikumus, pal\u012bdzot jums pie\u0146emt p\u0101rdom\u0101tus l\u0113mumus.<\/li>\n<li><strong>Efekt\u012bva lo\u0123istika:<\/strong> M\u0113s saprotam savlaic\u012bgas pieg\u0101des noz\u012bmi. Ar m\u016bsu efekt\u012bvo lo\u0123istikas izplat\u012b\u0161anas sist\u0113mu m\u0113s nodro\u0161in\u0101m, ka j\u016bs savlaic\u012bgi un prec\u012bzi sa\u0146emsiet nepiecie\u0161amos hidrauliskos cilindrus. J\u016bs varat pa\u013cauties uz mums, lai j\u016bsu projekti tiktu \u012bstenoti laik\u0101.<\/li>\n<li><strong>Izcila klientu apkalpo\u0161ana:<\/strong> Uz\u0146\u0113mum\u0101 FMP m\u0113s augstu v\u0113rt\u0113jam savus klientus un cen\u0161amies nodro\u0161in\u0101t izcilu apkalpo\u0161anu. M\u016bsu \u012bpa\u0161\u0101 komanda ir ap\u0146\u0113musies nekav\u0113joties atbild\u0113t uz j\u016bsu jaut\u0101jumiem un ba\u017e\u0101m, nodro\u0161inot netrauc\u0113tu un apmierino\u0161u pieredzi visas sadarb\u012bbas laik\u0101 ar mums.<\/li>\n<\/ol>\n<p>Apskatiet m\u016bsu regul\u0113jamo skavu tipa cilindru tuv\u0101k zem\u0101k:<\/p>\n<p><img decoding=\"async\" src=\"https:\/\/fmp-components.com\/wp-content\/uploads\/2024\/12\/Adjustable-Clevis-Type-Cylinders-6.webp\" alt=\"Regul\u0113jams skavu tipa cilindrs\" width=\"821\" title=\"\"><\/p>\n<h2>Bie\u017ei uzdotie jaut\u0101jumi<\/h2>\n<h3>J: Vai j\u016bs esat tirdzniec\u012bbas uz\u0146\u0113mums vai ra\u017eot\u0101js?<\/h3>\n<p>A: M\u0113s esam r\u016bpn\u012bca, kas ra\u017eo augstas kvalit\u0101tes hidrauliskos cilindrus un citas ma\u0161\u012bnu deta\u013cas.<\/p>\n<h3>J: Cik ilgs ir j\u016bsu pieg\u0101des laiks?<\/h3>\n<p>A: Parasti tas ir 25\u201335 dienas.<\/p>\n<h3>J: Vai j\u016bs sniedzat paraugus? Vai tas ir bez maksas vai papildus?<\/h3>\n<p>A: J\u0101, m\u0113s var\u0113tu pied\u0101v\u0101t paraugu, bet tas nav bez maksas.<\/p>\n<p><img decoding=\"async\" title=\"Sniega arkla hidrauliskais cilindrs\" src=\"https:\/\/hzpt.com\/wp-content\/uploads\/2023\/11\/Snow-Plow-Hydraulic-Cylinder-1.webp\" alt=\"Sniega arkla hidrauliskais cilindrs\" \/><\/p>\n<p>Autors: CX<\/p>","protected":false},"excerpt":{"rendered":"<p>Good Quality Snow Plow Customized Double Acting Hydraulic CylinderGood Quality Snow Plow Customized Double Acting Hydraulic Cylinder If you&#8217;re looking for a reliable and efficient hydraulic cylinder for your snow plow, look no further than our Good Quality Snow Plow Customized Double Acting Hydraulic Cylinder. This high-quality cylinder is custom designed and tailored to meet [&hellip;]<\/p>","protected":false},"featured_media":1487,"comment_status":"closed","ping_status":"closed","template":"","meta":{"_et_pb_use_builder":"","_et_pb_old_content":"","_et_gb_content_width":""},"product_brand":[],"product_cat":[42],"product_tag":[34,44],"class_list":{"0":"post-1486","1":"product","2":"type-product","3":"status-publish","4":"has-post-thumbnail","6":"product_cat-snow-plow-hydraulic-cylinder","7":"product_tag-hydraulic-cylinder","8":"product_tag-snow-plow-hydraulic-cylinder","10":"first","11":"instock","12":"product-type-simple"},"_links":{"self":[{"href":"https:\/\/fmp-components.com\/lv\/wp-json\/wp\/v2\/product\/1486","targetHints":{"allow":["GET"]}}],"collection":[{"href":"https:\/\/fmp-components.com\/lv\/wp-json\/wp\/v2\/product"}],"about":[{"href":"https:\/\/fmp-components.com\/lv\/wp-json\/wp\/v2\/types\/product"}],"replies":[{"embeddable":true,"href":"https:\/\/fmp-components.com\/lv\/wp-json\/wp\/v2\/comments?post=1486"}],"wp:featuredmedia":[{"embeddable":true,"href":"https:\/\/fmp-components.com\/lv\/wp-json\/wp\/v2\/media\/1487"}],"wp:attachment":[{"href":"https:\/\/fmp-components.com\/lv\/wp-json\/wp\/v2\/media?parent=1486"}],"wp:term":[{"taxonomy":"product_brand","embeddable":true,"href":"https:\/\/fmp-components.com\/lv\/wp-json\/wp\/v2\/product_brand?post=1486"},{"taxonomy":"product_cat","embeddable":true,"href":"https:\/\/fmp-components.com\/lv\/wp-json\/wp\/v2\/product_cat?post=1486"},{"taxonomy":"product_tag","embeddable":true,"href":"https:\/\/fmp-components.com\/lv\/wp-json\/wp\/v2\/product_tag?post=1486"}],"curies":[{"name":"wp","href":"https:\/\/api.w.org\/{rel}","templated":true}]}}