{"id":1484,"date":"2024-12-23T05:50:37","date_gmt":"2024-12-23T05:50:37","guid":{"rendered":"https:\/\/fmp-components.com\/product\/factory-price-2-ton-small-double-acting-hydraulic-cylinder\/"},"modified":"2025-03-18T02:09:32","modified_gmt":"2025-03-18T02:09:32","slug":"factory-price-2-ton-small-double-acting-hydraulic-cylinder","status":"publish","type":"product","link":"https:\/\/fmp-components.com\/lv\/product\/factory-price-2-ton-small-double-acting-hydraulic-cylinder\/","title":{"rendered":"R\u016bpn\u012bcas cena 2 tonnu mazs divk\u0101r\u0161as darb\u012bbas hidrauliskais cilindrs"},"content":{"rendered":"<h2>R\u016bpn\u012bcas cena 2 tonnu mazs divk\u0101r\u0161as darb\u012bbas hidrauliskais cilindrs<\/h2>\n<p>R\u016bpn\u012bcas cenas 2 tonnu mazais divk\u0101r\u0161as darb\u012bbas hidrauliskais cilindrs ir augstas kvalit\u0101tes produkts, kas paredz\u0113ts da\u017e\u0101du nozaru vajadz\u012bb\u0101m. Ar savu kompakto izm\u0113ru un efekt\u012bvo dizainu \u0161is hidrauliskais cilindrs nodro\u0161ina optim\u0101lu veiktsp\u0113ju un uzticam\u012bbu.<\/p>\n<p>\u0160is hidrauliskais cilindrs ar divk\u0101r\u0161as darb\u012bbas meh\u0101nismu \u013cauj gan izstiept, gan ievilkt virzuli, nodro\u0161inot prec\u012bzu vad\u012bbu un vienm\u0113r\u012bgu darb\u012bbu. Neatkar\u012bgi no t\u0101, vai tiek celtas smagas kravas, stumts vai vilkts, \u0161is cilindrs nodro\u0161ina vienm\u0113r\u012bgu un sp\u0113c\u012bgu sp\u0113ku.<\/p>\n<p>\u0160is hidrauliskais cilindrs ir izgatavots no iztur\u012bgiem materi\u0101liem, kas pied\u0101v\u0101 izcilu iztur\u012bbu un ilgm\u016b\u017e\u012bbu. Tas ir paredz\u0113ts, lai iztur\u0113tu intens\u012bvu lieto\u0161anu un skarbus darba apst\u0101k\u013cus, nodro\u0161inot uzticamu veiktsp\u0113ju pat pras\u012bg\u0101s lietojumprogramm\u0101s.<\/p>\n<p>R\u016bpn\u012bcas cenas 2 tonnu mazais divk\u0101r\u0161as darb\u012bbas hidrauliskais cilindrs ir viegli uzst\u0101d\u0101ms un kopjams. Tas ir paredz\u0113ts \u0113rtai darb\u012bbai, samazinot d\u012bkst\u0101ves laiku un palielinot produktivit\u0101ti. T\u0101 kompaktais izm\u0113rs padara to piem\u0113rotu \u0161aur\u0101m telp\u0101m, nodro\u0161inot elast\u012bgas uzst\u0101d\u012b\u0161anas iesp\u0113jas.<\/p>\n<p>Ar savu konkur\u0113tsp\u0113j\u012bgo r\u016bpn\u012bcas cenu \u0161is hidrauliskais cilindrs pied\u0101v\u0101 izcilu cenas un v\u0113rt\u012bbas attiec\u012bbu. Tas nodro\u0161ina izmaksu zi\u0146\u0101 efekt\u012bvu risin\u0101jumu, neapdraudot kvalit\u0101ti vai veiktsp\u0113ju.<\/p>\n<p>Rezum\u0113jot, r\u016bpn\u012bcas cenas 2 tonnu mazais divk\u0101r\u0161as darb\u012bbas hidrauliskais cilindrs ir ide\u0101la izv\u0113le nozar\u0113m, kur\u0101m nepiecie\u0161amas efekt\u012bvas un uzticamas hidraulisk\u0101s sist\u0113mas. T\u0101 kompaktais izm\u0113rs, iztur\u012bba un konkur\u0113tsp\u0113j\u012bg\u0101 cena padara to par v\u0113rt\u012bgu resursu da\u017e\u0101dos pielietojumos.<img decoding=\"async\" title=\"Sniega arkla hidrauliskais cilindrs\" src=\"https:\/\/hzpt.com\/wp-content\/uploads\/2023\/11\/Snow-Plow-Hydraulic-Cylinder-1.webp\" alt=\"Sniega arkla hidrauliskais cilindrs\" \/><\/p>\n<h2>Produkta funkcijas un apkope<\/h2>\n<p>M\u016bsu hidrauliskais cilindrs, kas ir izgatavots no t\u0113rauda korpusa, garant\u0113 iztur\u012bbu un stipr\u012bbu. Tas darbojas ar hidraulisko baro\u0161anas sist\u0113mu un ir konstru\u0113ts ar standarta virzu\u013ccilindra konstrukciju. Cilindrs ir sertific\u0113ts atbilsto\u0161i ISO9001:2000, kas nodro\u0161ina t\u0101 atbilst\u012bbu starptautiskajiem kvalit\u0101tes standartiem. Tas ir ar\u012b konstru\u0113ts t\u0101, lai iztur\u0113tu maksim\u0101lo vilci 3000 tonnu un maksim\u0101lo vilkmi 20 tonnu.<\/p>\n<p>M\u016bsu hidraulisko cilindru ir viegli uztur\u0113t, un tam ir 1 gada garantija, kas nodro\u0161ina vislab\u0101ko cenas un v\u0113rt\u012bbas attiec\u012bbu. Garantija attiecas ar\u012b uz galvenaj\u0101m sast\u0101vda\u013c\u0101m, tostarp gultni un hidraulisko cilindru.<\/p>\n<h3>Bie\u017ei sastopamie pielietojumi<\/h3>\n<p>\u0160is hidrauliskais cilindrs ir daudzpus\u012bgs un to var izmantot da\u017e\u0101dos pielietojumos. To visbie\u017e\u0101k izmanto sniega arklu hidrauliskaj\u0101s sist\u0113m\u0101s, padarot to par kritiski svar\u012bgu sast\u0101vda\u013cu ziemas m\u0113ne\u0161os. T\u0101 piesl\u0113gvietas ir sader\u012bgas ar G\/SAE\/NPT\/M, padarot to \u013coti piel\u0101gojamu da\u017e\u0101d\u0101m sist\u0113m\u0101m.<\/p>\n<h2>Regul\u0113jamu skavu tipa cilindru priek\u0161roc\u012bbas<\/h2>\n<p>Regul\u0113jami skavu tipa cilindri, kas paz\u012bstami ar\u012b k\u0101 hidrauliskie cilindri, ir b\u016btiska sast\u0101vda\u013ca da\u017e\u0101d\u0101s nozar\u0113s, pateicoties to daudzpus\u012bgajai funkcionalit\u0101tei un daudzaj\u0101m priek\u0161roc\u012bb\u0101m. \u0160aj\u0101 rakst\u0101 m\u0113s izp\u0113t\u012bsim \u0161o cilindru galven\u0101s priek\u0161roc\u012bbas un to, k\u0101 tie var uzlabot efektivit\u0101ti un produktivit\u0101ti da\u017e\u0101dos pielietojumos.<\/p>\n<h3>1. Uzlabota elast\u012bba<\/h3>\n<p>Viena no regul\u0113jamu skavu tipa cilindru galvenaj\u0101m priek\u0161roc\u012bb\u0101m ir to sp\u0113ja pied\u0101v\u0101t uzlabotu elast\u012bbu da\u017e\u0101d\u0101s hidrauliskaj\u0101s sist\u0113m\u0101s. \u0160ie cilindri ir konstru\u0113ti t\u0101, lai b\u016btu regul\u0113jami, \u013caujot lietot\u0101jiem main\u012bt to garumu, g\u0101jienu un mont\u0101\u017eas poz\u012bciju atbilsto\u0161i \u012bpa\u0161\u0101m pras\u012bb\u0101m. \u0160\u012b daudzpus\u012bba \u013cauj tiem piel\u0101goties da\u017e\u0101diem ekspluat\u0101cijas apst\u0101k\u013ciem un optimiz\u0113t veiktsp\u0113ju da\u017e\u0101dos pielietojumos, uzlabojot kop\u0113jo sist\u0113mas elast\u012bbu.<\/p>\n<h3>2. Uzlabota kravas apstr\u0101de<\/h3>\n<p>Regul\u0113jami skavu tipa cilindri ir konstru\u0113ti, lai iztur\u0113tu lielas slodzes un nodro\u0161in\u0101tu efekt\u012bvas kravu apstr\u0101des iesp\u0113jas. Pateicoties divk\u0101r\u0161as darb\u012bbas funkcionalit\u0101tei, \u0161ie cilindri var rad\u012bt sp\u0113ku gan izstiep\u0161anas, gan ievilk\u0161anas g\u0101jien\u0101, padarot tos \u013coti efekt\u012bvus smagu priek\u0161metu p\u0101rvieto\u0161an\u0101 un manipul\u0113\u0161an\u0101. \u0160\u012b izcil\u0101 kravu apstr\u0101des sp\u0113ja nodro\u0161ina vienm\u0113r\u012bgu un prec\u012bzu darb\u012bbu, samazinot d\u012bkst\u0101ves laiku un palielinot produktivit\u0101ti.<\/p>\n<h3>3. Prec\u012bza vad\u012bba<\/h3>\n<p>Precizit\u0101te un prec\u012bza vad\u012bba ir iz\u0161\u0137iro\u0161i faktori daudzos r\u016bpnieciskos procesos. Regul\u0113jami skavu tipa cilindri izce\u013cas \u0161aj\u0101 aspekt\u0101, pied\u0101v\u0101jot prec\u012bzu kravu kust\u012bbas un pozicion\u0113\u0161anas kontroli. \u0160os cilindrus var prec\u012bzi noregul\u0113t, lai sasniegtu v\u0113lamo \u0101trumu, sp\u0113ku un poz\u012bciju, nodro\u0161inot optim\u0101lu veiktsp\u0113ju pla\u0161\u0101 pielietojumu kl\u0101st\u0101. \u0160\u0101ds vad\u012bbas l\u012bmenis ne tikai uzlabo produktivit\u0101ti, bet ar\u012b palielina dro\u0161\u012bbu un samazina k\u013c\u016bdu vai negad\u012bjumu risku.<\/p>\n<h3>4. Iztur\u012bba un uzticam\u012bba<\/h3>\n<p>Regul\u0113jami skavu tipa cilindri ir izgatavoti, lai iztur\u0113tu sare\u017e\u0123\u012btus ekspluat\u0101cijas apst\u0101k\u013cus un nodro\u0161in\u0101tu ilgsto\u0161u iztur\u012bbu. Tie ir izgatavoti, izmantojot augstas kvalit\u0101tes materi\u0101lus, un tiem tiek veiktas stingras p\u0101rbaudes, lai nodro\u0161in\u0101tu to uzticam\u012bbu un veiktsp\u0113ju. \u0160ie cilindri ir izstr\u0101d\u0101ti, lai iztur\u0113tu augstu spiedienu, ekstrem\u0101las temperat\u016bras un skarbu vidi, padarot tos piem\u0113rotus lieto\u0161anai sare\u017e\u0123\u012btos pielietojumos da\u017e\u0101d\u0101s nozar\u0113s.<\/p>\n<h3>5. Izmaksu efektivit\u0101te<\/h3>\n<p>V\u0113l viena b\u016btiska regul\u0113jamu skavu tipa cilindru priek\u0161roc\u012bba ir to izmaksu efektivit\u0101te. \u0160ie cilindri pied\u0101v\u0101 uzticamu un efekt\u012bvu risin\u0101jumu da\u017e\u0101diem uzdevumiem, samazinot nepiecie\u0161am\u012bbu p\u0113c manu\u0101la darba un racionaliz\u0113jot darb\u012bbas. Maksim\u0101li palielinot produktivit\u0101ti un samazinot d\u012bkst\u0101ves laiku, tie ilgtermi\u0146\u0101 var veicin\u0101t iev\u0113rojamu izmaksu ietaup\u012bjumu. Turkl\u0101t to iztur\u012bba un zem\u0101s apkopes pras\u012bbas v\u0113l vair\u0101k uzlabo to izmaksu efektivit\u0101ti, padarot tos par lielisku ieguld\u012bjumu uz\u0146\u0113mumiem.<\/p>\n<p>Regul\u0113jami skavas tipa cilindri sniedz daudzas priek\u0161roc\u012bbas, kas var sniegt iev\u0113rojamu labumu da\u017e\u0101d\u0101m nozar\u0113m. Pateicoties uzlabotajai elast\u012bbai, uzlabotaj\u0101m slodzes apstr\u0101des iesp\u0113j\u0101m, prec\u012bzai vad\u012bbai, iztur\u012bbai un izmaksu efektivit\u0101tei, \u0161ie cilindri ir k\u013cuvu\u0161i par neaizst\u0101jamu hidraulisko sist\u0113mu sast\u0101vda\u013cu. Neatkar\u012bgi no t\u0101, vai t\u0101 ir ra\u017eo\u0161ana, b\u016bvniec\u012bba vai jebkura cita nozare, kas ir atkar\u012bga no hidraulisk\u0101s jaudas, regul\u0113jami skavas tipa cilindri pied\u0101v\u0101 uzticamu un efekt\u012bvu risin\u0101jumu, kas var uzlabot produktivit\u0101ti un optimiz\u0113t darb\u012bbu.<\/p>\n<h3>Par FMP \u2013 hidraulisko cilindru<\/h3>\n<p>FMP ir vado\u0161ais uz\u0146\u0113mums, kas specializ\u0113jas celtniec\u012bbas tehnikas deta\u013cu un pilnu ma\u0161\u012bnu p\u0101rdo\u0161an\u0101 un apkalpo\u0161an\u0101. M\u0113s pied\u0101v\u0101jam augstas kvalit\u0101tes un uzticamas celtniec\u012bbas tehnikas deta\u013cas un pilnus ma\u0161\u012bnu risin\u0101jumus ar daudzu gadu pieredzi nozar\u0113 un profesion\u0101lu komandu, kas atrodas It\u0101lij\u0101. M\u016bsu uz\u0146\u0113mums pied\u0101v\u0101 pla\u0161u produktu kl\u0101stu, tostarp lauksaimniec\u012bbas tehnikas p\u0101rnesumk\u0101rbas, planet\u0101r\u0101s p\u0101rnesumk\u0101rbas, r\u016bpniecisk\u0101s p\u0101rnesumk\u0101rbas un da\u017e\u0101du veidu celtniec\u012bbas tehnikas deta\u013cas.<\/p>\n<p>\u0160eit ir da\u017eas m\u016bsu hidraulisk\u0101 cilindra priek\u0161roc\u012bbas un \u012bpa\u0161\u012bbas:<\/p>\n<p>1. Augstas kvalit\u0101tes materi\u0101li: M\u016bsu hidrauliskie cilindri ir izgatavoti no augstas kvalit\u0101tes materi\u0101liem, kas ir iztur\u012bgi, ilgm\u016b\u017e\u012bgi un kalpo ilgi. M\u0113s nodro\u0161in\u0101m, ka m\u016bsu produkti atbilst stingriem kvalit\u0101tes standartiem, un tie ir izstr\u0101d\u0101ti, lai nodro\u0161in\u0101tu klientiem optim\u0101lu veiktsp\u0113ju.<\/p>\n<p>2. Piel\u0101gojami: M\u0113s pied\u0101v\u0101jam piel\u0101gojamus hidrauliskos cilindrus, kurus var piel\u0101got m\u016bsu klientu \u012bpa\u0161aj\u0101m vajadz\u012bb\u0101m. J\u016bs varat izv\u0113l\u0113ties savam pielietojumam atbilsto\u0161u izm\u0113ru, g\u0101jienu un urbuma diametru.<\/p>\n<p>3. Pla\u0161s pielietojumu kl\u0101sts: M\u016bsu hidraulisko cilindru var izmantot da\u017e\u0101dos pielietojumos, tostarp lauksaimniec\u012bbas ma\u0161\u012bn\u0101s, celtniec\u012bbas ma\u0161\u012bn\u0101s un r\u016bpniec\u012bbas ma\u0161\u012bn\u0101s.<\/p>\n<p>4. Gudri pirk\u0161anas ieteikumi: M\u016bsu pieredz\u0113ju\u0161\u0101 p\u0101rdo\u0161anas komanda p\u0101rzina celtniec\u012bbas tehnikas nozares att\u012bst\u012bbas tendences un klientu vajadz\u012bbas. Vi\u0146i var sniegt profesion\u0101las produktu konsult\u0101cijas un viedus pirk\u0161anas ieteikumus.<\/p>\n<p>5. Efekt\u012bva lo\u0123istika: Mums ir efekt\u012bva lo\u0123istikas izplat\u012b\u0161anas sist\u0113ma, lai nodro\u0161in\u0101tu, ka klienti savlaic\u012bgi un prec\u012bzi sa\u0146em nepiecie\u0161am\u0101s deta\u013cas.<\/p>\n<p>Uz\u0146\u0113mum\u0101 FMP m\u0113s esam ap\u0146\u0113mu\u0161ies nodro\u0161in\u0101t augstas kvalit\u0101tes, uzticamus un piel\u0101gotus hidrauliskos cilindrus, kas atbilst m\u016bsu klientu \u012bpa\u0161aj\u0101m vajadz\u012bb\u0101m. M\u016bsu komanda vienm\u0113r ir gatava sniegt jums profesion\u0101lus un efekt\u012bvus pakalpojumus. Izv\u0113lieties FMP k\u0101 savu hidraulisko cilindru pieg\u0101d\u0101t\u0101ju, un m\u0113s nodro\u0161in\u0101sim jums lab\u0101kos produktus un pakalpojumus.<\/p>\n<p><img decoding=\"async\" src=\"https:\/\/fmp-components.com\/wp-content\/uploads\/2024\/12\/Adjustable-Clevis-Type-Cylinders-6.webp\" alt=\"Regul\u0113jams skavu tipa cilindrs\" width=\"820\" title=\"\"><\/p>\n<h2>Bie\u017ei uzdotie jaut\u0101jumi<\/h2>\n<h3>J: Vai j\u016bs esat tirdzniec\u012bbas uz\u0146\u0113mums vai ra\u017eot\u0101js?<\/h3>\n<p>A: M\u0113s esam r\u016bpn\u012bca.<\/p>\n<h3>J: Cik ilgs ir j\u016bsu pieg\u0101des laiks?<\/h3>\n<p>A: Parasti tas ir 25\u201335 dienas.<\/p>\n<h3>J: Vai j\u016bs sniedzat paraugus? Vai tas ir bez maksas vai papildus?<\/h3>\n<p>A: J\u0101, m\u0113s var\u0113tu pied\u0101v\u0101t paraugu, bet tas nav bez maksas.<\/p>\n<p>Autors: CX<\/p>","protected":false},"excerpt":{"rendered":"<p>Factory Price 2 Ton Small Double Acting Hydraulic Cylinder The Factory Price 2 Ton Small Double Acting Hydraulic Cylinder is a high-quality product designed to meet the needs of various industries. With its compact size and efficient design, this hydraulic cylinder ensures optimal performance and reliability. Featuring a double-acting mechanism, this hydraulic cylinder allows for [&hellip;]<\/p>","protected":false},"featured_media":1485,"comment_status":"closed","ping_status":"closed","template":"","meta":{"_et_pb_use_builder":"","_et_pb_old_content":"","_et_gb_content_width":""},"product_brand":[],"product_cat":[42],"product_tag":[34,44],"class_list":{"0":"post-1484","1":"product","2":"type-product","3":"status-publish","4":"has-post-thumbnail","6":"product_cat-snow-plow-hydraulic-cylinder","7":"product_tag-hydraulic-cylinder","8":"product_tag-snow-plow-hydraulic-cylinder","10":"first","11":"instock","12":"product-type-simple"},"_links":{"self":[{"href":"https:\/\/fmp-components.com\/lv\/wp-json\/wp\/v2\/product\/1484","targetHints":{"allow":["GET"]}}],"collection":[{"href":"https:\/\/fmp-components.com\/lv\/wp-json\/wp\/v2\/product"}],"about":[{"href":"https:\/\/fmp-components.com\/lv\/wp-json\/wp\/v2\/types\/product"}],"replies":[{"embeddable":true,"href":"https:\/\/fmp-components.com\/lv\/wp-json\/wp\/v2\/comments?post=1484"}],"wp:featuredmedia":[{"embeddable":true,"href":"https:\/\/fmp-components.com\/lv\/wp-json\/wp\/v2\/media\/1485"}],"wp:attachment":[{"href":"https:\/\/fmp-components.com\/lv\/wp-json\/wp\/v2\/media?parent=1484"}],"wp:term":[{"taxonomy":"product_brand","embeddable":true,"href":"https:\/\/fmp-components.com\/lv\/wp-json\/wp\/v2\/product_brand?post=1484"},{"taxonomy":"product_cat","embeddable":true,"href":"https:\/\/fmp-components.com\/lv\/wp-json\/wp\/v2\/product_cat?post=1484"},{"taxonomy":"product_tag","embeddable":true,"href":"https:\/\/fmp-components.com\/lv\/wp-json\/wp\/v2\/product_tag?post=1484"}],"curies":[{"name":"wp","href":"https:\/\/api.w.org\/{rel}","templated":true}]}}