{"id":1482,"date":"2024-12-23T05:49:26","date_gmt":"2024-12-23T05:49:26","guid":{"rendered":"https:\/\/fmp-components.com\/product\/high-quality-mini-customized-welded-hydraulic-cylinder\/"},"modified":"2025-05-10T13:04:29","modified_gmt":"2025-05-10T13:04:29","slug":"high-quality-mini-customized-welded-hydraulic-cylinder","status":"publish","type":"product","link":"https:\/\/fmp-components.com\/lv\/product\/high-quality-mini-customized-welded-hydraulic-cylinder\/","title":{"rendered":"Augstas kvalit\u0101tes mini piel\u0101gots metin\u0101ts hidrauliskais cilindrs"},"content":{"rendered":"<h2><span style=\"color: #333333; font-size: 30px;\">Uzlabojiet savu tehniku \u200b\u200bar m\u016bsu piel\u0101goto metin\u0101to hidraulisko cilindru<\/span><\/h2>\n<div>\n<p>Izbaudiet m\u016bsu augstas kvalit\u0101tes mini piel\u0101got\u0101 metin\u0101t\u0101 hidraulisk\u0101 cilindra jaudu \u2014 jaunu standartu ma\u0161\u012bnu efektivit\u0101tes jom\u0101. M\u016bsu hidrauliskais cilindrs ir lieliski piem\u0113rots ma\u0161\u012bnu remonta darbn\u012bc\u0101m, lauksaimniec\u012bbas darbn\u012bc\u0101m, ener\u0123\u0113tikas un kalnr\u016bpniec\u012bbas nozarei, ma\u0161\u012bnu ra\u017eo\u0161anai un ma\u0161\u012bnu r\u016bpn\u012bc\u0101m, un tas ir izstr\u0101d\u0101ts, lai nodro\u0161in\u0101tu optim\u0101lu veiktsp\u0113ju ar kompaktu strukt\u016bru un iztur\u012bgu dizainu.<\/p>\n<h3>Produkta svar\u012bg\u0101kie elementi<\/h3>\n<ul>\n<li>Hidraulisk\u0101 jauda: Hidrauliskais cilindrs darbojas ar hidraulisko jaudu, nodro\u0161inot milz\u012bgu sp\u0113ku da\u017e\u0101diem pielietojumiem.<\/li>\n<li>Iztur\u012bba: Korpuss, kas izgatavots no augstas kvalit\u0101tes t\u0113rauda, \u200b\u200bnodro\u0161ina cilindra iztur\u012bbu un ilgm\u016b\u017e\u012bbu.<\/li>\n<li>Specifik\u0101cijas: Ar maksim\u0101lo vilces sp\u0113ku 3000 un maksim\u0101lo vilk\u0161anas sp\u0113ku 20 tonnas \u0161is hidrauliskais cilindrs ir paredz\u0113ts lieljaudas oper\u0101cij\u0101m.<\/li>\n<li>Piel\u0101gojams: Urbuma izm\u0113rs, stie\u0146a izm\u0113rs, g\u0101jiena izm\u0113rs un tapas izm\u0113rs ir piel\u0101gojami atbilsto\u0161i j\u016bsu vajadz\u012bb\u0101m.<\/li>\n<li>Garantija: Produktam ir viena gada garantija, kas nodro\u0161ina klientam sirdsmieru.<\/li>\n<\/ul>\n<\/div>\n<h2>Regul\u0113jamu skavu tipa cilindru priek\u0161roc\u012bbas<\/h2>\n<p>Hidrauliskie cilindri ir b\u016btiska daudzu ma\u0161\u012bnu un iek\u0101rtu sast\u0101vda\u013ca, ko izmanto da\u017e\u0101d\u0101s nozar\u0113s. Viens no hidraulisko cilindru veidiem, kas izce\u013cas ar savu unik\u0101lo dizainu un funkcionalit\u0101ti, ir regul\u0113jams skavu tipa cilindrs. \u0160aj\u0101 rakst\u0101 m\u0113s izp\u0113t\u012bsim regul\u0113jamu skavu tipa cilindru priek\u0161roc\u012bbas un to, k\u0101p\u0113c tie ir popul\u0101ra izv\u0113le daudzos pielietojumos.<\/p>\n<h3>1. Daudzpus\u012bba<\/h3>\n<p>Viena no regul\u0113jamu skavu tipa cilindru galvenaj\u0101m priek\u0161roc\u012bb\u0101m ir to daudzpus\u012bba. \u0160os cilindrus var izmantot pla\u0161\u0101 pielietojumu kl\u0101st\u0101, pateicoties to sp\u0113jai piel\u0101got tos konkr\u0113t\u0101m vajadz\u012bb\u0101m. Tas padara tos par ide\u0101lu izv\u0113li pielietojumiem, kuriem nepiecie\u0161ams piel\u0101gots hidrauliskais cilindrs. Turkl\u0101t tos var izmantot gan stum\u0161anas, gan vilk\u0161anas pielietojumos, kas v\u0113l vair\u0101k palielina to daudzpus\u012bbu.<\/p>\n<h3>2. Prec\u012bza pozicion\u0113\u0161ana<\/h3>\n<p>Regul\u0113jami skavu tipa cilindri ir paredz\u0113ti prec\u012bzas pozicion\u0113\u0161anas nodro\u0161in\u0101\u0161anai, kas ir kritiski svar\u012bgi daudzos pielietojumos. Ar \u0161iem cilindriem var regul\u0113t cilindra g\u0101jiena garumu, lai sasniegtu prec\u012bzu poz\u012bciju, kas nepiecie\u0161ama j\u016bsu pielietojumam. Tas padara tos par ide\u0101lu izv\u0113li pielietojumiem, kuriem nepiecie\u0161ama prec\u012bza pozicion\u0113\u0161ana, piem\u0113ram, ra\u017eo\u0161anas nozar\u0113.<\/p>\n<h3>3. Augsta kvalit\u0101te<\/h3>\n<p>Regul\u0113jami skavu tipa cilindri ir izgatavoti no augstas kvalit\u0101tes materi\u0101liem, kas nodro\u0161ina iztur\u012bbu un ilgm\u016b\u017e\u012bbu. Tie ir izstr\u0101d\u0101ti, lai iztur\u0113tu skarbu vidi un lielas slodzes pielietojumu, padarot tos par popul\u0101ru izv\u0113li t\u0101d\u0101s nozar\u0113s k\u0101 b\u016bvniec\u012bba un ieguves r\u016bpniec\u012bba. Turkl\u0101t t\u0101di ra\u017eot\u0101ji k\u0101 High Quality Mini Customized Welded Hydraulic Cylinder ra\u017eo regul\u0113jamus skavu tipa cilindrus, kas ir p\u0101rbaud\u012bti atbilsto\u0161i starptautiskajiem standartiem, nodro\u0161inot to kvalit\u0101ti.<\/p>\n<h3>4. Piel\u0101gojams<\/h3>\n<p>Regul\u0113jamus skavu tipa cilindrus var piel\u0101got konkr\u0113t\u0101m vajadz\u012bb\u0101m un lietojumiem. \u0160\u012b piel\u0101go\u0161ana var ietvert da\u017e\u0101das mont\u0101\u017eas iesp\u0113jas, stie\u0146u galu konfigur\u0101cijas un g\u0101jiena garumus. Tas padara tos par ide\u0101lu izv\u0113li lietojumiem, kuriem nepiecie\u0161ams unik\u0101ls hidrauliskais cilindrs, ko nevar atrast standarta cilindros.<\/p>\n<h3>5. Izmaksu zi\u0146\u0101 efekt\u012bvs<\/h3>\n<p>Regul\u0113jami skavas tipa cilindri ir izmaksu zi\u0146\u0101 efekt\u012bva izv\u0113le lietojumiem, kuriem nepiecie\u0161ams piel\u0101gots hidrauliskais cilindrs. T\u0101 viet\u0101, lai ieguld\u012btu piln\u012bb\u0101 piel\u0101got\u0101 cilindr\u0101, regul\u0113jamus skavas tipa cilindrus var piel\u0101got konkr\u0113t\u0101m vajadz\u012bb\u0101m, samazinot izmaksas un izpildes laiku. Turkl\u0101t to augst\u0101 kvalit\u0101te un iztur\u012bba nodro\u0161ina ilgsto\u0161u veiktsp\u0113ju, samazinot kop\u0113j\u0101s apkopes un nomai\u0146as izmaksas.<\/p>\n<p>Nosl\u0113gum\u0101 j\u0101secina, ka regul\u0113jamiem skavu tipa cilindriem ir daudz priek\u0161roc\u012bbu sal\u012bdzin\u0101jum\u0101 ar standarta hidrauliskajiem cilindriem. To daudzpus\u012bba, prec\u012bz\u0101 pozicion\u0113\u0161ana, augst\u0101 kvalit\u0101te, piel\u0101gojam\u012bba un izmaksu efektivit\u0101te padara tos par popul\u0101ru izv\u0113li da\u017e\u0101d\u0101s nozar\u0113s. Neatkar\u012bgi no t\u0101, vai jums ir nepiecie\u0161ams hidrauliskais cilindrs standarta vai piel\u0101gotam pielietojumam, ir v\u0113rts apsv\u0113rt regul\u0113jamus skavu tipa cilindrus.<\/p>\n<h3>Par FMP<\/h3>\n<p><img decoding=\"async\" class=\"aligncenter\" src=\"https:\/\/fmp-components.com\/wp-content\/uploads\/2024\/12\/Adjustable-Clevis-Type-Cylinders-6.webp\" alt=\"Regul\u0113jams skavu tipa cilindrs\" width=\"819\" title=\"\"><\/p>\n<p>FMP ir vado\u0161ais uz\u0146\u0113mums, kas specializ\u0113jas hidraulisko cilindru ra\u017eo\u0161an\u0101 un p\u0101rdo\u0161an\u0101. Pateicoties m\u016bsu pla\u0161ajai pieredzei nozar\u0113 un profesion\u0101lajai komandai, m\u0113s esam ap\u0146\u0113mu\u0161ies nodro\u0161in\u0101t m\u016bsu klientus ar augstas kvalit\u0101tes un uzticamiem hidrauliskajiem cilindriem da\u017e\u0101diem celtniec\u012bbas tehnikas pielietojumiem.<\/p>\n<p>1. Pla\u0161s produktu kl\u0101sts:<br \/>\nM\u0113s pied\u0101v\u0101jam pla\u0161u hidraulisko cilindru kl\u0101stu, kas atbilst da\u017e\u0101d\u0101m celtniec\u012bbas tehnikas vajadz\u012bb\u0101m. M\u016bsu produktu kl\u0101st\u0101 ietilpst regul\u0113jami cilindri ar skavu, metin\u0101ti cilindri, teleskopiskie cilindri un citi. \u0160is pla\u0161ais kl\u0101sts nodro\u0161ina, ka mums ir piem\u0113rots hidrauliskais cilindrs j\u016bsu \u012bpa\u0161aj\u0101m pras\u012bb\u0101m.<\/p>\n<p>2. Augst\u0101k\u0101 kvalit\u0101te:<br \/>\nFMP m\u0113s pie\u0161\u0137iram priorit\u0101ti kvalit\u0101tei un nodro\u0161in\u0101m, lai visi m\u016bsu hidrauliskie cilindri atbilstu stingriem kvalit\u0101tes standartiem. M\u0113s esam izveidoju\u0161i ilgtermi\u0146a un stabilas attiec\u012bbas ar augstas kvalit\u0101tes pieg\u0101d\u0101t\u0101jiem gan viet\u0113j\u0101, gan starptautisk\u0101 m\u0113rog\u0101. Tas \u013cauj mums ieg\u016bt lab\u0101kos materi\u0101lus un komponentus, k\u0101 rezult\u0101t\u0101 tiek ra\u017eoti iztur\u012bgi, efekt\u012bvi un uzticami hidrauliskie cilindri.<\/p>\n<p>3. Profesion\u0101la p\u0101rdo\u0161anas komanda:<br \/>\nM\u016bsu pieredz\u0113ju\u0161ajai un prasm\u012bgajai p\u0101rdo\u0161anas komandai ir padzi\u013cin\u0101tas zin\u0101\u0161anas par celtniec\u012bbas tehnikas nozari. Vi\u0146i ir lietas kurs\u0101 par jaun\u0101kaj\u0101m nozares tendenc\u0113m un izprot m\u016bsu klientu \u012bpa\u0161\u0101s vajadz\u012bbas. Izmantojot savu pieredzi, vi\u0146i sniedz profesion\u0101las produktu konsult\u0101cijas, pal\u012bdzot jums atrast hidraulisko cilindru, kas vislab\u0101k atbilst j\u016bsu pras\u012bb\u0101m.<\/p>\n<p>4. Viedie pirkumu ieteikumi:<br \/>\nSaprotot, ka katram klientam ir unik\u0101las vajadz\u012bbas, m\u016bsu p\u0101rdo\u0161anas komanda dara visu iesp\u0113jamo, lai sniegtu p\u0101rdom\u0101tus pirk\u0161anas ieteikumus. Vi\u0146i \u0146em v\u0113r\u0101 t\u0101dus faktorus k\u0101 pielietojuma pras\u012bbas, bud\u017eeta ierobe\u017eojumi un projekta pras\u012bbas, lai ieteiktu vispiem\u0113rot\u0101ko hidraulisko cilindru. \u0160\u012b personaliz\u0113t\u0101 pieeja nodro\u0161ina, ka j\u016bs pie\u0146emat p\u0101rdom\u0101tu l\u0113mumu un atrodat pareizo hidraulisk\u0101 cilindra risin\u0101jumu.<\/p>\n<p>5. Efekt\u012bva lo\u0123istikas izplat\u012b\u0161ana:<br \/>\nM\u0113s lepojamies ar savu efekt\u012bvo lo\u0123istikas izplat\u012b\u0161anas sist\u0113mu, kas nodro\u0161ina savlaic\u012bgu un prec\u012bzu hidraulisko cilindru pieg\u0101di m\u016bsu klientiem. Ar m\u016bsu labi organiz\u0113to pieg\u0101des \u0137\u0113di m\u0113s garant\u0113jam, ka j\u016bs sa\u0146emsiet nepiecie\u0161amos hidrauliskos cilindrus nekav\u0113joties, samazinot jebk\u0101das kav\u0113\u0161an\u0101s vai trauc\u0113jumus j\u016bsu b\u016bvniec\u012bbas projektos.<\/p>\n<p>Sadarbojieties ar FMP, lai ieg\u016btu augst\u0101k\u0101s kvalit\u0101tes hidrauliskos cilindrus, kuru pamat\u0101 ir nozares zin\u0101\u0161anas, izcila kvalit\u0101te un efekt\u012bvs serviss. Sazinieties ar mums jau \u0161odien, lai p\u0101rrun\u0101tu savas celtniec\u012bbas tehnikas pras\u012bbas un izbaud\u012btu FMP at\u0161\u0137ir\u012bbu.<\/p>\n<h2>Bie\u017ei uzdotie jaut\u0101jumi<\/h2>\n<h3>J: Vai j\u016bs esat tirdzniec\u012bbas uz\u0146\u0113mums vai ra\u017eot\u0101js?<\/h3>\n<p>A: M\u0113s esam r\u016bpn\u012bca, kas ra\u017eo produktus.<\/p>\n<h3>J: K\u0101ds ir j\u016bsu pieg\u0101des laiks?<\/h3>\n<p>A: M\u016bsu visp\u0101r\u0113jais pieg\u0101des laiks ir 25\u201335 dienas.<\/p>\n<h3>J: Vai j\u016bs sniedzat paraugus? Vai tie ir bez maksas vai papildus?<\/h3>\n<p>A: J\u0101, m\u0113s pied\u0101v\u0101jam paraugus, bet tie nav bez maksas.<\/p>\n<p><img decoding=\"async\" class=\"aligncenter\" title=\"Sniega arkla hidrauliskais cilindrs\" src=\"https:\/\/hzpt.com\/wp-content\/uploads\/2023\/11\/Snow-Plow-Hydraulic-Cylinder-3.webp\" alt=\"Sniega arkla hidrauliskais cilindrs\" \/><\/p>\n<p>Autors: CX<\/p>","protected":false},"excerpt":{"rendered":"<p>Upgrade Your Machinery with Our Customized Welded Hydraulic Cylinder Experience the power of our High Quality Mini Customized Welded Hydraulic Cylinder, the new standard in machinery efficiency. Perfect for Machinery Repair Shops, Farms, Energy &amp; Mining, Machinery Manufacturing, and Machinery Factory, our hydraulic cylinder is designed to deliver optimal performance with a compact structure and [&hellip;]<\/p>","protected":false},"featured_media":1483,"comment_status":"closed","ping_status":"closed","template":"","meta":{"_et_pb_use_builder":"","_et_pb_old_content":"","_et_gb_content_width":""},"product_brand":[],"product_cat":[42],"product_tag":[34,44],"class_list":{"0":"post-1482","1":"product","2":"type-product","3":"status-publish","4":"has-post-thumbnail","6":"product_cat-snow-plow-hydraulic-cylinder","7":"product_tag-hydraulic-cylinder","8":"product_tag-snow-plow-hydraulic-cylinder","10":"first","11":"instock","12":"product-type-simple"},"_links":{"self":[{"href":"https:\/\/fmp-components.com\/lv\/wp-json\/wp\/v2\/product\/1482","targetHints":{"allow":["GET"]}}],"collection":[{"href":"https:\/\/fmp-components.com\/lv\/wp-json\/wp\/v2\/product"}],"about":[{"href":"https:\/\/fmp-components.com\/lv\/wp-json\/wp\/v2\/types\/product"}],"replies":[{"embeddable":true,"href":"https:\/\/fmp-components.com\/lv\/wp-json\/wp\/v2\/comments?post=1482"}],"wp:featuredmedia":[{"embeddable":true,"href":"https:\/\/fmp-components.com\/lv\/wp-json\/wp\/v2\/media\/1483"}],"wp:attachment":[{"href":"https:\/\/fmp-components.com\/lv\/wp-json\/wp\/v2\/media?parent=1482"}],"wp:term":[{"taxonomy":"product_brand","embeddable":true,"href":"https:\/\/fmp-components.com\/lv\/wp-json\/wp\/v2\/product_brand?post=1482"},{"taxonomy":"product_cat","embeddable":true,"href":"https:\/\/fmp-components.com\/lv\/wp-json\/wp\/v2\/product_cat?post=1482"},{"taxonomy":"product_tag","embeddable":true,"href":"https:\/\/fmp-components.com\/lv\/wp-json\/wp\/v2\/product_tag?post=1482"}],"curies":[{"name":"wp","href":"https:\/\/api.w.org\/{rel}","templated":true}]}}