{"id":1480,"date":"2024-12-23T05:49:26","date_gmt":"2024-12-23T05:49:26","guid":{"rendered":"https:\/\/fmp-components.com\/product\/premium-quality-stainless-steel-hydraulic-oil-cylinder-hydraulic-piston-cylinder\/"},"modified":"2024-12-23T06:45:09","modified_gmt":"2024-12-23T06:45:09","slug":"premium-quality-stainless-steel-hydraulic-oil-cylinder-hydraulic-piston-cylinder","status":"publish","type":"product","link":"https:\/\/fmp-components.com\/lv\/product\/premium-quality-stainless-steel-hydraulic-oil-cylinder-hydraulic-piston-cylinder\/","title":{"rendered":"Augst\u0101k\u0101s kvalit\u0101tes ner\u016bs\u0113jo\u0161\u0101 t\u0113rauda hidraulisk\u0101 e\u013c\u013cas cilindra hidrauliskais virzu\u013ccilindrs"},"content":{"rendered":"<h2>Augst\u0101k\u0101s kvalit\u0101tes ner\u016bs\u0113jo\u0161\u0101 t\u0113rauda hidraulisk\u0101 e\u013c\u013cas cilindra hidrauliskais virzu\u013ccilindrs<\/h2>\n<p>Augst\u0101k\u0101s kvalit\u0101tes ner\u016bs\u0113jo\u0161\u0101 t\u0113rauda hidraulisk\u0101 e\u013c\u013cas cilindra hidrauliskais virzu\u013ccilindrs ir augstas veiktsp\u0113jas hidrauliskais cilindrs, kas paredz\u0113ts da\u017e\u0101diem r\u016bpnieciskiem pielietojumiem. \u0160is cilindrs ir izgatavots no augst\u0101k\u0101s kvalit\u0101tes ner\u016bs\u0113jo\u0161\u0101 t\u0113rauda, \u200b\u200bkas uzlabo t\u0101 iztur\u012bbu un iztur\u012bbu pret koroziju.<\/p>\n<p>Pateicoties uzlabotajam hidraulisk\u0101 virzu\u013ca dizainam, \u0161is cilindrs nodro\u0161ina vienm\u0113r\u012bgu un efekt\u012bvu darb\u012bbu. Tas sp\u0113j rad\u012bt jaud\u012bgu hidraulisko sp\u0113ku, padarot to piem\u0113rotu smagiem uzdevumiem. Neatkar\u012bgi no t\u0101, vai t\u0101 ir cel\u0161ana, stum\u0161ana vai vilk\u0161ana, \u0161is hidrauliskais cilindrs nodro\u0161ina uzticamu un nemain\u012bgu veiktsp\u0113ju.<\/p>\n<p>\u0160\u012b cilindra ner\u016bs\u0113jo\u0161\u0101 t\u0113rauda konstrukcija padara to ide\u0101li piem\u0113rotu lieto\u0161anai sare\u017e\u0123\u012bt\u0101s vid\u0113s, tostarp t\u0101d\u0101s, kas ir pak\u013cautas sp\u0113c\u012bg\u0101m \u0137\u012bmisk\u0101m viel\u0101m vai ekstrem\u0101l\u0101m temperat\u016br\u0101m. Tas nodro\u0161ina izcilu iztur\u012bbu pret koroziju, t\u0101d\u0113j\u0101di nodro\u0161inot ilg\u0101ku kalpo\u0161anas laiku un samazinot apkopes pras\u012bbas.<\/p>\n<p>\u0160is hidrauliskais cilindrs, kas apr\u012bkots ar modernu bl\u012bv\u0113\u0161anas tehnolo\u0123iju, samazina nopl\u016bdes risku un uzlabo kop\u0113jo efektivit\u0101ti. Tam ir prec\u012bza apstr\u0101de un herm\u0113tisks bl\u012bv\u0113jums, kas nodro\u0161ina uzticamu un bez nopl\u016bd\u0113m darb\u012bbu pat augsta spiediena apst\u0101k\u013cos.<\/p>\n<p>Turkl\u0101t \u0161o hidraulisko cilindru var piel\u0101got \u012bpa\u0161\u0101m pras\u012bb\u0101m. Tas ir pieejams da\u017e\u0101dos izm\u0113ros, g\u0101jiena garumos un mont\u0101\u017eas iesp\u0113j\u0101s, kas \u013cauj to viegli integr\u0113t da\u017e\u0101d\u0101s hidrauliskaj\u0101s sist\u0113m\u0101s. \u0160\u012b cilindra daudzpus\u012bba padara to piem\u0113rotu pla\u0161am nozaru kl\u0101stam, tostarp b\u016bvniec\u012bbai, ra\u017eo\u0161anai, lauksaimniec\u012bbai un cit\u0101m nozar\u0113m.<\/p>\n<p>Nosl\u0113gum\u0101 j\u0101saka, ka augst\u0101k\u0101s kvalit\u0101tes ner\u016bs\u0113jo\u0161\u0101 t\u0113rauda hidraulisk\u0101 e\u013c\u013cas cilindra hidrauliskais virzu\u013ccilindrs ir augst\u0101k\u0101s kvalit\u0101tes hidrauliskais cilindrs, kas pied\u0101v\u0101 izcilu veiktsp\u0113ju un iztur\u012bbu. T\u0101 ner\u016bs\u0113jo\u0161\u0101 t\u0113rauda konstrukcija, uzlabotais hidrauliskais dizains un piel\u0101gojam\u0101s iesp\u0113jas padara to par lielisku izv\u0113li da\u017e\u0101diem r\u016bpnieciskiem lietojumiem.<\/p>\n<h2>Uzlabojiet savu tehniku \u200b\u200bar augstas kvalit\u0101tes ner\u016bs\u0113jo\u0161\u0101 t\u0113rauda hidraulisko e\u013c\u013cas cilindru Hidrauliskais virzu\u013ccilindrs<\/h2>\n<p>Uzlabojiet savu iek\u0101rtu jaudu un veiktsp\u0113ju ar m\u016bsu augst\u0101k\u0101s kvalit\u0101tes ner\u016bs\u0113jo\u0161\u0101 t\u0113rauda hidraulisk\u0101 e\u013c\u013cas cilindra hidraulisko virzu\u013ccilindru. \u0160is hidrauliskais cilindrs, kas rad\u012bts, lai iztur\u0113tu intens\u012bvu lieto\u0161anu, nodro\u0161ina uzticamu un efekt\u012bvu darb\u012bbu pat vissmag\u0101kajos apst\u0101k\u013cos.<\/p>\n<p><img decoding=\"async\" title=\"Sniega arkla hidrauliskais cilindrs\" src=\"https:\/\/hzpt.com\/wp-content\/uploads\/2023\/11\/Snow-Plow-Hydraulic-Cylinder-3.webp\" alt=\"Sniega arkla hidrauliskais cilindrs\" \/><\/p>\n<h2>Produkta funkcijas<\/h2>\n<p>M\u016bsu hidraulisk\u0101 e\u013c\u013cas cilindra hidrauliskais virzu\u013ccilindrs ir izgatavots no augstas kvalit\u0101tes ner\u016bs\u0113jo\u0161\u0101 t\u0113rauda, \u200b\u200bun tas garant\u0113 iztur\u012bbu un ilgm\u016b\u017e\u012bbu. Tam ir viena gada garantija, un tas ir piem\u0113rots izmanto\u0161anai da\u017e\u0101d\u0101s nozar\u0113s, piem\u0113ram, ma\u0161\u012bnb\u016bves remonta darbn\u012bc\u0101s, saimniec\u012bb\u0101s, ener\u0123\u0113tik\u0101 un ieguves r\u016bpniec\u012bb\u0101, ma\u0161\u012bnb\u016bves ra\u017eo\u0161an\u0101 un citur.<\/p>\n<ul>\n<li style=\"list-style-type: none;\">\n<ul>\n<li>St\u0101voklis: Jauns<\/li>\n<li>Garantija: 1 gads<\/li>\n<li>Svars (kg): 6<\/li>\n<\/ul>\n<\/li>\n<\/ul>\n<ul>\n<li>Standarts: Standarts<\/li>\n<li>Strukt\u016bra: virzu\u013ccilindrs<\/li>\n<li>Jauda: hidrauliska<\/li>\n<li>Korpusa materi\u0101ls: t\u0113rauds<\/li>\n<li>Maksim\u0101l\u0101 vilce: 3000<\/li>\n<li>Tips: Sniega arkla hidrauliskie cilindri<\/li>\n<li>Maksim\u0101l\u0101 vilkme: 20 tonnas<\/li>\n<li>Sertifik\u0101cija: ISO9001:2000<\/li>\n<\/ul>\n<h2>Apkope un kop\u0161ana<\/h2>\n<p>M\u016bsu ner\u016bs\u0113jo\u0161\u0101 t\u0113rauda hidraulisk\u0101 e\u013c\u013cas cilindra hidrauliskais virzu\u013ccilindrs ir izstr\u0101d\u0101ts t\u0101, lai tam b\u016btu nepiecie\u0161ama neliela apkope un tas b\u016btu viegli kopjams. Regul\u0101ra t\u012br\u012b\u0161ana un jebk\u0101du nodiluma paz\u012bmju p\u0101rbaude var nodro\u0161in\u0101t optim\u0101lu produkta darb\u012bbu. Ir ar\u012b svar\u012bgi izmantot ra\u017eot\u0101ja ieteikto hidraulisko e\u013c\u013cu, lai nodro\u0161in\u0101tu vienm\u0113r\u012bgu darb\u012bbu un ilgm\u016b\u017e\u012bbu.<\/p>\n<h2>Bie\u017ei sastopamie pielietojumi<\/h2>\n<p>M\u016bsu hidrauliskie cilindri tiek pla\u0161i izmantoti lauksaimniec\u012bbas tehnikas deta\u013c\u0101s, piem\u0113ram, kard\u0101nv\u0101rpst\u0101s, lauksaimniec\u012bbas kard\u0101nv\u0101rpstu p\u0101rnesumk\u0101rb\u0101s, lauksaimniec\u012bbas skrieme\u013cos un citur. Tie tiek pla\u0161i izmantoti ar\u012b sniega arklu hidrauliskajos cilindros, nodro\u0161inot uzticamu un vienm\u0113r\u012bgu darb\u012bbu.<\/p>\n<h2>Regul\u0113jamu skavu tipa cilindru priek\u0161roc\u012bbas<\/h2>\n<p>Regul\u0113jami skavu tipa cilindri ir hidraulisko virzu\u013ccilindru veids, kam ir vair\u0101kas b\u016btiskas priek\u0161roc\u012bbas sal\u012bdzin\u0101jum\u0101 ar citiem cilindru dizainiem. \u0160ie cilindri ir izgatavoti no augst\u0101k\u0101s kvalit\u0101tes ner\u016bs\u0113jo\u0161\u0101 t\u0113rauda, \u200b\u200bkas nodro\u0161ina to iztur\u012bbu un uzticam\u012bbu da\u017e\u0101dos pielietojumos. \u0160aj\u0101 rakst\u0101 m\u0113s padzi\u013cin\u0101ti izp\u0113t\u012bsim regul\u0113jamu skavu tipa cilindru priek\u0161roc\u012bbas.<\/p>\n<h3>1. Uzlabota elast\u012bba<\/h3>\n<p>Viena no regul\u0113jamu skavu tipa cilindru galvenaj\u0101m priek\u0161roc\u012bb\u0101m ir to uzlabot\u0101 elast\u012bba. \u0160iem cilindriem ir skavu stiprin\u0101jums, kas \u013cauj viegli regul\u0113t virzu\u013ca stie\u0146a poz\u012bciju. \u0160\u012b elast\u012bba \u013cauj cilindram piel\u0101goties da\u017e\u0101d\u0101m mont\u0101\u017eas konfigur\u0101cij\u0101m, padarot to piem\u0113rotu pla\u0161am pielietojumu kl\u0101stam.<\/p>\n<h3>2. Prec\u012bza pozicion\u0113\u0161ana<\/h3>\n<p>Regul\u0113jami skavu tipa cilindri lieliski piem\u0113roti lietojumiem, kuros nepiecie\u0161ama prec\u012bza pozicion\u0113\u0161ana. Sp\u0113ja regul\u0113t virzu\u013ca stie\u0146a poz\u012bciju \u013cauj prec\u012bzi regul\u0113t cilindra izvirz\u012b\u0161anu un ievilk\u0161anu. \u0160\u0101ds precizit\u0101tes l\u012bmenis ir \u013coti svar\u012bgs t\u0101dos lietojumos k\u0101 r\u016bpniecisk\u0101 automatiz\u0101cija, kur nepiecie\u0161amas prec\u012bzas kust\u012bbas.<\/p>\n<p><img decoding=\"async\" title=\"Sniega arkla hidrauliskais cilindrs\" src=\"https:\/\/hzpt.com\/wp-content\/uploads\/2023\/11\/Snow-Plow-Hydraulic-Cylinder-1.webp\" alt=\"Sniega arkla hidrauliskais cilindrs\" \/><\/p>\n<h3>3. Palielin\u0101ts g\u0101jiena garums<\/h3>\n<p>Sal\u012bdzinot ar citiem cilindru dizainiem, regul\u0113jamiem skavu tipa cilindriem ir palielin\u0101ts g\u0101jiena garums. Regul\u0113jamais skavu stiprin\u0101jums nodro\u0161ina liel\u0101ku kust\u012bbas diapazonu, \u013caujot virzu\u013ca stienim izstiepties un ievilkties ilg\u0101k\u0101 att\u0101lum\u0101. \u0160is pagarin\u0101tais g\u0101jiena garums ir priek\u0161roc\u012bba lietojumos, kuriem nepiecie\u0161ams liel\u0101ks darba diapazons.<\/p>\n<h3>4. Optim\u0101la slodzes sadale<\/h3>\n<p>V\u0113l viena regul\u0113jamu skavu tipa cilindru priek\u0161roc\u012bba ir to sp\u0113ja vienm\u0113r\u012bg\u0101k sadal\u012bt slodzi. Sak\u0146u stiprin\u0101jums nodro\u0161ina stabilu un dro\u0161u savienojumu starp cilindru un slodzi, nodro\u0161inot vienm\u0113r\u012bgu sp\u0113ku sadal\u012bjumu. \u0160is vienm\u0113r\u012bgais slodzes sadal\u012bjums samazina cilindra spriegumu un deform\u0101ciju, k\u0101 rezult\u0101t\u0101 uzlabojas veiktsp\u0113ja un kalpo\u0161anas laiks.<\/p>\n<h3>5. Vienk\u0101r\u0161a apkope<\/h3>\n<p>Regul\u0113jami skavu tipa cilindri ir paredz\u0113ti vienk\u0101r\u0161ai apkopei. Sakabes stiprin\u0101jums \u013cauj \u0101tri un bez probl\u0113m\u0101m demont\u0113t un salikt cilindru. \u0160\u012b vienk\u0101r\u0161\u0101 apkope samazina d\u012bkst\u0101ves laiku un uzlabo sist\u0113mas kop\u0113jo efektivit\u0101ti.<\/p>\n<p>Rezum\u0113jot, regul\u0113jamie skavu tipa cilindri pied\u0101v\u0101 virkni priek\u0161roc\u012bbu, kas padara tos par v\u0113lamo izv\u0113li daudzos pielietojumos. To uzlabot\u0101 elast\u012bba, prec\u012bz\u0101 pozicion\u0113\u0161ana, palielin\u0101tais g\u0101jiena garums, optim\u0101lais slodzes sadal\u012bjums un vienk\u0101r\u0161\u0101 apkope padara tos par uzticamu un efekt\u012bvu hidraulisko virzu\u013ccilindru variantu. Izmantojot augst\u0101k\u0101s kvalit\u0101tes ner\u016bs\u0113jo\u0161o t\u0113raudu, \u0161ie cilindri nodro\u0161ina ilgsto\u0161u veiktsp\u0113ju un iztur\u012bbu. Neatkar\u012bgi no t\u0101, vai tas ir r\u016bpnieciskaj\u0101 automatiz\u0101cij\u0101, b\u016bvniec\u012bb\u0101 vai jebkur\u0101 cit\u0101 jom\u0101, kur nepiecie\u0161ama hidraulisk\u0101 jauda, \u200b\u200bregul\u0113jamie skavu tipa cilindri nodro\u0161ina daudzpus\u012bbu un veiktsp\u0113ju, kas nepiecie\u0161ama, lai apmierin\u0101tu da\u017e\u0101du pielietojumu pras\u012bbas.<\/p>\n<h3>Par FMP<\/h3>\n<p>FMP ir uz\u0146\u0113mums, kas specializ\u0113jas hidraulisko cilindru ra\u017eo\u0161an\u0101 un p\u0101rdo\u0161an\u0101. Atrodamies It\u0101lij\u0101, mums ir daudzu gadu pieredze celtniec\u012bbas tehnikas nozar\u0113 un profesion\u0101la komanda, kas velt\u012bta augstas kvalit\u0101tes un uzticamu produktu un pakalpojumu nodro\u0161in\u0101\u0161anai.<\/p>\n<p><img decoding=\"async\" src=\"https:\/\/fmp-components.com\/wp-content\/uploads\/2024\/12\/Adjustable-Clevis-Type-Cylinders-6.webp\" alt=\"Regul\u0113jams skavu tipa cilindrs\" width=\"818\" title=\"\"><\/p>\n<p>\u0160eit ir pieci iemesli, k\u0101p\u0113c jums vajadz\u0113tu izv\u0113l\u0113ties FMP hidraulisko cilindru vajadz\u012bb\u0101m:<\/p>\n<ol>\n<li>Pla\u0161s produktu kl\u0101sts: M\u0113s pied\u0101v\u0101jam pla\u0161u hidraulisko cilindru kl\u0101stu, tostarp regul\u0113jamus skavu tipa cilindrus, \u0161arn\u012brsavienojumu stie\u0146u cilindrus, metin\u0101tus cilindrus un citus. Lai k\u0101das b\u016btu j\u016bsu \u012bpa\u0161\u0101s pras\u012bbas, mums ir \u012bstais cilindrs tie\u0161i jums.<\/li>\n<li>Izcila kvalit\u0101te: Visi m\u016bsu hidrauliskie cilindri ir izgatavoti, izmantojot augst\u0101k\u0101s kvalit\u0101tes materi\u0101lus un jaun\u0101k\u0101s tehnolo\u0123ijas. M\u0113s iev\u0113rojam stingrus kvalit\u0101tes standartus, lai nodro\u0161in\u0101tu, ka m\u016bsu produkti atbilst vai p\u0101rsniedz klientu cer\u012bbas.<\/li>\n<li>Uzticama veiktsp\u0113ja: M\u016bsu hidrauliskie cilindri ir izstr\u0101d\u0101ti, lai nodro\u0161in\u0101tu uzticamu un nemain\u012bgu veiktsp\u0113ju pat sare\u017e\u0123\u012btos apst\u0101k\u013cos. Tie ir veidoti, lai iztur\u0113tu lielas slodzes un nodro\u0161in\u0101tu vienm\u0113r\u012bgu un efekt\u012bvu darb\u012bbu.<\/li>\n<li>Ekspertu konsult\u0101cijas: M\u016bsu pieredz\u0113ju\u0161\u0101 p\u0101rdo\u0161anas komanda labi p\u0101rzina celtniec\u012bbas tehnikas nozari. Vi\u0146i p\u0101rzina jaun\u0101k\u0101s tendences un klientu vajadz\u012bbas, un var sniegt profesion\u0101las konsult\u0101cijas par produktiem, lai pal\u012bdz\u0113tu jums izdar\u012bt pareizo izv\u0113li j\u016bsu projektiem.<\/li>\n<li>Efekt\u012bva pieg\u0101de: M\u0113s saprotam savlaic\u012bgas pieg\u0101des noz\u012bmi. Ar m\u016bsu efekt\u012bvo lo\u0123istikas izplat\u012b\u0161anas sist\u0113mu m\u0113s nodro\u0161in\u0101m, ka j\u016bsu nepiecie\u0161amie hidrauliskie cilindri tiek pieg\u0101d\u0101ti jums savlaic\u012bgi un prec\u012bzi, samazinot d\u012bkst\u0101ves laiku un nodro\u0161inot j\u016bsu projektu norisi atbilsto\u0161i pl\u0101nam.<\/li>\n<\/ol>\n<p>Sadarbojieties ar FMP savu hidraulisko cilindru vajadz\u012bbu apmierin\u0101\u0161anai un izbaudiet at\u0161\u0137ir\u012bbu. Sazinieties ar mums jau \u0161odien, lai p\u0101rrun\u0101tu savas pras\u012bbas un atrastu ide\u0101lu risin\u0101jumu j\u016bsu celtniec\u012bbas tehnikai.<\/p>\n<p>Autors: CX<\/p>","protected":false},"excerpt":{"rendered":"<p>Premium Quality Stainless Steel Hydraulic Oil Cylinder Hydraulic Piston Cylinder The Premium Quality Stainless Steel Hydraulic Oil Cylinder Hydraulic Piston Cylinder is a high-performance hydraulic cylinder designed for various industrial applications. This cylinder is made from premium quality stainless steel, which enhances its durability and resistance to corrosion. With its advanced hydraulic piston design, this [&hellip;]<\/p>","protected":false},"featured_media":1481,"comment_status":"closed","ping_status":"closed","template":"","meta":{"_et_pb_use_builder":"","_et_pb_old_content":"","_et_gb_content_width":""},"product_brand":[],"product_cat":[42],"product_tag":[34,44],"class_list":{"0":"post-1480","1":"product","2":"type-product","3":"status-publish","4":"has-post-thumbnail","6":"product_cat-snow-plow-hydraulic-cylinder","7":"product_tag-hydraulic-cylinder","8":"product_tag-snow-plow-hydraulic-cylinder","10":"first","11":"instock","12":"product-type-simple"},"_links":{"self":[{"href":"https:\/\/fmp-components.com\/lv\/wp-json\/wp\/v2\/product\/1480","targetHints":{"allow":["GET"]}}],"collection":[{"href":"https:\/\/fmp-components.com\/lv\/wp-json\/wp\/v2\/product"}],"about":[{"href":"https:\/\/fmp-components.com\/lv\/wp-json\/wp\/v2\/types\/product"}],"replies":[{"embeddable":true,"href":"https:\/\/fmp-components.com\/lv\/wp-json\/wp\/v2\/comments?post=1480"}],"wp:featuredmedia":[{"embeddable":true,"href":"https:\/\/fmp-components.com\/lv\/wp-json\/wp\/v2\/media\/1481"}],"wp:attachment":[{"href":"https:\/\/fmp-components.com\/lv\/wp-json\/wp\/v2\/media?parent=1480"}],"wp:term":[{"taxonomy":"product_brand","embeddable":true,"href":"https:\/\/fmp-components.com\/lv\/wp-json\/wp\/v2\/product_brand?post=1480"},{"taxonomy":"product_cat","embeddable":true,"href":"https:\/\/fmp-components.com\/lv\/wp-json\/wp\/v2\/product_cat?post=1480"},{"taxonomy":"product_tag","embeddable":true,"href":"https:\/\/fmp-components.com\/lv\/wp-json\/wp\/v2\/product_tag?post=1480"}],"curies":[{"name":"wp","href":"https:\/\/api.w.org\/{rel}","templated":true}]}}