{"id":1478,"date":"2024-12-23T05:49:26","date_gmt":"2024-12-23T05:49:26","guid":{"rendered":"https:\/\/fmp-components.com\/product\/competitive-price-2-ton-double-effect-small-hydraulic-cylinder\/"},"modified":"2024-12-23T06:39:58","modified_gmt":"2024-12-23T06:39:58","slug":"competitive-price-2-ton-double-effect-small-hydraulic-cylinder","status":"publish","type":"product","link":"https:\/\/fmp-components.com\/lv\/product\/competitive-price-2-ton-double-effect-small-hydraulic-cylinder\/","title":{"rendered":"Konkur\u0113tsp\u0113j\u012bga cena 2 tonnu dubult\u0101 efekta mazais hidrauliskais cilindrs"},"content":{"rendered":"<h2>Konkur\u0113tsp\u0113j\u012bga cena 2 tonnu dubult\u0101 efekta mazais hidrauliskais cilindrs<\/h2>\n<p>Produkta ievads: Konkur\u0113tsp\u0113j\u012bga cena 2 tonnu dubult\u0101 efekta mazais hidrauliskais cilindrs<\/p>\n<p>Konkur\u0113tsp\u0113j\u012bgas cenas 2 tonnu divk\u0101r\u0161\u0101s darb\u012bbas mazais hidrauliskais cilindrs ir \u013coti efekt\u012bvs un uzticams hidrauliskais cilindrs, kas paredz\u0113ts, lai nodro\u0161in\u0101tu izcilu veiktsp\u0113ju pla\u0161am r\u016bpniecisko pielietojumu kl\u0101stam. \u0160im hidrauliskajam cilindram ir divk\u0101r\u0161as darb\u012bbas konstrukcija, kas nodro\u0161ina vienm\u0113r\u012bgu un prec\u012bzu kust\u012bbu, padarot to ide\u0101li piem\u0113rotu lieto\u0161anai lietojumos, kur precizit\u0101te un pareiz\u012bba ir kritiski svar\u012bga.<\/p>\n<p>\u0160is hidrauliskais cilindrs ir izgatavots no augstas kvalit\u0101tes materi\u0101liem un ir paredz\u0113ts, lai iztur\u0113tu vissare\u017e\u0123\u012bt\u0101k\u0101s r\u016bpniecisk\u0101s vides apst\u0101k\u013cus. Tam ir kompakts un viegls dizains, kas atvieglo uzst\u0101d\u012b\u0161anu un lieto\u0161anu, vienlaikus nodro\u0161inot minim\u0101lu vietas aiz\u0146em\u0161anu.<\/p>\n<p>Konkur\u0113tsp\u0113j\u012bg\u0101s cenas 2 tonnu dubult\u0101s iedarb\u012bbas mazais hidrauliskais cilindrs ir ar\u012b izstr\u0101d\u0101ts, lai b\u016btu \u013coti iztur\u012bgs un ilgm\u016b\u017e\u012bgs. Tam ir iztur\u012bga konstrukcija, kas ir notur\u012bga pret nodilumu, kas nodro\u0161ina, ka tas var iztur\u0113t daudzu gadu intens\u012bvu lieto\u0161anu bez nepiecie\u0161am\u012bbas p\u0113c bie\u017eas apkopes vai remonta.<\/p>\n<p>Neatkar\u012bgi no t\u0101, vai mekl\u0113jat hidraulisko cilindru izmanto\u0161anai ra\u017eo\u0161an\u0101, b\u016bvniec\u012bb\u0101 vai jebkur\u0101 cit\u0101 r\u016bpniecisk\u0101 pielietojum\u0101, konkur\u0113tsp\u0113j\u012bgas cenas 2 tonnu dubult\u0101s iedarb\u012bbas mazais hidrauliskais cilindrs ir ide\u0101la izv\u0113le. Ar savu izcilo veiktsp\u0113ju, uzticam\u012bbu un iztur\u012bbu \u0161is hidrauliskais cilindrs noteikti nodro\u0161in\u0101s nepiecie\u0161amos rezult\u0101tus, lai j\u016bsu darb\u012bbas norit\u0113tu nevainojami un efekt\u012bvi.<\/p>\n<p>Iepaz\u012bstin\u0101m ar m\u016bsu konkur\u0113tsp\u0113j\u012bg\u0101s cenas, divk\u0101r\u0161\u0101s iedarb\u012bbas, mazo hidraulisko cilindru ar 2 tonnu celtsp\u0113ju. \u0160is jaunais, standarta mode\u013ca virzu\u013ccilindrs pied\u0101v\u0101 jaud\u012bgu hidraulisko darb\u012bbu, kas padara to ide\u0101li piem\u0113rotu da\u017e\u0101d\u0101m nozar\u0113m, tostarp ma\u0161\u012bnb\u016bves remonta darbn\u012bc\u0101m, saimniec\u012bb\u0101m, ener\u0123\u0113tikas un ieguves r\u016bpniec\u012bbai, ma\u0161\u012bnb\u016bves ra\u017eo\u0161anai un ma\u0161\u012bnb\u016bves r\u016bpn\u012bc\u0101m.<\/p>\n<h2>Produkta \u012bpa\u0161\u012bbas un specifik\u0101cijas<\/h2>\n<p>M\u016bsu hidrauliskais cilindrs ir paz\u012bstams ar savu iztur\u012bbu un ilgm\u016b\u017e\u012bbu, un t\u0101 korpuss ir izgatavots no t\u0113rauda, \u200b\u200blai iztur\u0113tu vissare\u017e\u0123\u012bt\u0101k\u0101s vides. T\u0101 maksim\u0101l\u0101 vilces jauda ir 3000 tonnas un maksim\u0101l\u0101 vilk\u0161anas jauda ir 20 tonnas, kas nodro\u0161ina iespaid\u012bgu jaudu t\u0101 izm\u0113ram. \u0160is hidrauliskais cilindrs ir paredz\u0113ts lieto\u0161anai ar sniega arklu hidrauliskaj\u0101m sist\u0113m\u0101m, ta\u010du to var izmantot ar\u012b da\u017e\u0101dos citos pielietojumos.<\/p>\n<ul>\n<li><b>Materi\u0101ls:<\/b> T\u0113rauds<\/li>\n<li><b>Tips:<\/b> Sniega arkla hidrauliskie cilindri<\/li>\n<li><b>Maksim\u0101l\u0101 vilce:<\/b> 3000<\/li>\n<li><b>Maksim\u0101l\u0101 vilkme:<\/b> 20 tonnas<\/li>\n<li><b>Urbuma izm\u0113rs:<\/b> 2\u20136 collas<\/li>\n<li><b>Stie\u0146a izm\u0113rs:<\/b> 1,125\u20134 collas<\/li>\n<li><b>Trieciena izm\u0113rs:<\/b> 4\u2013100 collas<\/li>\n<li><b>Tapas izm\u0113rs:<\/b> 0,5\u20132 collas<\/li>\n<li><b>Kr\u0101sa:<\/b> Melns<\/li>\n<\/ul>\n<p><img decoding=\"async\" title=\"Sniega arkla hidrauliskais cilindrs\" src=\"https:\/\/hzpt.com\/wp-content\/uploads\/2023\/11\/Snow-Plow-Hydraulic-Cylinder-2.webp\" alt=\"Sniega arkla hidrauliskais cilindrs\" \/><\/p>\n<h2>Regul\u0113jamu skavu tipa cilindru priek\u0161roc\u012bbas<\/h2>\n<ul>\n<li><b>Paaugstin\u0101ta daudzpus\u012bba:<\/b> Regul\u0113jami skavu tipa cilindri pied\u0101v\u0101 liel\u0101ku kust\u012bbas diapazonu un elast\u012bbu sal\u012bdzin\u0101jum\u0101 ar fiks\u0113ta stiprin\u0101juma cilindriem. Tos var piel\u0101got da\u017e\u0101diem pielietojumiem, padarot tos par popul\u0101ru izv\u0113li da\u017e\u0101d\u0101s nozar\u0113s, s\u0101kot no b\u016bvniec\u012bbas l\u012bdz ra\u017eo\u0161anai. \u0160o cilindru daudzpus\u012bba var pal\u012bdz\u0113t samazin\u0101t nepiecie\u0161am\u012bbu p\u0113c vair\u0101kiem cilindriem un ietaup\u012bt izmaksas.<\/li>\n<li><b>Lab\u0101ka slodzes kontrole:<\/b> Regul\u0113jami skavu tipa cilindri nodro\u0161ina lab\u0101ku slodzes kontroli, \u013caujot prec\u012bzi p\u0101rvietot un pozicion\u0113t smagu apr\u012bkojumu vai materi\u0101lus. Tas ir \u012bpa\u0161i svar\u012bgi lietojumos, kuros nepiecie\u0161ama prec\u012bza un kontrol\u0113ta kust\u012bba, piem\u0113ram, ra\u017eo\u0161anas vai mont\u0101\u017eas l\u012bnij\u0101s. Sp\u0113ja kontrol\u0113t kravas kust\u012bbu nodro\u0161ina ar\u012b darbinieku dro\u0161\u012bbu un samazina negad\u012bjumu vai iek\u0101rtu boj\u0101jumu risku.<\/li>\n<li><b>Uzlabota efektivit\u0101te:<\/b> Ar iesp\u0113ju piel\u0101got un prec\u012bzi noregul\u0113t cilindra g\u0101jiena garumu, regul\u0113jamie skavu tipa cilindri var uzlabot kop\u0113jo efektivit\u0101ti. Samazinot nelietder\u012bg\u0101s kust\u012bbas apjomu, \u0161ie cilindri var pal\u012bdz\u0113t palielin\u0101t ra\u017eo\u0161anas apjomu un samazin\u0101t ekspluat\u0101cijas izmaksas. Tas ir \u012bpa\u0161i izdev\u012bgi lietojumos, kuros nepiecie\u0161ama augsta precizit\u0101tes un atk\u0101rtojam\u012bbas pak\u0101pe.<\/li>\n<li><b>Ilg\u0101ks kalpo\u0161anas laiks:<\/b> Regul\u0113jami skavu tipa cilindri ir izstr\u0101d\u0101ti, lai iztur\u0113tu intens\u012bvu lieto\u0161anu un sare\u017e\u0123\u012btus vides apst\u0101k\u013cus. Tie ir izgatavoti no augstas kvalit\u0101tes materi\u0101liem un ir paredz\u0113ti, lai iztur\u0113tu pret nodilumu. Pareizi apkopjot un r\u016bp\u0113joties, \u0161ie cilindri var kalpot daudzus gadus, nodro\u0161inot uzticamu un rentablu risin\u0101jumu pla\u0161am pielietojumu kl\u0101stam. 2 tonnu dubult\u0101 efekta maz\u0101 hidraulisk\u0101 cilindra konkur\u0113tsp\u0113j\u012bg\u0101 cena padara to par iecien\u012btu izv\u0113li tiem, kas mekl\u0113 uzticamu un rentablu risin\u0101jumu.<\/li>\n<li><b>Samazin\u0101ts d\u012bkst\u0101ves laiks:<\/b> Darb\u012bbas trauc\u0113jumu vai boj\u0101juma gad\u012bjum\u0101 regul\u0113jamus skavu tipa cilindrus var viegli salabot vai nomain\u012bt. \u0160o cilindru modul\u0101r\u0101 konstrukcija nodro\u0161ina \u0101tru un vienk\u0101r\u0161u apkopi, samazinot d\u012bkst\u0101ves laiku un nodro\u0161inot, ka iek\u0101rtas p\u0113c iesp\u0113jas \u0101tr\u0101k atkal darbojas. Tas ir \u012bpa\u0161i svar\u012bgi nozar\u0113s, kur d\u012bkst\u0101ve var rad\u012bt iev\u0113rojamus finansi\u0101lus zaud\u0113jumus.<\/li>\n<\/ul>\n<p>Kopum\u0101 regul\u0113jami skavu tipa cilindri pied\u0101v\u0101 virkni priek\u0161roc\u012bbu sal\u012bdzin\u0101jum\u0101 ar fiks\u0113ta stiprin\u0101juma cilindriem. Tie nodro\u0161ina liel\u0101ku daudzpus\u012bbu, lab\u0101ku slodzes kontroli, uzlabotu efektivit\u0101ti, ilg\u0101ku kalpo\u0161anas laiku un samazin\u0101tu d\u012bkst\u0101ves laiku. 2 tonnu dubult\u0101 efekta maz\u0101 hidraulisk\u0101 cilindra konkur\u0113tsp\u0113j\u012bg\u0101 cena padara to par iecien\u012btu izv\u0113li tiem, kas mekl\u0113 uzticamu un rentablu risin\u0101jumu.<\/p>\n<h3>Par FMP<\/h3>\n<p>FMP ir uz\u0146\u0113mums, kas specializ\u0113jas hidraulisko cilindru ra\u017eo\u0161an\u0101 un p\u0101rdo\u0161an\u0101. Atrodamies It\u0101lij\u0101, m\u0113s pied\u0101v\u0101jam augstas kvalit\u0101tes un uzticamus hidrauliskos cilindrus, pateicoties m\u016bsu daudzu gadu pieredzei nozar\u0113 un profesion\u0101lajai komandai.<\/p>\n<p><img decoding=\"async\" src=\"https:\/\/fmp-components.com\/wp-content\/uploads\/2024\/12\/Adjustable-Clevis-Type-Cylinders-6.webp\" alt=\"Regul\u0113jams skavu tipa cilindrs\" width=\"817\" title=\"\"><\/p>\n<ol>\n<li>Pla\u0161s produktu kl\u0101sts: M\u0113s pied\u0101v\u0101jam daudzveid\u012bgu hidraulisko cilindru kl\u0101stu, kas piem\u0113rots da\u017e\u0101diem pielietojumiem celtniec\u012bbas tehnikas nozar\u0113.<\/li>\n<li>Augst\u0101k\u0101 kvalit\u0101te: Visi m\u016bsu hidrauliskie cilindri ir izgatavoti, izmantojot augst\u0101k\u0101s kvalit\u0101tes materi\u0101lus, un tiem tiek veiktas stingras kvalit\u0101tes kontroles p\u0101rbaudes, lai nodro\u0161in\u0101tu to iztur\u012bbu un veiktsp\u0113ju.<\/li>\n<li>Piel\u0101go\u0161anas iesp\u0113jas: M\u0113s pied\u0101v\u0101jam piel\u0101go\u0161anas pakalpojumus, lai apmierin\u0101tu m\u016bsu klientu \u012bpa\u0161\u0101s pras\u012bbas, nodro\u0161inot piel\u0101gotus risin\u0101jumus vi\u0146u celtniec\u012bbas tehnikas vajadz\u012bb\u0101m.<\/li>\n<li>Pieredz\u0113jusi p\u0101rdo\u0161anas komanda: M\u016bsu pieredz\u0113ju\u0161ajai p\u0101rdo\u0161anas komandai ir padzi\u013cin\u0101tas zin\u0101\u0161anas par celtniec\u012bbas tehnikas nozari un t\u0101 var sniegt profesion\u0101las konsult\u0101cijas par produktiem, lai pal\u012bdz\u0113tu klientiem pie\u0146emt p\u0101rdom\u0101tus l\u0113mumus par pirkumiem.<\/li>\n<li>Efekt\u012bva lo\u0123istika: Ar m\u016bsu efekt\u012bvo lo\u0123istikas izplat\u012b\u0161anas sist\u0113mu m\u0113s garant\u0113jam savlaic\u012bgu un prec\u012bzu hidraulisko cilindru pieg\u0101di m\u016bsu klientiem, nodro\u0161inot, ka vi\u0146u projekti var norit\u0113t gludi un bez kav\u0113\u0161an\u0101s.<\/li>\n<\/ol>\n<p>Sadarbojieties ar FMP visu savu hidraulisko cilindru vajadz\u012bbu apmierin\u0101\u0161anai un izbaudiet uzticam\u012bbu, kvalit\u0101ti un profesionalit\u0101ti, kas m\u016bs at\u0161\u0137ir celtniec\u012bbas tehnikas nozar\u0113.<\/p>\n<p>Autors: CX<\/p>","protected":false},"excerpt":{"rendered":"<p>Competitive Price 2 Ton Double Effect Small Hydraulic Cylinder Product Introduction: Competitive Price 2 Ton Double Effect Small Hydraulic Cylinder The Competitive Price 2 Ton Double Effect Small Hydraulic Cylinder is a highly efficient and reliable hydraulic cylinder that is designed to deliver superior performance for a wide range of industrial applications. This hydraulic cylinder [&hellip;]<\/p>","protected":false},"featured_media":1479,"comment_status":"closed","ping_status":"closed","template":"","meta":{"_et_pb_use_builder":"","_et_pb_old_content":"","_et_gb_content_width":""},"product_brand":[],"product_cat":[42],"product_tag":[34,44],"class_list":{"0":"post-1478","1":"product","2":"type-product","3":"status-publish","4":"has-post-thumbnail","6":"product_cat-snow-plow-hydraulic-cylinder","7":"product_tag-hydraulic-cylinder","8":"product_tag-snow-plow-hydraulic-cylinder","10":"first","11":"instock","12":"product-type-simple"},"_links":{"self":[{"href":"https:\/\/fmp-components.com\/lv\/wp-json\/wp\/v2\/product\/1478","targetHints":{"allow":["GET"]}}],"collection":[{"href":"https:\/\/fmp-components.com\/lv\/wp-json\/wp\/v2\/product"}],"about":[{"href":"https:\/\/fmp-components.com\/lv\/wp-json\/wp\/v2\/types\/product"}],"replies":[{"embeddable":true,"href":"https:\/\/fmp-components.com\/lv\/wp-json\/wp\/v2\/comments?post=1478"}],"wp:featuredmedia":[{"embeddable":true,"href":"https:\/\/fmp-components.com\/lv\/wp-json\/wp\/v2\/media\/1479"}],"wp:attachment":[{"href":"https:\/\/fmp-components.com\/lv\/wp-json\/wp\/v2\/media?parent=1478"}],"wp:term":[{"taxonomy":"product_brand","embeddable":true,"href":"https:\/\/fmp-components.com\/lv\/wp-json\/wp\/v2\/product_brand?post=1478"},{"taxonomy":"product_cat","embeddable":true,"href":"https:\/\/fmp-components.com\/lv\/wp-json\/wp\/v2\/product_cat?post=1478"},{"taxonomy":"product_tag","embeddable":true,"href":"https:\/\/fmp-components.com\/lv\/wp-json\/wp\/v2\/product_tag?post=1478"}],"curies":[{"name":"wp","href":"https:\/\/api.w.org\/{rel}","templated":true}]}}