{"id":1476,"date":"2024-12-23T05:49:26","date_gmt":"2024-12-23T05:49:26","guid":{"rendered":"https:\/\/fmp-components.com\/product\/superior-quality-small-welded-hydraulic-oil-cylinder\/"},"modified":"2024-12-23T06:35:24","modified_gmt":"2024-12-23T06:35:24","slug":"superior-quality-small-welded-hydraulic-oil-cylinder","status":"publish","type":"product","link":"https:\/\/fmp-components.com\/lv\/product\/superior-quality-small-welded-hydraulic-oil-cylinder\/","title":{"rendered":"Augstas kvalit\u0101tes mazs metin\u0101ts hidraulisk\u0101s e\u013c\u013cas cilindrs"},"content":{"rendered":"<h2>Augstas kvalit\u0101tes mazs metin\u0101ts hidraulisk\u0101s e\u013c\u013cas cilindrs<\/h2>\n<p>Iepaz\u012bstin\u0101m ar augst\u0101k\u0101s kvalit\u0101tes mazo metin\u0101to hidraulisk\u0101s e\u013c\u013cas cilindru:<\/p>\n<p>Augst\u0101k\u0101s kvalit\u0101tes mazais metin\u0101tais hidrauliskais e\u013c\u013cas cilindrs ir \u013coti uzticams un efekt\u012bvs produkts, kas paredz\u0113ts da\u017e\u0101diem r\u016bpnieciskiem lietojumiem. Pateicoties progres\u012bvajai tehnolo\u0123ijai un augst\u0101k\u0101s klases meistar\u012bbai, \u0161is hidrauliskais cilindrs ir rad\u012bts, lai nodro\u0161in\u0101tu izcilu veiktsp\u0113ju un ilgm\u016b\u017e\u012bbu.<\/p>\n<p>\u0160is hidraulisk\u0101s e\u013c\u013cas cilindrs ir meistar\u012bgi izgatavots, izmantojot augstas kvalit\u0101tes materi\u0101lus, nodro\u0161inot iztur\u012bbu un nodilumiztur\u012bbu. T\u0101 metin\u0101t\u0101 konstrukcija nodro\u0161ina izcilu iztur\u012bbu un stabilit\u0101ti, padarot to piem\u0113rotu pat vispras\u012bg\u0101kaj\u0101m hidrauliskaj\u0101m sist\u0113m\u0101m.<\/p>\n<p>\u0160is cilindrs, kas apr\u012bkots ar modern\u0101ko hidraulisko tehnolo\u0123iju, pied\u0101v\u0101 prec\u012bzu vad\u012bbu un vienm\u0113r\u012bgu darb\u012bbu. Tas nodro\u0161ina efekt\u012bvu sp\u0113ka p\u0101rnesi, nodro\u0161inot vienm\u0113r\u012bgu kust\u012bbu un optim\u0101lu veiktsp\u0113ju hidrauliskaj\u0101s iek\u0101rt\u0101s.<\/p>\n<p>Augst\u0101k\u0101s kvalit\u0101tes mazais metin\u0101tais hidraulisk\u0101s e\u013c\u013cas cilindrs ir paz\u012bstams ar savu iespaid\u012bgo nestsp\u0113ju un iztur\u012bbu pret augstu spiedienu. Tas padara to ide\u0101li piem\u0113rotu lieljaudas lietojumiem, kuriem nepiecie\u0161ama uzticama un iztur\u012bga hidraulisk\u0101 sist\u0113ma.<\/p>\n<p>Turkl\u0101t \u0161is hidrauliskais cilindrs tiek r\u016bp\u012bgi p\u0101rbaud\u012bts un p\u0101rbaud\u012bts, lai atbilstu augst\u0101kajiem kvalit\u0101tes standartiem. Tas tiek pak\u013cauts stingr\u0101m veiktsp\u0113jas p\u0101rbaud\u0113m, lai nodro\u0161in\u0101tu t\u0101 funkcionalit\u0101ti un uzticam\u012bbu da\u017e\u0101dos ekspluat\u0101cijas apst\u0101k\u013cos.<\/p>\n<p>Rezum\u0113jot, augst\u0101k\u0101s kvalit\u0101tes mazais metin\u0101tais hidraulisk\u0101s e\u013c\u013cas cilindrs ir augst\u0101k\u0101s klases produkts, kas paredz\u0113ts izcilas veiktsp\u0113jas un iztur\u012bbas nodro\u0161in\u0101\u0161anai. Pateicoties progres\u012bvajai tehnolo\u0123ijai, prec\u012bzajai vad\u012bbai un izcilajai iztur\u012bbai, t\u0101 ir lieliska izv\u0113le r\u016bpnieciskiem lietojumiem, kuriem nepiecie\u0161amas uzticamas hidraulisk\u0101s sist\u0113mas.<\/p>\n<p><img decoding=\"async\" title=\"Sniega arkla hidrauliskais cilindrs\" src=\"https:\/\/hzpt.com\/wp-content\/uploads\/2023\/11\/Snow-Plow-Hydraulic-Cylinder-3.webp\" alt=\"Sniega arkla hidrauliskais cilindrs\" \/><\/p>\n<h2>Iepaz\u012bstin\u0101m ar augst\u0101k\u0101s kvalit\u0101tes mazo metin\u0101to hidraulisk\u0101s e\u013c\u013cas cilindru<\/h2>\n<p>Iepaz\u012bstin\u0101m ar augst\u0101k\u0101s kvalit\u0101tes mazo metin\u0101to hidraulisko e\u013c\u013cas cilindru \u2014 augst\u0101k\u0101s klases ma\u0161\u012bnu komponentu, kas izstr\u0101d\u0101ts, lai atbilstu vair\u0101ku nozaru stingraj\u0101m pras\u012bb\u0101m. \u0160is hidrauliskais cilindrs ir jauns, \u013coti uzticams un tam ir viena gada garantija, kas apliecina m\u016bsu ap\u0146em\u0161anos nodro\u0161in\u0101t kvalit\u0101ti un uzticam\u012bbu.<\/p>\n<h2>Produkta funkcijas<\/h2>\n<p>Hidrauliskais e\u013c\u013cas cilindrs ir izgatavots no iztur\u012bga t\u0113rauda un konstru\u0113ts standarta virzu\u013ccilindra konstrukcij\u0101, kas ir ide\u0101li piem\u0113rota tehnikas remonta darbn\u012bc\u0101m, lauksaimniec\u012bbas darbn\u012bc\u0101m, ener\u0123\u0113tikas un ieguves r\u016bpniec\u012bbai, tehnikas ra\u017eo\u0161anai un r\u016bpn\u012bc\u0101m. Ar 12 kg svaru \u0161o hidraulisko cilindru ir viegli lietot. T\u0101 galven\u0101s sast\u0101vda\u013cas ir gultnis un hidrauliskais cilindrs, kuriem ir viena gada garantija. Cilindrs darbojas ar hidraulisko sp\u0113ku un var iztur\u0113t maksim\u0101lo vilces sp\u0113ku 3000 un maksim\u0101lo vilk\u0161anas sp\u0113ku 20 tonnas, padarot to par iztur\u012bgu un uzticamu risin\u0101jumu nozar\u0113m, kur\u0101s notiek augstspiediena darb\u012bbas.<\/p>\n<h2>Tehnisk\u0101s specifik\u0101cijas<\/h2>\n<ul>\n<li>Standarta vai nestandarta: Standarta<\/li>\n<li>Strukt\u016bra: virzu\u013ccilindrs<\/li>\n<li>Jauda: hidrauliska<\/li>\n<li>Korpusa materi\u0101ls: t\u0113rauds<\/li>\n<li>Maksim\u0101l\u0101 vilce: 3000<\/li>\n<li>Maksim\u0101l\u0101 vilkme: 20 tonnas<\/li>\n<li>Prot: G\/SAE\/NPT\/M<\/li>\n<li>Urbuma izm\u0113rs: 2\u20136 collas<\/li>\n<li>Stie\u0146a izm\u0113rs: 1,125\u20134 collas<\/li>\n<li>G\u0101jiena izm\u0113rs: 4\u2013100 collas<\/li>\n<li>Tapas izm\u0113rs: 0,5\u20132 collas<\/li>\n<\/ul>\n<h2>Regul\u0113jamu skavu tipa cilindru priek\u0161roc\u012bbas<\/h2>\n<p>Regul\u0113jami skavas tipa cilindri k\u013c\u016bst arvien popul\u0101r\u0101ki da\u017e\u0101dos r\u016bpnieciskos pielietojumos, pateicoties to daudzaj\u0101m priek\u0161roc\u012bb\u0101m. \u0160aj\u0101 rakst\u0101 m\u0113s izp\u0113t\u012bsim \u0161o cilindru priek\u0161roc\u012bbas un to, k\u0101p\u0113c tie ir p\u0101r\u0101ki par cita veida hidrauliskajiem cilindriem.<\/p>\n<h3>1. Daudzpus\u012bba<\/h3>\n<p>Viena no regul\u0113jamu skavu tipa cilindru galvenaj\u0101m priek\u0161roc\u012bb\u0101m ir to daudzpus\u012bba. \u0160os cilindrus var izmantot pla\u0161\u0101 pielietojumu kl\u0101st\u0101, s\u0101kot no celtniec\u012bbas tehnikas l\u012bdz lauksaimniec\u012bbas tehnikai. \u0160\u012b daudzpus\u012bba ir saist\u012bta ar to sp\u0113ju tos viegli piel\u0101got konkr\u0113t\u0101m pras\u012bb\u0101m, padarot tos par ide\u0101lu izv\u0113li lietojumiem, kuros elast\u012bba ir \u013coti svar\u012bga.<\/p>\n<h3>2. Precizit\u0101te<\/h3>\n<p>V\u0113l viena regul\u0113jamu skavu tipa cilindru priek\u0161roc\u012bba ir to precizit\u0101te. \u0160ie cilindri ir izstr\u0101d\u0101ti, lai nodro\u0161in\u0101tu prec\u012bzu un uzticamu vad\u012bbu, padarot tos ide\u0101li piem\u0113rotus lietojumiem, kuros nepiecie\u0161ama prec\u012bza kust\u012bba. \u0160\u012b precizit\u0101te tiek pan\u0101kta, izmantojot augstas kvalit\u0101tes materi\u0101lus un progres\u012bvas ra\u017eo\u0161anas metodes, k\u0101 rezult\u0101t\u0101 tiek ieg\u016bts augst\u0101k\u0101s kvalit\u0101tes mazs metin\u0101ts hidraulisk\u0101s e\u013c\u013cas cilindrs.<\/p>\n<h3>3. Iztur\u012bba<\/h3>\n<p>Regul\u0113jami skavu tipa cilindri ir paz\u012bstami ar\u012b ar savu iztur\u012bbu. \u0160ie cilindri ir izstr\u0101d\u0101ti, lai iztur\u0113tu pat visskarb\u0101kos vides apst\u0101k\u013cus, padarot tos ide\u0101li piem\u0113rotus lieto\u0161anai lieljaudas lietojumos. \u0160\u012b iztur\u012bba ir saist\u012bta ar augstas kvalit\u0101tes materi\u0101lu un progres\u012bvu ra\u017eo\u0161anas meto\u017eu izmanto\u0161anu, kas nodro\u0161ina cilindru ilgm\u016b\u017e\u012bbu.<\/p>\n<h3>4. Efektivit\u0101te<\/h3>\n<p>Efektivit\u0101te ir v\u0113l viena regul\u0113jamu skavu tipa cilindru priek\u0161roc\u012bba. \u0160ie cilindri ir izstr\u0101d\u0101ti, lai nodro\u0161in\u0101tu maksim\u0101lu jaudu ar minim\u0101lu ener\u0123ijas pat\u0113ri\u0146u, padarot tos par energoefekt\u012bvu risin\u0101jumu pla\u0161am pielietojumu kl\u0101stam. \u0160\u012b efektivit\u0101te tiek pan\u0101kta, izmantojot uzlabotas hidraulisk\u0101s sist\u0113mas un citas konstrukcijas funkcijas, kas optimiz\u0113 veiktsp\u0113ju un samazina ener\u0123ijas zudumus.<\/p>\n<h3>5. Piel\u0101go\u0161ana<\/h3>\n<p>Visbeidzot, regul\u0113jamie skavu tipa cilindri pied\u0101v\u0101 augstu piel\u0101go\u0161anas pak\u0101pi. \u0160os cilindrus var viegli modific\u0113t, lai tie atbilstu \u012bpa\u0161\u0101m pras\u012bb\u0101m, padarot tos par ide\u0101lu izv\u0113li lietojumiem, kuros nepiecie\u0161ama piel\u0101go\u0161ana. \u0160\u012b piel\u0101go\u0161ana var ietvert cilindra urbuma, g\u0101jiena garuma un mont\u0101\u017eas iesp\u0113ju modifik\u0101cijas, k\u0101 ar\u012b citas funkcijas, nodro\u0161inot, ka cilindrs prec\u012bzi atbilst lietojuma vajadz\u012bb\u0101m.<\/p>\n<p>Nosl\u0113gum\u0101 j\u0101secina, ka regul\u0113jamie cilindri ar skavu pied\u0101v\u0101 pla\u0161u priek\u0161roc\u012bbu kl\u0101stu, kas padara tos par ide\u0101lu izv\u0113li da\u017e\u0101diem r\u016bpnieciskiem pielietojumiem. S\u0101kot ar to daudzpus\u012bbu un precizit\u0101ti un beidzot ar iztur\u012bbu, efektivit\u0101ti un piel\u0101go\u0161anas iesp\u0113j\u0101m, \u0161ie cilindri nodro\u0161ina izcilu veiktsp\u0113ju un uzticam\u012bbu, padarot tos par iecien\u012btu izv\u0113li nozar\u0113.<\/p>\n<h3>Par FMP<\/h3>\n<p>FMP ir uz\u0146\u0113mums, kas specializ\u0113jas hidraulisko cilindru ra\u017eo\u0161an\u0101 un p\u0101rdo\u0161an\u0101. Pateicoties m\u016bsu daudzu gadu pieredzei nozar\u0113 un profesion\u0101lai komandai, m\u0113s nodro\u0161in\u0101m klientus ar augstas kvalit\u0101tes un uzticamiem hidrauliskajiem cilindriem celtniec\u012bbas tehnikai.<\/p>\n<p><img decoding=\"async\" src=\"https:\/\/fmp-components.com\/wp-content\/uploads\/2024\/12\/Adjustable-Clevis-Type-Cylinders-6.webp\" alt=\"Regul\u0113jams skavu tipa cilindrs\" width=\"816\" title=\"\"><\/p>\n<p>\u0160eit ir pieci iemesli, k\u0101p\u0113c jums vajadz\u0113tu izv\u0113l\u0113ties m\u016bsu hidrauliskos cilindrus:<\/p>\n<ol>\n<li>Pla\u0161s iesp\u0113ju kl\u0101sts: M\u0113s pied\u0101v\u0101jam pla\u0161u hidraulisko cilindru kl\u0101stu, tostarp regul\u0113jamus skavu tipa cilindrus, \u0161arn\u012brstiep\u0146u cilindrus, metin\u0101tus cilindrus, teleskopiskos cilindrus un kompaktos cilindrus. Lai k\u0101das b\u016btu j\u016bsu celtniec\u012bbas tehnikas vajadz\u012bbas, mums ir ide\u0101ls cilindrs tie\u0161i jums.<\/li>\n<li>Izcila kvalit\u0101te: Visi m\u016bsu hidrauliskie cilindri ir izgatavoti, izmantojot augstas kvalit\u0101tes materi\u0101lus, un tiem tiek veiktas stingras kvalit\u0101tes kontroles p\u0101rbaudes. M\u0113s nodro\u0161in\u0101m, ka katrs cilindrs atbilst stingriem nozares standartiem, nodro\u0161inot jums uzticamu un iztur\u012bgu veiktsp\u0113ju.<\/li>\n<li>Piel\u0101go\u0161ana: M\u0113s saprotam, ka katram b\u016bvniec\u012bbas projektam ir unik\u0101las pras\u012bbas. T\u0101p\u0113c m\u0113s pied\u0101v\u0101jam piel\u0101go\u0161anas iesp\u0113jas m\u016bsu hidrauliskajiem cilindriem. Neatkar\u012bgi no t\u0101, vai tas ir izm\u0113rs, mont\u0101\u017eas veids vai spiediena v\u0113rt\u0113jums, m\u0113s varam piel\u0101got cilindru j\u016bsu \u012bpa\u0161aj\u0101m vajadz\u012bb\u0101m.<\/li>\n<li>Ekspertu konsult\u0101cijas: M\u016bsu zino\u0161\u0101 p\u0101rdo\u0161anas komanda labi p\u0101rzina celtniec\u012bbas tehnikas nozari. Vi\u0146i var sniegt profesion\u0101las produktu konsult\u0101cijas, pal\u012bdzot jums izv\u0113l\u0113ties pareizo hidraulisko cilindru j\u016bsu apr\u012bkojumam. M\u0113s esam ap\u0146\u0113mu\u0161ies rast lab\u0101kos risin\u0101jumus m\u016bsu klientiem.<\/li>\n<li>Efekt\u012bva izplat\u012b\u0161ana: Mums ir efekt\u012bva lo\u0123istikas izplat\u012b\u0161anas sist\u0113ma, lai nodro\u0161in\u0101tu, ka j\u016bs savlaic\u012bgi un prec\u012bzi sa\u0146emat savus hidrauliskos cilindrus. J\u016bs varat pa\u013cauties uz mums, ka pieg\u0101d\u0101sim jums nepiecie\u0161am\u0101s deta\u013cas, kad t\u0101s ir nepiecie\u0161amas, samazinot j\u016bsu tehnikas d\u012bkst\u0101ves laiku.<\/li>\n<\/ol>\n<p>Izv\u0113lieties FMP sav\u0101m hidraulisko cilindru vajadz\u012bb\u0101m un izbaudiet at\u0161\u0137ir\u012bbu. Sazinieties ar mums jau \u0161odien, lai apspriestu, k\u0101 m\u0113s varam izpild\u012bt j\u016bsu celtniec\u012bbas tehnikas pras\u012bbas.<\/p>\n<h2>Bie\u017ei uzdotie jaut\u0101jumi<\/h2>\n<h3>J: Vai j\u016bs esat tirdzniec\u012bbas uz\u0146\u0113mums vai ra\u017eot\u0101js?<\/h3>\n<p>A: M\u0113s esam r\u016bpn\u012bca, un m\u0113s ra\u017eojam savus produktus.<\/p>\n<h3>J: Cik ilgs ir j\u016bsu pieg\u0101des laiks?<\/h3>\n<p>A: Parasti m\u016bsu pieg\u0101des laiks ir 25\u201335 dienas.<\/p>\n<h3>J: Vai j\u016bs varat ra\u017eot atbilsto\u0161i paraugiem?<\/h3>\n<p>A: J\u0101, m\u0113s varam izgatavot p\u0113c j\u016bsu paraugiem vai tehniskajiem ras\u0113jumiem. M\u0113s varam izgatavot veidnes un armat\u016bru.<\/p>\n<p><img decoding=\"async\" src=\"https:\/\/hzpt.com\/wp-content\/uploads\/2023\/11\/Snow-Plow-Hydraulic-Cylinder-4Factory.webp\" alt=\"Ever-Power transmisijas r\u016bpn\u012bca\" title=\"\"><\/p>\n<p>Autors: CX<\/p>","protected":false},"excerpt":{"rendered":"<p>Superior Quality Small Welded Hydraulic Oil Cylinder Introducing the Superior Quality Small Welded Hydraulic Oil Cylinder: The Superior Quality Small Welded Hydraulic Oil Cylinder is a highly reliable and efficient product designed for various industrial applications. With its advanced technology and top-notch craftsmanship, this hydraulic cylinder is built to deliver exceptional performance and longevity. This [&hellip;]<\/p>","protected":false},"featured_media":1477,"comment_status":"closed","ping_status":"closed","template":"","meta":{"_et_pb_use_builder":"","_et_pb_old_content":"","_et_gb_content_width":""},"product_brand":[],"product_cat":[42],"product_tag":[34,44],"class_list":{"0":"post-1476","1":"product","2":"type-product","3":"status-publish","4":"has-post-thumbnail","6":"product_cat-snow-plow-hydraulic-cylinder","7":"product_tag-hydraulic-cylinder","8":"product_tag-snow-plow-hydraulic-cylinder","10":"first","11":"instock","12":"product-type-simple"},"_links":{"self":[{"href":"https:\/\/fmp-components.com\/lv\/wp-json\/wp\/v2\/product\/1476","targetHints":{"allow":["GET"]}}],"collection":[{"href":"https:\/\/fmp-components.com\/lv\/wp-json\/wp\/v2\/product"}],"about":[{"href":"https:\/\/fmp-components.com\/lv\/wp-json\/wp\/v2\/types\/product"}],"replies":[{"embeddable":true,"href":"https:\/\/fmp-components.com\/lv\/wp-json\/wp\/v2\/comments?post=1476"}],"wp:featuredmedia":[{"embeddable":true,"href":"https:\/\/fmp-components.com\/lv\/wp-json\/wp\/v2\/media\/1477"}],"wp:attachment":[{"href":"https:\/\/fmp-components.com\/lv\/wp-json\/wp\/v2\/media?parent=1476"}],"wp:term":[{"taxonomy":"product_brand","embeddable":true,"href":"https:\/\/fmp-components.com\/lv\/wp-json\/wp\/v2\/product_brand?post=1476"},{"taxonomy":"product_cat","embeddable":true,"href":"https:\/\/fmp-components.com\/lv\/wp-json\/wp\/v2\/product_cat?post=1476"},{"taxonomy":"product_tag","embeddable":true,"href":"https:\/\/fmp-components.com\/lv\/wp-json\/wp\/v2\/product_tag?post=1476"}],"curies":[{"name":"wp","href":"https:\/\/api.w.org\/{rel}","templated":true}]}}