{"id":1474,"date":"2024-12-23T05:49:26","date_gmt":"2024-12-23T05:49:26","guid":{"rendered":"https:\/\/fmp-components.com\/product\/new-model-double-acting-small-hydraulic-piston-cylinder\/"},"modified":"2024-12-23T06:33:50","modified_gmt":"2024-12-23T06:33:50","slug":"new-model-double-acting-small-hydraulic-piston-cylinder","status":"publish","type":"product","link":"https:\/\/fmp-components.com\/lv\/product\/new-model-double-acting-small-hydraulic-piston-cylinder\/","title":{"rendered":"Jauna mode\u013ca divk\u0101r\u0161as darb\u012bbas mazais hidrauliskais virzu\u013ccilindrs"},"content":{"rendered":"<h2>Jauna mode\u013ca divk\u0101r\u0161as darb\u012bbas mazais hidrauliskais virzu\u013ccilindrs<\/h2>\n<p>Iepaz\u012bstin\u0101m ar jaun\u0101 mode\u013ca divk\u0101r\u0161as darb\u012bbas mazo hidraulisko virzu\u013ccilindru:<\/p>\n<p>Jaun\u0101 mode\u013ca divk\u0101r\u0161as darb\u012bbas mazais hidrauliskais virzu\u013ccilindrs ir revolucion\u0101rs produkts, kas paredz\u0113ts efekt\u012bvas un uzticamas hidraulisk\u0101s jaudas nodro\u0161in\u0101\u0161anai. Pateicoties kompaktajam izm\u0113ram un izcilajai veiktsp\u0113jai, \u0161is cilindrs ir lieliski piem\u0113rots pla\u0161am r\u016bpniecisko pielietojumu kl\u0101stam.<\/p>\n<p>\u0160im hidrauliskajam virzu\u013ccilindram ir divk\u0101r\u0161as darb\u012bbas konstrukcija, un to var gan izstiept, gan ievilkt, nodro\u0161inot prec\u012bzu kontroli un elast\u012bbu da\u017e\u0101d\u0101s darb\u012bb\u0101s. T\u0101 mazais izm\u0113rs padara to ide\u0101li piem\u0113rotu lieto\u0161anai \u0161aur\u0101s viet\u0101s, kur liel\u0101ki cilindri var neb\u016bt piem\u0113roti.<\/p>\n<p>\u0160is virzu\u013ccilindrs ir izgatavots no augst\u0101k\u0101s kvalit\u0101tes materi\u0101liem, lai iztur\u0113tu intens\u012bvu lieto\u0161anu un nodro\u0161in\u0101tu nemain\u012bgu veiktsp\u0113ju. T\u0101 iztur\u012bg\u0101 konstrukcija nodro\u0161ina ilgsto\u0161u iztur\u012bbu, samazinot apkopi un d\u012bkst\u0101ves laiku.<\/p>\n<p>Apr\u012bkots ar modernu hidraulisko tehnolo\u0123iju, \u0161is cilindrs nodro\u0161ina vienm\u0113r\u012bgu un uzticamu darb\u012bbu, ar prec\u012bzu \u0101truma un sp\u0113ka kontroli. Tas nodro\u0161ina optim\u0101lu veiktsp\u0113ju un palielin\u0101tu produktivit\u0101ti jebkur\u0101 pielietojum\u0101.<\/p>\n<p>Jaun\u0101 mode\u013ca divk\u0101r\u0161as darb\u012bbas mazais hidrauliskais virzu\u013ccilindrs ir viegli uzst\u0101d\u0101ms un sader\u012bgs ar liel\u0101ko da\u013cu hidraulisko sist\u0113mu. T\u0101 daudzpus\u012bgais dizains \u013cauj to neman\u0101mi integr\u0113t eso\u0161aj\u0101s sist\u0113m\u0101s, nodro\u0161inot rentablu risin\u0101jumu hidraulisko iesp\u0113ju uzlabo\u0161anai vai papla\u0161in\u0101\u0161anai.<\/p>\n<p>Neatkar\u012bgi no t\u0101, vai jums ir nepiecie\u0161ams darbin\u0101t tehniku, kontrol\u0113t smagas kravas vai veikt prec\u012bzas kust\u012bbas, jaun\u0101 mode\u013ca divk\u0101r\u0161\u0101s darb\u012bbas mazais hidrauliskais virzu\u013ccilindrs ir lab\u0101k\u0101 izv\u0113le. Uzticieties t\u0101 izcilajai veiktsp\u0113jai un iztur\u012bbai, lai viegli apmierin\u0101tu savas hidraulisk\u0101s jaudas vajadz\u012bbas.<\/p>\n<p>Izv\u0113lieties jaun\u0101 mode\u013ca divk\u0101r\u0161as darb\u012bbas mazo hidraulisko virzu\u013ccilindru un izbaudiet hidraulisk\u0101s tehnolo\u0123ijas jaudu t\u0101s lab\u0101kaj\u0101 izpausm\u0113. Uzlabojiet savu apr\u012bkojumu un atkl\u0101jiet jaunas iesp\u0113jas ar \u0161o inovat\u012bvo produktu. Iepaz\u012bstin\u0101m ar jaun\u0101 mode\u013ca divk\u0101r\u0161as darb\u012bbas mazo hidraulisko virzu\u013ccilindru \u2014 m\u016bsdienu ma\u0161\u012bnb\u016bves br\u012bnumu. \u0160is produkts ir izgatavots, izmantojot inovat\u012bvas tehnolo\u0123ijas un augst\u0101k\u0101s kvalit\u0101tes materi\u0101lus, lai nodro\u0161in\u0101tu optim\u0101lu veiktsp\u0113ju un iztur\u012bbu. \u0160is hidrauliskais virzu\u013ccilindrs ir lieliski piem\u0113rots ma\u0161\u012bnb\u016bves remonta darbn\u012bc\u0101m, saimniec\u012bb\u0101m, ener\u0123\u0113tikas un kalnr\u016bpniec\u012bbas nozar\u0113m, k\u0101 ar\u012b ma\u0161\u012bnb\u016bves r\u016bpn\u012bc\u0101m, un tas ir oblig\u0101ts priek\u0161mets smagiem darbiem.<\/p>\n<p><img decoding=\"async\" title=\"Sniega arkla hidrauliskais cilindrs\" src=\"https:\/\/hzpt.com\/wp-content\/uploads\/2023\/11\/Snow-Plow-Hydraulic-Cylinder-2.webp\" alt=\"Sniega arkla hidrauliskais cilindrs\" \/><\/p>\n<h2>Izcelt\u0101s funkcijas<\/h2>\n<p>Hidrauliskajam virzu\u013ccilindram ir viena gada garantija, kas nodro\u0161ina m\u016bsu klientu sirdsmieru. Tam ir standarta konstrukcija, un to darbina hidraulisk\u0101 ener\u0123ija. Korpusa materi\u0101ls ir iztur\u012bgs t\u0113rauds, kas sp\u0113j iztur\u0113t ekstrem\u0101lus apst\u0101k\u013cus. Ar maksim\u0101lo vilci 3000 tonnu un maksim\u0101lo vilkmi 20 tonnu, \u0161\u012b tehnika ir patiesi jaud\u012bga. Tas ir sniega arkla hidraulisk\u0101 cilindra veids ar G\/SAE\/NPT\/M piesl\u0113gviet\u0101m. Tam ir ISO9001:2000 sertifik\u0101ts, kas nodro\u0161ina t\u0101 kvalit\u0101ti un uzticam\u012bbu.<\/p>\n<p><img decoding=\"async\" title=\"Sniega arkla hidrauliskais cilindrs\" src=\"https:\/\/hzpt.com\/wp-content\/uploads\/2023\/11\/Snow-Plow-Hydraulic-Cylinder-3.webp\" alt=\"Sniega arkla hidrauliskais cilindrs\" \/><\/p>\n<h3>Papildu specifik\u0101cijas<\/h3>\n<ul>\n<li>Urbuma izm\u0113rs: 2\u20136 collas<\/li>\n<li>Stie\u0146a izm\u0113rs: 1,125\u20134 collas<\/li>\n<li>G\u0101jiena izm\u0113rs: 4\u2013100 collas<\/li>\n<li>Tapas izm\u0113rs: 0,5\u20132 collas<\/li>\n<li>Kr\u0101sa: melna<\/li>\n<\/ul>\n<p><img decoding=\"async\" src=\"https:\/\/hzpt.com\/wp-content\/uploads\/2023\/11\/Snow-Plow-Hydraulic-Cylinder-4Factory.webp\" alt=\"R\u016bpn\u012bcas att\u0113ls\" title=\"\"><\/p>\n<h2>Regul\u0113jamu skavu tipa cilindru priek\u0161roc\u012bbas<\/h2>\n<p>Regul\u0113jami skavu tipa cilindri ir popul\u0101ra izv\u0113le daudziem r\u016bpniec\u012bbas un b\u016bvniec\u012bbas pielietojumiem. \u0160iem cilindriem ir vair\u0101kas priek\u0161roc\u012bbas sal\u012bdzin\u0101jum\u0101 ar cita veida cilindriem. \u0160aj\u0101 rakst\u0101 m\u0113s apspried\u012bsim da\u017eas no regul\u0113jamu skavu tipa cilindru priek\u0161roc\u012bb\u0101m, tostarp to iztur\u012bbu, daudzpus\u012bbu un efektivit\u0101ti.<\/p>\n<h3>Iztur\u012bba<\/h3>\n<p>Viena no regul\u0113jamu skavu tipa cilindru galvenaj\u0101m priek\u0161roc\u012bb\u0101m ir to iztur\u012bba. \u0160ie cilindri ir paredz\u0113ti, lai iztur\u0113tu lielas slodzes un ekstrem\u0101lus ekspluat\u0101cijas apst\u0101k\u013cus. Augstas kvalit\u0101tes materi\u0101lu, piem\u0113ram, t\u0113rauda un alum\u012bnija sakaus\u0113jumu, izmanto\u0161ana nodro\u0161ina, ka \u0161ie cilindri var iztur\u0113t ikdienas lieto\u0161anas rad\u012bto nodilumu.<\/p>\n<p>Turkl\u0101t regul\u0113jamie skavu tipa cilindri ir izstr\u0101d\u0101ti t\u0101, lai tie b\u016btu iztur\u012bgi pret koroziju un cita veida boj\u0101jumiem, kas var rasties skarbas vides ietekm\u0113. Tas padara tos par ide\u0101lu izv\u0113li lieto\u0161anai \u0101rpus telp\u0101m, kur cilindri var tikt pak\u013cauti mitruma, s\u0101ls un citu kod\u012bgu vielu iedarb\u012bbai.<\/p>\n<h3>Daudzpus\u012bba<\/h3>\n<p>V\u0113l viena regul\u0113jamu skavu tipa cilindru priek\u0161roc\u012bba ir to daudzpus\u012bba. \u0160os cilindrus var izmantot pla\u0161\u0101 pielietojumu kl\u0101st\u0101, tostarp lauksaimniec\u012bb\u0101, b\u016bvniec\u012bb\u0101, ieguves r\u016bpniec\u012bb\u0101 un ra\u017eo\u0161an\u0101. Tos var piel\u0101got da\u017e\u0101du veidu ma\u0161\u012bn\u0101m un iek\u0101rt\u0101m, padarot tos par \u013coti daudzpus\u012bgu izv\u0113li.<\/p>\n<p>\u0160o cilindru regul\u0113jam\u0101 skavu konstrukcija nodro\u0161ina vienk\u0101r\u0161u uzst\u0101d\u012b\u0161anu un regul\u0113\u0161anu, padarot tos par \u0113rtu izv\u0113li daudziem pielietojumiem. Turkl\u0101t iesp\u0113ja regul\u0113t cilindra garumu nodro\u0161ina liel\u0101ku elast\u012bbu iek\u0101rtu konstrukcij\u0101 un darb\u012bb\u0101.<\/p>\n<h3>Efektivit\u0101te<\/h3>\n<p>Regul\u0113jami dak\u0161u tipa cilindri ir ar\u012b \u013coti efekt\u012bvi. Izmantojot modernas hidraulisk\u0101s sist\u0113mas, piem\u0113ram, jaun\u0101 mode\u013ca divk\u0101r\u0161as darb\u012bbas mazo hidraulisko virzu\u013ccilindru, tiek nodro\u0161in\u0101ta \u0161o cilindru maksim\u0101la efektivit\u0101te.<\/p>\n<p>\u0160o cilindru divk\u0101r\u0161\u0101s darb\u012bbas konstrukcija nodro\u0161ina lab\u0101ku kontroli p\u0101r iek\u0101rtas kust\u012bbu, k\u0101 rezult\u0101t\u0101 darb\u012bba ir vienm\u0113r\u012bg\u0101ka un prec\u012bz\u0101ka. Turkl\u0101t \u0161o cilindru regul\u0113jam\u0101 dak\u0161u konstrukcija nodro\u0161ina lab\u0101ku kontroli p\u0101r iek\u0101rtas \u0101trumu, k\u0101 rezult\u0101t\u0101 palielin\u0101s efektivit\u0101te un produktivit\u0101te.<\/p>\n<p>Nosl\u0113gum\u0101 j\u0101secina, ka regul\u0113jamiem cilindriem ar skavu ir vair\u0101kas priek\u0161roc\u012bbas sal\u012bdzin\u0101jum\u0101 ar citiem cilindru veidiem. To iztur\u012bba, daudzpus\u012bba un efektivit\u0101te padara tos par ide\u0101lu izv\u0113li daudziem r\u016bpniec\u012bbas un b\u016bvniec\u012bbas lietojumiem. Pateicoties uzlabotaj\u0101m hidrauliskaj\u0101m sist\u0113m\u0101m un inovat\u012bvajam dizainam, \u0161ie cilindri noteikti turpin\u0101s sp\u0113l\u0113t svar\u012bgu lomu ma\u0161\u012bnu un iek\u0101rtu darb\u012bb\u0101 v\u0113l daudzus gadus.<\/p>\n<h3>Par FMP<\/h3>\n<p>FMP ir vado\u0161ais uz\u0146\u0113mums, kas specializ\u0113jas hidraulisko cilindru ra\u017eo\u0161an\u0101 un p\u0101rdo\u0161an\u0101. Ar m\u016bsu galveno m\u012btni It\u0101lij\u0101 m\u0113s pied\u0101v\u0101jam klientiem pla\u0161u augstas kvalit\u0101tes un uzticamu hidraulisko cilindru risin\u0101jumu kl\u0101stu, ko nodro\u0161ina m\u016bsu pla\u0161\u0101 pieredze nozar\u0113 un profesion\u0101l\u0101 komanda.<\/p>\n<p><strong>1. Da\u017e\u0101ds produktu kl\u0101sts:<\/strong> M\u016bsu produktu kl\u0101st\u0101 ir da\u017e\u0101di hidrauliskie cilindri, kas paredz\u0113ti da\u017e\u0101diem pielietojumiem, nodro\u0161inot, ka m\u0113s varam apmierin\u0101t m\u016bsu klientu \u012bpa\u0161\u0101s vajadz\u012bbas.<\/p>\n<p><strong>2. Augst\u0101k\u0101 kvalit\u0101te:<\/strong> FMP m\u0113s pie\u0161\u0137iram priorit\u0101ti kvalit\u0101tei un nodro\u0161in\u0101m, lai visi m\u016bsu hidrauliskie cilindri atbilstu stingriem kvalit\u0101tes standartiem. M\u0113s esam izveidoju\u0161i ilgtermi\u0146a un stabilas attiec\u012bbas ar augstas kvalit\u0101tes pieg\u0101d\u0101t\u0101jiem gan viet\u0113jiem, gan starptautiskiem, lai garant\u0113tu m\u016bsu produktu izcil\u012bbu.<\/p>\n<p><strong>3. P\u0101rdo\u0161anas ekspertu komanda:<\/strong> M\u016bsu pieredz\u0113ju\u0161ajai un prasm\u012bgajai p\u0101rdo\u0161anas komandai ir padzi\u013cin\u0101tas zin\u0101\u0161anas par b\u016bvniec\u012bbas tehnikas nozari. Vi\u0146i seko l\u012bdzi jaun\u0101kaj\u0101m tendenc\u0113m un izprot klientu vajadz\u012bbas, kas \u013cauj vi\u0146iem sniegt profesion\u0101las produktu konsult\u0101cijas un p\u0101rdom\u0101tus pirk\u0161anas ieteikumus.<\/p>\n<p><strong>4. Efekt\u012bva lo\u0123istikas izplat\u012b\u0161ana:<\/strong> Esam ieviesu\u0161i efekt\u012bvu lo\u0123istikas izplat\u012b\u0161anas sist\u0113mu, lai nodro\u0161in\u0101tu nepiecie\u0161amo hidraulisko cilindru savlaic\u012bgu un prec\u012bzu pieg\u0101di m\u016bsu klientiem, samazinot d\u012bkst\u0101ves laiku un uzlabojot produktivit\u0101ti.<\/p>\n<p><strong>5. Ap\u0146em\u0161an\u0101s nodro\u0161in\u0101t klientu apmierin\u0101t\u012bbu:<\/strong> FMP m\u0113s priorit\u0101ri r\u016bp\u0113jamies par klientu apmierin\u0101t\u012bbu. M\u0113s cen\u0161amies veidot ilgtermi\u0146a attiec\u012bbas ar saviem klientiem, pieg\u0101d\u0101jot izcilus produktus un nodro\u0161inot lielisku p\u0113cp\u0101rdo\u0161anas atbalstu.<\/p>\n<p><img decoding=\"async\" src=\"https:\/\/fmp-components.com\/wp-content\/uploads\/2024\/12\/Adjustable-Clevis-Type-Cylinders-6.webp\" alt=\"Regul\u0113jams skavu tipa cilindrs\" width=\"815\" title=\"\"><\/p>\n<h2>Bie\u017ei uzdotie jaut\u0101jumi<\/h2>\n<ol>\n<li style=\"list-style-type: none;\">\n<ol>\n<li>J: Vai j\u016bs esat tirdzniec\u012bbas uz\u0146\u0113mums vai ra\u017eot\u0101js? A: M\u0113s esam r\u016bpn\u012bca.<\/li>\n<li>J: Cik ilgs ir j\u016bsu pieg\u0101des laiks? A: Parasti tas ir 25\u201335 dienas.<\/li>\n<li>J: Vai j\u016bs sniedzat paraugus? Vai tas ir bez maksas vai papildus? A: J\u0101, m\u0113s var\u0113tu pied\u0101v\u0101t paraugu, bet tas nav bez maksas.<\/li>\n<\/ol>\n<\/li>\n<\/ol>\n<p>Autors: CX<\/p>","protected":false},"excerpt":{"rendered":"<p>Jauna mode\u013ca divk\u0101r\u0161as darb\u012bbas mazais hidrauliskais virzu\u013ccilindrs Iepaz\u012bstin\u0101m ar jauno divk\u0101r\u0161as darb\u012bbas mazo hidraulisko virzu\u013ccilindru: Jaun\u0101 mode\u013ca divk\u0101r\u0161as darb\u012bbas mazais hidrauliskais virzu\u013ccilindrs ir revolucion\u0101rs produkts, kas paredz\u0113ts efekt\u012bvas un uzticamas hidraulisk\u0101s jaudas nodro\u0161in\u0101\u0161anai. Ar savu kompakto izm\u0113ru un izcilo veiktsp\u0113ju \u0161is cilindrs ir ide\u0101li piem\u0113rots pla\u0161am [\u2026] kl\u0101stam<\/p>","protected":false},"featured_media":1475,"comment_status":"closed","ping_status":"closed","template":"","meta":{"_et_pb_use_builder":"","_et_pb_old_content":"","_et_gb_content_width":""},"product_brand":[],"product_cat":[42],"product_tag":[34,44],"class_list":{"0":"post-1474","1":"product","2":"type-product","3":"status-publish","4":"has-post-thumbnail","6":"product_cat-snow-plow-hydraulic-cylinder","7":"product_tag-hydraulic-cylinder","8":"product_tag-snow-plow-hydraulic-cylinder","10":"first","11":"instock","12":"product-type-simple"},"_links":{"self":[{"href":"https:\/\/fmp-components.com\/lv\/wp-json\/wp\/v2\/product\/1474","targetHints":{"allow":["GET"]}}],"collection":[{"href":"https:\/\/fmp-components.com\/lv\/wp-json\/wp\/v2\/product"}],"about":[{"href":"https:\/\/fmp-components.com\/lv\/wp-json\/wp\/v2\/types\/product"}],"replies":[{"embeddable":true,"href":"https:\/\/fmp-components.com\/lv\/wp-json\/wp\/v2\/comments?post=1474"}],"wp:featuredmedia":[{"embeddable":true,"href":"https:\/\/fmp-components.com\/lv\/wp-json\/wp\/v2\/media\/1475"}],"wp:attachment":[{"href":"https:\/\/fmp-components.com\/lv\/wp-json\/wp\/v2\/media?parent=1474"}],"wp:term":[{"taxonomy":"product_brand","embeddable":true,"href":"https:\/\/fmp-components.com\/lv\/wp-json\/wp\/v2\/product_brand?post=1474"},{"taxonomy":"product_cat","embeddable":true,"href":"https:\/\/fmp-components.com\/lv\/wp-json\/wp\/v2\/product_cat?post=1474"},{"taxonomy":"product_tag","embeddable":true,"href":"https:\/\/fmp-components.com\/lv\/wp-json\/wp\/v2\/product_tag?post=1474"}],"curies":[{"name":"wp","href":"https:\/\/api.w.org\/{rel}","templated":true}]}}