{"id":1472,"date":"2024-12-23T05:49:26","date_gmt":"2024-12-23T05:49:26","guid":{"rendered":"https:\/\/fmp-components.com\/product\/quality-assurance-small-welded-snow-plow-hydraulic-cylinder\/"},"modified":"2024-12-23T06:44:32","modified_gmt":"2024-12-23T06:44:32","slug":"quality-assurance-small-welded-snow-plow-hydraulic-cylinder","status":"publish","type":"product","link":"https:\/\/fmp-components.com\/lv\/product\/quality-assurance-small-welded-snow-plow-hydraulic-cylinder\/","title":{"rendered":"Kvalit\u0101tes nodro\u0161in\u0101\u0161anas mazs metin\u0101ts sniega arkla hidrauliskais cilindrs"},"content":{"rendered":"<h2>Kvalit\u0101tes nodro\u0161in\u0101\u0161anas mazs metin\u0101ts sniega arkla hidrauliskais cilindrs<\/h2>\n<p>Kvalit\u0101tes nodro\u0161in\u0101\u0161anas mazais metin\u0101tais sniega t\u012br\u012b\u0161anas hidrauliskais cilindrs ir augstas veiktsp\u0113jas produkts, kas paredz\u0113ts efekt\u012bv\u0101m sniega t\u012br\u012b\u0161anas darb\u012bb\u0101m. Pateicoties kompaktajam izm\u0113ram un metin\u0101tajai konstrukcijai, \u0161is hidrauliskais cilindrs pied\u0101v\u0101 iztur\u012bbu un uzticam\u012bbu sare\u017e\u0123\u012btos apst\u0101k\u013cos.<\/p>\n<p>\u0160is cilindrs, kas apr\u012bkots ar modern\u0101m kvalit\u0101tes nodro\u0161in\u0101\u0161anas tehnolo\u0123ij\u0101m, tiek r\u016bp\u012bgi p\u0101rbaud\u012bts, lai nodro\u0161in\u0101tu t\u0101 veiktsp\u0113ju atbilsto\u0161i augst\u0101kajiem standartiem. Cilindra mazais izm\u0113rs padara to piem\u0113rotu da\u017e\u0101diem sniega t\u012br\u012b\u0161anas pielietojumiem, nodro\u0161inot izcilu kontroli un precizit\u0101ti.<\/p>\n<p>\u0160\u012b cilindra hidraulisk\u0101 sist\u0113ma nodro\u0161ina vienm\u0113r\u012bgu un efekt\u012bvu darb\u012bbu, \u013caujot viegli manevr\u0113t un uzlabot produktivit\u0101ti. T\u0101 iztur\u012bg\u0101 konstrukcija nodro\u0161ina ilgsto\u0161u veiktsp\u0113ju pat skarbos laika apst\u0101k\u013cos.<\/p>\n<p><img decoding=\"async\" title=\"Sniega arkla hidrauliskais cilindrs\" src=\"https:\/\/hzpt.com\/wp-content\/uploads\/2023\/11\/Snow-Plow-Hydraulic-Cylinder-3.webp\" alt=\"Sniega arkla hidrauliskais cilindrs\" \/><\/p>\n<p>Pateicoties izcilajai kvalit\u0101tei un uzticamajai veiktsp\u0113jai, Quality Assurance mazais metin\u0101tais sniega t\u012br\u012bt\u0101ja hidrauliskais cilindrs ir ide\u0101la izv\u0113le sniega t\u012br\u012b\u0161anas nozares profesion\u0101\u013ciem. Tas pied\u0101v\u0101 izcilu cenas un v\u0113rt\u012bbas attiec\u012bbu, nodro\u0161inot uzticamu risin\u0101jumu vis\u0101m j\u016bsu sniega t\u012br\u012b\u0161anas vajadz\u012bb\u0101m.<\/p>\n<h2>Iepaz\u012bstin\u0101m ar m\u016bsu kvalit\u0101tes nodro\u0161in\u0101\u0161anas mazo metin\u0101to sniega arkla hidraulisko cilindru<\/h2>\n<p>M\u016bsu pavisam jaunais sniega arkla hidrauliskais cilindrs ir standarta virzu\u013ccilindrs, kas \u012bpa\u0161i paredz\u0113ts lieljaudas sniega ar\u0161anas darbiem. Tas ir izgatavots no iztur\u012bga t\u0113rauda, \u200b\u200bpadarot to gan robustu, gan \u013coti efekt\u012bvu.<\/p>\n<h2>Produkta \u012bpa\u0161\u012bbas un specifik\u0101cijas<\/h2>\n<p>M\u016bsu sniega t\u012br\u012bt\u0101ja hidrauliskajam cilindram ir 1 gada garantija, un t\u0101 svars ir tikai 5 kilogrami, t\u0101p\u0113c to ir viegli uzst\u0101d\u012bt un lietot. Tas ir ide\u0101li piem\u0113rots da\u017e\u0101d\u0101m nozar\u0113m, tostarp tehnikas remonta darbn\u012bc\u0101m, lauksaimniec\u012bbas darbn\u012bc\u0101m, ener\u0123\u0113tikas, kalnr\u016bpniec\u012bbas nozar\u0113m, tehnikas ra\u017eo\u0161anai un ma\u0161\u012bnb\u016bves r\u016bpn\u012bc\u0101m. \u0160\u012b hidraulisk\u0101 cilindra galven\u0101s sast\u0101vda\u013cas ir gultnis un hidrauliskais cilindrs. Korpusa materi\u0101ls ir iztur\u012bgs t\u0113rauds, kas nodro\u0161ina ilgtermi\u0146a veiktsp\u0113ju un iztur\u012bbu.<\/p>\n<ul>\n<li>Maksim\u0101l\u0101 vilce: 3000<\/li>\n<li>Maksim\u0101l\u0101 vilkme: 20 tonnas<\/li>\n<li>Urbuma izm\u0113rs: 2\u20136 collas<\/li>\n<li>Stie\u0146a izm\u0113rs: 1,125\u20134 collas<\/li>\n<li>G\u0101jiena izm\u0113rs: 4\u2013100 collas<\/li>\n<li>Tapas izm\u0113rs: 0,5\u20132 collas<\/li>\n<li>Kr\u0101sa: melna<\/li>\n<\/ul>\n<h2>Apkope un kop\u0161ana<\/h2>\n<p>Lai nodro\u0161in\u0101tu optim\u0101lu veiktsp\u0113ju un ilgm\u016b\u017e\u012bbu, ir svar\u012bgi pien\u0101c\u012bgi r\u016bp\u0113ties par hidraulisko cilindru. Regul\u0101ra p\u0101rbaude, t\u012br\u012b\u0161ana un e\u013c\u013co\u0161ana var iev\u0113rojami pagarin\u0101t produkta kalpo\u0161anas laiku un uztur\u0113t to vislab\u0101kaj\u0101 st\u0101vokl\u012b.<\/p>\n<h2>Lietojumprogrammu scen\u0101riji<\/h2>\n<p>Sniega t\u012br\u012b\u0161anas hidrauliskais cilindrs tiek pla\u0161i izmantots da\u017e\u0101d\u0101s nozar\u0113s, tostarp tehnikas remonta darbn\u012bc\u0101s, saimniec\u012bb\u0101s, ener\u0123\u0113tikas un ieguves r\u016bpniec\u012bb\u0101, tehnikas ra\u017eo\u0161an\u0101 un ma\u0161\u012bnb\u016bves r\u016bpn\u012bc\u0101s. T\u0101 kompaktais izm\u0113rs, jauda un iztur\u012bba padara to par ide\u0101lu izv\u0113li lieljaudas sniega t\u012br\u012b\u0161anas darbiem.<\/p>\n<p><img decoding=\"async\" title=\"Sniega arkla hidrauliskais cilindrs\" src=\"https:\/\/hzpt.com\/wp-content\/uploads\/2023\/11\/Snow-Plow-Hydraulic-Cylinder-1.webp\" alt=\"Sniega arkla hidrauliskais cilindrs\" \/><\/p>\n<h2>Regul\u0113jamu skavu tipa cilindru priek\u0161roc\u012bbas<\/h2>\n<p>Regul\u0113jamiem skavas tipa cilindriem ir vair\u0101kas priek\u0161roc\u012bbas sal\u012bdzin\u0101jum\u0101 ar tradicion\u0101lajiem hidrauliskajiem cilindriem. \u0160ie inovat\u012bvie cilindri ir prec\u012bzi izstr\u0101d\u0101ti un ietver uzlabotas funkcijas, kas uzlabo to veiktsp\u0113ju un daudzpus\u012bbu. \u0160aj\u0101 rakst\u0101 m\u0113s detaliz\u0113ti izp\u0113t\u012bsim regul\u0113jamo skavas tipa cilindru priek\u0161roc\u012bbas.<\/p>\n<h3>Uzlabota elast\u012bba<\/h3>\n<p>Viena no regul\u0113jamu skavu tipa cilindru galvenaj\u0101m priek\u0161roc\u012bb\u0101m ir to uzlabot\u0101 elast\u012bba. \u0160ie cilindri ir izstr\u0101d\u0101ti, lai nodro\u0161in\u0101tu regul\u0113jamas mont\u0101\u017eas iesp\u0113jas, \u013caujot tos viegli piel\u0101got un piel\u0101got da\u017e\u0101diem pielietojumiem. Regul\u0113jam\u0101s skavu funkcijas d\u0113\u013c cilindru var uzst\u0101d\u012bt da\u017e\u0101dos le\u0146\u0137os, nodro\u0161inot liel\u0101ku uzst\u0101d\u012b\u0161anas un darb\u012bbas elast\u012bbu. \u0160\u012b daudzpus\u012bba \u013cauj cilindru izmantot da\u017e\u0101d\u0101s nozar\u0113s, piem\u0113ram, lauksaimniec\u012bb\u0101, b\u016bvniec\u012bb\u0101 un ra\u017eo\u0161an\u0101.<\/p>\n<h3>Uzlabota efektivit\u0101te<\/h3>\n<p>Regul\u0113jamie dak\u0161as tipa cilindri ir konstru\u0113ti, lai nodro\u0161in\u0101tu uzlabotu efektivit\u0101ti sal\u012bdzin\u0101jum\u0101 ar parastajiem cilindriem. Uzlabotas hidraulisk\u0101s tehnolo\u0123ijas izmanto\u0161ana nodro\u0161ina efekt\u012bvu jaudas p\u0101rnesi, k\u0101 rezult\u0101t\u0101 palielin\u0101s produktivit\u0101te un samazin\u0101s ener\u0123ijas pat\u0113ri\u0146\u0161. \u0160ie cilindri ir izstr\u0101d\u0101ti, lai nodro\u0161in\u0101tu prec\u012bzu kust\u012bbas un sp\u0113ka kontroli, \u013caujot operatoriem sasniegt optim\u0101lu veiktsp\u0113ju da\u017e\u0101dos pielietojumos. Regul\u0113jam\u0101 dak\u0161as konstrukcija ar\u012b pal\u012bdz samazin\u0101t nodilumu, pagarinot cilindra kalpo\u0161anas laiku un samazinot apkopes izmaksas.<\/p>\n<h3>Uzlabota iztur\u012bba<\/h3>\n<p>Kvalit\u0101tes nodro\u0161in\u0101\u0161ana ir galvenais apsv\u0113rums regul\u0113jamu skavu tipa cilindru ra\u017eo\u0161an\u0101. \u0160ie cilindri ir izgatavoti, lai iztur\u0113tu skarbus ekspluat\u0101cijas apst\u0101k\u013cus un nodro\u0161in\u0101tu ilgsto\u0161u veiktsp\u0113ju. Augstas kvalit\u0101tes materi\u0101lu, piem\u0113ram, r\u016bd\u012bta t\u0113rauda un iztur\u012bgu bl\u012bv\u0113jumu, izmanto\u0161ana nodro\u0161ina, ka cilindri var iztur\u0113t lielas slodzes, ekstrem\u0101las temperat\u016bras un skarbu vidi. Turkl\u0101t mazie metin\u0101tie sniega arklu hidrauliskie cilindri ir izstr\u0101d\u0101ti t\u0101, lai tie b\u016btu iztur\u012bgi pret koroziju, padarot tos ide\u0101li piem\u0113rotus lieto\u0161anai \u0101rpus telp\u0101m, kur bie\u017ei tiek pak\u013cauti mitrumam un citiem vides faktoriem.<\/p>\n<h3>Paaugstin\u0101ta dro\u0161\u012bba<\/h3>\n<p>Regul\u0113jamu skavu tipa cilindru konstrukcij\u0101 priorit\u0101te ir dro\u0161\u012bba. \u0160ie cilindri ir apr\u012bkoti ar uzlabot\u0101m dro\u0161\u012bbas funkcij\u0101m, piem\u0113ram, spiediena samazin\u0101\u0161anas v\u0101rstiem un p\u0101rslodzes aizsardz\u012bbas sist\u0113m\u0101m, lai nov\u0113rstu negad\u012bjumus un iek\u0101rtu boj\u0101jumus. Regul\u0113jam\u0101s mont\u0101\u017eas iesp\u0113jas nodro\u0161ina ar\u012b prec\u012bzu pozicion\u0113\u0161anu, samazinot nepareizas izl\u012bdzin\u0101\u0161anas vai nepareizas uzst\u0101d\u012b\u0161anas risku. Turkl\u0101t cilindri tiek pak\u013cauti stingr\u0101m p\u0101rbaud\u0113m un kvalit\u0101tes kontroles pas\u0101kumiem, lai nodro\u0161in\u0101tu to atbilst\u012bbu nozares standartiem un noteikumiem, sniedzot operatoriem sirdsmieru.<\/p>\n<h3>Daudzpus\u012bgi pielietojumi<\/h3>\n<p>Pateicoties regul\u0113jam\u0101m mont\u0101\u017eas iesp\u0113j\u0101m un uzlabotaj\u0101m funkcij\u0101m, regul\u0113jamie skavu tipa cilindri tiek izmantoti da\u017e\u0101d\u0101s nozar\u0113s. \u0160os cilindrus parasti izmanto lauksaimniec\u012bbas ma\u0161\u012bn\u0101s t\u0101diem uzdevumiem k\u0101 smagu kravu cel\u0161ana un noliek\u0161ana. Tos izmanto ar\u012b celtniec\u012bbas apr\u012bkojum\u0101 t\u0101diem uzdevumiem k\u0101 zemes p\u0101rvieto\u0161ana un materi\u0101lu apstr\u0101de. Turkl\u0101t regul\u0113jamie skavu tipa cilindri tiek izmantoti ra\u017eo\u0161anas procesos, kuros nepiecie\u0161ama prec\u012bza sp\u0113ka un kust\u012bbas kontrole. \u0160o cilindru daudzpus\u012bba padara tos par v\u0113rt\u012bgu resursu daudzos pielietojumos, uzlabojot produktivit\u0101ti un efektivit\u0101ti.<\/p>\n<p>Nosl\u0113gum\u0101 j\u0101secina, ka regul\u0113jamie skavu tipa cilindri pied\u0101v\u0101 daudzas priek\u0161roc\u012bbas, kas padara tos par iecien\u012btu izv\u0113li da\u017e\u0101d\u0101s nozar\u0113s. To uzlabot\u0101 elast\u012bba, uzlabot\u0101 efektivit\u0101te, iztur\u012bba, dro\u0161\u012bbas funkcijas un daudzpus\u012bgais pielietojums tos at\u0161\u0137ir no parastajiem hidrauliskajiem cilindriem. Progres\u012bvu tehnolo\u0123iju izmanto\u0161ana un kvalit\u0101tes nodro\u0161in\u0101\u0161anas pas\u0101kumi nodro\u0161ina \u0161o cilindru uzticamu darb\u012bbu un ilgm\u016b\u017e\u012bbu. Kopum\u0101 regul\u0113jamie skavu tipa cilindri ir v\u0113rt\u012bgs papildin\u0101jums jebkurai hidrauliskajai sist\u0113mai, nodro\u0161inot optim\u0101lu veiktsp\u0113ju un piel\u0101gojam\u012bbu.<\/p>\n<h3>Par FMP hidraulisko cilindru<\/h3>\n<p>FMP ir uzticams uz\u0146\u0113mums, kas specializ\u0113jas celtniec\u012bbas tehnikas deta\u013cu un pilnu iek\u0101rtu p\u0101rdo\u0161an\u0101 un apkalpo\u0161an\u0101. M\u016bsu hidrauliskie cilindri ir projekt\u0113ti un ra\u017eoti, lai apmierin\u0101tu b\u016bvniec\u012bbas nozares augst\u0101s pras\u012bbas. Mums ir pla\u0161s produktu kl\u0101sts, kas ietver da\u017e\u0101du veidu hidrauliskos cilindrus, piem\u0113ram, regul\u0113jamus skavu tipa cilindrus, metin\u0101tus cilindrus, teleskopiskos cilindrus un daudzus citus.<\/p>\n<p>\u0160eit ir da\u017ei iemesli, k\u0101p\u0113c jums vajadz\u0113tu izv\u0113l\u0113ties FMP hidraulisko cilindru:<\/p>\n<ol>\n<li><strong>Augstas kvalit\u0101tes komponenti:<\/strong> M\u016bsu hidrauliskie cilindri ir izgatavoti, izmantojot augst\u0101k\u0101s kvalit\u0101tes komponentus, kas atbilst stingriem kvalit\u0101tes standartiem. M\u0113s ieg\u016bstam materi\u0101lus no uzticamiem pieg\u0101d\u0101t\u0101jiem gan m\u0101j\u0101s, gan \u0101rzem\u0113s, lai nodro\u0161in\u0101tu m\u016bsu produktu visaugst\u0101ko kvalit\u0101ti.<\/li>\n<li><strong>Uzticama veiktsp\u0113ja:<\/strong> M\u0113s izmantojam progres\u012bvas ra\u017eo\u0161anas metodes un tehnolo\u0123ijas, lai nodro\u0161in\u0101tu, ka m\u016bsu hidrauliskie cilindri pied\u0101v\u0101 uzticamu veiktsp\u0113ju pat vissare\u017e\u0123\u012bt\u0101kajos apst\u0101k\u013cos.<\/li>\n<li><strong>Piel\u0101go\u0161ana:<\/strong> M\u0113s pied\u0101v\u0101jam piel\u0101go\u0161anas pakalpojumus, lai apmierin\u0101tu m\u016bsu klientu \u012bpa\u0161\u0101s vajadz\u012bbas. M\u016bsu prasm\u012bgo in\u017eenieru komanda var izstr\u0101d\u0101t un izgatavot hidrauliskos cilindrus, kas prec\u012bzi atbilst j\u016bsu pras\u012bb\u0101m.<\/li>\n<li><strong>Konkur\u0113tsp\u0113j\u012bgas cenas:<\/strong> M\u0113s pied\u0101v\u0101jam savus produktus par konkur\u0113tsp\u0113j\u012bg\u0101m cen\u0101m, nepiek\u0101pjoties kvalit\u0101tei. M\u016bsu m\u0113r\u0137is ir nodro\u0161in\u0101t m\u016bsu klientiem rentablus risin\u0101jumus.<\/li>\n<li><strong>Lielisks klientu apkalpo\u0161anas serviss:<\/strong> M\u016bsu p\u0101rdo\u0161anas komanda ir zino\u0161a un pieredz\u0113jusi b\u016bvniec\u012bbas tehnikas nozar\u0113. Vi\u0146i var sniegt profesion\u0101las konsult\u0101cijas par produktiem un p\u0101rdom\u0101tus pirk\u0161anas ieteikumus. Mums ir ar\u012b efekt\u012bva lo\u0123istikas izplat\u012b\u0161anas sist\u0113ma, lai nodro\u0161in\u0101tu, ka klienti savlaic\u012bgi un prec\u012bzi sa\u0146em nepiecie\u0161am\u0101s deta\u013cas.<\/li>\n<\/ol>\n<p>Sazinieties ar mums t\u016bl\u012bt, lai uzzin\u0101tu vair\u0101k par m\u016bsu hidraulisko cilindru produktiem un to, k\u0101 m\u0113s varam jums pal\u012bdz\u0113t ar j\u016bsu celtniec\u012bbas tehnikas vajadz\u012bb\u0101m.<\/p>\n<p><img decoding=\"async\" src=\"https:\/\/fmp-components.com\/wp-content\/uploads\/2024\/12\/Adjustable-Clevis-Type-Cylinders-6.webp\" alt=\"Regul\u0113jams skavu tipa cilindrs\" width=\"814\" title=\"\"><\/p>\n<p>Autors: CX<\/p>","protected":false},"excerpt":{"rendered":"<p>Quality Assurance Small Welded Snow Plow Hydraulic Cylinder The Quality Assurance Small Welded Snow Plow Hydraulic Cylinder is a high-performance product designed for efficient snow plowing operations. With its compact size and welded construction, this hydraulic cylinder offers durability and reliability in demanding environments. Equipped with advanced quality assurance technologies, this cylinder undergoes rigorous testing [&hellip;]<\/p>","protected":false},"featured_media":1473,"comment_status":"closed","ping_status":"closed","template":"","meta":{"_et_pb_use_builder":"","_et_pb_old_content":"","_et_gb_content_width":""},"product_brand":[],"product_cat":[42],"product_tag":[34,44],"class_list":{"0":"post-1472","1":"product","2":"type-product","3":"status-publish","4":"has-post-thumbnail","6":"product_cat-snow-plow-hydraulic-cylinder","7":"product_tag-hydraulic-cylinder","8":"product_tag-snow-plow-hydraulic-cylinder","10":"first","11":"instock","12":"product-type-simple"},"_links":{"self":[{"href":"https:\/\/fmp-components.com\/lv\/wp-json\/wp\/v2\/product\/1472","targetHints":{"allow":["GET"]}}],"collection":[{"href":"https:\/\/fmp-components.com\/lv\/wp-json\/wp\/v2\/product"}],"about":[{"href":"https:\/\/fmp-components.com\/lv\/wp-json\/wp\/v2\/types\/product"}],"replies":[{"embeddable":true,"href":"https:\/\/fmp-components.com\/lv\/wp-json\/wp\/v2\/comments?post=1472"}],"wp:featuredmedia":[{"embeddable":true,"href":"https:\/\/fmp-components.com\/lv\/wp-json\/wp\/v2\/media\/1473"}],"wp:attachment":[{"href":"https:\/\/fmp-components.com\/lv\/wp-json\/wp\/v2\/media?parent=1472"}],"wp:term":[{"taxonomy":"product_brand","embeddable":true,"href":"https:\/\/fmp-components.com\/lv\/wp-json\/wp\/v2\/product_brand?post=1472"},{"taxonomy":"product_cat","embeddable":true,"href":"https:\/\/fmp-components.com\/lv\/wp-json\/wp\/v2\/product_cat?post=1472"},{"taxonomy":"product_tag","embeddable":true,"href":"https:\/\/fmp-components.com\/lv\/wp-json\/wp\/v2\/product_tag?post=1472"}],"curies":[{"name":"wp","href":"https:\/\/api.w.org\/{rel}","templated":true}]}}