{"id":1470,"date":"2024-12-23T05:49:26","date_gmt":"2024-12-23T05:49:26","guid":{"rendered":"https:\/\/fmp-components.com\/product\/china-supplier-mini-piston-hydraulic-cylinder-double-acting\/"},"modified":"2025-03-18T02:10:05","modified_gmt":"2025-03-18T02:10:05","slug":"italy-supplier-mini-piston-hydraulic-cylinder-double-acting","status":"publish","type":"product","link":"https:\/\/fmp-components.com\/lv\/product\/italy-supplier-mini-piston-hydraulic-cylinder-double-acting\/","title":{"rendered":"It\u0101lijas pieg\u0101d\u0101t\u0101ja mini virzu\u013chidrauliskais cilindrs ar dubultu darb\u012bbu"},"content":{"rendered":"<h2>It\u0101lijas pieg\u0101d\u0101t\u0101ja mini virzu\u013chidrauliskais cilindrs ar dubultu darb\u012bbu<\/h2>\n<p>It\u0101lijas pieg\u0101d\u0101t\u0101ja mini virzu\u013chidrauliskais cilindrs ar dubultu darb\u012bbu ir augstas kvalit\u0101tes hidrauliskais cilindrs, kas ir kompakts un pied\u0101v\u0101 uzticamu veiktsp\u0113ju. \u0160o produktu ir izstr\u0101d\u0101jis un ra\u017eojis vado\u0161ais pieg\u0101d\u0101t\u0101js It\u0101lij\u0101, kas paz\u012bstams ar savu pieredzi hidraulisko iek\u0101rtu ra\u017eo\u0161an\u0101.<\/p>\n<p>Mini virzu\u013ccilindrs ar dubultu darb\u012bbu ir \u013coti daudzpus\u012bgs un to var izmantot da\u017e\u0101dos pielietojumos, piem\u0113ram, r\u016bpnieciskaj\u0101s iek\u0101rt\u0101s, celtniec\u012bbas iek\u0101rt\u0101s un lauksaimniec\u012bbas ma\u0161\u012bn\u0101s. T\u0101 dubult\u0101s darb\u012bbas konstrukcija nodro\u0161ina efekt\u012bvu darb\u012bbu gan izstiep\u0161anas, gan ievilk\u0161anas laik\u0101, uzlabojot produktivit\u0101ti un veiktsp\u0113ju.<\/p>\n<p>\u0160is hidrauliskais cilindrs ir izgatavots no augstas kvalit\u0101tes materi\u0101liem, kas nodro\u0161ina iztur\u012bbu un ilgm\u016b\u017e\u012bbu. Tas ir paredz\u0113ts, lai iztur\u0113tu lielas slodzes un skarbus darba apst\u0101k\u013cus, padarot to piem\u0113rotu sare\u017e\u0123\u012bt\u0101m vid\u0113m. Virzulis ir prec\u012bzi konstru\u0113ts, lai nodro\u0161in\u0101tu vienm\u0113r\u012bgu un uzticamu darb\u012bbu, samazinot berzi un nodilumu.<\/p>\n<p><img decoding=\"async\" title=\"Sniega arkla hidrauliskais cilindrs\" src=\"https:\/\/hzpt.com\/wp-content\/uploads\/2023\/11\/Snow-Plow-Hydraulic-Cylinder-3.webp\" alt=\"Sniega arkla hidrauliskais cilindrs\" \/><\/p>\n<p>It\u0101lijas pieg\u0101d\u0101t\u0101ja mini virzu\u013ccilindra divk\u0101r\u0161\u0101s darb\u012bbas hidraulisko cilindru ir viegli uzst\u0101d\u012bt un uztur\u0113t. Tas ir apr\u012bkots ar augstas kvalit\u0101tes bl\u012bv\u0113m, lai nov\u0113rstu nopl\u016bdes un uztur\u0113tu optim\u0101lu veiktsp\u0113ju. Turkl\u0101t tas ir sader\u012bgs ar da\u017e\u0101d\u0101m hidrauliskaj\u0101m sist\u0113m\u0101m, padarot to par daudzpus\u012bgu izv\u0113li da\u017e\u0101d\u0101m nozar\u0113m.<\/p>\n<p>Pateicoties kompaktajam izm\u0113ram, \u0161is hidrauliskais cilindrs pied\u0101v\u0101 uzst\u0101d\u012b\u0161anas elast\u012bbu pat \u0161aur\u0101s telp\u0101s. Tas nodro\u0161ina lielisku g\u0101jiena garumu, kas \u013cauj prec\u012bzi vad\u012bt un efekt\u012bvi darboties. Mini virzu\u013ccilindrs ar dubultu darb\u012bbu ir paredz\u0113ts, lai nodro\u0161in\u0101tu vienm\u0113r\u012bgu un prec\u012bzu sp\u0113ku, uzlabojot kop\u0113jo veiktsp\u0113ju ma\u0161\u012bn\u0101m, kur\u0101s tas ir uzst\u0101d\u012bts.<\/p>\n<p>Nosl\u0113gum\u0101 j\u0101saka, ka It\u0101lijas pieg\u0101d\u0101t\u0101ja mini virzu\u013chidrauliskais cilindrs ar dubultu darb\u012bbu ir uzticams un augstas veiktsp\u0113jas hidrauliskais cilindrs, kas pied\u0101v\u0101 daudzpus\u012bbu, iztur\u012bbu un efektivit\u0101ti. Pateicoties kompaktajam izm\u0113ram un dubult\u0101s darb\u012bbas konstrukcijai, tas ir piem\u0113rots pla\u0161am pielietojumu kl\u0101stam da\u017e\u0101d\u0101s nozar\u0113s. Izv\u0113lieties \u0161o produktu, lai uzlabotu produktivit\u0101ti un uzticamu darb\u012bbu. Atkl\u0101jiet jauno efektivit\u0101tes un jaudas standartu ar dubult\u0101s darb\u012bbas mini virzu\u013chidraulisko cilindru no m\u016bsu atz\u012btajiem It\u0101lijas pieg\u0101d\u0101t\u0101jiem. Ar gada garantiju un piem\u0113rojamu nozaru kl\u0101stu \u0161is produkts ir dro\u0161s ieguld\u012bjums kvalit\u0101t\u0113 un veiktsp\u0113j\u0101.<\/p>\n<h2>Produkta funkcijas<\/h2>\n<p>M\u016bsu mini virzu\u013ccilindrs ir divk\u0101r\u0161as darb\u012bbas standarta virzu\u013ccilindrs, kas paredz\u0113ts augstai veiktsp\u0113jai. Ar iztur\u012bgu t\u0113rauda korpusu tas var rad\u012bt maksim\u0101lo vilci 3000 tonnu un maksim\u0101lo vilkmi 20 tonnu. Tas ir ne tikai jaud\u012bgs, bet ar\u012b daudzpus\u012bgs, t\u0101p\u0113c tas ir ide\u0101li piem\u0113rots sniega arkla hidrauliskajiem cilindriem.<\/p>\n<h3>Specifik\u0101cijas<\/h3>\n<ul>\n<li>Svars (kg): 5,4<\/li>\n<li>Maksim\u0101l\u0101 vilce: 3000<\/li>\n<li>Tips: Sniega arkla hidrauliskie cilindri<\/li>\n<li>Porti: G\/SAE\/NPT\/M<\/li>\n<li>Maksim\u0101l\u0101 vilkme: 20 tonnas<\/li>\n<li>Urbuma izm\u0113rs: 2\u20136 collas<\/li>\n<li>Stie\u0146a izm\u0113rs: 1,125\u20134 collas<\/li>\n<li>G\u0101jiena izm\u0113rs: 4\u2013100 collas<\/li>\n<li>Tapas izm\u0113rs: 0,5\u20132 collas<\/li>\n<li>Kr\u0101sa: melna<\/li>\n<\/ul>\n<p><img decoding=\"async\" src=\"https:\/\/hzpt.com\/wp-content\/uploads\/2023\/11\/Snow-Plow-Hydraulic-Cylinder-4Factory.webp\" alt=\"Ever-Power transmisijas r\u016bpn\u012bca\" title=\"\"><\/p>\n<h2>Regul\u0113jamu skavu tipa cilindru priek\u0161roc\u012bbas<\/h2>\n<p>Regul\u0113jami skavu tipa cilindri pied\u0101v\u0101 da\u017e\u0101das priek\u0161roc\u012bbas hidrauliskaj\u0101s sist\u0113m\u0101s. \u0160ie cilindri, kas paz\u012bstami ar\u012b k\u0101 skavu stiprin\u0101juma hidrauliskie cilindri, tiek pla\u0161i izmantoti r\u016bpnieciskos pielietojumos, pateicoties to daudzpus\u012bbai un veiktsp\u0113jai. \u0160aj\u0101 rakst\u0101 m\u0113s izp\u0113t\u012bsim regul\u0113jamu skavu tipa cilindru izmanto\u0161anas priek\u0161roc\u012bbas un to, k\u0101p\u0113c tie ir lieliska izv\u0113le hidrauliskaj\u0101m sist\u0113m\u0101m.<\/p>\n<p>1. Uzlabota elast\u012bba un piel\u0101go\u0161an\u0101s sp\u0113ja:<br \/>\nRegul\u0113jami skavu tipa cilindri nodro\u0161ina iesp\u0113ju viegli piel\u0101got mont\u0101\u017eas poz\u012bciju, t\u0101d\u0113j\u0101di nodro\u0161inot liel\u0101ku elast\u012bbu hidraulisk\u0101s sist\u0113mas projekt\u0113\u0161an\u0101. \u0160\u012b piel\u0101gojam\u012bba ir \u013coti svar\u012bga, str\u0101d\u0101jot ar da\u017e\u0101diem uzst\u0101d\u012b\u0161anas le\u0146\u0137iem vai ja vietas ierobe\u017eojumi prasa prec\u012bzu pozicion\u0113\u0161anu. Regul\u0113jamais skavu stiprin\u0101jums pied\u0101v\u0101 pla\u0161u regul\u0113\u0161anas kl\u0101stu, nodro\u0161inot, ka cilindru var optim\u0101li izl\u012bdzin\u0101t efekt\u012bvai darb\u012bbai.<\/p>\n<p>Turkl\u0101t iesp\u0113ja regul\u0113t skavu stiprin\u0101jumu var piel\u0101goties slodzes pras\u012bbu izmai\u0146\u0101m vai sist\u0113mas modifik\u0101cij\u0101m, t\u0101d\u0113j\u0101di izvairoties no nepiecie\u0161am\u012bbas piln\u012bb\u0101 nomain\u012bt cilindrus. \u0160\u012b elast\u012bba ietaupa laiku, p\u016bles un izmaksas, kas saist\u012btas ar sist\u0113mas p\u0101rkonfigur\u0113\u0161anu.<\/p>\n<p>2. Izcila nestsp\u0113ja:<br \/>\nRegul\u0113jami skavu tipa cilindri ir paredz\u0113ti, lai efekt\u012bvi iztur\u0113tu smagas slodzes. Sak\u0146u stiprin\u0101jums nodro\u0161ina stingru savienojuma punktu starp virzu\u013ca stieni un kravu, garant\u0113jot uzticamu nestsp\u0113ju. \u0160\u012b \u012bpa\u0161\u012bba padara tos piem\u0113rotus lietojumiem, kas saist\u012bti ar smagu priek\u0161metu cel\u0161anu, stum\u0161anu vai vilk\u0161anu.<\/p>\n<p>\u0160o cilindru iztur\u012bg\u0101 konstrukcija un prec\u012bz\u0101 in\u017eenierija nodro\u0161ina to sp\u0113ju iztur\u0113t augstu spiedienu un lielas slodzes, neapdraudot veiktsp\u0113ju. \u0160\u012b uzticam\u012bba ir b\u016btiska r\u016bpniecisk\u0101m darb\u012bb\u0101m, kur dro\u0161\u012bba un produktivit\u0101te ir \u0101rk\u0101rt\u012bgi svar\u012bgas.<\/p>\n<p>3. Palielin\u0101tas g\u0101jiena garuma iesp\u0113jas:<br \/>\nG\u0101jiena garums attiecas uz att\u0101lumu, k\u0101du virzu\u013ca stienis var p\u0101rvietoties cilindr\u0101. Regul\u0113jami skavu tipa cilindri pied\u0101v\u0101 pla\u0161u g\u0101jiena garuma iesp\u0113ju kl\u0101stu, kas \u013cauj prec\u012bzi kontrol\u0113t un piel\u0101got hidraulisko sist\u0113mu. Iesp\u0113ja izv\u0113l\u0113ties vispiem\u0113rot\u0101ko g\u0101jiena garumu nodro\u0161ina optim\u0101lu veiktsp\u0113ju konkr\u0113tiem lietojumiem.<\/p>\n<p>Gar\u0101ks g\u0101jiena garums var b\u016bt noder\u012bgs situ\u0101cij\u0101s, kad nepiecie\u0161ams liel\u0101ks kust\u012bbu diapazons, savuk\u0101rt \u012bs\u0101ks g\u0101jiena garums ir piem\u0113rots lietojumiem, kuros nepiecie\u0161amas prec\u012bz\u0101kas un kontrol\u0113t\u0101kas kust\u012bbas. Regul\u0113jamais skavu stiprin\u0101jums \u013cauj viegli izv\u0113l\u0113ties un piel\u0101got v\u0113lamo g\u0101jiena garumu, uzlabojot cilindra daudzpus\u012bbu.<\/p>\n<p>4. Iztur\u012bba un ilgm\u016b\u017e\u012bba:<br \/>\nRegul\u0113jami skavu tipa cilindri ir izgatavoti, izmantojot augstas kvalit\u0101tes materi\u0101lus, un tiek r\u016bp\u012bgi p\u0101rbaud\u012bti, lai nodro\u0161in\u0101tu iztur\u012bbu un ilgm\u016b\u017e\u012bbu. Iztur\u012bgu materi\u0101lu, piem\u0113ram, augstas stipr\u012bbas t\u0113rauda, \u200b\u200bizmanto\u0161ana apvienojum\u0101 ar progres\u012bv\u0101m ra\u017eo\u0161anas metod\u0113m nodro\u0161ina cilindrus, kas var iztur\u0113t skarbus ekspluat\u0101cijas apst\u0101k\u013cus.<\/p>\n<p>\u0160ie cilindri ir izstr\u0101d\u0101ti t\u0101, lai tie b\u016btu iztur\u012bgi pret koroziju, nodilumu un nodilumu, nodro\u0161inot, ka tie var iztur\u0113t lielas slodzes r\u016bpniecisko pielietojumu pras\u012bbas. Pareizi apkopjot, regul\u0113jamiem skavu tipa cilindriem ir ilgs kalpo\u0161anas laiks, samazinot d\u012bkst\u0101ves laiku un nomai\u0146as izmaksas.<\/p>\n<p>Nosl\u0113gum\u0101 j\u0101secina, ka regul\u0113jami skavas tipa cilindri hidrauliskaj\u0101s sist\u0113m\u0101s pied\u0101v\u0101 vair\u0101kas priek\u0161roc\u012bbas. To elast\u012bba, nestsp\u0113ja, g\u0101jiena garuma iesp\u0113jas un iztur\u012bba padara tos par uzticamu izv\u0113li da\u017e\u0101diem r\u016bpnieciskiem lietojumiem. Izmantojot regul\u0113jamus skavas tipa cilindrus, hidraulisk\u0101s sist\u0113mas var sasniegt optim\u0101lu veiktsp\u0113ju, efektivit\u0101ti un ilgm\u016b\u017e\u012bbu.<\/p>\n<h3>Par FMP<\/h3>\n<p>FMP ir uz\u0146\u0113mums, kas specializ\u0113jas hidraulisko cilindru ra\u017eo\u0161an\u0101 un p\u0101rdo\u0161an\u0101. Pateicoties m\u016bsu daudzu gadu pieredzei nozar\u0113 un profesion\u0101lai komandai, m\u0113s esam ap\u0146\u0113mu\u0161ies nodro\u0161in\u0101t m\u016bsu klientus ar augstas kvalit\u0101tes un uzticamiem hidrauliskajiem cilindriem celtniec\u012bbas ma\u0161\u012bn\u0101m.<\/p>\n<p><img decoding=\"async\" src=\"https:\/\/fmp-components.com\/wp-content\/uploads\/2024\/12\/Adjustable-Clevis-Type-Cylinders-6.webp\" alt=\"Regul\u0113jams skavu tipa cilindrs\" width=\"813\" title=\"\"><\/p>\n<p>\u0160eit ir piecas galven\u0101s m\u016bsu produktu un uz\u0146\u0113muma priek\u0161roc\u012bbas:<\/p>\n<ol>\n<li>Pla\u0161s produktu kl\u0101sts: M\u0113s pied\u0101v\u0101jam pla\u0161u hidraulisko cilindru kl\u0101stu da\u017e\u0101du veidu celtniec\u012bbas tehnikai, tostarp lauksaimniec\u012bbas tehnikas p\u0101rnesumk\u0101rbas, planet\u0101r\u0101s p\u0101rnesumk\u0101rbas, r\u016bpniecisk\u0101s p\u0101rnesumk\u0101rbas un lauksaimniec\u012bbas tehnikas deta\u013cas. Tas \u013cauj m\u016bsu klientiem atrast perfektu hidraulisko cilindru, kas atbilst vi\u0146u \u012bpa\u0161aj\u0101m vajadz\u012bb\u0101m.<\/li>\n<li>Stingri kvalit\u0101tes standarti: Izveidojot ilgtermi\u0146a un stabilas partnerattiec\u012bbas ar augstas kvalit\u0101tes pieg\u0101d\u0101t\u0101jiem gan m\u0101j\u0101s, gan \u0101rzem\u0113s, m\u0113s nodro\u0161in\u0101m, ka visi m\u016bsu pieg\u0101d\u0101tie hidrauliskie cilindri atbilst stingriem kvalit\u0101tes standartiem. Tas garant\u0113 m\u016bsu produktu iztur\u012bbu, veiktsp\u0113ju un uzticam\u012bbu.<\/li>\n<li>Pieredz\u0113jusi p\u0101rdo\u0161anas komanda: M\u016bsu pieredz\u0113ju\u0161\u0101 p\u0101rdo\u0161anas komanda labi p\u0101rzina b\u016bvniec\u012bbas tehnikas nozares att\u012bst\u012bbas tendences un klientu vajadz\u012bbas. Vi\u0146i sniedz profesion\u0101las produktu konsult\u0101cijas un pied\u0101v\u0101 p\u0101rdom\u0101tus pirk\u0161anas ieteikumus, kas piel\u0101goti katra klienta pras\u012bb\u0101m.<\/li>\n<li>Efekt\u012bva lo\u0123istikas sadale: Esam ieviesu\u0161i efekt\u012bvu lo\u0123istikas sadales sist\u0113mu, lai nodro\u0161in\u0101tu, ka m\u016bsu klienti savlaic\u012bgi un prec\u012bzi sa\u0146em nepiecie\u0161amos hidrauliskos cilindrus. Tas samazina jebk\u0101das kav\u0113\u0161an\u0101s vai trauc\u0113jumus vi\u0146u b\u016bvniec\u012bbas projektos.<\/li>\n<li>Klientu apmierin\u0101t\u012bba: FMP m\u0113s priorit\u0101ri r\u016bp\u0113jamies par klientu apmierin\u0101t\u012bbu. M\u0113s cen\u0161amies nodro\u0161in\u0101t izcilu klientu apkalpo\u0161anu, pied\u0101v\u0101jot uzticamus produktus, \u0101tru pal\u012bdz\u012bbu un efekt\u012bvus risin\u0101jumus visiem m\u016bsu klientu jaut\u0101jumiem vai ba\u017e\u0101m.<\/li>\n<\/ol>\n<p>Sadarb\u012bba ar FMP noz\u012bm\u0113 piek\u013cuvi augst\u0101k\u0101s kvalit\u0101tes hidrauliskajiem cilindriem un uzticamam partnerim b\u016bvniec\u012bbas tehnikas nozar\u0113. Sazinieties ar mums jau \u0161odien, lai p\u0101rrun\u0101tu savas hidraulisko cilindru vajadz\u012bbas un izbaud\u012btu priek\u0161roc\u012bbas, ko sniedz sadarb\u012bba ar FMP.<\/p>\n<p>Autors: CX<\/p>","protected":false},"excerpt":{"rendered":"<p>Italy Supplier Mini Piston Hydraulic Cylinder Double Acting Italy Supplier Mini Piston Hydraulic Cylinder Double Acting is a high-quality hydraulic cylinder that is compact in size and offers reliable performance. This product is designed and manufactured by a leading supplier in Italy, known for its expertise in producing hydraulic equipment. The Mini Piston Hydraulic Cylinder [&hellip;]<\/p>","protected":false},"featured_media":1471,"comment_status":"closed","ping_status":"closed","template":"","meta":{"_et_pb_use_builder":"","_et_pb_old_content":"","_et_gb_content_width":""},"product_brand":[],"product_cat":[42],"product_tag":[34,44],"class_list":{"0":"post-1470","1":"product","2":"type-product","3":"status-publish","4":"has-post-thumbnail","6":"product_cat-snow-plow-hydraulic-cylinder","7":"product_tag-hydraulic-cylinder","8":"product_tag-snow-plow-hydraulic-cylinder","10":"first","11":"instock","12":"product-type-simple"},"_links":{"self":[{"href":"https:\/\/fmp-components.com\/lv\/wp-json\/wp\/v2\/product\/1470","targetHints":{"allow":["GET"]}}],"collection":[{"href":"https:\/\/fmp-components.com\/lv\/wp-json\/wp\/v2\/product"}],"about":[{"href":"https:\/\/fmp-components.com\/lv\/wp-json\/wp\/v2\/types\/product"}],"replies":[{"embeddable":true,"href":"https:\/\/fmp-components.com\/lv\/wp-json\/wp\/v2\/comments?post=1470"}],"wp:featuredmedia":[{"embeddable":true,"href":"https:\/\/fmp-components.com\/lv\/wp-json\/wp\/v2\/media\/1471"}],"wp:attachment":[{"href":"https:\/\/fmp-components.com\/lv\/wp-json\/wp\/v2\/media?parent=1470"}],"wp:term":[{"taxonomy":"product_brand","embeddable":true,"href":"https:\/\/fmp-components.com\/lv\/wp-json\/wp\/v2\/product_brand?post=1470"},{"taxonomy":"product_cat","embeddable":true,"href":"https:\/\/fmp-components.com\/lv\/wp-json\/wp\/v2\/product_cat?post=1470"},{"taxonomy":"product_tag","embeddable":true,"href":"https:\/\/fmp-components.com\/lv\/wp-json\/wp\/v2\/product_tag?post=1470"}],"curies":[{"name":"wp","href":"https:\/\/api.w.org\/{rel}","templated":true}]}}