{"id":1468,"date":"2024-12-23T05:49:26","date_gmt":"2024-12-23T05:49:26","guid":{"rendered":"https:\/\/fmp-components.com\/product\/new-arrival-small-stainless-steel-double-acting-hydraulic-cylinder\/"},"modified":"2024-12-23T06:36:32","modified_gmt":"2024-12-23T06:36:32","slug":"new-arrival-small-stainless-steel-double-acting-hydraulic-cylinder","status":"publish","type":"product","link":"https:\/\/fmp-components.com\/lv\/product\/new-arrival-small-stainless-steel-double-acting-hydraulic-cylinder\/","title":{"rendered":"Jaunpien\u0101c\u0113js mazs ner\u016bs\u0113jo\u0161\u0101 t\u0113rauda divk\u0101r\u0161as darb\u012bbas hidrauliskais cilindrs"},"content":{"rendered":"<h2>Jaunpien\u0101c\u0113js mazs ner\u016bs\u0113jo\u0161\u0101 t\u0113rauda divk\u0101r\u0161as darb\u012bbas hidrauliskais cilindrs<\/h2>\n<p>Iepaz\u012bstin\u0101m ar jauno mazo ner\u016bs\u0113jo\u0161\u0101 t\u0113rauda divk\u0101r\u0161\u0101s darb\u012bbas hidraulisko cilindru<\/p>\n<p>Mazais ner\u016bs\u0113jo\u0161\u0101 t\u0113rauda divk\u0101r\u0161\u0101s darb\u012bbas hidrauliskais cilindrs ir jaun\u0101kais produkts, kas pievienojies m\u016bsu invent\u0101ram. Tas ir izstr\u0101d\u0101ts, lai nodro\u0161in\u0101tu augstu veiktsp\u0113ju un iztur\u012bbu kompakt\u0101 un viegl\u0101 iepakojum\u0101.<\/p>\n<p>\u0160is hidrauliskais cilindrs ir izgatavots no augstas kvalit\u0101tes ner\u016bs\u0113jo\u0161\u0101 t\u0113rauda, \u200b\u200bkas ir iztur\u012bgs pret koroziju un var iztur\u0113t augstu spiedienu un ekstrem\u0101las temperat\u016bras. Tas ir konstru\u0113ts, izmantojot divk\u0101r\u0161as darb\u012bbas tehnolo\u0123iju, kas nodro\u0161ina vienm\u0113r\u012bgu un konsekventu darb\u012bbu abos virzienos.<\/p>\n<p>\u0160is hidrauliskais cilindrs ir piem\u0113rots pla\u0161am pielietojumu kl\u0101stam, tostarp r\u016bpnieciskaj\u0101m ma\u0161\u012bn\u0101m, lauksaimniec\u012bbas tehnikai un celtniec\u012bbas transportl\u012bdzek\u013ciem. T\u0101 mazais izm\u0113rs un vienk\u0101r\u0161\u0101 uzst\u0101d\u012b\u0161ana padara to ide\u0101li piem\u0113rotu lieto\u0161anai \u0161aur\u0101s telp\u0101s un mobilaj\u0101 apr\u012bkojum\u0101.<\/p>\n<p>Papildus izcilajai veiktsp\u0113jai, mazais ner\u016bs\u0113jo\u0161\u0101 t\u0113rauda divk\u0101r\u0161\u0101s darb\u012bbas hidrauliskais cilindrs ir ar\u012b paredz\u0113ts vienk\u0101r\u0161ai apkopei un ilgsto\u0161ai lieto\u0161anai. Tam ir viena gada garantija papildu sirdsmieram.<\/p>\n<p>Kopum\u0101 mazais ner\u016bs\u0113jo\u0161\u0101 t\u0113rauda divk\u0101r\u0161\u0101s darb\u012bbas hidrauliskais cilindrs ir uzticams un efekt\u012bvs risin\u0101jums jebkurai hidrauliskajai sist\u0113mai. Pas\u016btiet savu jau \u0161odien un p\u0101rliecinieties, k\u0101du at\u0161\u0137ir\u012bbu tas var rad\u012bt j\u016bsu darb\u012bb\u0101. Iepaz\u012bstin\u0101m ar m\u016bsu jaun\u0101ko produktu \u2013 mazo ner\u016bs\u0113jo\u0161\u0101 t\u0113rauda divk\u0101r\u0161\u0101s darb\u012bbas hidraulisko cilindru. \u0160is jaunizlaistais produkts ir ide\u0101li piem\u0113rots lieto\u0161anai ma\u0161\u012bnb\u016bves remonta darbn\u012bc\u0101s, saimniec\u012bb\u0101s, ener\u0123\u0113tikas un kalnr\u016bpniec\u012bbas nozar\u0113, ma\u0161\u012bnb\u016bves nozar\u0113 un ma\u0161\u012bnb\u016bves r\u016bpn\u012bc\u0101s.<\/p>\n<p><img decoding=\"async\" title=\"Sniega arkla hidrauliskais cilindrs\" src=\"https:\/\/hzpt.com\/wp-content\/uploads\/2023\/11\/Snow-Plow-Hydraulic-Cylinder-1.webp\" alt=\"Sniega arkla hidrauliskais cilindrs\" \/><\/p>\n<h2>Produkta funkcijas<\/h2>\n<p>Produkts ir izstr\u0101d\u0101ts, izmantojot vismodern\u0101k\u0101s tehnolo\u0123ijas. Tas ir standarta virzu\u013ccilindrs, ko darbina hidraulika. Korpusa materi\u0101ls ir t\u0113rauds, kas padara to iztur\u012bgu un ilgm\u016b\u017e\u012bgu. T\u0101 maksim\u0101l\u0101 vilce ir 3000 AG un maksim\u0101l\u0101 vilkme ir 20 tonnas, kas padara to \u0101rk\u0101rt\u012bgi efekt\u012bvu.<\/p>\n<h3>Tips: Sniega arkla hidrauliskie cilindri<\/h3>\n<p>\u0160is hidrauliskais cilindrs ir \u012bpa\u0161i izstr\u0101d\u0101ts sniega arkliem. Tas ir jauns 2023. gada produkts ar 1 gada garantiju galvenaj\u0101m sast\u0101vda\u013c\u0101m. Galven\u0101s sast\u0101vda\u013cas ietver gultni un pa\u0161u hidraulisko cilindru.<\/p>\n<h3>Prot: G\/SAE\/NPT\/M<\/h3>\n<p>Hidraulisk\u0101 cilindra piesl\u0113gvietas ir G\/SAE\/NPT\/M. Urbuma diametrs ir no 2 l\u012bdz 6 coll\u0101m, stie\u0146a izm\u0113rs ir no 1,125 l\u012bdz 4 coll\u0101m, g\u0101jiena garums ir no 4 l\u012bdz 100 coll\u0101m un tapas izm\u0113rs ir no 0,5 l\u012bdz 2 coll\u0101m. \u0160is produkts ir sertific\u0113ts saska\u0146\u0101 ar ISO9001:2000.<\/p>\n<p><img decoding=\"async\" title=\"Sniega arkla hidrauliskais cilindrs\" src=\"https:\/\/hzpt.com\/wp-content\/uploads\/2023\/11\/Snow-Plow-Hydraulic-Cylinder-3.webp\" alt=\"Sniega arkla hidrauliskais cilindrs\" \/><\/p>\n<h2>Regul\u0113jamu skavu tipa cilindru priek\u0161roc\u012bbas<\/h2>\n<p>Regul\u0113jami skavu tipa cilindri, piem\u0113ram, jaun\u0101 maz\u0101 ner\u016bs\u0113jo\u0161\u0101 t\u0113rauda divk\u0101r\u0161\u0101s darb\u012bbas hidraulisk\u0101 cilindra modelis, pied\u0101v\u0101 da\u017e\u0101das priek\u0161roc\u012bbas sal\u012bdzin\u0101jum\u0101 ar citiem cilindru veidiem. T\u0101l\u0101k ir min\u0113tas da\u017eas no galvenaj\u0101m priek\u0161roc\u012bb\u0101m:<\/p>\n<ul>\n<li><strong>Mont\u0101\u017eas elast\u012bba:<\/strong> Regul\u0113jami skavu tipa cilindri pied\u0101v\u0101 lielu mont\u0101\u017eas elast\u012bbu. Tos var uzst\u0101d\u012bt da\u017e\u0101dos virzienos un le\u0146\u0137os, nodro\u0161inot liel\u0101ku pielietojuma daudzpus\u012bbu. Tas ir \u012bpa\u0161i svar\u012bgi lietojumos, kur ir ierobe\u017eota vieta un nepiecie\u0161ama \u012bpa\u0161a mont\u0101\u017eas konfigur\u0101cija.<\/li>\n<li><strong>Paaugstin\u0101ta stabilit\u0101te:<\/strong> Regul\u0113jamais skavu tipa cilindrs nodro\u0161ina liel\u0101ku stabilit\u0101ti sal\u012bdzin\u0101jum\u0101 ar citiem cilindru veidiem. Tas ir saist\u012bts ar faktu, ka skavu stiprin\u0101jums ir iztur\u012bg\u0101ks un stingr\u0101ks nek\u0101 citi stiprin\u0101jumu veidi. \u0160\u012b paaugstin\u0101t\u0101 stabilit\u0101te nodro\u0161ina lab\u0101ku veiktsp\u0113ju un ilg\u0101ku cilindra kalpo\u0161anas laiku.<\/li>\n<li><strong>Vienk\u0101r\u0161a apkope:<\/strong> Regul\u0113jami skavu tipa cilindri ir izstr\u0101d\u0101ti, \u0146emot v\u0113r\u0101 vienk\u0101r\u0161u apkopi. Tie nodro\u0161ina \u0113rtu piek\u013cuvi virzulim un bl\u012bv\u0113m, \u013caujot veikt \u0101tras un vienk\u0101r\u0161as apkopes proced\u016bras. Tas samazina d\u012bkst\u0101ves laiku un palielina produktivit\u0101ti.<\/li>\n<li><strong>Piel\u0101gojams g\u0101jiena garums:<\/strong> Regul\u0113jamu skavu tipa cilindru g\u0101jiena garumu var viegli piel\u0101got konkr\u0113t\u0101m pielietojuma pras\u012bb\u0101m. \u0160\u012b piel\u0101go\u0161ana nodro\u0161ina, ka cilindrs ir optimiz\u0113ts paredz\u0113tajam pielietojumam un nodro\u0161ina vislab\u0101ko iesp\u0113jamo veiktsp\u0113ju.<\/li>\n<li><strong>Paaugstin\u0101ta efektivit\u0101te:<\/strong> Regul\u0113jamu skavu tipa cilindru izmanto\u0161ana var palielin\u0101t efektivit\u0101ti lietojumos. Tas ir saist\u012bts ar faktu, ka cilindru var optimiz\u0113t konkr\u0113tam lietojumam, t\u0101d\u0113j\u0101di uzlabojot veiktsp\u0113ju un samazinot ener\u0123ijas pat\u0113ri\u0146u.<\/li>\n<li><strong>Uzlabota dro\u0161\u012bba:<\/strong> Regul\u0113jami skavu tipa cilindri ir izstr\u0101d\u0101ti, \u0146emot v\u0113r\u0101 dro\u0161\u012bbu. Tie nodro\u0161ina lielisku cilindra kust\u012bbas kontroli, \u013caujot prec\u012bzi un dro\u0161i darboties. Tas ir \u012bpa\u0161i svar\u012bgi lietojumos, kur dro\u0161\u012bba ir galven\u0101 priorit\u0101te.<\/li>\n<\/ul>\n<p>Nosl\u0113gum\u0101 j\u0101secina, ka regul\u0113jami skavu tipa cilindri, piem\u0113ram, jaunais mazais ner\u016bs\u0113jo\u0161\u0101 t\u0113rauda divk\u0101r\u0161\u0101s darb\u012bbas hidrauliskais cilindrs, pied\u0101v\u0101 pla\u0161u priek\u0161roc\u012bbu kl\u0101stu sal\u012bdzin\u0101jum\u0101 ar citiem cilindru veidiem. To uzst\u0101d\u012b\u0161anas elast\u012bba, paaugstin\u0101t\u0101 stabilit\u0101te, viegl\u0101 apkope, piel\u0101gojamais g\u0101jiena garums, paaugstin\u0101t\u0101 efektivit\u0101te un uzlabot\u0101 dro\u0161\u012bba padara tos par lielisku izv\u0113li da\u017e\u0101diem pielietojumiem.<\/p>\n<h3>Par FMP<\/h3>\n<p>FMP ir uz\u0146\u0113mums, kas specializ\u0113jas hidraulisko cilindru ra\u017eo\u0161an\u0101 un p\u0101rdo\u0161an\u0101. Pateicoties m\u016bsu pla\u0161ajai pieredzei nozar\u0113 un profesion\u0101lajai komandai, m\u0113s nodro\u0161in\u0101m klientus ar augstas kvalit\u0101tes un uzticamiem hidrauliskajiem cilindriem celtniec\u012bbas tehnikai.<\/p>\n<p>1. Pla\u0161s produktu kl\u0101sts:<\/p>\n<p>M\u016bsu produktu kl\u0101st\u0101 ir da\u017e\u0101di hidrauliskie cilindri celtniec\u012bbas ma\u0161\u012bn\u0101m. Neatkar\u012bgi no t\u0101, vai jums nepiecie\u0161ami vienk\u0101r\u0161\u0101s vai divk\u0101r\u0161\u0101s darb\u012bbas cilindri, teleskopiskie cilindri vai p\u0113c pas\u016bt\u012bjuma izgatavoti cilindri, mums ir ide\u0101ls risin\u0101jums, kas atbilst j\u016bsu \u012bpa\u0161aj\u0101m pras\u012bb\u0101m.<\/p>\n<p>2. Augst\u0101k\u0101s kvalit\u0101tes komponenti:<\/p>\n<p>Visi m\u016bsu hidrauliskie cilindri ir izgatavoti, izmantojot augst\u0101k\u0101s kvalit\u0101tes komponentus. M\u016bsu ra\u017eo\u0161anas proces\u0101 m\u0113s pie\u0161\u0137iram priorit\u0101ti kvalit\u0101tei, lai nodro\u0161in\u0101tu m\u016bsu produktu ilgm\u016b\u017e\u012bbu un veiktsp\u0113ju.<\/p>\n<p>3. Ekspert\u012bze un konsult\u0101cijas:<\/p>\n<p>M\u016bsu pieredz\u0113ju\u0161\u0101 p\u0101rdo\u0161anas komanda labi p\u0101rzina b\u016bvniec\u012bbas tehnikas nozares att\u012bst\u012bbas tendences un klientu vajadz\u012bbas. Vi\u0146i var sniegt profesion\u0101las produktu konsult\u0101cijas, pal\u012bdzot jums izv\u0113l\u0113ties pareizo hidraulisko cilindru j\u016bsu tehnikai.<\/p>\n<p>4. Uzticama pieg\u0101des \u0137\u0113de:<\/p>\n<p>Izveidojot ilgtermi\u0146a un stabilas sadarb\u012bbas attiec\u012bbas ar augstas kvalit\u0101tes pieg\u0101d\u0101t\u0101jiem, m\u0113s garant\u0113jam, ka visas pieg\u0101d\u0101t\u0101s deta\u013cas atbilst stingriem kvalit\u0101tes standartiem. Tas nodro\u0161ina m\u016bsu hidraulisko cilindru uzticam\u012bbu un iztur\u012bbu.<\/p>\n<p>5. Efekt\u012bva lo\u0123istika un savlaic\u012bga pieg\u0101de:<\/p>\n<p>Mums ir efekt\u012bva lo\u0123istikas izplat\u012b\u0161anas sist\u0113ma, lai nodro\u0161in\u0101tu, ka klienti savlaic\u012bgi un prec\u012bzi sa\u0146em nepiecie\u0161amos hidrauliskos cilindrus. M\u0113s saprotam d\u012bkst\u0101ves laika samazin\u0101\u0161anas noz\u012bmi un cen\u0161amies nodro\u0161in\u0101t \u0101tru pieg\u0101di.<\/p>\n<p><img decoding=\"async\" src=\"https:\/\/fmp-components.com\/wp-content\/uploads\/2024\/12\/Adjustable-Clevis-Type-Cylinders-6.webp\" alt=\"Regul\u0113jams skavu tipa cilindrs\" width=\"812\" title=\"\"><\/p>\n<p>Autors: CX<\/p>","protected":false},"excerpt":{"rendered":"<p>New Arrival Small Stainless Steel Double Acting Hydraulic Cylinder Introducing the New Arrival Small Stainless Steel Double Acting Hydraulic Cylinder The Small Stainless Steel Double Acting Hydraulic Cylinder is the latest product to join our inventory. It is designed to provide high performance and durability in a compact and lightweight package. Made with high-quality stainless [&hellip;]<\/p>","protected":false},"featured_media":1469,"comment_status":"closed","ping_status":"closed","template":"","meta":{"_et_pb_use_builder":"","_et_pb_old_content":"","_et_gb_content_width":""},"product_brand":[],"product_cat":[42],"product_tag":[34,44],"class_list":{"0":"post-1468","1":"product","2":"type-product","3":"status-publish","4":"has-post-thumbnail","6":"product_cat-snow-plow-hydraulic-cylinder","7":"product_tag-hydraulic-cylinder","8":"product_tag-snow-plow-hydraulic-cylinder","10":"first","11":"instock","12":"product-type-simple"},"_links":{"self":[{"href":"https:\/\/fmp-components.com\/lv\/wp-json\/wp\/v2\/product\/1468","targetHints":{"allow":["GET"]}}],"collection":[{"href":"https:\/\/fmp-components.com\/lv\/wp-json\/wp\/v2\/product"}],"about":[{"href":"https:\/\/fmp-components.com\/lv\/wp-json\/wp\/v2\/types\/product"}],"replies":[{"embeddable":true,"href":"https:\/\/fmp-components.com\/lv\/wp-json\/wp\/v2\/comments?post=1468"}],"wp:featuredmedia":[{"embeddable":true,"href":"https:\/\/fmp-components.com\/lv\/wp-json\/wp\/v2\/media\/1469"}],"wp:attachment":[{"href":"https:\/\/fmp-components.com\/lv\/wp-json\/wp\/v2\/media?parent=1468"}],"wp:term":[{"taxonomy":"product_brand","embeddable":true,"href":"https:\/\/fmp-components.com\/lv\/wp-json\/wp\/v2\/product_brand?post=1468"},{"taxonomy":"product_cat","embeddable":true,"href":"https:\/\/fmp-components.com\/lv\/wp-json\/wp\/v2\/product_cat?post=1468"},{"taxonomy":"product_tag","embeddable":true,"href":"https:\/\/fmp-components.com\/lv\/wp-json\/wp\/v2\/product_tag?post=1468"}],"curies":[{"name":"wp","href":"https:\/\/api.w.org\/{rel}","templated":true}]}}