{"id":1464,"date":"2024-12-23T05:49:26","date_gmt":"2024-12-23T05:49:26","guid":{"rendered":"https:\/\/fmp-components.com\/product\/superior-quality-mini-two-way-hydraulic-piston-cylinder\/"},"modified":"2024-12-23T06:29:50","modified_gmt":"2024-12-23T06:29:50","slug":"superior-quality-mini-two-way-hydraulic-piston-cylinder","status":"publish","type":"product","link":"https:\/\/fmp-components.com\/lv\/product\/superior-quality-mini-two-way-hydraulic-piston-cylinder\/","title":{"rendered":"Augst\u0101k\u0101s kvalit\u0101tes mini divvirzienu hidrauliskais virzu\u013ccilindrs"},"content":{"rendered":"<p>Augst\u0101k\u0101s kvalit\u0101tes mini divvirzienu hidrauliskais virzu\u013ccilindrsAugst\u0101k\u0101s kvalit\u0101tes mini divvirzienu hidrauliskais virzu\u013ccilindrs ir augst\u0101k\u0101s klases produkts, kas paredz\u0113ts optim\u0101lai veiktsp\u0113jai un iztur\u012bbai. \u0160is hidrauliskais cilindrs ir izgatavots no augstas kvalit\u0101tes materi\u0101liem un prec\u012bzas in\u017eenierijas, lai nodro\u0161in\u0101tu uzticamu un vienm\u0113r\u012bgu darb\u012bbu pat vispras\u012bg\u0101kajos pielietojumos.<\/p>\n<p>Virzu\u013ccilindram ir kompakts dizains, kas \u013cauj to viegli uzst\u0101d\u012bt un efekt\u012bvi izmantot telpu. T\u0101 divvirzienu darb\u012bba nodro\u0161ina izcilu kontroli un precizit\u0101ti, padarot to ide\u0101li piem\u0113rotu pla\u0161am r\u016bpniecisko un komerci\u0101lo pielietojumu kl\u0101stam.<\/p>\n<p>Papildus izcilajai veiktsp\u0113jai, augst\u0101k\u0101s kvalit\u0101tes mini divvirzienu hidrauliskais virzu\u013ccilindrs ir izstr\u0101d\u0101ts ar\u012b, dom\u0101jot par dro\u0161\u012bbu. T\u0101 uzlabot\u0101s funkcijas un iztur\u012bg\u0101 konstrukcija nodro\u0161ina, ka tas var iztur\u0113t pat vissmag\u0101kos apst\u0101k\u013cus un ilgtermi\u0146\u0101 saglab\u0101t optim\u0101lu veiktsp\u0113ju.<\/p>\n<p>Kopum\u0101 augst\u0101k\u0101s kvalit\u0101tes mini divvirzienu hidrauliskais virzu\u013ccilindrs pied\u0101v\u0101 nep\u0101rsp\u0113jamu v\u0113rt\u012bbu un veiktsp\u0113ju jebkur\u0101 pielietojum\u0101, kam nepiecie\u0161ama uzticama un efekt\u012bva hidraulisk\u0101 jauda. Neatkar\u012bgi no t\u0101, vai str\u0101d\u0101jat ra\u017eo\u0161an\u0101, b\u016bvniec\u012bb\u0101 vai jebkur\u0101 cit\u0101 nozar\u0113, kur\u0101 nepiecie\u0161ama augstas kvalit\u0101tes hidraulisk\u0101 iek\u0101rta, \u0161is virzu\u013ccilindrs ir ide\u0101la izv\u0113le jums. Izbaudiet izcilu veiktsp\u0113ju ar m\u016bsu jauno mini divvirzienu hidraulisko virzu\u013ccilindru. \u0160is augst\u0101k\u0101s klases produkts pied\u0101v\u0101 nep\u0101rsp\u0113jamu kvalit\u0101ti un ir paredz\u0113ts da\u017e\u0101d\u0101m r\u016bpniec\u012bbas pras\u012bb\u0101m. M\u016bsu hidrauliskais virzu\u013ccilindrs ir izstr\u0101d\u0101ts, lai nodro\u0161in\u0101tu uzticamu servisu un izcilu iztur\u012bbu, padarot to par b\u016btisku sast\u0101vda\u013cu tehnikas remonta darbn\u012bc\u0101m, saimniec\u012bb\u0101m, ener\u0123\u0113tikas un kalnr\u016bpniec\u012bbas nozar\u0113m, tehnikas ra\u017eo\u0161anai un tehnikas r\u016bpn\u012bc\u0101m.<\/p>\n<h2>Produkta funkcijas<\/h2>\n<h3>Augstas kvalit\u0101tes un iztur\u012bgs<\/h3>\n<p>M\u016bsu hidrauliskais virzu\u013ccilindrs ir izgatavots no augst\u0101k\u0101s klases t\u0113rauda korpusa materi\u0101la, kas nodro\u0161ina ilgm\u016b\u017e\u012bbu un robustu veiktsp\u0113ju. T\u0101 maksim\u0101l\u0101 vilces un vilk\u0161anas jauda ir attiec\u012bgi 3000 un 20 tonnas, padarot to par efekt\u012bvu un jaud\u012bgu instrumentu lieljaudas oper\u0101cij\u0101m.<\/p>\n<h3>Standarta specifik\u0101cijas<\/h3>\n<p>Produkts ir izstr\u0101d\u0101ts atbilsto\u0161i standarta specifik\u0101cij\u0101m, nodro\u0161inot \u0113rtu sader\u012bbu ar da\u017e\u0101diem lietojumiem. T\u0101 urbuma diametrs ir no 2 l\u012bdz 6 coll\u0101m, stie\u0146a izm\u0113rs ir no 1,125 l\u012bdz 4 coll\u0101m, g\u0101jiena garums ir no 4 l\u012bdz 100 coll\u0101m un tapas izm\u0113rs ir no 0,5 l\u012bdz 2 coll\u0101m. Produkts ir pieejams ar\u012b elegant\u0101 meln\u0101 kr\u0101s\u0101, kas padara to vizu\u0101li pievilc\u012bgu papildus t\u0101 izcilajai funkcionalit\u0101tei.<\/p>\n<h3>Kvalit\u0101tes nodro\u0161in\u0101\u0161ana<\/h3>\n<p>M\u016bsu hidrauliskais virzu\u013ccilindrs ir sertific\u0113ts ar ISO9001:2000 standartu, kas garant\u0113 t\u0101 augst\u0101ko kvalit\u0101ti un uzticam\u012bbu. M\u0113s pied\u0101v\u0101jam 1 gada garantiju produktam un t\u0101 galvenaj\u0101m sast\u0101vda\u013c\u0101m, nodro\u0161inot m\u016bsu klientiem sirdsmieru.<\/p>\n<p><img decoding=\"async\" title=\"Sniega arkla hidrauliskais cilindrs\" src=\"https:\/\/hzpt.com\/wp-content\/uploads\/2023\/11\/Snow-Plow-Hydraulic-Cylinder-2.webp\" alt=\"Sniega arkla hidrauliskais cilindrs\" \/><\/p>\n<h2>Regul\u0113jamu skavu tipa cilindru priek\u0161roc\u012bbas<\/h2>\n<p>Regul\u0113jami skavu tipa cilindri, piem\u0113ram, augst\u0101k\u0101s kvalit\u0101tes mini divvirzienu hidrauliskais virzu\u013ccilindrs, pied\u0101v\u0101 vair\u0101kas at\u0161\u0137ir\u012bgas priek\u0161roc\u012bbas da\u017e\u0101dos pielietojumos. \u0160iem cilindriem ir unik\u0101ls dizains un funkcionalit\u0101te, kas tos at\u0161\u0137ir no parastajiem hidrauliskajiem cilindriem. \u0160aj\u0101 rakst\u0101 m\u0113s detaliz\u0113ti izp\u0113t\u012bsim \u0161\u012bs priek\u0161roc\u012bbas, izce\u013cot ieguvumus, ko tie sniedz da\u017e\u0101d\u0101m nozar\u0113m un pielietojumiem.<\/p>\n<h3>1. Uzlabota elast\u012bba un piel\u0101go\u0161anas iesp\u0113jas<\/h3>\n<p>Viena no regul\u0113jamu skavu tipa cilindru galvenaj\u0101m priek\u0161roc\u012bb\u0101m ir to uzlabot\u0101 elast\u012bba un piel\u0101go\u0161anas iesp\u0113jas. At\u0161\u0137ir\u012bb\u0101 no standarta cilindriem, \u0161iem cilindriem ir regul\u0113jami skavu stiprin\u0101jumi, kas \u013cauj tos viegli piestiprin\u0101t un atvienot. \u0160\u012b funkcija \u013cauj \u0101tri un bez piep\u016bles piel\u0101got cilindra poz\u012bciju, garumu un orient\u0101ciju, nodro\u0161inot uzlabotu elast\u012bbu da\u017e\u0101dos pielietojumos.<\/p>\n<p>Ar augst\u0101k\u0101s kvalit\u0101tes mini divvirzienu hidraulisko virzu\u013ccilindru lietot\u0101ji var viegli piel\u0101got skavu stiprin\u0101jumu atbilsto\u0161i konkr\u0113t\u0101m pras\u012bb\u0101m. \u0160\u012b elast\u012bba padara \u0161os cilindrus piem\u0113rotus pla\u0161am pielietojumu kl\u0101stam, tostarp r\u016bpnieciskaj\u0101m ma\u0161\u012bn\u0101m, lauksaimniec\u012bbas tehnikai un celtniec\u012bbas transportl\u012bdzek\u013ciem.<\/p>\n<h3>2. Uzlabota kravas apstr\u0101des sp\u0113ja<\/h3>\n<p>Regul\u0113jami dak\u0161u tipa cilindri pied\u0101v\u0101 ar\u012b uzlabotu slodzes apstr\u0101des sp\u0113ju sal\u012bdzin\u0101jum\u0101 ar tradicion\u0101lajiem cilindriem. \u0160o cilindru konstrukcija nodro\u0161ina efekt\u012bvu sp\u0113ka p\u0101rnesi, \u013caujot efekt\u012bvi apstr\u0101d\u0101t smagas kravas. Cilindra iek\u0161pus\u0113 eso\u0161ais virzulis nodro\u0161ina vienm\u0113r\u012bgu kust\u012bbu, nodro\u0161inot prec\u012bzu kontroli un stabilit\u0101ti darb\u012bbas laik\u0101.<\/p>\n<p>Augst\u0101k\u0101s kvalit\u0101tes mini divvirzienu hidrauliskais virzu\u013ccilindrs ir izstr\u0101d\u0101ts no augstas kvalit\u0101tes materi\u0101liem un progres\u012bv\u0101m in\u017eeniertehniskaj\u0101m metod\u0113m, k\u0101 rezult\u0101t\u0101 tas ir iztur\u012bgs un ilgm\u016b\u017e\u012bgs cilindrs, kas sp\u0113j viegli apstr\u0101d\u0101t smagas kravas. Tas padara to par ide\u0101lu izv\u0113li lietojumprogramm\u0101m, kur\u0101m nepiecie\u0161ama uzticama un efekt\u012bva kravu apstr\u0101de, piem\u0113ram, materi\u0101lu apstr\u0101des iek\u0101rt\u0101m un cel\u0161anas sist\u0113m\u0101m.<\/p>\n<h3>3. Optim\u0101la veiktsp\u0113ja un efektivit\u0101te<\/h3>\n<p>V\u0113l viena b\u016btiska regul\u0113jamu skavu tipa cilindru priek\u0161roc\u012bba ir to sp\u0113ja nodro\u0161in\u0101t optim\u0101lu veiktsp\u0113ju un efektivit\u0101ti. \u0160ie cilindri ir izstr\u0101d\u0101ti, lai samazin\u0101tu ener\u0123ijas zudumus un palielin\u0101tu jaudas izvadi, nodro\u0161inot efekt\u012bvu darb\u012bbu un samazin\u0101tas ekspluat\u0101cijas izmaksas.<\/p>\n<p>Augst\u0101k\u0101s kvalit\u0101tes mini divvirzienu hidrauliskais virzu\u013ccilindrs ietver sev\u012b progres\u012bvu hidraulisko tehnolo\u0123iju, tostarp prec\u012bzu v\u0101rstu vad\u012bbu un efekt\u012bvu \u0161\u0137idruma pl\u016bsmas p\u0101rvald\u012bbu. Tas uzlabo sist\u0113mas kop\u0113jo veiktsp\u0113ju, samazina berzi un palielina energoefektivit\u0101ti. T\u0101 rezult\u0101t\u0101 \u0161ie cilindri tiek pla\u0161i izmantoti lietojumos, kuriem nepiecie\u0161amas augstas veiktsp\u0113jas un energoefekt\u012bvas hidraulisk\u0101s sist\u0113mas, piem\u0113ram, ra\u017eo\u0161anas automatiz\u0101cij\u0101 un r\u016bpnieciskaj\u0101s iek\u0101rt\u0101s.<\/p>\n<h3>4. Daudzpus\u012bba mont\u0101\u017eas iesp\u0113j\u0101s<\/h3>\n<p>Regul\u0113jami skavu tipa cilindri pied\u0101v\u0101 daudzpus\u012bgas mont\u0101\u017eas iesp\u0113jas, \u013caujot tos neman\u0101mi integr\u0113t da\u017e\u0101d\u0101s sist\u0113m\u0101s un konstrukcij\u0101s. \u0160os cilindrus var uzst\u0101d\u012bt vertik\u0101li, horizont\u0101li vai jebkur\u0101 v\u0113lamaj\u0101 le\u0146\u0137\u012b atkar\u012bb\u0101 no konkr\u0113taj\u0101m pielietojuma pras\u012bb\u0101m.<\/p>\n<p>Augst\u0101k\u0101s kvalit\u0101tes mini divvirzienu hidrauliskais virzu\u013ccilindrs ir apr\u012bkots ar da\u017e\u0101diem mont\u0101\u017eas piederumiem un iesp\u0113j\u0101m, kas nodro\u0161ina vienk\u0101r\u0161u uzst\u0101d\u012b\u0161anu un sader\u012bbu ar da\u017e\u0101d\u0101m sist\u0113m\u0101m. \u0160\u012b daudzpus\u012bba padara \u0161os cilindrus piem\u0113rotus pla\u0161am nozaru kl\u0101stam, tostarp autob\u016bves, kosmosa un j\u016bras r\u016bpniec\u012bbai.<\/p>\n<p>Nosl\u0113gum\u0101 j\u0101secina, ka regul\u0113jami skavas tipa cilindri, ko ilustr\u0113 augst\u0101k\u0101s kvalit\u0101tes mini divvirzienu hidrauliskais virzu\u013ccilindrs, pied\u0101v\u0101 daudzas priek\u0161roc\u012bbas elast\u012bbas, slodzes apstr\u0101des sp\u0113jas, veiktsp\u0113jas un daudzpus\u012bbas zi\u0146\u0101. \u0160ie cilindri ir \u013coti piepras\u012bti da\u017e\u0101d\u0101s nozar\u0113s, pateicoties to unik\u0101lajam dizainam un funkcionalit\u0101tei. Neatkar\u012bgi no t\u0101, vai tas ir paredz\u0113ts r\u016bpnieciskaj\u0101m ma\u0161\u012bn\u0101m, materi\u0101lu apstr\u0101des iek\u0101rt\u0101m vai jebkuram citam pielietojumam, kam nepiecie\u0161amas uzticamas un efekt\u012bvas hidraulisk\u0101s sist\u0113mas, regul\u0113jami skavas tipa cilindri ir lieliska izv\u0113le.<\/p>\n<h3>Par FMP \u2013 augstas kvalit\u0101tes hidrauliskie cilindri celtniec\u012bbas ma\u0161\u012bn\u0101m<\/h3>\n<p>Mekl\u0113jat augstas kvalit\u0101tes hidrauliskos cilindrus sav\u0101m celtniec\u012bbas ma\u0161\u012bn\u0101m? FMP ir vado\u0161ais uz\u0146\u0113mums It\u0101lij\u0101, kas specializ\u0113jas celtniec\u012bbas tehnikas deta\u013cu un nokomplekt\u0113tu iek\u0101rtu p\u0101rdo\u0161an\u0101 un apkalpo\u0161an\u0101.<\/p>\n<p>Uz\u0146\u0113mum\u0101 FMP m\u0113s esam ap\u0146\u0113mu\u0161ies nodro\u0161in\u0101t saviem klientiem uzticamus un efekt\u012bvus risin\u0101jumus vi\u0146u celtniec\u012bbas tehnikas vajadz\u012bb\u0101m. M\u016bsu produktu kl\u0101st\u0101 ir pla\u0161s celtniec\u012bbas tehnikas, lauksaimniec\u012bbas tehnikas p\u0101rnesumk\u0101rbu, planet\u0101ro p\u0101rnesumk\u0101rbu, r\u016bpniecisko p\u0101rnesumk\u0101rbu un tiem atbilsto\u0161u augst\u0101k\u0101s klases piederumu kl\u0101sts.<\/p>\n<p>\u0160eit ir da\u017eas no priek\u0161roc\u012bb\u0101m, ko sniedz FMP izv\u0113le j\u016bsu hidraulisko cilindru vajadz\u012bb\u0101m:<\/p>\n<p>1. Augstas kvalit\u0101tes produkti: Visi m\u016bsu produkti tiek ieg\u016bti no augstas kvalit\u0101tes pieg\u0101d\u0101t\u0101jiem, nodro\u0161inot, ka m\u016bsu klienti sa\u0146em tikai vislab\u0101k\u0101s kvalit\u0101tes produktus, kas atbilst stingriem kvalit\u0101tes standartiem.<\/p>\n<p>2. Profesion\u0101la komanda: M\u016bsu pieredz\u0113ju\u0161\u0101 un profesion\u0101l\u0101 p\u0101rdo\u0161anas komanda p\u0101rzina celtniec\u012bbas tehnikas nozares att\u012bst\u012bbas tendences un klientu vajadz\u012bbas, k\u0101 ar\u012b var sniegt visaptvero\u0161as produktu konsult\u0101cijas un viedus pirk\u0161anas ieteikumus.<\/p>\n<p>3. Efekt\u012bva lo\u0123istikas izplat\u012b\u0161anas sist\u0113ma: Mums ir efekt\u012bva lo\u0123istikas izplat\u012b\u0161anas sist\u0113ma, kas nodro\u0161ina savlaic\u012bgu un prec\u012bzu produktu pieg\u0101di m\u016bsu klientiem.<\/p>\n<p>4. Konkur\u0113tsp\u0113j\u012bgas cenas: M\u0113s pied\u0101v\u0101jam konkur\u0113tsp\u0113j\u012bgas cenas m\u016bsu produktiem, neapdraudot kvalit\u0101ti.<\/p>\n<p>5. Piel\u0101go\u0161ana: M\u0113s pied\u0101v\u0101jam m\u016bsu hidraulisko cilindru piel\u0101go\u0161anas iesp\u0113jas, lai apmierin\u0101tu m\u016bsu klientu unik\u0101l\u0101s vajadz\u012bbas.<\/p>\n<p>M\u016bsu hidrauliskie cilindri, piem\u0113ram, regul\u0113jamais skavu tipa cilindrs (att\u0113l\u0101 zem\u0101k), ir lieliski piem\u0113roti pla\u0161am celtniec\u012bbas tehnikas pielietojumu kl\u0101stam. Pateicoties m\u016bsu ap\u0146\u0113m\u012bbai nodro\u0161in\u0101t kvalit\u0101ti un klientu apmierin\u0101t\u012bbu, j\u016bs varat uztic\u0113ties FMP vis\u0101m j\u016bsu hidraulisko cilindru vajadz\u012bb\u0101m.<\/p>\n<p><img decoding=\"async\" src=\"https:\/\/fmp-components.com\/wp-content\/uploads\/2024\/12\/Adjustable-Clevis-Type-Cylinders-6.webp\" alt=\"Regul\u0113jams skavu tipa cilindrs\" width=\"810\" title=\"\"><\/p>\n<h2>Bie\u017ei uzdotie jaut\u0101jumi<\/h2>\n<ol>\n<li style=\"list-style-type: none;\">\n<ol>\n<li>J: Vai j\u016bs esat tirdzniec\u012bbas uz\u0146\u0113mums vai ra\u017eot\u0101js? A: M\u0113s esam r\u016bpn\u012bca.<\/li>\n<li>J: Cik ilgs ir j\u016bsu pieg\u0101des laiks? A: Parasti tas ir 25\u201335 dienas.<\/li>\n<li>J: Vai j\u016bs sniedzat paraugus? Vai tas ir bez maksas vai papildus? A: J\u0101, m\u0113s var\u0113tu pied\u0101v\u0101t paraugu, bet tas nav bez maksas.<\/li>\n<\/ol>\n<\/li>\n<\/ol>\n<ol>\n<li><img decoding=\"async\" title=\"Sniega arkla hidrauliskais cilindrs\" src=\"https:\/\/hzpt.com\/wp-content\/uploads\/2023\/11\/Snow-Plow-Hydraulic-Cylinder-1.webp\" alt=\"Sniega arkla hidrauliskais cilindrs\" \/><\/li>\n<\/ol>\n<p>Autors: CX<\/p>","protected":false},"excerpt":{"rendered":"<p>Superior Quality Mini Two Way Hydraulic Piston CylinderThe Superior Quality Mini Two Way Hydraulic Piston Cylinder is a top-of-the-line product designed for optimal performance and durability. This hydraulic cylinder is built with high-quality materials and precision engineering to ensure reliable and consistent operation in even the most demanding applications. The piston cylinder features a compact [&hellip;]<\/p>","protected":false},"featured_media":1465,"comment_status":"closed","ping_status":"closed","template":"","meta":{"_et_pb_use_builder":"","_et_pb_old_content":"","_et_gb_content_width":""},"product_brand":[],"product_cat":[42],"product_tag":[34,44],"class_list":{"0":"post-1464","1":"product","2":"type-product","3":"status-publish","4":"has-post-thumbnail","6":"product_cat-snow-plow-hydraulic-cylinder","7":"product_tag-hydraulic-cylinder","8":"product_tag-snow-plow-hydraulic-cylinder","10":"first","11":"instock","12":"product-type-simple"},"_links":{"self":[{"href":"https:\/\/fmp-components.com\/lv\/wp-json\/wp\/v2\/product\/1464","targetHints":{"allow":["GET"]}}],"collection":[{"href":"https:\/\/fmp-components.com\/lv\/wp-json\/wp\/v2\/product"}],"about":[{"href":"https:\/\/fmp-components.com\/lv\/wp-json\/wp\/v2\/types\/product"}],"replies":[{"embeddable":true,"href":"https:\/\/fmp-components.com\/lv\/wp-json\/wp\/v2\/comments?post=1464"}],"wp:featuredmedia":[{"embeddable":true,"href":"https:\/\/fmp-components.com\/lv\/wp-json\/wp\/v2\/media\/1465"}],"wp:attachment":[{"href":"https:\/\/fmp-components.com\/lv\/wp-json\/wp\/v2\/media?parent=1464"}],"wp:term":[{"taxonomy":"product_brand","embeddable":true,"href":"https:\/\/fmp-components.com\/lv\/wp-json\/wp\/v2\/product_brand?post=1464"},{"taxonomy":"product_cat","embeddable":true,"href":"https:\/\/fmp-components.com\/lv\/wp-json\/wp\/v2\/product_cat?post=1464"},{"taxonomy":"product_tag","embeddable":true,"href":"https:\/\/fmp-components.com\/lv\/wp-json\/wp\/v2\/product_tag?post=1464"}],"curies":[{"name":"wp","href":"https:\/\/api.w.org\/{rel}","templated":true}]}}