{"id":1460,"date":"2024-12-23T05:49:26","date_gmt":"2024-12-23T05:49:26","guid":{"rendered":"https:\/\/fmp-components.com\/product\/guaranteed-quality-hydraulic-piston-cylinder-welded-snow-plow-hydraulic-cylinder\/"},"modified":"2024-12-23T06:43:05","modified_gmt":"2024-12-23T06:43:05","slug":"guaranteed-quality-hydraulic-piston-cylinder-welded-snow-plow-hydraulic-cylinder","status":"publish","type":"product","link":"https:\/\/fmp-components.com\/lv\/product\/guaranteed-quality-hydraulic-piston-cylinder-welded-snow-plow-hydraulic-cylinder\/","title":{"rendered":"Garant\u0113tas kvalit\u0101tes hidraulisk\u0101 virzu\u013ccilindra metin\u0101ts sniega arkla hidrauliskais cilindrs"},"content":{"rendered":"<h2>Garant\u0113tas kvalit\u0101tes hidraulisk\u0101 virzu\u013ccilindra metin\u0101ts sniega arkla hidrauliskais cilindrs<\/h2>\n<p>Iepaz\u012bstin\u0101m ar garant\u0113tas kvalit\u0101tes hidraulisk\u0101 virzu\u013ccilindra metin\u0101to sniega arkla hidraulisko cilindru:<\/p>\n<p>Garant\u0113tas kvalit\u0101tes hidraulisk\u0101 virzu\u013ccilindra metin\u0101tais sniega arkla hidrauliskais cilindrs ir augstas veiktsp\u0113jas produkts, kas \u012bpa\u0161i paredz\u0113ts sniega arkliem. \u0160is hidrauliskais cilindrs ir izgatavots prec\u012bzi, lai nodro\u0161in\u0101tu izcilu iztur\u012bbu un uzticam\u012bbu.<\/p>\n<p>Pateicoties metin\u0101tajai konstrukcijai, \u0161is cilindrs pied\u0101v\u0101 izcilu iztur\u012bbu un notur\u012bbu pret liel\u0101m slodz\u0113m un ekstrem\u0101liem laikapst\u0101k\u013ciem. Tas garant\u0113 vienm\u0113r\u012bgu darb\u012bbu un prec\u012bzu vad\u012bbu, nodro\u0161inot efekt\u012bvu un lietder\u012bgu sniega t\u012br\u012b\u0161anu.<\/p>\n<p>\u0160\u012b cilindra hidrauliskais virzulis nodro\u0161ina jaud\u012bgu sp\u0113ku, \u013caujot sniega l\u0101psti\u0146ai tikt gal\u0101 pat ar vissare\u017e\u0123\u012bt\u0101kajiem apst\u0101k\u013ciem. T\u0101 uzlabot\u0101 konstrukcija nodro\u0161ina optim\u0101lu veiktsp\u0113ju un ilgm\u016b\u017e\u012bbu, padarot to par uzticamu izv\u0113li sniega t\u012br\u012b\u0161anas profesion\u0101\u013ciem.<\/p>\n<p><img decoding=\"async\" title=\"Sniega arkla hidrauliskais cilindrs\" src=\"https:\/\/hzpt.com\/wp-content\/uploads\/2023\/11\/Snow-Plow-Hydraulic-Cylinder-2.webp\" alt=\"Sniega arkla hidrauliskais cilindrs\" \/><\/p>\n<p>\u0160is hidrauliskais cilindrs ne tikai izce\u013cas ar izcilu veiktsp\u0113ju, bet ar\u012b pie\u0161\u0137ir priorit\u0101ti dro\u0161\u012bbai. Tas ir izstr\u0101d\u0101ts, iev\u0113rojot stingrus kvalit\u0101tes standartus, lai nodro\u0161in\u0101tu uzticamu darb\u012bbu un nov\u0113rstu jebk\u0101dus iesp\u0113jamos apdraud\u0113jumus.<\/p>\n<p>Garant\u0113tas kvalit\u0101tes hidraulisk\u0101 virzu\u013ccilindra metin\u0101t\u0101 sniega arkla hidrauliskais cilindrs ir lieliska izv\u0113le tiem, kas mekl\u0113 uzticamu un augstas kvalit\u0101tes risin\u0101jumu savam sniega arkla apr\u012bkojumam. T\u0101 izcil\u0101 veiktsp\u0113ja un iztur\u012bba padara to par b\u016btisku sast\u0101vda\u013cu efekt\u012bv\u0101m un veiksm\u012bg\u0101m sniega t\u012br\u012b\u0161anas oper\u0101cij\u0101m.<\/p>\n<h2>Iepaz\u012bstin\u0101m ar hidraulisk\u0101 virzu\u013ccilindra metin\u0101to sniega arkla hidraulisko cilindru<\/h2>\n<p>Iepaz\u012bstin\u0101m ar hidraulisk\u0101 virzu\u013ccilindra metin\u0101to sniega t\u012br\u012bt\u0101ja hidraulisko cilindru \u2014 jaun\u0101ko papildin\u0101jumu hidraulisko sist\u0113mu pasaul\u0113. \u0160is augst\u0101k\u0101s klases produkts garant\u0113 kvalit\u0101ti, iztur\u012bbu un efektivit\u0101ti, padarot to par revolucion\u0101ru hidraulisko cilindru nozar\u0113.<\/p>\n<h2>Produkta funkcijas un apkope<\/h2>\n<p>Hidrauliskais virzu\u013ccilindrs ir izstr\u0101d\u0101ts ar augst\u0101k\u0101s kvalit\u0101tes materi\u0101liem. Tas ir standarta virzu\u013ccilindrs ar t\u0113rauda korpusa materi\u0101lu, kas nodro\u0161ina sp\u0113c\u012bgu iztur\u012bbu pret nodilumu un ilgu kalpo\u0161anas laiku. Tas pied\u0101v\u0101 maksim\u0101lo vilces sp\u0113ku 3000 tonnu un maksim\u0101lo vilk\u0161anas sp\u0113ku 20 tonnu, padarot to ide\u0101li piem\u0113rotu smagiem darbiem, piem\u0113ram, sniega t\u012br\u012b\u0161anai.<\/p>\n<p>\u0160is jaud\u012bgais hidrauliskais cilindrs ir daudzpus\u012bgs un piel\u0101gojams da\u017e\u0101diem pielietojumiem, ar urbuma izm\u0113ru 2\u20136 collas, stie\u0146a izm\u0113ru 1,125\u20134 collas, g\u0101jiena izm\u0113ru 4\u2013100 collas un tapas izm\u0113ru 0,5\u20132 collas. T\u0101 meln\u0101 kr\u0101sa pie\u0161\u0137ir tam elegantu un profesion\u0101lu izskatu.<\/p>\n<p>\u0160\u012b hidraulisk\u0101 cilindra apkope ir vienk\u0101r\u0161a. Tam ir 1 gada garantija galvenaj\u0101m sast\u0101vda\u013c\u0101m, piem\u0113ram, gultnim un pa\u0161am hidrauliskajam cilindram. Regul\u0101ras p\u0101rbaudes un savlaic\u012bga \u0161o galveno sast\u0101vda\u013cu nomai\u0146a nodro\u0161in\u0101s produkta optim\u0101lu veiktsp\u0113ju laika gait\u0101.<\/p>\n<p><img decoding=\"async\" src=\"https:\/\/hzpt.com\/wp-content\/uploads\/2023\/11\/Snow-Plow-Hydraulic-Cylinder-4Factory.webp\" alt=\"R\u016bpn\u012bcas att\u0113ls\" title=\"\"><\/p>\n<h2>Regul\u0113jamu skavu tipa cilindru priek\u0161roc\u012bbas<\/h2>\n<p>Regul\u0113jami skavu tipa cilindri, piem\u0113ram, garant\u0113t\u0101s kvalit\u0101tes hidraulisk\u0101 virzu\u013ccilindra metin\u0101t\u0101 sniega arkla hidrauliskais cilindrs, pied\u0101v\u0101 vair\u0101kas at\u0161\u0137ir\u012bgas priek\u0161roc\u012bbas da\u017e\u0101dos pielietojumos. \u0160ie cilindri ir izstr\u0101d\u0101ti ar precizit\u0101ti un pieredzi, lai nodro\u0161in\u0101tu optim\u0101lu veiktsp\u0113ju un uzticam\u012bbu. \u0160aj\u0101 rakst\u0101 m\u0113s detaliz\u0113ti izp\u0113t\u012bsim regul\u0113jamo skavu tipa cilindru unik\u0101l\u0101s \u012bpa\u0161\u012bbas un priek\u0161roc\u012bbas.<\/p>\n<p><strong>1. Uzlabota elast\u012bba un piel\u0101go\u0161an\u0101s sp\u0113ja<\/strong><\/p>\n<p>Viena no regul\u0113jamu skavu tipa cilindru galvenaj\u0101m priek\u0161roc\u012bb\u0101m ir to sp\u0113ja nodro\u0161in\u0101t uzlabotu elast\u012bbu un piel\u0101go\u0161an\u0101s sp\u0113ju da\u017e\u0101dos ekspluat\u0101cijas apst\u0101k\u013cos. \u0160ie cilindri ir konstru\u0113ti ar regul\u0113jamiem skavu stiprin\u0101jumiem, kas \u013cauj tos viegli piel\u0101got un regul\u0113t atbilsto\u0161i \u012bpa\u0161\u0101m pras\u012bb\u0101m. \u0160\u012b funkcija \u013cauj cilindrus viegli integr\u0113t da\u017e\u0101d\u0101s sist\u0113m\u0101s, padarot tos \u013coti daudzpus\u012bgus un efekt\u012bvus.<\/p>\n<p><strong>2. Optim\u0101la slodzes apstr\u0101des jauda<\/strong><\/p>\n<p>Garant\u0113tas kvalit\u0101tes hidraulisk\u0101 virzu\u013ccilindra metin\u0101tais sniega arkla hidrauliskais cilindrs ir izstr\u0101d\u0101ts, lai nodro\u0161in\u0101tu izcilu slodzes apstr\u0101des jaudu. Pateicoties t\u0101 iztur\u012bgajai konstrukcijai un modernajai hidrauliskajai tehnolo\u0123ijai, \u0161is cilindrs var efekt\u012bvi un viegli tikt gal\u0101 ar smag\u0101m krav\u0101m. Neatkar\u012bgi no t\u0101, vai tas tiek izmantots sniega arkl\u0101s vai cit\u0101 smagaj\u0101 tehnik\u0101, \u0161is cilindrs ir izstr\u0101d\u0101ts, lai iztur\u0113tu augstu spiedienu un nodro\u0161in\u0101tu uzticamu veiktsp\u0113ju pat sare\u017e\u0123\u012btos apst\u0101k\u013cos.<\/p>\n<p><img decoding=\"async\" title=\"Sniega arkla hidrauliskais cilindrs\" src=\"https:\/\/hzpt.com\/wp-content\/uploads\/2023\/11\/Snow-Plow-Hydraulic-Cylinder-1.webp\" alt=\"Sniega arkla hidrauliskais cilindrs\" \/><\/p>\n<p><strong>3. Prec\u012bza vad\u012bba un vienm\u0113r\u012bga darb\u012bba<\/strong><\/p>\n<p>Regul\u0113jami skavu tipa cilindri ir paz\u012bstami ar prec\u012bzu vad\u012bbu un vienm\u0113r\u012bgu darb\u012bbu. \u0160ie cilindri ir apr\u012bkoti ar modern\u0101m hidraulisk\u0101m sist\u0113m\u0101m, kas nodro\u0161ina prec\u012bzu pozicion\u0113\u0161anu un kontrol\u0113tu kust\u012bbu. Augstas kvalit\u0101tes materi\u0101lu un prec\u012bzu ra\u017eo\u0161anas meto\u017eu izmanto\u0161ana v\u0113l vair\u0101k uzlabo kop\u0113jo veiktsp\u0113ju, k\u0101 rezult\u0101t\u0101 tiek nodro\u0161in\u0101ta vienm\u0113r\u012bga un efekt\u012bva darb\u012bba da\u017e\u0101dos pielietojumos.<\/p>\n<p><strong>4. Paaugstin\u0101ta produktivit\u0101te un efektivit\u0101te<\/strong><\/p>\n<p>Iek\u013caujot regul\u0113jamus skavu tipa cilindrus, nozares var iev\u0113rojami uzlabot produktivit\u0101ti un efektivit\u0101ti. \u0160ie cilindri pied\u0101v\u0101 \u0101tru un vienk\u0101r\u0161u uzst\u0101d\u012b\u0161anu, samazinot d\u012bkst\u0101ves laiku un maksim\u0101li palielinot darbsp\u0113jas laiku. To uzticam\u0101 veiktsp\u0113ja un piel\u0101gojam\u012bba ar\u012b veicina efektivit\u0101tes pieaugumu da\u017e\u0101d\u0101s darb\u012bb\u0101s, t\u0101d\u0113j\u0101di uzlabojot produktivit\u0101ti un rentabilit\u0101ti.<\/p>\n<p><strong>5. Iztur\u012bba un ilgm\u016b\u017e\u012bba<\/strong><\/p>\n<p>Garant\u0113tas kvalit\u0101tes hidrauliskais virzu\u013ccilindrs Metin\u0101ts sniega t\u012br\u012bt\u0101ja hidrauliskais cilindrs ir izgatavots no augstas kvalit\u0101tes materi\u0101liem un ir pak\u013cauts stingr\u0101m p\u0101rbaud\u0113m, lai nodro\u0161in\u0101tu iztur\u012bbu un ilgm\u016b\u017e\u012bbu. \u0160ie cilindri ir izstr\u0101d\u0101ti, lai iztur\u0113tu skarbus darba apst\u0101k\u013cus un lielas slodzes, padarot tos \u013coti uzticamus un ilgm\u016b\u017e\u012bgus. \u0160\u012b iztur\u012bba nov\u0113r\u0161 nepiecie\u0161am\u012bbu p\u0113c bie\u017eas nomai\u0146as, samazinot apkopes izmaksas un palielinot kop\u0113jo rentabilit\u0101ti.<\/p>\n<p>Nosl\u0113gum\u0101 j\u0101secina, ka regul\u0113jamu skavas tipa cilindru priek\u0161roc\u012bbas, ko apliecina garant\u0113tas kvalit\u0101tes hidraulisk\u0101 virzu\u013ccilindra metin\u0101t\u0101 sniega arkla hidrauliskais cilindrs, ir daudzas. To uzlabot\u0101 elast\u012bba, optim\u0101l\u0101 slodzes apstr\u0101des jauda, \u200b\u200bprec\u012bz\u0101 vad\u012bba, paaugstin\u0101t\u0101 produktivit\u0101te un iztur\u012bba padara tos par ide\u0101lu izv\u0113li da\u017e\u0101d\u0101m nozar\u0113m. \u0160o cilindru iek\u013cau\u0161ana da\u017e\u0101d\u0101s sist\u0113m\u0101s var uzlabot veiktsp\u0113ju, efektivit\u0101ti un rentabilit\u0101ti. Izv\u0113lieties regul\u0113jamus skavas tipa cilindrus sav\u0101m hidrauliskaj\u0101m vajadz\u012bb\u0101m un pa\u0161i izbaudiet priek\u0161roc\u012bbas.<\/p>\n<h3>Par FMP<\/h3>\n<p><img decoding=\"async\" src=\"https:\/\/fmp-components.com\/wp-content\/uploads\/2024\/12\/Adjustable-Clevis-Type-Cylinders-6.webp\" alt=\"Regul\u0113jams skavu tipa cilindrs\" width=\"808\" title=\"\"><\/p>\n<p>FMP ir vado\u0161ais uz\u0146\u0113mums, kas specializ\u0113jas hidraulisko cilindru ra\u017eo\u0161an\u0101 un p\u0101rdo\u0161an\u0101. Pateicoties m\u016bsu daudzu gadu pieredzei nozar\u0113 un profesion\u0101lajai komandai, m\u0113s esam ap\u0146\u0113mu\u0161ies nodro\u0161in\u0101t m\u016bsu klientus ar augstas kvalit\u0101tes un uzticamiem hidrauliskajiem cilindriem da\u017e\u0101diem pielietojumiem b\u016bvniec\u012bbas tehnikas nozar\u0113.<\/p>\n<p>1. Pla\u0161s produktu kl\u0101sts: M\u0113s pied\u0101v\u0101jam pla\u0161u hidraulisko cilindru kl\u0101stu, tostarp regul\u0113jamus skavu tipa cilindrus, teleskopiskos cilindrus, metin\u0101tus cilindrus, st\u016bres stie\u0146u cilindrus un citus. Lai k\u0101das b\u016btu j\u016bsu \u012bpa\u0161\u0101s vajadz\u012bbas, mums ir piem\u0113rots hidraulisko cilindru risin\u0101jums tie\u0161i jums.<\/p>\n<p>2. Izcila kvalit\u0101te: FMP m\u0113s pie\u0161\u0137iram priorit\u0101ti kvalit\u0101tei un nodro\u0161in\u0101m, lai visi m\u016bsu hidrauliskie cilindri atbilstu stingriem kvalit\u0101tes standartiem. M\u0113s esam izveidoju\u0161i ilgtermi\u0146a un stabilas attiec\u012bbas ar augstas kvalit\u0101tes pieg\u0101d\u0101t\u0101jiem gan viet\u0113j\u0101, gan starptautisk\u0101 m\u0113rog\u0101, lai garant\u0113tu m\u016bsu produktu iztur\u012bbu un veiktsp\u0113ju.<\/p>\n<p>3. Pieredz\u0113jusi p\u0101rdo\u0161anas komanda: m\u016bsu pieredz\u0113ju\u0161\u0101 un prasm\u012bg\u0101 p\u0101rdo\u0161anas komanda labi p\u0101rzina jaun\u0101k\u0101s nozares tendences un klientu vajadz\u012bbas. Vi\u0146i ir gatavi sniegt profesion\u0101las konsult\u0101cijas par produktiem un pied\u0101v\u0101t p\u0101rdom\u0101tus pirk\u0161anas ieteikumus, nodro\u0161inot, ka j\u016bs izdar\u0101t vislab\u0101ko izv\u0113li atbilsto\u0161i sav\u0101m celtniec\u012bbas tehnikas pras\u012bb\u0101m.<\/p>\n<p>4. Efekt\u012bva lo\u0123istikas izplat\u012b\u0161ana: M\u0113s saprotam savlaic\u012bgas pieg\u0101des noz\u012bmi. Ar m\u016bsu efekt\u012bvo lo\u0123istikas izplat\u012b\u0161anas sist\u0113mu m\u0113s nodro\u0161in\u0101m, ka klienti savlaic\u012bgi un prec\u012bzi sa\u0146em nepiecie\u0161amos hidrauliskos cilindrus. J\u016bs varat pa\u013cauties uz mums, lai sa\u0146emtu \u0101tru un uzticamu pakalpojumu.<\/p>\n<p>5. Piel\u0101gojami risin\u0101jumi: M\u0113s saprotam, ka katrs celtniec\u012bbas tehnikas projekts ir unik\u0101ls. T\u0101p\u0113c m\u0113s pied\u0101v\u0101jam piel\u0101gojamus hidraulisko cilindru risin\u0101jumus, lai atbilstu j\u016bsu \u012bpa\u0161aj\u0101m pras\u012bb\u0101m. Neatkar\u012bgi no t\u0101, vai jums ir nepiecie\u0161ams cilindrs ar noteiktu g\u0101jiena garumu, mont\u0101\u017eas veidu vai jebkuru citu piel\u0101gojumu, m\u0113s varam nodro\u0161in\u0101t jums piel\u0101gotus risin\u0101jumus.<\/p>\n<p>Sadarb\u012bba ar FMP noz\u012bm\u0113 piek\u013cuvi augstas kvalit\u0101tes hidrauliskajiem cilindriem, zino\u0161ai p\u0101rdo\u0161anas komandai, efekt\u012bvai lo\u0123istikai un piel\u0101gojamiem risin\u0101jumiem. Uzticieties mums, lai pieg\u0101d\u0101tu uzticamus un iztur\u012bgus hidrauliskos cilindrus, kas nepiecie\u0161ami j\u016bsu celtniec\u012bbas tehnikas projektiem. Autors: CX<\/p>","protected":false},"excerpt":{"rendered":"<p>Guaranteed Quality Hydraulic Piston Cylinder Welded Snow Plow Hydraulic Cylinder Introducing Guaranteed Quality Hydraulic Piston Cylinder Welded Snow Plow Hydraulic Cylinder: The Guaranteed Quality Hydraulic Piston Cylinder Welded Snow Plow Hydraulic Cylinder is a high-performance product designed specifically for snow plows. Crafted with precision, this hydraulic cylinder ensures superior durability and reliability. With its welded [&hellip;]<\/p>","protected":false},"featured_media":1461,"comment_status":"closed","ping_status":"closed","template":"","meta":{"_et_pb_use_builder":"","_et_pb_old_content":"","_et_gb_content_width":""},"product_brand":[],"product_cat":[42],"product_tag":[34,44],"class_list":{"0":"post-1460","1":"product","2":"type-product","3":"status-publish","4":"has-post-thumbnail","6":"product_cat-snow-plow-hydraulic-cylinder","7":"product_tag-hydraulic-cylinder","8":"product_tag-snow-plow-hydraulic-cylinder","10":"first","11":"instock","12":"product-type-simple"},"_links":{"self":[{"href":"https:\/\/fmp-components.com\/lv\/wp-json\/wp\/v2\/product\/1460","targetHints":{"allow":["GET"]}}],"collection":[{"href":"https:\/\/fmp-components.com\/lv\/wp-json\/wp\/v2\/product"}],"about":[{"href":"https:\/\/fmp-components.com\/lv\/wp-json\/wp\/v2\/types\/product"}],"replies":[{"embeddable":true,"href":"https:\/\/fmp-components.com\/lv\/wp-json\/wp\/v2\/comments?post=1460"}],"wp:featuredmedia":[{"embeddable":true,"href":"https:\/\/fmp-components.com\/lv\/wp-json\/wp\/v2\/media\/1461"}],"wp:attachment":[{"href":"https:\/\/fmp-components.com\/lv\/wp-json\/wp\/v2\/media?parent=1460"}],"wp:term":[{"taxonomy":"product_brand","embeddable":true,"href":"https:\/\/fmp-components.com\/lv\/wp-json\/wp\/v2\/product_brand?post=1460"},{"taxonomy":"product_cat","embeddable":true,"href":"https:\/\/fmp-components.com\/lv\/wp-json\/wp\/v2\/product_cat?post=1460"},{"taxonomy":"product_tag","embeddable":true,"href":"https:\/\/fmp-components.com\/lv\/wp-json\/wp\/v2\/product_tag?post=1460"}],"curies":[{"name":"wp","href":"https:\/\/api.w.org\/{rel}","templated":true}]}}