{"id":1458,"date":"2024-12-23T05:49:26","date_gmt":"2024-12-23T05:49:26","guid":{"rendered":"https:\/\/fmp-components.com\/product\/factory-serving-small-hydraulic-cylinder-double-acting-hydraulic-cylinder-for-snow-plow\/"},"modified":"2024-12-23T06:39:29","modified_gmt":"2024-12-23T06:39:29","slug":"factory-serving-small-hydraulic-cylinder-double-acting-hydraulic-cylinder-for-snow-plow","status":"publish","type":"product","link":"https:\/\/fmp-components.com\/lv\/product\/factory-serving-small-hydraulic-cylinder-double-acting-hydraulic-cylinder-for-snow-plow\/","title":{"rendered":"R\u016bpn\u012bc\u0101 apkalpojo\u0161s mazs hidrauliskais cilindrs ar divk\u0101r\u0161u darb\u012bbu sniega arklam"},"content":{"rendered":"<h2>R\u016bpn\u012bc\u0101 apkalpojo\u0161s mazs hidrauliskais cilindrs ar divk\u0101r\u0161u darb\u012bbu sniega arklam<\/h2>\n<p>R\u016bpn\u012bc\u0101 ra\u017eots mazs hidrauliskais cilindrs, divk\u0101r\u0161as darb\u012bbas hidrauliskais cilindrs sniega arklam, ir augstas kvalit\u0101tes hidrauliskais cilindrs, kas \u012bpa\u0161i paredz\u0113ts lieto\u0161anai sniega arkl\u0101s. Ar divk\u0101r\u0161as darb\u012bbas iesp\u0113ju \u0161is cilindrs nodro\u0161ina jaud\u012bgu un uzticamu veiktsp\u0113ju, pal\u012bdzot \u0101tri un efekt\u012bvi not\u012br\u012bt sniegu un ledu.<\/p>\n<p>\u0160is hidrauliskais cilindrs ir izgatavots no augst\u0101k\u0101s kvalit\u0101tes materi\u0101liem un ir rad\u012bts ilgam kalpo\u0161anas laikam. T\u0101 kompaktais izm\u0113rs padara to par ide\u0101lu izv\u0113li maz\u0101kiem sniega arklu mode\u013ciem, pied\u0101v\u0101jot vietu taupo\u0161u risin\u0101jumu, neapdraudot veiktsp\u0113ju. T\u0101 divk\u0101r\u0161\u0101s darb\u012bbas konstrukcija nodro\u0161ina vienm\u0113r\u012bgu un past\u0101v\u012bgu darb\u012bbu, \u013caujot prec\u012bzi kontrol\u0113t un nodro\u0161in\u0101t maksim\u0101lu efektivit\u0101ti.<\/p>\n<p><img decoding=\"async\" title=\"Sniega arkla hidrauliskais cilindrs\" src=\"https:\/\/hzpt.com\/wp-content\/uploads\/2023\/11\/Snow-Plow-Hydraulic-Cylinder-1.webp\" alt=\"Sniega arkla hidrauliskais cilindrs\" \/><\/p>\n<p>Neatkar\u012bgi no t\u0101, vai esat profesion\u0101ls sniega t\u012br\u012b\u0161anas pakalpojumu sniedz\u0113js vai m\u0101jas \u012bpa\u0161nieks, kas mekl\u0113 efekt\u012bvu veidu, k\u0101 att\u012br\u012bt savu piebraucamo ce\u013cu, r\u016bpn\u012bc\u0101 ra\u017eotais mazais hidrauliskais cilindrs ar dubultas darb\u012bbas hidraulisko cilindru sniega arklam ir uzticams un efekt\u012bvs risin\u0101jums. Ar savu iztur\u012bgo konstrukciju un uzlabotaj\u0101m funkcij\u0101m \u0161is hidrauliskais cilindrs noteikti atbild\u012bs vissmag\u0101kaj\u0101m ziemas laikapst\u0101k\u013cu pras\u012bb\u0101m.<\/p>\n<div>\n<h2>Atkl\u0101jiet augstas veiktsp\u0113jas, divk\u0101r\u0161as darb\u012bbas hidraulisko cilindru savam sniega arklam<\/h2>\n<p>Mekl\u0113jat uzticamu un augstas veiktsp\u0113jas hidraulisko cilindru savam sniega arklam? M\u016bsu r\u016bpn\u012bca ir \u012bst\u0101 vieta! M\u0113s pied\u0101v\u0101jam jaunu un iztur\u012bgu hidraulisko cilindru ar viena gada garantiju, kas ir piem\u0113rots da\u017e\u0101d\u0101m nozar\u0113m, tostarp tehnikas remonta darbn\u012bc\u0101m, saimniec\u012bb\u0101m, ener\u0123\u0113tikas un ieguves r\u016bpniec\u012bbai, tehnikas ra\u017eo\u0161anai un tehnikas r\u016bpn\u012bc\u0101m.<\/p>\n<h2>Produkta funkcijas<\/h2>\n<ul>\n<li>Svars: 5,4 kg<\/li>\n<li>Izgatavots no iztur\u012bga t\u0113rauda<\/li>\n<li>Hidrauliska piedzi\u0146a nodro\u0161ina izcilu veiktsp\u0113ju un uzticam\u012bbu<\/li>\n<li>Maksim\u0101l\u0101 vilce: 3000<\/li>\n<li>Maksim\u0101l\u0101 vilkme: 20 tonnas<\/li>\n<li>Urbuma izm\u0113rs: 2\u20136 collas<\/li>\n<li>Stie\u0146a izm\u0113rs: 1,125\u20134 collas<\/li>\n<li>G\u0101jiena izm\u0113rs: 4\u2013100 collas<\/li>\n<li>Tapas izm\u0113rs: 0,5\u20132 collas<\/li>\n<li>Kr\u0101sa: melna<\/li>\n<li>Sertifik\u0101cija: ISO9001:2000<\/li>\n<li>Iepakojums: dzelzs korpuss, sapl\u0101k\u0161\u0146a korpuss vai kartona kaste<\/li>\n<\/ul>\n<p><img decoding=\"async\" src=\"https:\/\/hzpt.com\/wp-content\/uploads\/2023\/11\/Snow-Plow-Hydraulic-Cylinder-4Factory.webp\" alt=\"R\u016bpn\u012bcas att\u0113ls\" title=\"\"><\/p>\n<\/div>\n<h2>Regul\u0113jamu skavu tipa cilindru priek\u0161roc\u012bbas<\/h2>\n<p>Regul\u0113jami skavu tipa cilindri tiek pla\u0161i izmantoti da\u017e\u0101d\u0101s nozar\u0113s, pateicoties to daudzpus\u012bbai un pied\u0101v\u0101taj\u0101m priek\u0161roc\u012bb\u0101m. \u0160eit ir da\u017eas no regul\u0113jamo skavu tipa cilindru galvenaj\u0101m priek\u0161roc\u012bb\u0101m:<\/p>\n<h3>1. Daudzpus\u012bba<\/h3>\n<p>Viena no regul\u0113jamu skavu tipa cilindru galvenaj\u0101m priek\u0161roc\u012bb\u0101m ir to daudzpus\u012bba. \u0160os cilindrus var izmantot pla\u0161\u0101 pielietojumu kl\u0101st\u0101, padarot tos par ide\u0101lu izv\u0113li daudz\u0101m nozar\u0113m. Tos parasti izmanto t\u0101d\u0101s jom\u0101s k\u0101 materi\u0101lu apstr\u0101de, celtniec\u012bbas tehnika un lauksaimniec\u012bbas tehnika.<\/p>\n<h3>2. Regul\u0113jams g\u0101jiena garums<\/h3>\n<p>V\u0113l viena b\u016btiska regul\u0113jamu skavu tipa cilindru priek\u0161roc\u012bba ir to regul\u0113jamais g\u0101jiena garums. Tas noz\u012bm\u0113, ka cilindra g\u0101jiena garumu var viegli piel\u0101got konkr\u0113taj\u0101m pielietojuma vajadz\u012bb\u0101m. Tas ir \u012bpa\u0161i izdev\u012bgi situ\u0101cij\u0101s, kad cilindrs tiek izmantots da\u017e\u0101dos pielietojumos ar at\u0161\u0137ir\u012bg\u0101m pras\u012bb\u0101m.<\/p>\n<h3>3. Augsta kravnes\u012bba<\/h3>\n<p>Regul\u0113jami skavu tipa cilindri ir konstru\u0113ti t\u0101, lai tiem b\u016btu liela slodzes iztur\u012bba, padarot tos piem\u0113rotus lieljaudas lietojumiem. Tos parasti izmanto lietojumos, kuros nepiecie\u0161ams liels sp\u0113ks un spiediens, piem\u0113ram, smago ma\u0161\u012bnu b\u016bv\u0113.<\/p>\n<h3>4. Divk\u0101r\u0161as vai vienk\u0101r\u0161as darb\u012bbas<\/h3>\n<p>Regul\u0113jami skavu tipa cilindri var b\u016bt konstru\u0113ti k\u0101 divk\u0101r\u0161as darb\u012bbas vai vienk\u0101r\u0161as darb\u012bbas cilindri atkar\u012bb\u0101 no pielietojuma pras\u012bb\u0101m. Divk\u0101r\u0161as darb\u012bbas cilindrus parasti izmanto pielietojumos, kuros nepiecie\u0161ams gan stum\u0161anas, gan vilk\u0161anas sp\u0113ks, savuk\u0101rt vienk\u0101r\u0161as darb\u012bbas cilindrus izmanto pielietojumos, kuros nepiecie\u0161ams tikai viena virziena sp\u0113ks.<\/p>\n<h3>5. R\u016bpn\u012bc\u0101 apkalpojo\u0161s mazs hidrauliskais cilindrs<\/h3>\n<p>Regul\u0113jamus skavu tipa cilindrus var ra\u017eot da\u017e\u0101dos izm\u0113ros, padarot tos piem\u0113rotus da\u017e\u0101diem pielietojumiem, tostarp tiem, kam nepiecie\u0161ami mazi hidrauliskie cilindri. Tos parasti izmanto pielietojumos, kam nepiecie\u0161ama augsta precizit\u0101te, piem\u0113ram, medic\u012bnas iek\u0101rt\u0101s un laboratorijas instrumentos.<\/p>\n<h3>6. Divk\u0101r\u0161as darb\u012bbas hidrauliskais cilindrs sniega arklam<\/h3>\n<p>Sniega arkl\u0101 parasti tiek izmantoti regul\u0113jami skavu tipa cilindri, jo tie sp\u0113j nodro\u0161in\u0101t lielu sp\u0113ku un spiedienu. Divk\u0101r\u0161as darb\u012bbas hidrauliskie cilindri sniega arkl\u0101 tiek izmantoti, lai paceltu un nolaistu arkla l\u0101pstu, vienlaikus nodro\u0161inot nepiecie\u0161amo sp\u0113ku asmens p\u0101rvieto\u0161anai no vienas puses uz otru.<\/p>\n<p>Nosl\u0113gum\u0101 j\u0101secina, ka regul\u0113jamie skavas tipa cilindri pied\u0101v\u0101 virkni priek\u0161roc\u012bbu, kas padara tos par ide\u0101lu izv\u0113li daudziem pielietojumiem. To daudzpus\u012bba, regul\u0113jamais g\u0101jiena garums, augst\u0101 kravnes\u012bba un iesp\u0113ja tos projekt\u0113t k\u0101 divk\u0101r\u0161as vai vienk\u0101r\u0161as darb\u012bbas cilindrus padara tos piem\u0113rotus pla\u0161am nozaru un pielietojumu kl\u0101stam. Turkl\u0101t to iesp\u0113ja ra\u017eot da\u017e\u0101dos izm\u0113ros, tostarp mazos hidrauliskos cilindrus, padara tos par popul\u0101ru izv\u0113li prec\u012bzijas pielietojumiem.<\/p>\n<h3>Par FMP \u2013 hidraulisko cilindru<\/h3>\n<p>FMP ir vado\u0161ais uz\u0146\u0113mums celtniec\u012bbas tehnikas deta\u013cu un pilnu ma\u0161\u012bnu p\u0101rdo\u0161an\u0101 un apkalpo\u0161an\u0101. Mums ir daudzu gadu pieredze nozar\u0113 un profesion\u0101lu ekspertu komanda, kas nodro\u0161ina augstas kvalit\u0101tes un uzticamas celtniec\u012bbas tehnikas deta\u013cas un piln\u012bgus ma\u0161\u012bnu risin\u0101jumus. M\u016bsu pla\u0161aj\u0101 produktu kl\u0101st\u0101 ietilpst lauksaimniec\u012bbas tehnikas p\u0101rnesumk\u0101rbas, planet\u0101r\u0101s p\u0101rnesumk\u0101rbas, r\u016bpniecisk\u0101s p\u0101rnesumk\u0101rbas, lauksaimniec\u012bbas tehnikas deta\u013cas un virkne augst\u0101k\u0101 l\u012bme\u0146a piederumu, kas t\u0101m atbilst. M\u0113s esam ap\u0146\u0113mu\u0161ies nodro\u0161in\u0101t klientus ar lab\u0101kajiem produktiem un pakalpojumiem. \u0160eit ir da\u017ei iemesli, k\u0101p\u0113c jums vajadz\u0113tu izv\u0113l\u0113ties FMP hidrauliskajiem cilindriem:<\/p>\n<ol>\n<li><strong>Augstas kvalit\u0101tes un uzticami produkti:<\/strong> FMP m\u0113s pie\u0161\u0137iram priorit\u0101ti savu produktu kvalit\u0101tei. M\u0113s veidojam ilgtermi\u0146a un stabilas sadarb\u012bbas attiec\u012bbas ar augstas kvalit\u0101tes pieg\u0101d\u0101t\u0101jiem no visas pasaules. Visas m\u016bsu pieg\u0101d\u0101t\u0101s deta\u013cas atbilst stingriem kvalit\u0101tes standartiem.<\/li>\n<li><strong>Pla\u0161s produktu kl\u0101sts:<\/strong> M\u0113s pied\u0101v\u0101jam pla\u0161u hidraulisko cilindru kl\u0101stu, tostarp standarta un piel\u0101gotus cilindrus. M\u016bsu regul\u0113jamais skavu tipa cilindrs ir popul\u0101rs produkts, kas ir \u013coti iztur\u012bgs un regul\u0113jams, lai atbilstu da\u017e\u0101d\u0101m vajadz\u012bb\u0101m.<\/li>\n<li><strong>Profesion\u0101la p\u0101rdo\u0161anas komanda:<\/strong> M\u016bsu p\u0101rdo\u0161anas komanda ir pieredz\u0113jusi un prasm\u012bga b\u016bvniec\u012bbas tehnikas nozar\u0113. Vi\u0146i p\u0101rzina jaun\u0101k\u0101s att\u012bst\u012bbas tendences un klientu vajadz\u012bbas, k\u0101 ar\u012b var sniegt profesion\u0101las konsult\u0101cijas par produktiem un p\u0101rdom\u0101tus pirk\u0161anas ieteikumus.<\/li>\n<li><strong>Efekt\u012bva lo\u0123istikas izplat\u012b\u0161ana:<\/strong> M\u0113s saprotam, ka savlaic\u012bga pieg\u0101de ir \u013coti svar\u012bga m\u016bsu klientiem. T\u0101p\u0113c esam izveidoju\u0161i efekt\u012bvu lo\u0123istikas izplat\u012b\u0161anas sist\u0113mu, lai nodro\u0161in\u0101tu, ka klienti savlaic\u012bgi un prec\u012bzi sa\u0146em nepiecie\u0161am\u0101s deta\u013cas.<\/li>\n<li><strong>Konkur\u0113tsp\u0113j\u012bgas cenas:<\/strong> FMP m\u0113s pied\u0101v\u0101jam konkur\u0113tsp\u0113j\u012bgas cenas, neapdraudot kvalit\u0101ti. M\u0113s cen\u0161amies nodro\u0161in\u0101t klientiem vislab\u0101ko cenas un v\u0113rt\u012bbas attiec\u012bbu.<\/li>\n<\/ol>\n<p><img decoding=\"async\" src=\"https:\/\/fmp-components.com\/wp-content\/uploads\/2024\/12\/Adjustable-Clevis-Type-Cylinders-6.webp\" alt=\"Regul\u0113jams skavu tipa cilindrs\" width=\"807\" title=\"\"><\/p>\n<p>M\u0113s esam ap\u0146\u0113mu\u0161ies nodro\u0161in\u0101t saviem klientiem augstas kvalit\u0101tes produktus un pakalpojumus, un esam p\u0101rliecin\u0101ti, ka varam apmierin\u0101t j\u016bsu hidraulisko cilindru vajadz\u012bbas. Ja jums ir v\u0113l k\u0101di jaut\u0101jumi vai v\u0113laties veikt pas\u016bt\u012bjumu, nevilcinieties sazin\u0101ties ar mums.<\/p>\n<p>Autors: CX<\/p>","protected":false},"excerpt":{"rendered":"<p>Factory Serving Small Hydraulic Cylinder Double Acting Hydraulic Cylinder For Snow Plow Factory Serving Small Hydraulic Cylinder Double Acting Hydraulic Cylinder For Snow Plow is a high-quality hydraulic cylinder designed specifically for use in snow plows. With its double acting capability, this cylinder delivers powerful and reliable performance, helping to clear snow and ice quickly [&hellip;]<\/p>","protected":false},"featured_media":1459,"comment_status":"closed","ping_status":"closed","template":"","meta":{"_et_pb_use_builder":"","_et_pb_old_content":"","_et_gb_content_width":""},"product_brand":[],"product_cat":[42],"product_tag":[34,44],"class_list":{"0":"post-1458","1":"product","2":"type-product","3":"status-publish","4":"has-post-thumbnail","6":"product_cat-snow-plow-hydraulic-cylinder","7":"product_tag-hydraulic-cylinder","8":"product_tag-snow-plow-hydraulic-cylinder","10":"first","11":"instock","12":"product-type-simple"},"_links":{"self":[{"href":"https:\/\/fmp-components.com\/lv\/wp-json\/wp\/v2\/product\/1458","targetHints":{"allow":["GET"]}}],"collection":[{"href":"https:\/\/fmp-components.com\/lv\/wp-json\/wp\/v2\/product"}],"about":[{"href":"https:\/\/fmp-components.com\/lv\/wp-json\/wp\/v2\/types\/product"}],"replies":[{"embeddable":true,"href":"https:\/\/fmp-components.com\/lv\/wp-json\/wp\/v2\/comments?post=1458"}],"wp:featuredmedia":[{"embeddable":true,"href":"https:\/\/fmp-components.com\/lv\/wp-json\/wp\/v2\/media\/1459"}],"wp:attachment":[{"href":"https:\/\/fmp-components.com\/lv\/wp-json\/wp\/v2\/media?parent=1458"}],"wp:term":[{"taxonomy":"product_brand","embeddable":true,"href":"https:\/\/fmp-components.com\/lv\/wp-json\/wp\/v2\/product_brand?post=1458"},{"taxonomy":"product_cat","embeddable":true,"href":"https:\/\/fmp-components.com\/lv\/wp-json\/wp\/v2\/product_cat?post=1458"},{"taxonomy":"product_tag","embeddable":true,"href":"https:\/\/fmp-components.com\/lv\/wp-json\/wp\/v2\/product_tag?post=1458"}],"curies":[{"name":"wp","href":"https:\/\/api.w.org\/{rel}","templated":true}]}}