{"id":1454,"date":"2024-12-23T05:49:26","date_gmt":"2024-12-23T05:49:26","guid":{"rendered":"https:\/\/fmp-components.com\/product\/good-quality-double-effect-small-2-ton-snow-plow-hydraulic-cylinder-double-acting\/"},"modified":"2024-12-23T06:37:14","modified_gmt":"2024-12-23T06:37:14","slug":"good-quality-double-effect-small-2-ton-snow-plow-hydraulic-cylinder-double-acting","status":"publish","type":"product","link":"https:\/\/fmp-components.com\/lv\/product\/good-quality-double-effect-small-2-ton-snow-plow-hydraulic-cylinder-double-acting\/","title":{"rendered":"Labas kvalit\u0101tes divk\u0101r\u0161as darb\u012bbas mazs 2 tonnu sniega arkla hidrauliskais cilindrs ar divk\u0101r\u0161u darb\u012bbu"},"content":{"rendered":"<h2>Labas kvalit\u0101tes divk\u0101r\u0161as darb\u012bbas mazs 2 tonnu sniega arkla hidrauliskais cilindrs ar divk\u0101r\u0161u darb\u012bbu<\/h2>\n<p>Kvalitat\u012bvs divk\u0101r\u0161as iedarb\u012bbas mazs 2 tonnu sniega t\u012br\u012bt\u0101ja hidrauliskais cilindrs ar divk\u0101r\u0161u darb\u012bbu ir augst\u0101k\u0101s klases produkts, kas paredz\u0113ts, lai sniega t\u012br\u012b\u0161anu padar\u012btu par vieglu uzdevumu. \u0160im hidrauliskajam cilindram ir mazs izm\u0113rs un divk\u0101r\u0161as darb\u012bbas dizains, kas nodro\u0161ina izcilu veiktsp\u0113ju un efektivit\u0101ti.<\/p>\n<p>\u0160is hidrauliskais cilindrs ir izgatavots no augstas kvalit\u0101tes materi\u0101liem, lai kalpotu ilgi. T\u0101 divk\u0101r\u0161\u0101s darb\u012bbas konstrukcija nodro\u0161ina vienm\u0113r\u012bgu un prec\u012bzu darb\u012bbu, nodro\u0161inot, ka j\u016bsu sniega l\u0101psta var viegli tikt gal\u0101 ar jebkuru reljefu. Cilindram ir ar\u012b iztur\u012bgs \u0101r\u0113jais p\u0101rkl\u0101jums, kas nodro\u0161ina aizsardz\u012bbu pret skarbajiem laikapst\u0101k\u013ciem un koroziju.<\/p>\n<p>Ar 2 tonnu celtsp\u0113ju \u0161is hidrauliskais cilindrs ir ide\u0101li piem\u0113rots lieto\u0161anai ar maziem un vid\u0113ja izm\u0113ra sniega arkliem. T\u0101 kompaktais dizains nodro\u0161ina, ka tas var viegli ietilpt \u0161aur\u0101s viet\u0101s, padarot to ide\u0101li piem\u0113rotu lieto\u0161anai dz\u012bvojam\u0101s zon\u0101s un maz\u0101kos komerci\u0101los \u012bpa\u0161umos.<\/p>\n<p>Ja mekl\u0113jat uzticamu un efekt\u012bvu hidraulisko cilindru savam sniega arklam, tad kvalitat\u012bvs divk\u0101r\u0161as iedarb\u012bbas mazs 2 tonnu sniega arkla hidrauliskais cilindrs ar divk\u0101r\u0161u darb\u012bbu ir \u012bst\u0101 izv\u0113le. Pateicoties t\u0101 izcilajam dizainam un konstrukcijai, varat b\u016bt dro\u0161i, ka \u0161is produkts nodro\u0161in\u0101s izcilu veiktsp\u0113ju un iztur\u012bbu daudzus gadus.<\/p>\n<div>\n<h2>Iepaz\u012bstin\u0101m ar m\u016bsu augst\u0101k\u0101s klases dubult\u0101s iedarb\u012bbas mazo 2 tonnu sniega arkla hidraulisko cilindru<\/h2>\n<p>M\u016bsu sniega t\u012br\u012bt\u0101ja hidrauliskais cilindrs ir izstr\u0101d\u0101ts, lai uzlabotu veiktsp\u0113ju un efektivit\u0101ti ener\u0123\u0113tikas un kalnr\u016bpniec\u012bbas, ma\u0161\u012bnb\u016bves un ma\u0161\u012bnb\u016bves remonta darbn\u012bc\u0101s. \u0160is cilindrs ir izgatavots no t\u0113rauda, \u200b\u200biztur\u012bgs un uzticams, un t\u0101 kvalit\u0101tei tiek nodro\u0161in\u0101ta viena gada garantija.<\/p>\n<h2>Produkta funkcijas<\/h2>\n<h3>Augsta kvalit\u0101te un uzticam\u012bba<\/h3>\n<p>M\u016bsu sniega t\u012br\u012bt\u0101ja hidrauliskais cilindrs ir izgatavots no t\u0113rauda, \u200b\u200blai nodro\u0161in\u0101tu t\u0101 iztur\u012bbu un ilgm\u016b\u017e\u012bbu. Tam ir virzu\u013ca strukt\u016bra, ko darbina hidraulisk\u0101 sist\u0113ma, nodro\u0161inot maksim\u0101lo vilci 3000 tonnu un maksim\u0101lo vilkmi 20 tonnu. \u0160is produkts ir ar\u012b sertific\u0113ts saska\u0146\u0101 ar ISO9001:2000, kas nodro\u0161ina t\u0101 augsto kvalit\u0101ti un uzticam\u012bbu.<\/p>\n<h3>Efektivit\u0101te un veiktsp\u0113ja<\/h3>\n<p>M\u016bsu sniega arkla hidrauliskais cilindrs ar urbuma izm\u0113ru no 2 l\u012bdz 6 coll\u0101m, stie\u0146a izm\u0113ru no 1,125 l\u012bdz 4 coll\u0101m un g\u0101jiena izm\u0113ru no 4 l\u012bdz 100 coll\u0101m ir paredz\u0113ts izcilai veiktsp\u0113jai un efektivit\u0101tei. T\u0101 tapas izm\u0113rs ir no 0,5 l\u012bdz 2 coll\u0101m, un tas ir apr\u012bkots ar G\/SAE\/NPT\/M piesl\u0113gviet\u0101m, lai nodro\u0161in\u0101tu daudzpus\u012bbu un sader\u012bbu.<\/p>\n<h3>Dro\u0161\u012bba un stabilit\u0101te<\/h3>\n<p>M\u016bsu sniega t\u012br\u012bt\u0101ja hidraulisk\u0101 cilindra dro\u0161\u012bbu un stabilit\u0101ti nodro\u0161ina t\u0101 standarta konstrukcija un galven\u0101s sast\u0101vda\u013cas, tostarp gultnis un pats hidrauliskais cilindrs. Turkl\u0101t, \u0146emot v\u0113r\u0101 t\u0101 jauno 2023. gada m\u0101rketinga veidu, varat b\u016bt dro\u0161i, ka tas atbilst pa\u0161reiz\u0113jiem nozares standartiem.<\/p>\n<p><img decoding=\"async\" title=\"Sniega arkla hidrauliskais cilindrs\" src=\"https:\/\/hzpt.com\/wp-content\/uploads\/2023\/11\/Snow-Plow-Hydraulic-Cylinder-1.webp\" alt=\"Sniega arkla hidrauliskais cilindrs\" \/><\/p>\n<\/div>\n<h2>Regul\u0113jamu skavu tipa cilindru priek\u0161roc\u012bbas<\/h2>\n<p>Regul\u0113jami skavas tipa cilindri, kas paz\u012bstami ar\u012b k\u0101 hidrauliskie cilindri, tiek pla\u0161i izmantoti da\u017e\u0101d\u0101s nozar\u0113s, pateicoties to daudzpus\u012bbai un efektivit\u0101tei. \u0160iem cilindriem ir vair\u0101kas priek\u0161roc\u012bbas, kas padara tos par iecien\u012btu izv\u0113li profesion\u0101\u013cu vid\u016b. \u0160aj\u0101 rakst\u0101 m\u0113s detaliz\u0113ti apspried\u012bsim regul\u0113jamo skavas tipa cilindru priek\u0161roc\u012bbas.<\/p>\n<p>1. <strong>Uzlabota elast\u012bba: <\/strong>Regul\u0113jami skavas tipa cilindri nodro\u0161ina uzlabotu elast\u012bbu konstrukcijas un darb\u012bbas zi\u0146\u0101. \u0160os cilindrus var viegli piel\u0101got da\u017e\u0101diem pielietojumiem un pras\u012bb\u0101m, padarot tos piem\u0113rotus pla\u0161am uzdevumu kl\u0101stam. Neatkar\u012bgi no t\u0101, vai tiek celta smaga tehnika vai vad\u012btas sare\u017e\u0123\u012btas sist\u0113mas, regul\u0113jami skavas tipa cilindri pied\u0101v\u0101 nepiecie\u0161amo elast\u012bbu, lai darbu paveiktu efekt\u012bvi.<\/p>\n<p>2. <strong>Uzlabota iztur\u012bba: <\/strong>Viena no regul\u0113jamo skavu tipa cilindru galvenaj\u0101m priek\u0161roc\u012bb\u0101m ir to iztur\u012bba. \u0160ie cilindri ir izstr\u0101d\u0101ti, lai iztur\u0113tu augstu spiedienu un lielas slodzes, padarot tos par uzticamu izv\u0113li pras\u012bgiem pielietojumiem. To konstrukcij\u0101 izmantotie materi\u0101li, piem\u0113ram, augstas kvalit\u0101tes t\u0113rauds un uzlaboti bl\u012bv\u0113jumi, nodro\u0161ina ilgsto\u0161u veiktsp\u0113ju pat skarbos apst\u0101k\u013cos.<\/p>\n<p>3. <strong>Optimiz\u0113ta veiktsp\u0113ja: <\/strong>Regul\u0113jamie skavu tipa cilindri ir izstr\u0101d\u0101ti, lai nodro\u0161in\u0101tu optim\u0101lu veiktsp\u0113ju da\u017e\u0101dos pielietojumos. To divk\u0101r\u0161\u0101s darb\u012bbas funkcionalit\u0101te \u013cauj izmantot gan stum\u0161anas, gan vilk\u0161anas sp\u0113kus, padarot tos \u013coti efekt\u012bvus uzdevumos, kuriem nepiecie\u0161ama prec\u012bza vad\u012bba un vienm\u0113r\u012bga darb\u012bba. \u0160\u012b daudzpus\u012bba nodro\u0161ina, ka cilindrus var izmantot pla\u0161\u0101 nozaru kl\u0101st\u0101, tostarp b\u016bvniec\u012bb\u0101, ra\u017eo\u0161an\u0101 un lauksaimniec\u012bb\u0101.<\/p>\n<p>4. <strong>Uzlabotas dro\u0161\u012bbas funkcijas: <\/strong>Regul\u0113jamie skavas tipa cilindri ir apr\u012bkoti ar uzlabot\u0101m dro\u0161\u012bbas funkcij\u0101m, lai nodro\u0161in\u0101tu operatora un apr\u012bkojuma dro\u0161\u012bbu. \u0160ie cilindri ir izstr\u0101d\u0101ti, lai nov\u0113rstu p\u0101rslodzi un nodro\u0161in\u0101tu uzticamas bremz\u0113\u0161anas sp\u0113jas, samazinot negad\u012bjumu un boj\u0101jumu risku. Turkl\u0101t regul\u0113jam\u0101 skavas konstrukcija nodro\u0161ina vienk\u0101r\u0161u uzst\u0101d\u012b\u0161anu un dro\u0161u piestiprin\u0101\u0161anu, v\u0113l vair\u0101k uzlabojot sist\u0113mas visp\u0101r\u0113jo dro\u0161\u012bbu.<\/p>\n<p>5. <strong>Paaugstin\u0101ta produktivit\u0101te: <\/strong>Pateicoties izcilai veiktsp\u0113jai un uzticam\u012bbai, regul\u0113jamie skavu tipa cilindri veicina produktivit\u0101tes pieaugumu da\u017e\u0101d\u0101s nozar\u0113s. \u0160o cilindru prec\u012bz\u0101 vad\u012bba un efekt\u012bv\u0101 darb\u012bba \u013cauj \u0101tr\u0101k pabeigt uzdevumus, samazinot d\u012bkst\u0101ves laiku un uzlabojot kop\u0113jo efektivit\u0101ti. To sp\u0113ja apstr\u0101d\u0101t smagas kravas \u013cauj ar\u012b palielin\u0101t produktivit\u0101ti cel\u0161anas un p\u0101rvieto\u0161anas oper\u0101cij\u0101s.<\/p>\n<p>Nosl\u0113gum\u0101 j\u0101secina, ka regul\u0113jamie skavas tipa cilindri pied\u0101v\u0101 daudzas priek\u0161roc\u012bbas, kas padara tos par iecien\u012btu izv\u0113li daudz\u0101s nozar\u0113s. S\u0101kot ar uzlabotu elast\u012bbu un iztur\u012bbu un beidzot ar optimiz\u0113tu veiktsp\u0113ju un uzlabot\u0101m dro\u0161\u012bbas funkcij\u0101m, \u0161ie cilindri ir izstr\u0101d\u0101ti, lai apmierin\u0101tu pras\u012bgu pielietojumu pras\u012bbas. To sp\u0113ja palielin\u0101t produktivit\u0101ti un iztur\u0113t lielas slodzes v\u0113l vair\u0101k nostiprina to poz\u012bciju k\u0101 ieteicamo risin\u0101jumu hidraulisko sist\u0113mu tirg\u016b. Neatkar\u012bgi no t\u0101, vai t\u0101 ir b\u016bvniec\u012bba, ra\u017eo\u0161ana vai jebkura cita nozare, regul\u0113jamie skavas tipa cilindri izr\u0101d\u0101s v\u0113rt\u012bgs ieguvums.<\/p>\n<h3>Par FMP<\/h3>\n<p>FMP ir uz\u0146\u0113mums, kas specializ\u0113jas hidraulisko cilindru ra\u017eo\u0161an\u0101 un p\u0101rdo\u0161an\u0101. Ar daudzu gadu pieredzi nozar\u0113 un profesion\u0101lu komandu m\u0113s esam ap\u0146\u0113mu\u0161ies nodro\u0161in\u0101t klientiem augstas kvalit\u0101tes un uzticamus hidrauliskos cilindrus.<\/p>\n<p>M\u016bsu hidrauliskie cilindri ir izstr\u0101d\u0101ti un ra\u017eoti atbilsto\u0161i augst\u0101kajiem nozares standartiem. \u0160eit ir piecas m\u016bsu produktu un uz\u0146\u0113muma galven\u0101s priek\u0161roc\u012bbas:<\/p>\n<p><strong>1. Pla\u0161s iesp\u0113ju kl\u0101sts:<\/strong> M\u0113s pied\u0101v\u0101jam pla\u0161u hidraulisko cilindru kl\u0101stu, lai apmierin\u0101tu da\u017e\u0101das vajadz\u012bbas. Neatkar\u012bgi no t\u0101, vai jums nepiecie\u0161ami standarta cilindri vai piel\u0101goti risin\u0101jumi, mums ir zin\u0101\u0161anas, lai nodro\u0161in\u0101tu j\u016bsu vajadz\u012bb\u0101m ide\u0101li piem\u0113rotu risin\u0101jumu.<\/p>\n<p><strong>2. Izcila kvalit\u0101te:<\/strong> Uz\u0146\u0113mum\u0101 FMP m\u0113s pie\u0161\u0137iram priorit\u0101ti kvalit\u0101tei visos m\u016bsu ra\u017eo\u0161anas procesa aspektos. M\u016bsu hidrauliskie cilindri ir izgatavoti no augst\u0101k\u0101s kvalit\u0101tes materi\u0101liem un tiek pak\u013cauti stingr\u0101m p\u0101rbaud\u0113m, lai nodro\u0161in\u0101tu iztur\u012bbu un uzticam\u012bbu.<\/p>\n<p><strong>3. Uzlabotas tehnolo\u0123ijas:<\/strong> M\u016bsu ra\u017eo\u0161anas procesos m\u0113s izmantojam jaun\u0101kos tehnolo\u0123iskos sasniegumus. Tas \u013cauj mums pieg\u0101d\u0101t hidrauliskos cilindrus, kas ir inov\u0101ciju avangard\u0101 ar uzlabotu veiktsp\u0113ju un efektivit\u0101ti.<\/p>\n<p><strong>4. Eksperta konsult\u0101cija:<\/strong> M\u016bsu pieredz\u0113ju\u0161\u0101 p\u0101rdo\u0161anas komanda labi p\u0101rzina celtniec\u012bbas tehnikas nozari. Vi\u0146i var sniegt profesion\u0101las konsult\u0101cijas par produktiem, pal\u012bdzot jums izv\u0113l\u0113ties pareizo hidraulisko cilindru atbilsto\u0161i j\u016bsu \u012bpa\u0161aj\u0101m pras\u012bb\u0101m.<\/p>\n<p><strong>5. Efekt\u012bva lo\u0123istika:<\/strong> M\u0113s saprotam savlaic\u012bgas pieg\u0101des noz\u012bmi. M\u016bsu efekt\u012bv\u0101 lo\u0123istikas izplat\u012b\u0161anas sist\u0113ma nodro\u0161ina, ka j\u016bs savlaic\u012bgi un prec\u012bzi sa\u0146emat nepiecie\u0161amos hidrauliskos cilindrus, samazinot d\u012bkst\u0101ves laiku un palielinot produktivit\u0101ti.<\/p>\n<p><img decoding=\"async\" src=\"https:\/\/fmp-components.com\/wp-content\/uploads\/2024\/12\/Adjustable-Clevis-Type-Cylinders-6.webp\" alt=\"Regul\u0113jams skavu tipa cilindrs\" width=\"805\" title=\"\"><\/p>\n<p>Autors: CX<\/p>","protected":false},"excerpt":{"rendered":"<p>Good Quality Double Effect Small 2 Ton Snow Plow Hydraulic Cylinder Double Acting Good Quality Double Effect Small 2 Ton Snow Plow Hydraulic Cylinder Double Acting is a top-of-the-line product designed to make snow removal a breeze. This hydraulic cylinder boasts a small form factor and a dual-acting design, providing superior performance and efficiency. Constructed [&hellip;]<\/p>","protected":false},"featured_media":1455,"comment_status":"closed","ping_status":"closed","template":"","meta":{"_et_pb_use_builder":"","_et_pb_old_content":"","_et_gb_content_width":""},"product_brand":[],"product_cat":[42],"product_tag":[34,44],"class_list":{"0":"post-1454","1":"product","2":"type-product","3":"status-publish","4":"has-post-thumbnail","6":"product_cat-snow-plow-hydraulic-cylinder","7":"product_tag-hydraulic-cylinder","8":"product_tag-snow-plow-hydraulic-cylinder","10":"first","11":"instock","12":"product-type-simple"},"_links":{"self":[{"href":"https:\/\/fmp-components.com\/lv\/wp-json\/wp\/v2\/product\/1454","targetHints":{"allow":["GET"]}}],"collection":[{"href":"https:\/\/fmp-components.com\/lv\/wp-json\/wp\/v2\/product"}],"about":[{"href":"https:\/\/fmp-components.com\/lv\/wp-json\/wp\/v2\/types\/product"}],"replies":[{"embeddable":true,"href":"https:\/\/fmp-components.com\/lv\/wp-json\/wp\/v2\/comments?post=1454"}],"wp:featuredmedia":[{"embeddable":true,"href":"https:\/\/fmp-components.com\/lv\/wp-json\/wp\/v2\/media\/1455"}],"wp:attachment":[{"href":"https:\/\/fmp-components.com\/lv\/wp-json\/wp\/v2\/media?parent=1454"}],"wp:term":[{"taxonomy":"product_brand","embeddable":true,"href":"https:\/\/fmp-components.com\/lv\/wp-json\/wp\/v2\/product_brand?post=1454"},{"taxonomy":"product_cat","embeddable":true,"href":"https:\/\/fmp-components.com\/lv\/wp-json\/wp\/v2\/product_cat?post=1454"},{"taxonomy":"product_tag","embeddable":true,"href":"https:\/\/fmp-components.com\/lv\/wp-json\/wp\/v2\/product_tag?post=1454"}],"curies":[{"name":"wp","href":"https:\/\/api.w.org\/{rel}","templated":true}]}}