{"id":1452,"date":"2024-12-23T05:49:26","date_gmt":"2024-12-23T05:49:26","guid":{"rendered":"https:\/\/fmp-components.com\/product\/double-effect-hydraulic-cylinder-small-hydraulic-cylinder-for-snow-plow\/"},"modified":"2024-12-23T06:43:34","modified_gmt":"2024-12-23T06:43:34","slug":"double-effect-hydraulic-cylinder-small-hydraulic-cylinder-for-snow-plow","status":"publish","type":"product","link":"https:\/\/fmp-components.com\/lv\/product\/double-effect-hydraulic-cylinder-small-hydraulic-cylinder-for-snow-plow\/","title":{"rendered":"Divk\u0101r\u0161a efekta hidrauliskais cilindrs, mazs hidrauliskais cilindrs sniega arklam"},"content":{"rendered":"<h2>Divk\u0101r\u0161a efekta hidrauliskais cilindrs, mazs hidrauliskais cilindrs sniega arklam<\/h2>\n<p>Divk\u0101r\u0161\u0101s iedarb\u012bbas hidrauliskais cilindrs Mazais hidrauliskais cilindrs sniega arklam ir augstas kvalit\u0101tes produkts, kas paredz\u0113ts lieto\u0161anai sniega arkl\u0101s. Cilindrs ir izgatavots ar precizit\u0101ti un no iztur\u012bgiem materi\u0101liem, lai nodro\u0161in\u0101tu t\u0101 ilgm\u016b\u017e\u012bbu. Divk\u0101r\u0161\u0101s iedarb\u012bbas funkcija \u013cauj palielin\u0101t efektivit\u0101ti, atvieglojot sniega t\u012br\u012b\u0161anu no virsm\u0101m.<\/p>\n<p>Hidrauliskais cilindrs ir konstru\u0113ts kompakta izm\u0113ra, \u013caujot to viegli uzst\u0101d\u012bt un izmantot da\u017e\u0101dos sniega arklos. T\u0101 mazais izm\u0113rs ar\u012b atvieglo transport\u0113\u0161anu, nodro\u0161inot, ka sniega arklu operatori to var viegli p\u0101rvietot no vienas vietas uz citu.<\/p>\n<p>Viena no \u0161\u012b produkta galvenaj\u0101m priek\u0161roc\u012bb\u0101m ir t\u0101 izcil\u0101 veiktsp\u0113ja ekstrem\u0101los laika apst\u0101k\u013cos. Tas sp\u0113j iztur\u0113t skarbus ziemas apst\u0101k\u013cus un ir izstr\u0101d\u0101ts, lai nodro\u0161in\u0101tu uzticamu veiktsp\u0113ju, kad t\u0101 ir visvair\u0101k nepiecie\u0161ama.<\/p>\n<p>Kopum\u0101 divk\u0101r\u0161\u0101 efekta hidraulisk\u0101 cilindra mazais hidrauliskais cilindrs sniega arklam ir lielisks produkts, kas nodro\u0161ina izcilu cenas un v\u0113rt\u012bbas attiec\u012bbu. T\u0101 iztur\u012bba, veiktsp\u0113ja un kompaktais izm\u0113rs padara to par ide\u0101lu izv\u0113li sniega arklu operatoriem, kuri mekl\u0113 uzticamu un efekt\u012bvu hidraulisko cilindru. Starp pla\u0161o pieejamo hidraulisko cilindru kl\u0101stu divk\u0101r\u0161\u0101 efekta hidraulisk\u0101 cilindra mazais hidrauliskais cilindrs sniega arklam izce\u013cas ar sav\u0101m unik\u0101laj\u0101m \u012bpa\u0161\u012bb\u0101m un izcilaj\u0101m iesp\u0113j\u0101m. \u0160is produkts ir jauns un tam ir viena gada garantija, kas nodro\u0161ina t\u0101 uzticam\u012bbu un j\u016bsu sirdsmieru.<\/p>\n<h2>Produkta funkcijas<\/h2>\n<p><img decoding=\"async\" title=\"Sniega arkla hidrauliskais cilindrs\" src=\"https:\/\/hzpt.com\/wp-content\/uploads\/2023\/11\/Snow-Plow-Hydraulic-Cylinder-1.webp\" alt=\"Sniega arkla hidrauliskais cilindrs\" \/><\/p>\n<p>Divk\u0101r\u0161\u0101s iedarb\u012bbas hidraulisk\u0101 cilindra mazais hidrauliskais cilindrs sniega arklam ir inovat\u012bvs produkts, kas paredz\u0113ts efektivit\u0101tei un augstai veiktsp\u0113jai da\u017e\u0101d\u0101s nozar\u0113s, piem\u0113ram, ma\u0161\u012bnb\u016bves remonta darbn\u012bc\u0101s, saimniec\u012bb\u0101s, ener\u0123\u0113tikas un ieguves r\u016bpniec\u012bb\u0101, ma\u0161\u012bnb\u016bves ra\u017eo\u0161an\u0101 un ma\u0161\u012bnb\u016bves r\u016bpn\u012bc\u0101s.<\/p>\n<ul>\n<li><strong>Augsta kvalit\u0101te un uzticam\u012bba:<\/strong> Hidrauliskais cilindrs ir izgatavots no t\u0113rauda, \u200b\u200bnodro\u0161inot iztur\u012bbu un ilgm\u016b\u017e\u012bbu. Ar svaru 5,9 kg tas ir kompakts, bet jaud\u012bgs.<\/li>\n<li><strong>Efektivit\u0101te un veiktsp\u0113ja:<\/strong> \u0160\u012b hidraulisk\u0101 cilindra maksim\u0101l\u0101 vilces jauda ir 3000 tonnu un maksim\u0101l\u0101 vilk\u0161anas jauda ir 20 tonnas, padarot to par augstas veiktsp\u0113jas instrumentu da\u017e\u0101diem pielietojumiem.<\/li>\n<li><strong>Dro\u0161\u012bba un stabilit\u0101te:<\/strong> T\u0101s viena gada garantija galvenaj\u0101m sast\u0101vda\u013c\u0101m, tostarp gultnim un hidrauliskajam cilindram, garant\u0113 dro\u0161\u012bbu un stabilit\u0101ti.<\/li>\n<li><strong>Sader\u012bba:<\/strong> Produkts ir standarta, kas noz\u012bm\u0113, ka to var viegli integr\u0113t da\u017e\u0101d\u0101s sist\u0113m\u0101s.<\/li>\n<li><strong>Ilgtermi\u0146a ieguld\u012bjumu v\u0113rt\u012bba:<\/strong> Ar viena gada garantiju un augstas kvalit\u0101tes pamatkomponentiem \u0161is hidrauliskais cilindrs nodro\u0161ina ilgtermi\u0146a ieguld\u012bjumu v\u0113rt\u012bbu.<\/li>\n<\/ul>\n<p><img decoding=\"async\" title=\"Sniega arkla hidrauliskais cilindrs\" src=\"https:\/\/hzpt.com\/wp-content\/uploads\/2023\/11\/Snow-Plow-Hydraulic-Cylinder-2.webp\" alt=\"Sniega arkla hidrauliskais cilindrs\" \/><\/p>\n<h2>Regul\u0113jamu skavu tipa cilindru priek\u0161roc\u012bbas<\/h2>\n<ul>\n<li style=\"list-style-type: none;\">\n<ul>\n<li>Paaugstin\u0101ta elast\u012bba un piel\u0101go\u0161an\u0101s sp\u0113ja<\/li>\n<\/ul>\n<\/li>\n<\/ul>\n<p>Viena no regul\u0113jamu skavu tipa cilindru galvenaj\u0101m priek\u0161roc\u012bb\u0101m ir to augst\u0101 piel\u0101gojam\u012bbas pak\u0101pe. \u0160os cilindrus var viegli piel\u0101got pla\u0161am da\u017e\u0101du pielietojumu un pras\u012bbu kl\u0101stam, t\u0101d\u0113j\u0101di nodro\u0161inot liel\u0101ku elast\u012bbu un daudzpus\u012bbu. Tas noz\u012bm\u0113, ka tos var izmantot da\u017e\u0101dos r\u016bpniec\u012bbas apst\u0101k\u013cos un piel\u0101got da\u017e\u0101du projektu un pielietojumu \u012bpa\u0161aj\u0101m vajadz\u012bb\u0101m.<\/p>\n<ul>\n<li style=\"list-style-type: none;\">\n<ul>\n<li>Uzlabota precizit\u0101te un kontrole<\/li>\n<\/ul>\n<\/li>\n<\/ul>\n<p>V\u0113l viena regul\u0113jamu skavu tipa cilindru galven\u0101 priek\u0161roc\u012bba ir to sp\u0113ja nodro\u0161in\u0101t uzlabotu precizit\u0101ti un kontroli. \u0160ie cilindri ir paredz\u0113ti prec\u012bzu un prec\u012bzu kust\u012bbu nodro\u0161in\u0101\u0161anai, kas padara tos ide\u0101li piem\u0113rotus lietojumiem, kuriem nepiecie\u0161ama augsta kontroles un precizit\u0101tes pak\u0101pe. Tas var b\u016bt \u012bpa\u0161i svar\u012bgi r\u016bpnieciskos apst\u0101k\u013cos, kur precizit\u0101te un pareiz\u012bba ir kritiski svar\u012bga dro\u0161\u012bbai un efektivit\u0101tei.<\/p>\n<ul>\n<li style=\"list-style-type: none;\">\n<ul>\n<li>Uzlabota iztur\u012bba un ilgm\u016b\u017e\u012bba<\/li>\n<\/ul>\n<\/li>\n<\/ul>\n<p>Regul\u0113jami skavu tipa cilindri ir paz\u012bstami ar\u012b ar savu izcilo iztur\u012bbu un ilgm\u016b\u017e\u012bbu. \u0160ie cilindri parasti ir izgatavoti no augstas kvalit\u0101tes materi\u0101liem, kas ir paredz\u0113ti, lai iztur\u0113tu intens\u012bvu lieto\u0161anu un skarbu r\u016bpniecisko vidi. Tas noz\u012bm\u0113, ka tie var kalpot daudzus gadus ar minim\u0101lu apkopi, padarot tos par rentablu risin\u0101jumu daudziem r\u016bpnieciskiem lietojumiem.<\/p>\n<ul>\n<li style=\"list-style-type: none;\">\n<ul>\n<li>Liel\u0101ka efektivit\u0101te un produktivit\u0101te<\/li>\n<\/ul>\n<\/li>\n<\/ul>\n<p>Nodro\u0161inot liel\u0101ku precizit\u0101ti, kontroli un piel\u0101gojam\u012bbu, regul\u0113jami skavu tipa cilindri var ar\u012b pal\u012bdz\u0113t uzlabot kop\u0113jo efektivit\u0101ti un produktivit\u0101ti r\u016bpnieciskos apst\u0101k\u013cos. \u0160os cilindrus var izmantot, lai automatiz\u0113tu pla\u0161u da\u017e\u0101du procesu kl\u0101stu, atvieglojot uzdevumu \u0101tru un efekt\u012bvu izpildi, vienlaikus samazinot d\u012bkst\u0101ves laiku un samazinot izmaksas. Tas var b\u016bt \u012bpa\u0161i svar\u012bgi nozar\u0113s, kur\u0101s laiks ir \u013coti svar\u012bgs, piem\u0113ram, b\u016bvniec\u012bbas vai ra\u017eo\u0161anas nozar\u0113s.<\/p>\n<ul>\n<li style=\"list-style-type: none;\">\n<ul>\n<li>Savietojams ar pla\u0161u sist\u0113mu un komponentu kl\u0101stu<\/li>\n<\/ul>\n<\/li>\n<\/ul>\n<p>Visbeidzot, regul\u0113jamie skavas tipa cilindri ir paz\u012bstami ar savu augsto sader\u012bbas pak\u0101pi ar pla\u0161u sist\u0113mu un komponentu kl\u0101stu. \u0160os cilindrus var viegli integr\u0113t eso\u0161aj\u0101s hidrauliskaj\u0101s sist\u0113m\u0101s, padarot tos par daudzpus\u012bgu un elast\u012bgu risin\u0101jumu daudziem r\u016bpnieciskiem lietojumiem. Turkl\u0101t tie ir sader\u012bgi ar pla\u0161u da\u017e\u0101du komponentu un piederumu kl\u0101stu, piem\u0113ram, dubult\u0101 efekta hidrauliskajiem cilindriem un maziem hidrauliskajiem cilindriem sniega t\u012br\u012bt\u0101jiem, padarot tos par \u013coti piel\u0101gojamu risin\u0101jumu daudziem da\u017e\u0101diem projektiem.<\/p>\n<h3>Par FMP \u2013 j\u016bsu profesion\u0101lo hidraulisko cilindru pieg\u0101d\u0101t\u0101ju<\/h3>\n<p>Mekl\u0113jat uzticamus un augstas kvalit\u0101tes hidrauliskos cilindrus savai celtniec\u012bbas tehnikai? FMP ir \u012bst\u0101 izv\u0113le! K\u0101 uz\u0146\u0113mums ar daudzu gadu pieredzi nozar\u0113 un profesion\u0101lu komandu, m\u0113s specializ\u0113jamies celtniec\u012bbas tehnikas deta\u013cu un nokomplekt\u0113tu ma\u0161\u012bnu p\u0101rdo\u0161an\u0101 un apkalpo\u0161an\u0101. M\u016bsu pla\u0161aj\u0101 produktu kl\u0101st\u0101 ietilpst lauksaimniec\u012bbas tehnikas p\u0101rnesumk\u0101rbas, r\u016bpniecisk\u0101s p\u0101rnesumk\u0101rbas, planet\u0101r\u0101s p\u0101rnesumk\u0101rbas, lauksaimniec\u012bbas tehnikas deta\u013cas un virkne augst\u0101k\u0101 l\u012bme\u0146a piederumu, kas tiem atbilst.<\/p>\n<p>\u0160eit ir tikai da\u017ei iemesli, k\u0101p\u0113c jums vajadz\u0113tu izv\u0113l\u0113ties FMP k\u0101 savu hidraulisko cilindru pieg\u0101d\u0101t\u0101ju:<\/p>\n<p>1. Augstas kvalit\u0101tes produkti \u2014 m\u0113s sadarbojamies ar daudziem augstas kvalit\u0101tes pieg\u0101d\u0101t\u0101jiem gan m\u0101j\u0101s, gan \u0101rzem\u0113s, lai nodro\u0161in\u0101tu, ka visi m\u016bsu hidrauliskie cilindri atbilst stingriem kvalit\u0101tes standartiem. M\u016bsu produkti ir iztur\u012bgi, uzticami un rad\u012bti ilgam kalpo\u0161anas laikam.<\/p>\n<p>2. Profesion\u0101la p\u0101rdo\u0161anas komanda \u2013 m\u016bsu pieredz\u0113ju\u0161\u0101 un prasm\u012bg\u0101 p\u0101rdo\u0161anas komanda p\u0101rzina b\u016bvniec\u012bbas tehnikas nozares att\u012bst\u012bbas tendences un klientu vajadz\u012bbas. Vi\u0146i var sniegt profesion\u0101las produktu konsult\u0101cijas un p\u0101rdom\u0101tus pirk\u0161anas ieteikumus, lai pal\u012bdz\u0113tu jums atrast pareizo hidraulisko cilindru atbilsto\u0161i j\u016bsu vajadz\u012bb\u0101m.<\/p>\n<p>3. Efekt\u012bva lo\u0123istikas izplat\u012b\u0161ana \u2014 mums ir efekt\u012bva lo\u0123istikas izplat\u012b\u0161anas sist\u0113ma, lai nodro\u0161in\u0101tu, ka klienti savlaic\u012bgi un prec\u012bzi sa\u0146em nepiecie\u0161am\u0101s deta\u013cas. J\u016bs varat uztic\u0113ties mums, ka pieg\u0101d\u0101sim j\u016bsu hidrauliskos cilindrus, kad tie jums b\u016bs nepiecie\u0161ami.<\/p>\n<p>4. Piel\u0101gojamas opcijas \u2014 FMP m\u0113s saprotam, ka katram klientam ir unik\u0101las vajadz\u012bbas attiec\u012bb\u0101 uz hidrauliskajiem cilindriem. T\u0101p\u0113c m\u0113s pied\u0101v\u0101jam piel\u0101gojamas opcijas, lai atbilstu j\u016bsu \u012bpa\u0161aj\u0101m pras\u012bb\u0101m.<\/p>\n<p>5. Pla\u0161s produktu kl\u0101sts \u2014 m\u0113s pied\u0101v\u0101jam pla\u0161u hidraulisko cilindru kl\u0101stu, tostarp regul\u0113jamus skavu tipa cilindrus, metin\u0101tus cilindrus, st\u016bres stie\u0146u cilindrus un citus. Tas noz\u012bm\u0113, ka j\u016bs varat atrast perfektu hidraulisko cilindru, kas atbilst j\u016bsu celtniec\u012bbas tehnikas vajadz\u012bb\u0101m.<\/p>\n<p>Turkl\u0101t, sadarbojoties ar FMP, j\u016bs varat baud\u012bt sirdsmieru, ko sniedz sadarb\u012bba ar uzticamu un dro\u0161u pieg\u0101d\u0101t\u0101ju. T\u0101p\u0113c k\u0101p\u0113c gaid\u012bt? Sazinieties ar mums jau \u0161odien, lai uzzin\u0101tu vair\u0101k par m\u016bsu hidrauliskajiem cilindriem un to, k\u0101 m\u0113s varam pal\u012bdz\u0113t jums apmierin\u0101t j\u016bsu celtniec\u012bbas tehnikas vajadz\u012bbas.<\/p>\n<p><img decoding=\"async\" src=\"https:\/\/fmp-components.com\/wp-content\/uploads\/2024\/12\/Adjustable-Clevis-Type-Cylinders-6.webp\" alt=\"Regul\u0113jams skavu tipa cilindrs\" width=\"804\" title=\"\"><\/p>\n<p>Autors: CX<\/p>","protected":false},"excerpt":{"rendered":"<p>Double Effect Hydraulic Cylinder Small Hydraulic Cylinder For Snow Plow Double Effect Hydraulic Cylinder Small Hydraulic Cylinder For Snow Plow is a high-quality product designed for use in snow plows. The cylinder is constructed with precision and is made of durable materials to ensure its longevity. The double effect feature allows for increased efficiency, making [&hellip;]<\/p>","protected":false},"featured_media":1453,"comment_status":"closed","ping_status":"closed","template":"","meta":{"_et_pb_use_builder":"","_et_pb_old_content":"","_et_gb_content_width":""},"product_brand":[],"product_cat":[42],"product_tag":[34,44],"class_list":{"0":"post-1452","1":"product","2":"type-product","3":"status-publish","4":"has-post-thumbnail","6":"product_cat-snow-plow-hydraulic-cylinder","7":"product_tag-hydraulic-cylinder","8":"product_tag-snow-plow-hydraulic-cylinder","10":"first","11":"instock","12":"product-type-simple"},"_links":{"self":[{"href":"https:\/\/fmp-components.com\/lv\/wp-json\/wp\/v2\/product\/1452","targetHints":{"allow":["GET"]}}],"collection":[{"href":"https:\/\/fmp-components.com\/lv\/wp-json\/wp\/v2\/product"}],"about":[{"href":"https:\/\/fmp-components.com\/lv\/wp-json\/wp\/v2\/types\/product"}],"replies":[{"embeddable":true,"href":"https:\/\/fmp-components.com\/lv\/wp-json\/wp\/v2\/comments?post=1452"}],"wp:featuredmedia":[{"embeddable":true,"href":"https:\/\/fmp-components.com\/lv\/wp-json\/wp\/v2\/media\/1453"}],"wp:attachment":[{"href":"https:\/\/fmp-components.com\/lv\/wp-json\/wp\/v2\/media?parent=1452"}],"wp:term":[{"taxonomy":"product_brand","embeddable":true,"href":"https:\/\/fmp-components.com\/lv\/wp-json\/wp\/v2\/product_brand?post=1452"},{"taxonomy":"product_cat","embeddable":true,"href":"https:\/\/fmp-components.com\/lv\/wp-json\/wp\/v2\/product_cat?post=1452"},{"taxonomy":"product_tag","embeddable":true,"href":"https:\/\/fmp-components.com\/lv\/wp-json\/wp\/v2\/product_tag?post=1452"}],"curies":[{"name":"wp","href":"https:\/\/api.w.org\/{rel}","templated":true}]}}