{"id":1450,"date":"2024-12-23T05:49:26","date_gmt":"2024-12-23T05:49:26","guid":{"rendered":"https:\/\/fmp-components.com\/product\/chinese-factory-20-ton-hydraulic-piston-cylinder-snow-plow-hydraulic-cylinder\/"},"modified":"2025-03-18T02:15:00","modified_gmt":"2025-03-18T02:15:00","slug":"italian-factory-20-ton-hydraulic-piston-cylinder-snow-plow-hydraulic-cylinder","status":"publish","type":"product","link":"https:\/\/fmp-components.com\/lv\/product\/italian-factory-20-ton-hydraulic-piston-cylinder-snow-plow-hydraulic-cylinder\/","title":{"rendered":"It\u0101\u013cu r\u016bpn\u012bcas 20 tonnu hidraulisk\u0101 virzu\u013ccilindra sniega arkla hidrauliskais cilindrs"},"content":{"rendered":"<h2>It\u0101\u013cu r\u016bpn\u012bcas 20 tonnu hidraulisk\u0101 virzu\u013ccilindra sniega arkla hidrauliskais cilindrs<\/h2>\n<p>It\u0101\u013cu r\u016bpn\u012bcas 20 tonnu hidraulisk\u0101 virzu\u013ccilindra sniega arkla hidrauliskais cilindrs ir moderns produkts, kas paredz\u0113ts lieljaudas sniega arkla pielietojumiem. Ar savu izcilo hidraulisko jaudu \u0161is cilindrs nodro\u0161ina nepiecie\u0161amo sp\u0113ku, lai efekt\u012bvi not\u012br\u012btu sniegu no ce\u013ciem, autost\u0101vviet\u0101m un cit\u0101m liel\u0101m virsm\u0101m.<\/p>\n<p>It\u0101lijas r\u016bpn\u012bcas hidraulisk\u0101 virzu\u013ccilindra sniega t\u012br\u012bt\u0101ja hidrauliskais cilindrs, kas ir izgatavots no augstas kvalit\u0101tes materi\u0101liem un ir izcili meistar\u012bgs, pied\u0101v\u0101 nep\u0101rsp\u0113jamu iztur\u012bbu un uzticam\u012bbu. T\u0101 iztur\u012bg\u0101 konstrukcija nodro\u0161ina optim\u0101lu veiktsp\u0113ju pat vissmag\u0101kajos ziemas apst\u0101k\u013cos.<\/p>\n<p>\u0160is hidrauliskais cilindrs, kas ir apr\u012bkots ar 20 tonnu celtsp\u0113ju, nodro\u0161ina neticamu iztur\u012bbu un stabilit\u0101ti. Tas nodro\u0161ina efekt\u012bvu sniega t\u012br\u012b\u0161anu, nodro\u0161inot nepiecie\u0161amo sp\u0113ku, lai paceltu un noliektu arkla l\u0101pstu, t\u0101d\u0113j\u0101di nodro\u0161inot prec\u012bzu un efekt\u012bvu sniega t\u012br\u012b\u0161anu.<\/p>\n<p><img decoding=\"async\" title=\"Sniega arkla hidrauliskais cilindrs\" src=\"https:\/\/hzpt.com\/wp-content\/uploads\/2023\/11\/Snow-Plow-Hydraulic-Cylinder-3.webp\" alt=\"Sniega arkla hidrauliskais cilindrs\" \/><\/p>\n<p>It\u0101\u013cu r\u016bpn\u012bcas 20 tonnu hidraulisk\u0101 virzu\u013ccilindra sniega t\u012br\u012bt\u0101ja hidrauliskais cilindrs ir apr\u012bkots ar modernu hidraulisko tehnolo\u0123iju, kas nodro\u0161ina vienm\u0113r\u012bgu un prec\u012bzu darb\u012bbu. T\u0101 virzu\u013ca konstrukcija nodro\u0161ina vienm\u0113r\u012bgu kust\u012bbu un atsauc\u012bgu vad\u012bbu, nodro\u0161inot operatoram maksim\u0101lu efektivit\u0101ti un lieto\u0161anas \u0113rtumu.<\/p>\n<p>Papildus iespaid\u012bgajai jaudai un veiktsp\u0113jai \u0161is hidrauliskais cilindrs ir ar\u012b \u013coti daudzpus\u012bgs. To var viegli integr\u0113t da\u017e\u0101d\u0101s sniega t\u012br\u012b\u0161anas sist\u0113m\u0101s, padarot to piem\u0113rotu pla\u0161am transportl\u012bdzek\u013cu un pielietojumu kl\u0101stam.<\/p>\n<p>Neatkar\u012bgi no t\u0101, vai esat profesion\u0101ls sniega t\u012br\u012b\u0161anas darbuz\u0146\u0113m\u0113js vai pa\u0161vald\u012bba, kurai nepiecie\u0161ama efekt\u012bva sniega t\u012br\u012b\u0161anas tehnika, It\u0101lijas r\u016bpn\u012bcas 20 tonnu hidraulisk\u0101 virzu\u013ccilindra sniega arkla hidrauliskais cilindrs ir lieliska izv\u0113le. T\u0101 izcil\u0101 veiktsp\u0113ja, iztur\u012bba un daudzpus\u012bba padara to par neaizst\u0101jamu instrumentu pat vissmag\u0101ko ziemas apst\u0101k\u013cu p\u0101rvar\u0113\u0161anai.<\/p>\n<h2>Ievads<\/h2>\n<p>Atkl\u0101jiet It\u0101lijas r\u016bpn\u012bcas 20 tonnu hidraulisk\u0101 virzu\u013ccilindra sniega t\u012br\u012bt\u0101ja hidraulisk\u0101 cilindra jaudu un efektivit\u0101ti. \u0160is hidrauliskais cilindrs, kas ir izstr\u0101d\u0101ts l\u012bdz piln\u012bbai, ir augstas kvalit\u0101tes un uzticamas tehnikas apliecin\u0101jums. \u0160is hidrauliskais cilindrs, kas ir svar\u012bgs instruments tehnikas remonta darbn\u012bc\u0101s, saimniec\u012bb\u0101s, ener\u0123\u0113tikas un kalnr\u016bpniec\u012bbas, k\u0101 ar\u012b tehnikas ra\u017eo\u0161an\u0101, sola veiktsp\u0113ju, dro\u0161\u012bbu un savietojam\u012bbu, pied\u0101v\u0101jot ilgtermi\u0146a ieguld\u012bjumu v\u0113rt\u012bbu.<\/p>\n<p><img decoding=\"async\" title=\"Sniega arkla hidrauliskais cilindrs\" src=\"https:\/\/hzpt.com\/wp-content\/uploads\/2023\/11\/Snow-Plow-Hydraulic-Cylinder-2.webp\" alt=\"Sniega arkla hidrauliskais cilindrs\" \/><\/p>\n<h2>Produkta funkcijas<\/h2>\n<h3>Kvalit\u0101te un uzticam\u012bba<\/h3>\n<p>M\u016bsu hidraulisk\u0101 virzu\u013ccilindra sniega t\u012br\u012bt\u0101ja hidrauliskais cilindrs ir izgatavots no augst\u0101k\u0101s kvalit\u0101tes komponentiem, tostarp gult\u0146iem un iztur\u012bga hidraulisk\u0101 cilindra. Tas ir sertific\u0113ts saska\u0146\u0101 ar ISO9001:2000, kas nodro\u0161ina t\u0101 kvalit\u0101ti un uzticam\u012bbu. Cilindrs ir piln\u012bgi jauns, un tam ir viena gada garantija, kas garant\u0113 t\u0101 veiktsp\u0113ju un uzticam\u012bbu.<\/p>\n<h3>Efektivit\u0101te un veiktsp\u0113ja<\/h3>\n<p>Ar maksim\u0101lo vilces sp\u0113ku 3000 tonnu un maksim\u0101lo vilk\u0161anas sp\u0113ku 20 tonnu, \u0161is hidrauliskais cilindrs ir paredz\u0113ts augstai veiktsp\u0113jai. Neatkar\u012bgi no t\u0101, vai str\u0101d\u0101jat ma\u0161\u012bnb\u016bves remonta darbn\u012bc\u0101s, saimniec\u012bb\u0101s, ener\u0123\u0113tikas un kalnr\u016bpniec\u012bbas vai ma\u0161\u012bnb\u016bves nozar\u0113s, \u0161is hidrauliskais cilindrs nodro\u0161ina efekt\u012bvu un nevainojamu darb\u012bbu.<\/p>\n<h3>Dro\u0161\u012bba un stabilit\u0101te<\/h3>\n<p>M\u016bsu hidrauliskais virzu\u013ccilindrs ir izstr\u0101d\u0101ts, \u0146emot v\u0113r\u0101 dro\u0161\u012bbu un stabilit\u0101ti. Iztur\u012bgais t\u0113rauda korpusa materi\u0101ls nodro\u0161ina, ka cilindrs var iztur\u0113t lielas slodzes darb\u012bbas, nodro\u0161inot jums dro\u0161u un stabilu darba vidi.<\/p>\n<h3>Sader\u012bba un ilgtermi\u0146a ieguld\u012bjumu v\u0113rt\u012bba<\/h3>\n<p>\u0160im hidrauliskajam cilindram ir standarta konstrukcija, kas pied\u0101v\u0101 augstu sader\u012bbu ar da\u017e\u0101d\u0101m sist\u0113m\u0101m. Pateicoties t\u0101 iztur\u012bgajai konstrukcijai un augst\u0101k\u0101s klases veiktsp\u0113jai, \u0161is hidrauliskais cilindrs ir v\u0113rt\u012bgs ilgtermi\u0146a ieguld\u012bjums j\u016bsu tehnikas vajadz\u012bb\u0101m.<\/p>\n<h2>Regul\u0113jamu skavu tipa cilindru priek\u0161roc\u012bbas<\/h2>\n<p>Regul\u0113jams skavu tipa cilindrs ir hidraulisk\u0101 cilindra veids, ko pla\u0161i izmanto da\u017e\u0101d\u0101s nozar\u0113s. \u0160\u0101da veida cilindrs ir paz\u012bstams ar regul\u0113jamas skavu stiprin\u0101juma funkciju, kas nodro\u0161ina vienk\u0101r\u0161u uzst\u0101d\u012b\u0161anu un elast\u012bbu lieto\u0161an\u0101. \u0160aj\u0101 rakst\u0101 m\u0113s izp\u0113t\u012bsim regul\u0113jamu skavu tipa cilindru priek\u0161roc\u012bbas.<\/p>\n<h3>1. Piel\u0101gojamas mont\u0101\u017eas iesp\u0113jas<\/h3>\n<p>Viena no liel\u0101kaj\u0101m regul\u0113jamo skavu tipa cilindru priek\u0161roc\u012bb\u0101m ir piel\u0101gojam\u0101s mont\u0101\u017eas iesp\u0113jas. Sak\u0146u mont\u0101\u017eas funkcija nodro\u0161ina vienk\u0101r\u0161u uzst\u0101d\u012b\u0161anu un regul\u0113\u0161anu, padarot to ide\u0101li piem\u0113rotu da\u017e\u0101diem pielietojumiem. Regul\u0113jamo skavu mont\u0101\u017eas funkcija ar\u012b pal\u012bdz samazin\u0101t uzst\u0101d\u012b\u0161anai nepiecie\u0161amo vietu, padarot to ide\u0101li piem\u0113rotu kompaktiem dizainiem.<\/p>\n<h3>2. Augstas kvalit\u0101tes dizains<\/h3>\n<p>V\u0113l viena regul\u0113jamu skavu tipa cilindru priek\u0161roc\u012bba ir to augstas kvalit\u0101tes dizains. \u0160ie cilindri ir prec\u012bzi izstr\u0101d\u0101ti un izgatavoti no augstas kvalit\u0101tes materi\u0101liem, kas nodro\u0161ina iztur\u012bbu un ilgm\u016b\u017e\u012bbu. It\u0101lijas r\u016bpn\u012bcas 20 tonnu hidraulisk\u0101 virzu\u013ccilindra sniega t\u012br\u012bt\u0101ja hidrauliskais cilindrs ir lielisks regul\u0113jama skavu tipa cilindra piem\u0113rs, kas ir izstr\u0101d\u0101ts no augstas kvalit\u0101tes materi\u0101liem.<\/p>\n<h3>3. Pla\u0161s pielietojumu kl\u0101sts<\/h3>\n<p>Regul\u0113jami skavu tipa cilindri ir ide\u0101li piem\u0113roti pla\u0161am pielietojumu kl\u0101stam. Tos parasti izmanto smag\u0101s ma\u0161\u012bn\u0101s, celtniec\u012bbas iek\u0101rt\u0101s un lauksaimniec\u012bbas ma\u0161\u012bn\u0101s. Uzst\u0101d\u012b\u0161anas un regul\u0113\u0161anas elast\u012bba padara regul\u0113jamus skavu tipa cilindrus piem\u0113rotus da\u017e\u0101diem pielietojumiem.<\/p>\n<h3>4. Efekt\u012bva veiktsp\u0113ja<\/h3>\n<p>Regul\u0113jami skavu tipa cilindri ir izstr\u0101d\u0101ti, lai nodro\u0161in\u0101tu efekt\u012bvu veiktsp\u0113ju. Tie ir konstru\u0113ti t\u0101, lai nodro\u0161in\u0101tu lielu sp\u0113ku ar minim\u0101lu ener\u0123ijas pat\u0113ri\u0146u, padarot tos rentablus un energoefekt\u012bvus. \u0160\u012b \u012bpa\u0161\u012bba padara tos ide\u0101li piem\u0113rotus lietojumiem, kuriem nepiecie\u0161ams liels sp\u0113ks un veiktsp\u0113ja.<\/p>\n<h3>5. Vienk\u0101r\u0161a apkope<\/h3>\n<p>Visbeidzot, regul\u0113jamus skavu tipa cilindrus ir viegli uztur\u0113t. Tiem nepiecie\u0161ama minim\u0101la apkope, un tos var viegli salabot vai nomain\u012bt, ja nepiecie\u0161ams. \u0160\u012b \u012bpa\u0161\u012bba padara tos ide\u0101li piem\u0113rotus lietojumiem, kuriem nepiecie\u0161ams minim\u0101ls d\u012bkst\u0101ves laiks un apkope.<\/p>\n<p>Nosl\u0113gum\u0101 j\u0101saka, ka regul\u0113jami skavu tipa cilindri ir lieliska izv\u0113le da\u017e\u0101diem pielietojumiem. To piel\u0101gojam\u0101s mont\u0101\u017eas iesp\u0113jas, augstas kvalit\u0101tes dizains, pla\u0161ais pielietojumu kl\u0101sts, efekt\u012bv\u0101 veiktsp\u0113ja un vienk\u0101r\u0161\u0101 apkope padara tos par ide\u0101lu izv\u0113li lieljaudas tehnikai, celtniec\u012bbas tehnikai un lauksaimniec\u012bbas tehnikai. It\u0101lijas r\u016bpn\u012bcas 20 tonnu hidraulisk\u0101 virzu\u013ccilindra sniega arkla hidrauliskais cilindrs ir lielisks regul\u0113jama skavu tipa cilindra piem\u0113rs, kas apvieno visas \u0161\u012bs funkcijas vien\u0101 efekt\u012bv\u0101 un uzticam\u0101 komponent\u0101.<\/p>\n<h3>Par FMP \u2013 hidraulisko cilindru<\/h3>\n<p><img decoding=\"async\" src=\"https:\/\/fmp-components.com\/wp-content\/uploads\/2024\/12\/Adjustable-Clevis-Type-Cylinders-6.webp\" alt=\"Regul\u0113jams skavu tipa cilindrs\" width=\"803\" title=\"\"><\/p>\n<p>Uz\u0146\u0113mum\u0101 FMP m\u0113s specializ\u0113jamies hidraulisko cilindru ra\u017eo\u0161an\u0101 un p\u0101rdo\u0161an\u0101. Ar m\u016bsu pla\u0161o pieredzi nozar\u0113 un profesion\u0101lo komandu m\u0113s cen\u0161amies nodro\u0161in\u0101t m\u016bsu klientus ar augstas kvalit\u0101tes un uzticamiem produktiem. \u0160eit ir piecas galven\u0101s priek\u0161roc\u012bbas, izv\u0113loties m\u016bsu hidrauliskos cilindrus:<\/p>\n<p>1. Izcila kvalit\u0101te: M\u016bsu hidrauliskie cilindri tiek ra\u017eoti, izmantojot augst\u0101k\u0101s kvalit\u0101tes materi\u0101lus un progres\u012bvas tehnolo\u0123ijas, nodro\u0161inot izcilu veiktsp\u0113ju un iztur\u012bbu. M\u0113s pie\u0161\u0137iram priorit\u0101ti kvalit\u0101tei, lai atbilstu augst\u0101kajiem standartiem un p\u0101rsniegtu klientu cer\u012bbas.<\/p>\n<p>2. Pla\u0161s iesp\u0113ju kl\u0101sts: M\u0113s pied\u0101v\u0101jam pla\u0161u hidraulisko cilindru kl\u0101stu, lai apmierin\u0101tu da\u017e\u0101das vajadz\u012bbas. Neatkar\u012bgi no t\u0101, vai jums nepiecie\u0161ami vienvirziena vai divk\u0101r\u0161as darb\u012bbas cilindri, teleskopiskie cilindri vai piel\u0101gotas konstrukcijas, mums ir ide\u0101ls risin\u0101jums j\u016bsu \u012bpa\u0161aj\u0101m pras\u012bb\u0101m.<\/p>\n<p>3. Ekspertu konsult\u0101cijas: M\u016bsu pieredz\u0113ju\u0161ajai p\u0101rdo\u0161anas komandai ir padzi\u013cin\u0101tas zin\u0101\u0161anas par celtniec\u012bbas tehnikas nozari. Vi\u0146i labi p\u0101rzina jaun\u0101k\u0101s att\u012bst\u012bbas tendences un klientu vajadz\u012bbas, kas \u013cauj vi\u0146iem sniegt profesion\u0101las konsult\u0101cijas par produktiem. M\u0113s esam ap\u0146\u0113mu\u0161ies pal\u012bdz\u0113t jums pie\u0146emt p\u0101rdom\u0101tus l\u0113mumus un izv\u0113l\u0113ties pareizo hidraulisko cilindru j\u016bsu vajadz\u012bb\u0101m.<\/p>\n<p>4. Efekt\u012bva lo\u0123istika: M\u0113s saprotam savlaic\u012bgas pieg\u0101des noz\u012bmi. Ar m\u016bsu efekt\u012bvo lo\u0123istikas izplat\u012b\u0161anas sist\u0113mu m\u0113s nodro\u0161in\u0101m, ka j\u016bsu pas\u016bt\u012btie hidrauliskie cilindri tiek pieg\u0101d\u0101ti jums nekav\u0113joties. M\u016bsu uzticamais un prec\u012bzais pieg\u0101des process garant\u0113, ka j\u016bs sa\u0146emsiet nepiecie\u0161am\u0101s deta\u013cas tie\u0161i tad, kad t\u0101s jums b\u016bs nepiecie\u0161amas.<\/p>\n<p>5. Uzticamas partnerattiec\u012bbas: FMP ir izveidojis ilgtermi\u0146a un stabilas attiec\u012bbas ar augstas kvalit\u0101tes pieg\u0101d\u0101t\u0101jiem gan viet\u0113j\u0101, gan starptautisk\u0101 m\u0113rog\u0101. Tas \u013cauj mums ieg\u016bt tikai lab\u0101k\u0101s sast\u0101vda\u013cas m\u016bsu hidrauliskajiem cilindriem, nodro\u0161inot, ka katra deta\u013ca atbilst stingriem kvalit\u0101tes standartiem. M\u016bsu partnerattiec\u012bb\u0101s m\u0113s priorit\u0101ti pie\u0161\u0137iram uzticam\u012bbai, lai nodro\u0161in\u0101tu jums visaugst\u0101ko apmierin\u0101t\u012bbas l\u012bmeni.<\/p>\n<p>Izv\u0113lieties FMP sav\u0101m hidraulisko cilindru vajadz\u012bb\u0101m un izbaudiet m\u016bsu pied\u0101v\u0101to izcil\u012bbu. Sazinieties ar mums jau \u0161odien, lai apspriestu savas pras\u012bbas un uzs\u0101ktu veiksm\u012bgu sadarb\u012bbu. Autors: CX<\/p>","protected":false},"excerpt":{"rendered":"<p>Italian Factory 20 Ton Hydraulic Piston Cylinder Snow Plow Hydraulic Cylinder The Italian Factory 20 Ton Hydraulic Piston Cylinder Snow Plow Hydraulic Cylinder is a cutting-edge product designed for heavy-duty snow plow applications. With its exceptional hydraulic power, this cylinder provides the necessary force to efficiently clear snow from roads, parking lots, and other large [&hellip;]<\/p>","protected":false},"featured_media":1451,"comment_status":"closed","ping_status":"closed","template":"","meta":{"_et_pb_use_builder":"","_et_pb_old_content":"","_et_gb_content_width":""},"product_brand":[],"product_cat":[42],"product_tag":[34,44],"class_list":{"0":"post-1450","1":"product","2":"type-product","3":"status-publish","4":"has-post-thumbnail","6":"product_cat-snow-plow-hydraulic-cylinder","7":"product_tag-hydraulic-cylinder","8":"product_tag-snow-plow-hydraulic-cylinder","10":"first","11":"instock","12":"product-type-simple"},"_links":{"self":[{"href":"https:\/\/fmp-components.com\/lv\/wp-json\/wp\/v2\/product\/1450","targetHints":{"allow":["GET"]}}],"collection":[{"href":"https:\/\/fmp-components.com\/lv\/wp-json\/wp\/v2\/product"}],"about":[{"href":"https:\/\/fmp-components.com\/lv\/wp-json\/wp\/v2\/types\/product"}],"replies":[{"embeddable":true,"href":"https:\/\/fmp-components.com\/lv\/wp-json\/wp\/v2\/comments?post=1450"}],"wp:featuredmedia":[{"embeddable":true,"href":"https:\/\/fmp-components.com\/lv\/wp-json\/wp\/v2\/media\/1451"}],"wp:attachment":[{"href":"https:\/\/fmp-components.com\/lv\/wp-json\/wp\/v2\/media?parent=1450"}],"wp:term":[{"taxonomy":"product_brand","embeddable":true,"href":"https:\/\/fmp-components.com\/lv\/wp-json\/wp\/v2\/product_brand?post=1450"},{"taxonomy":"product_cat","embeddable":true,"href":"https:\/\/fmp-components.com\/lv\/wp-json\/wp\/v2\/product_cat?post=1450"},{"taxonomy":"product_tag","embeddable":true,"href":"https:\/\/fmp-components.com\/lv\/wp-json\/wp\/v2\/product_tag?post=1450"}],"curies":[{"name":"wp","href":"https:\/\/api.w.org\/{rel}","templated":true}]}}