{"id":1448,"date":"2024-12-23T05:49:26","date_gmt":"2024-12-23T05:49:26","guid":{"rendered":"https:\/\/fmp-components.com\/product\/professional-craftsmanship-3-ton-hydraulic-cylinder-double-acting-snow-plow-hydraulic-cylinder\/"},"modified":"2024-12-23T06:47:08","modified_gmt":"2024-12-23T06:47:08","slug":"professional-craftsmanship-3-ton-hydraulic-cylinder-double-acting-snow-plow-hydraulic-cylinder","status":"publish","type":"product","link":"https:\/\/fmp-components.com\/lv\/product\/professional-craftsmanship-3-ton-hydraulic-cylinder-double-acting-snow-plow-hydraulic-cylinder\/","title":{"rendered":"Profesion\u0101la meistar\u012bba 3 tonnu hidraulisk\u0101 cilindra divk\u0101r\u0161as darb\u012bbas sniega arkla hidrauliskais cilindrs"},"content":{"rendered":"<h2>Profesion\u0101la meistar\u012bba 3 tonnu hidraulisk\u0101 cilindra divk\u0101r\u0161as darb\u012bbas sniega arkla hidrauliskais cilindrs<\/h2>\n<p>Iepaz\u012bstin\u0101m ar profesion\u0101l\u0101s meistar\u012bbas 3 tonnu hidraulisk\u0101 cilindra divk\u0101r\u0161as darb\u012bbas sniega t\u012br\u012bt\u0101ja hidraulisko cilindru:<\/p>\n<p>Profesion\u0101l\u0101s meistar\u012bbas 3 tonnu hidraulisk\u0101 cilindra divk\u0101r\u0161as darb\u012bbas sniega arkla hidrauliskais cilindrs ir augstas kvalit\u0101tes hidrauliskais cilindrs, kas \u012bpa\u0161i paredz\u0113ts sniega arkla lietojumiem. Pateicoties izcilajai meistar\u012bbai un uzlabotaj\u0101m funkcij\u0101m, \u0161is hidrauliskais cilindrs ir uzticams un efekt\u012bvs instruments sniega t\u012br\u012b\u0161anai.<\/p>\n<p>Hidrauliskais cilindrs sp\u0113j rad\u012bt 3 tonnu sp\u0113ku, padarot to ide\u0101li piem\u0113rotu lieljaudas sniega t\u012br\u012b\u0161anas darbiem. T\u0101 divk\u0101r\u0161\u0101s darb\u012bbas konstrukcija \u013cauj veikt gan stum\u0161anas, gan vilk\u0161anas darb\u012bbas, t\u0101d\u0113j\u0101di uzlabojot t\u0101 daudzpus\u012bbu un efektivit\u0101ti da\u017e\u0101dos sniega t\u012br\u012b\u0161anas scen\u0101rijos.<\/p>\n<p>Viena no \u0161\u012b hidraulisk\u0101 cilindra galvenaj\u0101m iez\u012bm\u0113m ir t\u0101 profesion\u0101l\u0101 meistar\u012bba. Tas ir izgatavots ar precizit\u0101ti un uzman\u012bbu deta\u013c\u0101m, nodro\u0161inot vienm\u0113r\u012bgu un past\u0101v\u012bgu darb\u012bbu, samazinot boj\u0101jumu vai k\u013c\u016bmju risku. Tas noz\u012bm\u0113, ka varat pa\u013cauties uz \u0161\u012b hidraulisk\u0101 cilindra optim\u0101lu darb\u012bbu pat skarbos ziemas apst\u0101k\u013cos.<\/p>\n<p><img decoding=\"async\" title=\"Sniega arkla hidrauliskais cilindrs\" src=\"https:\/\/hzpt.com\/wp-content\/uploads\/2023\/11\/Snow-Plow-Hydraulic-Cylinder-3.webp\" alt=\"Sniega arkla hidrauliskais cilindrs\" \/><\/p>\n<p>Turkl\u0101t hidrauliskajam cilindram ir iztur\u012bga konstrukcija, kas var iztur\u0113t sniega t\u012br\u012b\u0161anas slodzi. T\u0101 robust\u0101 konstrukcija un augstas kvalit\u0101tes materi\u0101li padara to iztur\u012bgu pret koroziju, nodilumu un pl\u012bsumiem, nodro\u0161inot ilgu kalpo\u0161anas laiku un uzticamu veiktsp\u0113ju gadiem ilgi.<\/p>\n<p>Profesion\u0101l\u0101 meistar\u012bbas 3 tonnu hidraulisk\u0101 cilindra divk\u0101r\u0161as darb\u012bbas sniega arkla hidrauliskais cilindrs ir ar\u012b viegli uzst\u0101d\u0101ms un lietojams. Tam ir pievienotas skaidras instrukcijas, un to var \u0101tri un dro\u0161i piestiprin\u0101t pie sniega arkla apr\u012bkojuma. T\u0101 lietot\u0101jam draudz\u012bgais dizains nodro\u0161ina vienm\u0113r\u012bgu darb\u012bbu un prec\u012bzu vad\u012bbu, nodro\u0161inot efekt\u012bvu sniega t\u012br\u012b\u0161anu ar minim\u0101lu piep\u016bli.<\/p>\n<p>Nosl\u0113gum\u0101 j\u0101saka, ka Professional Craftsmanship 3 tonnu hidraulisk\u0101 cilindra divk\u0101r\u0161as darb\u012bbas sniega arkla hidrauliskais cilindrs ir augst\u0101k\u0101s klases hidrauliskais cilindrs, kas apvieno iztur\u012bbu, uzticam\u012bbu un daudzpus\u012bbu. Pateicoties izcilajai meistar\u012bbai un uzlabotaj\u0101m funkcij\u0101m, t\u0101 ir lieliska izv\u0113le ikvienam, kam nepiecie\u0161ams augstas veiktsp\u0113jas hidrauliskais cilindrs sniega arkla darbiem.<\/p>\n<div>\n<h2>3 tonnu hidrauliskais cilindrs Divk\u0101r\u0161as darb\u012bbas sniega arkla hidrauliskais cilindrs<\/h2>\n<p>Iepaz\u012bstin\u0101m ar m\u016bsu 3 tonnu hidraulisk\u0101 cilindra divk\u0101r\u0161as darb\u012bbas sniega t\u012br\u012bt\u0101ja hidraulisko cilindru, kas ir projekt\u0113ts un izgatavots ar maksim\u0101lu precizit\u0101ti un kvalit\u0101ti, lai nodro\u0161in\u0101tu efekt\u012bvu un uzticamu veiktsp\u0113ju da\u017e\u0101dos apst\u0101k\u013cos.<\/p>\n<h2>Produkta funkcijas<\/h2>\n<h3>Kvalit\u0101te un uzticam\u012bba<\/h3>\n<p>M\u016bsu hidrauliskais cilindrs ir izgatavots ar visliel\u0101ko meistar\u012bbu, nodro\u0161inot augst\u0101k\u0101 l\u012bme\u0146a veiktsp\u0113ju pat vissare\u017e\u0123\u012bt\u0101kajos apst\u0101k\u013cos. J\u016bs varat pa\u013cauties uz t\u0101 ilgtermi\u0146a uzticam\u012bbu un iztur\u012bbu.<\/p>\n<h3>Efektivit\u0101te un veiktsp\u0113ja<\/h3>\n<p>Sniega arkla hidrauliskais cilindrs ar divk\u0101r\u0161u darb\u012bbu nodro\u0161ina jaud\u012bgu vilci l\u012bdz 3000 tonn\u0101m un maksim\u0101lo vilkmi 20 tonnas. Tas nodro\u0161ina efekt\u012bvu un vienm\u0113r\u012bgu darb\u012bbu, uzlabojot j\u016bsu produktivit\u0101ti.<\/p>\n<h3>Dro\u0161\u012bba un stabilit\u0101te<\/h3>\n<p>M\u016bsu hidrauliskais cilindrs ir izstr\u0101d\u0101ts, dom\u0101jot par dro\u0161\u012bbu, un tam ir iztur\u012bgs t\u0113rauda korpuss un standarta virzu\u013ca konstrukcija, lai nodro\u0161in\u0101tu stabilit\u0101ti darb\u012bbas laik\u0101, samazinot ar ma\u0161\u012bnu darb\u012bbas trauc\u0113jumiem saist\u012btos riskus.<\/p>\n<h3>Sader\u012bba un v\u0113rt\u012bba<\/h3>\n<p>M\u016bsu hidrauliskais cilindrs ir \u013coti sader\u012bgs ar da\u017e\u0101d\u0101m nozar\u0113m, tostarp ma\u0161\u012bnb\u016bves remonta darbn\u012bc\u0101m, lauksaimniec\u012bbas darbn\u012bc\u0101m, ener\u0123\u0113tikas un ieguves r\u016bpniec\u012bbu, ma\u0161\u012bnb\u016bves ra\u017eo\u0161anu un ma\u0161\u012bnb\u016bves r\u016bpn\u012bc\u0101m. Ar viena gada garantiju galvenaj\u0101m sast\u0101vda\u013c\u0101m tas pied\u0101v\u0101 lielisku v\u0113rt\u012bbu ilgtermi\u0146a ieguld\u012bjumiem.<\/p>\n<p><img decoding=\"async\" src=\"https:\/\/hzpt.com\/wp-content\/uploads\/2023\/11\/Snow-Plow-Hydraulic-Cylinder-4Factory.webp\" alt=\"R\u016bpn\u012bcas att\u0113ls\" title=\"\"><\/p>\n<\/div>\n<h2>Regul\u0113jamu skavu tipa cilindru priek\u0161roc\u012bbas<\/h2>\n<p>Regul\u0113jami skavu tipa cilindri, kas paz\u012bstami ar\u012b k\u0101 skavu stiprin\u0101juma cilindri, tiek pla\u0161i izmantoti da\u017e\u0101d\u0101s nozar\u0113s, pateicoties to unik\u0101laj\u0101m \u012bpa\u0161\u012bb\u0101m un priek\u0161roc\u012bb\u0101m. \u0160aj\u0101 rakst\u0101 m\u0113s izp\u0113t\u012bsim regul\u0113jamu skavu tipa cilindru priek\u0161roc\u012bbas un to pielietojumu da\u017e\u0101d\u0101s jom\u0101s.<\/p>\n<p>1. <strong>Uzlabota elast\u012bba un daudzpus\u012bba:<\/strong> Viena no regul\u0113jamu skavu tipa cilindru galvenaj\u0101m priek\u0161roc\u012bb\u0101m ir to sp\u0113ja nodro\u0161in\u0101t uzlabotu mont\u0101\u017eas izvietojuma elast\u012bbu. Sakabes stiprin\u0101juma konstrukcija \u013cauj viegli regul\u0113t un novietot cilindru, padarot to piem\u0113rotu pla\u0161am pielietojumu kl\u0101stam. Neatkar\u012bgi no t\u0101, vai tas ir paredz\u0113ts lauksaimniec\u012bbas tehnikai, celtniec\u012bbas tehnikai vai r\u016bpnieciskaj\u0101m iek\u0101rt\u0101m, \u0161ie cilindri pied\u0101v\u0101 daudzpus\u012bbu uzst\u0101d\u012b\u0161an\u0101 un lieto\u0161an\u0101.<\/p>\n<p>2. <strong>Uzlabota kontrole un precizit\u0101te:<\/strong> Regul\u0113jami skavu tipa cilindri ir paredz\u0113ti, lai nodro\u0161in\u0101tu prec\u012bzu sp\u0113ka un kust\u012bbas kontroli. Regul\u0113jam\u0101 skavu tipa cilindra g\u0101jiena un pozicion\u0113\u0161anas precizit\u0101tes regul\u0113\u0161ana \u013cauj prec\u012bzi kontrol\u0113t apr\u012bkojumu vai ma\u0161\u012bnu, pie kuras tas ir piestiprin\u0101ts. \u0160is kontroles l\u012bmenis ir \u013coti svar\u012bgs lietojumos, kuros ir b\u016btiska precizit\u0101te un precizit\u0101te, piem\u0113ram, robotik\u0101, CNC ma\u0161\u012bn\u0101s un materi\u0101lu apstr\u0101des sist\u0113m\u0101s.<\/p>\n<p>3. <strong>Uzlabota iztur\u012bba un sp\u0113ks:<\/strong> Profesion\u0101las meistar\u012bbas un augstas kvalit\u0101tes materi\u0101lu izmanto\u0161ana nodro\u0161ina, ka regul\u0113jamie skavu tipa cilindri ir izgatavoti t\u0101, lai iztur\u0113tu lielas slodzes. \u0160ie cilindri ir paredz\u0113ti lielu slod\u017eu un spiedienu iztur\u0113\u0161anai, padarot tos piem\u0113rotus sare\u017e\u0123\u012bt\u0101m r\u016bpniecisk\u0101m vid\u0113m. 3 tonnu hidrauliskais cilindrs ir lielisks iztur\u012bga un ilgm\u016b\u017e\u012bga skavu tipa cilindra piem\u0113rs, kas sp\u0113j iztur\u0113t lielas slodzes un nodro\u0161in\u0101t uzticamu veiktsp\u0113ju da\u017e\u0101dos pielietojumos.<\/p>\n<p>4. <strong>Divk\u0101r\u0161as darb\u012bbas iesp\u0113ja:<\/strong> V\u0113l viena regul\u0113jamu skavu tipa cilindru priek\u0161roc\u012bba ir to divk\u0101r\u0161\u0101s darb\u012bbas iesp\u0113ja. Tas noz\u012bm\u0113, ka cilindrs var rad\u012bt sp\u0113ku abos virzienos, nodro\u0161inot daudzpus\u012bg\u0101ku darb\u012bbu. Divk\u0101r\u0161\u0101s darb\u012bbas cilindrus parasti izmanto lietojumos, kur nepiecie\u0161ami gan stum\u0161anas, gan vilk\u0161anas sp\u0113ki, piem\u0113ram, hidrauliskaj\u0101s pres\u0113s, materi\u0101lu nostiprin\u0101\u0161anas sist\u0113m\u0101s un cel\u0161anas iek\u0101rt\u0101s.<\/p>\n<p>5. <strong>Pielietojums sniega t\u012br\u012b\u0161anas sist\u0113m\u0101s:<\/strong> Regul\u0113jami skavu tipa cilindri tiek pla\u0161i izmantoti sniega arklu sist\u0113m\u0101s, pateicoties to unik\u0101laj\u0101m \u012bpa\u0161\u012bb\u0101m. Sp\u0113ja regul\u0113t skavu stiprin\u0101jumu \u013cauj prec\u012bzi le\u0146\u0137iski noregul\u0113t un pozicion\u0113t arkla asmeni, nodro\u0161inot efekt\u012bvu sniega t\u012br\u012b\u0161anu. Divk\u0101r\u0161\u0101s darb\u012bbas iesp\u0113ja \u013cauj asmenim kust\u0113ties gan uz priek\u0161u, gan atpaka\u013c, atvieglojot sniega t\u012br\u012b\u0161anu da\u017e\u0101dos apst\u0101k\u013cos. \u0160o cilindru uzticam\u012bba un iztur\u012bba padara tos ide\u0101li piem\u0113rotus smagiem sniega t\u012br\u012b\u0161anas darbiem.<\/p>\n<p>Nosl\u0113gum\u0101 j\u0101secina, ka regul\u0113jamie skavu tipa cilindri pied\u0101v\u0101 daudzas priek\u0161roc\u012bbas elast\u012bbas, vad\u012bbas, iztur\u012bbas un daudzpus\u012bbas zi\u0146\u0101. Pateicoties profesion\u0101lajai meistar\u012bbai un divk\u0101r\u0161\u0101s darb\u012bbas sp\u0113jai, \u0161os cilindrus var izmantot pla\u0161\u0101 pielietojumu kl\u0101st\u0101, tostarp sniega t\u012br\u012b\u0161anas sist\u0113m\u0101s. Augstas kvalit\u0101tes materi\u0101lu izmanto\u0161ana un prec\u012bza in\u017eenierija nodro\u0161ina, ka \u0161ie cilindri nodro\u0161ina uzticamu veiktsp\u0113ju un iztur sare\u017e\u0123\u012btus apst\u0101k\u013cus. Neatkar\u012bgi no t\u0101, vai t\u0101 ir lauksaimniec\u012bbas, b\u016bvniec\u012bbas vai r\u016bpniec\u012bbas tehnika, regul\u0113jamie skavu tipa cilindri ir v\u0113rt\u012bga sast\u0101vda\u013ca, kas uzlabo efektivit\u0101ti un produktivit\u0101ti.<\/p>\n<h3>Par FMP hidraulisko cilindru<\/h3>\n<p><img decoding=\"async\" src=\"https:\/\/fmp-components.com\/wp-content\/uploads\/2024\/12\/Adjustable-Clevis-Type-Cylinders-6.webp\" alt=\"Regul\u0113jams skavu tipa cilindrs\" width=\"802\" title=\"\"><\/p>\n<p>Uz\u0146\u0113mum\u0101 FMP m\u0113s specializ\u0113jamies augstas kvalit\u0101tes hidraulisko cilindru ra\u017eo\u0161an\u0101 un p\u0101rdo\u0161an\u0101. Pateicoties m\u016bsu pla\u0161ajai pieredzei nozar\u0113 un profesion\u0101lajai komandai, m\u0113s esam ap\u0146\u0113mu\u0161ies nodro\u0161in\u0101t m\u016bsu klientiem uzticamus un efekt\u012bvus risin\u0101jumus vi\u0146u celtniec\u012bbas tehnikas vajadz\u012bb\u0101m. \u0160eit ir piecas galven\u0101s m\u016bsu produktu un uz\u0146\u0113muma priek\u0161roc\u012bbas:<\/p>\n<p>1. Pla\u0161s hidraulisko cilindru kl\u0101sts: M\u0113s pied\u0101v\u0101jam pla\u0161u hidraulisko cilindru kl\u0101stu, kas atbilst da\u017e\u0101d\u0101m celtniec\u012bbas tehnikas pras\u012bb\u0101m. S\u0101kot no standarta cilindriem l\u012bdz piel\u0101gotiem risin\u0101jumiem, mums ir zin\u0101\u0161anas, lai apmierin\u0101tu j\u016bsu \u012bpa\u0161\u0101s vajadz\u012bbas.<\/p>\n<p>2. Izcila kvalit\u0101te: M\u016bsu hidrauliskie cilindri tiek ra\u017eoti, izmantojot augst\u0101k\u0101s kvalit\u0101tes materi\u0101lus un progres\u012bvas tehnolo\u0123ijas, nodro\u0161inot izcilu iztur\u012bbu un veiktsp\u0113ju. Katrs cilindrs tiek pak\u013cauts stingr\u0101m kvalit\u0101tes p\u0101rbaud\u0113m, lai atbilstu augst\u0101kajiem nozares standartiem.<\/p>\n<p>3. Pieredz\u0113jusi p\u0101rdo\u0161anas komanda: m\u016bsu pieredz\u0113ju\u0161\u0101 p\u0101rdo\u0161anas komanda labi p\u0101rzina jaun\u0101k\u0101s tendences un klientu piepras\u012bjumu b\u016bvniec\u012bbas tehnikas nozar\u0113. Vi\u0146i sniedz profesion\u0101las produktu konsult\u0101cijas un v\u0113rt\u012bgus pirk\u0161anas ieteikumus, lai pal\u012bdz\u0113tu jums pie\u0146emt p\u0101rdom\u0101tus l\u0113mumus.<\/p>\n<p>4. Efekt\u012bva lo\u0123istikas izplat\u012b\u0161ana: M\u0113s saprotam savlaic\u012bgas pieg\u0101des noz\u012bmi. M\u016bsu efekt\u012bv\u0101 lo\u0123istikas izplat\u012b\u0161anas sist\u0113ma nodro\u0161ina, ka j\u016bs savlaic\u012bgi un prec\u012bzi sa\u0146emsiet nepiecie\u0161amos hidrauliskos cilindrus, samazinot d\u012bkst\u0101ves laiku un palielinot produktivit\u0101ti.<\/p>\n<p>5. Sp\u0113c\u012bgas pieg\u0101d\u0101t\u0101ju partnerattiec\u012bbas: M\u0113s esam izveidoju\u0161i ilgtermi\u0146a un stabilas attiec\u012bbas ar augstas kvalit\u0101tes pieg\u0101d\u0101t\u0101jiem vis\u0101 pasaul\u0113. Tas \u013cauj mums ieg\u016bt un nodro\u0161in\u0101t celtniec\u012bbas tehnikas deta\u013cas, kas atbilst stingriem kvalit\u0101tes standartiem, nodro\u0161inot m\u016bsu hidraulisko cilindru uzticam\u012bbu un ilgm\u016b\u017e\u012bbu.<\/p>\n<p>Izv\u0113lieties FMP hidraulisko cilindru, lai nodro\u0161in\u0101tu izcilu kvalit\u0101ti, uzticamu veiktsp\u0113ju un lielisku klientu apkalpo\u0161anu. Sadarbojieties ar mums jau \u0161odien un izbaudiet at\u0161\u0137ir\u012bbu sav\u0101s celtniec\u012bbas tehnikas darb\u012bb\u0101s.<\/p>\n<h2>Bie\u017ei uzdotie jaut\u0101jumi<\/h2>\n<h3>J: Vai j\u016bs esat tirdzniec\u012bbas uz\u0146\u0113mums vai ra\u017eot\u0101js?<\/h3>\n<p>A: M\u0113s esam r\u016bpn\u012bca, kas specializ\u0113jas hidraulisko cilindru un citu lauksaimniec\u012bbas tehnikas deta\u013cu ra\u017eo\u0161an\u0101.<\/p>\n<h3>J: Cik ilgs ir j\u016bsu pieg\u0101des laiks?<\/h3>\n<p>A: Parasti m\u016bsu pieg\u0101des laiks ir no 25 l\u012bdz 35 dien\u0101m.<\/p>\n<h3>J: Vai j\u016bs sniedzat paraugus? Ja t\u0101, vai tie ir bez maksas vai par tiem ir j\u0101maks\u0101 papildus?<\/h3>\n<p>A: J\u0101, m\u0113s nodro\u0161in\u0101m paraugus. Tom\u0113r tie nav bez maksas.<\/p>\n<p><img decoding=\"async\" title=\"Sniega arkla hidrauliskais cilindrs\" src=\"https:\/\/hzpt.com\/wp-content\/uploads\/2023\/11\/Snow-Plow-Hydraulic-Cylinder-2.webp\" alt=\"Sniega arkla hidrauliskais cilindrs\" \/><\/p>\n<p>Autors: CX<\/p>","protected":false},"excerpt":{"rendered":"<p>Professional Craftsmanship 3 Ton Hydraulic Cylinder Double Acting Snow Plow Hydraulic Cylinder Introducing the Professional Craftsmanship 3 Ton Hydraulic Cylinder Double Acting Snow Plow Hydraulic Cylinder: The Professional Craftsmanship 3 Ton Hydraulic Cylinder Double Acting Snow Plow Hydraulic Cylinder is a high-quality hydraulic cylinder designed specifically for snow plow applications. With its excellent craftsmanship and [&hellip;]<\/p>","protected":false},"featured_media":1449,"comment_status":"closed","ping_status":"closed","template":"","meta":{"_et_pb_use_builder":"","_et_pb_old_content":"","_et_gb_content_width":""},"product_brand":[],"product_cat":[42],"product_tag":[34,44],"class_list":{"0":"post-1448","1":"product","2":"type-product","3":"status-publish","4":"has-post-thumbnail","6":"product_cat-snow-plow-hydraulic-cylinder","7":"product_tag-hydraulic-cylinder","8":"product_tag-snow-plow-hydraulic-cylinder","10":"first","11":"instock","12":"product-type-simple"},"_links":{"self":[{"href":"https:\/\/fmp-components.com\/lv\/wp-json\/wp\/v2\/product\/1448","targetHints":{"allow":["GET"]}}],"collection":[{"href":"https:\/\/fmp-components.com\/lv\/wp-json\/wp\/v2\/product"}],"about":[{"href":"https:\/\/fmp-components.com\/lv\/wp-json\/wp\/v2\/types\/product"}],"replies":[{"embeddable":true,"href":"https:\/\/fmp-components.com\/lv\/wp-json\/wp\/v2\/comments?post=1448"}],"wp:featuredmedia":[{"embeddable":true,"href":"https:\/\/fmp-components.com\/lv\/wp-json\/wp\/v2\/media\/1449"}],"wp:attachment":[{"href":"https:\/\/fmp-components.com\/lv\/wp-json\/wp\/v2\/media?parent=1448"}],"wp:term":[{"taxonomy":"product_brand","embeddable":true,"href":"https:\/\/fmp-components.com\/lv\/wp-json\/wp\/v2\/product_brand?post=1448"},{"taxonomy":"product_cat","embeddable":true,"href":"https:\/\/fmp-components.com\/lv\/wp-json\/wp\/v2\/product_cat?post=1448"},{"taxonomy":"product_tag","embeddable":true,"href":"https:\/\/fmp-components.com\/lv\/wp-json\/wp\/v2\/product_tag?post=1448"}],"curies":[{"name":"wp","href":"https:\/\/api.w.org\/{rel}","templated":true}]}}