{"id":1446,"date":"2024-12-23T05:49:26","date_gmt":"2024-12-23T05:49:26","guid":{"rendered":"https:\/\/fmp-components.com\/product\/china-factory-supply-agricultural-machinery-hydraulic-cylinders-snow-plow-hydraulic-cylinder-double-acting\/"},"modified":"2024-12-23T08:48:27","modified_gmt":"2024-12-23T08:48:27","slug":"italy-factory-supply-agricultural-machinery-hydraulic-cylinders-snow-plow-hydraulic-cylinder-double-acting","status":"publish","type":"product","link":"https:\/\/fmp-components.com\/lv\/product\/italy-factory-supply-agricultural-machinery-hydraulic-cylinders-snow-plow-hydraulic-cylinder-double-acting\/","title":{"rendered":"It\u0101lijas r\u016bpn\u012bcas pieg\u0101des lauksaimniec\u012bbas tehnikas hidrauliskie cilindri, sniega arkla hidrauliskais cilindrs, divk\u0101r\u0161as darb\u012bbas"},"content":{"rendered":"<h2>It\u0101lijas r\u016bpn\u012bcas pieg\u0101des lauksaimniec\u012bbas tehnikas hidrauliskie cilindri, sniega arkla hidrauliskais cilindrs, divk\u0101r\u0161as darb\u012bbas<\/h2>\n<p>It\u0101lijas r\u016bpn\u012bcas pieg\u0101d\u0101to lauksaimniec\u012bbas tehnikas hidraulisko cilindru sniega arklu hidrauliskais cilindrs ar divk\u0101r\u0161u darb\u012bbu ir augstas kvalit\u0101tes un efekt\u012bvs hidrauliskais cilindrs, kas paredz\u0113ts lauksaimniec\u012bbas tehnikai. Tas ir \u012bpa\u0161i paredz\u0113ts sniega arkliem un apr\u012bkots ar divk\u0101r\u0161as darb\u012bbas meh\u0101nismu uzlabotai funkcionalit\u0101tei.<\/p>\n<p>\u0160is hidrauliskais cilindrs ir ra\u017eots It\u0101lij\u0101, koncentr\u0113joties uz iztur\u012bbu un veiktsp\u0113ju. Tas ir izgatavots no augstas kvalit\u0101tes materi\u0101liem, lai nodro\u0161in\u0101tu ilgsto\u0161u lieto\u0161anu pat sare\u017e\u0123\u012btos apst\u0101k\u013cos. Cilindrs ir izstr\u0101d\u0101ts, lai iztur\u0113tu lielas slodzes un nodro\u0161in\u0101tu vienm\u0113r\u012bgu un uzticamu darb\u012bbu.<\/p>\n<p>Divk\u0101r\u0161\u0101s darb\u012bbas meh\u0101nisms \u013cauj hidrauliskajam cilindram izstiepties un ievilkties, nodro\u0161inot elast\u012bbu un kontroli sniega t\u012br\u012b\u0161anas laik\u0101. \u0160\u012b funkcija nodro\u0161ina efekt\u012bvu sniega t\u012br\u012b\u0161anu, \u013caujot sniega t\u012br\u012b\u0161anas l\u012bdzeklim gan stumt, gan pacelt sniegu, padarot to par ide\u0101lu izv\u0113li ce\u013cu, piebraucamo ce\u013cu un citu virsmu t\u012br\u012b\u0161anai.<\/p>\n<p><img decoding=\"async\" title=\"Sniega arkla hidrauliskais cilindrs\" src=\"https:\/\/hzpt.com\/wp-content\/uploads\/2023\/11\/Snow-Plow-Hydraulic-Cylinder-2.webp\" alt=\"Sniega arkla hidrauliskais cilindrs\" \/><\/p>\n<p>It\u0101lijas r\u016bpn\u012bcas pieg\u0101d\u0101to lauksaimniec\u012bbas tehnikas hidraulisko cilindru sniega arkla hidrauliskais cilindrs ar divk\u0101r\u0161u darb\u012bbu ir viegli uzst\u0101d\u0101ms un sader\u012bgs ar da\u017e\u0101diem lauksaimniec\u012bbas tehnikas mode\u013ciem. Tas ir izstr\u0101d\u0101ts, lai neman\u0101mi iek\u013cautos eso\u0161aj\u0101s hidrauliskaj\u0101s sist\u0113m\u0101s, samazinot d\u012bkst\u0101ves laiku un palielinot produktivit\u0101ti.<\/p>\n<p>Ar savu iztur\u012bgo konstrukciju, uzticamo veiktsp\u0113ju un daudzpus\u012bbu \u0161is hidrauliskais cilindrs ir b\u016btiska sast\u0101vda\u013ca jebkurai lauksaimniec\u012bbas tehnikai, kas apr\u012bkota ar sniega arklu. Uzticieties Italy Factory Supply, lai pieg\u0101d\u0101tu augstas kvalit\u0101tes produktu, kas atbilst j\u016bsu efekt\u012bvas sniega t\u012br\u012b\u0161anas vajadz\u012bb\u0101m.<\/p>\n<h2>Regul\u0113jamu skavu tipa cilindru priek\u0161roc\u012bbas<\/h2>\n<p>Regul\u0113jami skavu tipa cilindri ir hidraulisko cilindru veids, kam ir skavu stiprin\u0101jums un regul\u0113jams savienojums. Tos parasti izmanto lauksaimniec\u012bbas ma\u0161\u012bn\u0101s, sniega arkl\u0101s un cit\u0101 lieljaudas apr\u012bkojum\u0101. \u0160aj\u0101 rakst\u0101 m\u0113s apspried\u012bsim regul\u0113jamu skavu tipa cilindru izmanto\u0161anas priek\u0161roc\u012bbas.<\/p>\n<h3>1. Daudzpus\u012bba<\/h3>\n<p>Viena no regul\u0113jamu skavu tipa cilindru galvenaj\u0101m priek\u0161roc\u012bb\u0101m ir to daudzpus\u012bba. Tos var izmantot da\u017e\u0101dos pielietojumos, tostarp lauksaimniec\u012bbas ma\u0161\u012bn\u0101s un sniega arkl\u0101. To regul\u0113jam\u0101 savienojuma vieta \u013cauj viegli uzst\u0101d\u012bt un regul\u0113t, padarot tos par popul\u0101ru izv\u0113li ra\u017eot\u0101ju vid\u016b.<\/p>\n<p>Piem\u0113ram, It\u0101lijas r\u016bpn\u012bcas pieg\u0101d\u0101to lauksaimniec\u012bbas ma\u0161\u012bnu hidrauliskie cilindri. Sniega arklu hidrauliskie cilindri ar divk\u0101r\u0161u darb\u012bbu parasti tiek izmantoti sniega arklu asme\u0146a le\u0146\u0137a regul\u0113\u0161anai. Izmantojot regul\u0113jamu skavu tipa cilindru, operators var viegli piel\u0101got asme\u0146a le\u0146\u0137i atbilsto\u0161i sniega apst\u0101k\u013ciem.<\/p>\n<h3>2. Iztur\u012bba<\/h3>\n<p>Regul\u0113jami skavu tipa cilindri ir paredz\u0113ti, lai iztur\u0113tu lielas slodzes un skarbu vidi. Tie ir izgatavoti no augstas kvalit\u0101tes materi\u0101liem, kas ir iztur\u012bgi pret koroziju un nodilumu. Tas padara tos ide\u0101li piem\u0113rotus izmanto\u0161anai lauksaimniec\u012bbas tehnik\u0101 un cit\u0101 lieljaudas apr\u012bkojum\u0101.<\/p>\n<p>Turkl\u0101t It\u0101lijas r\u016bpn\u012bcas pieg\u0101d\u0101to lauksaimniec\u012bbas tehnikas hidraulisko cilindru sniega arklu divk\u0101r\u0161as darb\u012bbas hidrauliskie cilindri izmanto augstas stipr\u012bbas materi\u0101lus, lai nodro\u0161in\u0101tu cilindru iztur\u012bbu un ilgm\u016b\u017e\u012bbu. Tie ir izstr\u0101d\u0101ti, lai iztur\u0113tu ekstrem\u0101las temperat\u016bras, augstu spiedienu un lielas slodzes, padarot tos par uzticamu izv\u0113li lieto\u0161anai skarbos apst\u0101k\u013cos.<\/p>\n<h3>3. Precizit\u0101te<\/h3>\n<p>Regul\u0113jami skavu tipa cilindri ir paz\u012bstami ar savu precizit\u0101ti. Tie nodro\u0161ina prec\u012bzu un vienm\u0113r\u012bgu kust\u012bbu, kas ir b\u016btiski daudzos pielietojumos. To regul\u0113jam\u0101 skava \u013cauj prec\u012bzi regul\u0113t, nodro\u0161inot cilindra vienm\u0113r\u012bgu un efekt\u012bvu darb\u012bbu.<\/p>\n<p>Piem\u0113ram, lauksaimniec\u012bbas ma\u0161\u012bn\u0101s arkla kust\u012bbas vad\u012bbai tiek izmantoti regul\u0113jami skavu tipa cilindri. Izmantojot prec\u012bzijas cilindru, operators var nodro\u0161in\u0101t, ka arkls p\u0101rvietojas pareizaj\u0101 virzien\u0101 un ar pareizo \u0101trumu.<\/p>\n<h3>4. Vienk\u0101r\u0161a apkope<\/h3>\n<p>V\u0113l viena regul\u0113jamu skavu tipa cilindru priek\u0161roc\u012bba ir to vienk\u0101r\u0161\u0101 apkope. Tie ir konstru\u0113ti t\u0101, lai tos b\u016btu viegli izjaukt un remont\u0113t, kas ir svar\u012bgi lieljaudas iek\u0101rt\u0101s. Tas padara tos par rentablu izv\u0113li ra\u017eot\u0101jiem un operatoriem.<\/p>\n<p>Turkl\u0101t It\u0101lijas r\u016bpn\u012bcas pieg\u0101d\u0101to lauksaimniec\u012bbas tehnikas hidraulisko cilindru sniega arklu hidrauliskie cilindri ar divk\u0101r\u0161u darb\u012bbu ir izstr\u0101d\u0101ti t\u0101, lai tos b\u016btu viegli uztur\u0113t. Tie ir apr\u012bkoti ar nomain\u0101miem bl\u012bv\u0113jumiem un cit\u0101m sast\u0101vda\u013c\u0101m, kuras var viegli nomain\u012bt, kad nepiecie\u0161ams.<\/p>\n<p>Regul\u0113jami skavu tipa cilindri ir daudzpus\u012bgs, iztur\u012bgs, prec\u012bzs un viegli kopjams hidraulisko cilindru veids. To regul\u0113jam\u0101 savienojuma izmanto\u0161ana \u013cauj tos viegli uzst\u0101d\u012bt un regul\u0113t, padarot tos par popul\u0101ru izv\u0113li daudzos pielietojumos, tostarp lauksaimniec\u012bbas ma\u0161\u012bn\u0101s un sniega arkl\u0101. Izmantojot It\u0101lijas r\u016bpn\u012bcas pieg\u0101d\u0101to lauksaimniec\u012bbas ma\u0161\u012bnu hidrauliskos cilindrus ar sniega arklu ar divk\u0101r\u0161as darb\u012bbas sniega arklu hidraulisko cilindru, operatori var nodro\u0161in\u0101t, ka vi\u0146u apr\u012bkojums darbojas nevainojami un efekt\u012bvi pat vissmag\u0101kajos apst\u0101k\u013cos.<\/p>\n<h3>Par FMP hidraulisko cilindru<\/h3>\n<p>FMP ir vado\u0161ais uz\u0146\u0113mums, kas specializ\u0113jas augstas kvalit\u0101tes celtniec\u012bbas tehnikas deta\u013cu un pilnu iek\u0101rtu p\u0101rdo\u0161an\u0101 un apkalpo\u0161an\u0101. M\u016bsu hidrauliskais cilindrs ir viens no m\u016bsu vislab\u0101k p\u0101rdotajiem produktiem, un m\u0113s ar lepnumu pied\u0101v\u0101jam t\u0101 \u012bpa\u0161\u012bbas un priek\u0161roc\u012bbas m\u016bsu klientiem:<\/p>\n<ol>\n<li><strong>Iztur\u012bgs un ilgm\u016b\u017e\u012bgs:<\/strong> M\u016bsu hidrauliskais cilindrs ir izgatavots no augstas kvalit\u0101tes materi\u0101liem, kas nodro\u0161ina t\u0101 iztur\u012bbu un ilgm\u016b\u017e\u012bbu. Tas ir paredz\u0113ts, lai iztur\u0113tu skarbu vidi un lielas slodzes darb\u012bbas, padarot to par ide\u0101lu izv\u0113li celtniec\u012bbas ma\u0161\u012bn\u0101m.<\/li>\n<li><strong>Piel\u0101gojams:<\/strong> M\u0113s pied\u0101v\u0101jam pla\u0161u hidraulisko cilindru veidu kl\u0101stu, tostarp regul\u0113jamus skavu tipa cilindrus, cilindrus ar \u0161arn\u012brsavienojumu un metin\u0101tus cilindrus. M\u016bsu ekspertu komanda var ar\u012b piel\u0101got cilindrus atbilsto\u0161i j\u016bsu unik\u0101laj\u0101m pras\u012bb\u0101m un specifik\u0101cij\u0101m.<\/li>\n<li><strong>Gludi un efekt\u012bvi:<\/strong> M\u016bsu hidrauliskajam cilindram ir augstas kvalit\u0101tes virzu\u013ca un stie\u0146a bl\u012bv\u0113jums, kas nodro\u0161ina vienm\u0113r\u012bgu un efekt\u012bvu darb\u012bbu. Tam ir ar\u012b kompakts dizains, kas ietaupa uzst\u0101d\u012b\u0161anas vietu un samazina ener\u0123ijas pat\u0113ri\u0146u.<\/li>\n<li><strong>Izmaksu zi\u0146\u0101 efekt\u012bvs:<\/strong> M\u016bsu hidrauliskais cilindrs ir par konkur\u0113tsp\u0113j\u012bgu cenu, vienlaikus saglab\u0101jot augstus kvalit\u0101tes standartus. T\u0101 zem\u0101s apkopes pras\u012bbas un ilgais kalpo\u0161anas laiks ar\u012b samazina m\u016bsu klientu ekspluat\u0101cijas izmaksas.<\/li>\n<li><strong>Lielisks klientu apkalpo\u0161anas serviss:<\/strong> FMP mums ir pieredz\u0113ju\u0161u un profesion\u0101lu p\u0101rdo\u0161anas p\u0101rst\u0101vju komanda, kas sniedz ekspertu konsult\u0101cijas par produktiem un p\u0101rdom\u0101tus pirk\u0161anas ieteikumus. Mums ir ar\u012b efekt\u012bva lo\u0123istikas izplat\u012b\u0161anas sist\u0113ma, kas nodro\u0161ina savlaic\u012bgu un prec\u012bzu m\u016bsu produktu pieg\u0101di klientiem.<\/li>\n<\/ol>\n<p>K\u0101 uz\u0146\u0113mums, kas \u0161aj\u0101 nozar\u0113 darbojas jau daudzus gadus, m\u0113s esam ap\u0146\u0113mu\u0161ies nodro\u0161in\u0101t saviem klientiem lab\u0101kos produktus un pakalpojumus. Ar FMP hidraulisko cilindru j\u016bs varat b\u016bt p\u0101rliecin\u0101ti par uzticamu un augstas veiktsp\u0113jas hidraulisko sist\u0113mu j\u016bsu celtniec\u012bbas tehnikas vajadz\u012bb\u0101m.<\/p>\n<p><img decoding=\"async\" src=\"https:\/\/fmp-components.com\/wp-content\/uploads\/2024\/12\/Adjustable-Clevis-Type-Cylinders-6.webp\" alt=\"Regul\u0113jams skavu tipa cilindrs\" width=\"801\" title=\"\">Autors: CX<\/p>","protected":false},"excerpt":{"rendered":"<p>Italy Factory Supply Agricultural Machinery Hydraulic Cylinders Snow Plow Hydraulic Cylinder Double Acting Italy Factory Supply Agricultural Machinery Hydraulic Cylinders Snow Plow Hydraulic Cylinder Double Acting is a high-quality and efficient hydraulic cylinder designed for agricultural machinery. It is specifically designed for snow plows and features a double-acting mechanism for enhanced functionality. This hydraulic cylinder [&hellip;]<\/p>","protected":false},"featured_media":1447,"comment_status":"closed","ping_status":"closed","template":"","meta":{"_et_pb_use_builder":"","_et_pb_old_content":"","_et_gb_content_width":""},"product_brand":[],"product_cat":[42],"product_tag":[34,44],"class_list":{"0":"post-1446","1":"product","2":"type-product","3":"status-publish","4":"has-post-thumbnail","6":"product_cat-snow-plow-hydraulic-cylinder","7":"product_tag-hydraulic-cylinder","8":"product_tag-snow-plow-hydraulic-cylinder","10":"first","11":"instock","12":"product-type-simple"},"_links":{"self":[{"href":"https:\/\/fmp-components.com\/lv\/wp-json\/wp\/v2\/product\/1446","targetHints":{"allow":["GET"]}}],"collection":[{"href":"https:\/\/fmp-components.com\/lv\/wp-json\/wp\/v2\/product"}],"about":[{"href":"https:\/\/fmp-components.com\/lv\/wp-json\/wp\/v2\/types\/product"}],"replies":[{"embeddable":true,"href":"https:\/\/fmp-components.com\/lv\/wp-json\/wp\/v2\/comments?post=1446"}],"wp:featuredmedia":[{"embeddable":true,"href":"https:\/\/fmp-components.com\/lv\/wp-json\/wp\/v2\/media\/1447"}],"wp:attachment":[{"href":"https:\/\/fmp-components.com\/lv\/wp-json\/wp\/v2\/media?parent=1446"}],"wp:term":[{"taxonomy":"product_brand","embeddable":true,"href":"https:\/\/fmp-components.com\/lv\/wp-json\/wp\/v2\/product_brand?post=1446"},{"taxonomy":"product_cat","embeddable":true,"href":"https:\/\/fmp-components.com\/lv\/wp-json\/wp\/v2\/product_cat?post=1446"},{"taxonomy":"product_tag","embeddable":true,"href":"https:\/\/fmp-components.com\/lv\/wp-json\/wp\/v2\/product_tag?post=1446"}],"curies":[{"name":"wp","href":"https:\/\/api.w.org\/{rel}","templated":true}]}}