{"id":1444,"date":"2024-12-23T05:49:26","date_gmt":"2024-12-23T05:49:26","guid":{"rendered":"https:\/\/fmp-components.com\/product\/high-quality-2-ton-double-acting-hydraulic-cylinder-agricultural-machinery-hydraulic-cylinder-for-snow-plow\/"},"modified":"2024-12-23T06:36:03","modified_gmt":"2024-12-23T06:36:03","slug":"high-quality-2-ton-double-acting-hydraulic-cylinder-agricultural-machinery-hydraulic-cylinder-for-snow-plow","status":"publish","type":"product","link":"https:\/\/fmp-components.com\/lv\/product\/high-quality-2-ton-double-acting-hydraulic-cylinder-agricultural-machinery-hydraulic-cylinder-for-snow-plow\/","title":{"rendered":"Augstas kvalit\u0101tes 2 tonnu divk\u0101r\u0161as darb\u012bbas hidrauliskais cilindrs lauksaimniec\u012bbas tehnikas hidrauliskais cilindrs sniega arklam"},"content":{"rendered":"<p>Augstas kvalit\u0101tes 2 tonnu divk\u0101r\u0161as darb\u012bbas hidrauliskais cilindrs lauksaimniec\u012bbas tehnikas hidrauliskajam cilindram sniega arklam Augstas kvalit\u0101tes 2 tonnu divk\u0101r\u0161as darb\u012bbas hidrauliskais cilindrs lauksaimniec\u012bbas tehnikas hidrauliskajam cilindram sniega arklam ir augst\u0101k\u0101s klases produkts, kas paredz\u0113ts izcilai veiktsp\u0113jai un iztur\u012bbai. Ar savu moderno hidraulisko sist\u0113mu \u0161is cilindrs nodro\u0161ina efekt\u012bvu un uzticamu darb\u012bbu, padarot to ide\u0101li piem\u0113rotu lauksaimniec\u012bbas tehnikai un sniega arkliem.<\/p>\n<p>\u0160is hidrauliskais cilindrs sp\u0113j iztur\u0113t smagas kravas, pateicoties t\u0101 2 tonnu celtsp\u0113jai. T\u0101 divk\u0101r\u0161\u0101s darb\u012bbas konstrukcija nodro\u0161ina prec\u012bzu kontroli un vienm\u0113r\u012bgu darb\u012bbu gan izstiep\u0161anas, gan ievilk\u0161anas kust\u012bb\u0101s. Neatkar\u012bgi no t\u0101, vai t\u012br\u0101t sniegu vai veicat citus lauksaimniec\u012bbas darbus, \u0161is cilindrs nodro\u0161in\u0101s jums nepiecie\u0161amo jaudu un efektivit\u0101ti.<\/p>\n<p>\u0160is hidrauliskais cilindrs ir izgatavots no augstas kvalit\u0101tes materi\u0101liem, lai iztur\u0113tu skarbus darba apst\u0101k\u013cus. Tas ir \u013coti iztur\u012bgs pret koroziju un nodilumu, nodro\u0161inot ilgu kalpo\u0161anas laiku un minim\u0101las apkopes pras\u012bbas. T\u0101 iztur\u012bg\u0101 konstrukcija garant\u0113 uzticamu darb\u012bbu pat visskarb\u0101kajos apst\u0101k\u013cos.<\/p>\n<p>Papildus izcilajai funkcionalit\u0101tei \u0161is hidrauliskais cilindrs ir izstr\u0101d\u0101ts, dom\u0101jot par dro\u0161\u012bbu. Tam ir uzticami bl\u012bv\u0113jumi un efekt\u012bvi spiediena samazin\u0101\u0161anas v\u0101rsti, kas nov\u0113r\u0161 jebk\u0101das potenci\u0101las nopl\u016bdes vai negad\u012bjumus. Tas nodro\u0161ina operatora dro\u0161\u012bbu un aizsarg\u0101 tehniku \u200b\u200bno boj\u0101jumiem.<\/p>\n<p>Pateicoties izcilajai veiktsp\u0113jai, iztur\u012bbai un dro\u0161\u012bbas funkcij\u0101m, augstas kvalit\u0101tes 2 tonnu divk\u0101r\u0161as darb\u012bbas hidraulisk\u0101 cilindra lauksaimniec\u012bbas tehnikas hidrauliskais cilindrs sniega arklam ir ide\u0101la izv\u0113le lauksaimniec\u012bbas un sniega t\u012br\u012b\u0161anas nozares profesion\u0101\u013ciem. Ieguldiet \u0161aj\u0101 produkt\u0101 jau \u0161odien un izbaudiet uzlabotu produktivit\u0101ti un efektivit\u0101ti sav\u0101s darb\u012bb\u0101s. Iepaz\u012bstin\u0101m ar augstas kvalit\u0101tes 2 tonnu divk\u0101r\u0161as darb\u012bbas hidraulisko cilindru \u2014 lab\u0101ko risin\u0101jumu j\u016bsu lauksaimniec\u012bbas tehnikas vajadz\u012bb\u0101m. \u0160is hidrauliskais cilindrs ir \u012bpa\u0161i izstr\u0101d\u0101ts sniega arkla pielietojumam, pied\u0101v\u0101jot izcilu uzticam\u012bbu, efektivit\u0101ti, veiktsp\u0113ju, dro\u0161\u012bbu, savietojam\u012bbu un ilgtermi\u0146a ieguld\u012bjumu v\u0113rt\u012bbu.<\/p>\n<h2>Produkta funkcijas<\/h2>\n<h3>Augsta kvalit\u0101te un uzticam\u012bba<\/h3>\n<p>M\u016bsu hidrauliskais cilindrs lepojas ar izcilu kvalit\u0101ti un uzticam\u012bbu, nodro\u0161inot optim\u0101lu veiktsp\u0113ju pat smagos darba apst\u0101k\u013cos. Tas ir izgatavots no iztur\u012bga t\u0113rauda, \u200b\u200bkas paredz\u0113ts lielu kravu un pras\u012bgu darba apjomu iztur\u0113\u0161anai.<\/p>\n<h3>Efektivit\u0101te un veiktsp\u0113ja<\/h3>\n<p>\u0160is hidrauliskais cilindrs pied\u0101v\u0101 augstu efektivit\u0101ti un veiktsp\u0113ju, nodro\u0161inot maksim\u0101lu vilces un vilk\u0161anas jaudu efekt\u012bvai darb\u012bbai. Tas ir standarta virzu\u013ccilindrs, kas izmanto hidraulisko sp\u0113ku vienm\u0113r\u012bgai un efekt\u012bvai darb\u012bbai.<\/p>\n<h3>Dro\u0161\u012bba un stabilit\u0101te<\/h3>\n<p>Dro\u0161\u012bba un stabilit\u0101te ir m\u016bsu dizaina galven\u0101 priorit\u0101te. \u0160im hidrauliskajam cilindram ir viena gada garantija galvenaj\u0101m sast\u0101vda\u013c\u0101m, tostarp gultnim un pa\u0161am hidrauliskajam cilindram. Jaunais st\u0101voklis nodro\u0161ina, ka cilindram nav defektu un tas ir gatavs t\u016bl\u012bt\u0113jai lieto\u0161anai.<\/p>\n<h3>Sader\u012bba<\/h3>\n<p><img decoding=\"async\" title=\"Sniega arkla hidrauliskais cilindrs\" src=\"https:\/\/hzpt.com\/wp-content\/uploads\/2023\/11\/Snow-Plow-Hydraulic-Cylinder-1.webp\" alt=\"Sniega arkla hidrauliskais cilindrs\" \/><\/p>\n<h2>Regul\u0113jamu skavu tipa cilindru priek\u0161roc\u012bbas<\/h2>\n<ul>\n<li style=\"list-style-type: none;\">\n<ul>\n<li><strong>Elast\u012bba:<\/strong> Regul\u0113jami skavu tipa cilindri pied\u0101v\u0101 augstu elast\u012bbas pak\u0101pi to mont\u0101\u017eas iesp\u0113ju zi\u0146\u0101. Tos parasti izmanto lauksaimniec\u012bbas ma\u0161\u012bn\u0101s, piem\u0113ram, sniega arkl\u0101s, jo tos var viegli piel\u0101got da\u017e\u0101diem apr\u012bkojuma veidiem.<\/li>\n<\/ul>\n<\/li>\n<\/ul>\n<p>Augstas kvalit\u0101tes 2 tonnu divk\u0101r\u0161as darb\u012bbas hidraulisk\u0101 cilindra lauksaimniec\u012bbas tehnikas hidrauliskais cilindrs sniega arklam ir lielisks regul\u0113jama skavu tipa cilindra piem\u0113rs, kas ir piel\u0101gojams un ko var piel\u0101got \u012bpa\u0161\u0101m pras\u012bb\u0101m.<\/p>\n<ul>\n<li style=\"list-style-type: none;\">\n<ul>\n<li><strong>Iztur\u012bba:<\/strong> \u0160ie cilindri ir rad\u012bti ilgam kalpo\u0161anas laikam. Tie ir izgatavoti no augstas kvalit\u0101tes materi\u0101liem, kas var iztur\u0113t pat vissmag\u0101kos apst\u0101k\u013cus. Tas ir \u012bpa\u0161i svar\u012bgi lauksaimniec\u012bbas nozar\u0113, kur apr\u012bkojums bie\u017ei tiek pak\u013cauts skarbai videi un intens\u012bvai lieto\u0161anai.<\/li>\n<\/ul>\n<\/li>\n<\/ul>\n<p>Augstas kvalit\u0101tes 2 tonnu divk\u0101r\u0161as darb\u012bbas hidraulisk\u0101 cilindra lauksaimniec\u012bbas tehnikas hidrauliskais cilindrs sniega arklam ir izgatavots ar prec\u012bzu apstr\u0101di un modern\u0101m tehnolo\u0123ij\u0101m, lai nodro\u0161in\u0101tu t\u0101 iztur\u012bbu un ilgm\u016b\u017e\u012bbu.<\/p>\n<ul>\n<li style=\"list-style-type: none;\">\n<ul>\n<li><strong>Efektivit\u0101te:<\/strong> Regul\u0113jami skavu tipa cilindri ir \u013coti efekt\u012bvi. Tie sp\u0113j \u0101tri un prec\u012bzi nodro\u0161in\u0101t lielu sp\u0113ku, kas ir svar\u012bgi lauksaimniec\u012bbas ma\u0161\u012bn\u0101s, kur precizit\u0101te un \u0101trums ir kritiski svar\u012bgi.<\/li>\n<\/ul>\n<\/li>\n<\/ul>\n<p>Augstas kvalit\u0101tes 2 tonnu divk\u0101r\u0161as darb\u012bbas hidraulisk\u0101 cilindra lauksaimniec\u012bbas tehnikas hidrauliskais cilindrs sniega arklam ir paredz\u0113ts darbam ar augstu efektivit\u0101ti, nodro\u0161inot, ka tas var viegli tikt gal\u0101 ar vissare\u017e\u0123\u012bt\u0101kajiem uzdevumiem.<\/p>\n<ul>\n<li style=\"list-style-type: none;\">\n<ul>\n<li><strong>Piel\u0101go\u0161ana:<\/strong> Viena no regul\u0113jamu skavu tipa cilindru liel\u0101kaj\u0101m priek\u0161roc\u012bb\u0101m ir to piel\u0101go\u0161anas elast\u012bba. Tos var projekt\u0113t un ra\u017eot atbilsto\u0161i \u012bpa\u0161\u0101m pras\u012bb\u0101m, padarot tos ide\u0101li piem\u0113rotus izmanto\u0161anai da\u017e\u0101d\u0101s nozar\u0113s.<\/li>\n<\/ul>\n<\/li>\n<\/ul>\n<p>Augstas kvalit\u0101tes 2 tonnu divk\u0101r\u0161as darb\u012bbas hidraulisk\u0101 cilindra lauksaimniec\u012bbas tehnikas hidraulisko cilindru sniega arklam var piel\u0101got da\u017e\u0101diem sniega arklu un lauksaimniec\u012bbas tehnikas veidiem, nodro\u0161inot, ka tas atbilst katra klienta \u012bpa\u0161aj\u0101m vajadz\u012bb\u0101m.<\/p>\n<ul>\n<li style=\"list-style-type: none;\">\n<ul>\n<li><strong>Izmaksu zi\u0146\u0101 efekt\u012bvs:<\/strong> Regul\u0113jami skavu tipa cilindri ir izmaksu zi\u0146\u0101 efekt\u012bvs risin\u0101jums da\u017e\u0101diem r\u016bpnieciskiem pielietojumiem, tostarp lauksaimniec\u012bbas tehnikai. Tie pied\u0101v\u0101 augstu veiktsp\u0113jas un iztur\u012bbas pak\u0101pi, padarot tos par uzticamu un ilgsto\u0161u ieguld\u012bjumu uz\u0146\u0113mumiem.<\/li>\n<\/ul>\n<\/li>\n<\/ul>\n<p>Augstas kvalit\u0101tes 2 tonnu divk\u0101r\u0161as darb\u012bbas hidraulisk\u0101 cilindra lauksaimniec\u012bbas tehnikas hidrauliskais cilindrs sniega arklam ir rentabla iesp\u0113ja, kas pied\u0101v\u0101 izcilu veiktsp\u0113ju, iztur\u012bbu un efektivit\u0101ti.<\/p>\n<h3>Par FMP<\/h3>\n<p>FMP ir uz\u0146\u0113mums, kas specializ\u0113jas celtniec\u012bbas tehnikas deta\u013cu un pilnu iek\u0101rtu p\u0101rdo\u0161an\u0101 un apkalpo\u0161an\u0101. Ar daudzu gadu pieredzi nozar\u0113 un profesion\u0101lu komandu m\u0113s nodro\u0161in\u0101m klientus ar augstas kvalit\u0101tes un uzticam\u0101m celtniec\u012bbas tehnikas deta\u013c\u0101m un pilniem iek\u0101rtu risin\u0101jumiem. M\u016bsu produktu kl\u0101sts ir pla\u0161s un ietver da\u017e\u0101da veida celtniec\u012bbas tehniku, piem\u0113ram, lauksaimniec\u012bbas tehnikas p\u0101rnesumk\u0101rbas, hidrauliskos cilindrus, planet\u0101r\u0101s p\u0101rnesumk\u0101rbas, r\u016bpniecisk\u0101s p\u0101rnesumk\u0101rbas, lauksaimniec\u012bbas tehnikas deta\u013cas un virkni augst\u0101k\u0101 l\u012bme\u0146a piederumu, kas tiem atbilst.<\/p>\n<h3>Hidrauliskie cilindri<\/h3>\n<p>M\u016bsu hidrauliskie cilindri ir viens no m\u016bsu FMP vado\u0161ajiem produktiem. \u0160eit ir 5 iemesli, k\u0101p\u0113c m\u016bsu hidrauliskie cilindri izce\u013cas starp konkurentiem:<\/p>\n<ol>\n<li><strong>Augstas kvalit\u0101tes materi\u0101li:<\/strong> M\u016bsu hidrauliskie cilindri ir izgatavoti no augstas kvalit\u0101tes materi\u0101liem, lai nodro\u0161in\u0101tu iztur\u012bbu un ilgm\u016b\u017e\u012bbu. M\u0113s ieg\u016bstam materi\u0101lus tikai no uzticamiem pieg\u0101d\u0101t\u0101jiem, kas atbilst m\u016bsu stingrajiem kvalit\u0101tes standartiem.<\/li>\n<li><strong>Piel\u0101gojams:<\/strong> M\u0113s pied\u0101v\u0101jam piel\u0101gojamus hidrauliskos cilindrus, lai apmierin\u0101tu m\u016bsu klientu \u012bpa\u0161\u0101s vajadz\u012bbas. Piem\u0113ram, m\u016bsu regul\u0113jamo skavu tipa cilindru var piel\u0101got da\u017e\u0101diem pielietojumiem.<\/li>\n<li><strong>Ekspert\u012bze:<\/strong> FMP mums ir pieredz\u0113jusi un prasm\u012bga p\u0101rdo\u0161anas komanda, kas p\u0101rzina b\u016bvniec\u012bbas tehnikas nozares att\u012bst\u012bbas tendences un klientu vajadz\u012bbas. Vi\u0146i var sniegt profesion\u0101las produktu konsult\u0101cijas un p\u0101rdom\u0101tus pirk\u0161anas ieteikumus.<\/li>\n<li><strong>Efekt\u012bva lo\u0123istika:<\/strong> Mums ir efekt\u012bva lo\u0123istikas izplat\u012b\u0161anas sist\u0113ma, lai nodro\u0161in\u0101tu, ka klienti savlaic\u012bgi un prec\u012bzi sa\u0146em nepiecie\u0161am\u0101s deta\u013cas. M\u0113s saprotam, ka laiks ir nauda, \u200b\u200bun cen\u0161amies samazin\u0101t klientu d\u012bkst\u0101ves laiku.<\/li>\n<li><strong>Uzticam\u012bba:<\/strong> M\u016bsu hidrauliskie cilindri ir izstr\u0101d\u0101ti t\u0101, lai tie b\u016btu uzticami un kalpotu ilgi. M\u0113s lepojamies ar to, ka saviem klientiem pied\u0101v\u0101jam produktus, uz kuriem vi\u0146i var pa\u013cauties.<\/li>\n<\/ol>\n<p>Izv\u0113lieties FMP sav\u0101m celtniec\u012bbas tehnikas vajadz\u012bb\u0101m un izbaudiet kvalit\u0101tes un servisa at\u0161\u0137ir\u012bbu. Sazinieties ar mums jau \u0161odien, lai uzzin\u0101tu vair\u0101k par m\u016bsu produktiem un pakalpojumiem.<\/p>\n<p><img decoding=\"async\" src=\"https:\/\/fmp-components.com\/wp-content\/uploads\/2024\/12\/Adjustable-Clevis-Type-Cylinders-6.webp\" alt=\"Regul\u0113jams skavu tipa cilindrs\" width=\"800\" title=\"\"><\/p>\n<h2>Bie\u017ei uzdotie jaut\u0101jumi<\/h2>\n<h3>J: Cik ilgs ir pieg\u0101des laiks?<\/h3>\n<p>A: Parasti pieg\u0101des laiks ir 25\u201335 dienas.<\/p>\n<h3>J: Vai j\u016bs sniedzat paraugus?<\/h3>\n<p>A: J\u0101, m\u0113s pied\u0101v\u0101jam paraugus, bet tie nav bez maksas.<\/p>\n<h3>J: Vai j\u016bs varat ra\u017eot atbilsto\u0161i paraugiem?<\/h3>\n<p>A: J\u0101, m\u0113s varam ra\u017eot produktus p\u0113c j\u016bsu paraugiem vai tehniskajiem ras\u0113jumiem. M\u0113s varam izgatavot veidnes un armat\u016bru.<\/p>\n<p><img decoding=\"async\" src=\"https:\/\/hzpt.com\/wp-content\/uploads\/2023\/11\/Snow-Plow-Hydraulic-Cylinder-4Factory.webp\" alt=\"Sniega arkla hidraulisko cilindru r\u016bpn\u012bca\" title=\"\"><\/p>\n<p>Autors: CX<\/p>","protected":false},"excerpt":{"rendered":"<p>High Quality 2 Ton Double Acting Hydraulic Cylinder Agricultural Machinery Hydraulic Cylinder for Snow PlowThe High Quality 2 Ton Double Acting Hydraulic Cylinder Agricultural Machinery Hydraulic Cylinder for Snow Plow is a top-notch product that is designed to provide exceptional performance and durability. With its advanced hydraulic system, this cylinder ensures efficient and reliable operation, [&hellip;]<\/p>","protected":false},"featured_media":1445,"comment_status":"closed","ping_status":"closed","template":"","meta":{"_et_pb_use_builder":"","_et_pb_old_content":"","_et_gb_content_width":""},"product_brand":[],"product_cat":[42],"product_tag":[34,44],"class_list":{"0":"post-1444","1":"product","2":"type-product","3":"status-publish","4":"has-post-thumbnail","6":"product_cat-snow-plow-hydraulic-cylinder","7":"product_tag-hydraulic-cylinder","8":"product_tag-snow-plow-hydraulic-cylinder","10":"first","11":"instock","12":"product-type-simple"},"_links":{"self":[{"href":"https:\/\/fmp-components.com\/lv\/wp-json\/wp\/v2\/product\/1444","targetHints":{"allow":["GET"]}}],"collection":[{"href":"https:\/\/fmp-components.com\/lv\/wp-json\/wp\/v2\/product"}],"about":[{"href":"https:\/\/fmp-components.com\/lv\/wp-json\/wp\/v2\/types\/product"}],"replies":[{"embeddable":true,"href":"https:\/\/fmp-components.com\/lv\/wp-json\/wp\/v2\/comments?post=1444"}],"wp:featuredmedia":[{"embeddable":true,"href":"https:\/\/fmp-components.com\/lv\/wp-json\/wp\/v2\/media\/1445"}],"wp:attachment":[{"href":"https:\/\/fmp-components.com\/lv\/wp-json\/wp\/v2\/media?parent=1444"}],"wp:term":[{"taxonomy":"product_brand","embeddable":true,"href":"https:\/\/fmp-components.com\/lv\/wp-json\/wp\/v2\/product_brand?post=1444"},{"taxonomy":"product_cat","embeddable":true,"href":"https:\/\/fmp-components.com\/lv\/wp-json\/wp\/v2\/product_cat?post=1444"},{"taxonomy":"product_tag","embeddable":true,"href":"https:\/\/fmp-components.com\/lv\/wp-json\/wp\/v2\/product_tag?post=1444"}],"curies":[{"name":"wp","href":"https:\/\/api.w.org\/{rel}","templated":true}]}}