{"id":1391,"date":"2024-12-23T02:19:41","date_gmt":"2024-12-23T02:19:41","guid":{"rendered":"https:\/\/fmp-components.com\/product\/china-factory-supply-custom-hydraulic-cylinder-double-acting-mini-hydraulic-cylinders\/"},"modified":"2024-12-23T08:50:06","modified_gmt":"2024-12-23T08:50:06","slug":"italy-factory-supply-custom-hydraulic-cylinder-double-acting-mini-hydraulic-cylinders","status":"publish","type":"product","link":"https:\/\/fmp-components.com\/lv\/product\/italy-factory-supply-custom-hydraulic-cylinder-double-acting-mini-hydraulic-cylinders\/","title":{"rendered":"It\u0101lijas r\u016bpn\u012bcas pieg\u0101des piel\u0101gots hidrauliskais cilindrs ar dubultu darb\u012bbu mini hidrauliskie cilindri"},"content":{"rendered":"<h2>It\u0101lijas r\u016bpn\u012bcas pieg\u0101des piel\u0101gots hidrauliskais cilindrs ar dubultu darb\u012bbu mini hidrauliskie cilindri<\/h2>\n<p>It\u0101lijas r\u016bpn\u012bcas pieg\u0101d\u0101tie piel\u0101gotie hidrauliskie cilindri. Divk\u0101r\u0161as darb\u012bbas mini hidrauliskie cilindri ir ide\u0101ls risin\u0101jums maza m\u0113roga hidraulisk\u0101m lietojumprogramm\u0101m. \u0160ie kompaktie cilindri ir paredz\u0113ti, lai nodro\u0161in\u0101tu lielu sp\u0113ku neliel\u0101 iepakojum\u0101, padarot tos ide\u0101li piem\u0113rotus lieto\u0161anai \u0161aur\u0101s telp\u0101s.<\/p>\n<p>\u0160ie hidrauliskie cilindri ir izgatavoti no augstas kvalit\u0101tes materi\u0101liem un ir rad\u012bti ilgam kalpo\u0161anas laikam. Divk\u0101r\u0161\u0101s darb\u012bbas konstrukcija \u013cauj prec\u012bzi kontrol\u0113t cilindra kust\u012bbu, savuk\u0101rt piel\u0101got\u0101 konstrukcija nodro\u0161ina, ka cilindrs lieliski atbild\u012bs j\u016bsu konkr\u0113tajam pielietojumam.<\/p>\n<p>Ar pla\u0161u izm\u0113ru un iesp\u0113ju kl\u0101stu, It\u0101lijas r\u016bpn\u012bcas pieg\u0101d\u0101tie piel\u0101gotie hidrauliskie cilindri ar dubultu darb\u012bbu ir ide\u0101la izv\u0113le jebkuram maza m\u0113roga hidrauliskajam projektam. Neatkar\u012bgi no t\u0101, vai jums ir nepiecie\u0161ams jaud\u012bgs cilindrs smagu kravu cel\u0161anai vai prec\u012bzs cilindrs delik\u0101t\u0101m iek\u0101rt\u0101m, \u0161ie cilindri noteikti atbild\u012bs j\u016bsu vajadz\u012bb\u0101m.<\/p>\n<p><img loading=\"lazy\" decoding=\"async\" class=\"alignnone size-full wp-image-1334\" src=\"https:\/\/fmp-components.com\/wp-content\/uploads\/2024\/12\/Adjustable-Clevis-Type-Cylinders-4.webp\" alt=\"Regul\u0113jami skavu tipa cilindri\" width=\"800\" height=\"800\" title=\"\" srcset=\"https:\/\/fmp-components.com\/wp-content\/uploads\/2024\/12\/Adjustable-Clevis-Type-Cylinders-4.webp 800w, https:\/\/fmp-components.com\/wp-content\/uploads\/2024\/12\/Adjustable-Clevis-Type-Cylinders-4-480x480.webp 480w\" sizes=\"(min-width: 0px) and (max-width: 480px) 480px, (min-width: 481px) 800px, 100vw\" \/><\/p>\n<p>Invest in Italy r\u016bpn\u012bcas pieg\u0101des piel\u0101goti hidrauliskie cilindri \u2014 divk\u0101r\u0161as darb\u012bbas mini hidrauliskie cilindri, kas nodro\u0161ina uzticamu, augstas veiktsp\u0113jas hidraulisko jaudu kompakt\u0101 iepakojum\u0101.<\/p>\n<p>Iepaz\u012bstin\u0101m ar m\u016bsu jauno hidraulisko cilindru l\u012bniju tie\u0161i no m\u016bsu modern\u0101k\u0101s r\u016bpn\u012bcas It\u0101lij\u0101. \u0160ie piel\u0101gotie divk\u0101r\u0161\u0101s darb\u012bbas mini hidrauliskie cilindri ir ide\u0101li piem\u0113roti pla\u0161am nozaru kl\u0101stam, tostarp ma\u0161\u012bnb\u016bves remonta darbn\u012bc\u0101m, lauksaimniec\u012bbas tehnikai, ener\u0123\u0113tikas un kalnr\u016bpniec\u012bbas nozarei, ma\u0161\u012bnb\u016bves nozarei un cit\u0101m nozar\u0113m. Ar gada garantiju, galvenaj\u0101m sast\u0101vda\u013c\u0101m, kas sast\u0101v no gult\u0146iem un pa\u0161a hidraulisk\u0101 cilindra, un 30 kg svaru \u0161ie cilindri ir izstr\u0101d\u0101ti t\u0101, lai b\u016btu iztur\u012bgi, uzticami un ilgm\u016b\u017e\u012bgi.<\/p>\n<h2>Regul\u0113jamu skavu tipa cilindru priek\u0161roc\u012bbas<\/h2>\n<p>Regul\u0113jami skavas tipa cilindri ir popul\u0101ra izv\u0113le hidraulisk\u0101s jaudas p\u0101rvades jom\u0101. \u0160iem cilindriem ir pla\u0161s priek\u0161roc\u012bbu kl\u0101sts, kas padara tos par ide\u0101lu izv\u0113li da\u017e\u0101diem pielietojumiem. \u0160aj\u0101 rakst\u0101 m\u0113s padzi\u013cin\u0101ti izp\u0113t\u012bsim regul\u0113jamu skavas tipa cilindru priek\u0161roc\u012bbas.<\/p>\n<h3>1. Daudzpus\u012bba<\/h3>\n<p>Viena no regul\u0113jamu skavu tipa cilindru galvenaj\u0101m priek\u0161roc\u012bb\u0101m ir to daudzpus\u012bba. \u0160os cilindrus var piel\u0101got pla\u0161am pielietojumu kl\u0101stam, padarot tos par iecien\u012btu izv\u0113li da\u017e\u0101d\u0101s nozar\u0113s. S\u0101kot no lieljaudas celtniec\u012bbas tehnikas l\u012bdz maza m\u0113roga ra\u017eo\u0161anas iek\u0101rt\u0101m, regul\u0113jamus skavu tipa cilindrus var piel\u0101got jebkura projekta \u012bpa\u0161aj\u0101m vajadz\u012bb\u0101m.<\/p>\n<h3>2. Paaugstin\u0101ta efektivit\u0101te<\/h3>\n<p>V\u0113l viena regul\u0113jamu skavu tipa cilindru b\u016btiska priek\u0161roc\u012bba ir to sp\u0113ja palielin\u0101t efektivit\u0101ti. \u0160ie cilindri ir izstr\u0101d\u0101ti, lai nodro\u0161in\u0101tu augstu sp\u0113ka un jaudas l\u012bmeni, vienlaikus maksim\u0101li palielinot energoefektivit\u0101ti. Tas noz\u012bm\u0113, ka tie var pal\u012bdz\u0113t samazin\u0101t kop\u0113jo ener\u0123ijas pat\u0113ri\u0146u, kas laika gait\u0101 var rad\u012bt iev\u0113rojamus izmaksu ietaup\u012bjumus.<\/p>\n<h3>3. Uzlabota dro\u0161\u012bba<\/h3>\n<p>Regul\u0113jami skavu tipa cilindri ir izstr\u0101d\u0101ti ar\u012b, \u0146emot v\u0113r\u0101 dro\u0161\u012bbu. \u0160ie cilindri ir apr\u012bkoti ar da\u017e\u0101d\u0101m dro\u0161\u012bbas funkcij\u0101m, piem\u0113ram, spiediena samazin\u0101\u0161anas v\u0101rstiem un p\u0101rslodzes aizsardz\u012bbas sist\u0113m\u0101m, kas pal\u012bdz nov\u0113rst negad\u012bjumus un traumas. Tas padara tos par popul\u0101ru izv\u0113li nozar\u0113s, kur\u0101s dro\u0161\u012bba ir galven\u0101 priorit\u0101te, piem\u0113ram, ra\u017eo\u0161an\u0101 un b\u016bvniec\u012bb\u0101.<\/p>\n<h3>4. Iztur\u012bba<\/h3>\n<p>V\u0113l viena regul\u0113jamu skavu tipa cilindru b\u016btiska priek\u0161roc\u012bba ir to iztur\u012bba. \u0160ie cilindri ir konstru\u0113ti t\u0101, lai iztur\u0113tu pat vissmag\u0101kos darba apst\u0101k\u013cus, un ir paredz\u0113ti kalpo\u0161anai daudzus gadus ar minim\u0101lu apkopi. Tas padara tos par rentablu izv\u0113li ilgtermi\u0146\u0101, jo tiem nepiecie\u0161ams ret\u0101ks remonts un nomai\u0146a nek\u0101 citiem hidraulisko cilindru veidiem.<\/p>\n<h3>5. Piel\u0101gojam\u012bba<\/h3>\n<p>Visbeidzot, regul\u0113jamie skavu tipa cilindri ir \u013coti piel\u0101gojami. Tos var konstru\u0113t t\u0101, lai tie atbilstu pla\u0161am specifik\u0101ciju un pras\u012bbu kl\u0101stam, tostarp izm\u0113ram, formai un veiktsp\u0113jai. Tas padara tos par ide\u0101lu izv\u0113li projektiem, kuros standarta hidrauliskie cilindri var neb\u016bt piem\u0113roti, piem\u0113ram, piel\u0101got\u0101m ma\u0161\u012bn\u0101m un iek\u0101rt\u0101m.<\/p>\n<p>Nosl\u0113gum\u0101 j\u0101secina, ka regul\u0113jamie skavu tipa cilindri pied\u0101v\u0101 pla\u0161u priek\u0161roc\u012bbu kl\u0101stu, kas padara tos par popul\u0101ru izv\u0113li hidraulisk\u0101s jaudas p\u0101rvades pasaul\u0113. S\u0101kot ar paaugstin\u0101tu efektivit\u0101ti un uzlabotu dro\u0161\u012bbu un beidzot ar daudzpus\u012bbu un piel\u0101gojam\u012bbu, \u0161ie cilindri var pied\u0101v\u0101t pla\u0161am pielietojumu kl\u0101stam. Ja jums ir nepiecie\u0161ami augstas kvalit\u0101tes hidrauliskie cilindri, It\u0101lijas r\u016bpn\u012bcas pieg\u0101d\u0101to piel\u0101goto hidraulisko cilindru divk\u0101r\u0161as darb\u012bbas mini hidrauliskie cilindri ir lieliska izv\u0113le, ko apsv\u0113rt!<img decoding=\"async\" src=\"https:\/\/fmp-components.com\/wp-content\/uploads\/2024\/12\/Adjustable-Clevis-Type-Cylinders5.webp\" alt=\"Regul\u0113jams skavu tipa cilindrs\" width=\"800\" title=\"\"><\/p>\n<h2>Regul\u0113jamu skavu tipa cilindru pielietojums<\/h2>\n<p>Regul\u0113jami skavu tipa cilindri, kas paz\u012bstami ar\u012b k\u0101 piel\u0101goti hidrauliskie cilindri vai divk\u0101r\u0161as darb\u012bbas mini hidrauliskie cilindri, ir b\u016btiskas sast\u0101vda\u013cas da\u017e\u0101d\u0101s nozar\u0113s, pateicoties to daudzpus\u012bbai un efektivit\u0101tei. \u0160ie cilindri pied\u0101v\u0101 pla\u0161u pielietojumu un priek\u0161roc\u012bbu kl\u0101stu, padarot tos \u013coti piepras\u012btus tirg\u016b. \u0160aj\u0101 rakst\u0101 m\u0113s izp\u0113t\u012bsim da\u017eus no regul\u0113jamo skavu tipa cilindru galvenajiem pielietojumiem un iedzi\u013cin\u0101simies to detaliz\u0113tajos aprakstos.<\/p>\n<h3>1. R\u016bpniecisk\u0101 automatiz\u0101cija<\/h3>\n<p>R\u016bpniecisk\u0101s automatiz\u0101cijas jom\u0101 regul\u0113jamiem skavu tipa cilindriem ir iz\u0161\u0137iro\u0161a noz\u012bme produktivit\u0101tes uzlabo\u0161an\u0101 un darb\u012bbu racionaliz\u0113\u0161an\u0101. \u0160os cilindrus bie\u017ei izmanto robotu sist\u0113m\u0101s, kur nepiecie\u0161amas prec\u012bzas un kontrol\u0113tas kust\u012bbas. Pateicoties sp\u0113jai nodro\u0161in\u0101t regul\u0113jamu g\u0101jiena garumu un prec\u012bzu pozicion\u0113\u0161anu, tie \u013cauj robotiem veikt sare\u017e\u0123\u012btus uzdevumus ar precizit\u0101ti un efektivit\u0101ti. Italy Factory Supply Custom Hydraulic Cylinder ir cien\u012bjams regul\u0113jamu skavu tipa cilindru pieg\u0101d\u0101t\u0101js, kas pied\u0101v\u0101 augstas kvalit\u0101tes risin\u0101jumus, kas atbilst r\u016bpniecisk\u0101s automatiz\u0101cijas pras\u012bb\u0101m.<\/p>\n<h3>2. Materi\u0101lu apstr\u0101de<\/h3>\n<p>Regul\u0113jami skavu tipa cilindri tiek pla\u0161i izmantoti materi\u0101lu apstr\u0101des iek\u0101rt\u0101s, piem\u0113ram, iekr\u0101v\u0113jos, celt\u0146os un konveijeros. \u0160ie cilindri nodro\u0161ina vienm\u0113r\u012bgu smagu kravu pacel\u0161anu, nolai\u0161anu un pozicion\u0113\u0161anu, nodro\u0161inot dro\u0161u un efekt\u012bvu materi\u0101lu transport\u0113\u0161anu. Divk\u0101r\u0161\u0101s darb\u012bbas funkcija \u013cauj veikt gan stum\u0161anas, gan vilk\u0161anas darb\u012bbas, nodro\u0161inot daudzpus\u012bbu da\u017e\u0101dos materi\u0101lu apstr\u0101des pielietojumos. It\u0101lijas r\u016bpn\u012bcas pieg\u0101des piel\u0101gotie hidrauliskie cilindri pied\u0101v\u0101 pla\u0161u piel\u0101gotu hidraulisko cilindru kl\u0101stu, kas piel\u0101goti konkr\u0113t\u0101m materi\u0101lu apstr\u0101des pras\u012bb\u0101m.<\/p>\n<h3>3. Celtniec\u012bbas tehnika<\/h3>\n<p>Celtniec\u012bbas tehnika liel\u0101 m\u0113r\u0101 pa\u013caujas uz regul\u0113jamiem skavu tipa cilindriem to iztur\u012bbas un piel\u0101gojam\u012bbas d\u0113\u013c. \u0160ie cilindri parasti ir atrodami ekskavatoros, iekr\u0101v\u0113jos un buldozeros, kur tie nodro\u0161ina nepiecie\u0161amo sp\u0113ku un precizit\u0101ti smagu materi\u0101lu rak\u0161anai, cel\u0161anai un stum\u0161anai. To iztur\u012bba un sp\u0113ja iztur\u0113t skarbus darba apst\u0101k\u013cus padara tos ide\u0101li piem\u0113rotus pras\u012bg\u0101m b\u016bvlaukumu pras\u012bb\u0101m. It\u0101lijas r\u016bpn\u012bcas pieg\u0101d\u0101to piel\u0101goto hidraulisko cilindru divk\u0101r\u0161as darb\u012bbas mini hidrauliskie cilindri pied\u0101v\u0101 uzticamus risin\u0101jumus, kas atbilst stingrajiem b\u016bvniec\u012bbas nozares standartiem.<\/p>\n<h3>4. Lauksaimniec\u012bbas tehnika<\/h3>\n<p>Lauksaimniec\u012bbas nozare g\u016bst lielu labumu no regul\u0113jamu skavu tipa cilindru izmanto\u0161anas. \u0160ie cilindri tiek izmantoti da\u017e\u0101d\u0101s lauksaimniec\u012bbas tehnik\u0101, tostarp traktoros, kombainos un smidzin\u0101t\u0101jos. Tie atvieglo t\u0101dus svar\u012bgus uzdevumus k\u0101 ar\u0161ana, st\u0101d\u012b\u0161ana un ra\u017eas nov\u0101k\u0161ana, nodro\u0161inot nepiecie\u0161amo jaudu un kontroli. Sp\u0113ja regul\u0113t g\u0101jiena garumu un optimiz\u0113t veiktsp\u0113ju nodro\u0161ina efekt\u012bvu darb\u012bbu da\u017e\u0101d\u0101s lauksaimniec\u012bbas vid\u0113s. Italy Factory Supply Custom Hydraulic Cylinder specializ\u0113jas piel\u0101gotu hidraulisko cilindru ra\u017eo\u0161an\u0101 lauksaimniec\u012bbas tehnikai, nodro\u0161inot uzticamus risin\u0101jumus produktivit\u0101tes uzlabo\u0161anai.<\/p>\n<h3>5. Mobilais apr\u012bkojums<\/h3>\n<p>Regul\u0113jami skavu tipa cilindri tiek pla\u0161i izmantoti mobilaj\u0101 apr\u012bkojum\u0101, piem\u0113ram, pac\u0113l\u0101jos, \u0161\u0137\u0113rveida pac\u0113l\u0101jos un piek\u013cuves platform\u0101s. \u0160ie cilindri nodro\u0161ina vienm\u0113r\u012bgu un prec\u012bzu kust\u012bbu, garant\u0113jot operatora dro\u0161\u012bbu un efektivit\u0101ti. Pateicoties to kompaktajam dizainam un augstajai nestsp\u0113jai, tie ir labi piem\u0113roti mobil\u0101m lietojumprogramm\u0101m, kur ir ierobe\u017eota telpa. It\u0101lijas r\u016bpn\u012bcas pieg\u0101d\u0101tie piel\u0101gotie hidrauliskie cilindri ar dubultu darb\u012bbu mini hidrauliskie cilindri nodro\u0161ina piel\u0101gotus risin\u0101jumus da\u017e\u0101d\u0101m mobil\u0101 apr\u012bkojuma pras\u012bb\u0101m, atbilstot augst\u0101kajiem veiktsp\u0113jas un uzticam\u012bbas standartiem.<\/p>\n<p>Nosl\u0113gum\u0101 j\u0101secina, ka regul\u0113jamiem skavas tipa cilindriem ir pla\u0161s pielietojumu kl\u0101sts da\u017e\u0101d\u0101s nozar\u0113s. To daudzpus\u012bba, precizit\u0101te un iztur\u012bba padara tos par neaizst\u0101jam\u0101m sast\u0101vda\u013c\u0101m r\u016bpnieciskaj\u0101 automatiz\u0101cij\u0101, materi\u0101lu apstr\u0101d\u0113, celtniec\u012bbas ma\u0161\u012bn\u0101s, lauksaimniec\u012bbas iek\u0101rt\u0101s un mobilaj\u0101 apr\u012bkojum\u0101. Italy Factory Supply Custom Hydraulic Cylinder pied\u0101v\u0101 pla\u0161u piel\u0101gotu hidraulisko cilindru kl\u0101stu, tostarp divk\u0101r\u0161as darb\u012bbas mini hidrauliskos cilindrus, lai apmierin\u0101tu \u0161o nozaru \u012bpa\u0161\u0101s vajadz\u012bbas. Izmantojot regul\u0113jamo skavas tipa cilindru priek\u0161roc\u012bbas, uz\u0146\u0113mumi var uzlabot savu darb\u012bbu, uzlabot produktivit\u0101ti un sasniegt liel\u0101ku efektivit\u0101ti.<\/p>\n<p><img decoding=\"async\" src=\"https:\/\/fmp-components.com\/wp-content\/uploads\/2024\/12\/Application-of-Adjustable-Clevis-Type-Cylinders.webp\" alt=\"Regul\u0113jams skavu tipa cilindrs\" width=\"800\" title=\"\"><\/p>\n<h3>Par FMP \u2013 hidraulisko cilindru<\/h3>\n<p>Uz\u0146\u0113mum\u0101 FMP m\u0113s specializ\u0113jamies augstas kvalit\u0101tes celtniec\u012bbas tehnikas deta\u013cu un nokomplekt\u0113tu iek\u0101rtu p\u0101rdo\u0161an\u0101 un apkalpo\u0161an\u0101. M\u016bsu hidrauliskais cilindrs ir viens no m\u016bsu popul\u0101r\u0101kajiem produktiem, un tam ir labs iemesls. \u0160eit ir pieci iemesli, k\u0101p\u0113c FMP hidrauliskais cilindrs ir lab\u0101k\u0101 izv\u0113le j\u016bsu celtniec\u012bbas tehnikas vajadz\u012bb\u0101m:<\/p>\n<p>1. <strong>Augst\u0101k\u0101s kvalit\u0101tes materi\u0101li<\/strong>M\u016bsu hidrauliskais cilindrs ir izgatavots no iztur\u012bgiem un uzticamiem materi\u0101liem, nodro\u0161inot ilgsto\u0161u darb\u012bbu un minim\u0101las apkopes pras\u012bbas.<\/p>\n<p>2. <strong>Piel\u0101gojamas opcijas<\/strong>M\u0113s pied\u0101v\u0101jam regul\u0113jamus skavu tipa cilindrus, k\u0101 ar\u012b citas piel\u0101gojamas iesp\u0113jas, lai apmierin\u0101tu j\u016bsu \u012bpa\u0161\u0101s vajadz\u012bbas. Pateicoties m\u016bsu pieredzei celtniec\u012bbas tehnikas deta\u013cu jom\u0101, m\u0113s varam sadarboties ar jums, lai atrastu lab\u0101ko risin\u0101jumu j\u016bsu apr\u012bkojumam.<\/p>\n<p>3. <strong>Ekspertu komanda<\/strong>M\u016bsu pieredz\u0113ju\u0161\u0101 un prasm\u012bg\u0101 p\u0101rdo\u0161anas komanda p\u0101rzina jaun\u0101k\u0101s nozares tendences un klientu vajadz\u012bbas b\u016bvniec\u012bbas tehnikas nozar\u0113. Vi\u0146i var sniegt profesion\u0101las produktu konsult\u0101cijas un p\u0101rdom\u0101tus pirk\u0161anas ieteikumus, lai pal\u012bdz\u0113tu jums pie\u0146emt vislab\u0101ko l\u0113mumu j\u016bsu uz\u0146\u0113mumam.<\/p>\n<p>4. <strong>Efekt\u012bva lo\u0123istika<\/strong>Mums ir efekt\u012bva lo\u0123istikas izplat\u012b\u0161anas sist\u0113ma, lai nodro\u0161in\u0101tu, ka klienti savlaic\u012bgi un prec\u012bzi sa\u0146em nepiecie\u0161am\u0101s deta\u013cas. Tas noz\u012bm\u0113 minim\u0101lu d\u012bkst\u0101vi j\u016bsu celtniec\u012bbas tehnikai un netrauc\u0113tu j\u016bsu uz\u0146\u0113muma darb\u012bbu.<\/p>\n<p>5. <strong>Stingra kvalit\u0101tes kontrole<\/strong>M\u0113s veidojam ilgtermi\u0146a un stabilas sadarb\u012bbas attiec\u012bbas ar daudziem augstas kvalit\u0101tes pieg\u0101d\u0101t\u0101jiem gan m\u0101j\u0101s, gan \u0101rzem\u0113s, nodro\u0161inot, ka visas pieg\u0101d\u0101t\u0101s deta\u013cas, tostarp m\u016bsu hidrauliskais cilindrs, atbilst stingriem kvalit\u0101tes standartiem.<\/p>\n<p>Izmantojot FMP hidraulisko cilindru, j\u016bs varat b\u016bt p\u0101rliecin\u0101ti par savu celtniec\u012bbas ma\u0161\u012bnu kvalit\u0101ti un uzticam\u012bbu. Sazinieties ar mums jau \u0161odien, lai uzzin\u0101tu vair\u0101k par m\u016bsu produktiem un to, k\u0101 m\u0113s varam pal\u012bdz\u0113t jums atrast lab\u0101kos risin\u0101jumus j\u016bsu uz\u0146\u0113muma vajadz\u012bb\u0101m.<\/p>\n<p><img decoding=\"async\" src=\"https:\/\/fmp-components.com\/wp-content\/uploads\/2024\/12\/Adjustable-Clevis-Type-Cylinders-6.webp\" alt=\"Regul\u0113jams skavu tipa cilindrs\" width=\"853\" title=\"\"><\/p>\n<h2>Bie\u017ei uzdotie jaut\u0101jumi<\/h2>\n<p><b>J: K\u0101ds ir j\u016bsu hidraulisko cilindru pieg\u0101des laiks?<\/b><\/p>\n<p>A: M\u016bsu hidraulisko cilindru standarta pieg\u0101des laiks ir 25\u201335 dienas.<\/p>\n<p><b>J: Vai j\u016bs pied\u0101v\u0101jat savu hidraulisko cilindru paraugus?<\/b><\/p>\n<p>A: J\u0101, m\u0113s pied\u0101v\u0101jam m\u016bsu hidraulisko cilindru paraugus, ta\u010du tie nav bez maksas.<\/p>\n<p><b>J: Vai es varu piel\u0101got savus hidrauliskos cilindrus atbilsto\u0161i sav\u0101m vajadz\u012bb\u0101m?<\/b><\/p>\n<p>A: Piln\u012bgi noteikti! M\u0113s pied\u0101v\u0101jam pla\u0161as piel\u0101go\u0161anas iesp\u0113jas m\u016bsu hidrauliskajiem cilindriem. J\u016bs varat nor\u0101d\u012bt savas pras\u012bbas attiec\u012bb\u0101 uz urbuma izm\u0113ru, g\u0101jiena garumu, spiediena pak\u0101pi, kravnes\u012bbu un citiem faktoriem.<\/p>\n<p><img decoding=\"async\" src=\"https:\/\/img.jiansujichilun.com\/img\/hydrauliccylinders\/C_hydrauliccylinders-5.webp\" alt=\"hidrauliskais cilindrs\" width=\"800\" title=\"\"><\/p>\n<p>Autors: CX<\/p>","protected":false},"excerpt":{"rendered":"<p>Italy Factory Supply Custom Hydraulic Cylinder Double Acting Mini Hydraulic Cylinders Italy Factory Supply Custom Hydraulic Cylinder Double Acting Mini Hydraulic Cylinders are the perfect solution for small scale hydraulic applications. These compact cylinders are designed to provide high force in a small package, making them ideal for use in tight spaces. Made from high-quality [&hellip;]<\/p>","protected":false},"featured_media":1340,"comment_status":"closed","ping_status":"closed","template":"","meta":{"_et_pb_use_builder":"","_et_pb_old_content":"","_et_gb_content_width":""},"product_brand":[],"product_cat":[39],"product_tag":[41,34],"class_list":{"0":"post-1391","1":"product","2":"type-product","3":"status-publish","4":"has-post-thumbnail","6":"product_cat-adjustable-clevis-type-cylinders","7":"product_tag-adjustable-clevis-type-cylinders","8":"product_tag-hydraulic-cylinder","10":"first","11":"instock","12":"product-type-simple"},"_links":{"self":[{"href":"https:\/\/fmp-components.com\/lv\/wp-json\/wp\/v2\/product\/1391","targetHints":{"allow":["GET"]}}],"collection":[{"href":"https:\/\/fmp-components.com\/lv\/wp-json\/wp\/v2\/product"}],"about":[{"href":"https:\/\/fmp-components.com\/lv\/wp-json\/wp\/v2\/types\/product"}],"replies":[{"embeddable":true,"href":"https:\/\/fmp-components.com\/lv\/wp-json\/wp\/v2\/comments?post=1391"}],"wp:featuredmedia":[{"embeddable":true,"href":"https:\/\/fmp-components.com\/lv\/wp-json\/wp\/v2\/media\/1340"}],"wp:attachment":[{"href":"https:\/\/fmp-components.com\/lv\/wp-json\/wp\/v2\/media?parent=1391"}],"wp:term":[{"taxonomy":"product_brand","embeddable":true,"href":"https:\/\/fmp-components.com\/lv\/wp-json\/wp\/v2\/product_brand?post=1391"},{"taxonomy":"product_cat","embeddable":true,"href":"https:\/\/fmp-components.com\/lv\/wp-json\/wp\/v2\/product_cat?post=1391"},{"taxonomy":"product_tag","embeddable":true,"href":"https:\/\/fmp-components.com\/lv\/wp-json\/wp\/v2\/product_tag?post=1391"}],"curies":[{"name":"wp","href":"https:\/\/api.w.org\/{rel}","templated":true}]}}