{"id":1390,"date":"2024-12-23T02:19:41","date_gmt":"2024-12-23T02:19:41","guid":{"rendered":"https:\/\/fmp-components.com\/product\/quality-assurance-mini-double-acting-hydraulic-cylinder-for-agriculture\/"},"modified":"2024-12-23T03:02:01","modified_gmt":"2024-12-23T03:02:01","slug":"quality-assurance-mini-double-acting-hydraulic-cylinder-for-agriculture","status":"publish","type":"product","link":"https:\/\/fmp-components.com\/lv\/product\/quality-assurance-mini-double-acting-hydraulic-cylinder-for-agriculture\/","title":{"rendered":"Kvalit\u0101tes nodro\u0161in\u0101\u0161anas mini divk\u0101r\u0161as darb\u012bbas hidrauliskais cilindrs lauksaimniec\u012bbai"},"content":{"rendered":"<h2>Iepaz\u012bstin\u0101m ar kvalit\u0101tes nodro\u0161in\u0101\u0161anas mini divk\u0101r\u0161as darb\u012bbas hidraulisko cilindru lauksaimniec\u012bbai:<\/h2>\n<p>Kvalit\u0101tes nodro\u0161in\u0101\u0161anas mini divk\u0101r\u0161as darb\u012bbas hidrauliskais cilindrs lauksaimniec\u012bbai ir augstas veiktsp\u0113jas produkts, kas \u012bpa\u0161i paredz\u0113ts lauksaimniec\u012bbas vajadz\u012bb\u0101m. \u0160is cilindrs ir izgatavots ar precizit\u0101ti un uzman\u012bbu deta\u013c\u0101m, nodro\u0161inot optim\u0101lu funkcionalit\u0101ti un iztur\u012bbu.<\/p>\n<p>\u0160im hidrauliskajam cilindram ir divk\u0101r\u0161as darb\u012bbas konstrukcija, kas sp\u0113j nodro\u0161in\u0101t jaudu gan izstiep\u0161anas, gan ievilk\u0161anas g\u0101jien\u0101. \u0160\u012b daudzpus\u012bba nodro\u0161ina efekt\u012bvu darb\u012bbu un uzlabotu lauksaimniec\u012bbas tehnikas produktivit\u0101ti.<\/p>\n<p>Koncentr\u0113joties uz kvalit\u0101tes nodro\u0161in\u0101\u0161anu, \u0161is hidrauliskais cilindrs tiek pak\u013cauts stingr\u0101m p\u0101rbaud\u0113m, lai nodro\u0161in\u0101tu, ka t\u0101 veiktsp\u0113ja atbilst augst\u0101kajiem standartiem. Tas ir izstr\u0101d\u0101ts, lai iztur\u0113tu sare\u017e\u0123\u012btus apst\u0101k\u013cus, ar kuriem bie\u017ei saskaras lauksaimniec\u012bbas vid\u0113, piem\u0113ram, lielas slodzes, nep\u0101rtrauktu lieto\u0161anu un skarbu elementu iedarb\u012bbu.<\/p>\n<p><img loading=\"lazy\" decoding=\"async\" class=\"alignnone size-full wp-image-1334\" src=\"https:\/\/fmp-components.com\/wp-content\/uploads\/2024\/12\/Adjustable-Clevis-Type-Cylinders-4.webp\" alt=\"Regul\u0113jami skavu tipa cilindri\" width=\"800\" height=\"800\" title=\"\" srcset=\"https:\/\/fmp-components.com\/wp-content\/uploads\/2024\/12\/Adjustable-Clevis-Type-Cylinders-4.webp 800w, https:\/\/fmp-components.com\/wp-content\/uploads\/2024\/12\/Adjustable-Clevis-Type-Cylinders-4-480x480.webp 480w\" sizes=\"(min-width: 0px) and (max-width: 480px) 480px, (min-width: 481px) 800px, 100vw\" \/><\/p>\n<p>Cilindrs ir izgatavots, izmantojot augst\u0101k\u0101s kvalit\u0101tes materi\u0101lus un progres\u012bvas ra\u017eo\u0161anas metodes, k\u0101 rezult\u0101t\u0101 produkts ir gan uzticams, gan ilgm\u016b\u017e\u012bgs. T\u0101 kompaktais izm\u0113rs \u013cauj to viegli uzst\u0101d\u012bt un integr\u0113t da\u017e\u0101d\u0101s lauksaimniec\u012bbas tehnik\u0101s, uzlabojot kop\u0113jo efektivit\u0101ti un veiktsp\u0113ju.<\/p>\n<p>Kvalit\u0101tes nodro\u0161in\u0101\u0161anas mini divk\u0101r\u0161as darb\u012bbas hidrauliskais cilindrs lauksaimniec\u012bbai ir b\u016btiska lauksaimniec\u012bbas tehnikas sast\u0101vda\u013ca, kas nodro\u0161ina uzticamu jaudu un veiktsp\u0113ju. Pateicoties t\u0101 augst\u0101kajai kvalit\u0101tei un iztur\u012bbai, tas ir v\u0113rt\u012bgs ieguld\u012bjums lauksaimniekiem un lauksaimniec\u012bbas profesion\u0101\u013ciem.<\/p>\n<p>Izv\u0113lieties \u0161o hidraulisko cilindru, lai optimiz\u0113tu sava lauksaimniec\u012bbas tehnikas produktivit\u0101ti un veiktsp\u0113ju. Izbaudiet \u0161\u012b produkta pied\u0101v\u0101to kvalit\u0101tes garantiju un uzticam\u012bbu, nodro\u0161inot vienm\u0113r\u012bgu un efekt\u012bvu darb\u012bbu uz lauka.<\/p>\n<p>Iepaz\u012bstin\u0101m ar m\u016bsu kvalit\u0101tes nodro\u0161in\u0101\u0161anas mini divk\u0101r\u0161as darb\u012bbas hidraulisko cilindru \u2014 ide\u0101lu risin\u0101jumu da\u017e\u0101d\u0101m nozar\u0113m, tostarp ma\u0161\u012bnb\u016bves remonta darbn\u012bc\u0101m, lauksaimniec\u012bbas darbn\u012bc\u0101m, ener\u0123\u0113tikas un ieguves r\u016bpniec\u012bbai, ma\u0161\u012bnb\u016bves ra\u017eo\u0161anai un ma\u0161\u012bnb\u016bves r\u016bpn\u012bc\u0101m. \u0160is jaunais produkts pied\u0101v\u0101 maksim\u0101lo vilces sp\u0113ku 3000 un ir pieejams ar regul\u0113jamu skavu. Ar svaru 47 kg tas ir izgatavots no gult\u0146a un hidraulisk\u0101 cilindra galvenaj\u0101m sast\u0101vda\u013c\u0101m, ar standarta virzu\u013ccilindra konstrukciju, kas tiek darbin\u0101ta hidrauliski, un ir izgatavots no iztur\u012bga t\u0113rauda. Turkl\u0101t tas ir meln\u0101 kr\u0101s\u0101 un sertific\u0113ts ar ISO9001:2000.<\/p>\n<h2>Regul\u0113jamu skavu tipa cilindru priek\u0161roc\u012bbas<\/h2>\n<p>Regul\u0113jami skavas tipa cilindri ir b\u016btiska hidraulisko sist\u0113mu sast\u0101vda\u013ca. Tos izmanto, lai \u0161\u0137idruma jaudu p\u0101rv\u0113rstu line\u0101r\u0101 meh\u0101nisk\u0101 sp\u0113k\u0101. \u0160o cilindru regul\u0113jam\u0101s skavas funkcija \u013cauj lietot\u0101jam piel\u0101got g\u0101jiena garumu, kas padara tos par daudzpus\u012bgu risin\u0101jumu da\u017e\u0101diem pielietojumiem. \u0160aj\u0101 rakst\u0101 m\u0113s apspried\u012bsim regul\u0113jamu skavas tipa cilindru priek\u0161roc\u012bbas.<\/p>\n<h3>1. Daudzpus\u012bba<\/h3>\n<p>Viena no regul\u0113jamu skavu tipa cilindru galvenaj\u0101m priek\u0161roc\u012bb\u0101m ir to daudzpus\u012bba. To regul\u0113jam\u012bba \u013cauj tos izmantot pla\u0161\u0101 pielietojumu kl\u0101st\u0101. \u0160\u0101da veida cilindrus var izmantot da\u017e\u0101d\u0101s sist\u0113m\u0101s, piem\u0113ram, materi\u0101lu apstr\u0101des iek\u0101rt\u0101s, lauksaimniec\u012bb\u0101 un b\u016bvniec\u012bb\u0101. Piem\u0113ram, lauksaimniec\u012bb\u0101 kvalit\u0101tes nodro\u0161in\u0101\u0161anas mini divk\u0101r\u0161as darb\u012bbas hidrauliskais cilindrs lauksaimniec\u012bbai ir ide\u0101li piem\u0113rots da\u017e\u0101d\u0101m lauksaimniec\u012bbas ma\u0161\u012bn\u0101m, piem\u0113ram, kombainiem, s\u0113jma\u0161\u012bn\u0101m un smidzin\u0101t\u0101jiem.<\/p>\n<h3>2. Izmaksu zi\u0146\u0101 efekt\u012bvs<\/h3>\n<p>V\u0113l viena regul\u0113jamu skavu tipa cilindru priek\u0161roc\u012bba ir to izmaksu zi\u0146\u0101 efektivit\u0101te. Sal\u012bdzinot ar cita veida cilindriem, tie ir sal\u012bdzino\u0161i l\u0113t\u0101ki. Tie ir piem\u0113rota izv\u0113le lietojumiem, kuros g\u0101jiena garums nav p\u0101r\u0101k prec\u012bzs. Piem\u0113ram, lauksaimniec\u012bbas tehnik\u0101 regul\u0113jami skavu tipa cilindri ir izmaksu zi\u0146\u0101 efekt\u012bvs risin\u0101jums sal\u012bdzin\u0101jum\u0101 ar cita veida cilindriem.<\/p>\n<h3>3. Viegli uzst\u0101d\u012bt un uztur\u0113t<\/h3>\n<p>Regul\u0113jamus skavu tipa cilindrus ir ar\u012b viegli uzst\u0101d\u012bt un uztur\u0113t. To uzst\u0101d\u012b\u0161anai nav nepiecie\u0161ami specializ\u0113ti instrumenti vai apr\u012bkojums. Tos ir ar\u012b viegli uztur\u0113t, un liel\u0101kajai da\u013cai no tiem ir pievienota rokasgr\u0101mata, kur\u0101 sniegti nor\u0101d\u012bjumi par to apkopi. Regul\u0101ra apkope garant\u0113 cilindra ilgm\u016b\u017e\u012bbu un nodro\u0161ina optim\u0101lu veiktsp\u0113ju.<\/p>\n<h3>4. Augstas kvalit\u0101tes sniegums<\/h3>\n<p>Regul\u0113jami skavu tipa cilindri ir paz\u012bstami ar savu augsto veiktsp\u0113ju. Tie ir izgatavoti, izmantojot augstas kvalit\u0101tes materi\u0101lus, piem\u0113ram, t\u0113raudu, alum\u012bniju un \u010dugunu. Cilindra konstrukcija nodro\u0161ina, ka tas var iztur\u0113t augstspiediena pielietojumus, neapdraudot t\u0101 veiktsp\u0113ju. Piem\u0113ram, Quality Assurance Mini divk\u0101r\u0161as darb\u012bbas hidrauliskais cilindrs lauksaimniec\u012bbai ir paredz\u0113ts, lai iztur\u0113tu skarbos lauksaimniec\u012bbas vides apst\u0101k\u013cus.<\/p>\n<h3>5. Energoefekt\u012bvs<\/h3>\n<p>Savienojuma tipa cilindra regul\u0113jam\u012bba padara to energoefekt\u012bvu. Piel\u0101gojot g\u0101jiena garumu, tiek samazin\u0101ts cilindra darbin\u0101\u0161anai nepiecie\u0161amais \u0161\u0137idruma daudzums, k\u0101 rezult\u0101t\u0101 tiek ietaup\u012bta ener\u0123ija. Tas padara regul\u0113jamus savienojuma tipa cilindrus par piem\u0113rotu risin\u0101jumu lietojumiem, kuriem nepiecie\u0161ama energoefektivit\u0101te.<\/p>\n<p>Nosl\u0113gum\u0101 j\u0101secina, ka regul\u0113jami skavu tipa cilindri ir b\u016btiska hidraulisko sist\u0113mu sast\u0101vda\u013ca. Tie pied\u0101v\u0101 daudzpus\u012bbu, rentabilit\u0101ti, vienk\u0101r\u0161u uzst\u0101d\u012b\u0161anu un apkopi, augstas kvalit\u0101tes veiktsp\u0113ju un energoefektivit\u0101ti. To regul\u0113jam\u012bba padara tos par piem\u0113rotu risin\u0101jumu da\u017e\u0101diem pielietojumiem, tostarp lauksaimniec\u012bb\u0101, b\u016bvniec\u012bb\u0101 un materi\u0101lu apstr\u0101des iek\u0101rt\u0101s.<img decoding=\"async\" src=\"https:\/\/fmp-components.com\/wp-content\/uploads\/2024\/12\/Adjustable-Clevis-Type-Cylinders5.webp\" alt=\"Regul\u0113jams skavu tipa cilindrs\" width=\"800\" title=\"\"><\/p>\n<h2>Regul\u0113jamu skavu tipa cilindru pielietojums<\/h2>\n<p>Regul\u0113jami skavu tipa cilindri ir daudzpus\u012bgi un pla\u0161i izmantoti da\u017e\u0101d\u0101s nozar\u0113s. \u0160eit ir da\u017ei no \u0161o cilindru pielietojumiem:<\/p>\n<ol>\n<li style=\"list-style-type: none;\">\n<ol>\n<li>Kvalit\u0101tes nodro\u0161in\u0101\u0161anas mini divk\u0101r\u0161as darb\u012bbas hidrauliskais cilindrs lauksaimniec\u012bbai<\/li>\n<\/ol>\n<\/li>\n<\/ol>\n<p>Regul\u0113jams skavas tipa cilindrs ir b\u016btiska sast\u0101vda\u013ca lauksaimniec\u012bbas nozar\u0113. Mini divk\u0101r\u0161as darb\u012bbas hidrauliskais cilindrs ir paredz\u0113ts izmanto\u0161anai maz\u0101s lauksaimniec\u012bbas ma\u0161\u012bn\u0101s, piem\u0113ram, traktoros. Cilindrs ir atbild\u012bgs par sp\u0113ka nodro\u0161in\u0101\u0161anu, kas nepiecie\u0161ams hidraulisko sist\u0113mu darbin\u0101\u0161anai \u0161aj\u0101s ma\u0161\u012bn\u0101s. T\u0101 ir kritiski svar\u012bga sast\u0101vda\u013ca, kas nodro\u0161ina lauksaimniec\u012bbas tehnikas vienm\u0113r\u012bgu darb\u012bbu.<\/p>\n<ol>\n<li style=\"list-style-type: none;\">\n<ol>\n<li>B\u016bvniec\u012bbas nozare<\/li>\n<\/ol>\n<\/li>\n<\/ol>\n<p>Regul\u0113jami skavu tipa cilindri tiek izmantoti b\u016bvniec\u012bbas nozar\u0113, lai p\u0101rvietotu un paceltu smagas kravas. Hidrauliskie cilindri nodro\u0161ina nepiecie\u0161amo sp\u0113ku smagu kravu p\u0101rvieto\u0161anai, padarot tos par b\u016btiskiem \u0113ku un citu konstrukciju b\u016bvniec\u012bb\u0101. Regul\u0113jam\u0101 skavu tipa cilindra sp\u0113ja piel\u0101got to da\u017e\u0101diem garumiem padara to ide\u0101li piem\u0113rotu izmanto\u0161anai celtniec\u012bbas ma\u0161\u012bn\u0101s, kur ir ierobe\u017eota telpa.<\/p>\n<ol>\n<li style=\"list-style-type: none;\">\n<ol>\n<li>Ra\u017eo\u0161anas nozare<\/li>\n<\/ol>\n<\/li>\n<\/ol>\n<p>Da\u017e\u0101diem ra\u017eo\u0161anas procesiem ir nepiecie\u0161ama prec\u012bza kust\u012bbas un sp\u0113ka kontrole. Ra\u017eo\u0161anas iek\u0101rt\u0101s tiek izmantoti regul\u0113jami skavu tipa cilindri, lai nodro\u0161in\u0101tu nepiecie\u0161amo sp\u0113ku \u0161o iek\u0101rtu darb\u012bbai. Tos izmanto ar\u012b, lai kontrol\u0113tu da\u017e\u0101du komponentu kust\u012bbu ra\u017eo\u0161anas proces\u0101, nodro\u0161inot, ka produkti tiek ra\u017eoti atbilsto\u0161i nepiecie\u0161amaj\u0101m specifik\u0101cij\u0101m.<\/p>\n<ol>\n<li style=\"list-style-type: none;\">\n<ol>\n<li>Transporta nozare<\/li>\n<\/ol>\n<\/li>\n<\/ol>\n<p>Transporta nozar\u0113 regul\u0113jamus skavu tipa cilindrus izmanto da\u017e\u0101dos pielietojumos. Autobusos un kravas automa\u0161\u012bn\u0101s hidrauliskos cilindrus izmanto durvju sist\u0113mu, st\u016bres un brem\u017eu sist\u0113mu darbin\u0101\u0161anai. Tos izmanto ar\u012b da\u017eu transportl\u012bdzek\u013cu piekares sist\u0113m\u0101s.<\/p>\n<ol>\n<li style=\"list-style-type: none;\">\n<ol>\n<li>Kalnr\u016bpniec\u012bba<\/li>\n<\/ol>\n<\/li>\n<\/ol>\n<p>Hidrauliskos cilindrus kalnr\u016bpniec\u012bb\u0101 izmanto, lai kontrol\u0113tu da\u017e\u0101du iek\u0101rtu kust\u012bbu. Piem\u0113ram, tos izmanto kalnr\u016bpniec\u012bbas urbumos, lai kontrol\u0113tu urb\u0161anas galvi\u0146u vilci un rot\u0101ciju. Tos izmanto ar\u012b ekskavatoru un cita kalnr\u016bpniec\u012bbas apr\u012bkojuma hidrauliskaj\u0101s sist\u0113m\u0101s.<\/p>\n<p>Nosl\u0113gum\u0101 j\u0101secina, ka regul\u0113jami skavu tipa cilindri ir b\u016btiska sast\u0101vda\u013ca da\u017e\u0101d\u0101s nozar\u0113s, tostarp lauksaimniec\u012bb\u0101, b\u016bvniec\u012bb\u0101, ra\u017eo\u0161an\u0101, transport\u0101 un ieguves r\u016bpniec\u012bb\u0101. \u0160ie cilindri nodro\u0161ina sp\u0113ku, kas nepiecie\u0161ams hidraulisko sist\u0113mu darbin\u0101\u0161anai, ma\u0161\u012bnu komponentu kust\u012bbas kontrolei un smagu kravu p\u0101rvieto\u0161anai. Sak\u0146u tipa cilindra daudzpus\u012bba un regul\u0113jam\u012bba padara to par ide\u0101lu sast\u0101vda\u013cu izmanto\u0161anai da\u017e\u0101dos pielietojumos.<img decoding=\"async\" src=\"https:\/\/fmp-components.com\/wp-content\/uploads\/2024\/12\/Application-of-Adjustable-Clevis-Type-Cylinders.webp\" alt=\"Regul\u0113jams skavu tipa cilindrs\" width=\"800\" title=\"\"><\/p>\n<h3>Par FMP<\/h3>\n<p>FMP ir uz\u0146\u0113mums, kas specializ\u0113jas hidraulisko cilindru ra\u017eo\u0161an\u0101 un p\u0101rdo\u0161an\u0101. M\u016bsu galven\u0101 m\u012btne atrodas It\u0101lij\u0101, un mums ir daudzu gadu pieredze celtniec\u012bbas tehnikas nozar\u0113, k\u0101 ar\u012b \u012bpa\u0161a profesion\u0101\u013cu komanda. M\u0113s pied\u0101v\u0101jam augstas kvalit\u0101tes un uzticamus hidrauliskos cilindrus, k\u0101 ar\u012b pla\u0161u celtniec\u012bbas tehnikas deta\u013cu kl\u0101stu un piln\u012bgus ma\u0161\u012bnu risin\u0101jumus.<\/p>\n<p>\u0160eit ir 5 iemesli, k\u0101p\u0113c jums vajadz\u0113tu izv\u0113l\u0113ties FMP:<\/p>\n<ol>\n<li>Pla\u0161s produktu kl\u0101sts: M\u0113s pied\u0101v\u0101jam da\u017e\u0101du veidu hidrauliskos cilindrus, tostarp regul\u0113jamus skavu tipa cilindrus, teleskopiskos cilindrus, metin\u0101tus cilindrus un citus. M\u016bsu daudzveid\u012bgais produktu kl\u0101sts nodro\u0161ina, ka varam apmierin\u0101t m\u016bsu klientu \u012bpa\u0161\u0101s vajadz\u012bbas.<\/li>\n<li>Augst\u0101k\u0101s kvalit\u0101tes komponenti: Visi m\u016bsu hidrauliskie cilindri ir izgatavoti, izmantojot augst\u0101k\u0101s kvalit\u0101tes komponentus, lai nodro\u0161in\u0101tu iztur\u012bbu un veiktsp\u0113ju. M\u0113s cie\u0161i sadarbojamies ar augstas kvalit\u0101tes pieg\u0101d\u0101t\u0101jiem, lai uztur\u0113tu stingrus kvalit\u0101tes standartus.<\/li>\n<li>P\u0101rdo\u0161anas ekspertu komanda: M\u016bsu pieredz\u0113ju\u0161\u0101 p\u0101rdo\u0161anas komanda labi p\u0101rzina celtniec\u012bbas tehnikas nozari un izprot m\u016bsu klientu main\u012bg\u0101s vajadz\u012bbas. Vi\u0146i var sniegt profesion\u0101las konsult\u0101cijas par produktiem un pied\u0101v\u0101t p\u0101rdom\u0101tus pirk\u0161anas ieteikumus.<\/li>\n<li>Efekt\u012bva lo\u0123istika: Mums ir efekt\u012bva lo\u0123istikas izplat\u012b\u0161anas sist\u0113ma, lai nodro\u0161in\u0101tu nepiecie\u0161amo deta\u013cu savlaic\u012bgu un prec\u012bzu pieg\u0101di m\u016bsu klientiem. J\u016bs varat pa\u013cauties uz mums, ka m\u0113s iev\u0113rosim j\u016bsu projekta termi\u0146us.<\/li>\n<li>Ap\u0146em\u0161an\u0101s nodro\u0161in\u0101t klientu apmierin\u0101t\u012bbu: Uz\u0146\u0113mum\u0101 FMP klientu apmierin\u0101t\u012bba ir m\u016bsu galven\u0101 priorit\u0101te. M\u0113s cen\u0161amies nodro\u0161in\u0101t izcilu servisu katr\u0101 sol\u012b, s\u0101kot no produktu izv\u0113les l\u012bdz pat p\u0113cp\u0101rdo\u0161anas atbalstam. J\u016bsu pan\u0101kumi ir m\u016bsu pan\u0101kumi.<\/li>\n<\/ol>\n<p><img decoding=\"async\" src=\"https:\/\/fmp-components.com\/wp-content\/uploads\/2024\/12\/Adjustable-Clevis-Type-Cylinders-6.webp\" alt=\"Regul\u0113jams skavu tipa cilindrs\" width=\"852\" title=\"\"><\/p>\n<h2>Bie\u017ei uzdotie jaut\u0101jumi<\/h2>\n<p><b>J: K\u0101dus da\u017e\u0101dus hidraulisko cilindru veidus pied\u0101v\u0101 FMP?<\/b><\/p>\n<p>A: FMP pied\u0101v\u0101 da\u017e\u0101dus hidrauliskos cilindrus, tostarp mini divk\u0101r\u0161as darb\u012bbas, stie\u0146u, metin\u0101tos, teleskopiskos un vienas darb\u012bbas cilindrus.<\/p>\n<p><b>J: Kas padara kvalit\u0101tes nodro\u0161in\u0101\u0161anas mini divk\u0101r\u0161as darb\u012bbas hidraulisko cilindru piem\u0113rotu lauksaimniec\u012bbas vajadz\u012bb\u0101m?<\/b><\/p>\n<p>A: Cilindrs ir izgatavots no iztur\u012bga t\u0113rauda, \u200b\u200btam ir augsta maksim\u0101l\u0101 vilce un regul\u0113jams skavu tips, padarot to daudzpus\u012bgu un iztur\u012bgu lauksaimniec\u012bbas vajadz\u012bb\u0101m.<\/p>\n<p><b>J: K\u0101dus pakalpojumus FMP sniedz, lai nodro\u0161in\u0101tu hidraulisko cilindru optim\u0101lu darb\u012bbu?<\/b><\/p>\n<p>A: FMP sniedz nor\u0101d\u012bjumus par uzst\u0101d\u012b\u0161anas proced\u016br\u0101m, apkopes padomiem un lab\u0101ko praksi, lai nodro\u0161in\u0101tu balonu ilgm\u016b\u017e\u012bbu un optim\u0101lu veiktsp\u0113ju.<\/p>\n<p><img decoding=\"async\" src=\"https:\/\/img.jiansujichilun.com\/img\/hydrauliccylinders\/C_hydrauliccylinders-4.webp\" alt=\"hidrauliskais cilindrs\" width=\"800\" title=\"\"><\/p>\n<p>Autors: CX<\/p>","protected":false},"excerpt":{"rendered":"<p>Introducing the Quality Assurance Mini Double Acting Hydraulic Cylinder For Agriculture: The Quality Assurance Mini Double Acting Hydraulic Cylinder For Agriculture is a high-performance product designed specifically for agricultural applications. This cylinder is built with precision and attention to detail, ensuring optimal functionality and durability. Featuring a double-acting design, this hydraulic cylinder is capable of [&hellip;]<\/p>","protected":false},"featured_media":1338,"comment_status":"closed","ping_status":"closed","template":"","meta":{"_et_pb_use_builder":"","_et_pb_old_content":"","_et_gb_content_width":""},"product_brand":[],"product_cat":[39],"product_tag":[41,34],"class_list":{"0":"post-1390","1":"product","2":"type-product","3":"status-publish","4":"has-post-thumbnail","6":"product_cat-adjustable-clevis-type-cylinders","7":"product_tag-adjustable-clevis-type-cylinders","8":"product_tag-hydraulic-cylinder","10":"first","11":"instock","12":"product-type-simple"},"_links":{"self":[{"href":"https:\/\/fmp-components.com\/lv\/wp-json\/wp\/v2\/product\/1390","targetHints":{"allow":["GET"]}}],"collection":[{"href":"https:\/\/fmp-components.com\/lv\/wp-json\/wp\/v2\/product"}],"about":[{"href":"https:\/\/fmp-components.com\/lv\/wp-json\/wp\/v2\/types\/product"}],"replies":[{"embeddable":true,"href":"https:\/\/fmp-components.com\/lv\/wp-json\/wp\/v2\/comments?post=1390"}],"wp:featuredmedia":[{"embeddable":true,"href":"https:\/\/fmp-components.com\/lv\/wp-json\/wp\/v2\/media\/1338"}],"wp:attachment":[{"href":"https:\/\/fmp-components.com\/lv\/wp-json\/wp\/v2\/media?parent=1390"}],"wp:term":[{"taxonomy":"product_brand","embeddable":true,"href":"https:\/\/fmp-components.com\/lv\/wp-json\/wp\/v2\/product_brand?post=1390"},{"taxonomy":"product_cat","embeddable":true,"href":"https:\/\/fmp-components.com\/lv\/wp-json\/wp\/v2\/product_cat?post=1390"},{"taxonomy":"product_tag","embeddable":true,"href":"https:\/\/fmp-components.com\/lv\/wp-json\/wp\/v2\/product_tag?post=1390"}],"curies":[{"name":"wp","href":"https:\/\/api.w.org\/{rel}","templated":true}]}}