{"id":1388,"date":"2024-12-23T02:19:41","date_gmt":"2024-12-23T02:19:41","guid":{"rendered":"https:\/\/fmp-components.com\/product\/quality-assurance-double-acting-cylinder-welded-hydraulic-cylinder-for-tractor\/"},"modified":"2024-12-23T02:48:34","modified_gmt":"2024-12-23T02:48:34","slug":"quality-assurance-double-acting-cylinder-welded-hydraulic-cylinder-for-tractor","status":"publish","type":"product","link":"https:\/\/fmp-components.com\/lv\/product\/quality-assurance-double-acting-cylinder-welded-hydraulic-cylinder-for-tractor\/","title":{"rendered":"Kvalit\u0101tes nodro\u0161in\u0101\u0161anas divk\u0101r\u0161as darb\u012bbas cilindra metin\u0101ts hidrauliskais cilindrs traktoram"},"content":{"rendered":"<p>Kvalit\u0101tes nodro\u0161in\u0101\u0161anas divk\u0101r\u0161as darb\u012bbas cilindra metin\u0101tais hidrauliskais cilindrs traktoriem ir augstas kvalit\u0101tes hidrauliskais cilindrs, kas paredz\u0113ts lieto\u0161anai traktoros. \u0160im cilindram ir divk\u0101r\u0161as darb\u012bbas konstrukcija, kas nodro\u0161ina efekt\u012bvu darb\u012bbu abos virzienos. Cilindrs ir ar\u012b metin\u0101ts, lai nodro\u0161in\u0101tu papildu iztur\u012bbu un stipr\u012bbu, nodro\u0161inot ilgu kalpo\u0161anas laiku pat skarbos darba apst\u0101k\u013cos.<\/p>\n<p>Viena no \u0161\u012b hidraulisk\u0101 cilindra galvenaj\u0101m priek\u0161roc\u012bb\u0101m ir t\u0101 kvalit\u0101tes nodro\u0161in\u0101\u0161ana. Cilindrs ir stingri p\u0101rbaud\u012bts, lai nodro\u0161in\u0101tu t\u0101 atbilst\u012bbu visiem attiec\u012bgajiem nozares standartiem attiec\u012bb\u0101 uz veiktsp\u0113ju, dro\u0161\u012bbu un uzticam\u012bbu. Tas noz\u012bm\u0113, ka varat uztic\u0113ties, ka \u0161is cilindrs darbosies augst\u0101 l\u012bmen\u012b un nodro\u0161in\u0101s j\u016bsu traktora nevainojamu darb\u012bbu.<\/p>\n<p>V\u0113l viena svar\u012bga \u0161\u012b hidraulisk\u0101 cilindra \u012bpa\u0161\u012bba ir t\u0101 vienk\u0101r\u0161\u0101 uzst\u0101d\u012b\u0161ana. Cilindrs ir izstr\u0101d\u0101ts t\u0101, lai neman\u0101mi ieder\u0113tos liel\u0101kaj\u0101 da\u013c\u0101 traktoru mode\u013cu, veicot minim\u0101las izmai\u0146as. Tas atvieglo traktora hidraulisk\u0101s sist\u0113mas uzlabo\u0161anu un \u0161\u012b augstas kvalit\u0101tes cilindra priek\u0161roc\u012bbu izmanto\u0161anu.<\/p>\n<p><img loading=\"lazy\" decoding=\"async\" class=\"alignnone size-full wp-image-1334\" src=\"https:\/\/fmp-components.com\/wp-content\/uploads\/2024\/12\/Adjustable-Clevis-Type-Cylinders-4.webp\" alt=\"Regul\u0113jami skavu tipa cilindri\" width=\"800\" height=\"800\" title=\"\" srcset=\"https:\/\/fmp-components.com\/wp-content\/uploads\/2024\/12\/Adjustable-Clevis-Type-Cylinders-4.webp 800w, https:\/\/fmp-components.com\/wp-content\/uploads\/2024\/12\/Adjustable-Clevis-Type-Cylinders-4-480x480.webp 480w\" sizes=\"(min-width: 0px) and (max-width: 480px) 480px, (min-width: 481px) 800px, 100vw\" \/><\/p>\n<p>Kopum\u0101 kvalit\u0101tes nodro\u0161in\u0101\u0161anas divk\u0101r\u0161\u0101s darb\u012bbas cilindra metin\u0101tais hidrauliskais cilindrs traktoram ir lieliska izv\u0113le ikvienam, kur\u0161 v\u0113las uzlabot sava traktora hidraulisko sist\u0113mu. Ar savu divk\u0101r\u0161\u0101s darb\u012bbas konstrukciju, metin\u0101to konstrukciju un stingru kvalit\u0101tes nodro\u0161in\u0101\u0161anu \u0161is cilindrs pied\u0101v\u0101 uzticamu veiktsp\u0113ju un ilgsto\u0161u iztur\u012bbu.<\/p>\n<table style=\"width: 100%;\" border=\"1\" width=\"100%\" cellspacing=\"0\" cellpadding=\"0\">\n<tbody>\n<tr>\n<th>Produkta nosaukums<\/th>\n<td>Kvalit\u0101tes nodro\u0161in\u0101\u0161anas divk\u0101r\u0161as darb\u012bbas cilindrs<\/td>\n<\/tr>\n<tr>\n<th>Tips<\/th>\n<td>Metin\u0101ts hidrauliskais cilindrs<\/td>\n<\/tr>\n<tr>\n<th>Pieteikums<\/th>\n<td>Traktori<\/td>\n<\/tr>\n<tr>\n<th>St\u0101voklis<\/th>\n<td>Jauns<\/td>\n<\/tr>\n<tr>\n<th>Garantija<\/th>\n<td>1 gads<\/td>\n<\/tr>\n<tr>\n<th>Piem\u0113rojam\u0101s nozares<\/th>\n<td>Ma\u0161\u012bnu remonta darbn\u012bcas, Lauksaimniec\u012bbas saimniec\u012bbas, Ener\u0123\u0113tika un ieguves r\u016bpniec\u012bba, Ma\u0161\u012bnu ra\u017eo\u0161ana, R\u016bpn\u012bcas<\/td>\n<\/tr>\n<tr>\n<th>Svars (kg)<\/th>\n<td>47<\/td>\n<\/tr>\n<tr>\n<th>Video izejo\u0161\u0101 p\u0101rbaude<\/th>\n<td>Nodro\u0161in\u0101ts<\/td>\n<\/tr>\n<tr>\n<th>Ma\u0161\u012bnu testa zi\u0146ojums<\/th>\n<td>Nodro\u0161in\u0101ts<\/td>\n<\/tr>\n<tr>\n<th>Cilindra tips<\/th>\n<td>Standarta virzu\u013ccilindrs<\/td>\n<\/tr>\n<tr>\n<th>Korpusa materi\u0101ls<\/th>\n<td>T\u0113rauds<\/td>\n<\/tr>\n<tr>\n<th>Maksim\u0101l\u0101 vilce<\/th>\n<td>3000<\/td>\n<\/tr>\n<tr>\n<th>Tips<\/th>\n<td>Regul\u0113jams skavu tips<\/td>\n<\/tr>\n<tr>\n<th>Ostas<\/th>\n<td>G\/SAE\/NPT\/M<\/td>\n<\/tr>\n<tr>\n<th>Maksim\u0101l\u0101 vilk\u0161anas jauda<\/th>\n<td>20 tonnas<\/td>\n<\/tr>\n<tr>\n<th>Sertifik\u0101cija<\/th>\n<td>ISO9001:2000<\/td>\n<\/tr>\n<tr>\n<th>Urbuma izm\u0113rs<\/th>\n<td>2\u20136 collas<\/td>\n<\/tr>\n<tr>\n<th>Stie\u0146a izm\u0113rs<\/th>\n<td>1,125\u20134 collas<\/td>\n<\/tr>\n<tr>\n<th>Trieciena izm\u0113rs<\/th>\n<td>4\u2013100 collas<\/td>\n<\/tr>\n<tr>\n<th>Tapas izm\u0113rs<\/th>\n<td>0,5\u20132 collas<\/td>\n<\/tr>\n<tr>\n<th>Kr\u0101sa<\/th>\n<td>Melns<\/td>\n<\/tr>\n<tr>\n<th>Iepakojuma deta\u013cas<\/th>\n<td>Dzelzs korpuss, sapl\u0101k\u0161\u0146a korpuss vai kartona kaste<\/td>\n<\/tr>\n<tr>\n<th><\/th>\n<td><\/td>\n<\/tr>\n<\/tbody>\n<\/table>\n<p><span style=\"color: #333333; font-size: 26px;\">Piel\u0101go\u0161anas iesp\u0113jas un apkopes vadl\u012bnijas<\/span><\/p>\n<div>\n<p>M\u0113s saprotam, ka katram klientam var b\u016bt unik\u0101las pras\u012bbas, t\u0101p\u0113c pied\u0101v\u0101jam piel\u0101go\u0161anas iesp\u0113jas m\u016bsu hidrauliskajiem cilindriem. Klienti var nor\u0101d\u012bt savas pras\u012bbas, un m\u0113s varam piel\u0101got produktus, lai tie piln\u012bb\u0101 atbilstu vi\u0146u vajadz\u012bb\u0101m. Run\u0101jot par apkopi, m\u016bsu hidrauliskie cilindri ir izstr\u0101d\u0101ti t\u0101, lai tos b\u016btu viegli uztur\u0113t. Regul\u0101ra bl\u012bv\u0113jumu p\u0101rbaude un nopl\u016b\u017eu p\u0101rbaude var nodro\u0161in\u0101t produkta ilgm\u016b\u017e\u012bbu. Turkl\u0101t regul\u0101ra e\u013c\u013co\u0161ana nodro\u0161in\u0101s cilindra optim\u0101lu darb\u012bbu.<\/p>\n<p><img decoding=\"async\" src=\"https:\/\/img.jiansujichilun.com\/img\/hydrauliccylinders\/B_hydrauliccylinders-1.webp\" alt=\"hidrauliskais cilindrs\" width=\"800\" title=\"\"><\/p>\n<\/div>\n<h2>Regul\u0113jamu skavu tipa cilindru priek\u0161roc\u012bbas<\/h2>\n<p>Regul\u0113jami skavu tipa cilindri ir hidrauliskas sast\u0101vda\u013cas, ko izmanto, lai p\u0101rveidotu \u0161\u0137idruma ener\u0123iju line\u0101r\u0101 kust\u012bb\u0101 un sp\u0113k\u0101. Tos pla\u0161i izmanto da\u017e\u0101d\u0101s nozar\u0113s, tostarp b\u016bvniec\u012bb\u0101, lauksaimniec\u012bb\u0101 un ra\u017eo\u0161an\u0101. \u0160aj\u0101 rakst\u0101 m\u0113s apspried\u012bsim regul\u0113jamu skavu tipa cilindru priek\u0161roc\u012bbas un to, k\u0101p\u0113c tie ir popul\u0101ra izv\u0113le daudziem lietojumiem.<\/p>\n<h3>1. Daudzpus\u012bba<\/h3>\n<p>Viena no regul\u0113jamu skavu tipa cilindru galvenaj\u0101m priek\u0161roc\u012bb\u0101m ir to daudzpus\u012bba. \u0160os cilindrus var izmantot pla\u0161\u0101 pielietojumu kl\u0101st\u0101, s\u0101kot no viegliem l\u012bdz smagiem uzdevumiem. Tie ir pieejami da\u017e\u0101dos izm\u0113ros, g\u0101jienos un mont\u0101\u017eas konfigur\u0101cij\u0101s, lai atbilstu konkr\u0113t\u0101m pras\u012bb\u0101m. Turkl\u0101t regul\u0113jamus skavu tipa cilindrus var izmantot gan vienas, gan divu darb\u012bbu sist\u0113m\u0101s, padarot tos piem\u0113rotus da\u017e\u0101d\u0101m hidrauliskaj\u0101m sist\u0113m\u0101m.<\/p>\n<h3>2. Precizit\u0101te<\/h3>\n<p>Regul\u0113jami skavu tipa cilindri pied\u0101v\u0101 precizit\u0101ti vad\u012bbas un veiktsp\u0113jas zi\u0146\u0101. \u0160ie cilindri ir paredz\u0113ti, lai nodro\u0161in\u0101tu prec\u012bzu un atk\u0101rtojamu kust\u012bbas vad\u012bbu, kas ir b\u016btiski daudzos pielietojumos. \u0160o cilindru regul\u0113jam\u012bbas funkcija \u013cauj prec\u012bzi pozicion\u0113t slodzes, padarot tos ide\u0101li piem\u0113rotus pielietojumiem, kuriem nepiecie\u0161ama prec\u012bza apstr\u0101de.<\/p>\n<h3>3. Iztur\u012bba<\/h3>\n<p>V\u0113l viena regul\u0113jamu skavu tipa cilindru priek\u0161roc\u012bba ir to iztur\u012bba. \u0160ie cilindri ir izgatavoti, lai iztur\u0113tu skarbu vidi un lielas slodzes. Tie ir izgatavoti no augstas kvalit\u0101tes materi\u0101liem, piem\u0113ram, t\u0113rauda un alum\u012bnija, un ir paredz\u0113ti, lai iztur\u0113tu augstu spiedienu un temperat\u016bru. Kvalit\u0101tes nodro\u0161in\u0101\u0161ana ir b\u016btiska \u0161o cilindru ra\u017eo\u0161an\u0101, nodro\u0161inot uzticamu un ilgsto\u0161u darb\u012bbu.<\/p>\n<h3>4. Vienk\u0101r\u0161a apkope<\/h3>\n<p>Regul\u0113jami skavu tipa cilindri ir paredz\u0113ti vienk\u0101r\u0161ai apkopei. \u0160iem cilindriem ir vienk\u0101r\u0161s dizains, t\u0101p\u0113c tos ir viegli izjaukt un salikt atpaka\u013c. Turkl\u0101t tiem ir maz\u0101k deta\u013cu, kas noz\u012bm\u0113, ka nepiecie\u0161ama maz\u0101ka apkope. Turkl\u0101t \u0161os cilindrus var remont\u0113t uz vietas, samazinot d\u012bkst\u0101ves laiku un palielinot produktivit\u0101ti.<\/p>\n<h3>5. Izmaksu zi\u0146\u0101 efekt\u012bvs<\/h3>\n<p>Visbeidzot, regul\u0113jami skavu tipa cilindri ir izmaksu zi\u0146\u0101 efekt\u012bvi. \u0160ie cilindri ir pieejam\u0101ki sal\u012bdzin\u0101jum\u0101 ar citiem hidrauliskajiem komponentiem, padarot tos par popul\u0101ru izv\u0113li daudziem lietojumiem. Tie ir ar\u012b energoefekt\u012bvi, kas noz\u012bm\u0113, ka laika gait\u0101 tie var ietaup\u012bt ekspluat\u0101cijas izmaksas.<\/p>\n<p>Nosl\u0113gum\u0101 j\u0101secina, ka regul\u0113jamie skavu tipa cilindri pied\u0101v\u0101 da\u017e\u0101das priek\u0161roc\u012bbas, kas padara tos par popul\u0101ru izv\u0113li daudziem pielietojumiem. To daudzpus\u012bba, precizit\u0101te, iztur\u012bba, vienk\u0101r\u0161\u0101 apkope un izmaksu efektivit\u0101te veicina to popularit\u0101ti. Kvalit\u0101tes nodro\u0161in\u0101\u0161ana, kas tiek pielietota \u0161o cilindru ra\u017eo\u0161an\u0101, piem\u0113ram, divk\u0101r\u0161as darb\u012bbas cilindrs un metin\u0101ts hidrauliskais cilindrs traktoriem, nodro\u0161ina to uzticamu un ilgsto\u0161u darb\u012bbu.<img decoding=\"async\" src=\"https:\/\/fmp-components.com\/wp-content\/uploads\/2024\/12\/Adjustable-Clevis-Type-Cylinders5.webp\" alt=\"Regul\u0113jams skavu tipa cilindrs\" width=\"800\" title=\"\"><\/p>\n<h2>Regul\u0113jamu skavu tipa cilindru pielietojums<\/h2>\n<p>Regul\u0113jami skavas tipa cilindri ir daudzpus\u012bgi hidrauliskie cilindri, kas tiek pla\u0161i izmantoti da\u017e\u0101d\u0101s nozar\u0113s. \u0160ie cilindri pied\u0101v\u0101 unik\u0101las \u012bpa\u0161\u012bbas un priek\u0161roc\u012bbas, padarot tos par iecien\u012btu izv\u0113li daudziem pielietojumiem. \u0160aj\u0101 emu\u0101ra ierakst\u0101 m\u0113s izp\u0113t\u012bsim da\u017e\u0101dos regul\u0113jamo skavas tipa cilindru pielietojumus un detaliz\u0113ti apspried\u012bsim to priek\u0161roc\u012bbas.<\/p>\n<h3>1. R\u016bpniecisk\u0101s iek\u0101rtas<\/h3>\n<p>Regul\u0113jami skavu tipa cilindri tiek pla\u0161i izmantoti r\u016bpnieciskaj\u0101s iek\u0101rt\u0101s da\u017e\u0101diem m\u0113r\u0137iem. \u0160ie cilindri nodro\u0161ina prec\u012bzu un kontrol\u0113tu line\u0101ru kust\u012bbu, padarot tos piem\u0113rotus t\u0101d\u0101m lietojumprogramm\u0101m k\u0101 materi\u0101lu apstr\u0101de, iek\u0101rtu pozicion\u0113\u0161ana un mont\u0101\u017eas l\u012bniju automatiz\u0101cija. Iztur\u012bg\u0101 konstrukcija un augstas kvalit\u0101tes materi\u0101li, kas izmantoti \u0161ajos cilindros, nodro\u0161ina uzticamu veiktsp\u0113ju un ilgu kalpo\u0161anas laiku pat sare\u017e\u0123\u012btos r\u016bpnieciskos apst\u0101k\u013cos.<\/p>\n<h3>2. Lauksaimniec\u012bbas tehnika<\/h3>\n<p>Regul\u0113jami skavas tipa cilindri tiek pla\u0161i izmantoti lauksaimniec\u012bbas tehnik\u0101, \u012bpa\u0161i traktoru piekab\u0113s. \u0160iem cilindriem ir iz\u0161\u0137iro\u0161a noz\u012bme da\u017e\u0101d\u0101s lauksaimniec\u012bbas darb\u012bb\u0101s, tostarp ar\u0161an\u0101, augsnes apstr\u0101di, ra\u017eas nov\u0101k\u0161an\u0101 un smagu kravu cel\u0161an\u0101. Pateicoties divk\u0101r\u0161\u0101s darb\u012bbas funkcionalit\u0101tei, \u0161ie cilindri pied\u0101v\u0101 izcilu iztur\u012bbu un jaudu, nodro\u0161inot efekt\u012bvu un lietder\u012bgu lauksaimniec\u012bbas tehnikas darb\u012bbu.<\/p>\n<h3>3. Celtniec\u012bbas tehnika<\/h3>\n<p>Regul\u0113jami skavu tipa cilindri tiek pla\u0161i izmantoti ar\u012b celtniec\u012bbas ma\u0161\u012bn\u0101s. \u0160ie cilindri parasti ir atrodami t\u0101d\u0101s iek\u0101rt\u0101s k\u0101 ekskavatori, buldozeri un celt\u0146i. To sp\u0113ja iztur\u0113t lielas slodzes un skarbus darba apst\u0101k\u013cus padara tos ide\u0101li piem\u0113rotus t\u0101diem darbiem k\u0101 rak\u0161ana, cel\u0161ana, stum\u0161ana un vilk\u0161ana. \u0160o cilindru nodro\u0161in\u0101t\u0101 izcil\u0101 kvalit\u0101tes garantija nodro\u0161ina optim\u0101lu veiktsp\u0113ju un dro\u0161\u012bbu b\u016bvlaukumos.<\/p>\n<h3>4. Automobi\u013cu r\u016bpniec\u012bba<\/h3>\n<p>Automobi\u013cu r\u016bpniec\u012bba g\u016bst labumu no regul\u0113jamu skavu tipa cilindru izmanto\u0161anas da\u017e\u0101dos pielietojumos. \u0160ie cilindri tiek izmantoti automa\u0161\u012bnu pac\u0113l\u0101jos, transportl\u012bdzek\u013cu ramp\u0101s un cit\u0101s automa\u0161\u012bnu pacel\u0161anas sist\u0113m\u0101s. Tie nodro\u0161ina uzticamu un prec\u012bzu vertik\u0101lu kust\u012bbu, atvieglojot transportl\u012bdzek\u013cu apkopi, remontu un p\u0101rbaudi. \u0160o cilindru metin\u0101t\u0101 hidraulisk\u0101 konstrukcija nodro\u0161ina iztur\u012bbu un augstu nestsp\u0113ju, padarot tos piem\u0113rotus smagiem automobi\u013cu uzdevumiem.<\/p>\n<h3>5. J\u016bras un atkl\u0101t\u0101s j\u016bras pielietojumi<\/h3>\n<p>J\u016bras un atkl\u0101t\u0101s j\u016bras nozar\u0113s regul\u0113jamie skavas tipa cilindri tiek pla\u0161i izmantoti t\u0101d\u0101s iek\u0101rt\u0101s k\u0101 celt\u0146i, vin\u010das un hidraulisk\u0101s sist\u0113mas. \u0160ie cilindri ir izstr\u0101d\u0101ti, lai iztur\u0113tu koroz\u012bvu s\u0101ls\u016bdens vidi un nodro\u0161in\u0101tu uzticamu veiktsp\u0113ju j\u016bras apst\u0101k\u013cos. To regul\u0113jamo skavas tipa konstrukcija \u013cauj viegli uzst\u0101d\u012bt un integr\u0113t da\u017e\u0101d\u0101s j\u016bras sist\u0113m\u0101s, uzlabojot darb\u012bbas efektivit\u0101ti un dro\u0161\u012bbu.<\/p>\n<p>Nosl\u0113gum\u0101 j\u0101secina, ka regul\u0113jamiem skavas tipa cilindriem ir pla\u0161s pielietojumu kl\u0101sts da\u017e\u0101d\u0101s nozar\u0113s, tostarp r\u016bpnieciskaj\u0101s ma\u0161\u012bn\u0101s, lauksaimniec\u012bbas iek\u0101rt\u0101s, celtniec\u012bbas ma\u0161\u012bn\u0101s, autob\u016bves nozar\u0113 un j\u016bras\/j\u016bras pielietojumos. \u0160ie cilindri pied\u0101v\u0101 izcilu kvalit\u0101tes nodro\u0161in\u0101\u0161anu, divk\u0101r\u0161as darb\u012bbas funkcionalit\u0101ti un metin\u0101tu hidraulisko konstrukciju, padarot tos uzticamus, iztur\u012bgus un efekt\u012bvus attiec\u012bgajos pielietojumos. Neatkar\u012bgi no t\u0101, vai t\u0101 ir prec\u012bza line\u0101ra kust\u012bba, smagu kravu cel\u0161ana vai iztur\u012bba pret skarbu vidi, regul\u0113jami skavas tipa cilindri ir lieliska izv\u0113le da\u017e\u0101d\u0101m hidraulisko sist\u0113mu pras\u012bb\u0101m.<img decoding=\"async\" src=\"https:\/\/fmp-components.com\/wp-content\/uploads\/2024\/12\/Application-of-Adjustable-Clevis-Type-Cylinders.webp\" alt=\"Regul\u0113jams skavu tipa cilindrs\" width=\"800\" title=\"\"><\/p>\n<h3>Par FMP<\/h3>\n<p>FMP ir cien\u012bjams uz\u0146\u0113mums, kas specializ\u0113jas hidraulisko cilindru ra\u017eo\u0161an\u0101 un p\u0101rdo\u0161an\u0101. M\u0113s esam ap\u0146\u0113mu\u0161ies nodro\u0161in\u0101t m\u016bsu klientus ar augstas kvalit\u0101tes un uzticamiem hidrauliskajiem cilindriem celtniec\u012bbas tehnikai. Ar daudzu gadu pieredzi nozar\u0113 un profesion\u0101lu komandu FMP ir j\u016bsu uzticamais partneris vis\u0101m j\u016bsu hidraulisko cilindru vajadz\u012bb\u0101m.<\/p>\n<p><img decoding=\"async\" src=\"https:\/\/fmp-components.com\/wp-content\/uploads\/2024\/12\/Adjustable-Clevis-Type-Cylinders-6.webp\" alt=\"Regul\u0113jams skavu tipa cilindrs\" width=\"850\" title=\"\"><\/p>\n<p>\u0160eit ir 5 iemesli, k\u0101p\u0113c jums vajadz\u0113tu izv\u0113l\u0113ties FMP hidraulisko cilindru vajadz\u012bb\u0101m:<\/p>\n<p>1. Pla\u0161s produktu kl\u0101sts: FMP pied\u0101v\u0101 pla\u0161u hidraulisko cilindru kl\u0101stu, kas atbilst da\u017e\u0101d\u0101m celtniec\u012bbas tehnikas vajadz\u012bb\u0101m. S\u0101kot no standarta cilindriem l\u012bdz piel\u0101gotiem risin\u0101jumiem, mums ir \u012bstais produkts, kas atbilst j\u016bsu \u012bpa\u0161aj\u0101m pras\u012bb\u0101m.<\/p>\n<p>2. Izcila kvalit\u0101te: Vis\u0101, ko dar\u0101m, m\u0113s pie\u0161\u0137iram priorit\u0101ti kvalit\u0101tei. Visi m\u016bsu hidrauliskie cilindri ir izgatavoti, izmantojot augst\u0101k\u0101s kvalit\u0101tes materi\u0101lus, un atbilst stingriem kvalit\u0101tes standartiem. Tas nodro\u0161ina, ka m\u016bsu produkti ir iztur\u012bgi, uzticami un optim\u0101li darbojas pat sare\u017e\u0123\u012btos apst\u0101k\u013cos.<\/p>\n<p>3. Kompetence un pieredze: Pateicoties m\u016bsu pla\u0161aj\u0101m nozares zin\u0101\u0161an\u0101m un pieredzei, m\u0113s izprotam celtniec\u012bbas tehnikas sektora unik\u0101los izaicin\u0101jumus un pras\u012bbas. M\u016bsu ekspertu komanda ir labi apr\u012bkota, lai sniegtu profesion\u0101lu pal\u012bdz\u012bbu un piel\u0101gotus risin\u0101jumus, kas atbilst j\u016bsu \u012bpa\u0161aj\u0101m vajadz\u012bb\u0101m.<\/p>\n<p>4. Sp\u0113c\u012bgas attiec\u012bbas ar pieg\u0101d\u0101t\u0101jiem: FMP ir izveidojis ilgtermi\u0146a un stabilas partnerattiec\u012bbas ar cien\u012bjamiem pieg\u0101d\u0101t\u0101jiem gan viet\u0113j\u0101, gan starptautisk\u0101 m\u0113rog\u0101. Tas \u013cauj mums ieg\u016bt augstas kvalit\u0101tes komponentus un materi\u0101lus, garant\u0113jot m\u016bsu hidraulisko cilindru uzticam\u012bbu un veiktsp\u0113ju.<\/p>\n<p>5. Efekt\u012bva lo\u0123istika un savlaic\u012bga pieg\u0101de: M\u0113s atz\u012bstam savlaic\u012bgas pieg\u0101des noz\u012bmi, lai j\u016bsu projekti norit\u0113tu nevainojami. FMP ir ieviesusi efekt\u012bvu lo\u0123istikas izplat\u012b\u0161anas sist\u0113mu, lai nodro\u0161in\u0101tu, ka j\u016bs savlaic\u012bgi un prec\u012bzi sa\u0146emat nepiecie\u0161amos hidrauliskos cilindrus, samazinot d\u012bkst\u0101ves laiku un palielinot produktivit\u0101ti.<\/p>\n<p>Izv\u0113lieties FMP sav\u0101m hidraulisko cilindru vajadz\u012bb\u0101m un izbaudiet at\u0161\u0137ir\u012bbu kvalit\u0101t\u0113, uzticam\u012bb\u0101 un klientu apmierin\u0101t\u012bb\u0101. Sadarbojieties ar mums jau \u0161odien, lai nodro\u0161in\u0101tu nevainojamu pieredzi ar celtniec\u012bbas ma\u0161\u012bn\u0101m.<\/p>\n<h2>Bie\u017ei uzdotie jaut\u0101jumi<\/h2>\n<p><b>J: K\u0101ds ir divk\u0101r\u0161\u0101s darb\u012bbas cilindra pieg\u0101des laiks?<\/b><br \/>\nA: Visp\u0101r\u0113jais pieg\u0101des laiks ir 25\u201335 dienas.<\/p>\n<p><b>J: Vai ir pieejami divk\u0101r\u0161\u0101s darb\u012bbas cilindra paraugi?<\/b><br \/>\nA: J\u0101, m\u0113s pied\u0101v\u0101jam paraugus, bet tie nav bez maksas.<\/p>\n<p><b>J: Vai divk\u0101r\u0161\u0101s darb\u012bbas cilindru var piel\u0101got atbilsto\u0161i \u012bpa\u0161\u0101m pras\u012bb\u0101m?<\/b><br \/>\nA: J\u0101, m\u0113s varam ra\u017eot produktu atbilsto\u0161i j\u016bsu paraugiem vai tehniskajiem ras\u0113jumiem.<\/p>\n<p>&nbsp;<\/p>\n<p>Autors: CX<\/p>","protected":false},"excerpt":{"rendered":"<p>The Quality Assurance Double Acting Cylinder Welded Hydraulic Cylinder For Tractor is a high-quality hydraulic cylinder designed for use in tractors. This cylinder features a double-acting design, which allows for efficient operation in both directions. The cylinder is also welded for added durability and strength, ensuring a long service life even in rough operating conditions. [&hellip;]<\/p>","protected":false},"featured_media":1340,"comment_status":"closed","ping_status":"closed","template":"","meta":{"_et_pb_use_builder":"","_et_pb_old_content":"","_et_gb_content_width":""},"product_brand":[],"product_cat":[39],"product_tag":[41,34],"class_list":{"0":"post-1388","1":"product","2":"type-product","3":"status-publish","4":"has-post-thumbnail","6":"product_cat-adjustable-clevis-type-cylinders","7":"product_tag-adjustable-clevis-type-cylinders","8":"product_tag-hydraulic-cylinder","10":"first","11":"instock","12":"product-type-simple"},"_links":{"self":[{"href":"https:\/\/fmp-components.com\/lv\/wp-json\/wp\/v2\/product\/1388","targetHints":{"allow":["GET"]}}],"collection":[{"href":"https:\/\/fmp-components.com\/lv\/wp-json\/wp\/v2\/product"}],"about":[{"href":"https:\/\/fmp-components.com\/lv\/wp-json\/wp\/v2\/types\/product"}],"replies":[{"embeddable":true,"href":"https:\/\/fmp-components.com\/lv\/wp-json\/wp\/v2\/comments?post=1388"}],"wp:featuredmedia":[{"embeddable":true,"href":"https:\/\/fmp-components.com\/lv\/wp-json\/wp\/v2\/media\/1340"}],"wp:attachment":[{"href":"https:\/\/fmp-components.com\/lv\/wp-json\/wp\/v2\/media?parent=1388"}],"wp:term":[{"taxonomy":"product_brand","embeddable":true,"href":"https:\/\/fmp-components.com\/lv\/wp-json\/wp\/v2\/product_brand?post=1388"},{"taxonomy":"product_cat","embeddable":true,"href":"https:\/\/fmp-components.com\/lv\/wp-json\/wp\/v2\/product_cat?post=1388"},{"taxonomy":"product_tag","embeddable":true,"href":"https:\/\/fmp-components.com\/lv\/wp-json\/wp\/v2\/product_tag?post=1388"}],"curies":[{"name":"wp","href":"https:\/\/api.w.org\/{rel}","templated":true}]}}