{"id":1387,"date":"2024-12-23T02:19:41","date_gmt":"2024-12-23T02:19:41","guid":{"rendered":"https:\/\/fmp-components.com\/product\/china-supplier-piston-double-acting-hydraulic-ram-cylinder-for-trailer\/"},"modified":"2024-12-23T08:51:38","modified_gmt":"2024-12-23T08:51:38","slug":"italy-supplier-piston-double-acting-hydraulic-ram-cylinder-for-trailer","status":"publish","type":"product","link":"https:\/\/fmp-components.com\/lv\/product\/italy-supplier-piston-double-acting-hydraulic-ram-cylinder-for-trailer\/","title":{"rendered":"It\u0101lijas pieg\u0101d\u0101t\u0101ja virzu\u013ca divk\u0101r\u0161as darb\u012bbas hidraulisk\u0101 cilindra piekabei"},"content":{"rendered":"<p>It\u0101lijas pieg\u0101d\u0101t\u0101ja virzu\u013ca divk\u0101r\u0161as darb\u012bbas hidraulisk\u0101 cilindra piekabei izgatavo\u0161ana ir augst\u0101k\u0101s klases produkts, kas paredz\u0113ts izcilas veiktsp\u0113jas un uzticam\u012bbas nodro\u0161in\u0101\u0161anai. \u0160o cilindru ra\u017eo cien\u012bjams pieg\u0101d\u0101t\u0101js It\u0101lij\u0101, kas paz\u012bstams ar savu pieredzi hidraulisko sist\u0113mu jom\u0101.<\/p>\n<p>Ar virzu\u013ca konstrukciju \u0161is hidrauliskais cilindrs nodro\u0161ina efekt\u012bvu darb\u012bbu abos virzienos. Tas nodro\u0161ina vienm\u0113r\u012bgu un prec\u012bzu kust\u012bbu, padarot to ide\u0101li piem\u0113rotu da\u017e\u0101diem pielietojumiem piekab\u0113s. Neatkar\u012bgi no t\u0101, vai j\u0101ce\u013c smagas kravas vai j\u0101nodro\u0161ina stabilit\u0101te transport\u0113\u0161anas laik\u0101, \u0161is cilindrs ir piem\u0113rots \u0161im uzdevumam.<\/p>\n<p>\u0160is hidrauliskais cilindrs, kas izstr\u0101d\u0101ts, dom\u0101jot par iztur\u012bbu, ir paredz\u0113ts intens\u012bvai lieto\u0161anai sare\u017e\u0123\u012btos apst\u0101k\u013cos. Tas ir izgatavots no augstas kvalit\u0101tes materi\u0101liem, kas garant\u0113 ilgsto\u0161u veiktsp\u0113ju un iztur\u012bbu pret nodilumu. Tas nodro\u0161ina, ka cilindrs turpin\u0101s sniegt optim\u0101lus rezult\u0101tus pat sare\u017e\u0123\u012btos apst\u0101k\u013cos.<\/p>\n<p>Ar savu divk\u0101r\u0161\u0101s darb\u012bbas funkcionalit\u0101ti \u0161is hidrauliskais cilindrs pied\u0101v\u0101 daudzpus\u012bbu un \u0113rt\u012bbas. Tas var rad\u012bt sp\u0113ku gan izstiep\u0161anas, gan ievilk\u0161anas virzien\u0101, nodro\u0161inot liel\u0101ku kontroli un elast\u012bbu piekabes darb\u012bb\u0101. \u0160\u012b funkcija nodro\u0161ina efekt\u012bvas un prec\u012bzas kust\u012bbas, t\u0101d\u0113j\u0101di uzlabojot produktivit\u0101ti un lietder\u012bbu.<\/p>\n<p><img loading=\"lazy\" decoding=\"async\" class=\"alignnone size-full wp-image-1334\" src=\"https:\/\/fmp-components.com\/wp-content\/uploads\/2024\/12\/Adjustable-Clevis-Type-Cylinders-4.webp\" alt=\"Regul\u0113jami skavu tipa cilindri\" width=\"800\" height=\"800\" title=\"\" srcset=\"https:\/\/fmp-components.com\/wp-content\/uploads\/2024\/12\/Adjustable-Clevis-Type-Cylinders-4.webp 800w, https:\/\/fmp-components.com\/wp-content\/uploads\/2024\/12\/Adjustable-Clevis-Type-Cylinders-4-480x480.webp 480w\" sizes=\"(min-width: 0px) and (max-width: 480px) 480px, (min-width: 481px) 800px, 100vw\" \/><\/p>\n<p>Papildus funkcion\u0101laj\u0101m iesp\u0113j\u0101m \u0161is hidrauliskais cilindrs ir izstr\u0101d\u0101ts ar\u012b, dom\u0101jot par dro\u0161\u012bbu. Tas ir apr\u012bkots ar uzticamiem bl\u012bv\u0113jumiem un cit\u0101m dro\u0161\u012bbas funkcij\u0101m, lai nov\u0113rstu nopl\u016bdes un nodro\u0161in\u0101tu vienm\u0113r\u012bgu darb\u012bbu. Tas nodro\u0161ina dro\u0161u un uzticamu darb\u012bbu, uz kuru varat pa\u013cauties.<\/p>\n<p>Kopum\u0101 It\u0101lijas pieg\u0101d\u0101t\u0101ja virzu\u013ca divk\u0101r\u0161as darb\u012bbas hidraulisk\u0101 cilindra piekabei izgatavo\u0161ana ir augstas kvalit\u0101tes produkts, kas apvieno veiktsp\u0113ju, iztur\u012bbu un dro\u0161\u012bbu. T\u0101 izcilais dizains un funkcionalit\u0101te padara to par lielisku izv\u0113li da\u017e\u0101diem piekabju pielietojumiem. Uzticieties \u0161im cilindram, lai nodro\u0161in\u0101tu uzticam\u012bbu un efektivit\u0101ti, kas nepiecie\u0161ama j\u016bsu piekabes darb\u012bbai.<\/p>\n<p>Divk\u0101r\u0161as darb\u012bbas virzu\u013ccilindrs ir daudzpus\u012bgs hidrauliskais cilindrs no cien\u012bjama It\u0101lijas pieg\u0101d\u0101t\u0101ja, kas optimiz\u0113ts lieto\u0161anai piekab\u0113s. Ar viena gada garantiju tas ir \u013coti piem\u0113rots t\u0101d\u0101m nozar\u0113m k\u0101 ma\u0161\u012bnb\u016bves remonta darbn\u012bcas, lauku saimniec\u012bbas, ener\u0123\u0113tika un ieguves r\u016bpniec\u012bba, ma\u0161\u012bnb\u016bves ra\u017eo\u0161ana un ma\u0161\u012bnb\u016bves r\u016bpn\u012bcas. \u0160is 2023.\u00a0gada jaunais produkts, kura svars ir 47\u00a0kg, ir apr\u012bkots ar video izejo\u0161o p\u0101rbaudi, ma\u0161\u012bnb\u016bves testa zi\u0146ojumu, un galven\u0101s sast\u0101vda\u013cas ir gultnis un hidrauliskais cilindrs. \u0160is standarta virzu\u013ccilindrs darbojas ar hidraulisko sp\u0113ku un ir izgatavots no iztur\u012bga t\u0113rauda materi\u0101la. Tam ir maksim\u0101l\u0101 vilce 3000\u00a0tonnu apm\u0113r\u0101, regul\u0113jams skavu tips un G\/SAE\/NPT\/M porti. Cilindrs var rad\u012bt maksim\u0101lo vilkmi 20\u00a0tonnas un ir sertific\u0113ts saska\u0146\u0101 ar ISO9001:2000. Cilindra urbuma, stie\u0146a, g\u0101jiena un tapas izm\u0113ri ir da\u017e\u0101di, un tas ir pieejams elegant\u0101 meln\u0101 kr\u0101s\u0101.<\/p>\n<table style=\"width: 100%;\" border=\"1\" width=\"100%\" cellspacing=\"0\" cellpadding=\"0\">\n<tbody>\n<tr>\n<th>Produkta nosaukums<\/th>\n<td>Virzu\u013ca divk\u0101r\u0161as darb\u012bbas cilindrs<\/td>\n<\/tr>\n<tr>\n<th>Tips<\/th>\n<td>Hidrauliskais cilindrs<\/td>\n<\/tr>\n<tr>\n<th>Funkcija<\/th>\n<td>Izstiepjas un ievelkas, izmantojot hidraulisko sp\u0113ku<\/td>\n<\/tr>\n<tr>\n<th>Cilindra tips<\/th>\n<td>Regul\u0113jams skavu tips<\/td>\n<\/tr>\n<tr>\n<th>Urbuma izm\u0113rs<\/th>\n<td>2\u20136 collas<\/td>\n<\/tr>\n<tr>\n<th>Stie\u0146a izm\u0113rs<\/th>\n<td>1,125\u20134 collas<\/td>\n<\/tr>\n<tr>\n<th>Trieciena izm\u0113rs<\/th>\n<td>4\u2013100 collas<\/td>\n<\/tr>\n<tr>\n<th>Tapas izm\u0113rs<\/th>\n<td>0,5\u20132 collas<\/td>\n<\/tr>\n<tr>\n<th>Maksim\u0101l\u0101 vilce<\/th>\n<td>3000<\/td>\n<\/tr>\n<tr>\n<th>Maksim\u0101l\u0101 vilk\u0161anas jauda<\/th>\n<td>20 tonnas<\/td>\n<\/tr>\n<tr>\n<th>Korpusa materi\u0101ls<\/th>\n<td>T\u0113rauds<\/td>\n<\/tr>\n<tr>\n<th>Iztur\u012bba<\/th>\n<td>Augsta iztur\u012bba un nodilumiztur\u012bba<\/td>\n<\/tr>\n<\/tbody>\n<\/table>\n<h2>Regul\u0113jamu skavu tipa cilindru priek\u0161roc\u012bbas<\/h2>\n<p>Regul\u0113jami skavas tipa cilindri ir popul\u0101ra izv\u0113le hidrauliskaj\u0101 nozar\u0113, pateicoties to daudzaj\u0101m priek\u0161roc\u012bb\u0101m un daudzpus\u012bbai. \u0160ie cilindri, piem\u0113ram, It\u0101lijas pieg\u0101d\u0101t\u0101ja virzu\u013ca dubult\u0101s darb\u012bbas hidraulisk\u0101 cilindra piekab\u0113m, pied\u0101v\u0101 unik\u0101las funkcijas, kas padara tos \u013coti efekt\u012bvus un uzticamus da\u017e\u0101dos pielietojumos. \u0160aj\u0101 rakst\u0101 m\u0113s izp\u0113t\u012bsim regul\u0113jamu skavas tipa cilindru izmanto\u0161anas priek\u0161roc\u012bbas hidrauliskaj\u0101s sist\u0113m\u0101s.<\/p>\n<h3>1. Uzlabota elast\u012bba un piel\u0101go\u0161an\u0101s sp\u0113ja<\/h3>\n<p>Viena no regul\u0113jamu skavu tipa cilindru b\u016btiskaj\u0101m priek\u0161roc\u012bb\u0101m ir to sp\u0113ja nodro\u0161in\u0101t uzlabotu elast\u012bbu un piel\u0101gojam\u012bbu hidrauliskaj\u0101s sist\u0113m\u0101s. \u0160ie cilindri \u013cauj viegli regul\u0113t skavu tapas poz\u012bciju, t\u0101d\u0113j\u0101di \u013caujot prec\u012bzi noregul\u0113t cilindra g\u0101jiena garumu. \u0160\u012b regul\u0113jam\u012bba \u013cauj piel\u0101goties da\u017e\u0101diem darba apst\u0101k\u013ciem un slodzes pras\u012bbu izmai\u0146\u0101m, nodro\u0161inot optim\u0101lu veiktsp\u0113ju.<\/p>\n<h3>2. Prec\u012bza pozicion\u0113\u0161ana un vad\u012bba<\/h3>\n<p>Regul\u0113jami skavu tipa cilindri pied\u0101v\u0101 prec\u012bzas pozicion\u0113\u0161anas un vad\u012bbas iesp\u0113jas, padarot tos ide\u0101li piem\u0113rotus lietojumiem, kuriem nepiecie\u0161amas prec\u012bzas un kontrol\u0113tas kust\u012bbas. Sp\u0113ja prec\u012bzi noregul\u0113t g\u0101jiena garumu \u013cauj prec\u012bzi kontrol\u0113t cilindra pagarin\u0101jumu un ievilk\u0161anu, nodro\u0161inot prec\u012bzu kravu vai ma\u0161\u012bnu komponentu pozicion\u0113\u0161anu. \u0160is vad\u012bbas l\u012bmenis uzlabo darb\u012bbas efektivit\u0101ti, vienlaikus samazinot boj\u0101jumu vai negad\u012bjumu risku.<\/p>\n<h3>3. Paaugstin\u0101ta darb\u012bbas efektivit\u0101te<\/h3>\n<p>\u013baujot regul\u0113t g\u0101jiena garumu, regul\u0113jamie skavu tipa cilindri veicina darb\u012bbas efektivit\u0101tes pieaugumu. \u0160os cilindrus var optimiz\u0113t atbilsto\u0161i konkr\u0113taj\u0101m uzdevuma pras\u012bb\u0101m, nov\u0113r\u0161ot nevajadz\u012bgas kust\u012bbas un samazinot ener\u0123ijas pat\u0113ri\u0146u. Sp\u0113ja prec\u012bzi noregul\u0113t cilindra g\u0101jienu ar\u012b pal\u012bdz samazin\u0101t nodilumu, pagarinot cilindra kalpo\u0161anas laiku un samazinot apkopes izmaksas.<\/p>\n<h3>4. Uzlabota dro\u0161\u012bba un uzticam\u012bba<\/h3>\n<p>Regul\u0113jami skavu tipa cilindri pied\u0101v\u0101 uzlabotu dro\u0161\u012bbu un uzticam\u012bbu sal\u012bdzin\u0101jum\u0101 ar fiks\u0113ta g\u0101jiena cilindriem. Ar iesp\u0113ju regul\u0113t g\u0101jiena garumu operatori var nodro\u0161in\u0101t, ka cilindrs darbojas dro\u0161aj\u0101 darba diapazon\u0101. Tas pal\u012bdz nov\u0113rst p\u0101rm\u0113r\u012bgu izstiep\u0161anos vai p\u0101rm\u0113r\u012bgu ievilk\u0161anos, kas var\u0113tu izrais\u012bt iek\u0101rtu boj\u0101jumus vai negad\u012bjumus. \u0160o cilindru regul\u0113jamais raksturs \u013cauj ar\u012b \u0101tri piel\u0101goties main\u012bgaj\u0101m slodzes pras\u012bb\u0101m, uzlabojot kop\u0113jo sist\u0113mas uzticam\u012bbu.<\/p>\n<h3>5. Daudzpus\u012bgas lietojumprogrammas<\/h3>\n<p>Pateicoties to elast\u012bbai un piel\u0101gojam\u012bbai, regul\u0113jamie skavu tipa cilindri ir piem\u0113roti pla\u0161am nozaru un sektoru kl\u0101stam. Neatkar\u012bgi no t\u0101, vai tas ir r\u016bpniec\u012bbas ma\u0161\u012bn\u0101s, celtniec\u012bbas iek\u0101rt\u0101s vai lauksaimniec\u012bbas darbar\u012bkos, \u0161ie cilindri izce\u013cas ar da\u017e\u0101diem uzdevumiem. To sp\u0113ja piel\u0101goties da\u017e\u0101d\u0101m slodzes pras\u012bb\u0101m un ekspluat\u0101cijas apst\u0101k\u013ciem padara tos par daudzpus\u012bgu izv\u0113li daudziem hidraulisko sist\u0113mu pielietojumiem.<\/p>\n<p>Nosl\u0113gum\u0101 j\u0101secina, ka regul\u0113jami skavu tipa cilindri, piem\u0113ram, It\u0101lijas pieg\u0101d\u0101t\u0101ja virzu\u013ca divk\u0101r\u0161as darb\u012bbas hidraulisk\u0101 cilindra piekab\u0113m, pied\u0101v\u0101 iev\u0113rojamas priek\u0161roc\u012bbas hidrauliskaj\u0101s sist\u0113m\u0101s. To uzlabot\u0101 elast\u012bba, prec\u012bz\u0101 pozicion\u0113\u0161ana, paaugstin\u0101t\u0101 darb\u012bbas efektivit\u0101te, uzlabot\u0101 dro\u0161\u012bba un daudzpus\u012bba padara tos par iecien\u012btu izv\u0113li hidraulikas speci\u0101listu vid\u016b. Izmantojot \u0161os cilindrus, speci\u0101listi var optimiz\u0113t savas hidraulisk\u0101s sist\u0113mas, lai nodro\u0161in\u0101tu maksim\u0101lu veiktsp\u0113ju un uzticam\u012bbu.<\/p>\n<p><img decoding=\"async\" src=\"https:\/\/fmp-components.com\/wp-content\/uploads\/2024\/12\/Adjustable-Clevis-Type-Cylinders5.webp\" alt=\"Regul\u0113jams skavu tipa cilindrs\" width=\"800\" title=\"\"><\/p>\n<h2>Regul\u0113jamu skavu tipa cilindru pielietojums<\/h2>\n<p>Regul\u0113jami skavu tipa cilindri tiek pla\u0161i izmantoti da\u017e\u0101d\u0101s nozar\u0113s, pateicoties to daudzpus\u012bbai un piel\u0101gojam\u012bbai. Da\u017ei no visizplat\u012bt\u0101kajiem \u0161o cilindru pielietojumiem ir:<\/p>\n<h3>1. Lauksaimniec\u012bbas tehnika<\/h3>\n<p>Regul\u0113jamiem skavu tipa cilindriem ir galven\u0101 loma m\u016bsdienu lauksaimniec\u012bbas tehnik\u0101. \u0160os cilindrus parasti izmanto traktoros un cit\u0101s smagaj\u0101s tehnik\u0101, lai paceltu un p\u0101rvietotu smagas kravas. Piem\u0113ram, It\u0101lijas pieg\u0101d\u0101t\u0101ja virzu\u013cveida divk\u0101r\u0161as darb\u012bbas hidraulisk\u0101 cilindra piekabei var izmantot, lai paceltu arklu vai ec\u0113\u0161as, atvieglojot augsnes apstr\u0101di un sagatavo\u0161anu st\u0101d\u012b\u0161anai. \u0160os cilindrus var izmantot ar\u012b cita smaga lauksaimniec\u012bbas apr\u012bkojuma, piem\u0113ram, ap\u016bde\u0146o\u0161anas sist\u0113mu un graudu tvert\u0146u, pacel\u0161anai un p\u0101rvieto\u0161anai.<\/p>\n<h3>2. Celtniec\u012bbas iek\u0101rtas<\/h3>\n<p>Regul\u0113jamus skavu tipa cilindrus bie\u017ei izmanto ar\u012b celtniec\u012bbas apr\u012bkojum\u0101, piem\u0113ram, celt\u0146os, ekskavatoros un buldozeros. \u0160os cilindrus izmanto smagu kravu, piem\u0113ram, betona bloku, t\u0113rauda siju un citu b\u016bvmateri\u0101lu, pacel\u0161anai un p\u0101rvieto\u0161anai. It\u0101lijas pieg\u0101d\u0101t\u0101ja virzu\u013ca divk\u0101r\u0161as darb\u012bbas hidraulisk\u0101 cilindra piekabei var izmantot, lai paceltu un p\u0101rvietotu kausu uz front\u0101l\u0101 iekr\u0101v\u0113ja, atvieglojot augsnes un citu materi\u0101lu rak\u0161anu un transport\u0113\u0161anu. \u0160os cilindrus var izmantot ar\u012b cita smaga celtniec\u012bbas apr\u012bkojuma, piem\u0113ram, sastat\u0146u un betona veid\u0146u, pacel\u0161anai un p\u0101rvieto\u0161anai.<\/p>\n<h3>3. R\u016bpniecisk\u0101s iek\u0101rtas<\/h3>\n<p>Regul\u0113jami skavu tipa cilindri tiek izmantoti ar\u012b da\u017e\u0101d\u0101s r\u016bpniecisk\u0101s tehnikas pielietojumos, piem\u0113ram, hidrauliskaj\u0101s pres\u0113s, \u0161tanc\u0113\u0161anas ma\u0161\u012bn\u0101s un iesmidzin\u0101\u0161anas form\u0113\u0161anas ma\u0161\u012bn\u0101s. \u0160ie cilindri tiek izmantoti, lai pieliktu sp\u0113ku materi\u0101liem, piem\u0113ram, met\u0101lam vai plastmasai, lai tos veidotu vai veidotu. It\u0101lijas pieg\u0101d\u0101t\u0101ja virzu\u013ca divk\u0101r\u0161as darb\u012bbas hidraulisk\u0101 cilindra piekabei var izmantot, lai pieliktu sp\u0113ku veidnei \u0161tanc\u0113\u0161anas ma\u0161\u012bn\u0101, atvieglojot sare\u017e\u0123\u012btu formu un dizainu izveidi. \u0160os cilindrus var izmantot ar\u012b, lai pieliktu sp\u0113ku veidnei iesmidzin\u0101\u0161anas form\u0113\u0161anas ma\u0161\u012bn\u0101, atvieglojot plastmasas deta\u013cu un komponentu izveidi.<\/p>\n<h3>4. J\u016bras un atkl\u0101t\u0101s j\u016bras pielietojumi<\/h3>\n<p>Regul\u0113jamus skavu tipa cilindrus izmanto ar\u012b j\u016bras un atkl\u0101t\u0101 j\u016br\u0101, piem\u0113ram, naftas platform\u0101s, ku\u0123os un zem\u016bden\u0113s. \u0160ie cilindri tiek izmantoti da\u017e\u0101diem m\u0113r\u0137iem, piem\u0113ram, durvju un l\u016bku atv\u0113r\u0161anai un aizv\u0113r\u0161anai, apr\u012bkojuma pacel\u0161anai un nolai\u0161anai, k\u0101 ar\u012b zem\u016bdens transportl\u012bdzek\u013cu kust\u012bbas kontrolei. It\u0101lijas pieg\u0101d\u0101t\u0101ja virzu\u013ca divk\u0101r\u0161as darb\u012bbas hidraulisk\u0101 cilindra piekabei var izmantot, lai kontrol\u0113tu zem\u016bdens transportl\u012bdzek\u013ca kust\u012bbu, atvieglojot navig\u0101ciju zem\u016bdens vid\u0113. \u0160os cilindrus var izmantot ar\u012b, lai paceltu un nolaistu apr\u012bkojumu uz naftas platformas, atvieglojot apkopes un remonta veik\u0161anu.<\/p>\n<p>Regul\u0113jami skavu tipa cilindri ir daudzpus\u012bgi un piel\u0101gojami, padarot tos noder\u012bgus pla\u0161am pielietojumu kl\u0101stam. Neatkar\u012bgi no t\u0101, vai str\u0101d\u0101jat lauksaimniec\u012bb\u0101, b\u016bvniec\u012bb\u0101, r\u016bpniecisko iek\u0101rtu vai j\u016bras un j\u016bras pielietojumu jom\u0101, \u0161ie cilindri var pal\u012bdz\u0113t jums paveikt darbu efekt\u012bv\u0101k un lietder\u012bg\u0101k. Ar pareizo It\u0101lijas pieg\u0101d\u0101t\u0101ja virzu\u013ca divk\u0101r\u0161as darb\u012bbas hidraulisk\u0101 cilindra piekabei pal\u012bdz\u012bbu j\u016bs varat uzlabot sava apr\u012bkojuma veiktsp\u0113ju un sasniegt liel\u0101kus pan\u0101kumus sav\u0101 darb\u0101.<\/p>\n<p><img decoding=\"async\" src=\"https:\/\/fmp-components.com\/wp-content\/uploads\/2024\/12\/Application-of-Adjustable-Clevis-Type-Cylinders.webp\" alt=\"Regul\u0113jams skavu tipa cilindrs\" width=\"800\" title=\"\"><\/p>\n<h3>Par FMP<\/h3>\n<p>FMP ir uz\u0146\u0113mums, kas specializ\u0113jas hidraulisko cilindru ra\u017eo\u0161an\u0101 un p\u0101rdo\u0161an\u0101. Koncentr\u0113joties uz augstas kvalit\u0101tes celtniec\u012bbas tehnikas deta\u013cu un piln\u012bgu ma\u0161\u012bnu risin\u0101jumu pieg\u0101di, m\u0113s esam k\u013cuvu\u0161i par uzticamu partneri nozar\u0113. M\u016bsu daudzu gadu pieredze un profesion\u0101l\u0101 komanda atrodas It\u0101lij\u0101, un m\u0113s garant\u0113jam, ka klientiem pied\u0101v\u0101jam augst\u0101k\u0101s klases produktus un pakalpojumus.<\/p>\n<p><strong>M\u016bsu produktu kl\u0101sts:<\/strong><\/p>\n<ol>\n<li><strong>Lauksaimniec\u012bbas tehnikas p\u0101rnesumk\u0101rbas:<\/strong> M\u0113s pied\u0101v\u0101jam pla\u0161u p\u0101rnesumk\u0101rbu kl\u0101stu, kas \u012bpa\u0161i paredz\u0113tas lauksaimniec\u012bbas tehnikai. \u0160\u012bs p\u0101rnesumk\u0101rbas ir iztur\u012bgas un efekt\u012bvas, nodro\u0161inot vienm\u0113r\u012bgu un uzticamu darb\u012bbu.<\/li>\n<li><strong>Hidrauliskie cilindri:<\/strong> M\u016bsu hidrauliskie cilindri ir ra\u017eoti atbilsto\u0161i augst\u0101kajiem standartiem, lai nodro\u0161in\u0101tu izcilu veiktsp\u0113ju un iztur\u012bbu. Tie ir izstr\u0101d\u0101ti, lai iztur\u0113tu lielas slodzes un skarbus ekspluat\u0101cijas apst\u0101k\u013cus, garant\u0113jot optim\u0101lu efektivit\u0101ti un uzticam\u012bbu.<\/li>\n<li><strong>Plan\u0113tu p\u0101rnesumk\u0101rbas:<\/strong> M\u0113s pied\u0101v\u0101jam plan\u0113tu p\u0101rnesumk\u0101rbas, kas ir konstru\u0113tas prec\u012bzai un iztur\u012bgai lieto\u0161anai. \u0160\u012bs p\u0101rnesumk\u0101rbas pied\u0101v\u0101 augstu griezes momenta jaudu un vienm\u0113r\u012bgu darb\u012bbu, padarot t\u0101s ide\u0101li piem\u0113rotas da\u017e\u0101diem pielietojumiem b\u016bvniec\u012bbas tehnikas nozar\u0113.<\/li>\n<li><strong>R\u016bpniecisk\u0101s p\u0101rnesumk\u0101rbas:<\/strong> M\u016bsu r\u016bpniecisko p\u0101rnesumk\u0101rbu kl\u0101sts ir izstr\u0101d\u0101ts, lai apmierin\u0101tu da\u017e\u0101du nozaru da\u017e\u0101d\u0101s vajadz\u012bbas. \u0160\u012bs p\u0101rnesumk\u0101rbas ir paz\u012bstamas ar savu uzticam\u012bbu, efektivit\u0101ti un ilgu kalpo\u0161anas laiku.<\/li>\n<li><strong>Lauksaimniec\u012bbas tehnikas deta\u013cas un piederumi:<\/strong> Papildus p\u0101rnesumk\u0101rb\u0101m un hidrauliskajiem cilindriem m\u0113s pied\u0101v\u0101jam ar\u012b pla\u0161u lauksaimniec\u012bbas tehnikas deta\u013cu un piederumu kl\u0101stu. \u0160\u012bs sast\u0101vda\u013cas ir r\u016bp\u012bgi atlas\u012btas, lai nodro\u0161in\u0101tu sader\u012bbu un optim\u0101lu veiktsp\u0113ju.<\/li>\n<\/ol>\n<p><strong>M\u016bsu uz\u0146\u0113muma priek\u0161roc\u012bbas:<\/strong><\/p>\n<ol>\n<li><strong>Stingri kvalit\u0101tes standarti:<\/strong> Mums ir izveidoju\u0161\u0101s ilgtermi\u0146a un stabilas attiec\u012bbas ar augstas kvalit\u0101tes pieg\u0101d\u0101t\u0101jiem gan viet\u0113j\u0101, gan starptautisk\u0101 m\u0113rog\u0101. Tas \u013cauj mums nodro\u0161in\u0101t, ka visas m\u016bsu pieg\u0101d\u0101t\u0101s deta\u013cas atbilst stingriem kvalit\u0101tes standartiem.<\/li>\n<li><strong>Pieredz\u0113jusi p\u0101rdo\u0161anas komanda:<\/strong> M\u016bsu p\u0101rdo\u0161anas komanda ir \u013coti labi inform\u0113ta par att\u012bst\u012bbas tendenc\u0113m un klientu vajadz\u012bb\u0101m b\u016bvniec\u012bbas tehnikas nozar\u0113. Vi\u0146i sniedz profesion\u0101las produktu konsult\u0101cijas un p\u0101rdom\u0101tus pirk\u0161anas ieteikumus, lai pal\u012bdz\u0113tu klientiem pie\u0146emt p\u0101rdom\u0101tus l\u0113mumus.<\/li>\n<li><strong>Efekt\u012bva lo\u0123istikas izplat\u012b\u0161ana:<\/strong> Mums ir efekt\u012bva lo\u0123istikas izplat\u012b\u0161anas sist\u0113ma, kas nodro\u0161ina, ka klienti savlaic\u012bgi un prec\u012bzi sa\u0146em nepiecie\u0161am\u0101s deta\u013cas. Tas \u013cauj samazin\u0101t d\u012bkst\u0101ves laiku un sasniegt maksim\u0101lu produktivit\u0101ti.<\/li>\n<li><strong>Uzticams serviss:<\/strong> M\u0113s priorit\u0101ri izvirz\u0101m klientu apmierin\u0101t\u012bbu un vienm\u0113r cen\u0161amies nodro\u0161in\u0101t izcilu apkalpo\u0161anu. M\u016bsu \u012bpa\u0161i izveidot\u0101 komanda vienm\u0113r ir gatava atbild\u0113t uz visiem jaut\u0101jumiem vai ba\u017e\u0101m, nodro\u0161inot m\u016bsu klientiem netrauc\u0113tu un bezr\u016bp\u012bgu pieredzi.<\/li>\n<li><strong>Nep\u0101rtraukta uzlabo\u0161ana:<\/strong> M\u0113s esam ap\u0146\u0113mu\u0161ies nep\u0101rtraukti pilnveidoties un sekot l\u012bdzi jaun\u0101kajiem sasniegumiem nozar\u0113. Tas \u013cauj mums pied\u0101v\u0101t inovat\u012bvus risin\u0101jumus un saglab\u0101t savu poz\u012bciju k\u0101 uzticams celtniec\u012bbas tehnikas deta\u013cu un pilnu iek\u0101rtu pieg\u0101d\u0101t\u0101js.<\/li>\n<\/ol>\n<p><img decoding=\"async\" src=\"https:\/\/fmp-components.com\/wp-content\/uploads\/2024\/12\/Adjustable-Clevis-Type-Cylinders-6.webp\" alt=\"Regul\u0113jams skavu tipa cilindrs\" width=\"849\" title=\"\"><\/p>\n<h4>Bie\u017ei uzdotie jaut\u0101jumi<\/h4>\n<p><b>J: Vai j\u016bs esat tirdzniec\u012bbas uz\u0146\u0113mums vai ra\u017eot\u0101js?<\/b><br \/>\nA: M\u0113s esam r\u016bpn\u012bca, kas ra\u017eo un eksport\u0113 hidrauliskos cilindrus.<\/p>\n<p><b>J: K\u0101ds ir virzu\u013ca divk\u0101r\u0161\u0101s darb\u012bbas cilindra pieg\u0101des laiks?<\/b><br \/>\nA: Parasti pieg\u0101des laiks ir 25\u201335 dienas.<\/p>\n<p><b>J: Vai j\u016bs sniedzat paraugus? Ja j\u0101, vai tas ir bez maksas vai par maksu?<\/b><br \/>\nA: J\u0101, m\u0113s nodro\u0161in\u0101m paraugus. Tom\u0113r tie nav bez maksas.<\/p>\n<p><img decoding=\"async\" src=\"https:\/\/img.jiansujichilun.com\/img\/hydrauliccylinders\/C_hydrauliccylinders-4.webp\" alt=\"hidrauliskais cilindrs\" width=\"800\" title=\"\"><\/p>\n<p>Autors: CX<\/p>","protected":false},"excerpt":{"rendered":"<p>Italy Supplier Piston Double Acting Hydraulic Ram Cylinder For Trailer is a top-notch product that is designed to provide exceptional performance and reliability. This cylinder is manufactured by a reputable supplier in Italy, known for their expertise in hydraulic systems. Featuring a piston design, this hydraulic ram cylinder ensures efficient operation in both directions. It [&hellip;]<\/p>","protected":false},"featured_media":1338,"comment_status":"closed","ping_status":"closed","template":"","meta":{"_et_pb_use_builder":"","_et_pb_old_content":"","_et_gb_content_width":""},"product_brand":[],"product_cat":[39],"product_tag":[41,34],"class_list":{"0":"post-1387","1":"product","2":"type-product","3":"status-publish","4":"has-post-thumbnail","6":"product_cat-adjustable-clevis-type-cylinders","7":"product_tag-adjustable-clevis-type-cylinders","8":"product_tag-hydraulic-cylinder","10":"first","11":"instock","12":"product-type-simple"},"_links":{"self":[{"href":"https:\/\/fmp-components.com\/lv\/wp-json\/wp\/v2\/product\/1387","targetHints":{"allow":["GET"]}}],"collection":[{"href":"https:\/\/fmp-components.com\/lv\/wp-json\/wp\/v2\/product"}],"about":[{"href":"https:\/\/fmp-components.com\/lv\/wp-json\/wp\/v2\/types\/product"}],"replies":[{"embeddable":true,"href":"https:\/\/fmp-components.com\/lv\/wp-json\/wp\/v2\/comments?post=1387"}],"wp:featuredmedia":[{"embeddable":true,"href":"https:\/\/fmp-components.com\/lv\/wp-json\/wp\/v2\/media\/1338"}],"wp:attachment":[{"href":"https:\/\/fmp-components.com\/lv\/wp-json\/wp\/v2\/media?parent=1387"}],"wp:term":[{"taxonomy":"product_brand","embeddable":true,"href":"https:\/\/fmp-components.com\/lv\/wp-json\/wp\/v2\/product_brand?post=1387"},{"taxonomy":"product_cat","embeddable":true,"href":"https:\/\/fmp-components.com\/lv\/wp-json\/wp\/v2\/product_cat?post=1387"},{"taxonomy":"product_tag","embeddable":true,"href":"https:\/\/fmp-components.com\/lv\/wp-json\/wp\/v2\/product_tag?post=1387"}],"curies":[{"name":"wp","href":"https:\/\/api.w.org\/{rel}","templated":true}]}}