{"id":1384,"date":"2024-12-23T02:19:41","date_gmt":"2024-12-23T02:19:41","guid":{"rendered":"https:\/\/fmp-components.com\/product\/high-quality-small-adjustable-welded-hydraulic-cylinder\/"},"modified":"2024-12-23T02:36:07","modified_gmt":"2024-12-23T02:36:07","slug":"high-quality-small-adjustable-welded-hydraulic-cylinder","status":"publish","type":"product","link":"https:\/\/fmp-components.com\/lv\/product\/high-quality-small-adjustable-welded-hydraulic-cylinder\/","title":{"rendered":"Augstas kvalit\u0101tes mazs regul\u0113jams metin\u0101ts hidrauliskais cilindrs"},"content":{"rendered":"<p>Augstas kvalit\u0101tes mazais regul\u0113jamais metin\u0101tais hidrauliskais cilindrs ir oblig\u0101ts pirkums ikvienam, kam nepiecie\u0161ama uzticama hidraulisk\u0101 sist\u0113ma. T\u0101 regul\u0113jamais dizains \u013cauj to viegli piel\u0101got j\u016bsu \u012bpa\u0161aj\u0101m vajadz\u012bb\u0101m, un t\u0101 metin\u0101t\u0101 konstrukcija nodro\u0161ina maksim\u0101lu iztur\u012bbu un ilgm\u016b\u017e\u012bbu.<\/p>\n<p>Pateicoties kompaktajam izm\u0113ram, \u0161is hidrauliskais cilindrs ir lieliski piem\u0113rots lieto\u0161anai \u0161aur\u0101s viet\u0101s, kur liel\u0101ki cilindri neb\u016btu praktiski. T\u0101 augstas kvalit\u0101tes konstrukcijas materi\u0101li nodro\u0161ina, ka tas var tikt gal\u0101 pat ar vissare\u017e\u0123\u012bt\u0101kajiem pielietojumiem, padarot to par daudzpus\u012bgu risin\u0101jumu pla\u0161am hidraulisko vajadz\u012bbu kl\u0101stam.<\/p>\n<p>Neatkar\u012bgi no t\u0101, vai v\u0113laties uzlabot eso\u0161\u0101s hidraulisk\u0101s sist\u0113mas veiktsp\u0113ju vai ar\u012b jums ir nepiecie\u0161ams pavisam jauns hidrauliskais cilindrs, augstas kvalit\u0101tes mazais regul\u0113jamais metin\u0101tais hidrauliskais cilindrs ir lieliska izv\u0113le. T\u0101 izcil\u0101 kvalit\u0101te, uzticam\u012bba un veiktsp\u0113ja noteikti p\u0101rsniegs j\u016bsu cer\u012bbas un nodro\u0161in\u0101s jums iztur\u012bgu un ilgm\u016b\u017e\u012bgu hidraulisko sist\u0113mu, kas nepiecie\u0161ama, lai darbu paveiktu pareizi.<\/p>\n<p><img loading=\"lazy\" decoding=\"async\" class=\"alignnone size-full wp-image-1334\" src=\"https:\/\/fmp-components.com\/wp-content\/uploads\/2024\/12\/Adjustable-Clevis-Type-Cylinders-4.webp\" alt=\"Regul\u0113jami skavu tipa cilindri\" width=\"800\" height=\"800\" title=\"\" srcset=\"https:\/\/fmp-components.com\/wp-content\/uploads\/2024\/12\/Adjustable-Clevis-Type-Cylinders-4.webp 800w, https:\/\/fmp-components.com\/wp-content\/uploads\/2024\/12\/Adjustable-Clevis-Type-Cylinders-4-480x480.webp 480w\" sizes=\"(min-width: 0px) and (max-width: 480px) 480px, (min-width: 481px) 800px, 100vw\" \/><\/p>\n<h2>Regul\u0113jamu skavu tipa cilindru priek\u0161roc\u012bbas<\/h2>\n<p>Regul\u0113jami skavas tipa cilindri, \u012bpa\u0161i augstas kvalit\u0101tes mazi regul\u0113jami metin\u0101ti hidrauliskie cilindri, pied\u0101v\u0101 daudzas priek\u0161roc\u012bbas sal\u012bdzin\u0101jum\u0101 ar cita veida cilindriem. \u0160eit ir da\u017eas regul\u0113jamu skavas tipa cilindru izmanto\u0161anas priek\u0161roc\u012bbas:<\/p>\n<ol>\n<li><strong>Elast\u012bba:<\/strong> Regul\u0113jam\u0101 skavu savienojuma d\u0113\u013c ir viegli uzst\u0101d\u012bt, jo to var pagriezt par 360 gr\u0101diem. Tas atvieglo cilindra regul\u0113\u0161anu jebkur\u0101 virzien\u0101, padarot to ide\u0101li piem\u0113rotu lietojumiem ierobe\u017eot\u0101 telp\u0101 vai gad\u012bjumos, kad nepiecie\u0161ami da\u017e\u0101di mont\u0101\u017eas le\u0146\u0137i.<\/li>\n<li><strong>Regul\u0113jam\u012bba:<\/strong> K\u0101 jau nosaukums nor\u0101da, regul\u0113jamus cilindrus ar skavu var piel\u0101got konkr\u0113tiem pielietojumiem. Tas ir t\u0101p\u0113c, ka skavu var p\u0101rvietot uz aug\u0161u un uz leju pa virzu\u013ca stieni, \u013caujot prec\u012bzi noregul\u0113t g\u0101jiena garumu. Tas noz\u012bm\u0113, ka cilindru var piel\u0101got da\u017e\u0101d\u0101m uzst\u0101d\u012b\u0161anas pras\u012bb\u0101m, padarot to daudzpus\u012bg\u0101ku nek\u0101 cita veida cilindri.<\/li>\n<li><strong>Augsta precizit\u0101te:<\/strong> Regul\u0113jamie skavu tipa cilindri ir izstr\u0101d\u0101ti, lai nodro\u0161in\u0101tu \u0101rk\u0101rt\u012bgi prec\u012bzus rezult\u0101tus ar augstu atk\u0101rtojam\u012bbu un precizit\u0101ti. Tas ir pateicoties augstas kvalit\u0101tes materi\u0101lu un progres\u012bvu ra\u017eo\u0161anas meto\u017eu izmanto\u0161anai, kas nodro\u0161ina cilindra vienm\u0113r\u012bgu un uzticamu darb\u012bbu pat skarbos apst\u0101k\u013cos.<\/li>\n<li><strong>Efekt\u012bvs:<\/strong> Regul\u0113jami skavu tipa cilindri ir \u013coti efekt\u012bvi, kas noz\u012bm\u0113, ka tie var nodro\u0161in\u0101t daudz jaudas, izmantojot maz\u0101k ener\u0123ijas nek\u0101 cita veida cilindri. Tas ir t\u0101p\u0113c, ka tie ir izstr\u0101d\u0101ti, lai samazin\u0101tu berzi un nodilumu, kas samazina cilindra darbin\u0101\u0161anai nepiecie\u0161amo ener\u0123ijas daudzumu. Tas padara tos ide\u0101li piem\u0113rotus lietojumiem, kuros svar\u012bga ir energoefektivit\u0101te.<\/li>\n<li><strong>Iztur\u012bgs:<\/strong> Augstas kvalit\u0101tes mazie, regul\u0113jamie metin\u0101tie hidrauliskie cilindri ir rad\u012bti ilgam kalpo\u0161anas laikam, ar iztur\u012bgu konstrukciju un augstas kvalit\u0101tes materi\u0101liem, kas var iztur\u0113t skarbus ekspluat\u0101cijas apst\u0101k\u013cus. Cilindri ir iztur\u012bgi pret koroziju, nodilumu un ekstrem\u0101l\u0101m temperat\u016br\u0101m, padarot tos ide\u0101li piem\u0113rotus pla\u0161am r\u016bpniecisko pielietojumu kl\u0101stam.<\/li>\n<\/ol>\n<p>Nosl\u0113gum\u0101 j\u0101secina, ka regul\u0113jamie skavu tipa cilindri pied\u0101v\u0101 nep\u0101rsp\u0113jamu elast\u012bbu, regul\u0113jam\u012bbu, precizit\u0101ti, efektivit\u0101ti un iztur\u012bbu. \u0160ie cilindri ir ide\u0101li piem\u0113roti pla\u0161am r\u016bpniecisko un komerci\u0101lo pielietojumu kl\u0101stam un ir \u012bpa\u0161i piem\u0113roti tiem, kam nepiecie\u0161ama augsta precizit\u0101te un efektivit\u0101te. Izv\u0113loties regul\u0113jamos skavu tipa cilindrus, noteikti izv\u0113lieties augstas kvalit\u0101tes mazus regul\u0113jamus metin\u0101tus hidrauliskos cilindrus, kas nodro\u0161in\u0101s vislab\u0101ko veiktsp\u0113ju un ilgm\u016b\u017e\u012bbu.<img decoding=\"async\" src=\"https:\/\/fmp-components.com\/wp-content\/uploads\/2024\/12\/Adjustable-Clevis-Type-Cylinders5.webp\" alt=\"Regul\u0113jams skavu tipa cilindrs\" width=\"800\" title=\"\"><\/p>\n<h2>Regul\u0113jamu skavu tipa cilindru pielietojums<\/h2>\n<p>Regul\u0113jami skavu tipa cilindri ir hidrauliskie cilindri, kurus var regul\u0113t da\u017e\u0101d\u0101m mont\u0101\u017eas poz\u012bcij\u0101m. Tos izmanto da\u017e\u0101d\u0101s nozar\u0113s da\u017e\u0101diem pielietojumiem. \u0160eit ir da\u017ei no visizplat\u012bt\u0101kajiem regul\u0113jamo skavu tipa cilindru pielietojumiem:<\/p>\n<ul>\n<li style=\"list-style-type: none;\">\n<ul>\n<li><strong>R\u016bpniecisk\u0101 automatiz\u0101cija<\/strong><\/li>\n<\/ul>\n<\/li>\n<\/ul>\n<p>Regul\u0113jami skavu tipa cilindri tiek izmantoti da\u017e\u0101dos r\u016bpniecisk\u0101s automatiz\u0101cijas procesos. \u0160ie cilindri tiek pla\u0161i izmantoti iesp\u012bl\u0113\u0161anai, pres\u0113\u0161anai un caurumo\u0161anai. Tos var viegli piel\u0101got da\u017e\u0101d\u0101m mont\u0101\u017eas poz\u012bcij\u0101m, padarot tos piem\u0113rotus izmanto\u0161anai da\u017e\u0101d\u0101s ma\u0161\u012bn\u0101s un iek\u0101rt\u0101s.<\/p>\n<ul>\n<li style=\"list-style-type: none;\">\n<ul>\n<li><strong>Celtniec\u012bbas tehnika<\/strong><\/li>\n<\/ul>\n<\/li>\n<\/ul>\n<p>Augstas kvalit\u0101tes mazi, regul\u0113jami metin\u0101ti hidrauliskie cilindri parasti tiek izmantoti celtniec\u012bbas ma\u0161\u012bn\u0101s. \u0160ie cilindri tiek izmantoti da\u017e\u0101d\u0101s ma\u0161\u012bn\u0101s, piem\u0113ram, ekskavatoros, buldozeros un iekr\u0101v\u0113jos. Tos izmanto t\u0101diem uzdevumiem k\u0101 rak\u0161ana, plan\u0113\u0161ana un smagu kravu cel\u0161ana.<\/p>\n<ul>\n<li style=\"list-style-type: none;\">\n<ul>\n<li><strong>Lauksaimniec\u012bbas tehnika<\/strong><\/li>\n<\/ul>\n<\/li>\n<\/ul>\n<p>Regul\u0113jami skavu tipa cilindri tiek izmantoti lauksaimniec\u012bbas ma\u0161\u012bn\u0101s, piem\u0113ram, traktoros, kombainos un kultivatoros. Tos izmanto t\u0101diem uzdevumiem k\u0101 da\u017e\u0101du ma\u0161\u012bnu da\u013cu pacel\u0161ana un nolai\u0161ana, arkla augstuma regul\u0113\u0161ana un ma\u0161\u012bn\u0101s izmantoto \u0161\u0137idrumu pl\u016bsmas kontrole.<\/p>\n<ul>\n<li style=\"list-style-type: none;\">\n<ul>\n<li><strong>Materi\u0101lu apstr\u0101des iek\u0101rtas<\/strong><\/li>\n<\/ul>\n<\/li>\n<\/ul>\n<p>Regul\u0113jami skavu tipa cilindri tiek izmantoti ar\u012b materi\u0101lu apstr\u0101des iek\u0101rt\u0101s, piem\u0113ram, iekr\u0101v\u0113jos un celt\u0146os. Tos izmanto t\u0101diem uzdevumiem k\u0101 smagu kravu cel\u0161ana un nolai\u0161ana, dak\u0161u noliek\u0161ana un celt\u0146a rokas kust\u012bbas vad\u012bba.<\/p>\n<ul>\n<li style=\"list-style-type: none;\">\n<ul>\n<li><strong>J\u016bras un piekrastes apr\u012bkojums<\/strong><\/li>\n<\/ul>\n<\/li>\n<\/ul>\n<p>Regul\u0113jami skavu tipa cilindri tiek izmantoti j\u016bras un atkl\u0101tas j\u016bras apr\u012bkojum\u0101, piem\u0113ram, ku\u0123os un naftas platform\u0101s. Tos izmanto t\u0101diem uzdevumiem k\u0101 v\u0101rstu atv\u0113r\u0161ana un aizv\u0113r\u0161ana, ku\u0123a st\u016bres kust\u012bbas kontrole un platform\u0101 izmantot\u0101 celt\u0146a kust\u012bbas kontrole.<\/p>\n<p>Nosl\u0113gum\u0101 j\u0101saka, ka regul\u0113jami skavu tipa cilindri ir daudzpus\u012bgi hidrauliskie cilindri, kas tiek izmantoti da\u017e\u0101d\u0101s nozar\u0113s da\u017e\u0101diem uzdevumiem. To sp\u0113ja piel\u0101goties da\u017e\u0101d\u0101m mont\u0101\u017eas poz\u012bcij\u0101m padara tos piem\u0113rotus lieto\u0161anai da\u017e\u0101d\u0101s ma\u0161\u012bn\u0101s un iek\u0101rt\u0101s. Augstas kvalit\u0101tes mazu, regul\u0113jamu, metin\u0101tu hidraulisko cilindru izmanto\u0161ana nodro\u0161ina cilindru iztur\u012bbu un uzticam\u012bbu, padarot tos piem\u0113rotus lieto\u0161anai skarbos un pras\u012bgos apst\u0101k\u013cos.<img decoding=\"async\" src=\"https:\/\/fmp-components.com\/wp-content\/uploads\/2024\/12\/Application-of-Adjustable-Clevis-Type-Cylinders.webp\" alt=\"Regul\u0113jams skavu tipa cilindrs\" width=\"800\" title=\"\"><\/p>\n<h3>Par FMP hidraulisko cilindru<\/h3>\n<p>FMP ir vado\u0161ais uz\u0146\u0113mums, kas specializ\u0113jas celtniec\u012bbas tehnikas deta\u013cu un pilnu iek\u0101rtu p\u0101rdo\u0161an\u0101 un apkalpo\u0161an\u0101. M\u0113s lepojamies, ka pied\u0101v\u0101jam augstas kvalit\u0101tes hidraulisko cilindru risin\u0101jumus m\u016bsu klientiem vis\u0101 pasaul\u0113.<\/p>\n<p>\u0160eit ir da\u017eas no galvenaj\u0101m FMP hidraulisk\u0101 cilindra izv\u0113les priek\u0161roc\u012bb\u0101m:<\/p>\n<ul>\n<li><strong>Augstas kvalit\u0101tes materi\u0101li:<\/strong> M\u016bsu hidraulisko cilindru ra\u017eo\u0161an\u0101 m\u0113s izmantojam tikai augstas kvalit\u0101tes materi\u0101lus, nodro\u0161inot to iztur\u012bbu un uzticam\u012bbu ilgsto\u0161ai lieto\u0161anai. M\u016bsu produkti ir izstr\u0101d\u0101ti, lai iztur\u0113tu pat vissmag\u0101kos darba apst\u0101k\u013cus.<\/li>\n<li><strong>Pla\u0161s iesp\u0113ju kl\u0101sts:<\/strong> M\u016bsu hidraulisko cilindru produktu kl\u0101st\u0101 ir da\u017e\u0101du veidu cilindri, piem\u0113ram, cilindri ar \u0161arn\u012brstiep\u0146iem, metin\u0101ti cilindri un regul\u0113jami skavu tipa cilindri utt. M\u0113s pied\u0101v\u0101jam ar\u012b piel\u0101gotus risin\u0101jumus, lai apmierin\u0101tu \u012bpa\u0161as klientu pras\u012bbas.<\/li>\n<li><strong>Stingra kvalit\u0101tes kontrole:<\/strong> Esam izveidoju\u0161i ilgtermi\u0146a un stabilas sadarb\u012bbas attiec\u012bbas ar daudziem augstas kvalit\u0101tes pieg\u0101d\u0101t\u0101jiem gan m\u0101j\u0101s, gan \u0101rzem\u0113s, nodro\u0161inot, ka visas pieg\u0101d\u0101t\u0101s deta\u013cas atbilst stingriem kvalit\u0101tes standartiem. Turkl\u0101t m\u016bsu hidrauliskie cilindri pirms pieg\u0101des tiek pak\u013cauti stingr\u0101m p\u0101rbaudes proced\u016br\u0101m, lai nodro\u0161in\u0101tu, ka tie atbilst m\u016bsu stingraj\u0101m kvalit\u0101tes pras\u012bb\u0101m.<\/li>\n<li><strong>Pieredz\u0113jusi p\u0101rdo\u0161anas komanda:<\/strong> M\u016bsu p\u0101rdo\u0161anas komanda ir pieredz\u0113jusi un zino\u0161a b\u016bvniec\u012bbas tehnikas nozar\u0113, un var sniegt klientiem profesion\u0101las konsult\u0101cijas un p\u0101rdom\u0101tus pirk\u0161anas ieteikumus.<\/li>\n<li><strong>Efekt\u012bva lo\u0123istikas izplat\u012b\u0161ana:<\/strong> Mums ir efekt\u012bva lo\u0123istikas izplat\u012b\u0161anas sist\u0113ma, lai nodro\u0161in\u0101tu, ka klienti savlaic\u012bgi un prec\u012bzi sa\u0146em nepiecie\u0161am\u0101s deta\u013cas. M\u016bsu uzticamais pieg\u0101des pakalpojums pal\u012bdz nodro\u0161in\u0101t m\u016bsu klientu projektu netrauc\u0113tu norisi.<\/li>\n<\/ul>\n<p>Uz\u0146\u0113mum\u0101 FMP m\u0113s ticam, ka m\u016bsu klientiem ir j\u0101nodro\u0161ina augstas kvalit\u0101tes un uzticami hidraulisko cilindru risin\u0101jumi. Pateicoties m\u016bsu daudzu gadu pieredzei nozar\u0113 un profesion\u0101lajai komandai, m\u0113s varam nodro\u0161in\u0101t klientiem personaliz\u0113tus risin\u0101jumus, kas atbilst vi\u0146u \u012bpa\u0161aj\u0101m vajadz\u012bb\u0101m. Sazinieties ar mums jau \u0161odien, lai uzzin\u0101tu vair\u0101k par m\u016bsu produktiem un pakalpojumiem!<\/p>\n<p><img decoding=\"async\" src=\"https:\/\/fmp-components.com\/wp-content\/uploads\/2024\/12\/Adjustable-Clevis-Type-Cylinders-6.webp\" alt=\"Regul\u0113jams skavu tipa cilindrs\" width=\"846\" title=\"\"><\/p>\n<h2>Bie\u017ei uzdotie jaut\u0101jumi<\/h2>\n<p><b>J: K\u0101ds ir augstas kvalit\u0101tes maz\u0101 regul\u0113jam\u0101 metin\u0101t\u0101 hidraulisk\u0101 cilindra pieg\u0101des laiks?<\/b><br \/>\nA: Visp\u0101r\u0113jais pieg\u0101des laiks ir 25\u201335 dienas.<\/p>\n<p><b>J: Vai es varu ieg\u016bt augstas kvalit\u0101tes maza, regul\u0113jama metin\u0101ta hidraulisk\u0101 cilindra paraugu?<\/b><br \/>\nA: J\u0101, m\u0113s pied\u0101v\u0101jam paraugus, bet tie nav bez maksas.<\/p>\n<p><b>J: Vai augstas kvalit\u0101tes mazo regul\u0113jamo metin\u0101to hidraulisko cilindru var piel\u0101got atbilsto\u0161i man\u0101m pras\u012bb\u0101m?<\/b><br \/>\nA: J\u0101, m\u0113s varam izgatavot cilindrus p\u0113c j\u016bsu paraugiem vai tehniskajiem ras\u0113jumiem. M\u0113s varam ar\u012b izveidot veidnes un armat\u016bru, kas atbilst j\u016bsu \u012bpa\u0161aj\u0101m pras\u012bb\u0101m.<\/p>\n<p><img decoding=\"async\" src=\"https:\/\/img.jiansujichilun.com\/img\/hydrauliccylinders\/T_hydrauliccylinders-5.webp\" alt=\"hidrauliskais cilindrs\" width=\"800\" title=\"\"><\/p>\n<p>Autors: CX<\/p>","protected":false},"excerpt":{"rendered":"<p>The High Quality Small Adjustable Welded Hydraulic Cylinder is a must-have for anyone in need of a reliable hydraulic system. Its adjustable design allows for easy customization to fit your specific needs, and its welded construction ensures maximum durability and longevity. With its compact size, this hydraulic cylinder is perfect for use in tight spaces [&hellip;]<\/p>","protected":false},"featured_media":1338,"comment_status":"closed","ping_status":"closed","template":"","meta":{"_et_pb_use_builder":"","_et_pb_old_content":"","_et_gb_content_width":""},"product_brand":[],"product_cat":[39],"product_tag":[41,34],"class_list":{"0":"post-1384","1":"product","2":"type-product","3":"status-publish","4":"has-post-thumbnail","6":"product_cat-adjustable-clevis-type-cylinders","7":"product_tag-adjustable-clevis-type-cylinders","8":"product_tag-hydraulic-cylinder","10":"first","11":"instock","12":"product-type-simple"},"_links":{"self":[{"href":"https:\/\/fmp-components.com\/lv\/wp-json\/wp\/v2\/product\/1384","targetHints":{"allow":["GET"]}}],"collection":[{"href":"https:\/\/fmp-components.com\/lv\/wp-json\/wp\/v2\/product"}],"about":[{"href":"https:\/\/fmp-components.com\/lv\/wp-json\/wp\/v2\/types\/product"}],"replies":[{"embeddable":true,"href":"https:\/\/fmp-components.com\/lv\/wp-json\/wp\/v2\/comments?post=1384"}],"wp:featuredmedia":[{"embeddable":true,"href":"https:\/\/fmp-components.com\/lv\/wp-json\/wp\/v2\/media\/1338"}],"wp:attachment":[{"href":"https:\/\/fmp-components.com\/lv\/wp-json\/wp\/v2\/media?parent=1384"}],"wp:term":[{"taxonomy":"product_brand","embeddable":true,"href":"https:\/\/fmp-components.com\/lv\/wp-json\/wp\/v2\/product_brand?post=1384"},{"taxonomy":"product_cat","embeddable":true,"href":"https:\/\/fmp-components.com\/lv\/wp-json\/wp\/v2\/product_cat?post=1384"},{"taxonomy":"product_tag","embeddable":true,"href":"https:\/\/fmp-components.com\/lv\/wp-json\/wp\/v2\/product_tag?post=1384"}],"curies":[{"name":"wp","href":"https:\/\/api.w.org\/{rel}","templated":true}]}}