{"id":1382,"date":"2024-12-23T02:19:41","date_gmt":"2024-12-23T02:19:41","guid":{"rendered":"https:\/\/fmp-components.com\/product\/hot-selling-adjustable-hydraulic-piston-cylinder-for-sale\/"},"modified":"2024-12-23T02:35:58","modified_gmt":"2024-12-23T02:35:58","slug":"hot-selling-adjustable-hydraulic-piston-cylinder-for-sale","status":"publish","type":"product","link":"https:\/\/fmp-components.com\/lv\/product\/hot-selling-adjustable-hydraulic-piston-cylinder-for-sale\/","title":{"rendered":"Karsti p\u0101rdo\u0161an\u0101 eso\u0161s regul\u0113jams hidrauliskais virzu\u013ccilindrs"},"content":{"rendered":"<h2>Karsti p\u0101rdo\u0161an\u0101 eso\u0161s regul\u0113jams hidrauliskais virzu\u013ccilindrs<\/h2>\n<p>Karsti p\u0101rdotais regul\u0113jamais hidrauliskais virzu\u013ccilindrs ir b\u016btiska hidraulisko sist\u0113mu sast\u0101vda\u013ca. Tas ir paredz\u0113ts, lai p\u0101rveidotu \u0161\u0137idruma spiediena ener\u0123iju line\u0101r\u0101 kust\u012bb\u0101. \u0160is cilindrs ir ide\u0101li piem\u0113rots izmanto\u0161anai da\u017e\u0101dos r\u016bpnieciskos pielietojumos.<\/p>\n<p>\u0160\u012b cilindra regul\u0113jam\u0101 funkcija padara to par daudzpus\u012bgu izv\u0113li ma\u0161\u012bn\u0101m, kur\u0101m nepiecie\u0161ama prec\u012bza pozicion\u0113\u0161ana. Tas \u013cauj viegli regul\u0113t g\u0101jiena garumu, padarot to piem\u0113rotu lieto\u0161anai pla\u0161\u0101 pielietojumu kl\u0101st\u0101.<\/p>\n<p>Viena no \u0161\u012b cilindra galvenaj\u0101m priek\u0161roc\u012bb\u0101m ir t\u0101 iztur\u012bba. Tas ir paredz\u0113ts, lai iztur\u0113tu lielas slodzes un augstspiediena pielietojumus, padarot to ide\u0101li piem\u0113rotu lieto\u0161anai sare\u017e\u0123\u012btos apst\u0101k\u013cos. Turkl\u0101t tas ir izgatavots no augstas kvalit\u0101tes materi\u0101liem, nodro\u0161inot ilgsto\u0161u veiktsp\u0113ju un uzticam\u012bbu.<\/p>\n<p>Karsti p\u0101rdoto regul\u0113jamo hidraulisko virzu\u013ccilindru ir viegli uzst\u0101d\u012bt un lietot, padarot to par \u0113rtu izv\u0113li ra\u017eot\u0101jiem un r\u016bpnieciskiem lietojumiem. Tas ir pieejams ar\u012b da\u017e\u0101dos izm\u0113ros un konfigur\u0101cij\u0101s, padarot to piem\u0113rotu da\u017e\u0101diem lietojumiem.<\/p>\n<p><img loading=\"lazy\" decoding=\"async\" class=\"alignnone size-full wp-image-1334\" src=\"https:\/\/fmp-components.com\/wp-content\/uploads\/2024\/12\/Adjustable-Clevis-Type-Cylinders-4.webp\" alt=\"Regul\u0113jami skavu tipa cilindri\" width=\"800\" height=\"800\" title=\"\" srcset=\"https:\/\/fmp-components.com\/wp-content\/uploads\/2024\/12\/Adjustable-Clevis-Type-Cylinders-4.webp 800w, https:\/\/fmp-components.com\/wp-content\/uploads\/2024\/12\/Adjustable-Clevis-Type-Cylinders-4-480x480.webp 480w\" sizes=\"(min-width: 0px) and (max-width: 480px) 480px, (min-width: 481px) 800px, 100vw\" \/><\/p>\n<p>Nosl\u0113gum\u0101 j\u0101saka, ka \u012bpa\u0161i piepras\u012btais regul\u0113jamais hidrauliskais virzu\u013ccilindrs ir augstas kvalit\u0101tes un daudzpus\u012bga sast\u0101vda\u013ca, kas ir ide\u0101li piem\u0113rota izmanto\u0161anai da\u017e\u0101dos r\u016bpnieciskos pielietojumos. T\u0101 iztur\u012bba, regul\u0113jam\u012bba un lieto\u0161anas \u0113rtums padara to par iecien\u012btu izv\u0113li ra\u017eot\u0101ju un r\u016bpniec\u012bbas operatoru vid\u016b.<\/p>\n<p><strong>Produkta inform\u0101cija<\/strong><\/p>\n<table style=\"width: 100%;\" border=\"1\" width=\"100%\" cellspacing=\"0\" cellpadding=\"0\">\n<tbody>\n<tr>\n<th>St\u0101voklis<\/th>\n<td>Jauns<\/td>\n<\/tr>\n<tr>\n<th>Garantija<\/th>\n<td>1 gads<\/td>\n<\/tr>\n<tr>\n<th>Piem\u0113rojam\u0101s nozares<\/th>\n<td>Ma\u0161\u012bnu remonta darbn\u012bcas, Lauksaimniec\u012bbas saimniec\u012bbas, Ener\u0123\u0113tika un ieguves r\u016bpniec\u012bba, Ma\u0161\u012bnu ra\u017eo\u0161ana, Ma\u0161\u012bnu r\u016bpn\u012bca<\/td>\n<\/tr>\n<tr>\n<th>Svars (kg)<\/th>\n<td>30<\/td>\n<\/tr>\n<tr>\n<th>Video izejo\u0161\u0101 p\u0101rbaude<\/th>\n<td>Nodro\u0161in\u0101ts<\/td>\n<\/tr>\n<tr>\n<th>Ma\u0161\u012bnu testa zi\u0146ojums<\/th>\n<td>Nodro\u0161in\u0101ts<\/td>\n<\/tr>\n<tr>\n<th>M\u0101rketinga veids<\/th>\n<td>Jauns produkts 2023. gad\u0101<\/td>\n<\/tr>\n<tr>\n<th>Galveno komponentu garantija<\/th>\n<td>1 gads<\/td>\n<\/tr>\n<tr>\n<th>Galven\u0101s sast\u0101vda\u013cas<\/th>\n<td>Gultnis, hidrauliskais cilindrs<\/td>\n<\/tr>\n<tr>\n<th>Standarta vai nestandarta<\/th>\n<td>Standarta<\/td>\n<\/tr>\n<tr>\n<th>Strukt\u016bra<\/th>\n<td>Virzu\u013ca cilindrs<\/td>\n<\/tr>\n<tr>\n<th>Jauda<\/th>\n<td>Hidraulisk\u0101<\/td>\n<\/tr>\n<tr>\n<th>Korpusa materi\u0101ls<\/th>\n<td>T\u0113rauds<\/td>\n<\/tr>\n<tr>\n<th>Maksim\u0101l\u0101 vilce<\/th>\n<td>3000<\/td>\n<\/tr>\n<tr>\n<th>Tips<\/th>\n<td>Regul\u0113jami skavu tipa cilindri<\/td>\n<\/tr>\n<tr>\n<th>Ostas<\/th>\n<td>G\/SAE\/NPT\/M<\/td>\n<\/tr>\n<tr>\n<th>Maksim\u0101lais vilk\u0161anas sp\u0113ks<\/th>\n<td>20 tonnas<\/td>\n<\/tr>\n<tr>\n<th>Sertifik\u0101cija<\/th>\n<td>ISO9001:2000<\/td>\n<\/tr>\n<tr>\n<th>Urbuma izm\u0113rs<\/th>\n<td>2\u20136 collas<\/td>\n<\/tr>\n<tr>\n<th>Stie\u0146a izm\u0113rs<\/th>\n<td>1,125\u20134 collas<\/td>\n<\/tr>\n<tr>\n<th>Trieciena izm\u0113rs<\/th>\n<td>4\u2013100 collas<\/td>\n<\/tr>\n<tr>\n<th>Tapas izm\u0113rs<\/th>\n<td>0,5\u20132 collas<\/td>\n<\/tr>\n<tr>\n<th>Kr\u0101sa<\/th>\n<td>Melns<\/td>\n<\/tr>\n<tr>\n<th>Iepakojuma deta\u013cas<\/th>\n<td>Dzelzs korpuss, sapl\u0101k\u0161\u0146a korpuss vai kartona kaste<\/td>\n<\/tr>\n<\/tbody>\n<\/table>\n<p>&nbsp;<\/p>\n<h2>Regul\u0113jamu skavu tipa cilindru priek\u0161roc\u012bbas<\/h2>\n<p>Regul\u0113jami skavu tipa cilindri, t\u0101pat k\u0101 popul\u0101rie regul\u0113jamie hidrauliskie virzu\u013ccilindri, pied\u0101v\u0101 virkni priek\u0161roc\u012bbu un ieguvumu, kas padara tos par popul\u0101ru izv\u0113li da\u017e\u0101d\u0101s nozar\u0113s. \u0160aj\u0101 rakst\u0101 m\u0113s detaliz\u0113ti izp\u0113t\u012bsim da\u017eas no \u0161\u012bm priek\u0161roc\u012bb\u0101m.<\/p>\n<p>1. Uzlabota elast\u012bba: Viena no regul\u0113jamu skavu tipa cilindru galvenaj\u0101m priek\u0161roc\u012bb\u0101m ir to sp\u0113ja nodro\u0161in\u0101t uzlabotu elast\u012bbu da\u017e\u0101dos pielietojumos. \u0160ie cilindri pied\u0101v\u0101 regul\u0113jamas mont\u0101\u017eas iesp\u0113jas, kas noz\u012bm\u0113, ka tos var viegli piel\u0101got da\u017e\u0101d\u0101m uzst\u0101d\u012b\u0161anas pras\u012bb\u0101m. Neatkar\u012bgi no t\u0101, vai ir j\u0101piel\u0101go mont\u0101\u017eas le\u0146\u0137is vai poz\u012bcija, \u0161ie cilindri pied\u0101v\u0101 nepiecie\u0161amo elast\u012bbu, lai apmierin\u0101tu \u012bpa\u0161as vajadz\u012bbas.<\/p>\n<p>2. Prec\u012bza pozicion\u0113\u0161ana: V\u0113l viena iev\u0113rojama regul\u0113jamu skavu tipa cilindru priek\u0161roc\u012bba ir to sp\u0113ja nodro\u0161in\u0101t prec\u012bzu pozicion\u0113\u0161anu. Ar regul\u0113jamiem skavu stiprin\u0101jumiem \u0161os cilindrus var prec\u012bzi noregul\u0113t, lai pan\u0101ktu prec\u012bzu un atk\u0101rtojamu pozicion\u0113\u0161anu. Tas ir \u012bpa\u0161i noder\u012bgi lietojumprogramm\u0101s, kur\u0101s prec\u012bza vad\u012bba un pozicion\u0113\u0161ana ir \u013coti svar\u012bga, piem\u0113ram, ra\u017eo\u0161anas procesos vai materi\u0101lu apstr\u0101des sist\u0113m\u0101s.<\/p>\n<p>3. Uzlabots slodzes sadal\u012bjums: regul\u0113jami skavu tipa cilindri lieliski vienm\u0113r\u012bgi sadala slodzi. Nodro\u0161inot regul\u0113jamas mont\u0101\u017eas poz\u012bcijas, \u0161os cilindrus var izl\u012bdzin\u0101t, lai optimiz\u0113tu slodzes sadal\u012bjumu vair\u0101kos punktos, nov\u0113r\u0161ot p\u0101rm\u0113r\u012bgu slodzi nevien\u0101 punkt\u0101. Tas pal\u012bdz uzlabot kop\u0113jo stabilit\u0101ti un efektivit\u0101ti da\u017e\u0101d\u0101s slodzes neso\u0161\u0101s lietojumprogramm\u0101s.<\/p>\n<p>4. Uzlabota veiktsp\u0113ja: regul\u0113jamu skavu tipa cilindru izmanto\u0161ana var iev\u0113rojami uzlabot hidraulisk\u0101s sist\u0113mas veiktsp\u0113ju. Prec\u012bzi noregul\u0113jot mont\u0101\u017eas poz\u012bciju, \u0161ie cilindri var uzlabot kust\u012bgo da\u013cu izl\u012bdzin\u0101jumu, samazinot berzi un nodilumu. Tas savuk\u0101rt nodro\u0161ina vienm\u0113r\u012bg\u0101ku darb\u012bbu, uzlabotu efektivit\u0101ti un pagarin\u0101tu deta\u013cu kalpo\u0161anas laiku.<\/p>\n<p>5. Vienk\u0101r\u0161a apkope: Regul\u0113jami skavu tipa cilindri pied\u0101v\u0101 ar\u012b vienk\u0101r\u0161as apkopes priek\u0161roc\u012bbu. Pateicoties regul\u0113jam\u0101m mont\u0101\u017eas iesp\u0113j\u0101m, piek\u013cuve cilindram un t\u0101 apkope k\u013c\u016bst vienk\u0101r\u0161\u0101ka un \u0113rt\u0101ka. Tas \u013cauj \u0101tr\u0101k veikt p\u0101rbaudes, remontu un nomai\u0146u, samazinot d\u012bkst\u0101ves laiku un uzlabojot kop\u0113jo produktivit\u0101ti.<\/p>\n<p>Nosl\u0113gum\u0101 j\u0101secina, ka regul\u0113jamiem skavu tipa cilindriem, piem\u0113ram, popul\u0101rajam regul\u0113jamajam hidrauliskajam virzu\u013ccilindram, ir daudz priek\u0161roc\u012bbu. S\u0101kot ar uzlabotu elast\u012bbu un prec\u012bzu pozicion\u0113\u0161anu un beidzot ar uzlabotu slodzes sadal\u012bjumu un veiktsp\u0113ju, \u0161ie cilindri pied\u0101v\u0101 virkni priek\u0161roc\u012bbu, kas padara tos par iecien\u012btu izv\u0113li da\u017e\u0101d\u0101s nozar\u0113s. Pateicoties regul\u0113jam\u0101m mont\u0101\u017eas iesp\u0113j\u0101m, \u0161ie cilindri nodro\u0161ina daudzpus\u012bbu, \u0113rtu apkopi un uzlabotu efektivit\u0101ti.<img decoding=\"async\" src=\"https:\/\/fmp-components.com\/wp-content\/uploads\/2024\/12\/Adjustable-Clevis-Type-Cylinders5.webp\" alt=\"Regul\u0113jams skavu tipa cilindrs\" width=\"800\" title=\"\"><\/p>\n<h2>Regul\u0113jamu skavu tipa cilindru pielietojums<\/h2>\n<p>Regul\u0113jami skavu tipa cilindri, piem\u0113ram, popul\u0101rie regul\u0113jamie hidrauliskie virzu\u013ccilindri, ir daudzpus\u012bgi komponenti, ko pla\u0161i izmanto da\u017e\u0101d\u0101s nozar\u0113s. \u0160ie cilindri pied\u0101v\u0101 virkni priek\u0161roc\u012bbu un tos var izmantot da\u017e\u0101dos scen\u0101rijos, kur nepiecie\u0161ama prec\u012bza un kontrol\u0113ta line\u0101ra kust\u012bba. \u0160aj\u0101 rakst\u0101 m\u0113s izp\u0113t\u012bsim regul\u0113jamu skavu tipa cilindru pielietojumu un iedzi\u013cin\u0101simies to funkcionalit\u0101t\u0113s un priek\u0161roc\u012bb\u0101s.<\/p>\n<p>1. <u>R\u016bpniecisk\u0101 automatiz\u0101cija:<\/u> Regul\u0113jamiem skavu tipa cilindriem ir iz\u0161\u0137iro\u0161a noz\u012bme r\u016bpniecisk\u0101s automatiz\u0101cijas sist\u0113m\u0101s. Tos parasti izmanto robotikas lietojumprogramm\u0101s, kur tie nodro\u0161ina nepiecie\u0161amo sp\u0113ku un kust\u012bbas kontroli da\u017e\u0101du uzdevumu veik\u0161anai. \u0160os cilindrus var regul\u0113t, lai sasniegtu da\u017e\u0101dus g\u0101jiena garumus un poz\u012bcijas, nodro\u0161inot prec\u012bzas un atk\u0101rtojamas kust\u012bbas mont\u0101\u017eas l\u012bnij\u0101s, materi\u0101lu apstr\u0101d\u0113 un citos automatiz\u0113tos procesos.<\/p>\n<p>2. <u>Darbgaldi:<\/u> Darbgaldu jom\u0101 regul\u0113jami skavu tipa cilindri ir pla\u0161i izmantoti. Tos izmanto t\u0101d\u0101s ma\u0161\u012bn\u0101s k\u0101 preses, perforatori un liek\u0161anas ma\u0161\u012bnas, lai atvieglotu da\u017e\u0101das darb\u012bbas. \u0160o cilindru regul\u0113jamais raksturs \u013cauj tos viegli piel\u0101got da\u017e\u0101d\u0101m sagatav\u0113m un v\u0113lamaj\u0101m sp\u0113ka pras\u012bb\u0101m. Ar prec\u012bzu vad\u012bbu un uzticamu veiktsp\u0113ju regul\u0113jami skavu tipa cilindri veicina apstr\u0101des procesu efektivit\u0101ti un precizit\u0101ti.<\/p>\n<p>3. <u>B\u016bvniec\u012bba un smag\u0101 tehnika:<\/u> Regul\u0113jami skavu tipa cilindri tiek pla\u0161i izmantoti ar\u012b b\u016bvniec\u012bbas un smag\u0101s tehnikas nozar\u0113. Tos izmanto t\u0101d\u0101s iek\u0101rt\u0101s k\u0101 celt\u0146i, ekskavatori un iekr\u0101v\u0113ji, lai nodro\u0161in\u0101tu kontrol\u0113tas cel\u0161anas un kust\u012bbas iesp\u0113jas. \u0160ie cilindri \u013cauj operatoriem piel\u0101got cel\u0161anas un pagarin\u0101juma garumus atbilsto\u0161i katra uzdevuma \u012bpa\u0161aj\u0101m pras\u012bb\u0101m, nodro\u0161inot dro\u0161u un efekt\u012bvu darb\u012bbu b\u016bvlaukumos un cit\u0101s lieljaudas lietojumprogramm\u0101s.<\/p>\n<p>4. <u>Transports:<\/u> Regul\u0113jamiem skavu tipa cilindriem ir b\u016btiska loma da\u017e\u0101d\u0101s transporta sist\u0113m\u0101s. Tos izmanto t\u0101dos transportl\u012bdzek\u013cos k\u0101 pa\u0161izg\u0101z\u0113ji, atkritumu sav\u0101k\u0161anas ma\u0161\u012bnas un lauksaimniec\u012bbas tehnika, lai nodro\u0161in\u0101tu kontrol\u0113tu izg\u0101\u0161anu, izg\u0101\u0161anu un cel\u0161anu. \u0160o cilindru regul\u0113jam\u012bba \u013cauj prec\u012bzi kontrol\u0113t kust\u012bbu, nodro\u0161inot dro\u0161u un efekt\u012bvu kravu apstr\u0101di transporta lietojumos.<\/p>\n<p>5. <u>Lauksaimniec\u012bba:<\/u> Lauksaimniec\u012bbas nozar\u0113 regul\u0113jamus skavu tipa cilindrus izmanto da\u017e\u0101d\u0101s lauksaimniec\u012bbas tehnik\u0101. Tos izmanto t\u0101d\u0101s tehnik\u0101 k\u0101 kombaini, preses un smidzin\u0101t\u0101ji, lai nodro\u0161in\u0101tu kontrol\u0113tas kust\u012bbas t\u0101diem uzdevumiem k\u0101 ra\u017eas nov\u0101k\u0161ana, pres\u0113\u0161ana un izsmidzin\u0101\u0161ana. \u0160o cilindru regul\u0113jam\u0101 funkcija \u013cauj lauksaimniekiem piel\u0101got savu apr\u012bkojumu da\u017e\u0101diem kult\u016braugu augstumiem un lauka apst\u0101k\u013ciem, uzlabojot produktivit\u0101ti un optimiz\u0113jot resursu izmanto\u0161anu.<\/p>\n<p>Nosl\u0113gum\u0101 j\u0101saka, ka regul\u0113jami skavas tipa cilindri ir daudzpus\u012bgi komponenti ar da\u017e\u0101diem pielietojumiem da\u017e\u0101d\u0101s nozar\u0113s. To regul\u0113jam\u0101 daba apvienojum\u0101 ar prec\u012bzu vad\u012bbu un uzticam\u012bbu padara tos neaizst\u0101jamus r\u016bpnieciskaj\u0101 automatiz\u0101cij\u0101, darbgaldos, b\u016bvniec\u012bb\u0101 un smagaj\u0101 apr\u012bkojum\u0101, transport\u0101 un lauksaimniec\u012bb\u0101. P\u0101rdo\u0161an\u0101 eso\u0161ais karsti p\u0101rdotais regul\u0113jamais hidrauliskais virzu\u013ccilindrs ir lielisks \u0161\u0101da cilindra piem\u0113rs, kas pied\u0101v\u0101 izcilu veiktsp\u0113ju un elast\u012bbu pras\u012bgos pielietojumos.<img decoding=\"async\" src=\"https:\/\/fmp-components.com\/wp-content\/uploads\/2024\/12\/Application-of-Adjustable-Clevis-Type-Cylinders.webp\" alt=\"Regul\u0113jams skavu tipa cilindrs\" width=\"800\" title=\"\"><\/p>\n<h3>Par FMP \u2013 j\u016bsu profesion\u0101lo hidraulisko cilindru pieg\u0101d\u0101t\u0101ju<\/h3>\n<p>Uz\u0146\u0113mum\u0101 FMP m\u0113s specializ\u0113jamies celtniec\u012bbas tehnikas deta\u013cu un pilnu iek\u0101rtu p\u0101rdo\u0161an\u0101 un apkalpo\u0161an\u0101, un m\u0113s lepojamies ar to, ka esam vado\u0161ais augstas kvalit\u0101tes un uzticamu hidraulisko cilindru pieg\u0101d\u0101t\u0101js. \u0160eit ir tikai da\u017ei iemesli, k\u0101p\u0113c m\u0113s uzskat\u0101m, ka m\u016bsu hidrauliskie cilindri ir lab\u0101kie tirg\u016b:<\/p>\n<p>1. Prec\u012bza in\u017eenierija \u2013 M\u016bsu hidrauliskie cilindri ir izstr\u0101d\u0101ti, izmantojot prec\u012bzu in\u017eenieriju, nodro\u0161inot to iztur\u012bbu un uzticam\u012bbu pat vissmag\u0101kajos apst\u0101k\u013cos.<\/p>\n<p>2. Pla\u0161s pielietojumu kl\u0101sts \u2013 m\u016bsu hidrauliskos cilindrus var izmantot pla\u0161\u0101 pielietojumu kl\u0101st\u0101, tostarp lauksaimniec\u012bbas ma\u0161\u012bn\u0101s, r\u016bpniec\u012bbas iek\u0101rt\u0101s un celtniec\u012bbas ma\u0161\u012bn\u0101s.<\/p>\n<p>3. Piel\u0101gots dizains \u2014 m\u0113s varam piel\u0101got m\u016bsu hidraulisko cilindru dizainu, lai apmierin\u0101tu m\u016bsu klientu \u012bpa\u0161\u0101s vajadz\u012bbas, nodro\u0161inot, ka vi\u0146i no m\u016bsu produktiem ieg\u016bst vislab\u0101ko iesp\u0113jamo veiktsp\u0113ju.<\/p>\n<p>4. Augstas kvalit\u0101tes materi\u0101li \u2013 M\u016bsu hidraulisko cilindru ra\u017eo\u0161an\u0101 m\u0113s izmantojam tikai augst\u0101k\u0101s kvalit\u0101tes materi\u0101lus, nodro\u0161inot, ka tie laika gait\u0101 iztur\u0113s nodilumu.<\/p>\n<p>5. Lielisks klientu atbalsts \u2014 FMP m\u0113s lepojamies ar to, ka visiem m\u016bsu klientiem sniedzam izcilu klientu atbalstu. S\u0101kot ar produktu konsult\u0101cij\u0101m un beidzot ar gudriem pirk\u0161anas ieteikumiem, m\u016bsu pieredz\u0113ju\u0161\u0101 p\u0101rdo\u0161anas komanda vienm\u0113r ir gatava pal\u012bdz\u0113t.<\/p>\n<p>T\u0101tad, ja mekl\u0113jat uzticamu un iztur\u012bgu hidraulisko cilindru pieg\u0101d\u0101t\u0101ju, FMP ir \u012bst\u0101 izv\u0113le. Sazinieties ar mums jau \u0161odien, lai uzzin\u0101tu vair\u0101k par m\u016bsu produktiem un pakalpojumiem, k\u0101 ar\u012b to, k\u0101 m\u0113s varam pal\u012bdz\u0113t jums apmierin\u0101t j\u016bsu celtniec\u012bbas tehnikas vajadz\u012bbas!<\/p>\n<p><img decoding=\"async\" src=\"https:\/\/fmp-components.com\/wp-content\/uploads\/2024\/12\/Adjustable-Clevis-Type-Cylinders-6.webp\" alt=\"Regul\u0113jams skavu tipa cilindrs\" width=\"844\" title=\"\"><\/p>\n<h2>Bie\u017ei uzdotie jaut\u0101jumi<\/h2>\n<p><strong>J: K\u0101da ir regul\u0113jam\u0101 hidraulisk\u0101 virzu\u013ccilindra maksim\u0101l\u0101 vilk\u0161anas jauda?<\/strong><br \/>\nA: Regul\u0113jam\u0101 hidraulisk\u0101 virzu\u013ccilindra maksim\u0101l\u0101 vilk\u0161anas jauda ir 20 tonnas.<\/p>\n<p><strong>J: K\u0101ds ir hidraulisk\u0101 virzu\u013ccilindra garantijas periods?<\/strong><br \/>\nA: M\u0113s pied\u0101v\u0101jam viena gada garantiju hidrauliskajam virzu\u013ccilindram un t\u0101 galvenaj\u0101m sast\u0101vda\u013c\u0101m.<\/p>\n<p><strong>J: Vai hidrauliskie virzu\u013ccilindri ir sertific\u0113ti ar ISO sertifik\u0101tu?<\/strong><br \/>\nA: J\u0101, m\u016bsu hidrauliskie virzu\u013ccilindri ir sertific\u0113ti saska\u0146\u0101 ar ISO9001: 2000.<\/p>\n<p><img decoding=\"async\" src=\"https:\/\/img.jiansujichilun.com\/img\/hydrauliccylinders\/C_hydrauliccylinders-3.webp\" alt=\"hidrauliskais cilindrs\" width=\"800\" title=\"\"><\/p>\n<p>Autors: CX<\/p>","protected":false},"excerpt":{"rendered":"<p>Hot Selling Adjustable Hydraulic Piston Cylinder For Sale The Hot Selling Adjustable Hydraulic Piston Cylinder is an essential component in hydraulic systems. It is designed to convert the energy from fluid pressure into linear motion. This cylinder is ideal for use in various industrial applications. The adjustable feature of this cylinder makes it a versatile [&hellip;]<\/p>","protected":false},"featured_media":1340,"comment_status":"closed","ping_status":"closed","template":"","meta":{"_et_pb_use_builder":"","_et_pb_old_content":"","_et_gb_content_width":""},"product_brand":[],"product_cat":[39],"product_tag":[41,34],"class_list":{"0":"post-1382","1":"product","2":"type-product","3":"status-publish","4":"has-post-thumbnail","6":"product_cat-adjustable-clevis-type-cylinders","7":"product_tag-adjustable-clevis-type-cylinders","8":"product_tag-hydraulic-cylinder","10":"first","11":"instock","12":"product-type-simple"},"_links":{"self":[{"href":"https:\/\/fmp-components.com\/lv\/wp-json\/wp\/v2\/product\/1382","targetHints":{"allow":["GET"]}}],"collection":[{"href":"https:\/\/fmp-components.com\/lv\/wp-json\/wp\/v2\/product"}],"about":[{"href":"https:\/\/fmp-components.com\/lv\/wp-json\/wp\/v2\/types\/product"}],"replies":[{"embeddable":true,"href":"https:\/\/fmp-components.com\/lv\/wp-json\/wp\/v2\/comments?post=1382"}],"wp:featuredmedia":[{"embeddable":true,"href":"https:\/\/fmp-components.com\/lv\/wp-json\/wp\/v2\/media\/1340"}],"wp:attachment":[{"href":"https:\/\/fmp-components.com\/lv\/wp-json\/wp\/v2\/media?parent=1382"}],"wp:term":[{"taxonomy":"product_brand","embeddable":true,"href":"https:\/\/fmp-components.com\/lv\/wp-json\/wp\/v2\/product_brand?post=1382"},{"taxonomy":"product_cat","embeddable":true,"href":"https:\/\/fmp-components.com\/lv\/wp-json\/wp\/v2\/product_cat?post=1382"},{"taxonomy":"product_tag","embeddable":true,"href":"https:\/\/fmp-components.com\/lv\/wp-json\/wp\/v2\/product_tag?post=1382"}],"curies":[{"name":"wp","href":"https:\/\/api.w.org\/{rel}","templated":true}]}}