{"id":1380,"date":"2024-12-23T02:19:41","date_gmt":"2024-12-23T02:19:41","guid":{"rendered":"https:\/\/fmp-components.com\/product\/guaranteed-quality-double-acting-agriculture-hydraulic-cylinder-hydraulic-ram-cylinder\/"},"modified":"2024-12-23T02:35:44","modified_gmt":"2024-12-23T02:35:44","slug":"guaranteed-quality-double-acting-agriculture-hydraulic-cylinder-hydraulic-ram-cylinder","status":"publish","type":"product","link":"https:\/\/fmp-components.com\/lv\/product\/guaranteed-quality-double-acting-agriculture-hydraulic-cylinder-hydraulic-ram-cylinder\/","title":{"rendered":"Garant\u0113ta kvalit\u0101te divk\u0101r\u0161as darb\u012bbas lauksaimniec\u012bbas hidrauliskais cilindrs Hidrauliskais cilindrs"},"content":{"rendered":"<p>Garant\u0113ta kvalit\u0101te Divk\u0101r\u0161as darb\u012bbas lauksaimniec\u012bbas hidrauliskais cilindrs Hidrauliskais cilindrs:<\/p>\n<p>Garant\u0113tas kvalit\u0101tes divk\u0101r\u0161as darb\u012bbas lauksaimniec\u012bbas hidrauliskais cilindrs Hidrauliskais hidrauliskais cilindrs ir jaud\u012bgs un uzticams instruments, kas paredz\u0113ts lieto\u0161anai lauksaimniec\u012bbas tehnik\u0101. Pateicoties divk\u0101r\u0161as darb\u012bbas konstrukcijai, \u0161is hidrauliskais cilindrs sp\u0113j nodro\u0161in\u0101t past\u0101v\u012bgu un uzticamu veiktsp\u0113ju, padarot to par ide\u0101lu izv\u0113li lauksaimniekiem un lauksaimniec\u012bbas profesion\u0101\u013ciem.<\/p>\n<p>Izgatavots no augstas kvalit\u0101tes materi\u0101liem, \u0161is hidrauliskais cilindrs ir rad\u012bts ilgam kalpo\u0161anas laikam un sp\u0113j iztur\u0113t vissmag\u0101kos apst\u0101k\u013cus. Tas ir ar\u012b izstr\u0101d\u0101ts, lai nodro\u0161in\u0101tu vienm\u0113r\u012bgu un efekt\u012bvu darb\u012bbu, garant\u0113jot maksim\u0101lu produktivit\u0101ti un lietder\u012bbu.<\/p>\n<p>Neatkar\u012bgi no t\u0101, vai st\u0101d\u0101t kult\u016braugus, nov\u0101cat ra\u017eu vai veicat jebkuru citu lauksaimniec\u012bbas darbu, garant\u0113t\u0101s kvalit\u0101tes divk\u0101r\u0161\u0101s darb\u012bbas lauksaimniec\u012bbas hidrauliskais cilindrs ar hidraulisko hidraulisko cilindru ir oblig\u0101ts instruments jebkuram lauksaimniekam vai lauksaimniec\u012bbas profesion\u0101lim. K\u0101p\u0113c gaid\u012bt? Ieg\u0101d\u0101jieties sav\u0113jo jau \u0161odien un izbaudiet \u0161\u012b augst\u0101k\u0101s kvalit\u0101tes hidraulisk\u0101 cilindra jaudu un uzticam\u012bbu.<\/p>\n<p><img loading=\"lazy\" decoding=\"async\" class=\"alignnone size-full wp-image-1334\" src=\"https:\/\/fmp-components.com\/wp-content\/uploads\/2024\/12\/Adjustable-Clevis-Type-Cylinders-4.webp\" alt=\"Regul\u0113jami skavu tipa cilindri\" width=\"800\" height=\"800\" title=\"\" srcset=\"https:\/\/fmp-components.com\/wp-content\/uploads\/2024\/12\/Adjustable-Clevis-Type-Cylinders-4.webp 800w, https:\/\/fmp-components.com\/wp-content\/uploads\/2024\/12\/Adjustable-Clevis-Type-Cylinders-4-480x480.webp 480w\" sizes=\"(min-width: 0px) and (max-width: 480px) 480px, (min-width: 481px) 800px, 100vw\" \/><\/p>\n<p>Izbaudiet izcilu veiktsp\u0113ju ar m\u016bsu divk\u0101r\u0161\u0101s darb\u012bbas lauksaimniec\u012bbas hidraulisko cilindru un hidraulisko cilindru, kas paredz\u0113ts pla\u0161am nozaru kl\u0101stam, tostarp tehnikas remonta darbn\u012bc\u0101m, ferm\u0101m, ener\u0123\u0113tikas un ieguves r\u016bpniec\u012bbai, tehnikas ra\u017eo\u0161anai un tehnikas r\u016bpn\u012bc\u0101m. Produkts ir jauns un tam ir 1 gada garantija, kas nodro\u0161ina maksim\u0101lu v\u0113rt\u012bbu no j\u016bsu pirkuma. Galven\u0101s sast\u0101vda\u013cas ir gultnis un pats hidrauliskais cilindrs, kas sola standarta un efekt\u012bvu darb\u012bbu. Korpusa materi\u0101ls ir izgatavots no t\u0113rauda, \u200b\u200bkas garant\u0113 iztur\u012bbu, un tas var iztur\u0113t maksim\u0101lo vilces sp\u0113ku 3000. Cilindrs ir regul\u0113jama dak\u0161as tipa, kas pied\u0101v\u0101 daudzpus\u012bbu t\u0101 pielietojum\u0101.<\/p>\n<h2>Regul\u0113jamu skavu tipa cilindru priek\u0161roc\u012bbas<\/h2>\n<p>Regul\u0113jami skavas tipa cilindri ir b\u016btiskas sast\u0101vda\u013cas, ko izmanto da\u017e\u0101dos lauksaimniec\u012bbas un r\u016bpniec\u012bbas pielietojumos. \u0160ie hidrauliskie cilindri nodro\u0161ina izcilu veiktsp\u0113ju un ir \u013coti iztur\u012bgi, pateicoties to unik\u0101lajam dizainam un in\u017eenierijai. \u0160aj\u0101 rakst\u0101 m\u0113s apspried\u012bsim regul\u0113jamu skavas tipa cilindru priek\u0161roc\u012bbas un to, k\u0101p\u0113c tie ir lab\u0101kais risin\u0101jums j\u016bsu hidrauliskaj\u0101m vajadz\u012bb\u0101m.<\/p>\n<ul>\n<li><strong>Garant\u0113ta kvalit\u0101te:<\/strong> Regul\u0113jami skavu tipa cilindri ir izstr\u0101d\u0101ti, lai nodro\u0161in\u0101tu garant\u0113tu kvalit\u0101ti un veiktsp\u0113ju. \u0160ie cilindri ir izgatavoti ilgam kalpo\u0161anas laikam, un ra\u017eot\u0101ji nodro\u0161ina, ka tie atbilst stingriem kvalit\u0101tes kontroles standartiem. Augstas kvalit\u0101tes materi\u0101lu un progres\u012bvu ra\u017eo\u0161anas meto\u017eu izmanto\u0161ana nodro\u0161ina, ka \u0161ie cilindri var iztur\u0113t pat vispras\u012bg\u0101k\u0101s pielietojuma jomas.<\/li>\n<li><strong>Divk\u0101r\u0161a darb\u012bba:<\/strong> Regul\u0113jami skavu tipa cilindri ir divk\u0101r\u0161as darb\u012bbas, kas noz\u012bm\u0113, ka tie var izstiepties un ievilkties spiediena ietekm\u0113. \u0160\u012b funkcija nodro\u0161ina paaugstin\u0101tu efektivit\u0101ti un uzlabo produktivit\u0101ti da\u017e\u0101dos pielietojumos. Piem\u0113ram, lauksaimniec\u012bbas tehnik\u0101 divk\u0101r\u0161as darb\u012bbas cilindri ir b\u016btiski t\u0101du iek\u0101rtu k\u0101 arklu, kultivatoru un ra\u017eas nov\u0101k\u0161anas ma\u0161\u012bnu darbin\u0101\u0161anai.<\/li>\n<li><strong>Lauksaimniec\u012bbas hidrauliskais cilindrs:<\/strong> Regul\u0113jami skavu tipa cilindri tiek pla\u0161i izmantoti lauksaimniec\u012bb\u0101. Pateicoties to augstas kvalit\u0101tes konstrukcijai un lieliskajai veiktsp\u0113jai, \u0161ie cilindri ir k\u013cuvu\u0161i par iecien\u012bt\u0101ko izv\u0113li lauksaimniec\u012bbas tehnikas ra\u017eot\u0101jiem. Tos izmanto da\u017e\u0101dos pielietojumos, tostarp traktoru piekab\u0113s, iekr\u0101v\u0113jos, arklos un kultivatoros. \u0160ie cilindri nodro\u0161ina nepiecie\u0161amo sp\u0113ku un precizit\u0101ti, lai nodro\u0161in\u0101tu, ka tehnika darbojas ar maksim\u0101lu efektivit\u0101ti.<\/li>\n<li><strong>Hidrauliskais cilindrs:<\/strong> Regul\u0113jami skavu tipa cilindri ir paz\u012bstami ar\u012b k\u0101 hidrauliskie cilindri. Tie darbojas, izmantojot hidraulisko \u0161\u0137idrumu, lai nodro\u0161in\u0101tu nepiecie\u0161amo sp\u0113ku kravu p\u0101rvieto\u0161anai. Hidrauliskie cilindri ir daudzpus\u012bgi un tos var izmantot da\u017e\u0101dos r\u016bpniec\u012bbas un lauksaimniec\u012bbas pielietojumos. Regul\u0113jamajiem skavu tipa cilindriem ir unik\u0101ls dizains, kas \u013cauj tiem nodro\u0161in\u0101t izcilu veiktsp\u0113ju sare\u017e\u0123\u012btos apst\u0101k\u013cos.<\/li>\n<li><strong>Piel\u0101gojams:<\/strong> Regul\u0113jamus skavu tipa cilindrus var piel\u0101got \u012bpa\u0161\u0101m pras\u012bb\u0101m. Ra\u017eot\u0101ji var modific\u0113t cilindrus, lai nodro\u0161in\u0101tu v\u0113lamo g\u0101jiena garumu, urbuma diametru un mont\u0101\u017eas iesp\u0113jas. \u0160\u012b \u012bpa\u0161\u012bba padara tos piem\u0113rotus da\u017e\u0101diem pielietojumiem. Turkl\u0101t regul\u0113jami skavu tipa cilindri ir pieejami da\u017e\u0101dos izm\u0113ros, padarot tos piem\u0113rotus izmanto\u0161anai gan maz\u0101s, gan liel\u0101s iek\u0101rt\u0101s.<\/li>\n<\/ul>\n<p>Kopum\u0101 regul\u0113jami skavas tipa cilindri ir b\u016btiskas sast\u0101vda\u013cas da\u017e\u0101diem r\u016bpnieciskiem un lauksaimniec\u012bbas lietojumiem. Tie nodro\u0161ina garant\u0113tu kvalit\u0101ti, divk\u0101r\u0161as darb\u012bbas iesp\u0113jas un ir \u013coti iztur\u012bgi, pateicoties to konstrukcijai un dizainam. Hidraulisk\u0101 \u0161\u0137idruma izmanto\u0161ana nodro\u0161ina, ka tie nodro\u0161ina nepiecie\u0161amo sp\u0113ku kravu p\u0101rvieto\u0161anai, padarot tos \u013coti efekt\u012bvus un uzticamus. Ja mekl\u0113jat hidraulisko cilindru, kas nodro\u0161ina izcilu veiktsp\u0113ju un iztur\u012bbu, tad regul\u0113jami skavas tipa cilindri ir lab\u0101kais risin\u0101jums.<\/p>\n<p><img decoding=\"async\" src=\"https:\/\/fmp-components.com\/wp-content\/uploads\/2024\/12\/Adjustable-Clevis-Type-Cylinders5.webp\" alt=\"Regul\u0113jams skavu tipa cilindrs\" width=\"800\" title=\"\"><\/p>\n<h2>Regul\u0113jamu skavu tipa cilindru pielietojums<\/h2>\n<p>Regul\u0113jami skavu tipa cilindri tiek pla\u0161i izmantoti da\u017e\u0101d\u0101s nozar\u0113s, tostarp lauksaimniec\u012bb\u0101, b\u016bvniec\u012bb\u0101 un ra\u017eo\u0161an\u0101. \u0160eit ir da\u017ei no \u0161o cilindru izplat\u012bt\u0101kajiem pielietojumiem:<\/p>\n<ul>\n<li><strong>Garant\u0113ta kvalit\u0101te:<\/strong> Viens no visizplat\u012bt\u0101kajiem regul\u0113jamo skavu tipa cilindru pielietojumiem ir hidraulisko sist\u0113mu kvalit\u0101tes garant\u0113\u0161ana. \u0160ie cilindri ir paredz\u0113ti ilgsto\u0161ai darb\u012bbai bez nepiecie\u0161am\u012bbas p\u0113c apkopes, nodro\u0161inot hidraulisk\u0101s sist\u0113mas ilgm\u016b\u017e\u012bbu un uzticam\u012bbu.<\/li>\n<li><strong>Divk\u0101r\u0161a darb\u012bba:<\/strong> Regul\u0113jamie skavu tipa cilindri ir paredz\u0113ti divk\u0101r\u0161ai darb\u012bbai, kas noz\u012bm\u0113, ka tie var veikt divas funkcijas: izstiep\u0161anu un ievilk\u0161anu. Tas padara tos ide\u0101li piem\u0113rotus lietojumiem, kuros ir nepiecie\u0161ama prec\u012bza vad\u012bba, piem\u0113ram, smagaj\u0101s ma\u0161\u012bn\u0101s un celtniec\u012bbas iek\u0101rt\u0101s.<\/li>\n<li><strong>Lauksaimniec\u012bba:<\/strong> Hidrauliskos cilindrus bie\u017ei izmanto lauksaimniec\u012bbas tehnik\u0101, kur tie nodro\u0161ina nepiecie\u0161amo sp\u0113ku un vad\u012bbu smagu kravu pacel\u0161anai un nolai\u0161anai. Neatkar\u012bgi no t\u0101, vai t\u0101 ir lauku ar\u0161ana, lab\u012bbas nov\u0101k\u0161ana vai pre\u010du p\u0101rvad\u0101\u0161ana, hidrauliskie cilindri ir b\u016btiska m\u016bsdienu lauksaimniec\u012bbas tehnikas sast\u0101vda\u013ca.<\/li>\n<li><strong>Hidrauliskais cilindrs:<\/strong> Hidrauliskie cilindri izmanto hidraulisko spiedienu, lai rad\u012btu line\u0101ru kust\u012bbu, padarot tos ide\u0101li piem\u0113rotus lietojumiem, kuros j\u0101pace\u013c vai j\u0101p\u0101rvieto smagas kravas. \u0160os cilindrus parasti izmanto smagaj\u0101s ma\u0161\u012bn\u0101s, piem\u0113ram, ekskavatoros un buldozeros, kur tie nodro\u0161ina nepiecie\u0161amo sp\u0113ku liela daudzuma zemes un gru\u017eu p\u0101rvieto\u0161anai.<\/li>\n<\/ul>\n<p>Nosl\u0113gum\u0101 j\u0101saka, ka regul\u0113jami skavu tipa cilindri ir daudzpus\u012bgas un uzticamas sast\u0101vda\u013cas, kas atrodamas daudz\u0101s nozar\u0113s. Pateicoties garant\u0113tajai kvalit\u0101tei un divk\u0101r\u0161\u0101s darb\u012bbas funkcionalit\u0101tei, tie ir ide\u0101li piem\u0113roti izmanto\u0161anai smagaj\u0101s ma\u0161\u012bn\u0101s un iek\u0101rt\u0101s. Turkl\u0101t hidrauliskie cilindri ir svar\u012bgi lauksaimniec\u012bb\u0101, kur tie nodro\u0161ina sp\u0113ku un kontroli, kas nepiecie\u0161ama smagu kravu pacel\u0161anai un p\u0101rvieto\u0161anai. Pateicoties to daudzajam pielietojumam, regul\u0113jami skavu tipa cilindri un hidrauliskie cilindri ir b\u016btiskas sast\u0101vda\u013cas m\u016bsdienu r\u016bpniec\u012bbas sist\u0113m\u0101s.<img decoding=\"async\" src=\"https:\/\/fmp-components.com\/wp-content\/uploads\/2024\/12\/Application-of-Adjustable-Clevis-Type-Cylinders.webp\" alt=\"Regul\u0113jams skavu tipa cilindrs\" width=\"800\" title=\"\"><\/p>\n<h3>Par FMP<\/h3>\n<p>FMP ir uz\u0146\u0113mums, kas specializ\u0113jas hidraulisko cilindru ra\u017eo\u0161an\u0101 un p\u0101rdo\u0161an\u0101. M\u016bsu galven\u0101 m\u012btne atrodas It\u0101lij\u0101, un mums ir pla\u0161a pieredze celtniec\u012bbas tehnikas nozar\u0113, k\u0101 ar\u012b \u012bpa\u0161a profesion\u0101\u013cu komanda. M\u0113s pied\u0101v\u0101jam augstas kvalit\u0101tes un uzticamus hidrauliskos cilindrus, k\u0101 ar\u012b pla\u0161u citu celtniec\u012bbas tehnikas deta\u013cu un risin\u0101jumu kl\u0101stu.<\/p>\n<p><strong>1. Pla\u0161s produktu kl\u0101sts:<\/strong> M\u016bsu produktu kl\u0101st\u0101 ir da\u017e\u0101du veidu hidrauliskie cilindri, kas apmierina da\u017e\u0101das celtniec\u012bbas tehnikas nozares vajadz\u012bbas.<\/p>\n<p><strong>2. Augst\u0101k\u0101 kvalit\u0101te:<\/strong> Esam izveidoju\u0161i ilgtermi\u0146a un stabilas partnerattiec\u012bbas ar augstas kvalit\u0101tes pieg\u0101d\u0101t\u0101jiem gan viet\u0113j\u0101, gan starptautisk\u0101 tirg\u016b. Tas nodro\u0161ina, ka visi m\u016bsu hidrauliskie cilindri atbilst stingriem kvalit\u0101tes standartiem, nodro\u0161inot m\u016bsu klientiem uzticamus un iztur\u012bgus produktus.<\/p>\n<p><strong>3. Profesion\u0101la p\u0101rdo\u0161anas komanda:<\/strong> M\u016bsu pieredz\u0113ju\u0161\u0101 p\u0101rdo\u0161anas komanda labi p\u0101rzina jaun\u0101k\u0101s tendences un klientu pras\u012bbas b\u016bvniec\u012bbas tehnikas nozar\u0113. Vi\u0146i var sniegt profesion\u0101las konsult\u0101cijas par produktiem un pied\u0101v\u0101t p\u0101rdom\u0101tus pirk\u0161anas ieteikumus, pal\u012bdzot klientiem izv\u0113l\u0113ties vispiem\u0113rot\u0101ko hidraulisko cilindru atbilsto\u0161i vi\u0146u \u012bpa\u0161aj\u0101m vajadz\u012bb\u0101m.<\/p>\n<p><strong>4. Efekt\u012bva lo\u0123istikas izplat\u012b\u0161ana:<\/strong> Uz\u0146\u0113mum\u0101 FMP m\u0113s saprotam savlaic\u012bgas un prec\u012bzas pieg\u0101des noz\u012bmi. M\u016bsu efekt\u012bv\u0101 lo\u0123istikas izplat\u012b\u0161anas sist\u0113ma nodro\u0161ina, ka klienti savlaic\u012bgi sa\u0146em nepiecie\u0161am\u0101s deta\u013cas, samazinot d\u012bkst\u0101ves laiku un palielinot produktivit\u0101ti.<\/p>\n<p><strong>5. Ap\u0146em\u0161an\u0101s nodro\u0161in\u0101t klientu apmierin\u0101t\u012bbu:<\/strong> M\u016bsu priorit\u0101te ir klientu apmierin\u0101t\u012bba, un m\u0113s cen\u0161amies nodro\u0161in\u0101t izcilu apkalpo\u0161anu. M\u016bsu komanda ir ap\u0146\u0113musies nekav\u0113joties atbild\u0113t uz visiem jaut\u0101jumiem vai ba\u017e\u0101m, nodro\u0161inot m\u016bsu v\u0113rt\u012bgajiem klientiem netrauc\u0113tu un pat\u012bkamu pieredzi.<\/p>\n<p><img decoding=\"async\" src=\"https:\/\/fmp-components.com\/wp-content\/uploads\/2024\/12\/Adjustable-Clevis-Type-Cylinders-6.webp\" alt=\"Regul\u0113jams skavu tipa cilindrs\" width=\"842\" title=\"\"><\/p>\n<h4>Bie\u017ei uzdotie jaut\u0101jumi<\/h4>\n<p><strong>J: K\u0101ds ir divk\u0101r\u0161\u0101s darb\u012bbas hidraulisk\u0101 cilindra pieg\u0101des laiks?<\/strong><br \/>\nA: Tipiskais pieg\u0101des laiks ir no 25 l\u012bdz 35 dien\u0101m.<\/p>\n<p><strong>J: Vai j\u016bs sniedzat hidraulisk\u0101 cilindra paraugus?<\/strong><br \/>\nA: J\u0101, m\u0113s pied\u0101v\u0101jam m\u016bsu hidraulisk\u0101 cilindra paraugus, ta\u010du, l\u016bdzu, \u0146emiet v\u0113r\u0101, ka tie nav bez maksas.<\/p>\n<p><strong>J: Vai hidrauliskos cilindrus var piel\u0101got atbilsto\u0161i paraugiem vai tehniskajiem ras\u0113jumiem?<\/strong><br \/>\nA: J\u0101, m\u0113s pied\u0101v\u0101jam piel\u0101go\u0161anas pakalpojumus, pamatojoties uz j\u016bsu paraugiem vai tehniskajiem ras\u0113jumiem. M\u0113s varam izveidot veidnes un armat\u016bru, kas atbilst j\u016bsu \u012bpa\u0161aj\u0101m pras\u012bb\u0101m.<\/p>\n<p><img decoding=\"async\" src=\"https:\/\/img.jiansujichilun.com\/img\/hydrauliccylinders\/T_hydrauliccylinders-4.webp\" alt=\"hidrauliskais cilindrs\" width=\"800\" title=\"\"><\/p>\n<p>Autors: CX<\/p>","protected":false},"excerpt":{"rendered":"<p>Guaranteed Quality Double Acting Agriculture Hydraulic Cylinder Hydraulic Ram Cylinder: The Guaranteed Quality Double Acting Agriculture Hydraulic Cylinder Hydraulic Ram Cylinder is a powerful and reliable tool designed for use in agricultural machinery. With its double-acting design, this hydraulic cylinder is capable of providing a consistent and reliable performance, making it an ideal choice for [&hellip;]<\/p>","protected":false},"featured_media":1336,"comment_status":"closed","ping_status":"closed","template":"","meta":{"_et_pb_use_builder":"","_et_pb_old_content":"","_et_gb_content_width":""},"product_brand":[],"product_cat":[39],"product_tag":[41,34],"class_list":{"0":"post-1380","1":"product","2":"type-product","3":"status-publish","4":"has-post-thumbnail","6":"product_cat-adjustable-clevis-type-cylinders","7":"product_tag-adjustable-clevis-type-cylinders","8":"product_tag-hydraulic-cylinder","10":"first","11":"instock","12":"product-type-simple"},"_links":{"self":[{"href":"https:\/\/fmp-components.com\/lv\/wp-json\/wp\/v2\/product\/1380","targetHints":{"allow":["GET"]}}],"collection":[{"href":"https:\/\/fmp-components.com\/lv\/wp-json\/wp\/v2\/product"}],"about":[{"href":"https:\/\/fmp-components.com\/lv\/wp-json\/wp\/v2\/types\/product"}],"replies":[{"embeddable":true,"href":"https:\/\/fmp-components.com\/lv\/wp-json\/wp\/v2\/comments?post=1380"}],"wp:featuredmedia":[{"embeddable":true,"href":"https:\/\/fmp-components.com\/lv\/wp-json\/wp\/v2\/media\/1336"}],"wp:attachment":[{"href":"https:\/\/fmp-components.com\/lv\/wp-json\/wp\/v2\/media?parent=1380"}],"wp:term":[{"taxonomy":"product_brand","embeddable":true,"href":"https:\/\/fmp-components.com\/lv\/wp-json\/wp\/v2\/product_brand?post=1380"},{"taxonomy":"product_cat","embeddable":true,"href":"https:\/\/fmp-components.com\/lv\/wp-json\/wp\/v2\/product_cat?post=1380"},{"taxonomy":"product_tag","embeddable":true,"href":"https:\/\/fmp-components.com\/lv\/wp-json\/wp\/v2\/product_tag?post=1380"}],"curies":[{"name":"wp","href":"https:\/\/api.w.org\/{rel}","templated":true}]}}