{"id":1378,"date":"2024-12-23T02:19:41","date_gmt":"2024-12-23T02:19:41","guid":{"rendered":"https:\/\/fmp-components.com\/product\/excellent-quality-double-acting-cylinder-adjustable-hydraulic-cylinder-for-sale\/"},"modified":"2025-03-18T00:55:15","modified_gmt":"2025-03-18T00:55:15","slug":"excellent-quality-double-acting-cylinder-adjustable-hydraulic-cylinder-for-sale","status":"publish","type":"product","link":"https:\/\/fmp-components.com\/lv\/product\/excellent-quality-double-acting-cylinder-adjustable-hydraulic-cylinder-for-sale\/","title":{"rendered":"P\u0101rdo\u0161an\u0101 izcilas kvalit\u0101tes divk\u0101r\u0161as darb\u012bbas cilindra regul\u0113jams hidrauliskais cilindrs"},"content":{"rendered":"<h2>Iepaz\u012bstin\u0101m ar m\u016bsu izcilas kvalit\u0101tes divk\u0101r\u0161as darb\u012bbas cilindra regul\u0113jamo hidraulisko cilindru p\u0101rdo\u0161an\u0101!<\/h2>\n<p>\u0160is augst\u0101k\u0101s klases hidrauliskais cilindrs ir izstr\u0101d\u0101ts, lai nodro\u0161in\u0101tu izcilu veiktsp\u0113ju un iztur\u012bbu da\u017e\u0101dos r\u016bpnieciskos pielietojumos. Pateicoties t\u0101 divk\u0101r\u0161\u0101s darb\u012bbas konstrukcijai, to var vienl\u012bdz viegli izmantot gan stum\u0161anas, gan vilk\u0161anas pielietojumos.<\/p>\n<p>Ta\u010du \u0161o hidraulisko cilindru paties\u012bb\u0101 at\u0161\u0137ir t\u0101 regul\u0113jam\u012bba. Pateicoties pla\u0161ajam regul\u0113jamo g\u0101jienu kl\u0101stam, j\u016bs varat prec\u012bzi piel\u0101got veiktsp\u0113ju sav\u0101m \u012bpa\u0161aj\u0101m vajadz\u012bb\u0101m. Tas padara to par neticami daudzpus\u012bgu un piel\u0101gojamu izv\u0113li pla\u0161am pielietojumu kl\u0101stam.<\/p>\n<p>Ta\u010du neuzticieties tikai mums. M\u016bsu hidrauliskais cilindrs ir r\u016bp\u012bgi p\u0101rbaud\u012bts un pier\u0101d\u012bts, ka tas atbilst augst\u0101kajiem kvalit\u0101tes un uzticam\u012bbas standartiem. Turkl\u0101t m\u016bsu pieredz\u0113ju\u0161o in\u017eenieru komanda vienm\u0113r ir gatava sniegt profesion\u0101lus padomus un nor\u0101d\u012bjumus par to, k\u0101 maksim\u0101li izmantot j\u016bsu hidraulisko cilindru.<\/p>\n<p>T\u0101tad, ja mekl\u0113jat augstas kvalit\u0101tes hidraulisko cilindru, kas j\u016bs nepievils, mekl\u0113jiet tie\u0161i to, ko pied\u0101v\u0101jam m\u016bsu Izcilas kvalit\u0101tes divk\u0101r\u0161as darb\u012bbas cilindra regul\u0113jam\u0101 hidraulisk\u0101 cilindra p\u0101rdo\u0161anai.<\/p>\n<p><img loading=\"lazy\" decoding=\"async\" class=\"alignnone size-full wp-image-1334\" src=\"https:\/\/fmp-components.com\/wp-content\/uploads\/2024\/12\/Adjustable-Clevis-Type-Cylinders-4.webp\" alt=\"Regul\u0113jami skavu tipa cilindri\" width=\"800\" height=\"800\" title=\"\" srcset=\"https:\/\/fmp-components.com\/wp-content\/uploads\/2024\/12\/Adjustable-Clevis-Type-Cylinders-4.webp 800w, https:\/\/fmp-components.com\/wp-content\/uploads\/2024\/12\/Adjustable-Clevis-Type-Cylinders-4-480x480.webp 480w\" sizes=\"(min-width: 0px) and (max-width: 480px) 480px, (min-width: 481px) 800px, 100vw\" \/><\/p>\n<p>Iepaz\u012bstin\u0101m ar m\u016bsu augst\u0101k\u0101s klases, divk\u0101r\u0161as darb\u012bbas cilindra regul\u0113jamo hidraulisko cilindru, kas ir pieejams ieg\u0101dei. \u0160is jaunais produkts ir lieliski piem\u0113rots izmanto\u0161anai da\u017e\u0101d\u0101s nozar\u0113s, piem\u0113ram, ma\u0161\u012bnb\u016bves remonta darbn\u012bc\u0101s, ferm\u0101s, ener\u0123\u0113tik\u0101, ieguves r\u016bpniec\u012bb\u0101, ma\u0161\u012bnb\u016bves ra\u017eo\u0161an\u0101 un r\u016bpn\u012bc\u0101s. \u0160im hidrauliskajam cilindram, kas sver iztur\u012bgus 30 kg, ir 1 gada garantija, un tas ir iztur\u0113jis visus izejo\u0161os p\u0101rbaudes video un ma\u0161\u012bnu testu p\u0101rskatus. K\u0101 jauns 2023. gada produkts, tam ir t\u0101das galven\u0101s sast\u0101vda\u013cas k\u0101 gult\u0146i un hidrauliskais cilindrs. Konstrukcija ir standarta virzu\u013ccilindrs ar hidraulisko baro\u0161anas avotu un iztur\u012bgu t\u0113rauda korpusu. T\u0101 maksim\u0101l\u0101 vilce ir 3000 p\u0113du ar maksim\u0101lo vilkmi 20 tonnas. Cilindrs ir regul\u0113jama skavu tipa un ir sertific\u0113ts saska\u0146\u0101 ar ISO9001:2000. Urbuma un stie\u0146a izm\u0113ri ir attiec\u012bgi no 2 l\u012bdz 6 coll\u0101m un 1,125 l\u012bdz 4 coll\u0101m, savuk\u0101rt g\u0101jiena izm\u0113rs ir no 4 l\u012bdz 100 coll\u0101m. T\u0101 tapas izm\u0113rs ir no 0,5 l\u012bdz 2 coll\u0101m.<\/p>\n<p>\u0160is regul\u0113jamais hidrauliskais cilindrs pied\u0101v\u0101 da\u017e\u0101das iesp\u0113jas, lai atbilstu j\u016bsu \u012bpa\u0161aj\u0101m vajadz\u012bb\u0101m. K\u0101 divk\u0101r\u0161as darb\u012bbas cilindrs tas nodro\u0161ina sp\u0113ku abos virzienos, padarot to ide\u0101li piem\u0113rotu lietojumiem, kuriem nepiecie\u0161ama kontrol\u0113ta kust\u012bba. Cilindra specifik\u0101cijas ir izstr\u0101d\u0101tas, lai nodro\u0161in\u0101tu optim\u0101lu veiktsp\u0113ju. Ar urbuma izm\u0113ru no 2 l\u012bdz 6 coll\u0101m tas var iztur\u0113t da\u017e\u0101das spiediena slodzes. G\u0101jiena garums ir no 4 l\u012bdz 100 coll\u0101m, nodro\u0161inot elast\u012bbu g\u0101jiena kust\u012bb\u0101. Turkl\u0101t cilindrs var iztur\u0113t maksim\u0101lo vilces sp\u0113ku 3000 un maksim\u0101lo vilk\u0161anas sp\u0113ku 20 tonnas, demonstr\u0113jot t\u0101 augsto kravnes\u012bbu. Hidrauliskais cilindrs ir izgatavots no iztur\u012bga t\u0113rauda, \u200b\u200bkas nodro\u0161ina t\u0101 ilgm\u016b\u017e\u012bbu. T\u0101 konstrukcij\u0101 izmantoto materi\u0101lu kvalit\u0101te un tam uzkl\u0101tie speci\u0101lie p\u0101rkl\u0101jumi uzlabo t\u0101 iztur\u012bbu, veiktsp\u0113ju un ilgm\u016b\u017e\u012bbu. Turkl\u0101t \u0161o cilindru var piel\u0101got lieto\u0161anai da\u017e\u0101d\u0101s nozar\u0113s, s\u0101kot no r\u016bpnieciskaj\u0101m ma\u0161\u012bn\u0101m un mobil\u0101s hidraulikas l\u012bdz lauksaimniec\u012bbas tehnikai un celtniec\u012bbas transportl\u012bdzek\u013ciem. Ir pieejamas ar\u012b piel\u0101go\u0161anas iesp\u0113jas, nodro\u0161inot piel\u0101gotus risin\u0101jumus, pamatojoties uz \u012bpa\u0161\u0101m pras\u012bb\u0101m. Tiek sniegtas uzst\u0101d\u012b\u0161anas un apkopes vadl\u012bnijas, lai nodro\u0161in\u0101tu cilindra optim\u0101lu veiktsp\u0113ju un ilgm\u016b\u017e\u012bbu.<\/p>\n<p>FMP Hydraulic Machinery, kas dibin\u0101ts 2002. gad\u0101, ir vado\u0161ais hidraulisko cilindru ra\u017eot\u0101js un eksport\u0113t\u0101js It\u0101lij\u0101. M\u0113s lepojamies ar to, ka pied\u0101v\u0101jam augst\u0101k\u0101s kvalit\u0101tes produktus un lieliskus pakalpojumus, kas mums ir nodro\u0161in\u0101ju\u0161i uzticamu reput\u0101ciju klientu vid\u016b vis\u0101 pasaul\u0113. M\u016bsu regul\u0113jamais hidrauliskais cilindrs ir viens no m\u016bsu augst\u0101k\u0101s kvalit\u0101tes produktiem, kas izstr\u0101d\u0101ts, lai apmierin\u0101tu da\u017e\u0101du nozaru \u012bpa\u0161\u0101s vajadz\u012bbas. Nepalaidiet gar\u0101m \u0161o iesp\u0113ju uzlabot savu tehniku \u200b\u200bar m\u016bsu izcilas kvalit\u0101tes divk\u0101r\u0161as darb\u012bbas regul\u0113jamo hidraulisko cilindru. M\u0113s garant\u0113jam izcilu veiktsp\u0113ju un iztur\u012bbu, kas iev\u0113rojami uzlabos j\u016bsu darb\u012bbu.<\/p>\n<h2>Regul\u0113jamu skavu tipa cilindru priek\u0161roc\u012bbas<\/h2>\n<p>Regul\u0113jami skavu tipa cilindri, piem\u0113ram, p\u0101rdo\u0161an\u0101 eso\u0161ie izcilas kvalit\u0101tes divk\u0101r\u0161as darb\u012bbas regul\u0113jamie hidrauliskie cilindri, pied\u0101v\u0101 vair\u0101kas galven\u0101s priek\u0161roc\u012bbas da\u017e\u0101dos pielietojumos. \u0160ie cilindri ir izstr\u0101d\u0101ti ar precizit\u0101ti un inov\u0101cij\u0101m, nodro\u0161inot lietot\u0101jiem uzlabotu veiktsp\u0113ju un daudzpus\u012bbu. \u0160aj\u0101 rakst\u0101 m\u0113s detaliz\u0113ti izp\u0113t\u012bsim \u0161o cilindru priek\u0161roc\u012bbas.<\/p>\n<h3>1. Uzlabota elast\u012bba<\/h3>\n<p>Regul\u0113jamie skavu tipa cilindri pied\u0101v\u0101 nep\u0101rsp\u0113jamu elast\u012bbu, \u013caujot lietot\u0101jiem viegli piel\u0101got g\u0101jiena garumu un mont\u0101\u017eas poz\u012bciju atbilsto\u0161i sav\u0101m \u012bpa\u0161aj\u0101m pras\u012bb\u0101m. \u0160\u012b funkcija nodro\u0161ina, ka cilindru var prec\u012bzi piel\u0101got pla\u0161am pielietojumu kl\u0101stam, ietaupot laiku un p\u016bles uzst\u0101d\u012b\u0161an\u0101 un regul\u0113\u0161an\u0101.<\/p>\n<h3>2. Optim\u0101la veiktsp\u0113ja<\/h3>\n<p>\u0160ie cilindri ir izgatavoti, izmantojot modernu hidraulisko tehnolo\u0123iju, kas nodro\u0161ina izcilu veiktsp\u0113ju. Regul\u0113jam\u0101 skavu tipa konstrukcija nodro\u0161ina vienm\u0113r\u012bgu un prec\u012bzu kust\u012bbu, samazinot berzi un nodilumu. Tas savuk\u0101rt uzlabo efektivit\u0101ti, samazina apkopes izmaksas un pagarina kalpo\u0161anas laiku.<\/p>\n<h3>3. Izcila kravas apstr\u0101de<\/h3>\n<p>Pateicoties iztur\u012bgajai konstrukcijai un augstas kvalit\u0101tes materi\u0101liem, regul\u0113jamie skavu tipa cilindri var viegli iztur\u0113t lielas slodzes. Cilindri ir izstr\u0101d\u0101ti, lai iztur\u0113tu augstu spiedienu un nodro\u0161in\u0101tu uzticamu atbalstu sare\u017e\u0123\u012btos apst\u0101k\u013cos. Tas padara tos ide\u0101li piem\u0113rotus izmanto\u0161anai t\u0101d\u0101s nozar\u0113s k\u0101 b\u016bvniec\u012bba, ieguves r\u016bpniec\u012bba un ra\u017eo\u0161ana.<\/p>\n<h3>4. Paaugstin\u0101ta dro\u0161\u012bba<\/h3>\n<p>Regul\u0113jamie skavu tipa cilindri ir apr\u012bkoti ar dro\u0161\u012bbas funkcij\u0101m, kas nodro\u0161ina uzticamu un dro\u0161u darb\u012bbu. \u0160ie cilindri ir izstr\u0101d\u0101ti, lai nov\u0113rstu negaid\u012btas kust\u012bbas vai boj\u0101jumus, samazinot negad\u012bjumu risku. Turkl\u0101t to regul\u0113jam\u0101 daba \u013cauj prec\u012bzi kontrol\u0113t un pozicion\u0113t, v\u0113l vair\u0101k uzlabojot dro\u0161\u012bbu kritisk\u0101s darb\u012bb\u0101s.<\/p>\n<h3>5. Daudzpus\u012bgas mont\u0101\u017eas iesp\u0113jas<\/h3>\n<p>\u0160o cilindru regul\u0113jam\u0101 daba nodro\u0161ina daudzpus\u012bgas mont\u0101\u017eas iesp\u0113jas. Tos var viegli integr\u0113t da\u017e\u0101d\u0101s sist\u0113m\u0101s un ma\u0161\u012bn\u0101s, pied\u0101v\u0101jot elast\u012bbu projekt\u0113\u0161an\u0101 un uzst\u0101d\u012b\u0161an\u0101. \u0160\u012b daudzpus\u012bba padara regul\u0113jamus skavu tipa cilindrus piem\u0113rotus pla\u0161am pielietojumu kl\u0101stam, tostarp lauksaimniec\u012bbas iek\u0101rt\u0101m, materi\u0101lu apstr\u0101des sist\u0113m\u0101m un r\u016bpnieciskajai automatiz\u0101cijai.<\/p>\n<h3>6. Izmaksu zi\u0146\u0101 efekt\u012bvs risin\u0101jums<\/h3>\n<p>Ieguld\u012bjumi regul\u0113jamos skavu tipa cilindros ilgtermi\u0146\u0101 nodro\u0161ina izmaksu zi\u0146\u0101 efekt\u012bvu risin\u0101jumu. To izcil\u0101 veiktsp\u0113ja, iztur\u012bba un uzticam\u012bba samazina d\u012bkst\u0101ves laiku un apkopes izmaksas. Turkl\u0101t iesp\u0113ja piel\u0101got g\u0101jiena garumu un mont\u0101\u017eas poz\u012bciju nov\u0113r\u0161 nepiecie\u0161am\u012bbu ieg\u0101d\u0101ties vair\u0101kus cilindrus, t\u0101d\u0113j\u0101di v\u0113l vair\u0101k ietaupot izmaksas.<\/p>\n<p>Rezum\u0113jot, regul\u0113jami skavas tipa cilindri, t\u0101pat k\u0101 izcilas kvalit\u0101tes divk\u0101r\u0161as darb\u012bbas regul\u0113jamie hidrauliskie cilindri, kas tiek pied\u0101v\u0101ti p\u0101rdo\u0161an\u0101, pied\u0101v\u0101 iev\u0113rojamas priek\u0161roc\u012bbas elast\u012bbas, veiktsp\u0113jas, slodzes apstr\u0101des, dro\u0161\u012bbas, mont\u0101\u017eas iesp\u0113ju un izmaksu efektivit\u0101tes zi\u0146\u0101. \u0160ie cilindri ir uzticama un daudzpus\u012bga izv\u0113le da\u017e\u0101d\u0101m nozar\u0113m un lietojumiem. Iek\u013caujot regul\u0113jamus skavas tipa cilindrus, uz\u0146\u0113mumi var uzlabot savu darb\u012bbu un sasniegt optim\u0101lus rezult\u0101tus.<\/p>\n<p><img decoding=\"async\" src=\"https:\/\/fmp-components.com\/wp-content\/uploads\/2024\/12\/Adjustable-Clevis-Type-Cylinders5.webp\" alt=\"Regul\u0113jams skavu tipa cilindrs\" width=\"800\" title=\"\"><\/p>\n<h2>Regul\u0113jamu skavu tipa cilindru pielietojums<\/h2>\n<p>Regul\u0113jami skavu tipa cilindri ir hidraulisko cilindru veids, ko izmanto pla\u0161\u0101 pielietojumu kl\u0101st\u0101. Tie ir paz\u012bstami ar savu izcilo kvalit\u0101ti, divk\u0101r\u0161\u0101s darb\u012bbas iesp\u0113j\u0101m un regul\u0113jam\u012bbu. \u0160aj\u0101 rakst\u0101 m\u0113s izp\u0113t\u012bsim da\u017e\u0101dos regul\u0113jamo skavu tipa cilindru pielietojumus un to izmanto\u0161anu da\u017e\u0101d\u0101s nozar\u0113s.<\/p>\n<h3>1. R\u016bpniecisk\u0101s iek\u0101rtas<\/h3>\n<p>Regul\u0113jami skavu tipa cilindri tiek pla\u0161i izmantoti r\u016bpnieciskaj\u0101s iek\u0101rt\u0101s. Tos izmanto da\u017e\u0101du veidu ma\u0161\u012bnu, piem\u0113ram, presu, \u0161\u0137\u0113ru un liek\u0161anas ma\u0161\u012bnu, ra\u017eo\u0161an\u0101. \u0160ie cilindri tiek izmantoti, lai nodro\u0161in\u0101tu nepiecie\u0161amo sp\u0113ku un jaudu \u0161o ma\u0161\u012bnu darbin\u0101\u0161anai. \u0160o cilindru divk\u0101r\u0161\u0101s darb\u012bbas funkcija nodro\u0161ina efekt\u012bvu darb\u012bbu un \u0101tru cikla laiku. Regul\u0113jam\u0101 funkcija \u013cauj prec\u012bzi pozicion\u0113t, kas ir svar\u012bgi augstas kvalit\u0101tes produktu ra\u017eo\u0161an\u0101.<\/p>\n<h3>2. B\u016bvniec\u012bbas nozare<\/h3>\n<p>B\u016bvniec\u012bbas nozar\u0113 tiek izmantoti ar\u012b regul\u0113jami skavu tipa cilindri. Tos izmanto da\u017e\u0101d\u0101s celtniec\u012bbas iek\u0101rt\u0101s, piem\u0113ram, ekskavatoros, celt\u0146os un buldozeros. \u0160ie cilindri tiek izmantoti, lai nodro\u0161in\u0101tu nepiecie\u0161amo jaudu smagu kravu un apr\u012bkojuma p\u0101rvieto\u0161anai. \u0160o cilindru regul\u0113jam\u012bbas funkcija \u013cauj prec\u012bzi pozicion\u0113t, kas ir svar\u012bgi b\u016bvniec\u012bbas nozar\u0113, kur precizit\u0101te ir \u013coti svar\u012bga.<\/p>\n<h3>3. Lauksaimniec\u012bbas tehnika<\/h3>\n<p>V\u0113l viena nozare, kur\u0101 tiek izmantoti regul\u0113jami skavu tipa cilindri, ir lauksaimniec\u012bbas nozare. \u0160ie cilindri tiek izmantoti da\u017e\u0101d\u0101s lauksaimniec\u012bbas tehnik\u0101, piem\u0113ram, traktoros, arklos un kombainos. Tos izmanto, lai nodro\u0161in\u0101tu nepiecie\u0161amo sp\u0113ku un jaudu \u0161o ma\u0161\u012bnu efekt\u012bvai darb\u012bbai. \u0160o cilindru regul\u0113jam\u012bbas funkcija \u013cauj prec\u012bzi pozicion\u0113t, kas ir svar\u012bgi lauksaimniec\u012bbas nozar\u0113, kur precizit\u0101te ir \u013coti svar\u012bga.<\/p>\n<h3>4. Avi\u0101cijas un kosmosa r\u016bpniec\u012bba<\/h3>\n<p>Ar\u012b avi\u0101cijas un kosmosa r\u016bpniec\u012bb\u0101 tiek izmantoti regul\u0113jami skavu tipa cilindri. Tos izmanto da\u017e\u0101d\u0101s gaisa ku\u0123u sist\u0113m\u0101s, piem\u0113ram, \u0161asij\u0101s, st\u016bres un vad\u012bbas sist\u0113m\u0101s. \u0160ie cilindri tiek izmantoti, lai nodro\u0161in\u0101tu nepiecie\u0161amo sp\u0113ku un jaudu \u0161o sist\u0113mu efekt\u012bvai darb\u012bbai. \u0160o cilindru regul\u0113jam\u012bbas funkcija \u013cauj prec\u012bzi pozicion\u0113t, kas ir svar\u012bgi avi\u0101cijas un kosmosa r\u016bpniec\u012bb\u0101, kur precizit\u0101te ir kritiski svar\u012bga.<\/p>\n<p>Nosl\u0113gum\u0101 j\u0101saka, ka regul\u0113jamie skavu tipa cilindri ir daudzpus\u012bgi hidrauliskie cilindri, ko izmanto da\u017e\u0101d\u0101s nozar\u0113s. Tie ir paz\u012bstami ar savu izcilo kvalit\u0101ti, divk\u0101r\u0161as darb\u012bbas iesp\u0113j\u0101m un regul\u0113jam\u012bbu. Tos izmanto r\u016bpnieciskaj\u0101s iek\u0101rt\u0101s, b\u016bvniec\u012bb\u0101, lauksaimniec\u012bb\u0101, avi\u0101cij\u0101 un daudz\u0101s cit\u0101s lietojumprogramm\u0101s. \u0160o cilindru regul\u0113jam\u012bbas funkcija \u013cauj prec\u012bzi pozicion\u0113t, kas ir svar\u012bgi nozar\u0113s, kur\u0101s precizit\u0101te un precizit\u0101te ir \u013coti svar\u012bga. Ja jums ir nepiecie\u0161ams p\u0101rdo\u0161anai izcilas kvalit\u0101tes divk\u0101r\u0161as darb\u012bbas regul\u0113jams hidrauliskais cilindrs, regul\u0113jamie skavu tipa cilindri ir lieliska izv\u0113le.<img decoding=\"async\" src=\"https:\/\/fmp-components.com\/wp-content\/uploads\/2024\/12\/Application-of-Adjustable-Clevis-Type-Cylinders.webp\" alt=\"Regul\u0113jams skavu tipa cilindrs\" width=\"800\" title=\"\"><\/p>\n<h3>Par FMP<\/h3>\n<p>FMP ir uz\u0146\u0113mums, kas specializ\u0113jas hidraulisko cilindru ra\u017eo\u0161an\u0101 un p\u0101rdo\u0161an\u0101. Pateicoties m\u016bsu pla\u0161ajai pieredzei nozar\u0113 un profesion\u0101lajai komandai, m\u0113s esam ap\u0146\u0113mu\u0161ies nodro\u0161in\u0101t m\u016bsu klientus ar augstas kvalit\u0101tes un uzticamiem hidrauliskajiem cilindriem.<\/p>\n<p><img decoding=\"async\" src=\"https:\/\/fmp-components.com\/wp-content\/uploads\/2024\/12\/Adjustable-Clevis-Type-Cylinders-6.webp\" alt=\"Regul\u0113jams skavu tipa cilindrs\" width=\"840\" title=\"\"><\/p>\n<p>1. Augstas kvalit\u0101tes produkti: FMP lepojas ar to, ka pied\u0101v\u0101 augst\u0101k\u0101s klases hidrauliskos cilindrus, kas ir rad\u012bti ilgam kalpo\u0161anas laikam. M\u016bsu produkti tiek pak\u013cauti stingriem kvalit\u0101tes kontroles pas\u0101kumiem, lai nodro\u0161in\u0101tu to iztur\u012bbu un veiktsp\u0113ju.<\/p>\n<p>2. Pla\u0161s iesp\u0113ju kl\u0101sts: M\u0113s pied\u0101v\u0101jam pla\u0161u hidraulisko cilindru kl\u0101stu, lai apmierin\u0101tu m\u016bsu klientu \u012bpa\u0161\u0101s vajadz\u012bbas. Neatkar\u012bgi no t\u0101, vai jums ir nepiecie\u0161ami regul\u0113jami skavu tipa cilindri, \u0161arn\u012brsavienojuma stie\u0146u cilindri vai metin\u0101ti cilindri, m\u0113s par\u016bp\u0113simies par visu.<\/p>\n<p>3. Stingri kvalit\u0101tes standarti: M\u0113s uztur\u0113jam ilgtermi\u0146a un stabilas partnerattiec\u012bbas ar cien\u012bjamiem pieg\u0101d\u0101t\u0101jiem, lai garant\u0113tu, ka visi m\u016bsu hidrauliskie cilindri atbilst stingriem kvalit\u0101tes standartiem. Katrs produkts tiek r\u016bp\u012bgi p\u0101rbaud\u012bts, pirms tas tiek pieg\u0101d\u0101ts m\u016bsu klientiem.<\/p>\n<p>4. Pieredz\u0113jusi p\u0101rdo\u0161anas komanda: m\u016bsu pieredz\u0113ju\u0161\u0101 un zino\u0161\u0101 p\u0101rdo\u0161anas komanda labi p\u0101rzina jaun\u0101k\u0101s tendences un klientu pras\u012bbas nozar\u0113. Vi\u0146i vienm\u0113r ir gatavi sniegt profesion\u0101las konsult\u0101cijas par produktiem un pied\u0101v\u0101t p\u0101rdom\u0101tus pirk\u0161anas ieteikumus, lai nodro\u0161in\u0101tu klientu apmierin\u0101t\u012bbu.<\/p>\n<p>5. Efekt\u012bva lo\u0123istikas sist\u0113ma: M\u0113s saprotam savlaic\u012bgas pieg\u0101des noz\u012bmi. Ar m\u016bsu efekt\u012bvo lo\u0123istikas izplat\u012b\u0161anas sist\u0113mu m\u0113s nodro\u0161in\u0101m, ka m\u016bsu klienti sa\u0146em nepiecie\u0161amos hidrauliskos cilindrus \u0101tri un prec\u012bzi.<\/p>\n<p>Izv\u0113lieties FMP sav\u0101m hidraulisko cilindru vajadz\u012bb\u0101m un izbaudiet kvalit\u0101ti un uzticam\u012bbu, kas m\u016bs at\u0161\u0137ir no konkurentiem. Sazinieties ar mums jau \u0161odien, lai uzs\u0101ktu augl\u012bgu partner\u012bbu.<\/p>\n<h2>Bie\u017ei uzdotie jaut\u0101jumi<\/h2>\n<p><strong>J: K\u0101ds ir regul\u0113jam\u0101 hidraulisk\u0101 cilindra pieg\u0101des laiks?<\/strong><br \/>\nA: Visp\u0101r\u0113jais pieg\u0101des laiks ir 25\u201335 dienas.<\/p>\n<p><strong>J: Vai ir nodro\u0161in\u0101ti hidraulisk\u0101 cilindra paraugi?<\/strong><br \/>\nA: J\u0101, m\u0113s pied\u0101v\u0101jam paraugus, bet tie nav bez maksas.<\/p>\n<p><img decoding=\"async\" src=\"https:\/\/img.jiansujichilun.com\/img\/hydrauliccylinders\/C_hydrauliccylinders-3.webp\" alt=\"hidrauliskais cilindrs\" width=\"800\" title=\"\"><\/p>\n<p><strong>J: Vai es varu piel\u0101got hidraulisko cilindru atbilsto\u0161i sav\u0101m vajadz\u012bb\u0101m?<\/strong><br \/>\nA: J\u0101, m\u0113s pied\u0101v\u0101jam piel\u0101go\u0161anas iesp\u0113jas atbilsto\u0161i j\u016bsu \u012bpa\u0161aj\u0101m pras\u012bb\u0101m.<\/p>\n<p>Autors: CX<\/p>","protected":false},"excerpt":{"rendered":"<p>Iepaz\u012bstin\u0101m ar m\u016bsu izcilas kvalit\u0101tes divk\u0101r\u0161\u0101s darb\u012bbas cilindru \u2014 regul\u0113jamo hidraulisko cilindru, kas ir pieejams p\u0101rdo\u0161an\u0101! \u0160is augst\u0101k\u0101s klases hidrauliskais cilindrs ir izstr\u0101d\u0101ts, lai nodro\u0161in\u0101tu izcilu veiktsp\u0113ju un iztur\u012bbu da\u017e\u0101dos r\u016bpnieciskos pielietojumos. Pateicoties divk\u0101r\u0161\u0101s darb\u012bbas konstrukcijai, to var vienl\u012bdz viegli izmantot gan stum\u0161anas, gan vilk\u0161anas pielietojumos. Bet kas \u012bsti at\u0161\u0137ir \u0161o hidraulisko [\u2026]<\/p>","protected":false},"featured_media":1338,"comment_status":"closed","ping_status":"closed","template":"","meta":{"_et_pb_use_builder":"","_et_pb_old_content":"","_et_gb_content_width":""},"product_brand":[],"product_cat":[39],"product_tag":[41,34],"class_list":{"0":"post-1378","1":"product","2":"type-product","3":"status-publish","4":"has-post-thumbnail","6":"product_cat-adjustable-clevis-type-cylinders","7":"product_tag-adjustable-clevis-type-cylinders","8":"product_tag-hydraulic-cylinder","10":"first","11":"instock","12":"product-type-simple"},"_links":{"self":[{"href":"https:\/\/fmp-components.com\/lv\/wp-json\/wp\/v2\/product\/1378","targetHints":{"allow":["GET"]}}],"collection":[{"href":"https:\/\/fmp-components.com\/lv\/wp-json\/wp\/v2\/product"}],"about":[{"href":"https:\/\/fmp-components.com\/lv\/wp-json\/wp\/v2\/types\/product"}],"replies":[{"embeddable":true,"href":"https:\/\/fmp-components.com\/lv\/wp-json\/wp\/v2\/comments?post=1378"}],"wp:featuredmedia":[{"embeddable":true,"href":"https:\/\/fmp-components.com\/lv\/wp-json\/wp\/v2\/media\/1338"}],"wp:attachment":[{"href":"https:\/\/fmp-components.com\/lv\/wp-json\/wp\/v2\/media?parent=1378"}],"wp:term":[{"taxonomy":"product_brand","embeddable":true,"href":"https:\/\/fmp-components.com\/lv\/wp-json\/wp\/v2\/product_brand?post=1378"},{"taxonomy":"product_cat","embeddable":true,"href":"https:\/\/fmp-components.com\/lv\/wp-json\/wp\/v2\/product_cat?post=1378"},{"taxonomy":"product_tag","embeddable":true,"href":"https:\/\/fmp-components.com\/lv\/wp-json\/wp\/v2\/product_tag?post=1378"}],"curies":[{"name":"wp","href":"https:\/\/api.w.org\/{rel}","templated":true}]}}