{"id":1377,"date":"2024-12-23T02:18:57","date_gmt":"2024-12-23T02:18:57","guid":{"rendered":"https:\/\/fmp-components.com\/product\/cost-effective-hydraulic-piston-cylinder-adjustable-hydraulic-cylinder-for-tractor\/"},"modified":"2025-03-18T00:56:01","modified_gmt":"2025-03-18T00:56:01","slug":"cost-effective-hydraulic-piston-cylinder-adjustable-hydraulic-cylinder-for-tractor","status":"publish","type":"product","link":"https:\/\/fmp-components.com\/lv\/product\/cost-effective-hydraulic-piston-cylinder-adjustable-hydraulic-cylinder-for-tractor\/","title":{"rendered":"Rentabls hidrauliskais virzu\u013ccilindrs Regul\u0113jams hidrauliskais cilindrs traktoram"},"content":{"rendered":"<h2>Iepaz\u012bstin\u0101m ar rentablu hidraulisko virzu\u013ccilindru, regul\u0113jamu hidraulisko cilindru traktoram<\/h2>\n<p>Izmaksu zi\u0146\u0101 efekt\u012bvais hidrauliskais virzu\u013ccilindrs ar regul\u0113jamu hidraulisko cilindru traktoram ir augst\u0101k\u0101s klases produkts, kas nodro\u0161ina optim\u0101lu veiktsp\u0113ju un iztur\u012bbu. \u0160is jaud\u012bgais hidrauliskais cilindrs ir paredz\u0113ts neman\u0101mai darb\u012bbai ar traktoriem un citu lieljaudas apr\u012bkojumu, nodro\u0161inot uzticamu un efekt\u012bvu darb\u012bbu pat vissmag\u0101kajos apst\u0101k\u013cos.<\/p>\n<p>\u0160is hidrauliskais cilindrs ir izgatavots no augstas kvalit\u0101tes materi\u0101liem, lai kalpotu ilgi un saglab\u0101tu optim\u0101lu veiktsp\u0113ju. Pateicoties regul\u0113jamajam dizainam, to var viegli un prec\u012bzi piel\u0101got j\u016bsu traktora \u012bpa\u0161aj\u0101m vajadz\u012bb\u0101m, nodro\u0161inot maksim\u0101lu efektivit\u0101ti un produktivit\u0101ti.<\/p>\n<p>Neatkar\u012bgi no t\u0101, vai str\u0101d\u0101jat lauksaimniec\u012bb\u0101, b\u016bvniec\u012bb\u0101 vai jebkur\u0101 cit\u0101 nozar\u0113, kur\u0101 nepiecie\u0161ama uzticama un efekt\u012bva smag\u0101 tehnika, izmaksu zi\u0146\u0101 efekt\u012bvais hidrauliskais virzu\u013ccilindrs ar regul\u0113jamu hidraulisko cilindru traktoram ir lieliska izv\u0113le. T\u0101tad, k\u0101p\u0113c gaid\u012bt? Ieguldiet \u0161aj\u0101 jaud\u012bgaj\u0101 hidrauliskaj\u0101 cilindr\u0101 jau \u0161odien un izbaudiet at\u0161\u0137ir\u012bbu, ko tas var sniegt j\u016bsu uz\u0146\u0113mumam.<\/p>\n<p><img loading=\"lazy\" decoding=\"async\" class=\"alignnone size-full wp-image-1334\" src=\"https:\/\/fmp-components.com\/wp-content\/uploads\/2024\/12\/Adjustable-Clevis-Type-Cylinders-4.webp\" alt=\"Regul\u0113jami skavu tipa cilindri\" width=\"800\" height=\"800\" title=\"\" srcset=\"https:\/\/fmp-components.com\/wp-content\/uploads\/2024\/12\/Adjustable-Clevis-Type-Cylinders-4.webp 800w, https:\/\/fmp-components.com\/wp-content\/uploads\/2024\/12\/Adjustable-Clevis-Type-Cylinders-4-480x480.webp 480w\" sizes=\"(min-width: 0px) and (max-width: 480px) 480px, (min-width: 481px) 800px, 100vw\" \/><\/p>\n<table style=\"width: 100%;\" border=\"1\" width=\"100%\" cellspacing=\"0\" cellpadding=\"0\">\n<tbody>\n<tr>\n<th>Produkta nosaukums<\/th>\n<td>Hidrauliskais virzu\u013ccilindrs traktoriem<\/td>\n<\/tr>\n<tr>\n<th>Izmaksu efektivit\u0101te<\/th>\n<td>\u013boti izmaksu zi\u0146\u0101 efekt\u012bvs risin\u0101jums<\/td>\n<\/tr>\n<tr>\n<th>Piem\u0113rojam\u0101s nozares<\/th>\n<td>Ma\u0161\u012bnu remonta darbn\u012bcas, Lauksaimniec\u012bbas saimniec\u012bbas, Ener\u0123\u0113tika un ieguves r\u016bpniec\u012bba, Ma\u0161\u012bnu ra\u017eo\u0161ana, Ma\u0161\u012bnu r\u016bpn\u012bcas<\/td>\n<\/tr>\n<tr>\n<th>Garantija<\/th>\n<td>1 gads<\/td>\n<\/tr>\n<tr>\n<th>Svars (kg)<\/th>\n<td>30<\/td>\n<\/tr>\n<tr>\n<th>Video izejo\u0161\u0101 p\u0101rbaude<\/th>\n<td>Nodro\u0161in\u0101ts<\/td>\n<\/tr>\n<tr>\n<th>Ma\u0161\u012bnu testa zi\u0146ojums<\/th>\n<td>Nodro\u0161in\u0101ts<\/td>\n<\/tr>\n<tr>\n<th>Galven\u0101s sast\u0101vda\u013cas<\/th>\n<td>Gultnis, hidrauliskais cilindrs<\/td>\n<\/tr>\n<tr>\n<th>Standarta vai nestandarta<\/th>\n<td>Standarta<\/td>\n<\/tr>\n<tr>\n<th>Jauda<\/th>\n<td>Hidraulisk\u0101<\/td>\n<\/tr>\n<tr>\n<th>Korpusa materi\u0101ls<\/th>\n<td>Iztur\u012bgs t\u0113rauds<\/td>\n<\/tr>\n<tr>\n<th>Maksim\u0101l\u0101 vilce<\/th>\n<td>3000<\/td>\n<\/tr>\n<tr>\n<th>Tips<\/th>\n<td>Regul\u0113jams skavu tipa cilindrs<\/td>\n<\/tr>\n<tr>\n<th>Sertifik\u0101cija<\/th>\n<td>ISO 9001:2000<\/td>\n<\/tr>\n<tr>\n<th>Urbuma izm\u0113rs<\/th>\n<td>2\u20136 collas<\/td>\n<\/tr>\n<tr>\n<th>Stie\u0146a izm\u0113rs<\/th>\n<td>1,125\u20134 collas<\/td>\n<\/tr>\n<tr>\n<th>Trieciena izm\u0113rs<\/th>\n<td>4\u2013100 collas<\/td>\n<\/tr>\n<tr>\n<th>Tapas izm\u0113rs<\/th>\n<td>0,5\u20132 collas<\/td>\n<\/tr>\n<tr>\n<th>Kr\u0101sa<\/th>\n<td>Melns<\/td>\n<\/tr>\n<tr>\n<th>Iepakojuma deta\u013cas<\/th>\n<td>Dzelzs korpuss, sapl\u0101k\u0161\u0146a korpuss vai kartona kaste<\/td>\n<\/tr>\n<tr>\n<th><\/th>\n<td><\/td>\n<\/tr>\n<\/tbody>\n<\/table>\n<h2>Regul\u0113jamu skavu tipa cilindru priek\u0161roc\u012bbas<\/h2>\n<p>Regul\u0113jami skavas tipa cilindri pied\u0101v\u0101 daudzas priek\u0161roc\u012bbas un priek\u0161roc\u012bbas da\u017e\u0101dos pielietojumos. \u0160ie hidrauliskie virzu\u013ccilindri ir izstr\u0101d\u0101ti, lai b\u016btu rentabli un nodro\u0161in\u0101tu izcilu veiktsp\u0113ju da\u017e\u0101d\u0101s nozar\u0113s, piem\u0113ram, lauksaimniec\u012bb\u0101 un b\u016bvniec\u012bb\u0101. \u0160aj\u0101 rakst\u0101 m\u0113s iedzi\u013cin\u0101simies regul\u0113jamu skavas tipa cilindru priek\u0161roc\u012bb\u0101s un izp\u0113t\u012bsim, k\u0101p\u0113c tie ir popul\u0101ra izv\u0113le traktoriem un citai smagajai tehnikai.<\/p>\n<p><strong>1. Uzlabota elast\u012bba:<\/strong> Viena no regul\u0113jamu skavu tipa cilindru galvenaj\u0101m priek\u0161roc\u012bb\u0101m ir to elast\u012bba. \u0160ie cilindri ir konstru\u0113ti ar skavu stiprin\u0101jumu, kas \u013cauj viegli regul\u0113t cilindra garumu. \u0160\u012b regul\u0113jam\u012bba \u013cauj cilindram piel\u0101goties da\u017e\u0101diem darba apst\u0101k\u013ciem un pras\u012bb\u0101m, padarot to \u013coti daudzpus\u012bgu da\u017e\u0101diem pielietojumiem. Neatkar\u012bgi no t\u0101, vai tas ir traktora agreg\u0101ts vai r\u016bpnieciska ma\u0161\u012bna, regul\u0113jamo skavu tipa cilindru var prec\u012bzi piel\u0101got, nodro\u0161inot optim\u0101lu veiktsp\u0113ju.<\/p>\n<p><strong>2. Uzlabota efektivit\u0101te:<\/strong> Regul\u0113jami skavu tipa cilindri veicina uzlabotu darb\u012bbas efektivit\u0101ti. Pateicoties regul\u0113\u0161anas iesp\u0113jai, \u0161os cilindrus var prec\u012bzi noregul\u0113t, lai nodro\u0161in\u0101tu maksim\u0101lu sp\u0113ku un precizit\u0101ti konkr\u0113tos uzdevumos. Optimiz\u0113jot cilindra g\u0101jiena garumu un darba spiedienu, operatori var pan\u0101kt lab\u0101ku kontroli p\u0101r tehniku, k\u0101 rezult\u0101t\u0101 palielin\u0101s produktivit\u0101te un samazin\u0101sies ener\u0123ijas pat\u0113ri\u0146\u0161.<\/p>\n<p><strong>3. Iztur\u012bba un uzticam\u012bba:<\/strong> Regul\u0113jami skavu tipa cilindri ir konstru\u0113ti t\u0101, lai iztur\u0113tu lielas slodzes un skarbu darba vidi. Tie ir izgatavoti no augstas kvalit\u0101tes materi\u0101liem, piem\u0113ram, r\u016bd\u012bta t\u0113rauda, \u200b\u200bkas nodro\u0161ina to iztur\u012bbu un ilgm\u016b\u017e\u012bbu. \u0160ie cilindri var iztur\u0113t \u0101rk\u0101rt\u0113ju spiedienu, temperat\u016bras sv\u0101rst\u012bbas un intens\u012bvu lieto\u0161anu, padarot tos par uzticamiem komponentiem lieljaudas lietojumiem.<\/p>\n<p><strong>4. Vienk\u0101r\u0161a uzst\u0101d\u012b\u0161ana:<\/strong> V\u0113l viena regul\u0113jamu skavu tipa cilindru priek\u0161roc\u012bba ir to vienk\u0101r\u0161\u0101 uzst\u0101d\u012b\u0161ana. \u0160ie cilindri ir paredz\u0113ti vienk\u0101r\u0161ai mont\u0101\u017eai, un skava nodro\u0161ina dro\u0161u stiprin\u0101juma punktu. Vienk\u0101r\u0161a uzst\u0101d\u012b\u0161ana samazina d\u012bkst\u0101ves laiku un \u013cauj \u0101tri un bez probl\u0113m\u0101m nomain\u012bt vai veikt apkopi, kad tas nepiecie\u0161ams.<\/p>\n<p><strong>5. Izmaksu efektivit\u0101te:<\/strong> Regul\u0113jami skavu tipa cilindri pied\u0101v\u0101 izmaksu zi\u0146\u0101 efekt\u012bvu risin\u0101jumu sal\u012bdzin\u0101jum\u0101 ar cit\u0101m hidraulisko cilindru iesp\u0113j\u0101m. To regul\u0113jam\u012bba nov\u0113r\u0161 nepiecie\u0161am\u012bbu p\u0113c \u012bpa\u0161iem lietojumiem izgatavotiem cilindriem, t\u0101d\u0113j\u0101di samazinot kop\u0113j\u0101s izmaksas. Turkl\u0101t to iztur\u012bba un uzticam\u012bba samazina nepiecie\u0161am\u012bbu p\u0113c bie\u017eas nomai\u0146as vai remonta, v\u0113l vair\u0101k samazinot apkopes izmaksas.<\/p>\n<p>Kopum\u0101 regul\u0113jami skavu tipa cilindri sniedz iev\u0113rojamas priek\u0161roc\u012bbas elast\u012bbas, efektivit\u0101tes, iztur\u012bbas, vienk\u0101r\u0161as uzst\u0101d\u012b\u0161anas un izmaksu zi\u0146\u0101. To regul\u0113\u0161anas iesp\u0113ja apvienojum\u0101 ar izcilo veiktsp\u0113ju padara tos par ide\u0101lu izv\u0113li traktoriem un cit\u0101m smag\u0101s tehnikas vajadz\u012bb\u0101m. Neatkar\u012bgi no t\u0101, vai nepiecie\u0161ams piel\u0101goties da\u017e\u0101diem darba apst\u0101k\u013ciem vai pan\u0101kt prec\u012bzu vad\u012bbu, \u0161ie cilindri nodro\u0161ina uzticamu un rentablu hidraulisko jaudu.<\/p>\n<p><img decoding=\"async\" src=\"https:\/\/fmp-components.com\/wp-content\/uploads\/2024\/12\/Adjustable-Clevis-Type-Cylinders5.webp\" alt=\"Regul\u0113jams skavu tipa cilindrs\" width=\"800\" title=\"\"><\/p>\n<h2>Regul\u0113jamu skavu tipa cilindru pielietojums<\/h2>\n<p>Regul\u0113jamiem skavas tipa cilindriem, piem\u0113ram, izmaksu zi\u0146\u0101 efekt\u012bvajam hidrauliskajam virzu\u013ccilindram un regul\u0113jamajam hidrauliskajam cilindram traktoriem, ir da\u017e\u0101di pielietojumi da\u017e\u0101d\u0101s nozar\u0113s. \u0160ie cilindri nodro\u0161ina daudzpus\u012bgus un uzticamus risin\u0101jumus pla\u0161am meh\u0101nisko sist\u0113mu kl\u0101stam. \u0160aj\u0101 rakst\u0101 m\u0113s detaliz\u0113ti izp\u0113t\u012bsim regul\u0113jamo skavas tipa cilindru pielietojumu un to priek\u0161roc\u012bbas.<\/p>\n<h3>1. R\u016bpniecisk\u0101 automatiz\u0101cija<\/h3>\n<p>Viens no galvenajiem regul\u0113jamu skavu tipa cilindru pielietojumiem ir r\u016bpniecisk\u0101 automatiz\u0101cija. \u0160iem cilindriem ir iz\u0161\u0137iro\u0161a noz\u012bme automatiz\u0113tu ma\u0161\u012bnu un iek\u0101rtu vienm\u0113r\u012bg\u0101 darb\u012bb\u0101. Pateicoties regul\u0113jam\u0101s skavu konstrukcijai, tos var viegli integr\u0113t da\u017e\u0101d\u0101s automatiz\u0101cijas sist\u0113m\u0101s, nodro\u0161inot prec\u012bzu un kontrol\u0113tu line\u0101ru kust\u012bbu. Izmaksu zi\u0146\u0101 efekt\u012bvais hidrauliskais virzu\u013ccilindrs un regul\u0113jamais hidrauliskais cilindrs traktoriem ir \u012bpa\u0161i piem\u0113roti lieljaudas lietojumiem, kur nepiecie\u0161ams liels sp\u0113ks un iztur\u012bba.<\/p>\n<h3>2. Materi\u0101lu apstr\u0101de<\/h3>\n<p>Regul\u0113jami skavu tipa cilindri tiek pla\u0161i izmantoti materi\u0101lu apstr\u0101des sist\u0113m\u0101s. \u0160ie cilindri sp\u0113j viegli pacelt un p\u0101rvietot smagas kravas. Regul\u0113jam\u0101 funkcija \u013cauj prec\u012bzi pozicion\u0113t kravu, nodro\u0161inot efekt\u012bvas un dro\u0161as materi\u0101lu apstr\u0101des darb\u012bbas. Rentabls hidrauliskais virzu\u013ccilindrs un regul\u0113jamais hidrauliskais cilindrs traktoriem parasti tiek izmantoti iekr\u0101v\u0113jos, celt\u0146os un cit\u0101s materi\u0101lu apstr\u0101des iek\u0101rt\u0101s.<\/p>\n<h3>3. Lauksaimniec\u012bbas tehnika<\/h3>\n<p>Lauksaimniec\u012bbas tehnika da\u017e\u0101dos pielietojumos liel\u0101 m\u0113r\u0101 pa\u013caujas uz regul\u0113jamiem skavas tipa cilindriem. S\u0101kot ar ar\u0161anu un augsnes apstr\u0101di l\u012bdz ra\u017eas nov\u0101k\u0161anai un iekrau\u0161anai, \u0161ie cilindri nodro\u0161ina nepiecie\u0161amo jaudu un vad\u012bbu efekt\u012bv\u0101m lauksaimniec\u012bbas darb\u012bb\u0101m. Jo \u012bpa\u0161i traktoru regul\u0113jamais hidrauliskais cilindrs ir izstr\u0101d\u0101ts, lai iztur\u0113tu sare\u017e\u0123\u012btus lauksaimniec\u012bbas vides apst\u0101k\u013cus, vienlaikus nodro\u0161inot optim\u0101lu veiktsp\u0113ju. Lauksaimnieki un lauksaimniec\u012bbas speci\u0101listi var g\u016bt labumu no \u0161o cilindru pied\u0101v\u0101t\u0101 izmaksu zi\u0146\u0101 efekt\u012bv\u0101 risin\u0101juma.<\/p>\n<h3>4. Celtniec\u012bbas iek\u0101rtas<\/h3>\n<p>Regul\u0113jami skavas tipa cilindri tiek pla\u0161i izmantoti celtniec\u012bbas tehnik\u0101. S\u0101kot no ekskavatoriem un iekr\u0101v\u0113jiem l\u012bdz celt\u0146iem un buldozeriem, \u0161ie cilindri ir svar\u012bgi prec\u012bzai smago ma\u0161\u012bnu p\u0101rvieto\u0161anai un pozicion\u0113\u0161anai. \u0160o cilindru regul\u0113jam\u012bba nodro\u0161ina elast\u012bbu da\u017e\u0101dos celtniec\u012bbas darbos, nodro\u0161inot prec\u012bzu un efekt\u012bvu darb\u012bbu. Izmaksu zi\u0146\u0101 efekt\u012bvais hidrauliskais virzu\u013ccilindrs kop\u0101 ar regul\u0113jamo hidraulisko cilindru traktoriem nodro\u0161ina izmaksu zi\u0146\u0101 efekt\u012bvus risin\u0101jumus celtniec\u012bbas uz\u0146\u0113mumiem, neapdraudot veiktsp\u0113ju un iztur\u012bbu.<\/p>\n<h3>5. Ra\u017eo\u0161anas procesi<\/h3>\n<p>Ra\u017eo\u0161anas procesos regul\u0113jami skavu tipa cilindri tiek izmantoti pla\u0161am uzdevumu kl\u0101stam. \u0160ie cilindri tiek izmantoti mont\u0101\u017eas l\u012bnij\u0101s, pres\u0113\u0161anas ma\u0161\u012bn\u0101s un cit\u0101s ra\u017eo\u0161anas iek\u0101rt\u0101s, lai nodro\u0161in\u0101tu kontrol\u0113tu line\u0101ru kust\u012bbu. \u0160o cilindru regul\u0113jam\u0101 funkcija \u013cauj piel\u0101got un piel\u0101goties da\u017e\u0101d\u0101m ra\u017eo\u0161anas pras\u012bb\u0101m. Izmaksu zi\u0146\u0101 efekt\u012bvais hidrauliskais virzu\u013ccilindrs un regul\u0113jamais hidrauliskais cilindrs traktoriem pied\u0101v\u0101 uzticamu un efekt\u012bvu veiktsp\u0113ju da\u017e\u0101d\u0101s ra\u017eo\u0161anas vid\u0113s.<\/p>\n<p>Nosl\u0113gum\u0101 j\u0101secina, ka regul\u0113jamiem skavu tipa cilindriem, tostarp rentablam hidrauliskajam virzu\u013ccilindram un regul\u0113jamam hidrauliskajam cilindram traktoriem, ir pla\u0161s pielietojumu kl\u0101sts da\u017e\u0101d\u0101s nozar\u0113s. To daudzpus\u012bba, regul\u0113jam\u012bba un iztur\u012bba padara tos neaizst\u0101jamus r\u016bpnieciskaj\u0101 automatiz\u0101cij\u0101, materi\u0101lu apstr\u0101d\u0113, lauksaimniec\u012bbas ma\u0161\u012bn\u0101s, celtniec\u012bbas iek\u0101rt\u0101s un ra\u017eo\u0161anas procesos. \u0160ie cilindri nodro\u0161ina rentablus risin\u0101jumus, neapdraudot veiktsp\u0113ju, padarot tos par daudzu uz\u0146\u0113mumu iecien\u012btu izv\u0113li.<\/p>\n<p><img decoding=\"async\" src=\"https:\/\/fmp-components.com\/wp-content\/uploads\/2024\/12\/Application-of-Adjustable-Clevis-Type-Cylinders.webp\" alt=\"Regul\u0113jams skavu tipa cilindrs\" width=\"800\" title=\"\"><\/p>\n<h3>Par FMP \u2013 hidraulisko cilindru<\/h3>\n<p>FMP ir vado\u0161ais uz\u0146\u0113mums, kas specializ\u0113jas celtniec\u012bbas tehnikas deta\u013cu un pilnu iek\u0101rtu ra\u017eo\u0161an\u0101 un p\u0101rdo\u0161an\u0101. Ar daudzu gadu pieredzi nozar\u0113 un profesion\u0101lu komandu m\u0113s nodro\u0161in\u0101m klientiem augstas kvalit\u0101tes un uzticamus celtniec\u012bbas tehnikas risin\u0101jumus. FMP m\u0113s pied\u0101v\u0101jam pla\u0161u produktu kl\u0101stu, tostarp hidrauliskos cilindrus, lauksaimniec\u012bbas tehnikas p\u0101rnesumk\u0101rbas, planet\u0101r\u0101s p\u0101rnesumk\u0101rbas, r\u016bpniecisk\u0101s p\u0101rnesumk\u0101rbas, lauksaimniec\u012bbas tehnikas deta\u013cas un virkni augst\u0101k\u0101 l\u012bme\u0146a piederumu, kas tiem atbilst.<\/p>\n<p>\u0160eit ir da\u017ei iemesli, k\u0101p\u0113c jums vajadz\u0113tu izv\u0113l\u0113ties m\u016bsu pied\u0101v\u0101tos hidraulisko cilindru produktus:<\/p>\n<p>1. Augsta kvalit\u0101te: M\u0113s sadarbojamies ar augstas kvalit\u0101tes pieg\u0101d\u0101t\u0101jiem gan viet\u0113j\u0101, gan starptautisk\u0101 m\u0113rog\u0101, lai nodro\u0161in\u0101tu, ka pieg\u0101d\u0101jam tikai deta\u013cas, kas atbilst stingriem kvalit\u0101tes standartiem. M\u016bsu hidrauliskie cilindri ir iztur\u012bgi, uzticami un izstr\u0101d\u0101ti, lai nodro\u0161in\u0101tu optim\u0101lu veiktsp\u0113ju vissare\u017e\u0123\u012bt\u0101kajos apst\u0101k\u013cos.<\/p>\n<p>2. Profesion\u0101la p\u0101rdo\u0161anas komanda: M\u016bsu p\u0101rdo\u0161anas komandu veido pieredz\u0113ju\u0161i un prasm\u012bgi speci\u0101listi ar padzi\u013cin\u0101t\u0101m zin\u0101\u0161an\u0101m b\u016bvniec\u012bbas tehnikas nozar\u0113. Vi\u0146i vienm\u0113r ir gatavi sniegt klientiem profesion\u0101las konsult\u0101cijas par produktiem un p\u0101rdom\u0101tus pirk\u0161anas ieteikumus.<\/p>\n<p>3. Efekt\u012bva lo\u0123istikas izplat\u012b\u0161ana: Mums ir efekt\u012bva lo\u0123istikas izplat\u012b\u0161anas sist\u0113ma, kas nodro\u0161ina, ka klienti savlaic\u012bgi un prec\u012bzi sa\u0146em nepiecie\u0161am\u0101s deta\u013cas. Kad veiksiet pas\u016bt\u012bjumu pie mums, m\u0113s nodro\u0161in\u0101sim, ka tas tiks pieg\u0101d\u0101ts jums p\u0113c iesp\u0113jas \u0101tr\u0101k.<\/p>\n<p>4. Piel\u0101gojami: m\u016bsu hidrauliskie cilindri ir \u013coti piel\u0101gojami, un m\u0113s varam tos piel\u0101got atbilsto\u0161i m\u016bsu klientu \u012bpa\u0161aj\u0101m vajadz\u012bb\u0101m un pras\u012bb\u0101m. M\u0113s pied\u0101v\u0101jam da\u017e\u0101das iesp\u0113jas, piem\u0113ram, regul\u0113jamus cilindrus ar skavu, cilindrus ar \u0161arn\u012brsavienojumu, metin\u0101tus cilindrus un citus.<\/p>\n<p>5. Konkur\u0113tsp\u0113j\u012bgas cenas: FMP m\u0113s pied\u0101v\u0101jam savus produktus par konkur\u0113tsp\u0113j\u012bg\u0101m cen\u0101m. M\u0113s uzskat\u0101m, ka augstas kvalit\u0101tes produktiem nevajadz\u0113tu b\u016bt p\u0101rsp\u012bl\u0113ti augst\u0101m cen\u0101m. M\u016bsu m\u0113r\u0137is ir nodro\u0161in\u0101t m\u016bsu klientiem vislab\u0101ko cenas un v\u0113rt\u012bbas attiec\u012bbu.<\/p>\n<p>Nosl\u0113gum\u0101 j\u0101saka, ka, ja mekl\u0113jat uzticamus un augstas kvalit\u0101tes hidrauliskos cilindrus, FMP ir j\u016bsu lab\u0101k\u0101 izv\u0113le. M\u016bsu produkti ir iztur\u012bgi, uzticami un izstr\u0101d\u0101ti, lai nodro\u0161in\u0101tu optim\u0101lu veiktsp\u0113ju vissare\u017e\u0123\u012bt\u0101kajos apst\u0101k\u013cos. Sazinieties ar mums jau \u0161odien, lai uzzin\u0101tu vair\u0101k par m\u016bsu produktiem un pakalpojumiem.<\/p>\n<p><img decoding=\"async\" src=\"https:\/\/fmp-components.com\/wp-content\/uploads\/2024\/12\/Adjustable-Clevis-Type-Cylinders-6.webp\" alt=\"Regul\u0113jams skavu tipa cilindrs\" width=\"839\" title=\"\"><\/p>\n<h3>Bie\u017ei uzdotie jaut\u0101jumi<\/h3>\n<p><strong>J: K\u0101da ir hidraulisk\u0101 virzu\u013ccilindra maksim\u0101l\u0101 vilces jauda?<\/strong><br \/>\nA: Hidraulisk\u0101 virzu\u013ccilindra maksim\u0101l\u0101 vilces jauda ir 3000.<\/p>\n<p><strong>J: K\u0101d\u0101m nozar\u0113m ir piem\u0113rots hidrauliskais virzu\u013ccilindrs?<\/strong><br \/>\nA: Hidrauliskais virzu\u013ccilindrs ir piem\u0113rots da\u017e\u0101d\u0101m nozar\u0113m, tostarp ma\u0161\u012bnb\u016bves remonta darbn\u012bc\u0101m, saimniec\u012bb\u0101m, ener\u0123\u0113tikas un ieguves r\u016bpniec\u012bbai, ma\u0161\u012bnb\u016bves ra\u017eo\u0161anai un ma\u0161\u012bnb\u016bves r\u016bpn\u012bc\u0101m.<\/p>\n<p><strong>J: K\u0101da ir hidraulisk\u0101 virzu\u013ccilindra garantija?<\/strong><br \/>\nA: M\u016bsu hidrauliskajam virzu\u013ccilindram ir 1 gada garantija, kas apliecina t\u0101 kvalit\u0101ti un iztur\u012bbu.<\/p>\n<p><img decoding=\"async\" src=\"https:\/\/img.jiansujichilun.com\/img\/hydrauliccylinders\/T_hydrauliccylinders-5.webp\" alt=\"hidrauliskais cilindrs\" width=\"800\" title=\"\"><\/p>\n<p>Autors: CX<\/p>","protected":false},"excerpt":{"rendered":"<p>Introducing the Cost Effective Hydraulic Piston Cylinder Adjustable Hydraulic Cylinder For Tractor The Cost Effective Hydraulic Piston Cylinder Adjustable Hydraulic Cylinder For Tractor is a top-of-the-line product that delivers optimum performance and durability. This powerful hydraulic cylinder is designed to work seamlessly with tractors and other heavy-duty equipment, providing reliable and efficient operation even in [&hellip;]<\/p>","protected":false},"featured_media":1336,"comment_status":"closed","ping_status":"closed","template":"","meta":{"_et_pb_use_builder":"","_et_pb_old_content":"","_et_gb_content_width":""},"product_brand":[],"product_cat":[39],"product_tag":[41,34],"class_list":{"0":"post-1377","1":"product","2":"type-product","3":"status-publish","4":"has-post-thumbnail","6":"product_cat-adjustable-clevis-type-cylinders","7":"product_tag-adjustable-clevis-type-cylinders","8":"product_tag-hydraulic-cylinder","10":"first","11":"instock","12":"product-type-simple"},"_links":{"self":[{"href":"https:\/\/fmp-components.com\/lv\/wp-json\/wp\/v2\/product\/1377","targetHints":{"allow":["GET"]}}],"collection":[{"href":"https:\/\/fmp-components.com\/lv\/wp-json\/wp\/v2\/product"}],"about":[{"href":"https:\/\/fmp-components.com\/lv\/wp-json\/wp\/v2\/types\/product"}],"replies":[{"embeddable":true,"href":"https:\/\/fmp-components.com\/lv\/wp-json\/wp\/v2\/comments?post=1377"}],"wp:featuredmedia":[{"embeddable":true,"href":"https:\/\/fmp-components.com\/lv\/wp-json\/wp\/v2\/media\/1336"}],"wp:attachment":[{"href":"https:\/\/fmp-components.com\/lv\/wp-json\/wp\/v2\/media?parent=1377"}],"wp:term":[{"taxonomy":"product_brand","embeddable":true,"href":"https:\/\/fmp-components.com\/lv\/wp-json\/wp\/v2\/product_brand?post=1377"},{"taxonomy":"product_cat","embeddable":true,"href":"https:\/\/fmp-components.com\/lv\/wp-json\/wp\/v2\/product_cat?post=1377"},{"taxonomy":"product_tag","embeddable":true,"href":"https:\/\/fmp-components.com\/lv\/wp-json\/wp\/v2\/product_tag?post=1377"}],"curies":[{"name":"wp","href":"https:\/\/api.w.org\/{rel}","templated":true}]}}