{"id":1376,"date":"2024-12-23T02:18:57","date_gmt":"2024-12-23T02:18:57","guid":{"rendered":"https:\/\/fmp-components.com\/product\/effective-tractor-hydraulic-cylinder-double-acting-cylinder-adjustable-hydraulic-cylinder\/"},"modified":"2024-12-23T03:24:54","modified_gmt":"2024-12-23T03:24:54","slug":"effective-tractor-hydraulic-cylinder-double-acting-cylinder-adjustable-hydraulic-cylinder","status":"publish","type":"product","link":"https:\/\/fmp-components.com\/lv\/product\/effective-tractor-hydraulic-cylinder-double-acting-cylinder-adjustable-hydraulic-cylinder\/","title":{"rendered":"Efekt\u012bvs traktora hidrauliskais cilindrs Divk\u0101r\u0161as darb\u012bbas cilindrs Regul\u0113jams hidrauliskais cilindrs"},"content":{"rendered":"<h2>Iepaz\u012bstin\u0101m ar efekt\u012bvu traktora hidraulisko cilindru, divk\u0101r\u0161as darb\u012bbas cilindru, regul\u0113jamu hidraulisko cilindru:<\/h2>\n<p>Efekt\u012bvais traktora hidrauliskais cilindrs ar divk\u0101r\u0161u darb\u012bbu un regul\u0113jamu hidraulisko cilindru ir daudzpus\u012bgs un augstas veiktsp\u0113jas hidrauliskais cilindrs, kas \u012bpa\u0161i paredz\u0113ts traktoriem. \u0160is inovat\u012bvais produkts ir izstr\u0101d\u0101ts, lai nodro\u0161in\u0101tu izcilu funkcionalit\u0101ti un efektivit\u0101ti, padarot to par b\u016btisku traktoru darb\u012bbas sast\u0101vda\u013cu.<\/p>\n<p>\u0160im hidrauliskajam cilindram ir divk\u0101r\u0161as darb\u012bbas konstrukcija, kas sp\u0113j veikt gan stum\u0161anas, gan vilk\u0161anas darb\u012bbas, nodro\u0161inot maksim\u0101lu produktivit\u0101ti un elast\u012bbu da\u017e\u0101dos lauksaimniec\u012bbas darbos. Neatkar\u012bgi no t\u0101, vai t\u0101 ir smagu kravu cel\u0161ana, agreg\u0101tu darbin\u0101\u0161ana vai darbar\u012bku vad\u012bba, \u0161is cilindrs pied\u0101v\u0101 uzticamu veiktsp\u0113ju jebkur\u0101 pielietojum\u0101.<\/p>\n<p>Viena no \u0161\u012b hidraulisk\u0101 cilindra galvenaj\u0101m priek\u0161roc\u012bb\u0101m ir t\u0101 regul\u0113jam\u012bba. Pateicoties regul\u0113\u0161anas funkcijai, lietot\u0101ji var piel\u0101got cilindra g\u0101jiena garumu atbilsto\u0161i sav\u0101m \u012bpa\u0161aj\u0101m pras\u012bb\u0101m. Tas nodro\u0161ina prec\u012bzu kontroli un uzlabotu precizit\u0101ti darb\u012bbas laik\u0101, k\u0101 rezult\u0101t\u0101 uzlabojas kop\u0113j\u0101 veiktsp\u0113ja un produktivit\u0101te.<\/p>\n<p><img loading=\"lazy\" decoding=\"async\" class=\"alignnone size-full wp-image-1334\" src=\"https:\/\/fmp-components.com\/wp-content\/uploads\/2024\/12\/Adjustable-Clevis-Type-Cylinders-4.webp\" alt=\"Regul\u0113jami skavu tipa cilindri\" width=\"800\" height=\"800\" title=\"\" srcset=\"https:\/\/fmp-components.com\/wp-content\/uploads\/2024\/12\/Adjustable-Clevis-Type-Cylinders-4.webp 800w, https:\/\/fmp-components.com\/wp-content\/uploads\/2024\/12\/Adjustable-Clevis-Type-Cylinders-4-480x480.webp 480w\" sizes=\"(min-width: 0px) and (max-width: 480px) 480px, (min-width: 481px) 800px, 100vw\" \/><\/p>\n<p>Turkl\u0101t efekt\u012bvais traktora hidrauliskais cilindrs ar divk\u0101r\u0161u darb\u012bbu un regul\u0113jamo hidraulisko cilindru ir rad\u012bts, dom\u0101jot par iztur\u012bbu. Izgatavots no augstas kvalit\u0101tes materi\u0101liem, tas ir paredz\u0113ts intens\u012bvai lieto\u0161anai un skarbiem ekspluat\u0101cijas apst\u0101k\u013ciem. T\u0101 iztur\u012bg\u0101 konstrukcija nodro\u0161ina ilgsto\u0161u veiktsp\u0113ju, samazinot apkopes nepiecie\u0161am\u012bbu un palielinot produkta kalpo\u0161anas laiku.<\/p>\n<p>Papildus iev\u0113rojamajai veiktsp\u0113jai un iztur\u012bbai \u0161o hidraulisko cilindru ir ar\u012b viegli uzst\u0101d\u012bt un lietot. Pateicoties lietot\u0101jam draudz\u012bgiem dizaina elementiem, to var \u0101tri integr\u0113t eso\u0161aj\u0101s traktoru sist\u0113m\u0101s, samazinot d\u012bkst\u0101ves laiku un palielinot efektivit\u0101ti.<\/p>\n<p>Kopum\u0101 efekt\u012bvais traktora hidrauliskais cilindrs ar divk\u0101r\u0161u darb\u012bbu un regul\u0113jamo hidraulisko cilindru ir uzticams un efekt\u012bvs produkts, kas sniedz iev\u0113rojamas priek\u0161roc\u012bbas traktora darb\u012bb\u0101. T\u0101 daudzpus\u012bba, regul\u0113jam\u012bba, iztur\u012bba un lieto\u0161anas \u0113rtums padara to par ide\u0101lu izv\u0113li lauksaimniekiem un lauksaimniec\u012bbas profesion\u0101\u013ciem, kuri ikdienas darbos mekl\u0113 uzlabotu produktivit\u0101ti un veiktsp\u0113ju.<\/p>\n<h2>Regul\u0113jamu skavu tipa cilindru priek\u0161roc\u012bbas<\/h2>\n<p>Regul\u0113jami skavu tipa cilindri ir hidraulisko cilindru veids, ko parasti izmanto da\u017e\u0101dos r\u016bpnieciskos pielietojumos. \u0160ie cilindri ir popul\u0101ri to regul\u0113jam\u0101s skavu tipa d\u0113\u013c, kas \u013cauj lietot\u0101jam piel\u0101got cilindra garumu atbilsto\u0161i konkr\u0113taj\u0101m pielietojuma vajadz\u012bb\u0101m. \u0160aj\u0101 emu\u0101ra ierakst\u0101 m\u0113s apspried\u012bsim da\u017eas regul\u0113jamu skavu tipa cilindru priek\u0161roc\u012bbas.<\/p>\n<h3>1. Daudzpus\u012bba<\/h3>\n<p>Viena no regul\u0113jamu skavu tipa cilindru galvenaj\u0101m priek\u0161roc\u012bb\u0101m ir to daudzpus\u012bba. \u0160os cilindrus var izmantot pla\u0161\u0101 pielietojumu kl\u0101st\u0101, tostarp lauksaimniec\u012bbas tehnik\u0101, celtniec\u012bbas ma\u0161\u012bn\u0101s un r\u016bpnieciskaj\u0101s ma\u0161\u012bn\u0101s. \u0160\u012b daudzpus\u012bba ir saist\u012bta ar regul\u0113jamo skavu, kas \u013cauj piel\u0101got cilindra garumu konkr\u0113taj\u0101m pielietojuma vajadz\u012bb\u0101m.<\/p>\n<p>Piem\u0113ram, lauksaimniec\u012bbas tehnik\u0101 traktoros parasti izmanto regul\u0113jamus skavu tipa cilindrus. Traktoriem ir nepiecie\u0161ami hidrauliskie cilindri da\u017e\u0101diem uzdevumiem, piem\u0113ram, darbar\u012bku pacel\u0161anai un nolai\u0161anai. Ar regul\u0113jamu skavu tipa cilindru cilindra garumu var piel\u0101got konkr\u0113tajam darbar\u012bkam, ko izmanto traktors, padarot to daudzpus\u012bg\u0101ku un viegl\u0101k lietojamu.<\/p>\n<h3>2. Efektivit\u0101te<\/h3>\n<p>V\u0113l viena regul\u0113jamu skavu tipa cilindru priek\u0161roc\u012bba ir to efektivit\u0101te. \u0160ie cilindri ir konstru\u0113ti divk\u0101r\u0161ai darb\u012bbai, kas noz\u012bm\u0113, ka tie var veikt divas funkcijas ar vienu cilindru. Tas padara tos efekt\u012bv\u0101kus un rentabl\u0101kus nek\u0101 cita veida cilindri.<\/p>\n<p>Piem\u0113ram, traktor\u0101 regul\u0113jamu skavu tipa cilindru var izmantot, lai paceltu un nolaistu agreg\u0101tu ar vienu cilindru. Tas ir efekt\u012bv\u0101k nek\u0101 izmantot divus atsevi\u0161\u0137us cilindrus, kuriem b\u016btu nepiecie\u0161ams vair\u0101k vietas un palielin\u0101tas sist\u0113mas izmaksas.<\/p>\n<h3>3. Iztur\u012bba<\/h3>\n<p>Regul\u0113jami skavu tipa cilindri ir paz\u012bstami ar\u012b ar savu iztur\u012bbu. \u0160ie cilindri ir paredz\u0113ti, lai iztur\u0113tu augstu spiedienu un lielas slodzes, padarot tos ide\u0101li piem\u0113rotus r\u016bpnieciskiem lietojumiem. Tie ir ar\u012b izstr\u0101d\u0101ti t\u0101, lai b\u016btu iztur\u012bgi pret koroziju, kas pal\u012bdz pagarin\u0101t to kalpo\u0161anas laiku.<\/p>\n<p>Piem\u0113ram, regul\u0113jami skavu tipa cilindri, ko izmanto celtniec\u012bbas ma\u0161\u012bn\u0101s, ir pak\u013cauti skarbiem apst\u0101k\u013ciem, kas var saboj\u0101t cilindru. Tom\u0113r, t\u0101 k\u0101 \u0161ie cilindri ir konstru\u0113ti t\u0101, lai tie b\u016btu iztur\u012bgi un iztur\u012bgi pret koroziju, tie var iztur\u0113t \u0161os skarbos apst\u0101k\u013cus un turpin\u0101t pild\u012bt paredz\u0113t\u0101s funkcijas.<\/p>\n<h3>4. Piel\u0101go\u0161ana<\/h3>\n<p>Visbeidzot, regul\u0113jamie skavu tipa cilindri pied\u0101v\u0101 augstu piel\u0101go\u0161anas pak\u0101pi. \u0160os cilindrus var konstru\u0113t atbilsto\u0161i konkr\u0113taj\u0101m pielietojuma vajadz\u012bb\u0101m, kas padara tos efekt\u012bv\u0101kus un viegl\u0101k lietojamus.<\/p>\n<p>Piem\u0113ram, ja traktoram ir nepiecie\u0161ams hidrauliskais cilindrs ar noteiktu g\u0101jiena garumu, regul\u0113jamu skavu tipa cilindru var piel\u0101got, lai tas atbilstu \u0161ai pras\u012bbai. \u0160\u012b piel\u0101go\u0161ana nodro\u0161ina, ka cilindrs ir optimiz\u0113ts konkr\u0113tajam pielietojumam, kas uzlabo t\u0101 veiktsp\u0113ju un efektivit\u0101ti.<\/p>\n<p>Nosl\u0113gum\u0101 j\u0101secina, ka regul\u0113jami skavu tipa cilindri pied\u0101v\u0101 virkni priek\u0161roc\u012bbu, tostarp daudzpus\u012bbu, efektivit\u0101ti, iztur\u012bbu un piel\u0101go\u0161anas iesp\u0113jas. \u0160ie cilindri ir lieliska izv\u0113le r\u016bpnieciskiem lietojumiem, kuriem nepiecie\u0161ama augsta piel\u0101go\u0161anas un daudzpus\u012bbas pak\u0101pe. Ar regul\u0113jamo skavu un divk\u0101r\u0161\u0101s darb\u012bbas konstrukciju tie nodro\u0161ina rentablu un efekt\u012bvu risin\u0101jumu pla\u0161am lietojumu kl\u0101stam.<img decoding=\"async\" src=\"https:\/\/fmp-components.com\/wp-content\/uploads\/2024\/12\/Adjustable-Clevis-Type-Cylinders5.webp\" alt=\"Regul\u0113jams skavu tipa cilindrs\" width=\"800\" title=\"\"><\/p>\n<h2>Regul\u0113jamu skavu tipa cilindru pielietojums<\/h2>\n<p>Regul\u0113jami skavu tipa cilindri, kas paz\u012bstami ar\u012b k\u0101 regul\u0113jami hidrauliskie cilindri, ir daudzpus\u012bgas hidraulisk\u0101s ier\u012bces, ko parasti izmanto da\u017e\u0101d\u0101s nozar\u0113s. To unik\u0101lais dizains un \u012bpa\u0161\u012bbas padara tos piem\u0113rotus pla\u0161am pielietojumu kl\u0101stam. \u0160aj\u0101 rakst\u0101 m\u0113s izp\u0113t\u012bsim da\u017e\u0101dus regul\u0113jamu skavu tipa cilindru pielietojumus un apspried\u012bsim to priek\u0161roc\u012bbas un priek\u0161roc\u012bbas.<\/p>\n<h3>1. R\u016bpniecisk\u0101s iek\u0101rtas<\/h3>\n<p>Regul\u0113jami skavu tipa cilindri tiek pla\u0161i izmantoti r\u016bpnieciskaj\u0101s iek\u0101rt\u0101s. Tos bie\u017ei izmanto sist\u0113m\u0101s, kur\u0101m nepiecie\u0161ama prec\u012bza un kontrol\u0113ta line\u0101ra kust\u012bba. \u0160iem cilindriem ir iz\u0161\u0137iro\u0161a noz\u012bme t\u0101d\u0101s lietojumprogramm\u0101s k\u0101 materi\u0101lu apstr\u0101de, mont\u0101\u017eas l\u012bnijas un automatiz\u0101cijas iek\u0101rtas. \u0160o cilindru regul\u0113jam\u0101 funkcija \u013cauj prec\u012bzi noregul\u0113t g\u0101jiena garumu, padarot tos ide\u0101li piem\u0113rotus da\u017e\u0101diem r\u016bpnieciskiem procesiem.<\/p>\n<h3>2. Celtniec\u012bbas iek\u0101rtas<\/h3>\n<p>Regul\u0113jamo skavu tipa cilindru robust\u0101 konstrukcija un piel\u0101gojam\u012bba padara tos labi piem\u0113rotus celtniec\u012bbas tehnikai. \u0160os cilindrus parasti izmanto ekskavatoru, iekr\u0101v\u0113ju un buldozeru hidrauliskaj\u0101s sist\u0113m\u0101s. Tie nodro\u0161ina nepiecie\u0161amo jaudu un sp\u0113ku t\u0101du uzdevumu veik\u0161anai k\u0101 rak\u0161ana, smagu kravu cel\u0161ana un materi\u0101lu stum\u0161ana. \u0160o cilindru divk\u0101r\u0161\u0101s darb\u012bbas sp\u0113ja nodro\u0161ina efekt\u012bvu darb\u012bbu, uzlabojot celtniec\u012bbas tehnikas kop\u0113jo veiktsp\u0113ju.<\/p>\n<h3>3. Lauksaimniec\u012bbas tehnika<\/h3>\n<p>Regul\u0113jami skavas tipa cilindri ir neaizst\u0101jamas lauksaimniec\u012bbas tehnikas sast\u0101vda\u013cas, \u012bpa\u0161i traktoros un kombainos. \u0160ie cilindri pal\u012bdz da\u017e\u0101d\u0101s lauksaimniec\u012bbas darb\u012bb\u0101s, tostarp ar\u0161an\u0101, augsnes apstr\u0101di un ra\u017eas nov\u0101k\u0161an\u0101. To regul\u0113jam\u0101 funkcija \u013cauj lauksaimniekiem piel\u0101got apr\u012bkojumu da\u017e\u0101diem lauka apst\u0101k\u013ciem, optimiz\u0113jot produktivit\u0101ti. Efekt\u012bvais traktora hidrauliskais cilindrs nodro\u0161ina vienm\u0113r\u012bgu darb\u012bbu un uzlabo lauksaimniec\u012bbas tehnikas kop\u0113jo efektivit\u0101ti.<\/p>\n<h3>4. Atkritumu apsaimnieko\u0161anas sist\u0113mas<\/h3>\n<p>Regul\u0113jami skavu tipa cilindri tiek pla\u0161i izmantoti atkritumu apsaimnieko\u0161anas sist\u0113m\u0101s, \u012bpa\u0161i atkritumu kompaktoros un p\u0101rstr\u0101des iek\u0101rt\u0101s. \u0160ie cilindri nodro\u0161ina nepiecie\u0161amo sp\u0113ku atkritumu saspie\u0161anai un efekt\u012bvai utiliz\u0101cijai vai p\u0101rstr\u0101dei. To regul\u0113jam\u0101 funkcija \u013cauj piel\u0101got tos atbilsto\u0161i atkritumu materi\u0101la izm\u0113ram un veidam, nodro\u0161inot efekt\u012bvu atkritumu apsaimnieko\u0161anu un vides ilgtsp\u0113j\u012bbu.<\/p>\n<h3>5. J\u016bras un atkl\u0101t\u0101s j\u016bras pielietojumi<\/h3>\n<p>J\u016bras un atkl\u0101t\u0101s j\u016bras nozar\u0113s regul\u0113jamiem skavu tipa cilindriem ir iz\u0161\u0137iro\u0161a noz\u012bme da\u017e\u0101dos pielietojumos. Tos parasti izmanto ku\u0123u b\u016bv\u0113tavu iek\u0101rtu, atkl\u0101t\u0101s j\u016bras celt\u0146u un naftas urb\u0161anas platformu hidrauliskaj\u0101s sist\u0113m\u0101s. \u0160ie cilindri iztur skarbu j\u016bras vidi un nodro\u0161ina uzticamu darb\u012bbu t\u0101diem uzdevumiem k\u0101 smagu kravu cel\u0161ana, iek\u0101rtu pozicion\u0113\u0161ana un atkl\u0101t\u0101s j\u016bras oper\u0101ciju veik\u0161ana.<\/p>\n<p>Nosl\u0113gum\u0101 j\u0101secina, ka regul\u0113jamiem skavu tipa cilindriem ir daudzveid\u012bgs pielietojums da\u017e\u0101d\u0101s nozar\u0113s. To unik\u0101lais dizains, regul\u0113jam\u0101 funkcija un divk\u0101r\u0161\u0101s darb\u012bbas iesp\u0113ja padara tos par daudzpus\u012bg\u0101m un uzticam\u0101m hidraulisk\u0101m ier\u012bc\u0113m. Neatkar\u012bgi no t\u0101, vai tie ir r\u016bpniec\u012bbas ma\u0161\u012bn\u0101s, celtniec\u012bbas iek\u0101rt\u0101s, lauksaimniec\u012bbas ma\u0161\u012bn\u0101s, atkritumu apsaimnieko\u0161anas sist\u0113m\u0101s vai j\u016bras lietojumos, \u0161ie cilindri pied\u0101v\u0101 efekt\u012bvus risin\u0101jumus un uzlabo kop\u0113jo veiktsp\u0113ju. Regul\u0113jamu skavu tipa cilindru iek\u013cau\u0161ana da\u017e\u0101d\u0101s sist\u0113m\u0101s var iev\u0113rojami uzlabot efektivit\u0101ti, produktivit\u0101ti un darb\u012bbas kontroli.<\/p>\n<p><img decoding=\"async\" src=\"https:\/\/fmp-components.com\/wp-content\/uploads\/2024\/12\/Application-of-Adjustable-Clevis-Type-Cylinders.webp\" alt=\"Regul\u0113jams skavu tipa cilindrs\" width=\"800\" title=\"\"><\/p>\n<h3>Par FMP hidraulisko cilindru<\/h3>\n<p>FMP ir paz\u012bstams It\u0101lij\u0101 b\u0101z\u0113ts uz\u0146\u0113mums, kas specializ\u0113jas augstas kvalit\u0101tes celtniec\u012bbas tehnikas deta\u013cu un pilnu ma\u0161\u012bnu pieg\u0101d\u0113. M\u0113s pied\u0101v\u0101jam klientiem pla\u0161u celtniec\u012bbas tehnikas kl\u0101stu, tostarp lauksaimniec\u012bbas tehnikas p\u0101rnesumk\u0101rbas, planet\u0101r\u0101s p\u0101rnesumk\u0101rbas, r\u016bpniecisk\u0101s p\u0101rnesumk\u0101rbas un virkni augst\u0101k\u0101s klases piederumu, kas t\u0101m atbilst. M\u016bsu hidrauliskais cilindrs ir viens no m\u016bsu lab\u0101kajiem produktiem, ko m\u0113s ar lepnumu iesak\u0101m saviem klientiem. L\u016bk, da\u017ei iemesli, k\u0101p\u0113c:<\/p>\n<ol>\n<li><strong>Augstas kvalit\u0101tes materi\u0101ls:<\/strong> M\u016bsu hidrauliskie cilindri ir izgatavoti no augstas kvalit\u0101tes materi\u0101liem, kas ir iztur\u012bgi un var iztur\u0113t sare\u017e\u0123\u012btus darba apst\u0101k\u013cus. Tas nodro\u0161ina to ilg\u0101ku kalpo\u0161anas laiku un maz\u0101kas apkopes izmaksas.<\/li>\n<li><strong>Piel\u0101gojams:<\/strong> M\u0113s pied\u0101v\u0101jam pla\u0161u hidraulisko cilindru kl\u0101stu, tostarp regul\u0113jamus skavu tipa cilindrus, st\u016bres stie\u0146u cilindrus, metin\u0101tus cilindrus un daudzus citus. J\u016bs varat izv\u0113l\u0113ties sev piem\u0113rot\u0101ko tipu, un m\u0113s varam ar\u012b piel\u0101got dizainu atbilsto\u0161i j\u016bsu pras\u012bb\u0101m.<\/li>\n<li><strong>Profesion\u0101l\u0101 komanda:<\/strong> M\u016bsu profesion\u0101\u013cu komandai ir daudzu gadu pieredze celtniec\u012bbas tehnikas nozar\u0113. Vi\u0146i var sniegt jums profesion\u0101las konsult\u0101cijas par produktiem un p\u0101rdom\u0101tus pirk\u0161anas ieteikumus, lai pal\u012bdz\u0113tu jums pie\u0146emt p\u0101rdom\u0101tus l\u0113mumus.<\/li>\n<li><strong>Stingri kvalit\u0101tes standarti:<\/strong> M\u0113s veidojam ilgtermi\u0146a un stabilas sadarb\u012bbas attiec\u012bbas ar daudziem augstas kvalit\u0101tes pieg\u0101d\u0101t\u0101jiem gan m\u0101j\u0101s, gan \u0101rzem\u0113s, nodro\u0161inot, ka visas pieg\u0101d\u0101t\u0101s deta\u013cas atbilst stingriem kvalit\u0101tes standartiem.<\/li>\n<li><strong>Efekt\u012bva lo\u0123istikas izplat\u012b\u0161ana:<\/strong> Mums ir efekt\u012bva lo\u0123istikas izplat\u012b\u0161anas sist\u0113ma, lai nodro\u0161in\u0101tu, ka klienti savlaic\u012bgi un prec\u012bzi sa\u0146em nepiecie\u0161am\u0101s deta\u013cas. Tas pal\u012bdz samazin\u0101t d\u012bkst\u0101ves laiku un uzlabot kop\u0113jo produktivit\u0101ti.<\/li>\n<\/ol>\n<p>Izmantojot FMP hidraulisko cilindru, j\u016bs varat sagaid\u012bt uzticamu un iztur\u012bgu veiktsp\u0113ju, kas sp\u0113j iztur\u0113t sare\u017e\u0123\u012btus darba apst\u0101k\u013cus. M\u016bsu produkti ir izgatavoti no augstas kvalit\u0101tes materi\u0101liem un ir piel\u0101gojami j\u016bsu \u012bpa\u0161aj\u0101m pras\u012bb\u0101m. Mums ir profesion\u0101\u013cu komanda, kas var sniegt jums ekspertu padomus un stingru kvalit\u0101tes kontroles procesu, lai nodro\u0161in\u0101tu, ka sa\u0146emat tikai lab\u0101kos produktus. Izmantojot m\u016bsu efekt\u012bvo lo\u0123istikas izplat\u012b\u0161anas sist\u0113mu, j\u016bs varat b\u016bt p\u0101rliecin\u0101ti, ka sa\u0146emsiet savas deta\u013cas laik\u0101 un samazin\u0101siet d\u012bkst\u0101ves laiku. Sazinieties ar mums t\u016bl\u012bt un uzziniet, k\u0101 m\u0113s varam pal\u012bdz\u0113t uzlabot j\u016bsu celtniec\u012bbas tehnikas veiktsp\u0113ju!<\/p>\n<p><img decoding=\"async\" src=\"https:\/\/fmp-components.com\/wp-content\/uploads\/2024\/12\/Adjustable-Clevis-Type-Cylinders-6.webp\" alt=\"Regul\u0113jams skavu tipa cilindrs\" width=\"838\" title=\"\"><\/p>\n<h2>Bie\u017ei uzdotie jaut\u0101jumi<\/h2>\n<p><b>J: K\u0101di ir da\u017e\u0101die efekt\u012bv\u0101 traktora hidraulisk\u0101 cilindra varianti?<\/b><br \/>\nn nA: Cilindrs ir pieejams ar \u0161\u0137\u0113rsstie\u0146a, metin\u0101tu, teleskopisku un vienk\u0101r\u0161as vai divpus\u0113jas darb\u012bbas variantiem.<\/p>\n<p><b>J: K\u0101di materi\u0101li tiek izmantoti efekt\u012bv\u0101 traktora hidraulisk\u0101 cilindra konstrukcij\u0101?<\/b><\/p>\n<p>A: Cilindrs ir izgatavots no iztur\u012bga t\u0113rauda, \u200b\u200bnodro\u0161inot iztur\u012bbu un kvalitat\u012bvu veiktsp\u0113ju.<\/p>\n<p><b>J: K\u0101di ir efekt\u012bv\u0101 traktora hidraulisk\u0101 cilindra potenci\u0101lie pielietojumi?<\/b><br \/>\nn nA: Hidraulisko cilindru var izmantot daudz\u0101s jom\u0101s, piem\u0113ram, r\u016bpnieciskaj\u0101s ma\u0161\u012bn\u0101s, mobilaj\u0101 hidraulik\u0101, lauksaimniec\u012bbas apr\u012bkojum\u0101 un celtniec\u012bbas transportl\u012bdzek\u013cos.<\/p>\n<p><img decoding=\"async\" src=\"https:\/\/img.jiansujichilun.com\/img\/hydrauliccylinders\/T_hydrauliccylinders-5.webp\" alt=\"hidrauliskais cilindrs\" width=\"800\" title=\"\"><\/p>\n<p>Autors: CX<\/p>","protected":false},"excerpt":{"rendered":"<p>Introducing Effective Tractor Hydraulic Cylinder Double Acting Cylinder Adjustable Hydraulic Cylinder: The Effective Tractor Hydraulic Cylinder Double Acting Cylinder Adjustable Hydraulic Cylinder is a versatile and high-performing hydraulic cylinder specifically designed for tractors. This innovative product is engineered to provide exceptional functionality and efficiency, making it an essential component for tractor operations. Featuring a double-acting [&hellip;]<\/p>","protected":false},"featured_media":1340,"comment_status":"closed","ping_status":"closed","template":"","meta":{"_et_pb_use_builder":"","_et_pb_old_content":"","_et_gb_content_width":""},"product_brand":[],"product_cat":[39],"product_tag":[41,34],"class_list":{"0":"post-1376","1":"product","2":"type-product","3":"status-publish","4":"has-post-thumbnail","6":"product_cat-adjustable-clevis-type-cylinders","7":"product_tag-adjustable-clevis-type-cylinders","8":"product_tag-hydraulic-cylinder","10":"first","11":"instock","12":"product-type-simple"},"_links":{"self":[{"href":"https:\/\/fmp-components.com\/lv\/wp-json\/wp\/v2\/product\/1376","targetHints":{"allow":["GET"]}}],"collection":[{"href":"https:\/\/fmp-components.com\/lv\/wp-json\/wp\/v2\/product"}],"about":[{"href":"https:\/\/fmp-components.com\/lv\/wp-json\/wp\/v2\/types\/product"}],"replies":[{"embeddable":true,"href":"https:\/\/fmp-components.com\/lv\/wp-json\/wp\/v2\/comments?post=1376"}],"wp:featuredmedia":[{"embeddable":true,"href":"https:\/\/fmp-components.com\/lv\/wp-json\/wp\/v2\/media\/1340"}],"wp:attachment":[{"href":"https:\/\/fmp-components.com\/lv\/wp-json\/wp\/v2\/media?parent=1376"}],"wp:term":[{"taxonomy":"product_brand","embeddable":true,"href":"https:\/\/fmp-components.com\/lv\/wp-json\/wp\/v2\/product_brand?post=1376"},{"taxonomy":"product_cat","embeddable":true,"href":"https:\/\/fmp-components.com\/lv\/wp-json\/wp\/v2\/product_cat?post=1376"},{"taxonomy":"product_tag","embeddable":true,"href":"https:\/\/fmp-components.com\/lv\/wp-json\/wp\/v2\/product_tag?post=1376"}],"curies":[{"name":"wp","href":"https:\/\/api.w.org\/{rel}","templated":true}]}}