{"id":1375,"date":"2024-12-23T02:18:57","date_gmt":"2024-12-23T02:18:57","guid":{"rendered":"https:\/\/fmp-components.com\/product\/customized-adjustable-stainless-steel-hydraulic-cylinder-for-tractor\/"},"modified":"2024-12-23T03:25:05","modified_gmt":"2024-12-23T03:25:05","slug":"customized-adjustable-stainless-steel-hydraulic-cylinder-for-tractor","status":"publish","type":"product","link":"https:\/\/fmp-components.com\/lv\/product\/customized-adjustable-stainless-steel-hydraulic-cylinder-for-tractor\/","title":{"rendered":"Piel\u0101gots regul\u0113jams ner\u016bs\u0113jo\u0161\u0101 t\u0113rauda hidrauliskais cilindrs traktoram"},"content":{"rendered":"<h2>Iepaz\u012bstin\u0101m ar piel\u0101gotu regul\u0113jamu ner\u016bs\u0113jo\u0161\u0101 t\u0113rauda hidraulisko cilindru traktoram<\/h2>\n<p>Piel\u0101gots regul\u0113jams ner\u016bs\u0113jo\u0161\u0101 t\u0113rauda hidrauliskais cilindrs traktoram ir augst\u0101k\u0101s klases produkts, kas paredz\u0113ts traktoru operatoru \u012bpa\u0161aj\u0101m vajadz\u012bb\u0101m. \u0160is hidrauliskais cilindrs ir izstr\u0101d\u0101ts, lai nodro\u0161in\u0101tu nep\u0101rsp\u0113jamu veiktsp\u0113ju un efektivit\u0101ti, padarot to par neaizst\u0101jamu jebkura traktora sast\u0101vda\u013cu.<\/p>\n<p>Viena no \u0161\u012b produkta galvenaj\u0101m iez\u012bm\u0113m ir t\u0101 regul\u0113jam\u012bba. Pateicoties iesp\u0113jai piel\u0101got cilindra g\u0101jiena garumu un spiediena diapazonu, \u0161o hidraulisko cilindru var piel\u0101got jebkura traktora ekspluat\u0101cijas \u012bpa\u0161aj\u0101m pras\u012bb\u0101m. \u0160\u012b elast\u012bba padara to par daudzpus\u012bgu un praktisku risin\u0101jumu lauksaimniekiem un traktoru operatoriem pla\u0161\u0101 pielietojumu kl\u0101st\u0101.<\/p>\n<p>Pats cilindrs ir izgatavots no augstas kvalit\u0101tes ner\u016bs\u0113jo\u0161\u0101 t\u0113rauda, \u200b\u200bkas nodro\u0161ina izcilu iztur\u012bbu un iztur\u012bbu pret koroziju un nodilumu. Tas noz\u012bm\u0113, ka cilindrs var iztur\u0113t skarbos lauksaimniec\u012bbas vides apst\u0101k\u013cus, nezaud\u0113jot savu efektivit\u0101ti vai veiktsp\u0113ju.<\/p>\n<p>Turkl\u0101t piel\u0101gotais regul\u0113jamais ner\u016bs\u0113jo\u0161\u0101 t\u0113rauda hidrauliskais cilindrs traktoram ietver progres\u012bvu hidraulisko tehnolo\u0123iju, kas nodro\u0161ina prec\u012bzu un nemain\u012bgu veiktsp\u0113ju. Tas nodro\u0161ina hidraulisk\u0101 cilindra vienm\u0113r\u012bgu un efekt\u012bvu darb\u012bbu, samazinot traktora citu sast\u0101vda\u013cu nodilumu un palielinot kop\u0113jo produktivit\u0101ti.<\/p>\n<p><img loading=\"lazy\" decoding=\"async\" class=\"alignnone size-full wp-image-1334\" src=\"https:\/\/fmp-components.com\/wp-content\/uploads\/2024\/12\/Adjustable-Clevis-Type-Cylinders-4.webp\" alt=\"Regul\u0113jami skavu tipa cilindri\" width=\"800\" height=\"800\" title=\"\" srcset=\"https:\/\/fmp-components.com\/wp-content\/uploads\/2024\/12\/Adjustable-Clevis-Type-Cylinders-4.webp 800w, https:\/\/fmp-components.com\/wp-content\/uploads\/2024\/12\/Adjustable-Clevis-Type-Cylinders-4-480x480.webp 480w\" sizes=\"(min-width: 0px) and (max-width: 480px) 480px, (min-width: 481px) 800px, 100vw\" \/><\/p>\n<p>Kopum\u0101 piel\u0101gotais regul\u0113jamais ner\u016bs\u0113jo\u0161\u0101 t\u0113rauda hidrauliskais cilindrs traktoram ir augstas kvalit\u0101tes, uzticams produkts, kas ir izstr\u0101d\u0101ts, lai atbilstu m\u016bsdienu lauksaimniec\u012bbas darb\u012bbu pras\u012bb\u0101m. Neatkar\u012bgi no t\u0101, vai jums ir j\u0101pace\u013c smagas kravas, j\u0101uzart lauki vai j\u0101veic jebkur\u0161 cits ar traktoru saist\u012bts uzdevums, \u0161is hidrauliskais cilindrs ir ide\u0101la izv\u0113le jums.<\/p>\n<h2>Regul\u0113jamu skavu tipa cilindru priek\u0161roc\u012bbas<\/h2>\n<p>Regul\u0113jami skavu tipa cilindri, piem\u0113ram, piel\u0101goti regul\u0113jamie ner\u016bs\u0113jo\u0161\u0101 t\u0113rauda hidrauliskie cilindri traktoriem, pied\u0101v\u0101 vair\u0101kas priek\u0161roc\u012bbas sal\u012bdzin\u0101jum\u0101 ar tradicion\u0101lajiem hidrauliskajiem cilindriem. \u0160aj\u0101 emu\u0101ra ierakst\u0101 m\u0113s detaliz\u0113ti izp\u0113t\u012bsim \u0161\u012bs priek\u0161roc\u012bbas.<\/p>\n<h3>1. Uzlabota elast\u012bba<\/h3>\n<p>Viena no regul\u0113jamu skavu tipa cilindru galvenaj\u0101m priek\u0161roc\u012bb\u0101m ir to uzlabot\u0101 elast\u012bba. Ar iesp\u0113ju regul\u0113t skavu poz\u012bciju \u0161ie cilindri pied\u0101v\u0101 liel\u0101ku daudzpus\u012bbu da\u017e\u0101dos pielietojumos. Neatkar\u012bgi no t\u0101, vai tie ir paredz\u0113ti traktoriem, lauksaimniec\u012bbas tehnikai vai citam r\u016bpnieciskam apr\u012bkojumam, regul\u0113\u0161anas funkcija \u013cauj prec\u012bzi piel\u0101got cilindrus konkr\u0113t\u0101m pras\u012bb\u0101m.<\/p>\n<p>Izmantojot piel\u0101gotu regul\u0113jamu ner\u016bs\u0113jo\u0161\u0101 t\u0113rauda hidraulisko cilindru traktoriem, operatori var viegli piel\u0101got cilindra garumu un g\u0101jienu da\u017e\u0101diem uzdevumiem. \u0160\u012b elast\u012bba uzlabo kop\u0113jo efektivit\u0101ti un produktivit\u0101ti da\u017e\u0101d\u0101s darba vid\u0113s.<\/p>\n<h3>2. Optim\u0101la veiktsp\u0113ja<\/h3>\n<p>Regul\u0113jamie skavu tipa cilindri ir izstr\u0101d\u0101ti, lai nodro\u0161in\u0101tu optim\u0101lu veiktsp\u0113ju sare\u017e\u0123\u012btos apst\u0101k\u013cos. Pateicoties iztur\u012bgajai konstrukcijai un augstas kvalit\u0101tes materi\u0101liem, piem\u0113ram, ner\u016bs\u0113jo\u0161ajam t\u0113raudam, \u0161ie cilindri pied\u0101v\u0101 izcilu iztur\u012bbu un ilgm\u016b\u017e\u012bbu. Tas nodro\u0161ina uzticamu darb\u012bbu pat skarbos apst\u0101k\u013cos vai lielas slodzes gad\u012bjum\u0101.<\/p>\n<p>Turkl\u0101t regul\u0113jam\u0101 konstrukcija \u013cauj prec\u012bzi noregul\u0113t cilindra veiktsp\u0113jas raksturlielumus. Operatori var piel\u0101got t\u0101dus faktorus k\u0101 \u0101trums, sp\u0113ks un g\u0101jiena garums, lai sasniegtu v\u0113lamo jaudu. \u0160is vad\u012bbas l\u012bmenis optimiz\u0113 hidraulisk\u0101s sist\u0113mas kop\u0113jo veiktsp\u0113ju, k\u0101 rezult\u0101t\u0101 uzlabojas produktivit\u0101te un efektivit\u0101te.<\/p>\n<h3>3. Samazin\u0101ts d\u012bkst\u0101ves laiks<\/h3>\n<p>V\u0113l viena regul\u0113jamu skavu tipa cilindru priek\u0161roc\u012bba ir samazin\u0101ta d\u012bkst\u0101ves laika iesp\u0113jam\u012bba. Pateicoties to piel\u0101gojam\u012bbai, \u0161os cilindrus var viegli regul\u0113t vai nomain\u012bt, kad nepiecie\u0161ams, samazinot apkopei vai remontam nepiecie\u0161amo laiku.<\/p>\n<p>Piel\u0101got\u0101, regul\u0113jam\u0101 ner\u016bs\u0113jo\u0161\u0101 t\u0113rauda hidraulisk\u0101 cilindra traktoriem konstrukcija \u013cauj \u0101tri regul\u0113t vai nomain\u012bt skavu, nodro\u0161inot minim\u0101lu d\u012bkst\u0101ves laiku. \u0160\u012b funkcija ir \u012bpa\u0161i noder\u012bga nozar\u0113s, kur\u0101s steidzamas darb\u012bbas ir \u013coti svar\u012bgas, piem\u0113ram, lauksaimniec\u012bb\u0101 vai b\u016bvniec\u012bb\u0101.<\/p>\n<h3>4. Pastiprin\u0101ta dro\u0161\u012bba<\/h3>\n<p>Regul\u0113jami dak\u0161as tipa cilindri pie\u0161\u0137ir priorit\u0101ti dro\u0161\u012bbai, pied\u0101v\u0101jot prec\u012bzu kontroli un stabilit\u0101ti. Sp\u0113ja regul\u0113t dak\u0161as poz\u012bciju nodro\u0161ina pareizu izl\u012bdzin\u0101\u0161anu un nov\u0113r\u0161 nevajadz\u012bgu cilindra un citu sast\u0101vda\u013cu slodzi. Tas samazina meh\u0101nisku boj\u0101jumu risku, uzlabojot operatoru un apk\u0101rt\u0113j\u0101s vides visp\u0101r\u0113jo dro\u0161\u012bbu.<\/p>\n<p>Turkl\u0101t ner\u016bs\u0113jo\u0161\u0101 t\u0113rauda izmanto\u0161ana \u0161o cilindru konstrukcij\u0101 nodro\u0161ina izcilu iztur\u012bbu pret koroziju, v\u0113l vair\u0101k uzlabojot to dro\u0161\u012bbu un ilgm\u016b\u017e\u012bbu. \u0160\u012b iztur\u012bba pret koroziju nov\u0113r\u0161 ba\u017eas par nopl\u016bdi vai sist\u0113mas atteici r\u016bsas vai citu vides faktoru d\u0113\u013c.<\/p>\n<h3>Secin\u0101jums<\/h3>\n<p>Rezum\u0113jot, regul\u0113jami skavu tipa cilindri, piem\u0113ram, piel\u0101goti regul\u0113jamie ner\u016bs\u0113jo\u0161\u0101 t\u0113rauda hidrauliskie cilindri traktoriem, pied\u0101v\u0101 daudzas priek\u0161roc\u012bbas elast\u012bbas, veiktsp\u0113jas, d\u012bkst\u0101ves laika samazin\u0101\u0161anas un dro\u0161\u012bbas zi\u0146\u0101. To regul\u0113jam\u0101 konstrukcija \u013cauj prec\u012bzi piel\u0101got, optimiz\u0113jot veiktsp\u0113ju un efektivit\u0101ti. Pateicoties to iztur\u012bgajai konstrukcijai un iztur\u012bbai pret koroziju, \u0161ie cilindri nodro\u0161ina ilgsto\u0161u uzticam\u012bbu da\u017e\u0101dos r\u016bpnieciskos pielietojumos.<\/p>\n<p><img decoding=\"async\" src=\"https:\/\/fmp-components.com\/wp-content\/uploads\/2024\/12\/Adjustable-Clevis-Type-Cylinders5.webp\" alt=\"Regul\u0113jams skavu tipa cilindrs\" width=\"800\" title=\"\"><\/p>\n<h2>Regul\u0113jamu skavu tipa cilindru pielietojums<\/h2>\n<p>Regul\u0113jami skavu tipa cilindri ir daudzpus\u012bgi hidrauliskie cilindri, kurus var piel\u0101got da\u017e\u0101diem pielietojumiem. T\u0101l\u0101k ir nor\u0101d\u012bti da\u017ei no \u0161o cilindru pielietojumiem:<\/p>\n<h3>1. Lauksaimniec\u012bbas tehnika<\/h3>\n<p>Lauksaimniec\u012bbas tehnikai ir nepiecie\u0161ami iztur\u012bgi un efekt\u012bvi hidrauliskie cilindri, lai darbin\u0101tu da\u017e\u0101das iek\u0101rtas un meh\u0101nismus. Piel\u0101gots regul\u0113jams ner\u016bs\u0113jo\u0161\u0101 t\u0113rauda hidrauliskais cilindrs traktoriem ir lielisks hidraulisk\u0101 cilindra piem\u0113rs, kas ir \u012bpa\u0161i paredz\u0113ts lauksaimniec\u012bbas tehnikai. Cilindru var piel\u0101got da\u017e\u0101du ma\u0161\u012bnu un apr\u012bkojuma \u012bpa\u0161aj\u0101m vajadz\u012bb\u0101m, padarot to par ide\u0101lu izv\u0113li lauksaimniec\u012bbas vajadz\u012bb\u0101m.<\/p>\n<h3>2. Celtniec\u012bbas iek\u0101rtas<\/h3>\n<p>Celtniec\u012bbas iek\u0101rt\u0101m, piem\u0113ram, buldozeriem, ekskavatoriem un celt\u0146iem, da\u017e\u0101du uzdevumu veik\u0161anai ir nepiecie\u0161ami jaud\u012bgi un uzticami hidrauliskie cilindri. \u0160ajos pielietojumos bie\u017ei tiek izmantoti regul\u0113jami cilindri ar skavu, jo tos var viegli piel\u0101got da\u017e\u0101d\u0101m hidrauliskaj\u0101m sist\u0113m\u0101m. Cilindri var iztur\u0113t lielas slodzes un ekstrem\u0101lus ekspluat\u0101cijas apst\u0101k\u013cus, padarot tos par popul\u0101ru izv\u0113li celtniec\u012bbas iek\u0101rt\u0101m.<\/p>\n<h3>3. Automobi\u013cu r\u016bpniec\u012bba<\/h3>\n<p>Regul\u0113jami skavu tipa cilindri parasti tiek izmantoti autob\u016bves nozar\u0113 da\u017e\u0101diem pielietojumiem, piem\u0113ram, st\u016bres, bremz\u0113\u0161anas un piekares sist\u0113m\u0101m. Cilindrus var piel\u0101got da\u017e\u0101diem transportl\u012bdzek\u013cu mode\u013ciem un specifik\u0101cij\u0101m, padarot tos par ide\u0101lu izv\u0113li automobi\u013cu lietojumprogramm\u0101m.<\/p>\n<h3>4. J\u016bras r\u016bpniec\u012bba<\/h3>\n<p>J\u016bras r\u016bpniec\u012bbai ir nepiecie\u0161ami iztur\u012bgi hidrauliskie cilindri, kas sp\u0113j iztur\u0113t skarbu j\u016bras vidi. Regul\u0113jami skavu tipa cilindri bie\u017ei tiek izmantoti j\u016bras lietojumos, pateicoties to korozijiztur\u012bgaj\u0101m \u012bpa\u0161\u012bb\u0101m un sp\u0113jai iztur\u0113t \u0101rk\u0101rt\u0113jas spiediena un temperat\u016bras izmai\u0146as.<\/p>\n<h3>5. Avi\u0101cijas un kosmosa r\u016bpniec\u012bba<\/h3>\n<p>Kosmosa r\u016bpniec\u012bbai ir nepiecie\u0161ami hidrauliskie cilindri, kas ir viegli, iztur\u012bgi un sp\u0113j iztur\u0113t ekstrem\u0101lus ekspluat\u0101cijas apst\u0101k\u013cus. Regul\u0113jami skavu tipa cilindri bie\u017ei tiek izmantoti kosmosa lietojumprogramm\u0101s, jo tos var piel\u0101got \u012bpa\u0161\u0101m pras\u012bb\u0101m un tiem ir augsta iztur\u012bbas un svara attiec\u012bba.<\/p>\n<p>Nosl\u0113gum\u0101 j\u0101saka, ka regul\u0113jamie skavu tipa cilindri ir daudzpus\u012bgi hidrauliskie cilindri, kurus var piel\u0101got da\u017e\u0101diem pielietojumiem da\u017e\u0101d\u0101s nozar\u0113s. Piel\u0101gots regul\u0113jams ner\u016bs\u0113jo\u0161\u0101 t\u0113rauda hidrauliskais cilindrs traktoram ir lielisks hidraulisk\u0101 cilindra piem\u0113rs, ko var piel\u0101got lauksaimniec\u012bbas tehnikai. \u0160ie cilindri ir iztur\u012bgi, uzticami un var iztur\u0113t ekstrem\u0101lus ekspluat\u0101cijas apst\u0101k\u013cus, padarot tos par ide\u0101lu izv\u0113li da\u017e\u0101diem pielietojumiem.<img decoding=\"async\" src=\"https:\/\/fmp-components.com\/wp-content\/uploads\/2024\/12\/Application-of-Adjustable-Clevis-Type-Cylinders.webp\" alt=\"Regul\u0113jams skavu tipa cilindrs\" width=\"800\" title=\"\"><\/p>\n<h3>Par FMP<\/h3>\n<p>FMP ir vado\u0161ais uz\u0146\u0113mums, kas specializ\u0113jas hidraulisko cilindru ra\u017eo\u0161an\u0101 un p\u0101rdo\u0161an\u0101. Ar m\u016bsu daudzu gadu pieredzi nozar\u0113 un profesion\u0101lu komandu m\u0113s esam ap\u0146\u0113mu\u0161ies nodro\u0161in\u0101t klientus ar augstas kvalit\u0101tes un uzticamiem hidrauliskajiem cilindriem un pilnv\u0113rt\u012bgiem ma\u0161\u012bnu risin\u0101jumiem.<\/p>\n<p><img decoding=\"async\" src=\"https:\/\/fmp-components.com\/wp-content\/uploads\/2024\/12\/Adjustable-Clevis-Type-Cylinders-6.webp\" alt=\"Regul\u0113jams skavu tipa cilindrs\" width=\"837\" title=\"\"><\/p>\n<p>\u0160eit ir piecas galven\u0101s m\u016bsu produktu un uz\u0146\u0113muma priek\u0161roc\u012bbas:<\/p>\n<ol>\n<li>Pla\u0161s iesp\u0113ju kl\u0101sts: M\u0113s pied\u0101v\u0101jam pla\u0161u hidraulisko cilindru kl\u0101stu, kas piem\u0113rots da\u017e\u0101diem pielietojumiem b\u016bvniec\u012bbas tehnikas nozar\u0113. S\u0101kot ar regul\u0113jamiem cilindriem ar skavu un beidzot ar citiem specializ\u0113tiem tipiem, mums ir ide\u0101ls risin\u0101jums, lai apmierin\u0101tu j\u016bsu \u012bpa\u0161\u0101s pras\u012bbas.<\/li>\n<li>Izcila kvalit\u0101te: FMP m\u0113s pie\u0161\u0137iram priorit\u0101ti kvalit\u0101tei un nodro\u0161in\u0101m, lai visi m\u016bsu hidrauliskie cilindri atbilstu stingriem kvalit\u0101tes standartiem. M\u016bsu produkti tiek ra\u017eoti, izmantojot augst\u0101k\u0101s kvalit\u0101tes materi\u0101lus, un tiek r\u016bp\u012bgi p\u0101rbaud\u012bti, lai garant\u0113tu to iztur\u012bbu un veiktsp\u0113ju.<\/li>\n<li>P\u0101rdo\u0161anas ekspertu komanda: M\u016bsu pieredz\u0113ju\u0161ajai p\u0101rdo\u0161anas komandai ir padzi\u013cin\u0101tas zin\u0101\u0161anas par celtniec\u012bbas tehnikas nozari, vi\u0146i seko l\u012bdzi jaun\u0101kaj\u0101m tendenc\u0113m un izprot klientu vajadz\u012bbas. Vi\u0146i ir gatavi sniegt profesion\u0101las konsult\u0101cijas par produktiem un pied\u0101v\u0101t p\u0101rdom\u0101tus pirk\u0161anas ieteikumus, lai pal\u012bdz\u0113tu jums pie\u0146emt p\u0101rdom\u0101tus l\u0113mumus.<\/li>\n<li>Efekt\u012bva lo\u0123istika: M\u0113s saprotam savlaic\u012bgas pieg\u0101des noz\u012bmi, t\u0101p\u0113c esam izveidoju\u0161i efekt\u012bvu lo\u0123istikas izplat\u012b\u0161anas sist\u0113mu. Tas nodro\u0161ina, ka klienti nepiecie\u0161amos hidrauliskos cilindrus sa\u0146em \u0101tri un prec\u012bzi, samazinot jebk\u0101dus iesp\u0113jamos kav\u0113jumus vai trauc\u0113jumus.<\/li>\n<li>Sp\u0113c\u012bgas pieg\u0101d\u0101t\u0101ju attiec\u012bbas: Pateicoties ilgtermi\u0146a un stabil\u0101m sadarb\u012bbas attiec\u012bb\u0101m ar augstas kvalit\u0101tes pieg\u0101d\u0101t\u0101jiem gan viet\u0113j\u0101, gan starptautisk\u0101 m\u0113rog\u0101, m\u0113s varam ieg\u016bt lab\u0101k\u0101s sast\u0101vda\u013cas un materi\u0101lus m\u016bsu hidrauliskajiem cilindriem. Tas \u013cauj mums uztur\u0113t nemain\u012bgu kvalit\u0101ti un veiktsp\u0113ju vis\u0101 m\u016bsu produktu kl\u0101st\u0101.<\/li>\n<\/ol>\n<p>Izv\u0113lieties FMP sav\u0101m hidraulisko cilindru vajadz\u012bb\u0101m un izbaudiet m\u016bsu nodro\u0161in\u0101to uzticam\u012bbu un izcil\u012bbu. Sazinieties ar mums jau \u0161odien, lai p\u0101rrun\u0101tu savas pras\u012bbas un uzs\u0101ktu veiksm\u012bgu sadarb\u012bbu.<\/p>\n<h2>Bie\u017ei uzdotie jaut\u0101jumi<\/h2>\n<p><b>J: K\u0101ds ir piel\u0101got\u0101 regul\u0113jam\u0101 ner\u016bs\u0113jo\u0161\u0101 t\u0113rauda hidraulisk\u0101 cilindra pieg\u0101des laiks?<\/b><br \/>\nA: Visp\u0101r\u0113jais pieg\u0101des laiks ir 25\u201335 dienas.<\/p>\n<p><b>J: Vai ir pieejami hidraulisk\u0101 cilindra paraugi?<\/b><br \/>\nA: J\u0101, m\u0113s pied\u0101v\u0101jam paraugus, bet tie nav bez maksas.<\/p>\n<p><b>J: Vai hidrauliskos cilindrus var piel\u0101got atbilsto\u0161i paraugiem vai tehniskajiem ras\u0113jumiem?<\/b><br \/>\nA: J\u0101, m\u0113s varam izgatavot cilindrus p\u0113c j\u016bsu paraugiem vai tehniskajiem ras\u0113jumiem. M\u0113s varam ar\u012b izgatavot veidnes un armat\u016bru.<\/p>\n<p><img decoding=\"async\" src=\"https:\/\/img.jiansujichilun.com\/img\/hydrauliccylinders\/C_hydrauliccylinders-5.webp\" alt=\"hidrauliskais cilindrs\" width=\"800\" title=\"\"><\/p>\n<p>Autors: CX<\/p>","protected":false},"excerpt":{"rendered":"<p>Introducing Customized Adjustable Stainless Steel Hydraulic Cylinder For Tractor Customized Adjustable Stainless Steel Hydraulic Cylinder For Tractor is a top-of-the-line product that is designed to meet the specific needs of tractor operators. This hydraulic cylinder has been engineered to provide unparalleled performance and efficiency, making it an indispensable component of any tractor. One of the [&hellip;]<\/p>","protected":false},"featured_media":1338,"comment_status":"closed","ping_status":"closed","template":"","meta":{"_et_pb_use_builder":"","_et_pb_old_content":"","_et_gb_content_width":""},"product_brand":[],"product_cat":[39],"product_tag":[41,34],"class_list":{"0":"post-1375","1":"product","2":"type-product","3":"status-publish","4":"has-post-thumbnail","6":"product_cat-adjustable-clevis-type-cylinders","7":"product_tag-adjustable-clevis-type-cylinders","8":"product_tag-hydraulic-cylinder","10":"first","11":"instock","12":"product-type-simple"},"_links":{"self":[{"href":"https:\/\/fmp-components.com\/lv\/wp-json\/wp\/v2\/product\/1375","targetHints":{"allow":["GET"]}}],"collection":[{"href":"https:\/\/fmp-components.com\/lv\/wp-json\/wp\/v2\/product"}],"about":[{"href":"https:\/\/fmp-components.com\/lv\/wp-json\/wp\/v2\/types\/product"}],"replies":[{"embeddable":true,"href":"https:\/\/fmp-components.com\/lv\/wp-json\/wp\/v2\/comments?post=1375"}],"wp:featuredmedia":[{"embeddable":true,"href":"https:\/\/fmp-components.com\/lv\/wp-json\/wp\/v2\/media\/1338"}],"wp:attachment":[{"href":"https:\/\/fmp-components.com\/lv\/wp-json\/wp\/v2\/media?parent=1375"}],"wp:term":[{"taxonomy":"product_brand","embeddable":true,"href":"https:\/\/fmp-components.com\/lv\/wp-json\/wp\/v2\/product_brand?post=1375"},{"taxonomy":"product_cat","embeddable":true,"href":"https:\/\/fmp-components.com\/lv\/wp-json\/wp\/v2\/product_cat?post=1375"},{"taxonomy":"product_tag","embeddable":true,"href":"https:\/\/fmp-components.com\/lv\/wp-json\/wp\/v2\/product_tag?post=1375"}],"curies":[{"name":"wp","href":"https:\/\/api.w.org\/{rel}","templated":true}]}}