{"id":1374,"date":"2024-12-23T02:18:57","date_gmt":"2024-12-23T02:18:57","guid":{"rendered":"https:\/\/fmp-components.com\/product\/hot-sale-1200mm-stroke-hydraulic-cylinder-double-acting-hydraulic-cylinder-for-tractor\/"},"modified":"2024-12-23T03:24:44","modified_gmt":"2024-12-23T03:24:44","slug":"hot-sale-1200mm-stroke-hydraulic-cylinder-double-acting-hydraulic-cylinder-for-tractor","status":"publish","type":"product","link":"https:\/\/fmp-components.com\/lv\/product\/hot-sale-1200mm-stroke-hydraulic-cylinder-double-acting-hydraulic-cylinder-for-tractor\/","title":{"rendered":"Karst\u0101 p\u0101rdo\u0161ana 1200 mm g\u0101jiena hidrauliskais cilindrs ar divk\u0101r\u0161u darb\u012bbu traktoram"},"content":{"rendered":"<h2>Iepaz\u012bstin\u0101m ar karsto izp\u0101rdo\u0161anu 1200 mm g\u0101jiena hidraulisko cilindru ar divk\u0101r\u0161u darb\u012bbu traktoram:<\/h2>\n<p>Karst\u0101s p\u0101rdo\u0161anas 1200 mm g\u0101jiena hidrauliskais cilindrs ar divk\u0101r\u0161u darb\u012bbu traktoriem ir augstas kvalit\u0101tes, efekt\u012bvs hidrauliskais cilindrs, kas \u012bpa\u0161i paredz\u0113ts lieto\u0161anai traktoros. Ar 1200 mm g\u0101jiena garumu \u0161is cilindrs pied\u0101v\u0101 papla\u0161in\u0101tu sniedzam\u012bbu un prec\u012bzu vad\u012bbu da\u017e\u0101diem traktoru lietojumiem.<\/p>\n<p>\u0160is hidrauliskais cilindrs darbojas divk\u0101r\u0161as darb\u012bbas veid\u0101, kas noz\u012bm\u0113, ka to var gan izstiept, gan ievilkt ar hidraulisk\u0101 spiediena pal\u012bdz\u012bbu. \u0160\u012b funkcija nodro\u0161ina liel\u0101ku daudzpus\u012bbu un elast\u012bbu traktora darb\u012bb\u0101, nodro\u0161inot vienm\u0113r\u012bgu un efekt\u012bvu pievienoto agreg\u0101tu kust\u012bbu.<\/p>\n<p>Karst\u0101s p\u0101rdo\u0161anas 1200 mm g\u0101jiena hidrauliskais cilindrs ir izgatavots no iztur\u012bgiem materi\u0101liem un paredz\u0113ts iztur\u0113t lielas slodzes un skarbus ekspluat\u0101cijas apst\u0101k\u013cus. Tas ir rad\u012bts ilgam kalpo\u0161anas laikam un nodro\u0161ina uzticamu veiktsp\u0113ju, garant\u0113jot ilgtermi\u0146a funkcionalit\u0101ti un iztur\u012bbu.<\/p>\n<p>Ar savu moderno hidraulisko sist\u0113mu \u0161is cilindrs nodro\u0161ina iespaid\u012bgu jaudu un \u0101trumu, nodro\u0161inot \u0101tru un efekt\u012bvu traktora darb\u012bbu. T\u0101 vienm\u0113r\u012bg\u0101 un prec\u012bz\u0101 kust\u012bba uzlabo produktivit\u0101ti un samazina d\u012bkst\u0101ves laiku, padarot to par ide\u0101lu izv\u0113li lauksaimniekiem un traktoru operatoriem, kuri mekl\u0113 optim\u0101lu veiktsp\u0113ju.<\/p>\n<p><img loading=\"lazy\" decoding=\"async\" class=\"alignnone size-full wp-image-1334\" src=\"https:\/\/fmp-components.com\/wp-content\/uploads\/2024\/12\/Adjustable-Clevis-Type-Cylinders-4.webp\" alt=\"Regul\u0113jami skavu tipa cilindri\" width=\"800\" height=\"800\" title=\"\" srcset=\"https:\/\/fmp-components.com\/wp-content\/uploads\/2024\/12\/Adjustable-Clevis-Type-Cylinders-4.webp 800w, https:\/\/fmp-components.com\/wp-content\/uploads\/2024\/12\/Adjustable-Clevis-Type-Cylinders-4-480x480.webp 480w\" sizes=\"(min-width: 0px) and (max-width: 480px) 480px, (min-width: 481px) 800px, 100vw\" \/><\/p>\n<p>Papildus izcilajai funkcionalit\u0101tei \u0161o hidraulisko cilindru ir viegli uzst\u0101d\u012bt un uztur\u0113t. T\u0101 lietot\u0101jam draudz\u012bgais dizains un vienk\u0101r\u0161ais uzst\u0101d\u012b\u0161anas process padara to pieejamu gan pieredz\u0113ju\u0161iem profesion\u0101\u013ciem, gan ies\u0101c\u0113jiem.<\/p>\n<p>Kopum\u0101 karst\u0101s p\u0101rdo\u0161anas 1200 mm g\u0101jiena hidrauliskais cilindrs ar divk\u0101r\u0161u darb\u012bbu traktoram ir augst\u0101k\u0101s klases produkts, kas apvieno uzticam\u012bbu, iztur\u012bbu un veiktsp\u0113ju. Neatkar\u012bgi no t\u0101, vai j\u016bs apstr\u0101d\u0101jat laukus, ce\u013cat smagas kravas vai veicat citus ar traktoru saist\u012btus uzdevumus, \u0161is hidrauliskais cilindrs ir uzticama izv\u0113le, kas uzlabos j\u016bsu produktivit\u0101ti un efektivit\u0101ti.<\/p>\n<h2>Regul\u0113jamu skavu tipa cilindru priek\u0161roc\u012bbas<\/h2>\n<p>Regul\u0113jami skavu tipa cilindri ir b\u016btiska sast\u0101vda\u013ca da\u017e\u0101d\u0101s hidrauliskaj\u0101s sist\u0113m\u0101s, kas pied\u0101v\u0101 daudzas priek\u0161roc\u012bbas, padarot tos par iecien\u012btu izv\u0113li daudziem r\u016bpnieciskiem lietojumiem. \u0160aj\u0101 rakst\u0101 m\u0113s izp\u0113t\u012bsim regul\u0113jamu skavu tipa cilindru galven\u0101s priek\u0161roc\u012bbas, apspried\u012bsim to funkcionalit\u0101ti, daudzpus\u012bbu un veiktsp\u0113ju.<\/p>\n<p>1. Uzlabota elast\u012bba:<\/p>\n<p>Regul\u0113jamie skavu tipa cilindri nodro\u0161ina izcilu elast\u012bbu hidrauliskaj\u0101s sist\u0113m\u0101s. Pateicoties regul\u0113jamajam skavu stiprin\u0101jumam, \u0161os cilindrus var viegli piestiprin\u0101t un atvienot, \u013caujot \u0101tri regul\u0113t un prec\u012bzi noregul\u0113t sist\u0113mu p\u0113c nepiecie\u0161am\u012bbas. \u0160\u012b elast\u012bba padara tos \u013coti piem\u0113rotus lietojumiem, kuros ir svar\u012bga prec\u012bza pozicion\u0113\u0161ana un izl\u012bdzin\u0101\u0161ana.<\/p>\n<p>2. Izcila slodzes apstr\u0101des sp\u0113ja:<\/p>\n<p>Karst\u0101 p\u0101rdo\u0161ana 1200 mm g\u0101jiena hidrauliskais cilindrs ar divk\u0101r\u0161u darb\u012bbu traktoram<\/p>\n<p>Viena no iev\u0113rojam\u0101m regul\u0113jamu skavu tipa cilindru priek\u0161roc\u012bb\u0101m ir to sp\u0113ja efekt\u012bvi iztur\u0113t smagas slodzes. \u0160ie cilindri ir izstr\u0101d\u0101ti, lai iztur\u0113tu augstu spiedienu un nodro\u0161in\u0101tu stabilu veiktsp\u0113ju pat sare\u017e\u0123\u012btos apst\u0101k\u013cos. Pateicoties iztur\u012bgajai konstrukcijai un uzticamaj\u0101m bl\u012bv\u0113\u0161anas sist\u0113m\u0101m, tie var efekt\u012bvi iztur\u0113t iev\u0113rojamas slodzes, neapdraudot veiktsp\u0113ju vai dro\u0161\u012bbu.<\/p>\n<p>3. Optim\u0101lais g\u0101jiena garums:<\/p>\n<p>V\u0113l viena b\u016btiska regul\u0113jamu skavu tipa cilindru priek\u0161roc\u012bba ir sp\u0113ja kontrol\u0113t g\u0101jiena garumu. \u0160\u012b funkcija \u013cauj veikt prec\u012bzus piel\u0101gojumus, \u013caujot hidrauliskajai sist\u0113mai prec\u012bzi sasniegt v\u0113lamo kust\u012bbu un poz\u012bciju. Neatkar\u012bgi no t\u0101, vai tas ir izstiep\u0161ana, ievilk\u0161ana vai noteiktas poz\u012bcijas notur\u0113\u0161ana, \u0161ie cilindri pied\u0101v\u0101 lielisku g\u0101jiena garuma kontroli, nodro\u0161inot optim\u0101lu veiktsp\u0113ju da\u017e\u0101dos pielietojumos.<\/p>\n<p>4. Uzlabota darb\u012bbas efektivit\u0101te:<\/p>\n<p>Regul\u0113jami skavu tipa cilindri veicina uzlabotu darb\u012bbas efektivit\u0101ti hidrauliskaj\u0101s sist\u0113m\u0101s. To konstrukcija un funkcionalit\u0101te samazina ener\u0123ijas zudumus un palielina jaudas p\u0101rvadi, k\u0101 rezult\u0101t\u0101 uzlabojas sist\u0113mas kop\u0113j\u0101 veiktsp\u0113ja. Efekt\u012bvi p\u0101rveidojot hidraulisko ener\u0123iju meh\u0101nisk\u0101 sp\u0113k\u0101, \u0161ie cilindri pal\u012bdz samazin\u0101t ener\u0123ijas pat\u0113ri\u0146u un palielin\u0101t produktivit\u0101ti.<\/p>\n<p>5. Daudzpus\u012bba lietojumprogramm\u0101s:<\/p>\n<p>Regul\u0113jami skavu tipa cilindri ir \u013coti daudzpus\u012bgi un tiek izmantoti daudz\u0101s nozar\u0113s. S\u0101kot no lauksaimniec\u012bbas tehnikas l\u012bdz celtniec\u012bbas apr\u012bkojumam, \u0161os cilindrus var izmantot pla\u0161\u0101 pielietojumu kl\u0101st\u0101. To piel\u0101gojam\u012bba apvienojum\u0101 ar sp\u0113ju iztur\u0113t da\u017e\u0101das slodzes un spiedienus padara tos par iecien\u012btu izv\u0113li da\u017e\u0101d\u0101m hidrauliskaj\u0101m sist\u0113m\u0101m.<\/p>\n<p>Karst\u0101 p\u0101rdo\u0161ana 1200 mm g\u0101jiena hidrauliskais cilindrs ar divk\u0101r\u0161u darb\u012bbu traktoram<\/p>\n<p>Nosl\u0113gum\u0101 j\u0101secina, ka regul\u0113jamie skavas tipa cilindri pied\u0101v\u0101 vair\u0101kas priek\u0161roc\u012bbas, kas padara tos par ide\u0101lu izv\u0113li hidrauliskaj\u0101m sist\u0113m\u0101m. To elast\u012bba, slodzes apstr\u0101des sp\u0113ja, g\u0101jiena garuma kontrole, darb\u012bbas efektivit\u0101te un daudzpus\u012bba veicina to popularit\u0101ti da\u017e\u0101d\u0101s nozar\u0113s. Neatkar\u012bgi no t\u0101, vai tas ir nepiecie\u0161ams prec\u012bzai pozicion\u0113\u0161anai, smagu kravu apstr\u0101dei vai uzlabotai darb\u012bbas efektivit\u0101tei, \u0161ie cilindri izce\u013cas ar izcilu veiktsp\u0113ju un nodro\u0161ina uzticamus rezult\u0101tus. K\u0101 b\u016btiska hidraulisko sist\u0113mu sast\u0101vda\u013ca, regul\u0113jamiem skavas tipa cilindriem ir b\u016btiska loma sist\u0113mas visp\u0101r\u0113j\u0101s funkcionalit\u0101tes un veiktsp\u0113jas uzlabo\u0161an\u0101.<\/p>\n<p><img decoding=\"async\" src=\"https:\/\/fmp-components.com\/wp-content\/uploads\/2024\/12\/Adjustable-Clevis-Type-Cylinders5.webp\" alt=\"Regul\u0113jams skavu tipa cilindrs\" width=\"800\" title=\"\"><\/p>\n<h2>Regul\u0113jamu skavu tipa cilindru pielietojums<\/h2>\n<p>Regul\u0113jams skavu tipa cilindrs ir daudzpus\u012bga hidrauliska ier\u012bce, kas tiek pla\u0161i izmantota da\u017e\u0101d\u0101s nozar\u0113s. T\u0101 unik\u0101lais dizains un funkcijas padara to \u013coti piem\u0113rotu pla\u0161am uzdevumu kl\u0101stam. \u0160aj\u0101 rakst\u0101 m\u0113s izp\u0113t\u012bsim da\u017eus no regul\u0113jamo skavu tipa cilindru galvenajiem pielietojumiem un detaliz\u0113ti apspried\u012bsim to funkcijas.<\/p>\n<h3>1. R\u016bpniecisk\u0101s iek\u0101rtas<\/h3>\n<p>Regul\u0113jami skavu tipa cilindri tiek pla\u0161i izmantoti r\u016bpnieciskaj\u0101s iek\u0101rt\u0101s da\u017e\u0101diem m\u0113r\u0137iem. Tos bie\u017ei izmanto hidrauliskaj\u0101s pres\u0113s, kur tiem ir iz\u0161\u0137iro\u0161a noz\u012bme nepiecie\u0161am\u0101 sp\u0113ka rad\u012b\u0161an\u0101 pres\u0113\u0161anas darb\u012bb\u0101m. \u0160ie cilindri pied\u0101v\u0101 izcilu iztur\u012bbu un ilgm\u016b\u017e\u012bbu, padarot tos ide\u0101li piem\u0113rotus lieljaudas lietojumiem.<\/p>\n<p>Viena no regul\u0113jamu skavu tipa cilindru galvenaj\u0101m priek\u0161roc\u012bb\u0101m r\u016bpnieciskaj\u0101s iek\u0101rt\u0101s ir to sp\u0113ja prec\u012bzi kontrol\u0113t kust\u012bbas sp\u0113ku un \u0101trumu. Tas \u013cauj operatoriem sasniegt prec\u012bzus un konsekventus rezult\u0101tus, veicot t\u0101dus uzdevumus k\u0101 liek\u0161ana, grie\u0161ana vai caurumo\u0161ana. Cilindrus var viegli piel\u0101got \u012bpa\u0161\u0101m pras\u012bb\u0101m, nodro\u0161inot optim\u0101lu veiktsp\u0113ju da\u017e\u0101dos ra\u017eo\u0161anas procesos.<\/p>\n<h3>2. Lauksaimniec\u012bba<\/h3>\n<p>Regul\u0113jami skavu tipa cilindri parasti tiek izmantoti lauksaimniec\u012bbas nozar\u0113, \u012bpa\u0161i lauksaimniec\u012bbas tehnik\u0101, piem\u0113ram, traktoros. \u0160ie cilindri ir b\u016btiskas hidraulisko sist\u0113mu sast\u0101vda\u013cas, kas darbina da\u017e\u0101dus lauksaimniec\u012bbas instrumentus. Piem\u0113ram, tos izmanto hidrauliskaj\u0101s pacel\u0161anas sist\u0113m\u0101s, lai paceltu un nolaistu t\u0101dus agreg\u0101tus k\u0101 arklus, kultivatorus un ec\u0113\u0161as.<\/p>\n<p>\u0160o cilindru regul\u0113jam\u0101 daba \u013cauj lauksaimniekiem piel\u0101got apr\u012bkojumu da\u017e\u0101diem lauka apst\u0101k\u013ciem un uzdevumiem. Vi\u0146i var viegli piel\u0101got cilindra g\u0101jiena garumu, lai sasniegtu v\u0113lamo augsnes apstr\u0101des dzi\u013cumu vai agreg\u0101ta augstumu. \u0160\u012b elast\u012bba uzlabo lauksaimniec\u012bbas darb\u012bbu efektivit\u0101ti un produktivit\u0101ti, k\u0101 rezult\u0101t\u0101 tiek ieg\u016bta lab\u0101ka ra\u017ea.<\/p>\n<h3>3. B\u016bvniec\u012bba<\/h3>\n<p>Regul\u0113jamiem skavu tipa cilindriem ir iz\u0161\u0137iro\u0161a noz\u012bme b\u016bvniec\u012bbas nozar\u0113, kur tos izmanto da\u017e\u0101d\u0101s smagaj\u0101s ma\u0161\u012bn\u0101s un iek\u0101rt\u0101s. Viens iev\u0113rojams pielietojums ir ekskavatoros, kur \u0161ie cilindri ir atbild\u012bgi par str\u0113les, sviras un kausa kust\u012bbu.<\/p>\n<p>Ar savu divk\u0101r\u0161\u0101s darb\u012bbas funkcionalit\u0101ti regul\u0113jamie skavu tipa cilindri nodro\u0161ina nepiecie\u0161amo jaudu un kontroli materi\u0101lu rak\u0161anai, cel\u0161anai un izg\u0101\u0161anai. Cilindru sp\u0113ja iztur\u0113t lielas slodzes un spiedienu padara tos piem\u0113rotus sare\u017e\u0123\u012btiem b\u016bvniec\u012bbas uzdevumiem. Turkl\u0101t to regul\u0113jamais g\u0101jiena garums \u013cauj operatoriem optimiz\u0113t rak\u0161anas dzi\u013cumu un sniedzam\u012bbu, nodro\u0161inot efekt\u012bvu un prec\u012bzu rak\u0161anu.<\/p>\n<h3>4. Materi\u0101lu apstr\u0101de<\/h3>\n<p>Regul\u0113jami skavu tipa cilindri tiek pla\u0161i izmantoti materi\u0101lu apstr\u0101des iek\u0101rt\u0101s, piem\u0113ram, iekr\u0101v\u0113jos un celt\u0146os. \u0160ie cilindri nodro\u0161ina vienm\u0113r\u012bgu un prec\u012bzu smagu kravu pacel\u0161anu, nolai\u0161anu un noliek\u0161anu. Tie ir svar\u012bgas hidraulisko sist\u0113mu sast\u0101vda\u013cas, kas nodro\u0161ina nepiecie\u0161amo sp\u0113ku \u0161\u012bm darb\u012bb\u0101m.<\/p>\n<p>\u0160o cilindru regul\u0113jam\u0101s funkcijas \u013cauj operatoriem piel\u0101got apr\u012bkojumu da\u017e\u0101diem slodzes izm\u0113riem un svara sadal\u012bjumam. Piel\u0101gojot g\u0101jiena garumu, tie var nodro\u0161in\u0101t atbilsto\u0161u slodzes stabilit\u0101ti un nov\u0113rst apg\u0101\u0161anos vai boj\u0101jumus. Cilindru uzticam\u0101 veiktsp\u0113ja un sp\u0113ja apstr\u0101d\u0101t smagas kravas padara tos neaizst\u0101jamus materi\u0101lu apstr\u0101des darbos.<\/p>\n<h3>Secin\u0101jums<\/h3>\n<p>Regul\u0113jami skavas tipa cilindri ir daudzpus\u012bgas hidrauliskas ier\u012bces, kas atrodamas da\u017e\u0101d\u0101s nozar\u0113s. To unik\u0101lais dizains, regul\u0113jam\u0101s funkcijas un izcil\u0101 veiktsp\u0113ja padara tos nenov\u0113rt\u0113jamus r\u016bpnieciskaj\u0101s iek\u0101rt\u0101s, lauksaimniec\u012bb\u0101, b\u016bvniec\u012bb\u0101 un materi\u0101lu apstr\u0101d\u0113. \u0160ie cilindri pied\u0101v\u0101 prec\u012bzu vad\u012bbu, piel\u0101gojam\u012bbu un uzticam\u012bbu, uzlabojot da\u017e\u0101du uzdevumu efektivit\u0101ti un produktivit\u0101ti. Karst\u0101 p\u0101rdo\u0161anas pied\u0101v\u0101jum\u0101 ir 1200 mm g\u0101jiena hidrauliskais cilindrs ar divk\u0101r\u0161u darb\u012bbu traktoram, un regul\u0113jami skavas tipa cilindri ir lab\u0101k\u0101 izv\u0113le.<\/p>\n<p><img decoding=\"async\" src=\"https:\/\/fmp-components.com\/wp-content\/uploads\/2024\/12\/Application-of-Adjustable-Clevis-Type-Cylinders.webp\" alt=\"Regul\u0113jams skavu tipa cilindrs\" width=\"800\" title=\"\"><\/p>\n<h3>Par FMP<\/h3>\n<p>FMP ir vado\u0161ais uz\u0146\u0113mums, kas specializ\u0113jas hidraulisko cilindru ra\u017eo\u0161an\u0101 un p\u0101rdo\u0161an\u0101. Ar m\u016bsu galveno m\u012btni It\u0101lij\u0101, m\u0113s esam ieguvu\u0161i pla\u0161u pieredzi nozar\u0113 un izveidoju\u0161i profesion\u0101lu komandu, kas velt\u012bta tam, lai nodro\u0161in\u0101tu klientus ar augstas kvalit\u0101tes un uzticam\u0101m celtniec\u012bbas tehnikas deta\u013c\u0101m un pilniem ma\u0161\u012bnu risin\u0101jumiem.<\/p>\n<p><img decoding=\"async\" src=\"https:\/\/fmp-components.com\/wp-content\/uploads\/2024\/12\/Adjustable-Clevis-Type-Cylinders-6.webp\" alt=\"Regul\u0113jams skavu tipa cilindrs\" width=\"836\" title=\"\"><\/p>\n<p>\u0160eit ir piecas galven\u0101s m\u016bsu produktu un uz\u0146\u0113muma priek\u0161roc\u012bbas:<\/p>\n<ol>\n<li>Pla\u0161s produktu kl\u0101sts: M\u0113s pied\u0101v\u0101jam pla\u0161u hidraulisko cilindru kl\u0101stu, tostarp regul\u0113jamus skavu tipa cilindrus, kas ir piem\u0113roti da\u017e\u0101diem celtniec\u012bbas tehnikas pielietojumiem.<\/li>\n<li>Stingri kvalit\u0101tes standarti: Izveidojot ilgtermi\u0146a un stabilas sadarb\u012bbas attiec\u012bbas ar augstas kvalit\u0101tes pieg\u0101d\u0101t\u0101jiem gan viet\u0113j\u0101, gan starptautisk\u0101 m\u0113rog\u0101, m\u0113s nodro\u0161in\u0101m, ka visas pieg\u0101d\u0101t\u0101s deta\u013cas atbilst stingriem kvalit\u0101tes standartiem.<\/li>\n<li>Pieredz\u0113jusi p\u0101rdo\u0161anas komanda: M\u016bsu p\u0101rdo\u0161anas komandai ir padzi\u013cin\u0101tas zin\u0101\u0161anas par celtniec\u012bbas tehnikas nozares att\u012bst\u012bbas tendenc\u0113m un klientu vajadz\u012bb\u0101m. Vi\u0146i var sniegt profesion\u0101las produktu konsult\u0101cijas un pied\u0101v\u0101t p\u0101rdom\u0101tus pirk\u0161anas ieteikumus.<\/li>\n<li>Efekt\u012bva lo\u0123istikas izplat\u012b\u0161ana: Esam ieviesu\u0161i efekt\u012bvu lo\u0123istikas izplat\u012b\u0161anas sist\u0113mu, lai garant\u0113tu, ka klienti savlaic\u012bgi un prec\u012bzi sa\u0146em nepiecie\u0161am\u0101s deta\u013cas.<\/li>\n<li>Augst\u0101k\u0101 l\u012bme\u0146a piederumi: Papildus hidrauliskajiem cilindriem m\u0113s pied\u0101v\u0101jam ar\u012b virkni augst\u0101k\u0101 l\u012bme\u0146a piederumu, kas ir izstr\u0101d\u0101ti, lai perfekti papildin\u0101tu m\u016bsu produktus. \u0160ie piederumi v\u0113l vair\u0101k uzlabo celtniec\u012bbas tehnikas veiktsp\u0113ju un efektivit\u0101ti.<\/li>\n<\/ol>\n<p>Izv\u0113lieties FMP k\u0101 savu uzticamo partneri b\u016bvniec\u012bbas tehnikas nozar\u0113. Sazinieties ar mums jau \u0161odien, lai uzzin\u0101tu, k\u0101 m\u016bsu augstas kvalit\u0101tes hidrauliskie cilindri var atbilst j\u016bsu \u012bpa\u0161aj\u0101m pras\u012bb\u0101m un veicin\u0101t j\u016bsu projektu pan\u0101kumus.<\/p>\n<h4>Bie\u017ei uzdotie jaut\u0101jumi<\/h4>\n<p><strong>J: K\u0101ds ir divk\u0101r\u0161\u0101s darb\u012bbas hidraulisk\u0101 cilindra pieg\u0101des laiks?<\/strong><br \/>\nA: Visp\u0101r\u0113jais pieg\u0101des laiks ir 25\u201335 dienas atkar\u012bb\u0101 no pre\u010du pieejam\u012bbas noliktav\u0101 un pieg\u0101des vietas.<\/p>\n<p><strong>J: Vai es varu sa\u0146emt hidraulisk\u0101 cilindra paraugu?<\/strong><br \/>\nA: J\u0101, m\u0113s pied\u0101v\u0101jam paraugus, bet tie ir maksas. L\u016bdzu, sazinieties ar mums, lai uzzin\u0101tu vair\u0101k.<\/p>\n<p><strong>J: Vai hidraulisko cilindru var piel\u0101got atbilsto\u0161i \u012bpa\u0161\u0101m pras\u012bb\u0101m?<\/strong><br \/>\nA: J\u0101, m\u0113s pied\u0101v\u0101jam piel\u0101go\u0161anas iesp\u0113jas. J\u016bs varat sniegt mums savas specifik\u0101cijas vai tehniskos ras\u0113jumus, un m\u0113s varam tos izgatavot atbilsto\u0161i.<\/p>\n<p><img decoding=\"async\" src=\"https:\/\/img.jiansujichilun.com\/img\/hydrauliccylinders\/B_hydrauliccylinders-5.webp\" alt=\"hidrauliskais cilindrs\" width=\"800\" title=\"\"><\/p>\n<p>Autors: CX<\/p>","protected":false},"excerpt":{"rendered":"<p>Introducing Hot Sale 1200mm Stroke Hydraulic Cylinder Double Acting Hydraulic Cylinder For Tractor: The Hot Sale 1200mm Stroke Hydraulic Cylinder Double Acting Hydraulic Cylinder For Tractor is a high-quality, efficient hydraulic cylinder designed specifically for use in tractors. With a stroke length of 1200mm, this cylinder offers extended reach and precise control for various tractor [&hellip;]<\/p>","protected":false},"featured_media":1336,"comment_status":"closed","ping_status":"closed","template":"","meta":{"_et_pb_use_builder":"","_et_pb_old_content":"","_et_gb_content_width":""},"product_brand":[],"product_cat":[39],"product_tag":[41,34],"class_list":{"0":"post-1374","1":"product","2":"type-product","3":"status-publish","4":"has-post-thumbnail","6":"product_cat-adjustable-clevis-type-cylinders","7":"product_tag-adjustable-clevis-type-cylinders","8":"product_tag-hydraulic-cylinder","10":"first","11":"instock","12":"product-type-simple"},"_links":{"self":[{"href":"https:\/\/fmp-components.com\/lv\/wp-json\/wp\/v2\/product\/1374","targetHints":{"allow":["GET"]}}],"collection":[{"href":"https:\/\/fmp-components.com\/lv\/wp-json\/wp\/v2\/product"}],"about":[{"href":"https:\/\/fmp-components.com\/lv\/wp-json\/wp\/v2\/types\/product"}],"replies":[{"embeddable":true,"href":"https:\/\/fmp-components.com\/lv\/wp-json\/wp\/v2\/comments?post=1374"}],"wp:featuredmedia":[{"embeddable":true,"href":"https:\/\/fmp-components.com\/lv\/wp-json\/wp\/v2\/media\/1336"}],"wp:attachment":[{"href":"https:\/\/fmp-components.com\/lv\/wp-json\/wp\/v2\/media?parent=1374"}],"wp:term":[{"taxonomy":"product_brand","embeddable":true,"href":"https:\/\/fmp-components.com\/lv\/wp-json\/wp\/v2\/product_brand?post=1374"},{"taxonomy":"product_cat","embeddable":true,"href":"https:\/\/fmp-components.com\/lv\/wp-json\/wp\/v2\/product_cat?post=1374"},{"taxonomy":"product_tag","embeddable":true,"href":"https:\/\/fmp-components.com\/lv\/wp-json\/wp\/v2\/product_tag?post=1374"}],"curies":[{"name":"wp","href":"https:\/\/api.w.org\/{rel}","templated":true}]}}